{"id":133,"date":"2025-04-14T15:45:26","date_gmt":"2025-04-14T15:45:26","guid":{"rendered":"http:\/\/sarms-draft.local\/?page_id=133"},"modified":"2025-11-18T19:15:07","modified_gmt":"2025-11-18T18:15:07","slug":"lieferung","status":"publish","type":"page","link":"https:\/\/sarms-sport.com\/de\/lieferung\/","title":{"rendered":"Lieferung"},"content":{"rendered":"\n<h1 class=\"wp-block-heading\">Bestellung und Lieferung von SARMs in Europa<\/h1>\n\n\n\n<p>Schnelle, sichere und bequeme Lieferung \u00fcberall in Europa direkt bis an Ihre Haust\u00fcr<\/p>\n\n\n\n<p><strong>Wie bestellt man?<\/strong><strong><br><\/strong> Sie k\u00f6nnen SARMs einfach und schnell \u00fcber unsere Webseite bestellen. Gehen Sie dazu in unseren Produktkatalog, w\u00e4hlen Sie das gew\u00fcnschte Produkt aus und f\u00fcgen Sie es dem Warenkorb hinzu. Danach f\u00fcllen Sie das kurze Bestellformular aus, geben Ihre Lieferadresse und Kontaktdaten ein. Nach Abschluss der Bestellung erhalten Sie eine Best\u00e4tigung und eine Trackingnummer zur Sendungsverfolgung.<\/p>\n\n\n\n<p><strong>Besonderheiten der Lieferung in bestimmte L\u00e4nder:<\/strong><\/p>\n\n\n\n<ul class=\"wp-block-list\">\n<li><strong>Deutschland, \u00d6sterreich, Niederlande, Belgien, Frankreich:<\/strong><strong><br><\/strong>\n<ul class=\"wp-block-list\">\n<li>Durchschnittliche Lieferzeit: 7\u201319 Werktage<br><\/li>\n\n\n\n<li>Kosten: zwischen 35 und 40 Euro (abh\u00e4ngig von Gewicht und Kurierdienst).<br><\/li>\n<\/ul>\n<\/li>\n\n\n\n<li><strong>Italien, Spanien, Portugal:<\/strong><strong><br><\/strong>\n<ul class=\"wp-block-list\">\n<li>Durchschnittliche Lieferzeit: 7\u201319 Werktage<br><\/li>\n\n\n\n<li>Versandkosten: zwischen 38 und 45 Euro.<br><\/li>\n<\/ul>\n<\/li>\n\n\n\n<li><strong>Skandinavische L\u00e4nder (Schweden, Norwegen, Finnland, D\u00e4nemark):<\/strong><strong><br><\/strong>\n<ul class=\"wp-block-list\">\n<li>Durchschnittliche Lieferzeit: 7\u201319 Werktage<br><\/li>\n\n\n\n<li>Versandkosten: ab 40 Euro, variieren nach Gewicht und Kurierdienst.<br><\/li>\n<\/ul>\n<\/li>\n\n\n\n<li><strong>Zentral- und Osteuropa (Polen, Tschechien, Ungarn, Slowakei, Baltische L\u00e4nder):<\/strong><strong><br><\/strong>\n<ul class=\"wp-block-list\">\n<li>Lieferzeit: 7\u201319 Werktage<br><\/li>\n\n\n\n<li>Versandkosten: zwischen 35 und 40 Euro.<br><\/li>\n<\/ul>\n<\/li>\n<\/ul>\n\n\n\n<p><strong>Garantie und Verantwortung:<\/strong><strong><br><\/strong> Wir garantieren absolute Vertraulichkeit Ihrer Bestellung sowie eine sichere Verpackung aller Produkte. Alle Pakete sind versichert und k\u00f6nnen jederzeit verfolgt werden. Sollte es zu einer Besch\u00e4digung oder einem Verlust Ihrer Sendung durch den Kurier kommen, \u00fcbernehmen wir volle Verantwortung und erstatten Ihnen entweder den Kaufbetrag oder senden Ihre Bestellung kostenlos erneut.<\/p>\n\n\n\n<p><strong>Zahlungsmethoden:<\/strong><\/p>\n\n\n\n<ul class=\"wp-block-list\">\n<li>Kreditkarte (Visa, MasterCard)<\/li>\n\n\n\n<li>Bank\u00fcberweisung (f\u00fcr Privat- und Firmenkunden)<br><\/li>\n<\/ul>\n\n\n\n<p>Nach erfolgreicher Zahlung erhalten Sie automatisch eine Zahlungsbest\u00e4tigung und eine elektronische Quittung per E-Mail an die bei der Bestellung angegebene Adresse.<\/p>\n\n\n\n<p>Sollten Sie noch Fragen zur Lieferung oder Bestellung haben, k\u00f6nnen Sie sich jederzeit an unseren Kundenservice wenden.<\/p>\n","protected":false},"excerpt":{"rendered":"<p>Bestellung und Lieferung von SARMs in Europa Schnelle, sichere und bequeme Lieferung \u00fcberall in Europa direkt bis an Ihre Haust\u00fcr Wie bestellt man? Sie k\u00f6nnen SARMs einfach und schnell \u00fcber unsere Webseite bestellen. Gehen Sie dazu in unseren Produktkatalog, w\u00e4hlen Sie das gew\u00fcnschte Produkt aus und f\u00fcgen Sie es dem Warenkorb hinzu. Danach f\u00fcllen Sie [&hellip;]<\/p>\n","protected":false},"author":1,"featured_media":0,"parent":0,"menu_order":0,"comment_status":"closed","ping_status":"closed","template":"","meta":{"_acf_changed":false,"footnotes":""},"class_list":["post-133","page","type-page","status-publish","hentry"],"acf":[],"_links":{"self":[{"href":"https:\/\/sarms-sport.com\/de\/wp-json\/wp\/v2\/pages\/133","targetHints":{"allow":["GET"]}}],"collection":[{"href":"https:\/\/sarms-sport.com\/de\/wp-json\/wp\/v2\/pages"}],"about":[{"href":"https:\/\/sarms-sport.com\/de\/wp-json\/wp\/v2\/types\/page"}],"author":[{"embeddable":true,"href":"https:\/\/sarms-sport.com\/de\/wp-json\/wp\/v2\/users\/1"}],"replies":[{"embeddable":true,"href":"https:\/\/sarms-sport.com\/de\/wp-json\/wp\/v2\/comments?post=133"}],"version-history":[{"count":8,"href":"https:\/\/sarms-sport.com\/de\/wp-json\/wp\/v2\/pages\/133\/revisions"}],"predecessor-version":[{"id":1628,"href":"https:\/\/sarms-sport.com\/de\/wp-json\/wp\/v2\/pages\/133\/revisions\/1628"}],"wp:attachment":[{"href":"https:\/\/sarms-sport.com\/de\/wp-json\/wp\/v2\/media?parent=133"}],"curies":[{"name":"wp","href":"https:\/\/api.w.org\/{rel}","templated":true}]}}