{"id":1196,"date":"2025-04-29T15:23:21","date_gmt":"2025-04-29T13:23:21","guid":{"rendered":"https:\/\/sarms-sport.com\/andarino-zillt-medicine-andarine-s4\/"},"modified":"2025-12-25T17:52:28","modified_gmt":"2025-12-25T16:52:28","slug":"andarino-zillt-medicine-andarine-s4","status":"publish","type":"product","link":"https:\/\/sarms-sport.com\/de\/andarino-zillt-medicine-andarine-s4\/","title":{"rendered":"Andarino Zillt Medicine (Andarine S4)"},"content":{"rendered":"<table>\n<tbody>\n<tr>\n<td style=\"text-align: center;\"><strong>Name<\/strong><\/td>\n<td style=\"text-align: center;\"><strong>Typ<\/strong><\/td>\n<td style=\"text-align: center;\"><strong>Haupteffekte<\/strong><\/td>\n<td style=\"text-align: center;\"><strong>Nebenwirkungen<\/strong><\/td>\n<td style=\"text-align: center;\"><strong>Testosteron-Unterdr\u00fcckung<\/strong><\/td>\n<td style=\"text-align: center;\"><strong>Typischer Zyklus<\/strong><\/td>\n<td style=\"text-align: center;\"><strong>Am besten geeignet f\u00fcr<\/strong><\/td>\n<td style=\"text-align: center;\"><strong>Halbwertszeit<\/strong><\/td>\n<td style=\"text-align: center;\"><strong>Wirkeintritt<\/strong><\/td>\n<td style=\"text-align: center;\"><strong>PCT ben\u00f6tigt<\/strong><\/td>\n<td style=\"text-align: center;\"><strong>Toxizit\u00e4t<\/strong><\/td>\n<\/tr>\n<tr>\n<td style=\"text-align: center;\"><a href=\"https:\/\/sarms-sport.com\/de\/andarino-zillt-medicine-andarine-s4\/\"><strong>Andarine (S-4)<\/strong><\/a><\/td>\n<td>SARM<\/td>\n<td>Fettabbau, Muskelh\u00e4rte, Kraftsteigerung<\/td>\n<td>Sichtverf\u00e4rbungen<\/td>\n<td>Mittel<\/td>\n<td>6\u20138 Wochen<\/td>\n<td>Cutting, Rekomp<\/td>\n<td>~4 Stunden<\/td>\n<td>7\u201310 Tage<\/td>\n<td>Ja<\/td>\n<td>Niedrig<\/td>\n<\/tr>\n<tr>\n<td style=\"text-align: center;\"><a href=\"https:\/\/sarms-sport.com\/de\/cardarino-zillt-medicine-cardarine-gw-501516\/\"><strong>Cardarine (GW-501516)<\/strong><\/a><\/td>\n<td>PPAR\u03b4-Agonist<\/td>\n<td>Ausdauersteigerung, Fettoxidation, verbesserter Stoffwechsel<\/td>\n<td>M\u00f6gliche Risiken bei hohen Dosierungen<\/td>\n<td>Keine<\/td>\n<td>6\u201312 Wochen<\/td>\n<td>Cutting, Ausdauer<\/td>\n<td>16\u201324 Stunden<\/td>\n<td>3\u20135 Tage<\/td>\n<td>Nein<\/td>\n<td>Sehr niedrig<\/td>\n<\/tr>\n<tr>\n<td style=\"text-align: center;\"><a href=\"https:\/\/sarms-sport.com\/de\/ibutamoreno-zillt-medicine-ibutamoren-mk-677\/\"><strong>Ibutamoren (MK-677)<\/strong><\/a><\/td>\n<td>GH-Sekretagog<\/td>\n<td>Erh\u00f6ht GH\/IGF-1, Erholung, verbessert Schlaf<\/td>\n<td>Erh\u00f6hter Appetit, Wassereinlagerungen<\/td>\n<td>Keine<\/td>\n<td>8\u201316 Wochen<\/td>\n<td>Bulking, Regeneration<\/td>\n<td>20\u201324 Stunden<\/td>\n<td>5\u20137 Tage<\/td>\n<td>Nein<\/td>\n<td>Niedrig<\/td>\n<\/tr>\n<tr>\n<td style=\"text-align: center;\"><a href=\"https:\/\/sarms-sport.com\/de\/ligandrolo-zillt-medicine-ligandrol-lgd-4033\/\"><strong>Ligandrol (LGD-4033)<\/strong><\/a><\/td>\n<td>SARM<\/td>\n<td>Muskel- und Kraftzuwachs, schnellere Erholung<\/td>\n<td>Starke Unterdr\u00fcckung<\/td>\n<td>Hoch<\/td>\n<td>6\u20138 Wochen<\/td>\n<td>Bulking<\/td>\n<td>24\u201336 Stunden<\/td>\n<td>7\u201310 Tage<\/td>\n<td>Ja<\/td>\n<td>Niedrig<\/td>\n<\/tr>\n<tr>\n<td style=\"text-align: center;\"><a href=\"https:\/\/sarms-sport.com\/de\/ostarino-zillt-medicine-ostarine-mk-2866\/\"><strong>Ostarine (MK-2866)<\/strong><\/a><\/td>\n<td>SARM<\/td>\n<td>Magere Masse, Gelenkunterst\u00fctzung, milde Rekomp<\/td>\n<td>Leichte Unterdr\u00fcckung<\/td>\n<td>Niedrig<\/td>\n<td>6\u20138 Wochen<\/td>\n<td>Rekomposition<\/td>\n<td>24 Stunden<\/td>\n<td>10\u201314 Tage<\/td>\n<td>Nein<\/td>\n<td>Sehr niedrig<\/td>\n<\/tr>\n<tr>\n<td style=\"text-align: center;\"><a href=\"https:\/\/sarms-sport.com\/de\/s23-zillt-medicine-mastorin-s23\/\"><strong>Mastorin (S-23)<\/strong><\/a><\/td>\n<td>Starkes SARM<\/td>\n<td>Kraft, trockene dichte Muskulatur, starke H\u00e4rtung<\/td>\n<td>Sehr starke Unterdr\u00fcckung<\/td>\n<td>Sehr hoch<\/td>\n<td>4\u20136 Wochen<\/td>\n<td>Fortgeschrittenes Cutting, Kraft<\/td>\n<td>~12 Stunden<\/td>\n<td>3\u20137 Tage<\/td>\n<td>Ja<\/td>\n<td>Mittel<\/td>\n<\/tr>\n<tr>\n<td style=\"text-align: center;\"><a href=\"https:\/\/sarms-sport.com\/de\/stenabolo-zillt-medicine-stenabolic-sr-9009\/\"><strong>Stenabolic (SR-9009)<\/strong><\/a><\/td>\n<td>Rev-ERB-Agonist<\/td>\n<td>Stoffwechselsteigerung, Fettabbau, Ausdauer<\/td>\n<td>H\u00e4ufige Einnahme erforderlich<\/td>\n<td>Keine<\/td>\n<td>6\u201310 Wochen<\/td>\n<td>Cutting<\/td>\n<td>1\u20132 Stunden<\/td>\n<td>2\u20134 Tage<\/td>\n<td>Nein<\/td>\n<td>Sehr niedrig<\/td>\n<\/tr>\n<tr>\n<td style=\"text-align: center;\"><a href=\"https:\/\/sarms-sport.com\/de\/testolono-zillt-medicine-testolone-rad-140\/\"><strong>Testolone (RAD-140)<\/strong><\/a><\/td>\n<td>SARM<\/td>\n<td>Kraftzuwachs, Muskelmasse, antikatabole Wirkung<\/td>\n<td>Unterdr\u00fcckung, Reizbarkeit<\/td>\n<td>Hoch<\/td>\n<td>6\u20138 Wochen<\/td>\n<td>Bulking, Kraft<\/td>\n<td>~60 Stunden<\/td>\n<td>5\u20137 Tage<\/td>\n<td>Ja<\/td>\n<td>Niedrig\u2013mittel<\/td>\n<\/tr>\n<tr>\n<td style=\"text-align: center;\"><a href=\"https:\/\/sarms-sport.com\/de\/yk-11-zillt-medicine-myostan-yk11\/\"><strong>Myostan (YK-11)<\/strong><\/a><\/td>\n<td>Myostatin-Hemmer<\/td>\n<td>Schneller Kraftzuwachs, beschleunigte Hypertrophie, dichte Muskulatur<\/td>\n<td>Leberbelastung, Aggression<\/td>\n<td>Hoch<\/td>\n<td>4\u20138 Wochen<\/td>\n<td>Bulking, Kraft<\/td>\n<td>6\u201310 Stunden<\/td>\n<td>5\u20137 Tage<\/td>\n<td>Ja<\/td>\n<td>Mittel\u2013hoch<\/td>\n<\/tr>\n<\/tbody>\n<\/table>\n<h2>Was ist S4 (Andarine)?<\/h2>\n<p>S4 Andarine ist einer der bekanntesten und am h\u00e4ufigsten verwendeten selektiven Androgenrezeptor-Modulatoren und von der FDA zugelassen. Es wurde zum Schutz der fettfreien Muskelmasse bei gleichzeitiger Steigerung des Fettabbaus entwickelt. Obwohl Andarine S4 urspr\u00fcnglich zur Behandlung von Muskelschwund und Osteoporose untersucht wurde, hat es aufgrund seiner leistungssteigernden Eigenschaften auch bei Sportlern einige Popularit\u00e4t erlangt.<\/p>\n<p>Es hat sich gezeigt, dass es zu einem verbesserten Muskeltonus und einer besseren Definition f\u00fchrt, ohne die Nebenwirkungen von Wassereinlagerungen, die bei Anabolika auftreten. In der praktischen Anwendung f\u00fchrt S4 zu drei wichtigen Ergebnissen:<\/p>\n<ul>\n<li>Andarine synthetisiert Protein mit einer h\u00f6heren Rate, was zu einer schnelleren Muskelregeneration und einem schnelleren Muskelwachstum nach dem Training f\u00fchrt.<\/li>\n<li>Anstatt sich auf die Energie aus der Nahrungsaufnahme zu verlassen, beginnt Ihr K\u00f6rper, die angesammelten Fettdepots zur Energiegewinnung zu nutzen und gleichzeitig das Muskelgewebe zu erhalten.<\/li>\n<li>S4 f\u00f6rdert das Knochenwachstum, was zu einer besseren Ausdauer und einer geringeren Verletzungsgefahr bei hartem Training f\u00fchren kann.<\/li>\n<\/ul>\n<p>Es ist selektiv, was bedeutet, dass es im Gegensatz zu den meisten anderen Hormonen direkt an Muskel- und Knochenrezeptoren bindet, anstatt den Rest des endokrinen Systems zu beeinflussen. Diese Spezifit\u00e4t macht Andarine zu einer \u00e4u\u00dferst attraktiven Option f\u00fcr diejenigen, die versuchen, ihre Muskelmasse ohne Nebenwirkungen zu steigern.<\/p>\n<h2>Wie S4 (Andarine) wirkt<\/h2>\n<p>Bei der Einnahme von S4 Andarine beginnt die Verbindung, sich an Androgenrezeptoren in Ihren Knochen und Muskeln zu binden. Diese Androgenrezeptoren sind wichtig f\u00fcr das Muskelwachstum, die Reparatur und die Aufrechterhaltung der Kraft. Andarine aktiviert die gleiche Art von anaboler Aktivit\u00e4t, f\u00fcr die Testosteron bekannt ist, ohne viele der negativen hormonellen Auswirkungen.<\/p>\n<p>Der Hauptunterschied zwischen S4 und anderen Steroiden besteht darin, dass es sowohl die Kraft als auch die Definition erh\u00f6ht. S4 hilft Ihnen nicht nur beim Muskelaufbau, sondern unterst\u00fctzt den K\u00f6rper auch dabei, mageres Gewebe zu erhalten und Fett zu verbrennen. Aus diesem Grund ist es ein g\u00e4ngiges SARM f\u00fcr Schneidezyklen, wenn das Ziel darin besteht, die Kraft zu erhalten und gleichzeitig ein definierteres, h\u00e4rteres Aussehen zu erreichen.<\/p>\n<p>Ein weiterer interessanter Aspekt von Andarine ist seine Wirkung auf die Knochendichte und die potenzielle Regeneration. Es ist sehr n\u00fctzlich, um st\u00e4rkere Knochen zu unterst\u00fctzen, wenn Sie ein Athlet sind, der mit schweren Gewichten oder hochintensivem Cardio-Training trainiert. Da Andarine eine kurze Halbwertszeit hat, teilen Anwender ihre Dosen normalerweise \u00fcber den Tag auf, um Spitzenwerte und eine konstante Leistung zu erzielen.<\/p>\n<h2>Die wichtigsten Vorteile von S4 (Andarine)<\/h2>\n<p>Einer der Hauptgr\u00fcnde, warum Sportler sich f\u00fcr Andarine S4 entscheiden, ist, dass es ihnen sichtbare Ergebnisse liefert, ohne dass sie aufgebl\u00e4ht aussehen. Es sorgt f\u00fcr den Erhalt schlanker Muskeln, macht den K\u00f6rper jedoch straffer und athletischer. Hier sind einige der wichtigsten Vorteile von Andarine S4 f\u00fcr Sie:<\/p>\n<ol>\n<li><strong>Dichte und Definition der Muskeln<\/strong><br \/>\nS4 l\u00e4sst die Muskeln trocken und ohne Wassereinlagerungen aussehen. Ihre Figur wirkt voller und Ihre Muskelkraft gr\u00f6\u00dfer, insbesondere w\u00e4hrend eines potenziellen Schneide- und Aufbauzyklus. So k\u00f6nnen Sie jede Linie Ihrer Haut zur Geltung bringen.<\/li>\n<li><strong>Fettabbau<\/strong><br \/>\nAndarine kann den K\u00f6rper dazu bef\u00e4higen, Fett durch einen erh\u00f6hten Stoffwechsel effizienter zu verbrennen. Der K\u00f6rper beginnt, w\u00e4hrend des Trainings Fett als Energie zu verbrennen, und gleichzeitig k\u00f6nnen Sie mit Hilfe dieses Mittels auch Fett verlieren und Muskeln erhalten, was f\u00fcr Ihren K\u00f6rper sehr vorteilhaft ist.<\/li>\n<li><strong>Aufbau schlanker Muskeln<\/strong><br \/>\nIm Gegensatz zu vielen anderen SARMs f\u00f6rdert S4 die Bildung von neuem Muskelgewebe, selbst wenn Sie sich im Fettverbrennungsmodus befinden. Dies hilft dem Sportler, auch bei einem Kaloriendefizit Kraft und Muskelvollheit zu bewahren.<\/li>\n<li><strong>Kraftzuwachs<\/strong><br \/>\nDas Kraftniveau bleibt mit S4 bei einem Kaloriendefizit h\u00f6her, wenn auch bei einigen Anwendern auf einem moderaten Niveau. Sportler k\u00f6nnen h\u00e4rter und konsequenter trainieren, selbst wenn sie versuchen, ein Kaloriendefizit zu verstoffwechseln, um ihre Ziele zu erreichen.<\/li>\n<li><strong>Schnellere Erholung<\/strong><br \/>\nNach dem Training f\u00f6rdert Andarine S4 SARM auch Ihre F\u00e4higkeit, sich schneller von Muskelschmerzen zu erholen. Es erleichtert den schnelleren Transport von Sauerstoff zu den Muskeln, was Muskelkater reduzieren und Ihnen helfen kann, schneller zum Training zur\u00fcckzukehren.<\/li>\n<li><strong>Erhaltung der Muskelmasse<\/strong><br \/>\nAndarine erh\u00e4lt die Muskeln, die Sie derzeit haben, im Gegensatz zu vielen anderen Steroiden in einer Definitionsphase. Deshalb ist es eines der zuverl\u00e4ssigeren SARMs in der Vorbereitungsphase, da es eher \u201efitte\u201d als \u201emassige\u201d Ergebnisse erh\u00e4lt.<\/li>\n<li><strong>Kaum bis gar keine Wassereinlagerungen<\/strong><br \/>\nS4 verursacht keine Wassereinlagerungen wie Anabolika, sodass Sie mit Andarine schlank und trocken bleiben. Ihre Fortschritte k\u00f6nnen Sie im Spiegel sehen.<\/li>\n<\/ol>\n<p>Im Allgemeinen verleiht Andarine dem K\u00f6rper ein schlankeres, definierteres und kraftvolleres Aussehen, ohne die mit Steroiden verbundenen Risiken. Deshalb ist es eine gute Wahl f\u00fcr alle, die besser aussehen m\u00f6chten.<\/p>\n<h2>Nebenwirkungen von Andarine<\/h2>\n<p>Was die Nebenwirkungen von Andarine S4 betrifft, so wird die \u00fcberwiegende Mehrheit der Anwender in den meisten F\u00e4llen nur sehr milde Nebenwirkungen erleben, wenn \u00fcberhaupt, und diese nur f\u00fcr kurze Zeit. Es ist jedoch hilfreich zu wissen, was Sie erwartet, um das Pr\u00e4parat sicher und dennoch zuversichtlich einzunehmen:<\/p>\n<ol>\n<li><strong>Sehst\u00f6rungen<\/strong><br \/>\nEinige Personen haben \u00fcber eine leichte Gelbf\u00e4rbung ihres Sehverm\u00f6gens oder Schwierigkeiten bei der Anpassung an helles Licht berichtet. Dies liegt daran, dass Andarine an Rezeptoren in Ihren Augen bindet. Dieser Effekt h\u00e4lt nicht \u00fcber Ihren Zyklus hinaus an und tritt nicht auf, wenn Sie die Einnahme beenden oder die Dosierung reduzieren.<\/li>\n<li><strong>Nat\u00fcrliche Testosteronunterdr\u00fcckung<\/strong><br \/>\nAndarine kann eine leichte Unterdr\u00fcckung Ihres nat\u00fcrlichen Testosterons bewirken. Dies tritt bei den meisten SARMs auf, ist jedoch vollst\u00e4ndig reversibel. Eine kurze PCT-Kur reicht normalerweise aus, um das Testosterongleichgewicht und die Vitalit\u00e4t wiederherzustellen.<\/li>\n<li><strong>Schlafst\u00f6rungen<\/strong><br \/>\nEinige Athleten versp\u00fcren w\u00e4hrend des Zyklus ein Gef\u00fchl von leichterem Schlaf. Nun sind Fl\u00fcssigkeitszufuhr, t\u00e4gliche Ern\u00e4hrung und Ruhegewohnheiten gr\u00f6\u00dftenteils konsistent. Dies hilft in der Regel, diese Symptome zu beseitigen.<\/li>\n<li><strong>Kopfschmerzen oder leichte Reizbarkeit<\/strong><br \/>\nIn den ersten Tagen k\u00f6nnen Kopfschmerzen oder leichte Stimmungsschwankungen auftreten. Diese Nebenwirkungen halten nur kurz an, bis Sie sich an das Pr\u00e4parat gew\u00f6hnt haben.<\/li>\n<li><strong>M\u00fcdigkeit<\/strong><br \/>\nBei l\u00e4ngeren Zyklen kann Andarine SARM zu einer zunehmenden M\u00fcdigkeit und einer Abnahme der Ausdauer f\u00fchren. Durch eine geringere Dosierung des Medikaments wird das Energieniveau normalerweise wieder auf den Ausgangswert zur\u00fcckgef\u00fchrt.<\/li>\n<\/ol>\n<p>S4 ist definitiv eines der SARMs, deren Nebenwirkungen am einfachsten zu handhaben sind. Wenn Sie die empfohlene Dosis einnehmen, k\u00f6nnen Sie die Vorteile von Andarine nutzen und gleichzeitig m\u00f6glichst wenige Nebenwirkungen in Kauf nehmen.<\/p>\n<h2>S4 (Andarine) Dosierung, Zyklusl\u00e4nge und sichere Anwendung<\/h2>\n<p>Die richtige Kombination aus Dosierung und Zyklusl\u00e4nge sorgt f\u00fcr stabile und realistische Ergebnisse. Andarine S4 ist auch f\u00fcr Nutzer mit knappem Budget attraktiv, da es bei gezielter Anwendung dabei helfen kann, Fett abzubauen und Muskeln zu definieren.<\/p>\n<h3>Dosierungsempfehlungen<\/h3>\n<p>Achten Sie beim Training auf die Dosierung und den Zeitpunkt der Einnahme. Die meisten Anf\u00e4nger erzielen bessere Ergebnisse, wenn sie keine h\u00f6here Dosierung einnehmen. F\u00fcr die meisten ist eine Dosierung von 25 mg zweimal t\u00e4glich am besten geeignet. So kann sich der K\u00f6rper allm\u00e4hlich an Andarine gew\u00f6hnen und m\u00f6gliche Nebenwirkungen werden reduziert. Sobald Sie sich an Andarine gew\u00f6hnt haben, k\u00f6nnen Sie die Dosierung von Andarine S4 leicht erh\u00f6hen, aber zu viel kann den K\u00f6rper reizen.<\/p>\n<h3>Zyklusl\u00e4nge<\/h3>\n<p>F\u00fcr die meisten Anwender sind 6\u20138 Wochen ungef\u00e4hr richtig, um mit dem S4-Andarine-Zyklus echte Ergebnisse zu erzielen. Eine Verl\u00e4ngerung des Zyklus mag verlockend sein, aber eine unn\u00f6tige Belastung des Systems bringt wenig Nutzen. Seien Sie konsequent und nehmen Sie Ihre Dosen jeden Tag zur gleichen Zeit ein, um eine stabilere Wirkung zu erzielen. Je konsequenter Sie dabei sind, desto wahrscheinlicher ist es, dass Ihr K\u00f6rper so reagiert, wie Sie es erwarten.<\/p>\n<h3>Tipps zur sicheren Anwendung<\/h3>\n<p>Wenn Sie Andarine kaufen, denken Sie daran, dass Ihr K\u00f6rper mit diesem Medikament \u00dcberstunden macht. Die richtige Unterst\u00fctzung des K\u00f6rpers kann dazu beitragen, Ihre Chancen auf bessere Ergebnisse und mehr Wohlbefinden zu verbessern.<\/p>\n<ul>\n<li>Schlafen Sie nachts ausreichend, da dies f\u00fcr die Muskelregeneration und einen optimalen Hormonhaushalt wichtig ist.<\/li>\n<li>Trinken Sie den ganzen Tag \u00fcber viel Wasser. Dies erleichtert den Transport von N\u00e4hrstoffen, hilft gegen M\u00fcdigkeit und beugt Kr\u00e4mpfen vor.<\/li>\n<li>Nehmen Sie gen\u00fcgend Kalorien zu sich, mit viel Eiwei\u00df und guten Fetten sowie komplexen Kohlenhydraten, um Energie zu tanken und Muskeln aufzubauen.<\/li>\n<\/ul>\n<p>Wenn Sie diese Gewohnheiten entwickeln, werden Sie Ihr Ziel erreichen, schlanke Muskeln aufzubauen und Ihre Figur zu definieren. Au\u00dferdem bleiben Sie gesund und k\u00f6nnen den Zyklus besser vertragen.<\/p>\n<h2>S4-Stacking: Was funktioniert und was nicht<\/h2>\n<p>Das Stacking mit anderen Substanzen kann Ihnen mehr S4 Andarine-Ergebnisse bringen, wenn Sie wissen, wie man es richtig macht. Im Allgemeinen l\u00e4sst sich S4 gut mit milderen Bulking- oder Cutting-Wirkstoffen kombinieren und hilft beim Fettabbau unter Erhalt der Muskelmasse.<\/p>\n<h3>Was funktioniert<\/h3>\n<p>Andarine ist beliebt und liefert die besten Ergebnisse, wenn es mit niedrig dosiertem Testosteron-Enanthate oder milden SARMs der zweiten Generation wie MK-2866 Ostarine und LGD-4033 Ligandrol kombiniert wird.<\/p>\n<h3>Was funktioniert nicht<\/h3>\n<p>Nicht alle Kombinationen sind sicher oder sogar wirksam. Die Mischung aggressiver Medikamente oder mehrerer Elite-SARMs wie RAD-140 Testolone oder YK-11 mit S4 Andarine kann zu einer \u00dcberlastung und st\u00e4rkeren Nebenwirkungen f\u00fchren. Weniger erfahrene Sportler sollten sich auf ein oder zwei zus\u00e4tzliche, nicht aggressive Medikamente beschr\u00e4nken.<\/p>\n<p>Ausgewogenheit und Timing sind hier entscheidend. S4 Andarine kann auch zusammen mit kompatiblen Nahrungserg\u00e4nzungsmitteln wie MK-677 Ibutamoren zur Regeneration oder Peptiden wie BPC-157 zur Unterst\u00fctzung der Gelenkgesundheit und -heilung verwendet werden.<\/p>\n<h2>H\u00e4ufige Anf\u00e4ngerfehler bei der Verwendung von S4 (Andarine)<\/h2>\n<p>Alle Sportler m\u00fcssen irgendwo anfangen, aber gerade wenn es um den Verkauf von Andarine S4 geht, kann das, was Sie nicht tun, Ihre Ergebnisse und Ihre Sicherheit st\u00e4rker beeinflussen als das, was Sie tun. Im Folgenden finden Sie die gr\u00f6\u00dften Fehler, die Sie als Anf\u00e4nger vermeiden sollten.<\/p>\n<ul>\n<li><strong>Sofortige Einnahme einer zu hohen Dosis<\/strong><br \/>\nViele Menschen, die S4 verwenden, scheinen zu glauben, dass man umso schneller Ergebnisse erzielt, je h\u00f6her die Dosis ist, aber das ist bei S4 nicht der Fall. Die Substanz reichert sich langsam an, und eine zu fr\u00fche Erh\u00f6hung der Dosis kann zu Nebenwirkungen wie Sehst\u00f6rungen oder M\u00fcdigkeit f\u00fchren.<\/li>\n<li><strong>\u00dcberschreitung der Zyklusl\u00e4nge<\/strong><br \/>\nEs ist am besten, Andarine S4-Zyklen kurz zu halten, 6 bis 8 Wochen. Es wird nicht empfohlen, den Zyklus zu verl\u00e4ngern, auch nicht um eine Woche, da dies Ihre Hormone stark belastet, insbesondere bei Frauen, die Andarine S4 einnehmen. Machen Sie immer eine Pause, damit sich Ihr K\u00f6rper erholen kann, bevor Sie nach einem Zyklus weitermachen.<\/li>\n<li><strong>Kombination von S4 mit beliebigen Wirkstoffen<\/strong><br \/>\nKombinieren Sie S4 Andarine mit kompatiblen Verbindungen. Wenn Sie S4 zur Fettverbrennung oder Leistungssteigerung verwenden m\u00f6chten, ist es am besten, es mit anderen kompatiblen Verbindungen zu kombinieren, da S4 einen starken Einfluss auf das Energieniveau haben kann. Halten Sie sich besser an den Standard-S4-Andarine-Zyklus und experimentieren Sie nur damit, wenn Sie bereits Erfahrung damit haben.<\/li>\n<li><strong>Schlechte Ern\u00e4hrung und Erholungszeiten<\/strong><br \/>\nSARMs werden Ihre Ern\u00e4hrung oder Ihren Schlaf nicht nachhaltig auf den Kopf stellen. S4 kann bei der Verbrennung von K\u00f6rperfett und dem Aufbau von fettfreier Muskelmasse helfen, aber es braucht Zeit, um sich zu erholen. Sie sollten proteinreiche Mahlzeiten zu sich nehmen, viel Wasser trinken und mindestens 7 Stunden schlafen, damit sich Ihre Muskeln erholen k\u00f6nnen.<\/li>\n<li><strong>Ignorieren von Nebenwirkungen<\/strong><br \/>\nSehst\u00f6rungen, Schwindel und extreme M\u00fcdigkeit sind Anzeichen daf\u00fcr, dass Sie die Einnahme beenden oder reduzieren sollten. Die meisten Nebenwirkungen klingen kurz nach Absetzen des Medikaments ab, und wenn Sie auf Ihren K\u00f6rper h\u00f6ren, wird jeder Zyklus weniger riskant.<\/li>\n<\/ul>\n<p>Jeder macht irgendwann Fehler, besonders wenn er neu ist und sich gerade erst entschieden hat, S4 Andarine zu kaufen. Nehmen Sie sich Zeit, informieren Sie sich \u00fcber Medikamente und h\u00f6ren Sie auf Ihren K\u00f6rper \u2013 das ist der Schl\u00fcssel zum Erfolg.<\/p>\n","protected":false},"excerpt":{"rendered":"<p>Name Typ Haupteffekte Nebenwirkungen Testosteron-Unterdr\u00fcckung Typischer Zyklus Am besten geeignet f\u00fcr Halbwertszeit Wirkeintritt PCT ben\u00f6tigt Toxizit\u00e4t Andarine (S-4) SARM Fettabbau, Muskelh\u00e4rte, Kraftsteigerung Sichtverf\u00e4rbungen Mittel 6\u20138 Wochen Cutting, Rekomp ~4 Stunden 7\u201310 Tage Ja Niedrig Cardarine (GW-501516) PPAR\u03b4-Agonist Ausdauersteigerung, Fettoxidation, verbesserter Stoffwechsel M\u00f6gliche Risiken bei hohen Dosierungen Keine 6\u201312 Wochen Cutting, Ausdauer 16\u201324 Stunden 3\u20135 Tage [&hellip;]<\/p>\n","protected":false},"featured_media":393,"comment_status":"open","ping_status":"closed","template":"","meta":{"_acf_changed":false},"product_brand":[],"product_cat":[47,29],"product_tag":[],"class_list":{"0":"post-1196","1":"product","2":"type-product","3":"status-publish","4":"has-post-thumbnail","6":"product_cat-sarms","7":"product_cat-unkategorisiert","9":"first","10":"instock","11":"shipping-taxable","12":"purchasable","13":"product-type-variable"},"acf":[],"_links":{"self":[{"href":"https:\/\/sarms-sport.com\/de\/wp-json\/wp\/v2\/product\/1196","targetHints":{"allow":["GET"]}}],"collection":[{"href":"https:\/\/sarms-sport.com\/de\/wp-json\/wp\/v2\/product"}],"about":[{"href":"https:\/\/sarms-sport.com\/de\/wp-json\/wp\/v2\/types\/product"}],"replies":[{"embeddable":true,"href":"https:\/\/sarms-sport.com\/de\/wp-json\/wp\/v2\/comments?post=1196"}],"wp:featuredmedia":[{"embeddable":true,"href":"https:\/\/sarms-sport.com\/de\/wp-json\/wp\/v2\/media\/393"}],"wp:attachment":[{"href":"https:\/\/sarms-sport.com\/de\/wp-json\/wp\/v2\/media?parent=1196"}],"wp:term":[{"taxonomy":"product_brand","embeddable":true,"href":"https:\/\/sarms-sport.com\/de\/wp-json\/wp\/v2\/product_brand?post=1196"},{"taxonomy":"product_cat","embeddable":true,"href":"https:\/\/sarms-sport.com\/de\/wp-json\/wp\/v2\/product_cat?post=1196"},{"taxonomy":"product_tag","embeddable":true,"href":"https:\/\/sarms-sport.com\/de\/wp-json\/wp\/v2\/product_tag?post=1196"}],"curies":[{"name":"wp","href":"https:\/\/api.w.org\/{rel}","templated":true}]}}