{"id":1199,"date":"2025-05-05T13:40:59","date_gmt":"2025-05-05T11:40:59","guid":{"rendered":"https:\/\/sarms-sport.com\/cardarino-zillt-medicine-cardarine-gw-501516\/"},"modified":"2025-12-25T17:52:44","modified_gmt":"2025-12-25T16:52:44","slug":"cardarino-zillt-medicine-cardarine-gw-501516","status":"publish","type":"product","link":"https:\/\/sarms-sport.com\/de\/cardarino-zillt-medicine-cardarine-gw-501516\/","title":{"rendered":"Cardarino Zillt Medicine (Cardarine GW-501516)"},"content":{"rendered":"<table>\n<tbody>\n<tr>\n<td style=\"text-align: center;\"><strong>Name<\/strong><\/td>\n<td style=\"text-align: center;\"><strong>Typ<\/strong><\/td>\n<td style=\"text-align: center;\"><strong>Haupteffekte<\/strong><\/td>\n<td style=\"text-align: center;\"><strong>Nebenwirkungen<\/strong><\/td>\n<td style=\"text-align: center;\"><strong>Testosteron-Unterdr\u00fcckung<\/strong><\/td>\n<td style=\"text-align: center;\"><strong>Typischer Zyklus<\/strong><\/td>\n<td style=\"text-align: center;\"><strong>Am besten geeignet f\u00fcr<\/strong><\/td>\n<td style=\"text-align: center;\"><strong>Halbwertszeit<\/strong><\/td>\n<td style=\"text-align: center;\"><strong>Wirkeintritt<\/strong><\/td>\n<td style=\"text-align: center;\"><strong>PCT ben\u00f6tigt<\/strong><\/td>\n<td style=\"text-align: center;\"><strong>Toxizit\u00e4t<\/strong><\/td>\n<\/tr>\n<tr>\n<td style=\"text-align: center;\"><a href=\"https:\/\/sarms-sport.com\/de\/andarino-zillt-medicine-andarine-s4\/\"><strong>Andarine (S-4)<\/strong><\/a><\/td>\n<td>SARM<\/td>\n<td>Fettabbau, Muskelh\u00e4rte, Kraftsteigerung<\/td>\n<td>Sichtverf\u00e4rbungen<\/td>\n<td>Mittel<\/td>\n<td>6\u20138 Wochen<\/td>\n<td>Cutting, Rekomp<\/td>\n<td>~4 Stunden<\/td>\n<td>7\u201310 Tage<\/td>\n<td>Ja<\/td>\n<td>Niedrig<\/td>\n<\/tr>\n<tr>\n<td style=\"text-align: center;\"><a href=\"https:\/\/sarms-sport.com\/de\/cardarino-zillt-medicine-cardarine-gw-501516\/\"><strong>Cardarine (GW-501516)<\/strong><\/a><\/td>\n<td>PPAR\u03b4-Agonist<\/td>\n<td>Ausdauersteigerung, Fettoxidation, verbesserter Stoffwechsel<\/td>\n<td>M\u00f6gliche Risiken bei hohen Dosierungen<\/td>\n<td>Keine<\/td>\n<td>6\u201312 Wochen<\/td>\n<td>Cutting, Ausdauer<\/td>\n<td>16\u201324 Stunden<\/td>\n<td>3\u20135 Tage<\/td>\n<td>Nein<\/td>\n<td>Sehr niedrig<\/td>\n<\/tr>\n<tr>\n<td style=\"text-align: center;\"><a href=\"https:\/\/sarms-sport.com\/de\/ibutamoreno-zillt-medicine-ibutamoren-mk-677\/\"><strong>Ibutamoren (MK-677)<\/strong><\/a><\/td>\n<td>GH-Sekretagog<\/td>\n<td>Erh\u00f6ht GH\/IGF-1, Erholung, verbessert Schlaf<\/td>\n<td>Erh\u00f6hter Appetit, Wassereinlagerungen<\/td>\n<td>Keine<\/td>\n<td>8\u201316 Wochen<\/td>\n<td>Bulking, Regeneration<\/td>\n<td>20\u201324 Stunden<\/td>\n<td>5\u20137 Tage<\/td>\n<td>Nein<\/td>\n<td>Niedrig<\/td>\n<\/tr>\n<tr>\n<td style=\"text-align: center;\"><a href=\"https:\/\/sarms-sport.com\/de\/ligandrolo-zillt-medicine-ligandrol-lgd-4033\/\"><strong>Ligandrol (LGD-4033)<\/strong><\/a><\/td>\n<td>SARM<\/td>\n<td>Muskel- und Kraftzuwachs, schnellere Erholung<\/td>\n<td>Starke Unterdr\u00fcckung<\/td>\n<td>Hoch<\/td>\n<td>6\u20138 Wochen<\/td>\n<td>Bulking<\/td>\n<td>24\u201336 Stunden<\/td>\n<td>7\u201310 Tage<\/td>\n<td>Ja<\/td>\n<td>Niedrig<\/td>\n<\/tr>\n<tr>\n<td style=\"text-align: center;\"><a href=\"https:\/\/sarms-sport.com\/de\/ostarino-zillt-medicine-ostarine-mk-2866\/\"><strong>Ostarine (MK-2866)<\/strong><\/a><\/td>\n<td>SARM<\/td>\n<td>Magere Masse, Gelenkunterst\u00fctzung, milde Rekomp<\/td>\n<td>Leichte Unterdr\u00fcckung<\/td>\n<td>Niedrig<\/td>\n<td>6\u20138 Wochen<\/td>\n<td>Rekomposition<\/td>\n<td>24 Stunden<\/td>\n<td>10\u201314 Tage<\/td>\n<td>Nein<\/td>\n<td>Sehr niedrig<\/td>\n<\/tr>\n<tr>\n<td style=\"text-align: center;\"><a href=\"https:\/\/sarms-sport.com\/de\/s23-zillt-medicine-mastorin-s23\/\"><strong>Mastorin (S-23)<\/strong><\/a><\/td>\n<td>Starkes SARM<\/td>\n<td>Kraft, trockene dichte Muskulatur, starke H\u00e4rtung<\/td>\n<td>Sehr starke Unterdr\u00fcckung<\/td>\n<td>Sehr hoch<\/td>\n<td>4\u20136 Wochen<\/td>\n<td>Fortgeschrittenes Cutting, Kraft<\/td>\n<td>~12 Stunden<\/td>\n<td>3\u20137 Tage<\/td>\n<td>Ja<\/td>\n<td>Mittel<\/td>\n<\/tr>\n<tr>\n<td style=\"text-align: center;\"><a href=\"https:\/\/sarms-sport.com\/de\/stenabolo-zillt-medicine-stenabolic-sr-9009\/\"><strong>Stenabolic (SR-9009)<\/strong><\/a><\/td>\n<td>Rev-ERB-Agonist<\/td>\n<td>Stoffwechselsteigerung, Fettabbau, Ausdauer<\/td>\n<td>H\u00e4ufige Einnahme erforderlich<\/td>\n<td>Keine<\/td>\n<td>6\u201310 Wochen<\/td>\n<td>Cutting<\/td>\n<td>1\u20132 Stunden<\/td>\n<td>2\u20134 Tage<\/td>\n<td>Nein<\/td>\n<td>Sehr niedrig<\/td>\n<\/tr>\n<tr>\n<td style=\"text-align: center;\"><a href=\"https:\/\/sarms-sport.com\/de\/testolono-zillt-medicine-testolone-rad-140\/\"><strong>Testolone (RAD-140)<\/strong><\/a><\/td>\n<td>SARM<\/td>\n<td>Kraftzuwachs, Muskelmasse, antikatabole Wirkung<\/td>\n<td>Unterdr\u00fcckung, Reizbarkeit<\/td>\n<td>Hoch<\/td>\n<td>6\u20138 Wochen<\/td>\n<td>Bulking, Kraft<\/td>\n<td>~60 Stunden<\/td>\n<td>5\u20137 Tage<\/td>\n<td>Ja<\/td>\n<td>Niedrig\u2013mittel<\/td>\n<\/tr>\n<tr>\n<td style=\"text-align: center;\"><a href=\"https:\/\/sarms-sport.com\/de\/yk-11-zillt-medicine-myostan-yk11\/\"><strong>Myostan (YK-11)<\/strong><\/a><\/td>\n<td>Myostatin-Hemmer<\/td>\n<td>Schneller Kraftzuwachs, beschleunigte Hypertrophie, dichte Muskulatur<\/td>\n<td>Leberbelastung, Aggression<\/td>\n<td>Hoch<\/td>\n<td>4\u20138 Wochen<\/td>\n<td>Bulking, Kraft<\/td>\n<td>6\u201310 Stunden<\/td>\n<td>5\u20137 Tage<\/td>\n<td>Ja<\/td>\n<td>Mittel\u2013hoch<\/td>\n<\/tr>\n<\/tbody>\n<\/table>\n<h2>Was ist Cardarine (GW-501516)?<\/h2>\n<p>Cardarine GW501516 ist eine in der Bodybuilding-Welt bekannte Verbindung, die die Ausdauer und Fettverbrennung F\u00e4higkeit des Anwenders verbessert. Es interagiert nicht mit Hormonen und verursacht keine Testosteron Unterdr\u00fccken, sodass es sowohl f\u00fcr M\u00e4nner als auch f\u00fcr Frauen geeignet ist.<\/p>\n<p>Das Medikament wurde urspr\u00fcnglich zur Behandlung von Stoffwechsel- und Herz-Kreislauf-Erkrankungen entwickelt. Es ist bekannt f\u00fcr seine ausdauer steigernden und schlanken, muskul\u00f6sen Eigenschaften, weshalb es in der Fitnesskultur weit verbreitet ist.<\/p>\n<p>Dar\u00fcber hinaus gilt das Cardarine pr\u00e4parat als n\u00fctzliches Medikament f\u00fcr Bodybuilder, die hochintensives Training mit Fettverbrennung kombinieren. Es eignet sich auch hervorragend zur Verl\u00e4ngerung der Trainingsdauer und zur Verbesserung der Gesundheit bei gleichzeitiger Erhaltung eines gesunden K\u00f6rperbaus.<\/p>\n<h2>Wie Cardarine (GW-501516) wirkt<\/h2>\n<p>Cardarine hat keine muskelaufbauende Wirkung wie anabole SARMs. Stattdessen aktiviert es die Rezeptoren Ihrer Muskeln und erh\u00f6ht die Sauerstoff- und Fetts\u00e4ure Verwertung durch den K\u00f6rper. Dies macht Ihr Energiesystem effizienter und erm\u00f6glicht Ihnen ein intensiveres Training, ohne dass Sie m\u00fcde werden.<\/p>\n<p>Nachfolgend sehen Sie, wie der Stoffwechsel des K\u00f6rpers durch Ver\u00e4nderungen durch Cardarine SARM beeinflusst wird:<\/p>\n<ul>\n<li>Erh\u00f6hte allgemeine Ausdauer, da Sie den Sauerstoff in Ihren Muskeln effizienter nutzen.<\/li>\n<li>Ver\u00e4ndert Ihren Stoffwechsel, sodass Sie statt Kohlenhydraten haupts\u00e4chlich Fett verbrennen.<\/li>\n<li>Schnellere Erholung des K\u00f6rpers, um die Leistung beim n\u00e4chsten Training im Fitnessstudio zu optimieren.<\/li>\n<\/ul>\n<p>Aufgrund dieser Effekte sind die Ergebnisse von Cardarine normalerweise innerhalb der ersten Wochen zu beobachten. In Kombination mit einer guten Ern\u00e4hrung kann Cardarine Ihnen helfen, jedes Training zu maximieren und gleichzeitig Ihren K\u00f6rper schlank und voller Energie zu halten.<\/p>\n<h2>Vorteile von Cardarine (GW-501516)<\/h2>\n<p>Cardarine ist kein Stimulans und auch kein klassischer Fatburner. Es ist ein wirkungsvolles Produkt, das die Art und Weise ver\u00e4ndert, wie Ihr K\u00f6rper Energie verbraucht. Hier sind die sieben gro\u00dfen Vorteile von Cardarine f\u00fcr alle Sportler:<\/p>\n<ol>\n<li><strong>Steigert die Ausdauer<\/strong><br \/>\nDas Medikament erh\u00f6ht die Widerstandsf\u00e4higkeit des K\u00f6rpers gegen\u00fcber lang andauernden Trainingseinheiten. Anwender berichten oft, dass sie nun bei intensiveren Cardio- oder l\u00e4ngeren Krafttrainingseinheiten Fett verbrennen k\u00f6nnen. Das ist ein gro\u00dfer Gewinn f\u00fcr jeden L\u00e4ufer.<\/li>\n<li><strong>Schnellerer Fettabbau<\/strong><br \/>\nEs verbessert auch die F\u00e4higkeit, K\u00f6rperfett als Energiequelle zu nutzen. Es hilft Ihnen, Fett abzubauen und Muskeln zu erhalten. Cardarine bietet eine hervorragende Unterst\u00fctzung f\u00fcr eine Abnehmphase, wenn die Person schlank sein m\u00f6chte.<\/li>\n<li><strong>Erhaltung des Gewebes<\/strong><br \/>\nEs baut Ihre Muskeln nicht ab, wie es einige aggressive Fettverbrenner tun, sodass Sie Cardarine GW 50156 tats\u00e4chlich verwenden k\u00f6nnen, um Ihre Kraft und Muskelmasse zu erhalten, w\u00e4hrend Sie sich in einem Kaloriendefizit befinden. Es ist sowohl bei Sportlern beliebt, die stark und definiert aussehen m\u00f6chten.<\/li>\n<li><strong>Verbesserte Regeneration<\/strong><br \/>\nDie Muskeln erholen sich zwischen den Trainingseinheiten schneller, sodass Sie h\u00e4ufiger trainieren k\u00f6nnen. Dies f\u00fchrt auch zu einer allm\u00e4hlichen Verbesserung.<\/li>\n<li><strong>Bessere Durchblutung <\/strong><br \/>\nWenn Sie Fett verlieren und Ihre Muskeln festigen, treten die Venen tendenziell st\u00e4rker hervor. Viele Kunden berichten, dass Cardarine ihnen zu einem schlankeren, athletischeren Aussehen verhilft, ohne dass es zu Wassereinlagerungen kommt.<\/li>\n<li><strong>Mehr Energie und gleichm\u00e4\u00dfigere Konzentration<\/strong><br \/>\nEs hat sich gezeigt, dass Cardarine Ihren Energiestoffwechsel stabilisiert. Sie f\u00fchlen sich den ganzen Tag \u00fcber lebendiger und konzentrierter, ohne die Nebenwirkungen, die manchmal bei Stimulanzien auftreten.<\/li>\n<li><strong>Keine Unterdr\u00fcckung von Hormonen<\/strong><br \/>\nDas Wichtigste ist, dass Cardarine weder Testosteron noch \u00d6strogen unterdr\u00fcckt. Das bedeutet, dass es zu keinen hormonellen Einbr\u00fcchen kommt und die Erholungszeit am Ende des Zyklus sehr gering ist.<\/li>\n<\/ol>\n<p>Zusammenfassend l\u00e4sst sich sagen, dass Cardarine f\u00fcr Personen n\u00fctzlich ist, die K\u00f6rperfett verlieren und Muskeln erhalten m\u00f6chten. Es handelt sich um eine reine Substanz, die jedem Profisportler oder durchschnittlichen Menschen, der ins Fitnessstudio geht, hilft.<\/p>\n<h2>Nebenwirkungen von Cardarine<\/h2>\n<p>Die Mehrheit derjenigen, die Cardarine zum ersten Mal verwenden, empfinden es in moderaten Dosen als sehr vertr\u00e4glich, aber es k\u00f6nnte komplizierter werden, wenn das Medikament \u00fcber einen l\u00e4ngeren Zeitraum eingenommen wird. Nebenwirkungen von Cardarine sind nicht sehr h\u00e4ufig, aber dennoch k\u00f6nnen auch bei Ihnen folgende auftreten:<\/p>\n<ol>\n<li><strong>\u00dcbelkeit und Durchfall<\/strong><br \/>\nManche Menschen versp\u00fcren zu Beginn der Einnahme \u00dcbelkeit oder leichte Kr\u00e4mpfe, insbesondere bei hohen Dosen. Es ist gut zu wissen, dass eine niedrige Anfangsdosis f\u00fcr Ihren K\u00f6rper gesund ist, wenn Sie nicht daran gew\u00f6hnt sind, etwas \u00c4hnliches einzunehmen.<\/li>\n<li><strong>Kopfschmerzen oder M\u00fcdigkeit<\/strong><br \/>\nDehydrierung und \u00fcberm\u00e4\u00dfiges Training k\u00f6nnen Kopfschmerzen und M\u00fcdigkeit verursachen. Beides l\u00e4sst sich leicht verhindern und wieder beheben.<\/li>\n<li><strong>Schlafst\u00f6rungen<\/strong><br \/>\nEs wurde berichtet, dass manche Menschen nicht schlafen k\u00f6nnen, wenn sie das Medikament zu sp\u00e4t am Abend einnehmen. Aus gutem Grund sollte das Medikament fr\u00fcher am Tag eingenommen werden, um das Risiko zu verringern, nachts aufzuwachen.<\/li>\n<li><strong>M\u00f6gliche Auswirkungen auf die langfristige Gesundheit<\/strong><br \/>\nCardarine GW 50156 gab in Tierversuchen Anlass zu einigen Bedenken, aber die in den Studien verwendeten Dosen waren exponentiell h\u00f6her als die, die bei Menschen angewendet werden. Dennoch ist es ratsam, die Zyklen nicht zu \u00fcbertreiben und bei l\u00e4ngerer Anwendung nicht zu viel Druck auszu\u00fcben.<\/li>\n<li><strong>Schwankende Produktqualit\u00e4t<\/strong><br \/>\nWenn Sie von einer dubiosen Quelle kaufen, ist die Wahrscheinlichkeit gr\u00f6\u00dfer, dass Sie betrogen werden. Kaufen Sie Cardarine immer von einer seri\u00f6sen Quelle, um echte, im Labor getestete Produkte zu erhalten.<\/li>\n<\/ol>\n<p>Nur sehr wenige Menschen berichten von Nebenwirkungen bei kurzen Cardarine zyklen. Es gilt nach wie vor als eines der mildesten Medikamente, sodass Sportler sich kaum Sorgen machen m\u00fcssen.<\/p>\n<h2>Cardarine (GW-501516) Dosierung, Zyklusl\u00e4nge und sichere Anwendung<\/h2>\n<p>Dies ist die Art von Medikament, bei der Sie mit ein wenig gesundem Menschenverstand den gr\u00f6\u00dften Nutzen erzielen k\u00f6nnen. Einige Ratschl\u00e4ge zur Wahl der optimalen Dosis und Vorschl\u00e4ge zur Anwendung des Medikaments, um Risiken zu minimieren und den Nutzen zu maximieren.<\/p>\n<h3>Empfohlene Dosierung<\/h3>\n<p>Die Cardarine dosierung, die Sie einnehmen sollten, h\u00e4ngt davon ab, was Sie erreichen m\u00f6chten und wie viel Erfahrung Sie haben. Viele Anf\u00e4nger sagen, dass 10 mg pro Tag ausreichen, um innerhalb von zwei Wochen mehr Ausdauer zu sp\u00fcren und Fett zu verlieren. Fortgeschrittene Anwender k\u00f6nnen die Dosis auf 15\u201320 mg pro Tag erh\u00f6hen, sobald sich ihr K\u00f6rper daran gew\u00f6hnt hat. Erw\u00e4hnenswert ist auch, dass Sie nur eine einzige Tagesdosis ben\u00f6tigen, da die Halbwertszeit des Medikaments kurz ist und zwischen 16 und 24 Stunden liegt.<\/p>\n<p>Die seit langem gestellte Frage von Sportlern lautet, wann Cardarine eingenommen werden sollte. Am besten wird es etwa 30\u201360 Minuten vor dem Training eingenommen. Eine so fr\u00fche Einnahme kann die Ausdauer verbessern und dabei helfen, das Energieniveau aufrechtzuerhalten.<\/p>\n<h3>Zyklusl\u00e4nge<\/h3>\n<p>Cardarine zyklen dauern in der Regel 6 bis 8 Wochen. W\u00e4hrend dieser Zeit k\u00f6nnen Sie sichtbare Ergebnisse in Bezug auf Muskeltonus und Fettabbau erzielen, ohne Ihren K\u00f6rper unn\u00f6tig zu belasten. Eine Verl\u00e4ngerung des Zyklus \u00fcber 10 Wochen hinaus kann gewisse Risiken mit sich bringen.<\/p>\n<p>Nach Abschluss des Zyklus sollten Sie eine Pause von 4 bis 6 Wochen einlegen. So hat Ihr K\u00f6rper Zeit, sich zu erholen und zu entgiften. Auch f\u00fcr Frauen kann Cardarine sicher sein, da es die Testosteronproduktion nicht unterdr\u00fcckt, aber es ist dennoch wichtig, Ihrem K\u00f6rper Zeit zu geben, sich vollst\u00e4ndig zu erholen, um das Gleichgewicht und die Sicherheit zu gew\u00e4hrleisten.<\/p>\n<h3>Tipps f\u00fcr eine sichere Anwendung<\/h3>\n<p>Bei der Einnahme von Cardarine pr\u00e4paraten sollte die Sicherheit immer an erster Stelle stehen. Die folgenden Empfehlungen helfen Ihnen dabei, Ihre Gesundheit zu erhalten:<\/p>\n<ul>\n<li>F\u00fcr optimale Ergebnisse nehmen Sie Cardarine jeden Tag zur gleichen Zeit ein.<\/li>\n<li>Trinken Sie viel Fl\u00fcssigkeit, ern\u00e4hren Sie sich gesund und schlafen Sie ausreichend.<\/li>\n<li>Verwenden Sie dieses Produkt nur dann zusammen mit aggressiveren oder fragw\u00fcrdigen Medikamenten, wenn Sie sich der damit verbundenen Risiken bewusst sind.<\/li>\n<li>Wenn Sie ungew\u00f6hnliche Symptome wie Schwindel, M\u00fcdigkeit oder andere Beschwerden bemerken, stellen Sie die Einnahme ein und konsultieren Sie einen Spezialisten.<\/li>\n<li>Sportler m\u00f6chten immer wissen, wo sie Cardarine kaufen k\u00f6nnen, und die Antwort lautet: bei vertrauensw\u00fcrdigen Anbietern wie unserem Shop. Wir bieten Reinheitsangaben, korrekte Dosierungen und vollst\u00e4ndige Produktinformationen.<\/li>\n<\/ul>\n<p>Wenn Sie bereits SARMs verwendet haben, wissen Sie, dass nicht alle gleich sind, und Cardarine ist ein Paradebeispiel daf\u00fcr. Wenn Sie die oben genannten Anweisungen befolgen, verbessern Sie nicht nur die Qualit\u00e4t Ihrer Erfahrung erheblich, sondern sch\u00fctzen sich auch vor Risiken.<\/p>\n<h2>Cardarine Kombination: Was funktioniert und was nicht<\/h2>\n<p>Die Kombination von Cardarine GW-501516 mit anderen Medikamenten erzeugt einen synergistischen Effekt, den Sie nutzen k\u00f6nnen. Solche Kombinationen und der Zeitpunkt der Verabreichung k\u00f6nnen sich auf die Ausdauer, den Erhalt der Muskelmasse und den Fettabbau auswirken.<\/p>\n<h3>Was funktioniert<\/h3>\n<p>Viele kombinieren Cardarine GW-501516 mit anderen PPAR-Agonisten, entz\u00fcndungshemmenden Medikamenten oder SARMs. Eine Standardkombination ist Cardarine und Ostarine MK-2866 zum Fettabbau. Ebenso ist LGD-4033 Ligandrol ein ausgezeichnetes Steroid, das sich mit Cardarine kombinieren l\u00e4sst, um fettfreie Muskelmasse und Ausdauer zu steigern. Der ultimative Super-Stack f\u00fcr Sportler, die ihre Ausdauer und ihren Fettabbau verbessern m\u00f6chten, ist SR9009 Stenabolic.<\/p>\n<h3>Was nicht funktioniert<\/h3>\n<p>Allerdings sind nicht alle Cardarine-Kombinationen gut oder sicher. Die Kombination mit starken anabolen Steroiden oder mehr als einem starken SARM wie RAD-140 Testolone kann f\u00fcr Ihren K\u00f6rper zu viel sein. Die Kombination mehrerer hochwirksamer Medikamente kann ebenfalls riskant sein.<\/p>\n<p>Daraus l\u00e4sst sich folgern, dass Sie durch den Online-Kauf von Cardarine und die Kombination mit geeigneten, sicheren Wirkstoffen den Fettabbau und die K\u00f6rperzusammensetzung verbessern k\u00f6nnen.<\/p>\n<h2>H\u00e4ufige Anf\u00e4ngerfehler bei der Verwendung von Cardarine (GW-501516)<\/h2>\n<p>Neue Anwender neigen dazu, einige grundlegende Fehler mit SARMs Cardarine zu machen, die entweder den Fortschritt behindern oder das Risiko unerw\u00fcnschter Nebenwirkungen erh\u00f6hen k\u00f6nnen. Das Verst\u00e4ndnis typischer Fehler ist \u00e4u\u00dferst wertvoll, um Ihre Sicherheit zu gew\u00e4hrleisten und die Ergebnisse Ihres Zyklus zu erzielen.<\/p>\n<ul>\n<li><strong>Zu hohe Dosierung<\/strong><br \/>\nViele Anwender glauben f\u00e4lschlicherweise, dass mehr besser ist. Wenn Sie Cardarine \u00fcber der empfohlenen Dosierung einnehmen, kann dies zu einer \u00fcberm\u00e4\u00dfigen Belastung Ihrer Leber und Ihres Herz-Kreislauf-Systems f\u00fchren. Es ist besser, sich an moderate Dosen f\u00fcr Ihren K\u00f6rper zu halten.<\/li>\n<li><strong>Kurze Zyklusdauer<\/strong><br \/>\nDa Cardarine allm\u00e4hlich wirkt, zeigt ein kurzer Zyklus oft keine Ergebnisse. Die empfohlene richtige L\u00e4nge des Zyklus stellt sicher, dass Sie die gew\u00fcnschten Ergebnisse erzielen.<\/li>\n<li><strong>Ignorieren des Zeitpunkts<\/strong><br \/>\nCardarine kann seine Wirksamkeit verlieren, wenn Sie es zu einer ung\u00fcnstigen Tageszeit einnehmen. Die t\u00e4gliche Einnahme von Cardarino von Zilit Medicine zur gleichen Zeit kann dazu beitragen, seine Fettverbrennungs- und Ausdauersteigerungs F\u00e4higkeiten zu maximieren.<\/li>\n<li><strong>Schlechtes Training und schlechte Ern\u00e4hrung<\/strong><br \/>\nSelbst das beste Cardarine kann Ern\u00e4hrung und Training nicht ersetzen. Die Ergebnisse sind viel besser, wenn es mit einer gesunden und ausgewogenen Ern\u00e4hrung und einem regelm\u00e4\u00dfigen Trainingsprogramm kombiniert wird.<\/li>\n<li><strong>Kombination mit gegens\u00e4tzlichen Wirkstoffen<\/strong><br \/>\nWenn Cardarine zusammen mit starken SARMs oder mehreren starken Steroiden eingenommen wird, verst\u00e4rken sich die Nebenwirkungen und die k\u00f6rperliche Belastung. Stattdessen sollte es mit einigen kompatiblen Wirkstoffen kombiniert werden, um bessere Ergebnisse zu erzielen.<\/li>\n<\/ul>\n<p>Wenn Sie diese Fallstricke vermeiden, m\u00fcssen Sie sich weniger Gedanken \u00fcber die Sicherheit bei der Einnahme von Cardarine GW 50156 machen, sehen konsistente Ergebnisse und steigern den Fettabbau bei gleichzeitiger Ausdauer!<\/p>\n","protected":false},"excerpt":{"rendered":"<p>Name Typ Haupteffekte Nebenwirkungen Testosteron-Unterdr\u00fcckung Typischer Zyklus Am besten geeignet f\u00fcr Halbwertszeit Wirkeintritt PCT ben\u00f6tigt Toxizit\u00e4t Andarine (S-4) SARM Fettabbau, Muskelh\u00e4rte, Kraftsteigerung Sichtverf\u00e4rbungen Mittel 6\u20138 Wochen Cutting, Rekomp ~4 Stunden 7\u201310 Tage Ja Niedrig Cardarine (GW-501516) PPAR\u03b4-Agonist Ausdauersteigerung, Fettoxidation, verbesserter Stoffwechsel M\u00f6gliche Risiken bei hohen Dosierungen Keine 6\u201312 Wochen Cutting, Ausdauer 16\u201324 Stunden 3\u20135 Tage [&hellip;]<\/p>\n","protected":false},"featured_media":689,"comment_status":"open","ping_status":"closed","template":"","meta":{"_acf_changed":false},"product_brand":[],"product_cat":[47],"product_tag":[],"class_list":{"0":"post-1199","1":"product","2":"type-product","3":"status-publish","4":"has-post-thumbnail","6":"product_cat-sarms","8":"first","9":"instock","10":"shipping-taxable","11":"purchasable","12":"product-type-variable"},"acf":[],"_links":{"self":[{"href":"https:\/\/sarms-sport.com\/de\/wp-json\/wp\/v2\/product\/1199","targetHints":{"allow":["GET"]}}],"collection":[{"href":"https:\/\/sarms-sport.com\/de\/wp-json\/wp\/v2\/product"}],"about":[{"href":"https:\/\/sarms-sport.com\/de\/wp-json\/wp\/v2\/types\/product"}],"replies":[{"embeddable":true,"href":"https:\/\/sarms-sport.com\/de\/wp-json\/wp\/v2\/comments?post=1199"}],"wp:featuredmedia":[{"embeddable":true,"href":"https:\/\/sarms-sport.com\/de\/wp-json\/wp\/v2\/media\/689"}],"wp:attachment":[{"href":"https:\/\/sarms-sport.com\/de\/wp-json\/wp\/v2\/media?parent=1199"}],"wp:term":[{"taxonomy":"product_brand","embeddable":true,"href":"https:\/\/sarms-sport.com\/de\/wp-json\/wp\/v2\/product_brand?post=1199"},{"taxonomy":"product_cat","embeddable":true,"href":"https:\/\/sarms-sport.com\/de\/wp-json\/wp\/v2\/product_cat?post=1199"},{"taxonomy":"product_tag","embeddable":true,"href":"https:\/\/sarms-sport.com\/de\/wp-json\/wp\/v2\/product_tag?post=1199"}],"curies":[{"name":"wp","href":"https:\/\/api.w.org\/{rel}","templated":true}]}}