{"id":1202,"date":"2025-05-05T13:43:25","date_gmt":"2025-05-05T11:43:25","guid":{"rendered":"https:\/\/sarms-sport.com\/ibutamoreno-zillt-medicine-ibutamoren-mk-677\/"},"modified":"2025-12-25T17:53:03","modified_gmt":"2025-12-25T16:53:03","slug":"ibutamoreno-zillt-medicine-ibutamoren-mk-677","status":"publish","type":"product","link":"https:\/\/sarms-sport.com\/de\/ibutamoreno-zillt-medicine-ibutamoren-mk-677\/","title":{"rendered":"Ibutamoreno Zillt Medicine (Ibutamoren MK-677)"},"content":{"rendered":"<table>\n<tbody>\n<tr>\n<td style=\"text-align: center;\"><strong>Name<\/strong><\/td>\n<td style=\"text-align: center;\"><strong>Typ<\/strong><\/td>\n<td style=\"text-align: center;\"><strong>Haupteffekte<\/strong><\/td>\n<td style=\"text-align: center;\"><strong>Nebenwirkungen<\/strong><\/td>\n<td style=\"text-align: center;\"><strong>Testosteron-Unterdr\u00fcckung<\/strong><\/td>\n<td style=\"text-align: center;\"><strong>Typischer Zyklus<\/strong><\/td>\n<td style=\"text-align: center;\"><strong>Am besten geeignet f\u00fcr<\/strong><\/td>\n<td style=\"text-align: center;\"><strong>Halbwertszeit<\/strong><\/td>\n<td style=\"text-align: center;\"><strong>Wirkeintritt<\/strong><\/td>\n<td style=\"text-align: center;\"><strong>PCT ben\u00f6tigt<\/strong><\/td>\n<td style=\"text-align: center;\"><strong>Toxizit\u00e4t<\/strong><\/td>\n<\/tr>\n<tr>\n<td style=\"text-align: center;\"><a href=\"https:\/\/sarms-sport.com\/de\/andarino-zillt-medicine-andarine-s4\/\"><strong>Andarine (S-4)<\/strong><\/a><\/td>\n<td>SARM<\/td>\n<td>Fettabbau, Muskelh\u00e4rte, Kraftsteigerung<\/td>\n<td>Sichtverf\u00e4rbungen<\/td>\n<td>Mittel<\/td>\n<td>6\u20138 Wochen<\/td>\n<td>Cutting, Rekomp<\/td>\n<td>~4 Stunden<\/td>\n<td>7\u201310 Tage<\/td>\n<td>Ja<\/td>\n<td>Niedrig<\/td>\n<\/tr>\n<tr>\n<td style=\"text-align: center;\"><a href=\"https:\/\/sarms-sport.com\/de\/cardarino-zillt-medicine-cardarine-gw-501516\/\"><strong>Cardarine (GW-501516)<\/strong><\/a><\/td>\n<td>PPAR\u03b4-Agonist<\/td>\n<td>Ausdauersteigerung, Fettoxidation, verbesserter Stoffwechsel<\/td>\n<td>M\u00f6gliche Risiken bei hohen Dosierungen<\/td>\n<td>Keine<\/td>\n<td>6\u201312 Wochen<\/td>\n<td>Cutting, Ausdauer<\/td>\n<td>16\u201324 Stunden<\/td>\n<td>3\u20135 Tage<\/td>\n<td>Nein<\/td>\n<td>Sehr niedrig<\/td>\n<\/tr>\n<tr>\n<td style=\"text-align: center;\"><a href=\"https:\/\/sarms-sport.com\/de\/ibutamoreno-zillt-medicine-ibutamoren-mk-677\/\"><strong>Ibutamoren (MK-677)<\/strong><\/a><\/td>\n<td>GH-Sekretagog<\/td>\n<td>Erh\u00f6ht GH\/IGF-1, Erholung, verbessert Schlaf<\/td>\n<td>Erh\u00f6hter Appetit, Wassereinlagerungen<\/td>\n<td>Keine<\/td>\n<td>8\u201316 Wochen<\/td>\n<td>Bulking, Regeneration<\/td>\n<td>20\u201324 Stunden<\/td>\n<td>5\u20137 Tage<\/td>\n<td>Nein<\/td>\n<td>Niedrig<\/td>\n<\/tr>\n<tr>\n<td style=\"text-align: center;\"><a href=\"https:\/\/sarms-sport.com\/de\/ligandrolo-zillt-medicine-ligandrol-lgd-4033\/\"><strong>Ligandrol (LGD-4033)<\/strong><\/a><\/td>\n<td>SARM<\/td>\n<td>Muskel- und Kraftzuwachs, schnellere Erholung<\/td>\n<td>Starke Unterdr\u00fcckung<\/td>\n<td>Hoch<\/td>\n<td>6\u20138 Wochen<\/td>\n<td>Bulking<\/td>\n<td>24\u201336 Stunden<\/td>\n<td>7\u201310 Tage<\/td>\n<td>Ja<\/td>\n<td>Niedrig<\/td>\n<\/tr>\n<tr>\n<td style=\"text-align: center;\"><a href=\"https:\/\/sarms-sport.com\/de\/ostarino-zillt-medicine-ostarine-mk-2866\/\"><strong>Ostarine (MK-2866)<\/strong><\/a><\/td>\n<td>SARM<\/td>\n<td>Magere Masse, Gelenkunterst\u00fctzung, milde Rekomp<\/td>\n<td>Leichte Unterdr\u00fcckung<\/td>\n<td>Niedrig<\/td>\n<td>6\u20138 Wochen<\/td>\n<td>Rekomposition<\/td>\n<td>24 Stunden<\/td>\n<td>10\u201314 Tage<\/td>\n<td>Nein<\/td>\n<td>Sehr niedrig<\/td>\n<\/tr>\n<tr>\n<td style=\"text-align: center;\"><a href=\"https:\/\/sarms-sport.com\/de\/s23-zillt-medicine-mastorin-s23\/\"><strong>Mastorin (S-23)<\/strong><\/a><\/td>\n<td>Starkes SARM<\/td>\n<td>Kraft, trockene dichte Muskulatur, starke H\u00e4rtung<\/td>\n<td>Sehr starke Unterdr\u00fcckung<\/td>\n<td>Sehr hoch<\/td>\n<td>4\u20136 Wochen<\/td>\n<td>Fortgeschrittenes Cutting, Kraft<\/td>\n<td>~12 Stunden<\/td>\n<td>3\u20137 Tage<\/td>\n<td>Ja<\/td>\n<td>Mittel<\/td>\n<\/tr>\n<tr>\n<td style=\"text-align: center;\"><a href=\"https:\/\/sarms-sport.com\/de\/stenabolo-zillt-medicine-stenabolic-sr-9009\/\"><strong>Stenabolic (SR-9009)<\/strong><\/a><\/td>\n<td>Rev-ERB-Agonist<\/td>\n<td>Stoffwechselsteigerung, Fettabbau, Ausdauer<\/td>\n<td>H\u00e4ufige Einnahme erforderlich<\/td>\n<td>Keine<\/td>\n<td>6\u201310 Wochen<\/td>\n<td>Cutting<\/td>\n<td>1\u20132 Stunden<\/td>\n<td>2\u20134 Tage<\/td>\n<td>Nein<\/td>\n<td>Sehr niedrig<\/td>\n<\/tr>\n<tr>\n<td style=\"text-align: center;\"><a href=\"https:\/\/sarms-sport.com\/de\/testolono-zillt-medicine-testolone-rad-140\/\"><strong>Testolone (RAD-140)<\/strong><\/a><\/td>\n<td>SARM<\/td>\n<td>Kraftzuwachs, Muskelmasse, antikatabole Wirkung<\/td>\n<td>Unterdr\u00fcckung, Reizbarkeit<\/td>\n<td>Hoch<\/td>\n<td>6\u20138 Wochen<\/td>\n<td>Bulking, Kraft<\/td>\n<td>~60 Stunden<\/td>\n<td>5\u20137 Tage<\/td>\n<td>Ja<\/td>\n<td>Niedrig\u2013mittel<\/td>\n<\/tr>\n<tr>\n<td style=\"text-align: center;\"><a href=\"https:\/\/sarms-sport.com\/de\/yk-11-zillt-medicine-myostan-yk11\/\"><strong>Myostan (YK-11)<\/strong><\/a><\/td>\n<td>Myostatin-Hemmer<\/td>\n<td>Schneller Kraftzuwachs, beschleunigte Hypertrophie, dichte Muskulatur<\/td>\n<td>Leberbelastung, Aggression<\/td>\n<td>Hoch<\/td>\n<td>4\u20138 Wochen<\/td>\n<td>Bulking, Kraft<\/td>\n<td>6\u201310 Stunden<\/td>\n<td>5\u20137 Tage<\/td>\n<td>Ja<\/td>\n<td>Mittel\u2013hoch<\/td>\n<\/tr>\n<\/tbody>\n<\/table>\n<h2>Was ist Ibutamoren (MK-677)?<\/h2>\n<p>Ibutamoren MK 677 ist eine synthetische Verbindung, die die Produktion von endogenem Wachstumshormon durch Bindung an den Ghrelin-Rezeptor stimuliert. Es f\u00e4llt nicht in die g\u00e4ngige SARM-Kategorie und wird aufgrund der \u00c4hnlichkeit der Themen h\u00e4ufig mit diesen verglichen, aber als Verbindung ist es eine Klasse f\u00fcr sich.<\/p>\n<p>Das Medikament zeichnet sich durch seine lang anhaltende therapeutische Wirkung aus, die nach oraler Verabreichung mehrere Stunden anh\u00e4lt. MK-677 bleibt nach der Einnahme mindestens 8 Stunden lang wirksam. Diese Eigenschaft hat zu einem erh\u00f6hten Interesse an Ibutamoren beigetragen, da die Menschen mehr \u00fcber die verschiedenen Wirkmechanismen des Wachstumshormons erfahren m\u00f6chten.<\/p>\n<h2>Wie MK-677 Ibutamoren wirkt<\/h2>\n<p>Nachdem Sie nun wissen, was MK-677 Ibutamoren ist, ist es an der Zeit, sich mit der Wirkungsweise dieses Medikaments zu befassen. Seine Hauptwirkung beruht auf der Funktion der Ghrelin-Rezeptor Mechanismen. Wenn dieser Rezeptor aktiviert wird, sch\u00fcttet Ihr K\u00f6rper mehr Wachstumshormon in einem pulsierenden Rhythmus aus, der dem endogenen Vorgang \u00e4hnelt. Visuell kann man sich dies als ein sich wiederholendes Signal vorstellen, das ohne abrupte Spr\u00fcnge im Fluss \u00fcbertragen wird.<\/p>\n<p>Um die Wirkungsweise des Medikaments etwas genauer zu erkl\u00e4ren, finden Sie hier f\u00fcnf einfache Fakten \u00fcber MK-677, die Ihnen helfen k\u00f6nnen:<\/p>\n<ul>\n<li>MK-677 sendet \u00fcber den Ghrelin-Rezeptor eine starke und gleichm\u00e4\u00dfige Botschaft aus, die die Produktion von mehr nat\u00fcrlichem GH ausl\u00f6st.<\/li>\n<li>Dies f\u00fchrt zu einem gleichm\u00e4\u00dfigen Sekretionsmuster, das viele Stunden anh\u00e4lt.<\/li>\n<li>Aufgrund des regelm\u00e4\u00dfigen Musters der GH-Sekretion reagiert der K\u00f6rper mit einer Erh\u00f6hung seines IGF-1-Spiegels parallel zum GH.<\/li>\n<li>Neben der F\u00f6rderung eines Anstiegs des IGF-1-Spiegels aktiviert das durch MK-677 induzierte Signal auch die Appetitzentren im Gehirn, sodass Sie aufgrund dieses Effekts einen gr\u00f6\u00dferen Appetit erwarten k\u00f6nnen.<\/li>\n<li>Angesichts der langen Halbwertszeit von MK-677 wird es eher eine anhaltende und allm\u00e4hliche Wirkung haben als schnelle Schwankungen in der Wirkung.<\/li>\n<\/ul>\n<p>Mit diesem Wirkmechanismus ist das MK-677-Pr\u00e4parat eine der am einfachsten zu verstehenden Verbindungen, was seine Wirkung und seine Beziehung zu den k\u00f6rpereigenen nat\u00fcrlichen Hormon Systemen angeht. Da die grundlegenden Abl\u00e4ufe bei jeder Einnahme sehr \u00e4hnlich sind, f\u00fchrt dies zu einem sehr vorhersehbaren Ergebnis, und Sie k\u00f6nnen sich ein klares Bild von der Wirkung des Medikaments machen.<\/p>\n<h2>Vorteile von MK-677 Ibutamoren<\/h2>\n<p>MK-677 ist zwar kein Standard Pr\u00e4parat f\u00fcr den gelegentlichen Konsum, wird jedoch h\u00e4ufig als Zusatztherapie bei verschiedenen Erkrankungen und im Bodybuilding eingesetzt. Es ist wichtig zu verstehen, welche spezifischen positiven Auswirkungen es bei der Einnahme auf Ihren K\u00f6rper hat. Nachfolgend sind einige der wichtigsten Vorteile von MK-677 Ibutamoren f\u00fcr Sie aufgef\u00fchrt:<\/p>\n<ol>\n<li><strong>Unterst\u00fctzt den Wachstumshormonspiegel<\/strong><br \/>\nEs stimuliert die Produktion von Wachstumshormonen in Ihrem K\u00f6rper, und Ihr System setzt diese den ganzen Tag \u00fcber frei. Mit MK-677 k\u00f6nnen Menschen buchst\u00e4blich beobachten, wie Wachstumshormone t\u00e4glich zur Reparatur und zu Stoffwechselaktivit\u00e4ten beitragen.<\/li>\n<li><strong>Schnellere Regeneration<\/strong><br \/>\nDa MK-677 auch einen Einfluss auf den nat\u00fcrlichen Wachstumshormonspiegel hat und Ihnen hilft, diesen erh\u00f6hten Spiegel aufrechtzuerhalten, k\u00f6nnen Sie auch von einer besseren Erholungszeit nach dem Training profitieren. Die Einnahme von MK-677 kann eine Vielzahl von normalen Funktionen unterst\u00fctzen, die zur Aufrechterhaltung einer gesunden Hom\u00f6ostase in Ihrem K\u00f6rper beitragen.<\/li>\n<li><strong>Bessere Schlafqualit\u00e4t<\/strong><br \/>\nIbutamoren MK-677 wirkt sowohl auf das Melatonin im Gehirn als auch auf dessen nat\u00fcrliche Produktion, die bei der Einnahme erh\u00f6ht wird. Daher kann es Ihre Schlafqualit\u00e4t verbessern und Ihre Konzentration und Energie steigern.<\/li>\n<li><strong>Erh\u00f6ht den IGF-1-Spiegel<\/strong><br \/>\nIGF-1 wirkt synergistisch mit dem Wachstumshormon, um K\u00f6rpergewebe und Muskeln zu unterst\u00fctzen. MK677 kann Ihren IGF-1-Spiegel dauerhaft erh\u00f6hen und so dazu beitragen, Muskeln und Gewebe in Ihrem K\u00f6rper zu erhalten, was die positive Wirkung des Wachstumshormons auf den Erhalt von Muskeln und Gewebe verst\u00e4rkt.<\/li>\n<li><strong>Kann vorhersehbare hormonelle Reaktionen hervorrufen<\/strong><br \/>\nMK677 sorgt f\u00fcr eine rhythmische Freisetzung von Hormonen \u00fcber mehrere Stunden hinweg. Das bedeutet, dass Sie beobachten k\u00f6nnen, wie der K\u00f6rper darauf reagiert, ohne dass es zu unerwarteten Einbr\u00fcchen des Hormonspiegels kommt.<\/li>\n<li><strong>Verbessert die Knochendichte und -st\u00e4rke<\/strong><br \/>\nEs kann durch seinen Einfluss auf IGF-1 und Wachstumshormon indirekt die Knochendichte und -st\u00e4rke unterst\u00fctzen. Das bedeutet, dass Sie nicht nur eine Wirkung auf die Muskeln erzielen, sondern auch Stabilit\u00e4t f\u00fcr Ihr Skelettsystem erhalten. Es kann dem K\u00f6rper helfen, seine Skelettstruktur im Laufe der Zeit aufrechtzuerhalten.<\/li>\n<li><strong>Steigert den Appetit<\/strong><br \/>\nWie bereits erw\u00e4hnt, wirkt MK677 auf den Ghrelin-Rezeptor, der den Appetit steuert. Da MK677 auf die Signalwege des K\u00f6rpers wirkt, versp\u00fcren Sie m\u00f6glicherweise mehr Hunger.<\/li>\n<\/ol>\n<p>Wenn Sie das Medikament zu einem g\u00fcnstigen MK-677-Preis in unserem Shop kaufen, k\u00f6nnen Sie diesen Effekt beobachten und erwarten. MK677 ist im Vergleich zu anderen Substanzen einzigartig, was die Auswirkungen auf Verbindungen betrifft, die die Wachstumshormon Wege beeinflussen.<\/p>\n<h2>Nebenwirkungen von Ibutamoren (MK-677)<\/h2>\n<p>Obwohl die Ergebnisse von MK-677 einigerma\u00dfen vorhersehbar sind, da die Hauptanwendung dieses Medikaments darin besteht, den Wachstumshormonspiegel zu erh\u00f6hen, gibt es andere Situationen, in denen der K\u00f6rper auf MK-677 reagieren kann. Wenn Sie wissen, wie Ihr K\u00f6rper reagieren wird, k\u00f6nnen Sie sich auf die \u00fcblichen Nebenwirkungen von MK-677 Ibutamoren vorbereiten:<\/p>\n<ol>\n<li><strong>Schlafst\u00f6rungen<\/strong><br \/>\nSchlafst\u00f6rungen und Schlaflosigkeit sind h\u00e4ufige Beschwerden von Anwendern. MK-677 versetzt Ihren K\u00f6rper in den ersten Wochen technisch gesehen in eine katabole Phase, indem es Ihren Wachstumshormonspiegel erh\u00f6ht. Einige f\u00fchlen sich m\u00fcder als gew\u00f6hnlich, aber dies sind h\u00f6chstwahrscheinlich vor\u00fcbergehende Auswirkungen, da die Hormone eine anf\u00e4ngliche Turbulenz durchlaufen und Sie langfristig nicht beeintr\u00e4chtigen werden.<\/li>\n<li><strong>Gewichtszunahme<\/strong><br \/>\nMK-677 neigt aufgrund seiner appetitanregenden Eigenschaften dazu, eine Gewichtszunahme zu verursachen. Bei der Einnahme von MK-677 ist es normal, dass Sie im Vergleich zu einer Situation ohne Einnahme einen starken Anstieg der Kalorienzufuhr feststellen, seien Sie also darauf vorbereitet.<\/li>\n<li><strong>Erh\u00f6htes Risiko f\u00fcr Typ-2-Diabetes<\/strong><br \/>\nWie bei vielen anderen Wachstumshormon-stimulierenden Medikamenten besteht auch bei der Einnahme von MK-677 ein Diabetesrisiko. Dies ist darauf zur\u00fcckzuf\u00fchren, dass erh\u00f6hte Wachstumshormonspiegel die Insulinsensitivit\u00e4t beeinflussen. Sportler, die es \u00fcber einen l\u00e4ngeren Zeitraum einnehmen, k\u00f6nnen einen hohen Insulinspiegel im Blut aufweisen.<\/li>\n<li><strong>Gelenkbeschwerden<\/strong><br \/>\nEine kleine Anzahl von Anwendern, die sich f\u00fcr den Online-Kauf von MK-677 Ibutamoren entscheiden, berichten von vor\u00fcbergehenden Gelenkbeschwerden wie Steifheit oder Schmerzen. Diese k\u00f6nnen aufgrund von Ver\u00e4nderungen des Fl\u00fcssigkeitshaushaltes oder des Gewebes auftreten, sind jedoch in der Regel mild. Die Beschwerden geben einen Einblick in die Reaktion des K\u00f6rpers auf erh\u00f6hte GH-Spiegel.<\/li>\n<li><strong>L\u00e4ngerer Schlaf<\/strong><br \/>\nEs mag kontrovers klingen, aber einige Anwender leiden m\u00f6glicherweise nicht unter Schlaflosigkeit, sondern haben einen l\u00e4ngeren und tieferen Schlaf. Diese Effekte deuten auf einen Zusammenhang zwischen MK-677 und den zirkadianen Rhythmen und Hormonsystemen des K\u00f6rpers hin.<\/li>\n<\/ol>\n<p>Alle diese Auswirkungen sind in der Regel mild und halten nur kurze Zeit an. Sie alle liefern Hinweise darauf, wie die Verbindung auf die Hormonsysteme des K\u00f6rpers wirkt. Die Beobachtung dieser Nebenwirkungen von MK-677 hilft Ihnen zu verstehen, wie die Verbindung wirkt und wie sie sich biologisch auf Sie auswirkt.<\/p>\n<h2>MK-677 (Ibutamoren) Dosierung, Zyklusl\u00e4nge und sichere Anwendung<\/h2>\n<p>Um zu verstehen, wie MK677 auf Sie wirkt, sollten Sie sich \u00fcberlegen, was ein normaler Wirkungsbereich f\u00fcr das Medikament w\u00e4re und wie sicher die Einnahme des Medikaments ist. Je besser Sie verstehen, wie diese Elemente in das Gesamtbild der Wirkung von SARMs MK 677 auf die Hormonsysteme im K\u00f6rper passen, desto besser k\u00f6nnen Sie nachvollziehen, warum manche Ver\u00e4nderungen offenbar l\u00e4nger dauern, als dass sie \u00fcber Nacht eintreten.<\/p>\n<h3>Empfohlene Dosierung<\/h3>\n<p>Eine gute wirksame Dosis f\u00fcr MK677 liegt bei etwa 10\u201320 mg pro Tag, aber erfahrene Anwender nehmen bis zu 20\u201325 mg pro Tag ein, um eine langfristige Wirkung des Wirkstoffs zu erzielen. Die Ergebnisse von MK-677 basieren auf einem Anstieg des Wachstumshormons oder des IGF-1-Hormonspiegels innerhalb von 3\u20135 Tagen, wobei Sie nach 1\u20132 Wochen einen deutlichen Anstieg feststellen werden. Am wichtigsten ist, dass die allm\u00e4hlichen Zuw\u00e4chse \u00fcber diesen Zeitr\u00e4ume hinweg stabil sind, was die \u00dcberwachung der Fortschritte mit MK-677 relativ einfach macht.<\/p>\n<h3>Zyklusl\u00e4nge<\/h3>\n<p>Die Dauer des Zyklus von MK-677 f\u00fcr die Fettverbrennung kann 8 bis 12 Wochen betragen, und f\u00fcr die Umgestaltung des K\u00f6rpers wird empfohlen, das Medikament 16\u201324 Wochen lang einzunehmen. Die Aktivit\u00e4t der Hormone w\u00e4hrend der Behandlung mit MK-677 ist relativ stabil, sodass es keine solchen Schwankungen gibt und das allgemeine Muster der Ver\u00e4nderungen leichter zu interpretieren ist. Dieses langsame Muster spiegelt wider, wie sich ein Sportler anpassen und im Gleichgewicht bleiben kann.<\/p>\n<h3>Tipps zur sicheren Anwendung<\/h3>\n<p>Wenn Sie dar\u00fcber nachdenken, MK-677 online zu kaufen, sollten Sie darauf achten, wie Ihr K\u00f6rper auf das Medikament reagiert. Schlafver\u00e4nderungen k\u00f6nnen sich auf vielf\u00e4ltige Weise auf das Energieniveau auswirken, und ebenso wie Energiever\u00e4nderungen k\u00f6nnen Schlafver\u00e4nderungen auf die Wirksamkeit des Pr\u00e4parats beim Anwender hinweisen. Es ist daher ratsam, die genannten Punkte im Auge zu behalten, da Sie so beobachten k\u00f6nnen, wie Ihr K\u00f6rper reagiert, und die besten Chancen haben, die Vorteile zu nutzen.<\/p>\n<p>In dieser \u00dcbersicht zu MK-677 Ibutamoren m\u00f6chten wir Ihnen die wichtigsten Tipps f\u00fcr die sichere Anwendung dieses Medikaments geben, damit Sie Ihren Zyklus effektiv abschlie\u00dfen k\u00f6nnen:<\/p>\n<ul>\n<li>Beobachten Sie Ihre Schlafgewohnheiten, da MK-677 Ihren Schlaf beeinflussen kann.<\/li>\n<li>Notieren Sie, wie Sie sich f\u00fchlen, insbesondere wenn Sie steif sind oder leichte Schmerzen haben, und beobachten Sie auch, wie Sie sich von einem Tag bis zum Ende des Zyklus f\u00fchlen.<\/li>\n<li>Achten Sie auch auf Ihr Energieniveau w\u00e4hrend des Tages, damit Sie wissen, wie Ihr K\u00f6rper auf MK-677 reagiert, und um m\u00f6gliche Nebenwirkungen so schnell wie m\u00f6glich zu erkennen.<\/li>\n<li>Seien Sie darauf vorbereitet, dass es zu leichten Wassereinlagerungen in Ihren Beinen, F\u00fc\u00dfen oder Fingern kommen kann, was jedoch normal ist.<\/li>\n<li>Kaufen Sie Medikamente zum besten MK-677 Ibutamoren-Preis nur in vertrauensw\u00fcrdigen Gesch\u00e4ften wie dem unseren, um gef\u00e4lschte Medikamente zu vermeiden und erstaunliche Ergebnisse zu erzielen.<\/li>\n<\/ul>\n<p>Wenn Sie diese Hinweise befolgen, erhalten Sie ein Verst\u00e4ndnis f\u00fcr die langfristigen Auswirkungen von MK-677 auf Sie. Achten Sie immer auf geringf\u00fcgige Ver\u00e4nderungen in Ihrem K\u00f6rper, damit Sie sich Ihrer k\u00f6rperlichen Verfassung bewusster werden und eventuelle Auswirkungen sofort bemerken.<\/p>\n<h2>Ibutamoren MK-677 in Kombination mit anderen Wirkstoffen<\/h2>\n<p>Am beliebtesten ist es, MK-677 Ibutamoren online zu kaufen und es mit Ostarine (MK-2866) zu kombinieren. Ostarine hat sich seit jeher als muskelerhaltung erwiesen, und beide Produkte zusammen k\u00f6nnen unterschiedliche Grade der Regeneration bewirken, mit zus\u00e4tzlicher hormoneller Aktivit\u00e4t als Ergebnis ihrer Wirkung auf verschiedene K\u00f6rpersysteme. In diesem Fall steht MK-677 in Zusammenhang mit seiner Leistungssteigerung des Wachstumshormonspiegels und des insulin\u00e4hnlichen Wachstumsfaktors, w\u00e4hrend Ostarine \u00fcber den Androgenrezeptor mit seiner Leistung mit Androgenen in Verbindung steht.<\/p>\n<p>Ein weiteres Beispiel f\u00fcr eine Substanz, die angeblich mit Muskelaufbau in Verbindung gebracht wird, ist Ligandrol (LGD-4033). Es wird angenommen, dass die doppelte Wirkung der beiden Produkte MK-677 und Ligandrol durch hormonelle und muskul\u00e4re Prozesse die besten Ergebnisse erzielt. Obwohl beide nachweislich den Testosteronspiegel signifikant erh\u00f6hen, hat Ligandrol einen direkten Einfluss auf das Muskelgewebe. In Kombination geben uns Ligandrol und MK-677 (Ibutamoren) ein klares Bild davon, wie wir die Anpassung und Erholung aus sportlicher Sicht beeinflussen k\u00f6nnen.<\/p>\n<p>GW-501516 (Cardarine) wird manchmal mit anderen Chemikalien in Bezug auf seine Wirkung auf Ausdauer und Energiesysteme in einen Topf geworfen. Cardarine wirkt auf andere Rezeptoren als Ibutamoren. Der Vergleich von MK 677 vor und nach der Einnahme von Cardarine kann jedoch Aufschluss \u00fcber die Wechselwirkung einiger Hormone Wege geben. Seltener kann MK-677 auch mit Andarine (S4) und Nutrobal (MK-677) zum Aufbau von Gewebe kombiniert werden.<\/p>\n<h2>H\u00e4ufige Anf\u00e4ngerfehler bei der Verwendung von Ibutamoren (MK-677)<\/h2>\n<p>Aufgrund dieser allm\u00e4hlichen Zunahme der Aktivit\u00e4t missverstehen Erstk\u00e4ufer von MK 677 die richtige Einnahme des Medikaments und machen typische Fehler. Danach k\u00f6nnen sie verwirrt sein, was mit ihren eigenen nat\u00fcrlichen K\u00f6rperreaktionen vor sich geht.<\/p>\n<ol>\n<li><strong>Erwartung sofortiger Wirkung<\/strong><br \/>\nDer Grund, warum MK-677 so gro\u00dfartig ist, liegt darin, dass es \u00fcber den gesamten Verlauf hinweg allm\u00e4hlich wirkt und Ihre Regeneration und Gewebe Erhaltung so sehr verbessert, dass Sie die Verbesserung bemerken, wenn Sie endlich Ihr Ziel erreicht haben. Wenn beispielsweise ein Anf\u00e4nger MK-677 eine Woche lang einnimmt und entt\u00e4uscht ist, dass er keinen Unterschied sp\u00fcrt, k\u00f6nnte er den Eindruck gewinnen, dass es nicht wirkt.<\/li>\n<li><strong>K\u00f6rpersignale ignorieren<\/strong><br \/>\nEin erh\u00f6hter Appetit kann ebenfalls auftreten, zusammen mit leichter Wassereinlagerung und kurzzeitiger M\u00fcdigkeit, aber das ist nicht \u00fcblich. Ignorieren Sie diese Signale Ihres K\u00f6rpers nicht. Sie helfen Ihnen, die nat\u00fcrlichen Wirkungen nach der Einnahme von MK-677 zu sp\u00fcren.<\/li>\n<li><strong>Keine Konsistenz<\/strong><br \/>\nMK 677 Ibutamoren hat eine relativ lange Halbwertszeit, und seine Wirkung ist auf einen anhaltenden, konstanten Hormonspiegel zur\u00fcckzuf\u00fchren. Eine inkonsistente Anwendung mit unterschiedlichen Intervallen oder ein Wechsel zwischen Einnahmetagen und Einnahmepausen kann jedoch dazu f\u00fchren, dass Sie keine Ver\u00e4nderungen feststellen.<\/li>\n<li><strong>\u00dcberinterpretation von Nebenwirkungen<\/strong><br \/>\nGesteigerter Appetit, leichte M\u00fcdigkeit und Gelenkschmerzen sind typische Wirkungen von MK-677. Dies sind nur normale physiologische Reaktionen und deuten nicht auf ein Problem mit dem Pr\u00e4parat hin.<\/li>\n<li><strong>Vernachl\u00e4ssigung eines gesunden Lebensstils<\/strong><br \/>\nWie gesund Sie sich ern\u00e4hren, wie gut Sie schlafen und wie viel Sie sich bewegen, hat Einfluss darauf, wie Ihr K\u00f6rper auf MK-677 reagiert. Wenn Sie Ihren Lebensstil insgesamt vernachl\u00e4ssigen, werden Sie wahrscheinlich keine oder nur geringe Ver\u00e4nderungen feststellen.<\/li>\n<\/ol>\n<p>Viele neue Anwender von Ibutamoren MK-677 neigen zu der falschen Annahme, dass sie die Wirkung sofort sp\u00fcren werden, und einige \u00fcbersehen v\u00f6llig die subtilen Hinweise darauf, dass der Wirkstoff wirkt. Ein konsequenter Lebensstil und die Betrachtung Ihrer gesamten Aktivit\u00e4ten k\u00f6nnen Ihnen ein klareres Verst\u00e4ndnis daf\u00fcr vermitteln, wie MK-677 am besten in Ihr Sportprogramm passt.<\/p>\n","protected":false},"excerpt":{"rendered":"<p>Name Typ Haupteffekte Nebenwirkungen Testosteron-Unterdr\u00fcckung Typischer Zyklus Am besten geeignet f\u00fcr Halbwertszeit Wirkeintritt PCT ben\u00f6tigt Toxizit\u00e4t Andarine (S-4) SARM Fettabbau, Muskelh\u00e4rte, Kraftsteigerung Sichtverf\u00e4rbungen Mittel 6\u20138 Wochen Cutting, Rekomp ~4 Stunden 7\u201310 Tage Ja Niedrig Cardarine (GW-501516) PPAR\u03b4-Agonist Ausdauersteigerung, Fettoxidation, verbesserter Stoffwechsel M\u00f6gliche Risiken bei hohen Dosierungen Keine 6\u201312 Wochen Cutting, Ausdauer 16\u201324 Stunden 3\u20135 Tage [&hellip;]<\/p>\n","protected":false},"featured_media":696,"comment_status":"open","ping_status":"closed","template":"","meta":{"_acf_changed":false},"product_brand":[],"product_cat":[47],"product_tag":[],"class_list":{"0":"post-1202","1":"product","2":"type-product","3":"status-publish","4":"has-post-thumbnail","6":"product_cat-sarms","8":"first","9":"instock","10":"shipping-taxable","11":"purchasable","12":"product-type-variable"},"acf":[],"_links":{"self":[{"href":"https:\/\/sarms-sport.com\/de\/wp-json\/wp\/v2\/product\/1202","targetHints":{"allow":["GET"]}}],"collection":[{"href":"https:\/\/sarms-sport.com\/de\/wp-json\/wp\/v2\/product"}],"about":[{"href":"https:\/\/sarms-sport.com\/de\/wp-json\/wp\/v2\/types\/product"}],"replies":[{"embeddable":true,"href":"https:\/\/sarms-sport.com\/de\/wp-json\/wp\/v2\/comments?post=1202"}],"wp:featuredmedia":[{"embeddable":true,"href":"https:\/\/sarms-sport.com\/de\/wp-json\/wp\/v2\/media\/696"}],"wp:attachment":[{"href":"https:\/\/sarms-sport.com\/de\/wp-json\/wp\/v2\/media?parent=1202"}],"wp:term":[{"taxonomy":"product_brand","embeddable":true,"href":"https:\/\/sarms-sport.com\/de\/wp-json\/wp\/v2\/product_brand?post=1202"},{"taxonomy":"product_cat","embeddable":true,"href":"https:\/\/sarms-sport.com\/de\/wp-json\/wp\/v2\/product_cat?post=1202"},{"taxonomy":"product_tag","embeddable":true,"href":"https:\/\/sarms-sport.com\/de\/wp-json\/wp\/v2\/product_tag?post=1202"}],"curies":[{"name":"wp","href":"https:\/\/api.w.org\/{rel}","templated":true}]}}