{"id":1205,"date":"2025-05-05T13:44:57","date_gmt":"2025-05-05T11:44:57","guid":{"rendered":"https:\/\/sarms-sport.com\/ligandrolo-zillt-medicine-ligandrol-lgd-4033\/"},"modified":"2025-12-25T17:53:19","modified_gmt":"2025-12-25T16:53:19","slug":"ligandrolo-zillt-medicine-ligandrol-lgd-4033","status":"publish","type":"product","link":"https:\/\/sarms-sport.com\/de\/ligandrolo-zillt-medicine-ligandrol-lgd-4033\/","title":{"rendered":"Ligandrolo Zillt Medicine (Ligandrol LGD-4033)"},"content":{"rendered":"<table>\n<tbody>\n<tr>\n<td style=\"text-align: center;\"><strong>Name<\/strong><\/td>\n<td style=\"text-align: center;\"><strong>Typ<\/strong><\/td>\n<td style=\"text-align: center;\"><strong>Haupteffekte<\/strong><\/td>\n<td style=\"text-align: center;\"><strong>Nebenwirkungen<\/strong><\/td>\n<td style=\"text-align: center;\"><strong>Testosteron-Unterdr\u00fcckung<\/strong><\/td>\n<td style=\"text-align: center;\"><strong>Typischer Zyklus<\/strong><\/td>\n<td style=\"text-align: center;\"><strong>Am besten geeignet f\u00fcr<\/strong><\/td>\n<td style=\"text-align: center;\"><strong>Halbwertszeit<\/strong><\/td>\n<td style=\"text-align: center;\"><strong>Wirkeintritt<\/strong><\/td>\n<td style=\"text-align: center;\"><strong>PCT ben\u00f6tigt<\/strong><\/td>\n<td style=\"text-align: center;\"><strong>Toxizit\u00e4t<\/strong><\/td>\n<\/tr>\n<tr>\n<td style=\"text-align: center;\"><a href=\"https:\/\/sarms-sport.com\/de\/andarino-zillt-medicine-andarine-s4\/\"><strong>Andarine (S-4)<\/strong><\/a><\/td>\n<td>SARM<\/td>\n<td>Fettabbau, Muskelh\u00e4rte, Kraftsteigerung<\/td>\n<td>Sichtverf\u00e4rbungen<\/td>\n<td>Mittel<\/td>\n<td>6\u20138 Wochen<\/td>\n<td>Cutting, Rekomp<\/td>\n<td>~4 Stunden<\/td>\n<td>7\u201310 Tage<\/td>\n<td>Ja<\/td>\n<td>Niedrig<\/td>\n<\/tr>\n<tr>\n<td style=\"text-align: center;\"><a href=\"https:\/\/sarms-sport.com\/de\/cardarino-zillt-medicine-cardarine-gw-501516\/\"><strong>Cardarine (GW-501516)<\/strong><\/a><\/td>\n<td>PPAR\u03b4-Agonist<\/td>\n<td>Ausdauersteigerung, Fettoxidation, verbesserter Stoffwechsel<\/td>\n<td>M\u00f6gliche Risiken bei hohen Dosierungen<\/td>\n<td>Keine<\/td>\n<td>6\u201312 Wochen<\/td>\n<td>Cutting, Ausdauer<\/td>\n<td>16\u201324 Stunden<\/td>\n<td>3\u20135 Tage<\/td>\n<td>Nein<\/td>\n<td>Sehr niedrig<\/td>\n<\/tr>\n<tr>\n<td style=\"text-align: center;\"><a href=\"https:\/\/sarms-sport.com\/de\/ibutamoreno-zillt-medicine-ibutamoren-mk-677\/\"><strong>Ibutamoren (MK-677)<\/strong><\/a><\/td>\n<td>GH-Sekretagog<\/td>\n<td>Erh\u00f6ht GH\/IGF-1, Erholung, verbessert Schlaf<\/td>\n<td>Erh\u00f6hter Appetit, Wassereinlagerungen<\/td>\n<td>Keine<\/td>\n<td>8\u201316 Wochen<\/td>\n<td>Bulking, Regeneration<\/td>\n<td>20\u201324 Stunden<\/td>\n<td>5\u20137 Tage<\/td>\n<td>Nein<\/td>\n<td>Niedrig<\/td>\n<\/tr>\n<tr>\n<td style=\"text-align: center;\"><a href=\"https:\/\/sarms-sport.com\/de\/ligandrolo-zillt-medicine-ligandrol-lgd-4033\/\"><strong>Ligandrol (LGD-4033)<\/strong><\/a><\/td>\n<td>SARM<\/td>\n<td>Muskel- und Kraftzuwachs, schnellere Erholung<\/td>\n<td>Starke Unterdr\u00fcckung<\/td>\n<td>Hoch<\/td>\n<td>6\u20138 Wochen<\/td>\n<td>Bulking<\/td>\n<td>24\u201336 Stunden<\/td>\n<td>7\u201310 Tage<\/td>\n<td>Ja<\/td>\n<td>Niedrig<\/td>\n<\/tr>\n<tr>\n<td style=\"text-align: center;\"><a href=\"https:\/\/sarms-sport.com\/de\/ostarino-zillt-medicine-ostarine-mk-2866\/\"><strong>Ostarine (MK-2866)<\/strong><\/a><\/td>\n<td>SARM<\/td>\n<td>Magere Masse, Gelenkunterst\u00fctzung, milde Rekomp<\/td>\n<td>Leichte Unterdr\u00fcckung<\/td>\n<td>Niedrig<\/td>\n<td>6\u20138 Wochen<\/td>\n<td>Rekomposition<\/td>\n<td>24 Stunden<\/td>\n<td>10\u201314 Tage<\/td>\n<td>Nein<\/td>\n<td>Sehr niedrig<\/td>\n<\/tr>\n<tr>\n<td style=\"text-align: center;\"><a href=\"https:\/\/sarms-sport.com\/de\/s23-zillt-medicine-mastorin-s23\/\"><strong>Mastorin (S-23)<\/strong><\/a><\/td>\n<td>Starkes SARM<\/td>\n<td>Kraft, trockene dichte Muskulatur, starke H\u00e4rtung<\/td>\n<td>Sehr starke Unterdr\u00fcckung<\/td>\n<td>Sehr hoch<\/td>\n<td>4\u20136 Wochen<\/td>\n<td>Fortgeschrittenes Cutting, Kraft<\/td>\n<td>~12 Stunden<\/td>\n<td>3\u20137 Tage<\/td>\n<td>Ja<\/td>\n<td>Mittel<\/td>\n<\/tr>\n<tr>\n<td style=\"text-align: center;\"><a href=\"https:\/\/sarms-sport.com\/de\/stenabolo-zillt-medicine-stenabolic-sr-9009\/\"><strong>Stenabolic (SR-9009)<\/strong><\/a><\/td>\n<td>Rev-ERB-Agonist<\/td>\n<td>Stoffwechselsteigerung, Fettabbau, Ausdauer<\/td>\n<td>H\u00e4ufige Einnahme erforderlich<\/td>\n<td>Keine<\/td>\n<td>6\u201310 Wochen<\/td>\n<td>Cutting<\/td>\n<td>1\u20132 Stunden<\/td>\n<td>2\u20134 Tage<\/td>\n<td>Nein<\/td>\n<td>Sehr niedrig<\/td>\n<\/tr>\n<tr>\n<td style=\"text-align: center;\"><a href=\"https:\/\/sarms-sport.com\/de\/testolono-zillt-medicine-testolone-rad-140\/\"><strong>Testolone (RAD-140)<\/strong><\/a><\/td>\n<td>SARM<\/td>\n<td>Kraftzuwachs, Muskelmasse, antikatabole Wirkung<\/td>\n<td>Unterdr\u00fcckung, Reizbarkeit<\/td>\n<td>Hoch<\/td>\n<td>6\u20138 Wochen<\/td>\n<td>Bulking, Kraft<\/td>\n<td>~60 Stunden<\/td>\n<td>5\u20137 Tage<\/td>\n<td>Ja<\/td>\n<td>Niedrig\u2013mittel<\/td>\n<\/tr>\n<tr>\n<td style=\"text-align: center;\"><a href=\"https:\/\/sarms-sport.com\/de\/yk-11-zillt-medicine-myostan-yk11\/\"><strong>Myostan (YK-11)<\/strong><\/a><\/td>\n<td>Myostatin-Hemmer<\/td>\n<td>Schneller Kraftzuwachs, beschleunigte Hypertrophie, dichte Muskulatur<\/td>\n<td>Leberbelastung, Aggression<\/td>\n<td>Hoch<\/td>\n<td>4\u20138 Wochen<\/td>\n<td>Bulking, Kraft<\/td>\n<td>6\u201310 Stunden<\/td>\n<td>5\u20137 Tage<\/td>\n<td>Ja<\/td>\n<td>Mittel\u2013hoch<\/td>\n<\/tr>\n<\/tbody>\n<\/table>\n<h2>Was ist Ligandrol (LGD-4033)?<\/h2>\n<p>Ligandrol LGD-4033 ist ein nichtsteroidaler, oraler selektiver Androgenrezeptor-Modulator, der an Androgenrezeptoren in Muskeln und Knochen bindet. Wissenschaftler sind begeistert von Ligandrol als m\u00f6glichem Muskelschutz oder -erhalt f\u00fcr Personen, die aufgrund von Alterung oder verminderter k\u00f6rperlicher Aktivit\u00e4t Muskeln verlieren. Ligandrol hat aufgrund seiner spezifischen Wirkung und m\u00f6glichen klinischen Anwendungen anstelle von Hormontherapien Aufmerksamkeit erregt.<\/p>\n<p>Nachdem Sie nun wissen, was LGD-4033 Ligandrol ist, sollten Sie beachten, dass es auf die Muskelzellen wirkt, die wiederum zur Erhaltung der Kraft beitragen. Daher wird seine Verwendung zur Steigerung der k\u00f6rperlichen Leistungsf\u00e4higkeit als ernsthaft angesehen. Derzeit wird die m\u00f6gliche Verwendung von Ligardol und \u00e4hnlichen Medikamenten untersucht, um Muskelerm\u00fcdung und -sch\u00e4den w\u00e4hrend Phasen beschleunigter Kraftentwicklung zu reduzieren sowie Muskeln ohne systemische Auswirkungen auf das Hormonsystem wiederherzustellen.<\/p>\n<h2>Wie LGD 4033 Ligandrol wirkt<\/h2>\n<p>Ligandrol LGD 4033 bindet an spezifische Androgenrezeptoren, die eine Rolle bei der Aufrechterhaltung der Muskelmasse spielen. Im Laufe der Forschung zeigten sich in kurzfristigen kontrollierten Studien wiederkehrende Muster. Diese Muster erm\u00f6glichen es Wissenschaftlern, k\u00f6rperliche Ver\u00e4nderungen direkter zu untersuchen und die Wirkungen des Medikaments unter zus\u00e4tzlicher Beobachtung zu beobachten. Zusammengenommen sollten diese Beobachtungen es den Forschern erm\u00f6glichen, zu verstehen, ob LGD-4033 Ligandrol Muskel- und Knochengewebe beeinflussen kann.<\/p>\n<p>Schauen wir uns an, wie sich das Medikament w\u00e4hrend eines Zyklus auf den K\u00f6rper eines Sportlers auswirkt:<\/p>\n<ul>\n<li>LGD-4033 verursacht messbare Ver\u00e4nderungen der fettfreien Muskelmasse.<\/li>\n<li>Es hat keine systemischen Auswirkungen und wirkt sich nur auf Muskeln und Knochen aus.<\/li>\n<li>In kontrollierten Studien hat sich gezeigt, dass das Medikament die Griffkraft erh\u00f6ht.<\/li>\n<li>Ligandrol hat schwache hormonelle Auswirkungen auf den K\u00f6rper.<\/li>\n<li>Seine Bindung an Androgenrezeptoren scheint die st\u00e4rkste aller Verbindungen zu sein.<\/li>\n<\/ul>\n<p>Wichtig ist, dass seine selektiven Wirkungen darauf hindeuten, dass es m\u00f6glich sein k\u00f6nnte, den Erhalt der Muskelmasse ohne die verzerrenden Auswirkungen hormon basierter Therapien zu beurteilen. Aus diesem Grund ist Ligandrol (LGD-4033) weiterhin von Interesse f\u00fcr die Forschung im Zusammenhang mit Rehabilitation Ergebnissen und altersbedingtem Muskelabbau.<\/p>\n<h2>Vorteile von LGD-4033 Ligandrol<\/h2>\n<p>Aufgrund seiner Auswirkungen auf Muskel- und Knochengewebe ist Ligandrol bei Sportlern sehr beliebt. Vorl\u00e4ufige Forschungsergebnisse in Verbindung mit Informationen aus Patienten Berichten deuten darauf hin, dass es mehrere Anwendungsm\u00f6glichkeiten geben k\u00f6nnte. Nachfolgend sind die wichtigsten Vorteile von LGD 4033 f\u00fcr Sie aufgef\u00fchrt:<\/p>\n<ol>\n<li><strong>Verbessert den Muskelerhalt<\/strong><br \/>\nLGD-4033 kann die Muskeln so beeinflussen, dass der Erhalt von magerem Gewebe gef\u00f6rdert wird, wenn ein Sportler aufgrund seines Alters oder einer Krankheit Gefahr l\u00e4uft, Muskeln zu verlieren.<\/li>\n<li><strong>Kann die Kraft steigern<\/strong><br \/>\nDie Menschen werden innerhalb weniger Wochen anhand messbarer Kraft Marker st\u00e4rker. Diese Daten deuten darauf hin, dass diese Substanz unter klinischer Aufsicht die k\u00f6rperliche Leistungsf\u00e4higkeit verbessern k\u00f6nnte.<\/li>\n<li><strong>Gezielte Aktivit\u00e4t<\/strong><br \/>\nDieser Wirkstoff hat eine selektive Wirkung auf Muskeln und Knochen und bietet die M\u00f6glichkeit, positive Ver\u00e4nderungen in diesen Geweben ohne systemische endokrine St\u00f6rungen nachzuweisen.<\/li>\n<li><strong>Unterst\u00fctzung der Knochen<\/strong><br \/>\nEs gibt Hinweise darauf, dass Ligandrol LGD 4033 SARM zur Erh\u00f6hung oder Erhaltung der Knochendichte beitragen kann. Dies ist ein wichtiger Aspekt bei der Behandlung von Skeletterkrankungen bei Risikopatienten.<\/li>\n<li><strong>Unterst\u00fctzt die Genesung<\/strong><br \/>\nLGD-4033 kann die Muskelfunktion w\u00e4hrend der Inaktivit\u00e4t erhalten. Daher hat es als Forschungsthema in der physikalischen Rehabilitation und Genesung gro\u00dfe Aufmerksamkeit auf sich gezogen.<\/li>\n<li><strong>Erh\u00e4lt die fettfreie Masse unter Stress<\/strong><br \/>\nErgebnisse aus Studien zur Bewertung der Auswirkungen von eingeschr\u00e4nkter Aktivit\u00e4t oder Energie Beschr\u00e4nkung deuten darauf hin, dass LGD-4033 den Erhalt der Muskelmasse unter Stress f\u00f6rdern kann. Insbesondere dort, wo magere Muskelmasse wahrscheinlich abgebaut wird.<\/li>\n<li><strong>F\u00f6rdert weitere Forschung<\/strong><br \/>\nDie Selektivit\u00e4t und die Auswirkungen von LGD-4033 auf Muskeln und Knochen machen es nach wie vor zu einem interessanten Kandidaten f\u00fcr die klinische Forschung. Wissenschaftler untersuchen die Vorteile von Ligandrol LGD 4033 hinsichtlich seines Potenzials, vor Kraftverlust zu sch\u00fctzen, Gewebe zu erhalten und die Erholung nach kontrollierter Belastung zu erleichtern.<\/li>\n<\/ol>\n<p>Im Allgemeinen kann Ligandrol zum Verkauf positive Auswirkungen auf Muskeln und Knochen haben. Seine Selektivit\u00e4t sowie einige der im vorigen Abschnitt diskutierten Zusammenh\u00e4nge bedeuten, dass LGD-4033 ein \u00fcberzeugender Kandidat f\u00fcr weitere Untersuchungen sein k\u00f6nnte, die erforderlich sind, um die langfristigen positiven Auswirkungen zu best\u00e4tigen.<\/p>\n<h2>Nebenwirkungen von Ligandrol (LGD-4033)<\/h2>\n<p>Dieses SARM wird noch erforscht, und es gibt viele unbekannte Langzeitwirkungen, daher sollten Sie sich vor der Anwendung \u00fcber diese Informationen im Klaren sein. Im Folgenden sind die h\u00e4ufigsten Nebenwirkungen von LGD 4033 aufgef\u00fchrt, die Bodybuilder w\u00e4hrend des Ligandrol-Zyklus erleben k\u00f6nnen:<\/p>\n<ol>\n<li><strong>Hormonelle Ver\u00e4nderungen<\/strong><br \/>\nObwohl LGD-4033 ein selektiver SARM ist, berichteten Anwender dennoch, dass es den systemischen Hormonspiegel beeinflussen kann. Sie stellten fest, dass sich nach langfristiger Anwendung von LGD-4033 die endokrine Produktion vor\u00fcbergehend ver\u00e4ndern kann, was weiter untersucht werden sollte.<\/li>\n<li><strong>M\u00fcdigkeit<\/strong><br \/>\nDies wurde von einigen Anwendern w\u00e4hrend der ersten Beobachtungsphasen berichtet. Die M\u00fcdigkeit trat sowohl aufgrund einer Ver\u00e4nderung des Muskelstoffwechsels als auch aufgrund einer Reaktion der Rezeptoren auf.<\/li>\n<li><strong>Kopfschmerzen<\/strong><br \/>\nManchmal berichten Sportler \u00fcber Kopfschmerzen mittlerer Intensit\u00e4t. Solche Auswirkungen sind oft vor\u00fcbergehend und in fr\u00fchen Phasen der Exposition gegen\u00fcber LGD-4033 nicht unerwartet.<\/li>\n<li><strong>Empfindlichkeit des Verdauungssystems<\/strong><br \/>\nIn seltenen F\u00e4llen kommt es bei Anwendern von LGD 4033 zu leichten Verdauungsbeschwerden. Dies deutet darauf hin, dass die Substanz zumindest vor\u00fcbergehend die normalen Verdauungsprozesse des K\u00f6rpers beeintr\u00e4chtigen kann.<\/li>\n<li><strong>Unbekannte Langzeitwirkungen<\/strong><br \/>\nAufgrund begrenzter Forschungsergebnisse ist nur wenig \u00fcber die Langzeitwirkungen von Ligandrol LGD-4033 bekannt. Die Forscher betonten die Bedeutung einer kontinuierlichen \u00dcberwachung, um m\u00f6gliche Langzeitrisiken zu identifizieren.<\/li>\n<\/ol>\n<p>In einem kurzfristigen Zyklus scheinen nicht viele Nebenwirkungen von Ligandrol LGD-4033 aufzutreten. Sie sollten sich jedoch der m\u00f6glichen hormonellen, k\u00f6rperlichen und verdauung bezogenen Auswirkungen bewusst sein und wissen, wie Sie damit umgehen k\u00f6nnen.<\/p>\n<h2>LGD 4033 (Ligandrol) Dosierung, Zyklusdauer und sichere Anwendung<\/h2>\n<p>LGD-4033 kann hinsichtlich Dosierung, Dauer und Sicherheit einige Verwirrung stiften. Wenn Sie jedoch die Antworten auf diese Fragen kennen und die Grundlagen verstehen, wird seine Wirkung auf den menschlichen K\u00f6rper etwas klarer. Wenn Sie mehr \u00fcber dieses Medikament wissen, k\u00f6nnen Sie Ihren Zyklus anders angehen und weniger Probleme erleben.<\/p>\n<h3>Empfohlene Dosierung<\/h3>\n<p>Im Allgemeinen betr\u00e4gt die maximale sichere Anfangsdosis von LGD 4033 f\u00fcr erfahrene Sportler 10 mg. Vermeiden Sie es, mit einer hohen Dosis zu beginnen, da dies gef\u00e4hrlich sein kann. Es ist am besten, die Mindestdosis zu verwenden und sie je nach Vertr\u00e4glichkeit schrittweise zu erh\u00f6hen. Mit dieser \u00dcberwachungsmethode k\u00f6nnen Sie Ver\u00e4nderungen der fettfreien K\u00f6rpermasse ohne unn\u00f6tiges Risiko verfolgen.<\/p>\n<h3>Zyklusl\u00e4nge<\/h3>\n<p>LGD-4033 Ligandrol Kapseln sollten in kurzen Zyklen von 2 bis 4 Wochen eingenommen werden. Diese Kurzzeit Zyklen f\u00fchren erfolgreich zu messbaren Ver\u00e4nderungen der Muskelmasse und -kraft. So k\u00f6nnen Sie \u00fcberwachen, wie schnell und deutlich sich die Wirkungen nach Abschluss des Zyklus zeigen und anhalten. Dies ist der Schl\u00fcssel zum Verst\u00e4ndnis der dokumentierten Indikatoren, die \u00fcber einen langen Zeitraum auf sichere Weise im K\u00f6rper aufgezeichnet werden.<\/p>\n<h3>Tipps zur sicheren Anwendung<\/h3>\n<p>Sicherheit steht immer an erster Stelle, und um dies zu gew\u00e4hrleisten, sollten Sie Ihre normalen Aktivit\u00e4ten, Ihre Ern\u00e4hrung und Ihre Ruhezeiten beibehalten. Viele Anf\u00e4nger m\u00f6chten wissen, wie sie ein Medikament zu einem erschwinglichen Preis f\u00fcr Ligandrol LGD-4033 aus unserem Shop sicher anwenden k\u00f6nnen, und wir haben eine Liste mit Tipps zusammengestellt:<\/p>\n<ul>\n<li>Beobachten Sie von Anfang an die Reaktion Ihres K\u00f6rpers auf ver\u00e4nderte Bedingungen w\u00e4hrend der ersten Tage der Einnahme.<\/li>\n<li>Achten Sie dann darauf, dass Ihre Ern\u00e4hrung relativ stabil bleibt. Da Sie w\u00e4hrend des Zyklus eine gleichbleibende Ern\u00e4hrung beibehalten, ist der Anpassungsprozess Ihres K\u00f6rpers vorhersehbar.<\/li>\n<li>Als n\u00e4chstes sollten Sie darauf achten, dass Ihr Aktivit\u00e4tsniveau w\u00e4hrend des gesamten Zyklus stabil bleibt.<\/li>\n<li>Ein konsequentes t\u00e4gliches Trainingsprogramm erm\u00f6glicht es Ihnen, die tats\u00e4chlichen Auswirkungen auf Ihre Muskeln und Knochen zu beurteilen.<\/li>\n<li>Vergessen Sie nicht, sich ausreichend auszuruhen und zu schlafen, insbesondere nach harten Trainingseinheiten.<\/li>\n<\/ul>\n<p>LGD 4033 zum Verkauf zeigt vielversprechende Ergebnisse in einer kontrollierten Umgebung und unter kontrollierten Bedingungen. Die erzielten Ergebnisse sollten zeigen, dass es wichtig ist, w\u00e4hrend und auch nach dem Zyklus stets vorsichtig zu sein.<\/p>\n<h2>Ligandrol LGD-4033 in Kombination mit anderen Wirkstoffen<\/h2>\n<p>Unter den SARMs kombinieren viele Anwender, die Ligandrol kaufen, mehrere Pr\u00e4parate. Sie m\u00f6chten herausfinden, ob sie m\u00f6gliche synergistische Effekte in Bezug auf Muskeln und Knochen erzielen k\u00f6nnen. Eine der beliebtesten Optionen f\u00fcr die Kombination mit LGD-4033 ist Ostarine (MK-2866). LGD-4033 ist selektiver f\u00fcr Muskelgewebe und hat eine warfarin \u00e4hnliche Wirkung. Ostarine kann eine gewisse antikatabole Wirkung haben.<\/p>\n<p>Eine weitere Kombinationsm\u00f6glichkeit ist Ligandrol SARM in Verbindung mit Cardarine (GW-501516). Cardarine steigert ebenfalls die Energie und Ausdauer. Bei einer Kombination mit LGD-4033 wird nicht nur das Muskelgewebe unterst\u00fctzt, sondern auch die Ausdauer gesteigert. Diese Kombination eignet sich hervorragend f\u00fcr ganzt\u00e4gige Aktivit\u00e4ten und erfolgreiche Ausdauer\u00fcbungen.<\/p>\n<p>Manche Menschen kombinieren LGD-4033 mit RAD-140. RAD-140 wird normalerweise als Mittel zum Erhalt von Muskeln und Knochen angepriesen. Die Kombination von RAD-140 mit LGD-4033 kann den Muskelerhalt und die Knochen Unterst\u00fctzung f\u00f6rdern, um Muskelverlust zu verhindern, wenn die Gelenke Integrit\u00e4t ein Problem darstellt.<\/p>\n<p>Dar\u00fcber hinaus gibt es Diskussionen \u00fcber die SARMs Ligandrol und Ibutamoren (MK-677) in Bezug auf Wachstumsfaktoren und Regeneration. Anwender beschrieben, dass sie es als kurzfristige Kombination auf kontrollierter Basis einsetzten, um zu sehen, wie Energie und Muskelunterst\u00fctzung zusammenwirken w\u00fcrden.<\/p>\n<h2>H\u00e4ufige Anf\u00e4ngerfehler bei der Verwendung von Ligandrol (LGD-4033)<\/h2>\n<p>Anf\u00e4nger machen leicht Fehler, weil sie beim Kauf von LGD-4033 Ligandrol-Kapseln nicht wissen, wie sie wirken. Sie sollten Ihre Erwartungen \u00fcberpr\u00fcfen und auf die Signale Ihres K\u00f6rpers h\u00f6ren. Wenn Sie wissen, was Sie nicht tun sollten, k\u00f6nnen Sie m\u00f6glicherweise Nebenwirkungen vermeiden.<\/p>\n<ol>\n<li><strong>Erwarten Sie jetzt Ergebnisse<\/strong><br \/>\nManche m\u00f6gen sagen, dass dies daran liegt, dass sie relativ schnell einen deutlichen Zuwachs an Muskelmasse oder Kraft erwarten. LGD-4033 wirkt in Wirklichkeit langsam, und Sie sp\u00fcren m\u00f6glicherweise eine leichte Straffung oder etwas l\u00e4ngere Erholungszeiten, bevor Sie echte Ergebnisse sehen. Geduld wird Ihnen sehr dabei helfen, zu erkennen, welche Ergebnisse Sie von diesem Medikament erwarten k\u00f6nnen.<\/li>\n<li><strong>Ignorieren Sie die Signale Ihres K\u00f6rpers<\/strong><br \/>\nObwohl LGD 4033 Ligandrol in den USA beliebt ist, kann es die Hormone im K\u00f6rper beeinflussen und auch leichte M\u00fcdigkeit und Kopfschmerzen verursachen. Sie sollten vorsichtig sein und auf Ihren K\u00f6rper h\u00f6ren, und wenn Ihr K\u00f6rper Ihnen sagt, dass \u201eetwas nicht stimmt\u201d, sollten Sie darauf h\u00f6ren.<\/li>\n<li><strong>Verzichten Sie nicht auf Ern\u00e4hrung und Ruhe<\/strong><br \/>\nNur weil Sie LGD-4033 einnehmen, bedeutet das nicht, dass Sie Ern\u00e4hrung, Schlaf und t\u00e4gliche Bewegung vernachl\u00e4ssigen k\u00f6nnen. Eine umfassende Routine kann Ihre Ergebnisse viel st\u00e4rker beeinflussen als jede Substanz allein.<\/li>\n<li><strong>Kombinieren Sie nicht ohne Wissen<\/strong><br \/>\nVielleicht haben Sie schon davon geh\u00f6rt, dass LGD-4033 mit anderen Wirkstoffen kombiniert werden kann. Ohne das Wissen dar\u00fcber, wie diese miteinander interagieren, k\u00f6nnen Sie jedoch unvorhersehbare Ergebnisse erzielen. Nehmen Sie jeweils nur eine \u00c4nderung vor und beobachten Sie, wie sich diese auf Ihre Muskeln und Ihr Energieniveau auswirkt.<\/li>\n<li><strong>Ersetzen Sie Ihr Training damit<\/strong><br \/>\nEinige Anwender k\u00f6nnten das Medikament zu einem angemessenen LGD-4033-Preis aus unserem Shop mit einem einfachen Weg zu massiven Muskeln verwechseln. Seine Hauptanwendung besteht darin, Muskelabbau zu stoppen und die Kraft in schwierigen Zeiten zu erhalten. Als Ersatz f\u00fcr Training und\/oder Ern\u00e4hrung werden Sie sich selbst entt\u00e4uschen.<\/li>\n<\/ol>\n<p>Wenn Sie diese Fallstricke umgehen k\u00f6nnen, sind Sie bereit, mit dem Kauf des besten LGD-4033 Ligandrol zu einem realistischen Preis zu beginnen. Um die besten Ergebnisse zu erzielen, nehmen Sie \u00c4nderungen langsam vor, h\u00f6ren Sie auf Ihren K\u00f6rper und achten Sie allgemein auf Ihre Gesundheit.<\/p>\n","protected":false},"excerpt":{"rendered":"<p>Name Typ Haupteffekte Nebenwirkungen Testosteron-Unterdr\u00fcckung Typischer Zyklus Am besten geeignet f\u00fcr Halbwertszeit Wirkeintritt PCT ben\u00f6tigt Toxizit\u00e4t Andarine (S-4) SARM Fettabbau, Muskelh\u00e4rte, Kraftsteigerung Sichtverf\u00e4rbungen Mittel 6\u20138 Wochen Cutting, Rekomp ~4 Stunden 7\u201310 Tage Ja Niedrig Cardarine (GW-501516) PPAR\u03b4-Agonist Ausdauersteigerung, Fettoxidation, verbesserter Stoffwechsel M\u00f6gliche Risiken bei hohen Dosierungen Keine 6\u201312 Wochen Cutting, Ausdauer 16\u201324 Stunden 3\u20135 Tage [&hellip;]<\/p>\n","protected":false},"featured_media":705,"comment_status":"open","ping_status":"closed","template":"","meta":{"_acf_changed":false},"product_brand":[],"product_cat":[47],"product_tag":[],"class_list":{"0":"post-1205","1":"product","2":"type-product","3":"status-publish","4":"has-post-thumbnail","6":"product_cat-sarms","8":"first","9":"instock","10":"shipping-taxable","11":"purchasable","12":"product-type-variable"},"acf":[],"_links":{"self":[{"href":"https:\/\/sarms-sport.com\/de\/wp-json\/wp\/v2\/product\/1205","targetHints":{"allow":["GET"]}}],"collection":[{"href":"https:\/\/sarms-sport.com\/de\/wp-json\/wp\/v2\/product"}],"about":[{"href":"https:\/\/sarms-sport.com\/de\/wp-json\/wp\/v2\/types\/product"}],"replies":[{"embeddable":true,"href":"https:\/\/sarms-sport.com\/de\/wp-json\/wp\/v2\/comments?post=1205"}],"wp:featuredmedia":[{"embeddable":true,"href":"https:\/\/sarms-sport.com\/de\/wp-json\/wp\/v2\/media\/705"}],"wp:attachment":[{"href":"https:\/\/sarms-sport.com\/de\/wp-json\/wp\/v2\/media?parent=1205"}],"wp:term":[{"taxonomy":"product_brand","embeddable":true,"href":"https:\/\/sarms-sport.com\/de\/wp-json\/wp\/v2\/product_brand?post=1205"},{"taxonomy":"product_cat","embeddable":true,"href":"https:\/\/sarms-sport.com\/de\/wp-json\/wp\/v2\/product_cat?post=1205"},{"taxonomy":"product_tag","embeddable":true,"href":"https:\/\/sarms-sport.com\/de\/wp-json\/wp\/v2\/product_tag?post=1205"}],"curies":[{"name":"wp","href":"https:\/\/api.w.org\/{rel}","templated":true}]}}