{"id":1208,"date":"2025-05-05T13:46:42","date_gmt":"2025-05-05T11:46:42","guid":{"rendered":"https:\/\/sarms-sport.com\/ostarino-zillt-medicine-ostarine-mk-2866\/"},"modified":"2025-12-25T17:53:34","modified_gmt":"2025-12-25T16:53:34","slug":"ostarino-zillt-medicine-ostarine-mk-2866","status":"publish","type":"product","link":"https:\/\/sarms-sport.com\/de\/ostarino-zillt-medicine-ostarine-mk-2866\/","title":{"rendered":"Ostarino Zillt Medicine (Ostarine MK-2866)"},"content":{"rendered":"<table>\n<tbody>\n<tr>\n<td style=\"text-align: center;\"><strong>Name<\/strong><\/td>\n<td style=\"text-align: center;\"><strong>Typ<\/strong><\/td>\n<td style=\"text-align: center;\"><strong>Haupteffekte<\/strong><\/td>\n<td style=\"text-align: center;\"><strong>Nebenwirkungen<\/strong><\/td>\n<td style=\"text-align: center;\"><strong>Testosteron-Unterdr\u00fcckung<\/strong><\/td>\n<td style=\"text-align: center;\"><strong>Typischer Zyklus<\/strong><\/td>\n<td style=\"text-align: center;\"><strong>Am besten geeignet f\u00fcr<\/strong><\/td>\n<td style=\"text-align: center;\"><strong>Halbwertszeit<\/strong><\/td>\n<td style=\"text-align: center;\"><strong>Wirkeintritt<\/strong><\/td>\n<td style=\"text-align: center;\"><strong>PCT ben\u00f6tigt<\/strong><\/td>\n<td style=\"text-align: center;\"><strong>Toxizit\u00e4t<\/strong><\/td>\n<\/tr>\n<tr>\n<td style=\"text-align: center;\"><a href=\"https:\/\/sarms-sport.com\/de\/andarino-zillt-medicine-andarine-s4\/\"><strong>Andarine (S-4)<\/strong><\/a><\/td>\n<td>SARM<\/td>\n<td>Fettabbau, Muskelh\u00e4rte, Kraftsteigerung<\/td>\n<td>Sichtverf\u00e4rbungen<\/td>\n<td>Mittel<\/td>\n<td>6\u20138 Wochen<\/td>\n<td>Cutting, Rekomp<\/td>\n<td>~4 Stunden<\/td>\n<td>7\u201310 Tage<\/td>\n<td>Ja<\/td>\n<td>Niedrig<\/td>\n<\/tr>\n<tr>\n<td style=\"text-align: center;\"><a href=\"https:\/\/sarms-sport.com\/de\/cardarino-zillt-medicine-cardarine-gw-501516\/\"><strong>Cardarine (GW-501516)<\/strong><\/a><\/td>\n<td>PPAR\u03b4-Agonist<\/td>\n<td>Ausdauersteigerung, Fettoxidation, verbesserter Stoffwechsel<\/td>\n<td>M\u00f6gliche Risiken bei hohen Dosierungen<\/td>\n<td>Keine<\/td>\n<td>6\u201312 Wochen<\/td>\n<td>Cutting, Ausdauer<\/td>\n<td>16\u201324 Stunden<\/td>\n<td>3\u20135 Tage<\/td>\n<td>Nein<\/td>\n<td>Sehr niedrig<\/td>\n<\/tr>\n<tr>\n<td style=\"text-align: center;\"><a href=\"https:\/\/sarms-sport.com\/de\/ibutamoreno-zillt-medicine-ibutamoren-mk-677\/\"><strong>Ibutamoren (MK-677)<\/strong><\/a><\/td>\n<td>GH-Sekretagog<\/td>\n<td>Erh\u00f6ht GH\/IGF-1, Erholung, verbessert Schlaf<\/td>\n<td>Erh\u00f6hter Appetit, Wassereinlagerungen<\/td>\n<td>Keine<\/td>\n<td>8\u201316 Wochen<\/td>\n<td>Bulking, Regeneration<\/td>\n<td>20\u201324 Stunden<\/td>\n<td>5\u20137 Tage<\/td>\n<td>Nein<\/td>\n<td>Niedrig<\/td>\n<\/tr>\n<tr>\n<td style=\"text-align: center;\"><a href=\"https:\/\/sarms-sport.com\/de\/ligandrolo-zillt-medicine-ligandrol-lgd-4033\/\"><strong>Ligandrol (LGD-4033)<\/strong><\/a><\/td>\n<td>SARM<\/td>\n<td>Muskel- und Kraftzuwachs, schnellere Erholung<\/td>\n<td>Starke Unterdr\u00fcckung<\/td>\n<td>Hoch<\/td>\n<td>6\u20138 Wochen<\/td>\n<td>Bulking<\/td>\n<td>24\u201336 Stunden<\/td>\n<td>7\u201310 Tage<\/td>\n<td>Ja<\/td>\n<td>Niedrig<\/td>\n<\/tr>\n<tr>\n<td style=\"text-align: center;\"><a href=\"https:\/\/sarms-sport.com\/de\/ostarino-zillt-medicine-ostarine-mk-2866\/\"><strong>Ostarine (MK-2866)<\/strong><\/a><\/td>\n<td>SARM<\/td>\n<td>Magere Masse, Gelenkunterst\u00fctzung, milde Rekomp<\/td>\n<td>Leichte Unterdr\u00fcckung<\/td>\n<td>Niedrig<\/td>\n<td>6\u20138 Wochen<\/td>\n<td>Rekomposition<\/td>\n<td>24 Stunden<\/td>\n<td>10\u201314 Tage<\/td>\n<td>Nein<\/td>\n<td>Sehr niedrig<\/td>\n<\/tr>\n<tr>\n<td style=\"text-align: center;\"><a href=\"https:\/\/sarms-sport.com\/de\/s23-zillt-medicine-mastorin-s23\/\"><strong>Mastorin (S-23)<\/strong><\/a><\/td>\n<td>Starkes SARM<\/td>\n<td>Kraft, trockene dichte Muskulatur, starke H\u00e4rtung<\/td>\n<td>Sehr starke Unterdr\u00fcckung<\/td>\n<td>Sehr hoch<\/td>\n<td>4\u20136 Wochen<\/td>\n<td>Fortgeschrittenes Cutting, Kraft<\/td>\n<td>~12 Stunden<\/td>\n<td>3\u20137 Tage<\/td>\n<td>Ja<\/td>\n<td>Mittel<\/td>\n<\/tr>\n<tr>\n<td style=\"text-align: center;\"><a href=\"https:\/\/sarms-sport.com\/de\/stenabolo-zillt-medicine-stenabolic-sr-9009\/\"><strong>Stenabolic (SR-9009)<\/strong><\/a><\/td>\n<td>Rev-ERB-Agonist<\/td>\n<td>Stoffwechselsteigerung, Fettabbau, Ausdauer<\/td>\n<td>H\u00e4ufige Einnahme erforderlich<\/td>\n<td>Keine<\/td>\n<td>6\u201310 Wochen<\/td>\n<td>Cutting<\/td>\n<td>1\u20132 Stunden<\/td>\n<td>2\u20134 Tage<\/td>\n<td>Nein<\/td>\n<td>Sehr niedrig<\/td>\n<\/tr>\n<tr>\n<td style=\"text-align: center;\"><a href=\"https:\/\/sarms-sport.com\/de\/testolono-zillt-medicine-testolone-rad-140\/\"><strong>Testolone (RAD-140)<\/strong><\/a><\/td>\n<td>SARM<\/td>\n<td>Kraftzuwachs, Muskelmasse, antikatabole Wirkung<\/td>\n<td>Unterdr\u00fcckung, Reizbarkeit<\/td>\n<td>Hoch<\/td>\n<td>6\u20138 Wochen<\/td>\n<td>Bulking, Kraft<\/td>\n<td>~60 Stunden<\/td>\n<td>5\u20137 Tage<\/td>\n<td>Ja<\/td>\n<td>Niedrig\u2013mittel<\/td>\n<\/tr>\n<tr>\n<td style=\"text-align: center;\"><a href=\"https:\/\/sarms-sport.com\/de\/yk-11-zillt-medicine-myostan-yk11\/\"><strong>Myostan (YK-11)<\/strong><\/a><\/td>\n<td>Myostatin-Hemmer<\/td>\n<td>Schneller Kraftzuwachs, beschleunigte Hypertrophie, dichte Muskulatur<\/td>\n<td>Leberbelastung, Aggression<\/td>\n<td>Hoch<\/td>\n<td>4\u20138 Wochen<\/td>\n<td>Bulking, Kraft<\/td>\n<td>6\u201310 Stunden<\/td>\n<td>5\u20137 Tage<\/td>\n<td>Ja<\/td>\n<td>Mittel\u2013hoch<\/td>\n<\/tr>\n<\/tbody>\n<\/table>\n<h2>Was ist Ostarine (MK-2866)?<\/h2>\n<p>Ostarine MK-2866 ist der erste selektive Androgenrezeptor-Modulator, der zur Vorbeugung und Behandlung von Muskelschwund entwickelt wurde. Es bindet an den Androgenrezeptor im Skelettmuskel und erzeugt eine konsistente anabole Wirkung, ohne Ihr Hormonsystem dramatisch zu beeinflussen. Da es im Vergleich zu anderen SARMs viel besser vorhersehbar ist, gilt MK-2866 in der Regel als eines der zuverl\u00e4ssigsten.<\/p>\n<p>MK-2866 ist beliebt f\u00fcr Cutting-Stacks oder Szenarien, in denen Sie bei einem Kaloriendefizit so viel Muskelmasse wie m\u00f6glich erhalten m\u00fcssen. Wenn Sie sich f\u00fcr diese Verbindung entscheiden, sollten Sie den Unterschied zwischen dem pharmazeutischen MK-2866 Ostarine und den ungetesteten Produkten kennen, die zunehmend online verkauft werden. Unterschiede in der Reinheit haben einen direkten Einfluss auf die Wirksamkeit und Sicherheit des Produkts.<\/p>\n<h2>Wie Ostarine MK-2866 wirkt<\/h2>\n<p>Ostarine ist ein selektiver Androgenrezeptor-Modulator, der an Androgenrezeptoren im Muskelgewebe bindet und eine anabole Reaktion stimuliert, die Ihnen hilft, Ihre Kraft zu erhalten. Da das Medikament die N\u00e4hrstoffverteilung in Richtung mageres Gewebe f\u00f6rdert, erhalten Sie noch mehr Ausdauer in Ihren Muskeln bei Erm\u00fcdung und eine bessere Muskelqualit\u00e4t.<\/p>\n<p>Genau so wirkt Ostarine MK 2866 in Ihrem K\u00f6rper:<\/p>\n<ul>\n<li>W\u00e4hrend der Definitionsphase behalten Ihre Muskeln mehr Gewebe und Masse, als Sie f\u00fcr m\u00f6glich halten, und sie verbrauchen mehr, wenn Sie Ihre normale Ern\u00e4hrung reduzieren.<\/li>\n<li>Trainingserm\u00fcdung h\u00e4lt weniger lange an, da sich die winzigen Risse in Ihren Muskelfasern viel schneller erholen.<\/li>\n<li>Ihre Gelenke f\u00fchlen sich oft stabil an, und wenn Sie traditionelle schwere Kraft\u00fcbungen machen, k\u00f6nnen Sie mehr Intensit\u00e4t aufbringen, ohne die Schmerzen zu sp\u00fcren, die Sie normalerweise Woche f\u00fcr Woche versp\u00fcren.<\/li>\n<li>Die Leistungen sind \u00fcber die Woche hinweg gleichm\u00e4\u00dfiger, ich scheine nach harten Trainingseinheiten nicht schlechter zu sein, was zu einem gr\u00f6\u00dferen Gef\u00fchl der Best\u00e4ndigkeit f\u00fchrt.<\/li>\n<li>W\u00e4hrend der Umgestaltung behalten Sie ein schlankes Aussehen, da Ihr K\u00f6rper in einem besseren Zustand als normal ist, um die fettfreie Masse zu erhalten.<\/li>\n<\/ul>\n<p>Diese Aktivit\u00e4ten summieren sich im Laufe der Wochen, w\u00e4hrend Sie Fortschritte machen, und nach schwierigen Trainingseinheiten werden Sie feststellen, dass Sie schnell wieder bereit sind, zu trainieren. Das zum Verkauf stehende Ostarine MK-2866 erm\u00f6glicht es Ihrem K\u00f6rper, sich gut an Ver\u00e4nderungen der Trainingsbelastung anzupassen.<\/p>\n<h2>Vorteile von Ostarine MK2866<\/h2>\n<p>Ostarine MK-2866 unterst\u00fctzt den Muskelerhalt bei gleichzeitiger Reduzierung der Kalorienzufuhr. Sie k\u00f6nnen abnehmen, ohne so viel an Umfang zu verlieren und ohne das Gef\u00fchl zu haben, Ihre Energie zu verschwenden. Andere Menschen werden aufgrund der offensichtlichen Gr\u00f6\u00dfenunterschiede auch die Definition Ihrer Arme und Schultern bemerken, w\u00e4hrend Sie Fett verlieren. Nachfolgend sind die wichtigsten Vorteile von MK 2866 Ostarine f\u00fcr Sportler aufgef\u00fchrt:<\/p>\n<ol>\n<li><strong>Schutz der mageren Muskelmasse<\/strong><br \/>\nEs handelt sich um einen SARM, der fast ausschlie\u00dflich auf die Muskeln wirkt und es Ihnen erm\u00f6glicht, Ihre Kraft zu erhalten, wenn es hart auf hart kommt. So k\u00f6nnen beispielsweise Gewichtheber oft ihre aktuelle maximale Bankdr\u00fcckleistung und andere Heizleistungen beibehalten, w\u00e4hrend sie K\u00f6rperfett abbauen.<\/li>\n<li><strong>Kraft Fortschritt<\/strong><br \/>\nOstarine erm\u00f6glicht einen langsamen Kraftzuwachs. Das bedeutet, dass Sie Ihre Gewichte Woche f\u00fcr Woche schrittweise steigern k\u00f6nnen, wenn Sie bereit sind, ohne zus\u00e4tzliches Verletzungsrisiko. Viele berichten von echten Fortschritten beim Heben von Gewichten beim Kniebeugen und Kreuzheben.<\/li>\n<li><strong>Die Erholungszeit wird verk\u00fcrzt<\/strong><br \/>\nEine schnellere Muskelregeneration und weniger Muskelkater sind zwei Vorteile, die Ihnen helfen, ohne Erm\u00fcdungserscheinungen zu trainieren. Einige Anwender stellten fest, dass die Kr\u00e4mpfe in ihren Beinen selbst nach Squat-Tagen mit einer h\u00f6heren Belastung als \u00fcblich weniger ausgepr\u00e4gt sind.<\/li>\n<li><strong>Gelenk Schutz<\/strong><br \/>\nOstarine (MK-2866) kann Ihre Gelenke bei hoher Belastung potenziell sch\u00fctzen. So f\u00e4llt es Ihnen beispielsweise leichter, Kniebeugen, Bankdr\u00fccken oder Rudern auszuf\u00fchren. In der Regel haben viele Menschen weniger Schmerzen in den Ellbogen und Knien, wenn sie gro\u00dfe Gewichte heben.<\/li>\n<li><strong>Erh\u00f6hte fettfreie Muskelmasse<\/strong><br \/>\nOstarine regt den K\u00f6rper dazu an, Fett zum Schutz der Muskeln zu verwenden, was zu einem schlankeren und \u00e4sthetischen Erscheinungsbild f\u00fchren kann. Die Schultern k\u00f6nnen straffer aussehen, und im Allgemeinen f\u00fchlen Sie sich wahrscheinlich etwas muskul\u00f6ser.<\/li>\n<li><strong>Stetige Entwicklung<\/strong><br \/>\nDas SARM tut, was es soll, ohne Ihren Hormonhaushalt durcheinander zu bringen. Sie k\u00f6nnen sich auf Ihr Training verlassen und vorhersehbare Fortschritte erzielen, anstatt pl\u00f6tzliche Energie Einbr\u00fcche zu erleben, wie sie bei anderen Pr\u00e4paraten h\u00e4ufig vorkommen.<\/li>\n<li><strong>Verbesserte Trainings Konzentration<\/strong><br \/>\nOstarine hilft Ihnen, w\u00e4hrend des Trainings Ihre mentale Konzentration aufrechtzuerhalten. Sich stark zu f\u00fchlen und sich gut zu erholen, kann zu l\u00e4ngeren und intensiveren Trainingseinheiten beitragen, ohne dass die Gefahr eines \u00dcbertrainings besteht.<\/li>\n<\/ol>\n<p>Dar\u00fcber hinaus sorgen eine gute Ern\u00e4hrung und ein diszipliniertes Training mit Ostarine MK-2866, das in den USA erh\u00e4ltlich ist, f\u00fcr nachhaltige Verbesserungen. Sie k\u00f6nnen den Unterschied bemerken, ohne das gro\u00dfe Risiko eines hormonellen Chaos einzugehen.<\/p>\n<h2>Nebenwirkungen von Ostarine (MK-2866)<\/h2>\n<p>Zu Beginn der Einnahme dieses SARM k\u00f6nnen leichte Nebenwirkungen auftreten. Dies liegt lediglich daran, dass sich Ihr K\u00f6rper an die Verbindung gew\u00f6hnt. Werfen wir einen Blick auf die h\u00e4ufigsten Nebenwirkungen von Ostarine MK-2866, die m\u00f6glicherweise auftreten k\u00f6nnen:<\/p>\n<ol>\n<li><strong>Ver\u00e4nderungen des Hormonspiegels<\/strong><br \/>\nSofern Sie keine sehr hohen Dosen einnehmen oder Ihren Zyklus verl\u00e4ngern, werden Sie keinen R\u00fcckgang des nat\u00fcrlichen Testosteronspiegels feststellen. Um Ihre Hormone zu sch\u00fctzen, sollten Sie die Zyklusdauer auf die empfohlene Dosierung beschr\u00e4nken und sich auf PCT st\u00fctzen.<\/li>\n<li><strong>Belastung von Leber und Nieren<\/strong><br \/>\nObwohl dieses Medikament Ihre Leber oder Nieren nicht sehr stark belastet, m\u00fcssen Sie dennoch einige Vorsichtsma\u00dfnahmen treffen. Es sollte eine \u00dcberwachung und Blutuntersuchungen geben, oder Sie k\u00f6nnen den Zustand Ihrer Leber selbst genau beobachten. Dies gilt insbesondere, wenn Sie zu l\u00e4ngeren Zyklen neigen.<\/li>\n<li><strong>Stimmungsschwankungen<\/strong><br \/>\nEinige Anwender berichten von Reizbarkeit, Angstzust\u00e4nden und allgemeiner Lethargie. Zu hartes und zu langes Training verschlimmert dieses Problem. Wenn Sie eines dieser Symptome versp\u00fcren, sollten Sie vielleicht einen Tag Pause machen oder Ihre Ern\u00e4hrung umstellen.<\/li>\n<li><strong>Verdauungsbeschwerden<\/strong><br \/>\nIn den ersten Tagen k\u00f6nnen \u00dcbelkeit oder Bauchschmerzen auftreten. Es ist besser, SARM zusammen mit einer Mahlzeit einzunehmen, um dieses Risiko zu verringern. Diese Verdauungsbeschwerden scheinen bei der \u00fcberwiegenden Mehrheit der MK-2866 Ostarine-Anwender nach einer Woche zu verschwinden. Wenn die Magenreizung weiterhin ein Problem darstellt, versuchen Sie, die Dosierung zu reduzieren.<\/li>\n<li><strong>Energiehaushalt und Schlafprobleme<\/strong><br \/>\nSportler berichten manchmal, dass sie sich manchmal energiegeladener und manchmal m\u00fcder f\u00fchlen, w\u00e4hrend andere gelegentlich Schlafprobleme erw\u00e4hnen. Dies kann gemildert werden, indem Sie Ihre Trainingszeit auf den Abend verlegen und sich f\u00fcr den Tag entspannen.<\/li>\n<\/ol>\n<p>Gelegentlich treten geringf\u00fcgige Nebenwirkungen auf, die jedoch einen Unterschied machen k\u00f6nnen. Die Einhaltung der Grundregeln f\u00fcr die Anwendung von SARM und ein verantwortungsbewusster Umgang mit Ihrem K\u00f6rper vor dem Kauf von Ostarine MK-2866 f\u00fchren zu effektiveren Trainingseinheiten.<\/p>\n<h2>MK-2866 (Ostarine) Dosierung, Zyklusl\u00e4nge und sichere Anwendung<\/h2>\n<p>Bei der Auswahl eines Ostarine-Kurses ist es wichtig, viele Faktoren zu ber\u00fccksichtigen und ihn korrekt durchzuf\u00fchren. Wenn Sie die folgenden Anweisungen befolgen, erzielen Sie die besten Ergebnisse und sch\u00fctzen Ihre Gesundheit mit Ostarine MK-2866 SARM.<\/p>\n<h3>Empfohlene Dosierung<\/h3>\n<p>Die meisten Anf\u00e4nger nehmen 10\u201315 mg pro Tag ein, um ihre Vertr\u00e4glichkeit zu testen und einen ersten Eindruck von den Vorteilen in Bezug auf Kraft und Muskelmasse zu bekommen. Erfahrenere Anwender k\u00f6nnen bis zu 20\u201325 mg pro Tag einnehmen, aber das ist normalerweise erst nach einigen Zyklen und unter Einhaltung der Sicherheitsvorschriften der Fall. Deshalb ist es so wichtig, die Dosierung von Ostarine MK-2866 jeden Tag konsequent einzuhalten; dadurch werden Schwankungen vermieden, die Ihre Ergebnisse wirklich beeintr\u00e4chtigen k\u00f6nnten. Beginnen Sie wie immer mit einer niedrigeren Dosis und steigern Sie diese nur so weit, wie Ihr K\u00f6rper es vertr\u00e4gt.<\/p>\n<h3>Die optimale Zyklusl\u00e4nge<\/h3>\n<p>Ein normaler Zyklus dauert 6\u20138 Wochen, um ein Gleichgewicht zwischen Wirksamkeit und Sicherheit zu erreichen. Kurze Zyklen von 4\u20136 Wochen sind ideal f\u00fcr den Fettabbau, und lange Zyklen von mehr als 8 Wochen bergen ein erh\u00f6htes Risiko, sodass Sie hinsichtlich Ihres Hormonspiegels vorsichtiger sein m\u00fcssen. Wenn Sie Ostarine MK-2866 online kaufen und Ihren Zyklus planen, erzielen Sie vorhersehbare Ergebnisse, die Ihrem K\u00f6rper erm\u00f6glichen, wieder in seinen normalen Zustand zur\u00fcckzukehren.<\/p>\n<h3>Sichere Anwendung und Tipps<\/h3>\n<p>Wenn Sie den SARM-Safe verwenden, kann dies dazu beitragen, das Risiko von Sch\u00e4den zu verringern und sicherzustellen, dass Sie das Beste aus Ostarine herausholen. Die beste Zeit f\u00fcr die Einnahme des SARM ist morgens und w\u00e4hrend einer Mahlzeit, da dies zu einer besseren Aufnahme beitr\u00e4gt. Je nachdem, wie Ihr K\u00f6rper auf MK-2866 reagiert, z\u00f6gern Sie nicht, die Dosis anzupassen, wenn Sie unter erheblicher M\u00fcdigkeit oder Stimmungsschwankungen leiden. Hier sind einige Tipps f\u00fcr eine sichere Anwendung:<\/p>\n<ul>\n<li>Um eine unbeabsichtigte \u00dcberdosierung zu vermeiden, sollten Sie aufzeichnen, wie viel Sie t\u00e4glich einnehmen.<\/li>\n<li>Trinken Sie viel Fl\u00fcssigkeit und ern\u00e4hren Sie sich ausgewogen, um die Regeneration zu unterst\u00fctzen.<\/li>\n<li>Erw\u00e4gen Sie eine routinem\u00e4\u00dfige Immun\u00fcberwachung, wenn Sie l\u00e4ngere Zyklen durchf\u00fchren.<\/li>\n<li>Wenn Sie Ostarine zusammen mit anderen starken Medikamenten einnehmen, sollten Sie darauf verzichten, ohne R\u00fccksprache mit Ihrem Arzt eine ganze Reihe anderer Medikamente gleichzeitig einzunehmen.<\/li>\n<li>Machen Sie zwischen den Zyklen eine kurze Pause, damit sich Ihr K\u00f6rper wieder normalisieren kann.<\/li>\n<\/ul>\n<p>Wenn Sie \u00fcber den Kauf von Ostarine MK-2866 nachdenken, sollten Sie diese Anweisungen befolgen, um die positiven Ergebnisse von Ostarine zu maximieren und gleichzeitig die Nebenwirkungen zu reduzieren. Halten Sie sich an eine bestimmte Dosierung und Zyklusl\u00e4nge, um Ihre Chancen auf einen sicheren und erstaunlichen Zuwachs an fettfreier Muskelmasse zu erh\u00f6hen.<\/p>\n<h2>Ostarine MK-2866 in Kombination mit anderen Wirkstoffen<\/h2>\n<p>Durch die Kombination von Ostarine MK-2866 mit anderen Wirkstoffen k\u00f6nnen mehrere verschiedene Ziele in einem einzigen Zyklus erreicht werden, dies erfordert jedoch einige Aufmerksamkeit. W\u00e4hrend der Definitionsphase bevorzugen viele Sportler die Kombination von Ostarine mit Cardarine GW-501516, um eine starke Unterst\u00fctzung zu erzielen. Wenn Sie auf einen mageren Muskelaufbau abzielen, k\u00f6nnen Sie Ostarine MK-2866 erfolgreich mit Ligandrol LGD-4033 kombinieren und Muskeln mit minimaler Wasserretention aufbauen.<\/p>\n<p>Andere Menschen, die neu im Bereich SARMs sind und nach Bezugsquellen f\u00fcr Ostarine MK-2866 und andere Medikamente suchen, neigen dazu, zu viele Wirkstoffe auf einmal zu kombinieren. Dies kann zu schwer vorhersehbaren Ergebnissen f\u00fchren. Der beste praktische Ansatz, um den Fortschritt der Ergebnisse zu verfolgen, besteht darin, einen Wirkstoff als prim\u00e4ren Wirkstoff und den anderen als Ersatzwerkstoff zu verwenden, sodass Sie die Ergebnisse \u00fcberwachen k\u00f6nnen. Sie k\u00f6nnen auch die Kraftzuw\u00e4chse messen, um festzustellen, ob die Kombination f\u00fcr Sie funktioniert.<\/p>\n<p>Wie Sie Ihre SARMs zeitlich abstimmen und wie lange Sie sie einnehmen, ist ebenfalls sehr wichtig. Sie sollten Ostarine also einmal t\u00e4glich einnehmen. Der zweite Wirkstoff kann eine andere Halbwertszeit haben und muss entsprechend zeitlich abgestimmt werden. Bei der Kombination von SARMs sollten Sie in der Regel die Dauer innerhalb eines Zyklus einhalten, daher m\u00fcssen Sie bei einer Verl\u00e4ngerung besonders vorsichtig sein.<\/p>\n<h2>H\u00e4ufige Anf\u00e4ngerfehler bei der Verwendung von Ostarine (MK-2866)<\/h2>\n<p>Obwohl Ostarine MK-2866 erstaunlich ist, machen neue Anwender Fehler und wissen nicht, wie sie Ostarine MK 2866 in vertrauensw\u00fcrdigen Gesch\u00e4ften kaufen k\u00f6nnen. Wenn Sie diese Fehler verstehen, k\u00f6nnen Sie sicher bleiben und bessere Ergebnisse erzielen. Im Folgenden sind h\u00e4ufige Anf\u00e4ngerfehler aufgef\u00fchrt:<\/p>\n<ol>\n<li><strong>Falsche Dosierungsempfehlungen<\/strong><br \/>\nEine \u00dcberschreitung der Dosierung kann zu verst\u00e4rkten Nebenwirkungen f\u00fchren und ein hormonelles Ungleichgewicht sowie einen unn\u00f6tigen Wiederaufbau verursachen, der vermeidbar gewesen w\u00e4re. Halten Sie es einfach und halten Sie sich an bew\u00e4hrte Dosierungen, um konsistente und vorhersehbare gesunde Gewinne zu erzielen.<\/li>\n<li><strong>Kein Plan f\u00fcr die Zeit nach dem Zyklus<\/strong><br \/>\nObwohl Ostarine mild ist, kann es die Heilung Ihrer Hormone verz\u00f6gern und Sie zur\u00fcckwerfen, wenn Sie Ihrem K\u00f6rper keine Chance geben, sich zu erholen, obwohl Sie sich eigentlich auf nat\u00fcrliche Weise h\u00e4tten erholen k\u00f6nnen. Ein PCT hilft Ihrem K\u00f6rper, sich besser zu erholen und die Muskeln zu erhalten, f\u00fcr die Sie so hart gearbeitet haben.<\/li>\n<li><strong>Zu viele Wirkstoffe auf einmal<\/strong><br \/>\nWenn Sie bereits andere Nahrungserg\u00e4nzungsmittel oder SARMs zusammen mit Ostarine einnehmen, belasten Sie m\u00f6glicherweise Ihr System. Beginnen Sie zun\u00e4chst nur mit Ostarine oder mit einer unterst\u00fctzenden Erg\u00e4nzung und beobachten Sie, wie Ihr K\u00f6rper darauf reagiert, um anhaltende Probleme mit dem Zyklus zu vermeiden.<\/li>\n<li><strong>Keine Fortschritts\u00fcberwachung<\/strong><br \/>\nWenn Sie Ihre Indikatoren und Fortschritte nicht \u00fcberwachen, k\u00f6nnen Sie nicht feststellen, ob der Zyklus wirksam ist. F\u00fchren Sie ein physiologisches Protokoll, um Ihre Trainings- und Ern\u00e4hrungsziele anzupassen.<\/li>\n<li><strong>Schlechte Ern\u00e4hrung<\/strong><br \/>\nEine gute Ern\u00e4hrung und ein solides Training sind nicht zu untersch\u00e4tzen, selbst wenn Sie wissen, wo Sie Ostarine MK-2866 am besten kaufen k\u00f6nnen, wie beispielsweise in unserem Shop. Wenn Sie Ihre Proteinzufuhr vernachl\u00e4ssigen oder mit dem Krafttraining aufh\u00f6ren, machen Sie alle positiven Effekte zunichte, die das SARM f\u00fcr Sie haben kann, oder schr\u00e4nken zumindest Ihren Fortschritt erheblich ein.<\/li>\n<li><strong>Verl\u00e4ngerung des Zyklus<\/strong><br \/>\nEs ist nicht ratsam, einen Zyklus \u00fcber einen l\u00e4ngeren Zeitraum als den empfohlenen durchzuf\u00fchren. Die besten Zyklen dauern 6 bis 8 Wochen. Es ist besser, die Richtlinien zur Zyklusdauer zu befolgen.<\/li>\n<li><strong>Ignorieren Sie Ihre Gesundheitsindikatoren<\/strong><br \/>\nDer K\u00f6rper gibt Ihnen w\u00e4hrend eines Zyklus R\u00fcckmeldung. M\u00fcdigkeit, Stimmungsschwankungen oder Gelenkschmerzen sind Anzeichen daf\u00fcr, dass Ihr K\u00f6rper eine \u00c4nderung Ihrer Routine verlangt. Es ist wichtig, diese Signale zu beachten und entsprechend zu behandeln, wenn Sie Ihre Gesundheit sch\u00fctzen wollen.<\/li>\n<\/ol>\n<p>Es gibt mehrere M\u00f6glichkeiten, Ihre Sicherheit zu gew\u00e4hrleisten und gleichzeitig den maximalen Nutzen aus SARM zum besten Preis f\u00fcr Ostarine MK-2866 zu ziehen, darunter auch, nicht in die oben genannten Fallen zu tappen. Sie werden das Beste aus Ihrem Zyklus herausholen, wenn Sie sich Zeit nehmen und Ihre Ver\u00e4nderungen gr\u00fcndlich durchdenken, um den gr\u00f6\u00dften Mehrwert zu erzielen.<\/p>\n","protected":false},"excerpt":{"rendered":"<p>Name Typ Haupteffekte Nebenwirkungen Testosteron-Unterdr\u00fcckung Typischer Zyklus Am besten geeignet f\u00fcr Halbwertszeit Wirkeintritt PCT ben\u00f6tigt Toxizit\u00e4t Andarine (S-4) SARM Fettabbau, Muskelh\u00e4rte, Kraftsteigerung Sichtverf\u00e4rbungen Mittel 6\u20138 Wochen Cutting, Rekomp ~4 Stunden 7\u201310 Tage Ja Niedrig Cardarine (GW-501516) PPAR\u03b4-Agonist Ausdauersteigerung, Fettoxidation, verbesserter Stoffwechsel M\u00f6gliche Risiken bei hohen Dosierungen Keine 6\u201312 Wochen Cutting, Ausdauer 16\u201324 Stunden 3\u20135 Tage [&hellip;]<\/p>\n","protected":false},"featured_media":712,"comment_status":"open","ping_status":"closed","template":"","meta":{"_acf_changed":false},"product_brand":[],"product_cat":[47],"product_tag":[],"class_list":{"0":"post-1208","1":"product","2":"type-product","3":"status-publish","4":"has-post-thumbnail","6":"product_cat-sarms","8":"first","9":"instock","10":"shipping-taxable","11":"purchasable","12":"product-type-variable"},"acf":[],"_links":{"self":[{"href":"https:\/\/sarms-sport.com\/de\/wp-json\/wp\/v2\/product\/1208","targetHints":{"allow":["GET"]}}],"collection":[{"href":"https:\/\/sarms-sport.com\/de\/wp-json\/wp\/v2\/product"}],"about":[{"href":"https:\/\/sarms-sport.com\/de\/wp-json\/wp\/v2\/types\/product"}],"replies":[{"embeddable":true,"href":"https:\/\/sarms-sport.com\/de\/wp-json\/wp\/v2\/comments?post=1208"}],"wp:featuredmedia":[{"embeddable":true,"href":"https:\/\/sarms-sport.com\/de\/wp-json\/wp\/v2\/media\/712"}],"wp:attachment":[{"href":"https:\/\/sarms-sport.com\/de\/wp-json\/wp\/v2\/media?parent=1208"}],"wp:term":[{"taxonomy":"product_brand","embeddable":true,"href":"https:\/\/sarms-sport.com\/de\/wp-json\/wp\/v2\/product_brand?post=1208"},{"taxonomy":"product_cat","embeddable":true,"href":"https:\/\/sarms-sport.com\/de\/wp-json\/wp\/v2\/product_cat?post=1208"},{"taxonomy":"product_tag","embeddable":true,"href":"https:\/\/sarms-sport.com\/de\/wp-json\/wp\/v2\/product_tag?post=1208"}],"curies":[{"name":"wp","href":"https:\/\/api.w.org\/{rel}","templated":true}]}}