{"id":1211,"date":"2025-05-05T13:48:17","date_gmt":"2025-05-05T11:48:17","guid":{"rendered":"https:\/\/sarms-sport.com\/s23-zillt-medicine-mastorin-s23\/"},"modified":"2025-12-25T17:53:51","modified_gmt":"2025-12-25T16:53:51","slug":"s23-zillt-medicine-mastorin-s23","status":"publish","type":"product","link":"https:\/\/sarms-sport.com\/de\/s23-zillt-medicine-mastorin-s23\/","title":{"rendered":"S23 Zillt Medicine (Mastorin S23)"},"content":{"rendered":"<table>\n<tbody>\n<tr>\n<td style=\"text-align: center;\"><strong>Name<\/strong><\/td>\n<td style=\"text-align: center;\"><strong>Typ<\/strong><\/td>\n<td style=\"text-align: center;\"><strong>Haupteffekte<\/strong><\/td>\n<td style=\"text-align: center;\"><strong>Nebenwirkungen<\/strong><\/td>\n<td style=\"text-align: center;\"><strong>Testosteron-Unterdr\u00fcckung<\/strong><\/td>\n<td style=\"text-align: center;\"><strong>Typischer Zyklus<\/strong><\/td>\n<td style=\"text-align: center;\"><strong>Am besten geeignet f\u00fcr<\/strong><\/td>\n<td style=\"text-align: center;\"><strong>Halbwertszeit<\/strong><\/td>\n<td style=\"text-align: center;\"><strong>Wirkeintritt<\/strong><\/td>\n<td style=\"text-align: center;\"><strong>PCT ben\u00f6tigt<\/strong><\/td>\n<td style=\"text-align: center;\"><strong>Toxizit\u00e4t<\/strong><\/td>\n<\/tr>\n<tr>\n<td style=\"text-align: center;\"><a href=\"https:\/\/sarms-sport.com\/de\/andarino-zillt-medicine-andarine-s4\/\"><strong>Andarine (S-4)<\/strong><\/a><\/td>\n<td>SARM<\/td>\n<td>Fettabbau, Muskelh\u00e4rte, Kraftsteigerung<\/td>\n<td>Sichtverf\u00e4rbungen<\/td>\n<td>Mittel<\/td>\n<td>6\u20138 Wochen<\/td>\n<td>Cutting, Rekomp<\/td>\n<td>~4 Stunden<\/td>\n<td>7\u201310 Tage<\/td>\n<td>Ja<\/td>\n<td>Niedrig<\/td>\n<\/tr>\n<tr>\n<td style=\"text-align: center;\"><a href=\"https:\/\/sarms-sport.com\/de\/cardarino-zillt-medicine-cardarine-gw-501516\/\"><strong>Cardarine (GW-501516)<\/strong><\/a><\/td>\n<td>PPAR\u03b4-Agonist<\/td>\n<td>Ausdauersteigerung, Fettoxidation, verbesserter Stoffwechsel<\/td>\n<td>M\u00f6gliche Risiken bei hohen Dosierungen<\/td>\n<td>Keine<\/td>\n<td>6\u201312 Wochen<\/td>\n<td>Cutting, Ausdauer<\/td>\n<td>16\u201324 Stunden<\/td>\n<td>3\u20135 Tage<\/td>\n<td>Nein<\/td>\n<td>Sehr niedrig<\/td>\n<\/tr>\n<tr>\n<td style=\"text-align: center;\"><a href=\"https:\/\/sarms-sport.com\/de\/ibutamoreno-zillt-medicine-ibutamoren-mk-677\/\"><strong>Ibutamoren (MK-677)<\/strong><\/a><\/td>\n<td>GH-Sekretagog<\/td>\n<td>Erh\u00f6ht GH\/IGF-1, Erholung, verbessert Schlaf<\/td>\n<td>Erh\u00f6hter Appetit, Wassereinlagerungen<\/td>\n<td>Keine<\/td>\n<td>8\u201316 Wochen<\/td>\n<td>Bulking, Regeneration<\/td>\n<td>20\u201324 Stunden<\/td>\n<td>5\u20137 Tage<\/td>\n<td>Nein<\/td>\n<td>Niedrig<\/td>\n<\/tr>\n<tr>\n<td style=\"text-align: center;\"><a href=\"https:\/\/sarms-sport.com\/de\/ligandrolo-zillt-medicine-ligandrol-lgd-4033\/\"><strong>Ligandrol (LGD-4033)<\/strong><\/a><\/td>\n<td>SARM<\/td>\n<td>Muskel- und Kraftzuwachs, schnellere Erholung<\/td>\n<td>Starke Unterdr\u00fcckung<\/td>\n<td>Hoch<\/td>\n<td>6\u20138 Wochen<\/td>\n<td>Bulking<\/td>\n<td>24\u201336 Stunden<\/td>\n<td>7\u201310 Tage<\/td>\n<td>Ja<\/td>\n<td>Niedrig<\/td>\n<\/tr>\n<tr>\n<td style=\"text-align: center;\"><a href=\"https:\/\/sarms-sport.com\/de\/ostarino-zillt-medicine-ostarine-mk-2866\/\"><strong>Ostarine (MK-2866)<\/strong><\/a><\/td>\n<td>SARM<\/td>\n<td>Magere Masse, Gelenkunterst\u00fctzung, milde Rekomp<\/td>\n<td>Leichte Unterdr\u00fcckung<\/td>\n<td>Niedrig<\/td>\n<td>6\u20138 Wochen<\/td>\n<td>Rekomposition<\/td>\n<td>24 Stunden<\/td>\n<td>10\u201314 Tage<\/td>\n<td>Nein<\/td>\n<td>Sehr niedrig<\/td>\n<\/tr>\n<tr>\n<td style=\"text-align: center;\"><a href=\"https:\/\/sarms-sport.com\/de\/s23-zillt-medicine-mastorin-s23\/\"><strong>Mastorin (S-23)<\/strong><\/a><\/td>\n<td>Starkes SARM<\/td>\n<td>Kraft, trockene dichte Muskulatur, starke H\u00e4rtung<\/td>\n<td>Sehr starke Unterdr\u00fcckung<\/td>\n<td>Sehr hoch<\/td>\n<td>4\u20136 Wochen<\/td>\n<td>Fortgeschrittenes Cutting, Kraft<\/td>\n<td>~12 Stunden<\/td>\n<td>3\u20137 Tage<\/td>\n<td>Ja<\/td>\n<td>Mittel<\/td>\n<\/tr>\n<tr>\n<td style=\"text-align: center;\"><a href=\"https:\/\/sarms-sport.com\/de\/stenabolo-zillt-medicine-stenabolic-sr-9009\/\"><strong>Stenabolic (SR-9009)<\/strong><\/a><\/td>\n<td>Rev-ERB-Agonist<\/td>\n<td>Stoffwechselsteigerung, Fettabbau, Ausdauer<\/td>\n<td>H\u00e4ufige Einnahme erforderlich<\/td>\n<td>Keine<\/td>\n<td>6\u201310 Wochen<\/td>\n<td>Cutting<\/td>\n<td>1\u20132 Stunden<\/td>\n<td>2\u20134 Tage<\/td>\n<td>Nein<\/td>\n<td>Sehr niedrig<\/td>\n<\/tr>\n<tr>\n<td style=\"text-align: center;\"><a href=\"https:\/\/sarms-sport.com\/de\/testolono-zillt-medicine-testolone-rad-140\/\"><strong>Testolone (RAD-140)<\/strong><\/a><\/td>\n<td>SARM<\/td>\n<td>Kraftzuwachs, Muskelmasse, antikatabole Wirkung<\/td>\n<td>Unterdr\u00fcckung, Reizbarkeit<\/td>\n<td>Hoch<\/td>\n<td>6\u20138 Wochen<\/td>\n<td>Bulking, Kraft<\/td>\n<td>~60 Stunden<\/td>\n<td>5\u20137 Tage<\/td>\n<td>Ja<\/td>\n<td>Niedrig\u2013mittel<\/td>\n<\/tr>\n<tr>\n<td style=\"text-align: center;\"><a href=\"https:\/\/sarms-sport.com\/de\/yk-11-zillt-medicine-myostan-yk11\/\"><strong>Myostan (YK-11)<\/strong><\/a><\/td>\n<td>Myostatin-Hemmer<\/td>\n<td>Schneller Kraftzuwachs, beschleunigte Hypertrophie, dichte Muskulatur<\/td>\n<td>Leberbelastung, Aggression<\/td>\n<td>Hoch<\/td>\n<td>4\u20138 Wochen<\/td>\n<td>Bulking, Kraft<\/td>\n<td>6\u201310 Stunden<\/td>\n<td>5\u20137 Tage<\/td>\n<td>Ja<\/td>\n<td>Mittel\u2013hoch<\/td>\n<\/tr>\n<\/tbody>\n<\/table>\n<h2>Was ist S23 SARM<\/h2>\n<p>S23 SARM gilt als der wirksamste selektive Androgenrezeptor-Modulator. Das Medikament machte seinen ersten Eindruck in der Welt des Muskelaufbaus, da es in der Lage ist, gleichzeitig Muskeln aufzubauen und Fett zu verlieren. S23 wurde urspr\u00fcnglich als Verh\u00fctungsmittel f\u00fcr M\u00e4nner entwickelt und gewann schon fr\u00fch bei Sportlern und Bodybuildern an Beliebtheit, da es extrem kr\u00e4ftigend wirkt.<\/p>\n<p>Die Mehrheit der Menschen, die S23 SARM kaufen, sind bereits Anwender, die zuvor ein modernes Velocity oder ein schw\u00e4cheres SARM verwendet haben und einfach nach einem st\u00e4rkeren suchen. Mehrere Anwender setzen S23 mit Winstrol oder Trenbolon gleich, was die trockene Vaskularit\u00e4t angeht, jedoch ohne die intensiven androgenen Wirkungen der beiden.<\/p>\n<p>Letztendlich ist S23 SARM perfekt f\u00fcr Sportler, die hart trainieren und hochwertige Muskeln aufbauen wollen, damit sie so aussehen, als w\u00e4ren sie bereit f\u00fcr die B\u00fchne. Bei richtiger Dosierung kann S23 SARM den K\u00f6rper erheblich ver\u00e4ndern und ein allgemeines Gef\u00fchl der H\u00e4rte hervorrufen.<\/p>\n<h2>Wie S23 (Mastorin) wirkt<\/h2>\n<p>Mastorin S23 bindet an die Androgenrezeptoren in Muskeln und Knochen, stimuliert die Proteinsynthese und das Wachstum in Muskeln und Knochen und reduziert die Fettmasse. Im Gegensatz zu anabolen Steroiden aromatisiert S23 nicht zu \u00d6strogen und verursacht keine Wassereinlagerungen. Das Medikament hat eine hohe Rezeptor Bindungsaffinit\u00e4t, was bedeutet, dass es selbst in sehr niedrigen Dosen starke anabole Wirkungen hat. Dies ist einer der Hauptgr\u00fcnde, warum es als das st\u00e4rkste S23 SARM auf dem Markt gilt.<\/p>\n<p>S23 f\u00f6rdert die anabole Aktivit\u00e4t und reduziert das luteinisierende Hormon und das follikelstimulierende Hormon im K\u00f6rper. Die Unterdr\u00fcckung dieser Hormone f\u00fchrt zu einer vor\u00fcbergehenden Unterbrechung der Testosteronproduktion, weshalb bei der Anwendung eine PCT erforderlich ist. Auf jeden Fall hat S23 ein ausgezeichnetes Verh\u00e4ltnis von anaboler zu androgener Wirkung.<\/p>\n<p>Mastorin k\u00f6nnte besonders vorteilhaft bei Cut- oder Recomp-Zyklen im realen Leben sein, bei denen das Ziel darin besteht, die Muskelmasse zu erhalten und gleichzeitig Fett abzubauen. Das ist es, was seinen Wirkmechanismus so sehr von anderen Medikamenten unterscheidet:<\/p>\n<ul>\n<li>Durch die gezielte Beeinflussung bestimmter Rezeptoren kann dichte und hochwertige Muskelmasse aufgebaut werden.<\/li>\n<li>Die minimale \u00f6strogene Aktivit\u00e4t f\u00fchrt zu einem trockenen und harten Aussehen.<\/li>\n<li>Die kurze Halbwertszeit von etwa 2 Tagen erm\u00f6glicht flexible Dosierungsschemata.<\/li>\n<li>Der angekurbelte Stoffwechsel erm\u00f6glicht eine schnellere Fettverbrennung.<\/li>\n<li>Eine h\u00f6here Faserdichte im Muskel ist der Grund f\u00fcr das feste Aussehen.<\/li>\n<\/ul>\n<p>S23 basiert auf der Pr\u00e4misse, dass Sie einen unglaublich starken anabolen Antrieb erhalten, der eine so feine Kontrolle \u00fcber die androgene Seite seiner Wirkung erm\u00f6glicht. Das ist einfach eine absolute Notwendigkeit f\u00fcr einen fortgeschrittenen Sportler, der eine professionelle Kondition anstrebt.<\/p>\n<h2>Vorteile von S23 SARM<\/h2>\n<p>Mastorin gilt als das wirksamste SARM sowohl f\u00fcr den Fettabbau als auch f\u00fcr den Muskelaufbau. Anwender bezeichnen es h\u00e4ufig als \u201etrocknendes\u201d SARM, das Ihnen hilft, ein vaskul\u00e4res Aussehen zu bewahren, ohne unn\u00f6tiges Wasser Gewicht zuzunehmen. Nachfolgend sind die wichtigsten Vorteile von S23 SARM f\u00fcr Bodybuilder aufgef\u00fchrt:<\/p>\n<ol>\n<li><strong>Muskelst\u00e4rke<\/strong><br \/>\nEine beispiellose H\u00e4rte ist eine eher ungew\u00f6hnliche Wirkung solcher Nahrungserg\u00e4nzungsmittel zum Muskelaufbau. Dieser Muskel Komplex hat eine hervorragende Wirkung, da er Muskeln aufbaut, die wie Wettkampf Muskeln aussehen, jedoch ohne die negativen Nebenwirkungen.<\/li>\n<li><strong>Kraftsteigerung<\/strong><br \/>\nS23 f\u00fchrt zu einer deutlichen Verbesserung der Muskelkraft und Ausdauer. Zahlreiche Sportler berichten, dass sie mehr Wiederholungen bei gleichem Erm\u00fcdungsgrad ausf\u00fchren k\u00f6nnen, ohne die Kontrolle \u00fcber ihre Atmung zu verlieren.<\/li>\n<li><strong>Fettabbau und K\u00f6rper Umgestaltung<\/strong><br \/>\nMastorin S23 kurbelt den Stoffwechsel an, sodass Sie Ihr gespeichertes Fett verbrennen, anstatt Muskeln abzubauen. Es eignet sich hervorragend f\u00fcr Schneiden Zyklen mit dem Ziel, Fett zu verlieren und Muskeln zu erhalten.<\/li>\n<li><strong>Definition und Vaskularit\u00e4t<\/strong><br \/>\nEin positiver Effekt, von dem viele S23-SARM-Anwender berichten, ist eine Zunahme der Vaskularit\u00e4t. Sie k\u00f6nnen davon ausgehen, dass Ihre Venen deutlicher hervortreten und Ihre Muskeln unter Ihrer Haut etwas besser definiert sind.<\/li>\n<li><strong>Kaloriendefizit<\/strong><br \/>\nS23 SARM hilft dem K\u00f6rper, bei einem Kaloriendefizit die anabole Aktivit\u00e4t aufrechtzuerhalten. Was Ihr Aussehen im Spiegel angeht, TF, werden Sie \u201eschlanker\u201d sein, ohne \u201evoller\u201d zu wirken.<\/li>\n<\/ol>\n<p>Das wirklich Sch\u00f6ne an S23 ist die F\u00e4higkeit, einen K\u00f6rper aufzubauen, der \u00e4sthetisch ansprechend und kraftvoll aussieht und nicht nur einfach gr\u00f6\u00dfer ist. F\u00fcr Sportler, die Wert auf \u00c4sthetik legen, geh\u00f6rt es zu den besten Produkten auf dem Markt.<\/p>\n<h2>Nebenwirkungen von Mastorin (S23)<\/h2>\n<p>Mastorin S23 hat zwar mehrere Vorteile, aber es ist auch ein starkes SARM, das Nebenwirkungen mit sich bringt, die nicht ignoriert werden d\u00fcrfen. F\u00fcr eine verantwortungsvolle Anwendung m\u00fcssen Sie wissen, wie Sie mit den h\u00e4ufigsten Nebenwirkungen von SARMS S23 umgehen m\u00fcssen:<\/p>\n<ol>\n<li><strong>Unterdr\u00fcckung von Testosteron<\/strong><br \/>\nEs hat eine extrem androgene Wirkung und kann daher Ihre eigene Testosteronproduktion unterdr\u00fccken. Um dem entgegenzuwirken, nehmen die meisten Personen eine PCT-Kur mit Clomid, Nolvadex oder anderen Medikamenten, um den Hormonspiegel wieder auf einen normalen Zustand zu bringen.<\/li>\n<li><strong>Ver\u00e4nderte Libido<\/strong><br \/>\nViele Menschen bemerken w\u00e4hrend der Einnahme von Mastorin S23 einen Anstieg der Libido und nach Beendigung des Zyklus einen R\u00fcckgang. Die zyklischen Schwankungen k\u00f6nnen auf einen hormonellen Gleichgewichtszustand zur\u00fcckzuf\u00fchren sein, der von Person zu Person variiert. Wie bereits erw\u00e4hnt, hilft Ihnen eine gut geplante PCT dabei, solche Symptome zu bew\u00e4ltigen und Ihre allgemeine Leistungsf\u00e4higkeit zu erhalten.<\/li>\n<li><strong>Energie- und Stimmungsschwankungen<\/strong><br \/>\nDa S23-SARMs den Hormonspiegel beeinflussen, k\u00f6nnen manche Menschen eine vor\u00fcbergehende Verschlechterung ihrer Stimmung und Energie versp\u00fcren. Diese Auswirkungen sind in der Regel mild und sollten mit einer Erholungsphase wieder verschwinden. Eine richtige Ern\u00e4hrung und eine gute Schlafroutine k\u00f6nnen dazu beitragen, diese Auswirkungen zu minimieren.<\/li>\n<li><strong>M\u00f6glicher Haarausfall oder fettige Haut<\/strong><br \/>\nManchmal kann Mastorin S23 eine leichte androgene Reaktion Ihres K\u00f6rpers hervorrufen, einschlie\u00dflich Haarausfall oder sehr fettiger Haut. Diese Nebenwirkungen sind vor\u00fcbergehend und k\u00f6nnen in den meisten F\u00e4llen durch Hygiene und PCT gemildert werden.<\/li>\n<li><strong>M\u00f6gliche Auswirkungen auf die Fruchtbarkeit<\/strong><br \/>\nAllerdings k\u00f6nnen lange Zyklen oder sehr hohe Dosen vor\u00fcbergehend die Spermienproduktion unterdr\u00fccken und die Fruchtbarkeit beeintr\u00e4chtigen. Halten Sie sich immer an die empfohlenen Zyklen und planen Sie zwischen den Zyklen ausreichend Zeit f\u00fcr die Erholung ein.<\/li>\n<\/ol>\n<p>Im Allgemeinen sind diese Nebenwirkungen mit der richtigen Zyklusl\u00e4nge und PCT kontrollierbar. Die Wirksamkeit der Verbindung bedeutet, dass sie respektiert werden sollte, aber Sie sollten keine Angst davor haben. H\u00f6ren Sie auf Ihren K\u00f6rper und betrachten Sie die Erholungszeit als integralen Bestandteil der Trainingszeit.<\/p>\n<h2>S23 SARMs Dosierung, Zyklusl\u00e4nge und sichere Anwendung<\/h2>\n<p>Bei Mastorins S23 ist Genauigkeit alles. Diese Substanz geh\u00f6rt zu den st\u00e4rksten SARMs, die auf dem Markt erh\u00e4ltlich sind. Daher ist, wie oben erw\u00e4hnt, die Zyklus Planung unerl\u00e4sslich und kann entweder zu hervorragenden Ergebnissen f\u00fchren oder Ihr Hormonprofil durcheinanderbringen.<\/p>\n<h3>Optimale Dosierung<\/h3>\n<p>Die empfohlene Dosierung von S23 SARMs betr\u00e4gt in der Regel 10\u201330 mg pro Tag, je nach Ihrem Fitnesslevel und Ihrer Erfahrung. Um Ihre Vertr\u00e4glichkeit zu testen, sollten die meisten Anf\u00e4nger mit 10 mg beginnen, w\u00e4hrend fortgeschrittene Anwender 30 mg einnehmen k\u00f6nnen. Die Tagesdosis kann in zwei Dosen aufgeteilt und zweimal t\u00e4glich eingenommen werden, da S23 eine kurze Halbwertszeit hat. Dies hilft, einen konstanten Spiegel in Ihrem K\u00f6rper aufrechtzuerhalten. Wenn Sie mehr als 30 mg pro Tag einnehmen, f\u00fchrt dies nicht zu schnelleren Gewinnen und kann zu einer Testosteron-Abschaltung f\u00fchren.<\/p>\n<h3>Empfohlene Zyklusl\u00e4nge<\/h3>\n<p>Die Standard Zyklusl\u00e4nge f\u00fcr S23 SARM betr\u00e4gt 6 bis 8 Wochen. Dies ist ein guter Zeitraum, um eine ausreichende Wirksamkeit zu erzielen, ohne den K\u00f6rper zu \u00fcberlasten. Sie werden eine echte Steigerung Ihrer Kraft und Muskelmasse erzielen, ohne Ihr Hormonsystem zu sch\u00e4digen. Nach dem Zyklus m\u00fcssen Sie eine vierw\u00f6chige Nachbehandlung durchf\u00fchren, um Ihre nat\u00fcrliche Testosteronproduktion wieder anzukurbeln. Normalerweise werden Sie die Ergebnisse von S23 etwa in der dritten oder vierten Woche der Anwendung sehen.<\/p>\n<h3>Tipps f\u00fcr eine sichere Anwendung<\/h3>\n<p>Ein vern\u00fcnftiger Bodybuilder unterscheidet sich durch seine Geradlinigkeit leicht von einem r\u00fccksichtslosen. Mastorin S23 ist zwar ein wirkungsvolles Erg\u00e4nzungsmittel, erfordert jedoch Vorsicht bei der Anwendung. Viele Sportler machen dabei immer noch Fehler. Hier sind einige Ratschl\u00e4ge, die Sie befolgen sollten:<\/p>\n<ul>\n<li>Sie sollten vor, w\u00e4hrend und nach Ihrem Zyklus regelm\u00e4\u00dfig Blutuntersuchungen durchf\u00fchren lassen, um Ihren Hormonspiegel, Ihre Leberenzyme und Ihre Lipide zu \u00fcberwachen.<\/li>\n<li>Essen Sie hochwertiges Protein und komplexe Kohlenhydrate, um die Muskelregeneration und das Energieniveau zu f\u00f6rdern.<\/li>\n<li>Verwenden Sie w\u00e4hrend des Zyklus einen nat\u00fcrlichen Testosteron-Booster, da dieses SARM eine gewisse Unterdr\u00fcckung bewirkt.<\/li>\n<li>S23 versetzt Ihren K\u00f6rper in einen zielgerichteten Trainingszustand, und die Regeneration gewinnt zunehmend an Bedeutung. Schlafen Sie 7\u20139 Stunden und trinken Sie viel Wasser.<\/li>\n<li>Verbindungen wie Clomid oder Nolvadex sind nach Beendigung Ihres Zyklus nicht optional. Sie helfen dabei, die Hormonfunktion zu normalisieren, damit Sie Ihre Erfolge beibehalten k\u00f6nnen.<\/li>\n<li>Lassen Sie mindestens 8\u201310 Wochen verstreichen, bevor Sie einen weiteren S23-Zyklus beginnen, damit sich Ihr K\u00f6rper erholen kann.<\/li>\n<li>Das Ergebnis h\u00e4ngt letztendlich davon ab, wie diszipliniert Sie sind. Solange Sie konsequent trainieren, werden Sie langfristig die besten Ergebnisse erzielen.<\/li>\n<\/ul>\n<p>Mit SARMs S23 k\u00f6nnen Sie die Vorteile gef\u00e4hrlicher anaboler Steroide genie\u00dfen und gleichzeitig einen \u00e4sthetischen K\u00f6rperbau erreichen. Langfristiger Erfolg bedeutet jedoch nicht, an seine Grenzen zu gehen. Vielmehr geht es darum, alle Hilfsmittel wie Mastorin S23 mit Geduld zu nutzen.<\/p>\n<h2>Mastorin (S23) in Kombination mit anderen Wirkstoffen<\/h2>\n<p>Mastorin S23 wird in der Regel zur Verfeinerung der Definition oder zum Erhalt der Muskelmasse bei Kaloriendefizit eingesetzt. Beim Cut wird es bekannterma\u00dfen mit Cardarine (GW-501516) oder Andarine (S4) kombiniert, um erstaunliche Ergebnisse mit S23 SARM vor und nach der Anwendung zu erzielen. Diese Formel f\u00fchrt zu einer besseren Ausdauer und einer h\u00f6heren Fettverbrennung. Au\u00dferdem ist diese Kombination besonders vorteilhaft f\u00fcr die Vorbereitung auf Wettk\u00e4mpfe oder Fotoshootings.<\/p>\n<p>Um gleichzeitig Muskeln aufzubauen und Fett abzubauen, k\u00f6nnen Sie S23 mit SARMs wie Ligandrol oder MK-677 f\u00fcr die K\u00f6rper Umgestaltung kombinieren. Ligandrol erm\u00f6glicht einen allm\u00e4hlichen Anstieg des mageren Gewebes, w\u00e4hrend MK-677 die Regeneration und den Schlaf durch eine erh\u00f6hte Wachstumshormonaussch\u00fcttung f\u00f6rdert. Durch die Zugabe von S23 bietet diese Kombination den Anwendern die M\u00f6glichkeit, w\u00e4hrend des Trainings ihre Kraft zu erhalten und hochwertiges mageres Gewebe aufzubauen.<\/p>\n<p>Manchmal probieren Anf\u00e4nger stark unterdr\u00fcckende Verbindungen wie RAD-140 oder YK11 aus. Diese Kombinationen belasten das Hormonsystem st\u00e4rker und erfordern eine l\u00e4ngere Erholungsphase. Es ist besser, mit halbwegs milden SARMs oder peptid basierten Hilfsmitteln zu beginnen. Unabh\u00e4ngig von der Kombination sollten alle Anwender den Zyklus mit einer geeigneten PCT abschlie\u00dfen, um einen h\u00f6heren Testosteronspiegel zu erreichen, aber auch um die Ergebnisse zu erhalten.<\/p>\n<h2>H\u00e4ufige Anf\u00e4ngerfehler bei der Verwendung von Mastorin (S23)<\/h2>\n<p>Unabh\u00e4ngig davon, ob Sie Anf\u00e4nger oder erfahrener Sportler sind, k\u00f6nnen Sie immer noch Fehler machen und am Ende weniger Ergebnisse erzielen als erwartet. Im Folgenden finden Sie die h\u00e4ufigsten Fehler, die Menschen machen, und wie Sie diese vermeiden k\u00f6nnen:<\/p>\n<ol>\n<li><strong>Mit einer hohen Dosis beginnen<\/strong><br \/>\nViele neue Anwender denken, dass die Gewinne umso schneller eintreten, je mehr sie einnehmen, aber bei S23-SARMs bedeutet eine h\u00f6here Dosis nur eine st\u00e4rkere Unterdr\u00fcckung des Testosterons. Nachdem Sie sich vergewissert haben, dass Sie f\u00fcr den Beginn des Zyklus bereit sind, wird empfohlen, mit 10\u201315 mg pro Tag zu beginnen.<\/li>\n<li><strong>Keine Therapie nach dem Zyklus<\/strong><br \/>\nMit Mastorin kann Ihre Unterdr\u00fcckung extrem stark sein, und selbst wenn Sie am Ende des Zyklus keine PCT durchf\u00fchren, k\u00f6nnen Sie Ihre Kraft verlieren und sogar depressiv werden.<\/li>\n<li><strong>Schlechte Ern\u00e4hrung<\/strong><br \/>\nWenn Sie die st\u00e4rkeren Pr\u00e4parate verwenden, um K\u00f6rperfett am Bauch zu verlieren, m\u00fcssen Sie sich dennoch richtig ern\u00e4hren. Tatsache ist, dass Sie unabh\u00e4ngig von der St\u00e4rke des Steroids Ihre Muskeln nicht erhalten k\u00f6nnen, wenn Sie sich nicht richtig ern\u00e4hren. Sie ben\u00f6tigen ausreichend Protein und etwas gesundes Fett, um m\u00f6glichst viel Muskelmasse zu erhalten.<\/li>\n<li><strong>Kombination zu vieler Pr\u00e4parate<\/strong><br \/>\nDie Verwendung von S23 zusammen mit anderen SARMs oder Steroiden kann f\u00fcr Ihren K\u00f6rper zu viel sein. Wenn Sie neu in diesem Bereich sind, beschr\u00e4nken Sie sich auf 1 oder 2 mildere Pr\u00e4parate wie Cardarine und MK-677. Die richtige Kombination kann zu stetigen Zuw\u00e4chsen f\u00fchren, aber eine zuf\u00e4llige Kombination kann zu hormonellen Schwankungen f\u00fchren.<\/li>\n<li><strong>Zu langer Zyklus<\/strong><br \/>\nS23 ist ein starker Wirkstoff, verwenden Sie ihn daher nicht l\u00e4nger als 6\u20138 Wochen. Eine zu lange Verl\u00e4ngerung des Zyklus f\u00fchrt zu einer noch st\u00e4rkeren Unterdr\u00fcckung und erschwert die Erholung. Achten Sie darauf, dass Sie zwischen den Zyklen Pausen einlegen, um einen besseren Hormonhaushalt zu erreichen.<\/li>\n<\/ol>\n<p>Mit der richtigen Herangehensweise und der Vermeidung von Fallstricken k\u00f6nnen Sie S23 SARMs sicher kaufen und die Vorteile des Muskelwachstums mit minimalen Risiken genie\u00dfen. Wenn Sie dennoch Fehler machen, z\u00f6gern Sie nicht, professionelle Hilfe in Anspruch zu nehmen, und vernachl\u00e4ssigen Sie Ihre Gesundheit nicht.<\/p>\n","protected":false},"excerpt":{"rendered":"<p>Name Typ Haupteffekte Nebenwirkungen Testosteron-Unterdr\u00fcckung Typischer Zyklus Am besten geeignet f\u00fcr Halbwertszeit Wirkeintritt PCT ben\u00f6tigt Toxizit\u00e4t Andarine (S-4) SARM Fettabbau, Muskelh\u00e4rte, Kraftsteigerung Sichtverf\u00e4rbungen Mittel 6\u20138 Wochen Cutting, Rekomp ~4 Stunden 7\u201310 Tage Ja Niedrig Cardarine (GW-501516) PPAR\u03b4-Agonist Ausdauersteigerung, Fettoxidation, verbesserter Stoffwechsel M\u00f6gliche Risiken bei hohen Dosierungen Keine 6\u201312 Wochen Cutting, Ausdauer 16\u201324 Stunden 3\u20135 Tage [&hellip;]<\/p>\n","protected":false},"featured_media":719,"comment_status":"open","ping_status":"closed","template":"","meta":{"_acf_changed":false},"product_brand":[],"product_cat":[47],"product_tag":[],"class_list":{"0":"post-1211","1":"product","2":"type-product","3":"status-publish","4":"has-post-thumbnail","6":"product_cat-sarms","8":"first","9":"instock","10":"shipping-taxable","11":"purchasable","12":"product-type-variable"},"acf":[],"_links":{"self":[{"href":"https:\/\/sarms-sport.com\/de\/wp-json\/wp\/v2\/product\/1211","targetHints":{"allow":["GET"]}}],"collection":[{"href":"https:\/\/sarms-sport.com\/de\/wp-json\/wp\/v2\/product"}],"about":[{"href":"https:\/\/sarms-sport.com\/de\/wp-json\/wp\/v2\/types\/product"}],"replies":[{"embeddable":true,"href":"https:\/\/sarms-sport.com\/de\/wp-json\/wp\/v2\/comments?post=1211"}],"wp:featuredmedia":[{"embeddable":true,"href":"https:\/\/sarms-sport.com\/de\/wp-json\/wp\/v2\/media\/719"}],"wp:attachment":[{"href":"https:\/\/sarms-sport.com\/de\/wp-json\/wp\/v2\/media?parent=1211"}],"wp:term":[{"taxonomy":"product_brand","embeddable":true,"href":"https:\/\/sarms-sport.com\/de\/wp-json\/wp\/v2\/product_brand?post=1211"},{"taxonomy":"product_cat","embeddable":true,"href":"https:\/\/sarms-sport.com\/de\/wp-json\/wp\/v2\/product_cat?post=1211"},{"taxonomy":"product_tag","embeddable":true,"href":"https:\/\/sarms-sport.com\/de\/wp-json\/wp\/v2\/product_tag?post=1211"}],"curies":[{"name":"wp","href":"https:\/\/api.w.org\/{rel}","templated":true}]}}