{"id":1214,"date":"2025-05-05T13:49:42","date_gmt":"2025-05-05T11:49:42","guid":{"rendered":"https:\/\/sarms-sport.com\/stenabolo-zillt-medicine-stenabolic-sr-9009\/"},"modified":"2025-12-25T17:54:08","modified_gmt":"2025-12-25T16:54:08","slug":"stenabolo-zillt-medicine-stenabolic-sr-9009","status":"publish","type":"product","link":"https:\/\/sarms-sport.com\/de\/stenabolo-zillt-medicine-stenabolic-sr-9009\/","title":{"rendered":"Stenabolo Zillt Medicine (Stenabolic SR-9009)"},"content":{"rendered":"<table>\n<tbody>\n<tr>\n<td style=\"text-align: center;\"><strong>Name<\/strong><\/td>\n<td style=\"text-align: center;\"><strong>Typ<\/strong><\/td>\n<td style=\"text-align: center;\"><strong>Haupteffekte<\/strong><\/td>\n<td style=\"text-align: center;\"><strong>Nebenwirkungen<\/strong><\/td>\n<td style=\"text-align: center;\"><strong>Testosteron-Unterdr\u00fcckung<\/strong><\/td>\n<td style=\"text-align: center;\"><strong>Typischer Zyklus<\/strong><\/td>\n<td style=\"text-align: center;\"><strong>Am besten geeignet f\u00fcr<\/strong><\/td>\n<td style=\"text-align: center;\"><strong>Halbwertszeit<\/strong><\/td>\n<td style=\"text-align: center;\"><strong>Wirkeintritt<\/strong><\/td>\n<td style=\"text-align: center;\"><strong>PCT ben\u00f6tigt<\/strong><\/td>\n<td style=\"text-align: center;\"><strong>Toxizit\u00e4t<\/strong><\/td>\n<\/tr>\n<tr>\n<td style=\"text-align: center;\"><a href=\"https:\/\/sarms-sport.com\/de\/andarino-zillt-medicine-andarine-s4\/\"><strong>Andarine (S-4)<\/strong><\/a><\/td>\n<td>SARM<\/td>\n<td>Fettabbau, Muskelh\u00e4rte, Kraftsteigerung<\/td>\n<td>Sichtverf\u00e4rbungen<\/td>\n<td>Mittel<\/td>\n<td>6\u20138 Wochen<\/td>\n<td>Cutting, Rekomp<\/td>\n<td>~4 Stunden<\/td>\n<td>7\u201310 Tage<\/td>\n<td>Ja<\/td>\n<td>Niedrig<\/td>\n<\/tr>\n<tr>\n<td style=\"text-align: center;\"><a href=\"https:\/\/sarms-sport.com\/de\/cardarino-zillt-medicine-cardarine-gw-501516\/\"><strong>Cardarine (GW-501516)<\/strong><\/a><\/td>\n<td>PPAR\u03b4-Agonist<\/td>\n<td>Ausdauersteigerung, Fettoxidation, verbesserter Stoffwechsel<\/td>\n<td>M\u00f6gliche Risiken bei hohen Dosierungen<\/td>\n<td>Keine<\/td>\n<td>6\u201312 Wochen<\/td>\n<td>Cutting, Ausdauer<\/td>\n<td>16\u201324 Stunden<\/td>\n<td>3\u20135 Tage<\/td>\n<td>Nein<\/td>\n<td>Sehr niedrig<\/td>\n<\/tr>\n<tr>\n<td style=\"text-align: center;\"><a href=\"https:\/\/sarms-sport.com\/de\/ibutamoreno-zillt-medicine-ibutamoren-mk-677\/\"><strong>Ibutamoren (MK-677)<\/strong><\/a><\/td>\n<td>GH-Sekretagog<\/td>\n<td>Erh\u00f6ht GH\/IGF-1, Erholung, verbessert Schlaf<\/td>\n<td>Erh\u00f6hter Appetit, Wassereinlagerungen<\/td>\n<td>Keine<\/td>\n<td>8\u201316 Wochen<\/td>\n<td>Bulking, Regeneration<\/td>\n<td>20\u201324 Stunden<\/td>\n<td>5\u20137 Tage<\/td>\n<td>Nein<\/td>\n<td>Niedrig<\/td>\n<\/tr>\n<tr>\n<td style=\"text-align: center;\"><a href=\"https:\/\/sarms-sport.com\/de\/ligandrolo-zillt-medicine-ligandrol-lgd-4033\/\"><strong>Ligandrol (LGD-4033)<\/strong><\/a><\/td>\n<td>SARM<\/td>\n<td>Muskel- und Kraftzuwachs, schnellere Erholung<\/td>\n<td>Starke Unterdr\u00fcckung<\/td>\n<td>Hoch<\/td>\n<td>6\u20138 Wochen<\/td>\n<td>Bulking<\/td>\n<td>24\u201336 Stunden<\/td>\n<td>7\u201310 Tage<\/td>\n<td>Ja<\/td>\n<td>Niedrig<\/td>\n<\/tr>\n<tr>\n<td style=\"text-align: center;\"><a href=\"https:\/\/sarms-sport.com\/de\/ostarino-zillt-medicine-ostarine-mk-2866\/\"><strong>Ostarine (MK-2866)<\/strong><\/a><\/td>\n<td>SARM<\/td>\n<td>Magere Masse, Gelenkunterst\u00fctzung, milde Rekomp<\/td>\n<td>Leichte Unterdr\u00fcckung<\/td>\n<td>Niedrig<\/td>\n<td>6\u20138 Wochen<\/td>\n<td>Rekomposition<\/td>\n<td>24 Stunden<\/td>\n<td>10\u201314 Tage<\/td>\n<td>Nein<\/td>\n<td>Sehr niedrig<\/td>\n<\/tr>\n<tr>\n<td style=\"text-align: center;\"><a href=\"https:\/\/sarms-sport.com\/de\/s23-zillt-medicine-mastorin-s23\/\"><strong>Mastorin (S-23)<\/strong><\/a><\/td>\n<td>Starkes SARM<\/td>\n<td>Kraft, trockene dichte Muskulatur, starke H\u00e4rtung<\/td>\n<td>Sehr starke Unterdr\u00fcckung<\/td>\n<td>Sehr hoch<\/td>\n<td>4\u20136 Wochen<\/td>\n<td>Fortgeschrittenes Cutting, Kraft<\/td>\n<td>~12 Stunden<\/td>\n<td>3\u20137 Tage<\/td>\n<td>Ja<\/td>\n<td>Mittel<\/td>\n<\/tr>\n<tr>\n<td style=\"text-align: center;\"><a href=\"https:\/\/sarms-sport.com\/de\/stenabolo-zillt-medicine-stenabolic-sr-9009\/\"><strong>Stenabolic (SR-9009)<\/strong><\/a><\/td>\n<td>Rev-ERB-Agonist<\/td>\n<td>Stoffwechselsteigerung, Fettabbau, Ausdauer<\/td>\n<td>H\u00e4ufige Einnahme erforderlich<\/td>\n<td>Keine<\/td>\n<td>6\u201310 Wochen<\/td>\n<td>Cutting<\/td>\n<td>1\u20132 Stunden<\/td>\n<td>2\u20134 Tage<\/td>\n<td>Nein<\/td>\n<td>Sehr niedrig<\/td>\n<\/tr>\n<tr>\n<td style=\"text-align: center;\"><a href=\"https:\/\/sarms-sport.com\/de\/testolono-zillt-medicine-testolone-rad-140\/\"><strong>Testolone (RAD-140)<\/strong><\/a><\/td>\n<td>SARM<\/td>\n<td>Kraftzuwachs, Muskelmasse, antikatabole Wirkung<\/td>\n<td>Unterdr\u00fcckung, Reizbarkeit<\/td>\n<td>Hoch<\/td>\n<td>6\u20138 Wochen<\/td>\n<td>Bulking, Kraft<\/td>\n<td>~60 Stunden<\/td>\n<td>5\u20137 Tage<\/td>\n<td>Ja<\/td>\n<td>Niedrig\u2013mittel<\/td>\n<\/tr>\n<tr>\n<td style=\"text-align: center;\"><a href=\"https:\/\/sarms-sport.com\/de\/yk-11-zillt-medicine-myostan-yk11\/\"><strong>Myostan (YK-11)<\/strong><\/a><\/td>\n<td>Myostatin-Hemmer<\/td>\n<td>Schneller Kraftzuwachs, beschleunigte Hypertrophie, dichte Muskulatur<\/td>\n<td>Leberbelastung, Aggression<\/td>\n<td>Hoch<\/td>\n<td>4\u20138 Wochen<\/td>\n<td>Bulking, Kraft<\/td>\n<td>6\u201310 Stunden<\/td>\n<td>5\u20137 Tage<\/td>\n<td>Ja<\/td>\n<td>Mittel\u2013hoch<\/td>\n<\/tr>\n<\/tbody>\n<\/table>\n<h2>Was ist Stenabolic (SR-9009)?<\/h2>\n<p>Stenabolic (SR-9009) ist ein synthetisches Medikament, das oft als SARM klassifiziert wird, aber aufgrund seines unterschiedlichen Wirkmechanismus kein SARMs ist. Sportler und Bodybuilder nutzen es, um \u00fcber l\u00e4ngere Zeitr\u00e4ume hinweg hochintensives Training zu absolvieren und so schlank wie m\u00f6glich auszusehen. SR 9009 Stenabolic ist kein Stimulans, verursacht also keine Nervosit\u00e4t oder Abst\u00fcrze, sondern wirkt, indem es die Energieverwertung des K\u00f6rpers im Laufe des Tages allm\u00e4hlich verbessert.<\/p>\n<p>Bevor die Wirkung des Wirkstoffs auf Stoffwechsel- und Herz-Kreislauf-Erkrankungen untersucht wurde, wurde er zuvor erforscht. Jetzt erregt er jedoch Aufmerksamkeit aufgrund seiner Vorteile f\u00fcr die Ausdauer und Funktionalit\u00e4t im Sport. Das Besondere an SR-9009 Stenabolic ist, dass es die Fettoxidation unterst\u00fctzt, ohne dass Muskelmasse verloren geht, was bedeutet, dass man trotz Kaloriendefizit leistungsf\u00e4hig bleibt. Irgendwo zwischen diesen beiden Extremen liegt die einzigartige Wirkung dieses Wirkstoffs, der f\u00fcr jeden n\u00fctzlich sein kann, der sein Gewicht reduzieren oder seine Stoffwechselleistung verbessern m\u00f6chte.<\/p>\n<h2>Wie SR-9009 Stenabolic wirkt<\/h2>\n<p>SR9009 Stenabolic wirkt durch die Aktivierung eines bestimmten Proteins namens Rev-ErbA. Es tr\u00e4gt zur Regulierung des Stoffwechsels des K\u00f6rpers und der allgemeinen inneren Uhr bei. Nach der Aktivierung dieses Proteins produzieren die Zellen mehr Mitochondrien, die winzigen energie produzierenden Organellen, die es dem K\u00f6rper erm\u00f6glichen, alle seine Prozesse auszuf\u00fchren. Das Ergebnis ist eine gr\u00f6\u00dfere Ausdauer, eine effiziente Fettverbrennung und eine verbesserte Energieproduktion im K\u00f6rper.<\/p>\n<p>Kurz gesagt, SR-9009 sorgt daf\u00fcr, dass der K\u00f6rper Energie effizienter nutzt, sodass Sie w\u00e4hrend Ihres Trainings h\u00e4rter trainieren und l\u00e4nger aktiv bleiben k\u00f6nnen. Dies ist also die Wirkung von SR-9009 auf den menschlichen K\u00f6rper:<\/p>\n<ul>\n<li>Die Zellen erh\u00f6hen ihre energie produzierenden Einheiten, die Mitochondrien, um die Ausdauer und k\u00f6rperliche Leistungsf\u00e4higkeit zu verbessern.<\/li>\n<li>Ihr K\u00f6rper ist den ganzen Tag \u00fcber energieeffizienter, was m\u00f6glicherweise ein Grund daf\u00fcr ist, warum Sie sich in letzter Zeit so schlapp f\u00fchlen.<\/li>\n<li>Je l\u00e4nger Ihre Muskeln durchhalten k\u00f6nnen, bevor sie erm\u00fcden, desto leichter fallen Ihnen Ihre Cardio-Einheiten.<\/li>\n<li>Der K\u00f6rper verbrennt mehr Fett zur Energiegewinnung, was langfristig zu einer schlankeren Figur f\u00fchren kann.<\/li>\n<li>Es kann sich positiv auf Ihre innere Uhr auswirken, den Schlaf-Wach-Rhythmus normalisieren und die Stoffwechsel Gesundheit verbessern.<\/li>\n<\/ul>\n<p>Durch die Kombination all dieser Effekte sorgt SR9009 daf\u00fcr, dass sich die Anwender einfach energiegeladener f\u00fchlen und mehr leisten k\u00f6nnen, ohne dass dies Auswirkungen auf die Muskelhypertrophie hat. Einige Sportler sch\u00e4tzen es auch wegen seiner ausdauer f\u00f6rdernden und fett kontrollierenden Wirkung.<\/p>\n<h2>Vorteile von SR-9009 Stenabolic<\/h2>\n<p>Viele der Vorteile von Stenabolic haben etwas mit Sportlern, Fitness Begeisterten oder einfach nur Menschen zu tun, die ihre Energie und ihren Stoffwechsel steigern m\u00f6chten. Obwohl SR-9009 kein Steroid ist, ist die Wirkung auf Ausdauer und Leistung sehr positiv, wenn man mehr Energie sucht. Nachfolgend sind einige der wichtigsten Vorteile aufgef\u00fchrt, die Sie erwarten k\u00f6nnen:<\/p>\n<ol>\n<li><strong>Mehr Ausdauer<\/strong><br \/>\nWenn Sie Stenabolic kaufen, verbessert es die Zeit, die Muskeln ohne Ersch\u00f6pfung durchhalten k\u00f6nnen. Anwender sagen auch, dass es Cardio-Einheiten erleichtern kann und dass sie bei ihren Workouts mehr leisten k\u00f6nnen. Eine h\u00f6here Ausdauer ist immer gut f\u00fcr Sportler und diejenigen, die eine bessere Kondition haben m\u00f6chten.<\/li>\n<li><strong>Bessere Fettverbrennung<\/strong><br \/>\nDiejenigen, die SR-9009 verwenden, geben an, dass ihr Fettstoffwechsel dank der erh\u00f6hten Mitochondrienaktivit\u00e4t effizienter ist. Eine h\u00f6here Mitochondrienfunktion erh\u00f6ht auch den Stoffwechsel im Ruhezustand und beim Training, wodurch der Fettabbau verbessert wird.<\/li>\n<li><strong>Erh\u00f6hte Energieressourcen<\/strong><br \/>\nDie Anwender sind den ganzen Tag \u00fcber aktiver, da der Energiestoffwechsel der gespeicherten Energie verbessert und die Lethargie verringert wird. Au\u00dferdem wird die Aktivit\u00e4t f\u00fcr das t\u00e4gliche Training zus\u00e4tzlich durch SR-9009 gef\u00f6rdert.<\/li>\n<li><strong>Schnellere Erholung<\/strong><br \/>\nEine verbesserte Energieproduktion und ein verbesserter Stoffwechsel der Mitochondrien erm\u00f6glichen es den Muskeln, sich schneller von k\u00f6rperlicher Bet\u00e4tigung zu erholen und h\u00e4ufiger zu trainieren, ohne \u00fcberm\u00e4\u00dfig zu erm\u00fcden.<\/li>\n<li><strong>Unterst\u00fctzt die Stoffwechsel Gesundheit<\/strong><br \/>\nDie hohe Bioverf\u00fcgbarkeit von SR-9009 in den Mitochondrien sorgt daf\u00fcr, dass die innere K\u00f6rperuhr und der Energiestoffwechsel besser funktionieren. Das bedeutet einen ausgeglicheneren Stoffwechsel \u00fcber den ganzen Tag hinweg.<\/li>\n<li><strong>Nicht-hormonelle Wirkung<\/strong><br \/>\nStenabolic (SR-9009) ist kein Hormon und greift daher nicht wie Steroide direkt in Ihren Hormonhaushalt ein. Dies verringert das Risiko hormoneller Nebenwirkungen, w\u00e4hrend die Vorteile f\u00fcr den Stoffwechsel und die Leistungsf\u00e4higkeit erhalten bleiben.<\/li>\n<li><strong>Flexibilit\u00e4t f\u00fcr unterschiedliche Ziele<\/strong><br \/>\nOb es darum geht, Ausdauer aufzubauen, Fett abzubauen oder Vitalit\u00e4t zu gewinnen, alles kann zum Ziel werden, bevor die dringend ben\u00f6tigte Mahlzeit SR-9009 in irgendeiner Form, extreme Di\u00e4ten oder Trainings \u00c4nderungen eingenommen wird. Wie bereits erw\u00e4hnt, variieren die Ergebnisse von Person zu Person, und das Medikament kann an pers\u00f6nliche Fitnessziele angepasst werden.<\/li>\n<\/ol>\n<p>Wenn Sie Stenabolic online kaufen, hat es schlie\u00dflich das Potenzial, Ausdauer, Energie und Fettoxidation auf nicht-hormonelle Weise zu steigern. Es ist eine nat\u00fcrliche Ressource f\u00fcr diejenigen, die ihren K\u00f6rper schlanker halten und mehr Energie f\u00fcr den Tag haben m\u00f6chten.<\/p>\n<h2>Nebenwirkungen von Stenabolic (SR9009)<\/h2>\n<p>Obwohl SR-9009 als sicherer als die meisten anderen anabolen Medikamente gilt, kann es dennoch zu einigen unerw\u00fcnschten Reaktionen kommen. Wenn Sie alle Nebenwirkungen von Stenabolic kennen, k\u00f6nnen Sie es sicher und effektiv einnehmen. Werfen wir einen Blick auf die h\u00e4ufigsten Nebenwirkungen, mit denen Sie rechnen m\u00fcssen:<\/p>\n<ol>\n<li><strong>Leichte M\u00fcdigkeit<\/strong><br \/>\nM\u00fcdigkeit ist eine h\u00e4ufige Nebenwirkung, die bei vielen Anwendern in der Anfangsphase auftritt. Wenn Sie mit der Einnahme von SR-9009 beginnen, werden Sie sich m\u00fcde f\u00fchlen, aber es handelt sich nur um eine kurzzeitige M\u00fcdigkeit, w\u00e4hrend sich Ihr K\u00f6rper an die erh\u00f6hte Energieproduktion gew\u00f6hnt. Die M\u00fcdigkeit verschwindet in der Regel innerhalb weniger Tage.<\/li>\n<li><strong>Schlafst\u00f6rungen<\/strong><br \/>\nDer Tagesrhythmus kann durch SR-9009 gest\u00f6rt werden. Einige Menschen berichten von Einschlafschwierigkeiten, die manchmal beunruhigend sein k\u00f6nnen.<\/li>\n<li><strong>Verdauungsbeschwerden<\/strong><br \/>\nNach der Einnahme von Stenabolic SR-9009 auf n\u00fcchternen Magen k\u00f6nnen \u00dcbelkeit und Bl\u00e4hungen oder sogar leichte Magenbeschwerden auftreten. Wenn Sie SR-9009 zusammen mit einer kleinen Mahlzeit oder einem Snack einnehmen, sollten Sie Linderung von einigen der Beschwerden finden.<\/li>\n<li><strong>Kopfschmerzen<\/strong><br \/>\nBei einigen Anwendern kommt es aufgrund des Energieverbrauchs und der Verlagerung des Stoffwechsels zu Kopfschmerzen. Um diese Nebenwirkung zu verringern, ist es ratsam, Wasser zu trinken und die Dosis zu kontrollieren.<\/li>\n<li><strong>Erh\u00f6hte Herzfrequenz<\/strong><br \/>\nAufgrund der energetisierenden Wirkung k\u00f6nnen manche Menschen w\u00e4hrend des Trainings ein schnelleres Herzklopfen versp\u00fcren. In den meisten F\u00e4llen ist dies f\u00fcr gesunde Personen nicht gef\u00e4hrlich, dennoch ist es ratsam, auf Ver\u00e4nderungen des Herz-Kreislauf-Systems zu achten.<\/li>\n<\/ol>\n<p>Alle Nebenwirkungen von SR9009 SARM sind mild und werden sehr gut vertragen, wenn die richtige Dosierung und Einnahmezeit eingehalten werden. Wenn Sie aufmerksam sind und die Reaktionen Ihres K\u00f6rpers wahrnehmen, k\u00f6nnen Sie von der Einnahme profitieren, da Sie sich an etwaige Nebenwirkungen anpassen k\u00f6nnen.<\/p>\n<h2>SR-9009 (Stenabolic) Dosierung, Zyklusl\u00e4nge und sichere Anwendung<\/h2>\n<p>Sie sollten den sicheren Umgang mit SR-9009 \u00fcben, um das Beste aus dieser Substanz herauszuholen und m\u00f6glichst wenige Probleme zu haben. Nur weil es sich nicht um ein Steroid handelt, bedeutet das nicht, dass Sie keine leichten Nebenwirkungen oder unwirksame Stenabolic Ergebnisse erleben k\u00f6nnen, wenn es falsch angewendet wird.<\/p>\n<h3>Empfohlene Dosierung<\/h3>\n<p>Die \u00fcbliche Dosierung von SR9009 liegt zwischen 10 und 30 mg pro Tag. Anf\u00e4nger sollten mit der niedrigeren Dosierung von 10 mg beginnen. Je h\u00f6her die Dosierung, desto st\u00e4rker die Wirkung und das Risiko von Nebenwirkungen. In den meisten F\u00e4llen berichten Anwender, dass sie die t\u00e4gliche oder empfohlene Dosis auf zwei Dosen aufteilen, eine morgens und eine am fr\u00fchen Nachmittag.<\/p>\n<h3>Ideale Zyklusl\u00e4nge<\/h3>\n<p>Typische SR-9009 Zyklen dauern 6 bis 8 Wochen. Eine \u00dcberschreitung dieser Zyklusl\u00e4nge wird nicht empfohlen, da es einfach nicht gen\u00fcgend Langzeitstudien gibt. Nach Ablauf eines Zyklus ruhen sich Bodybuilder aus, damit sich ihr K\u00f6rper von dem Medikament reinigen und erholen kann. Innerhalb der ersten Wochen der Anwendung werden Sie Verbesserungen in Bezug auf Ausdauer, Durchhalteverm\u00f6gen und Fettstoffwechsel feststellen.<\/p>\n<h3>Tipps f\u00fcr eine sichere Anwendung<\/h3>\n<p>Die verantwortungsvolle Anwendung von SR-9009 geht \u00fcber die einfache Auswahl einer Dosierung oder der Dauer Ihres Zyklus hinaus. Einfache Gewohnheiten und das Bewusstsein f\u00fcr die Vorg\u00e4nge in Ihrem K\u00f6rper k\u00f6nnen Ihre Ergebnisse erheblich verbessern und das Risiko von Nebenwirkungen verringern. Im Folgenden finden Sie f\u00fcnf grundlegende Gewohnheiten, die Sie bei der Anwendung von Stenabolic SARMs w\u00e4hrend Ihres Zyklus ber\u00fccksichtigen sollten:<\/p>\n<ul>\n<li>Finden Sie die f\u00fcr Sie niedrigste wirksame Dosis, damit Sie das Wohlbefinden Ihres K\u00f6rpers vor einer Dosiserh\u00f6hung beurteilen k\u00f6nnen.<\/li>\n<li>Es ist \u00fcblich, die Dosis auf den Morgen und den fr\u00fchen Nachmittag aufzuteilen, um das Energieniveau aufrechtzuerhalten, w\u00e4hrend die Wirksamkeit des Pr\u00e4parats vor dem Schlafengehen abgebaut wird, um normal einschlafen zu k\u00f6nnen.<\/li>\n<li>Achten Sie insbesondere auf Anzeichen von M\u00fcdigkeit, Kopfschmerzen und Verdauungsproblemen, um die Dosis oder das Dosierung Volumen entsprechend anzupassen.<\/li>\n<li>Trinken Sie viel Wasser und ern\u00e4hren Sie sich ausgewogen, um den Stoffwechsel zu unterst\u00fctzen und Nebenwirkungen zu reduzieren.<\/li>\n<li>Es wird empfohlen, den Zyklus auf 6 bis 8 Wochen zu begrenzen, um das Langzeitrisiko zu minimieren und dem K\u00f6rper eine Erholungspause zu g\u00f6nnen.<\/li>\n<\/ul>\n<p>Durch die Einhaltung sicherer Dosierungen und eine verantwortungsbewusste Anwendung k\u00f6nnen Sportler, die SR9009 kaufen, Nebenwirkungen minimieren. Eine sorgf\u00e4ltige Planung sorgt f\u00fcr mehr Energie, wodurch die Verbindung im Laufe der Zeit wirksamer und besser handhabbar wird.<\/p>\n<h2>Stenabolic SR-9009 in Kombination mit anderen Pr\u00e4paraten<\/h2>\n<p>Sportler kombinieren es oft mit anderen Medikamenten, um die Ausdauer zu steigern oder das Leistungspotenzial zu verbessern. Stenabolic SR 9009 SARM ist nicht hormonell, sodass es je nach Ihren individuellen Zielen mit anderen anabolen und nicht-anabolen Verbindungen kombiniert werden kann. Das bedeutet, dass Sportler individuelle Kombinationen zusammenstellen k\u00f6nnen, die speziell auf ihre Trainings- und Stoffwechsel Bed\u00fcrfnisse zugeschnitten sind.<\/p>\n<p>Eine beliebte Kombination ist SR-9009 mit Cardarine (GW-501516). Beide Medikamente f\u00f6rdern die Ausdauer und den Fettstoffwechsel. Sie sind ideal f\u00fcr einen Schnitt Zyklus oder ein anspruchsvolleres Training. SR-9009 erh\u00f6ht die Energieproduktion der Mitochondrien, w\u00e4hrend Cardarine eine bessere Sauerstoffverwertung f\u00f6rdert, um ein l\u00e4ngeres Cardio-Training und einen schnelleren Fettabbau zu erm\u00f6glichen.<\/p>\n<p>Sie k\u00f6nnen SR9009 jetzt kaufen und es mit Ostarine (MK-2866) oder Ligandrol (LGD-4033) kombinieren. Ostarine ist ein altes Hormon aus der SARMs Reihe, das Ihnen helfen kann, w\u00e4hrend eines Kaloriendefizits fettfreie Muskelmasse zu erhalten, und das wie SR-9009 die Ausdauer unterst\u00fctzt, was Ostarine sehr wirksam macht. Was die Kombination von SR-9009 und Ligandrol angeht, k\u00f6nnen Sportler die sehr milden anabolen Effekte mit den sehr starken Fettverbrennung Vorteilen von SR-9009 nutzen, was sich hervorragend zum Abnehmen eignet.<\/p>\n<h2>H\u00e4ufige Anf\u00e4ngerfehler bei der Verwendung von Stenabolic (SR9009)<\/h2>\n<p>Viele neue Anwender haben gro\u00dfe Erwartungen an Stenabolic, aber einige neigen dazu, ein paar Dinge zu vergessen, die ihr Ergebnis beeinflussen k\u00f6nnen. Sportler, insbesondere Anf\u00e4nger, neigen dazu, einige h\u00e4ufige Fehler zu machen, wie zum Beispiel:<\/p>\n<ol>\n<li><strong>Erwartung ungef\u00e4hrer Wirkungen<\/strong><br \/>\nViele Menschen erwarten, dass SR-9009 wie ein anaboles Steroid wirkt, was sie sehr entt\u00e4uschen wird. Stenabolic ist kein Anabolikum, und es gibt keine Hinweise auf einen enormen Massezuwachs innerhalb weniger Tage.<\/li>\n<li><strong>Unregelm\u00e4\u00dfige Dosierung<\/strong><br \/>\nNeue Anwender neigen oft dazu, SR-9009 in unregelm\u00e4\u00dfigen Abst\u00e4nden einzunehmen oder Dosen auszulassen, da das Medikament eine kurze Halbwertszeit hat. Dies f\u00fchrt zu weniger konsistenten Ergebnissen, wodurch es schwierig ist, zu erkennen, wie sich das Medikament auf die Leistung auswirkt.<\/li>\n<li><strong>Missachtung allgemeiner Lebensstilfaktoren<\/strong><br \/>\nEgal wie gro\u00dfartig ein Pr\u00e4parat auch sein mag, es kann niemals die Auswirkungen allgemeiner Lebensgewohnheiten ausgleichen. Oftmals werden Sie einen gr\u00f6\u00dferen Nutzen von SR-9009 feststellen, wenn Sie einfach Ihr Leben auf die Reihe bekommen.<\/li>\n<li><strong>Kombination mit geringer Erfahrung<\/strong><br \/>\nWir beobachten h\u00e4ufig, dass Anf\u00e4nger SARMs Stenabolic SR9009 wahllos mit einer ganzen Reihe anderer Wirkstoffe kombinieren, ohne wirklich zu verstehen, wie die einzelnen Wirkstoffe wirken. Das un\u00fcberlegte Kombinieren von Wirkstoffen kann zu Nebenwirkungen f\u00fchren oder sogar dazu, dass potenzielle Vorteile nicht genutzt werden.<\/li>\n<li><strong>Verwendung von Medikamenten als schnelle Hilfe zur Fettverbrennung<\/strong><br \/>\nManche Menschen verlassen sich m\u00f6glicherweise zu sehr auf diesen Wirkstoff. Sie verstehen m\u00f6glicherweise nicht wirklich, wie ein Nebenprozess funktioniert, und achten nicht auf ihre Kalorienzufuhr. SR-9009 kann zwar den Fettstoffwechsel f\u00f6rdern, aber es kann die Auswirkungen einer zu hohen Kalorienzufuhr nicht ausgleichen.<\/li>\n<\/ol>\n<p>Wenn Anf\u00e4nger diese Fehler beim Kauf von SR-9009 Stenabolic Kapseln im Hinterkopf behalten, werden sie die wahre Kraft des Medikaments verstehen lernen. Realistisch betrachtet kann es als Nahrungserg\u00e4nzungsmittel in Verbindung mit konsequenten t\u00e4glichen Gewohnheiten eine gro\u00dfartige Erg\u00e4nzung f\u00fcr Ihre Definitionsphase sein.<\/p>\n","protected":false},"excerpt":{"rendered":"<p>Name Typ Haupteffekte Nebenwirkungen Testosteron-Unterdr\u00fcckung Typischer Zyklus Am besten geeignet f\u00fcr Halbwertszeit Wirkeintritt PCT ben\u00f6tigt Toxizit\u00e4t Andarine (S-4) SARM Fettabbau, Muskelh\u00e4rte, Kraftsteigerung Sichtverf\u00e4rbungen Mittel 6\u20138 Wochen Cutting, Rekomp ~4 Stunden 7\u201310 Tage Ja Niedrig Cardarine (GW-501516) PPAR\u03b4-Agonist Ausdauersteigerung, Fettoxidation, verbesserter Stoffwechsel M\u00f6gliche Risiken bei hohen Dosierungen Keine 6\u201312 Wochen Cutting, Ausdauer 16\u201324 Stunden 3\u20135 Tage [&hellip;]<\/p>\n","protected":false},"featured_media":726,"comment_status":"open","ping_status":"closed","template":"","meta":{"_acf_changed":false},"product_brand":[],"product_cat":[47],"product_tag":[],"class_list":{"0":"post-1214","1":"product","2":"type-product","3":"status-publish","4":"has-post-thumbnail","6":"product_cat-sarms","8":"first","9":"instock","10":"shipping-taxable","11":"purchasable","12":"product-type-variable"},"acf":[],"_links":{"self":[{"href":"https:\/\/sarms-sport.com\/de\/wp-json\/wp\/v2\/product\/1214","targetHints":{"allow":["GET"]}}],"collection":[{"href":"https:\/\/sarms-sport.com\/de\/wp-json\/wp\/v2\/product"}],"about":[{"href":"https:\/\/sarms-sport.com\/de\/wp-json\/wp\/v2\/types\/product"}],"replies":[{"embeddable":true,"href":"https:\/\/sarms-sport.com\/de\/wp-json\/wp\/v2\/comments?post=1214"}],"wp:featuredmedia":[{"embeddable":true,"href":"https:\/\/sarms-sport.com\/de\/wp-json\/wp\/v2\/media\/726"}],"wp:attachment":[{"href":"https:\/\/sarms-sport.com\/de\/wp-json\/wp\/v2\/media?parent=1214"}],"wp:term":[{"taxonomy":"product_brand","embeddable":true,"href":"https:\/\/sarms-sport.com\/de\/wp-json\/wp\/v2\/product_brand?post=1214"},{"taxonomy":"product_cat","embeddable":true,"href":"https:\/\/sarms-sport.com\/de\/wp-json\/wp\/v2\/product_cat?post=1214"},{"taxonomy":"product_tag","embeddable":true,"href":"https:\/\/sarms-sport.com\/de\/wp-json\/wp\/v2\/product_tag?post=1214"}],"curies":[{"name":"wp","href":"https:\/\/api.w.org\/{rel}","templated":true}]}}