{"id":1217,"date":"2025-05-05T13:51:18","date_gmt":"2025-05-05T11:51:18","guid":{"rendered":"https:\/\/sarms-sport.com\/testolono-zillt-medicine-testolone-rad-140\/"},"modified":"2025-12-25T17:54:23","modified_gmt":"2025-12-25T16:54:23","slug":"testolono-zillt-medicine-testolone-rad-140","status":"publish","type":"product","link":"https:\/\/sarms-sport.com\/de\/testolono-zillt-medicine-testolone-rad-140\/","title":{"rendered":"Testolono Zillt Medicine (Testolone RAD-140)"},"content":{"rendered":"<table>\n<tbody>\n<tr>\n<td style=\"text-align: center;\"><strong>Name<\/strong><\/td>\n<td style=\"text-align: center;\"><strong>Typ<\/strong><\/td>\n<td style=\"text-align: center;\"><strong>Haupteffekte<\/strong><\/td>\n<td style=\"text-align: center;\"><strong>Nebenwirkungen<\/strong><\/td>\n<td style=\"text-align: center;\"><strong>Testosteron-Unterdr\u00fcckung<\/strong><\/td>\n<td style=\"text-align: center;\"><strong>Typischer Zyklus<\/strong><\/td>\n<td style=\"text-align: center;\"><strong>Am besten geeignet f\u00fcr<\/strong><\/td>\n<td style=\"text-align: center;\"><strong>Halbwertszeit<\/strong><\/td>\n<td style=\"text-align: center;\"><strong>Wirkeintritt<\/strong><\/td>\n<td style=\"text-align: center;\"><strong>PCT ben\u00f6tigt<\/strong><\/td>\n<td style=\"text-align: center;\"><strong>Toxizit\u00e4t<\/strong><\/td>\n<\/tr>\n<tr>\n<td style=\"text-align: center;\"><a href=\"https:\/\/sarms-sport.com\/de\/andarino-zillt-medicine-andarine-s4\/\"><strong>Andarine (S-4)<\/strong><\/a><\/td>\n<td>SARM<\/td>\n<td>Fettabbau, Muskelh\u00e4rte, Kraftsteigerung<\/td>\n<td>Sichtverf\u00e4rbungen<\/td>\n<td>Mittel<\/td>\n<td>6\u20138 Wochen<\/td>\n<td>Cutting, Rekomp<\/td>\n<td>~4 Stunden<\/td>\n<td>7\u201310 Tage<\/td>\n<td>Ja<\/td>\n<td>Niedrig<\/td>\n<\/tr>\n<tr>\n<td style=\"text-align: center;\"><a href=\"https:\/\/sarms-sport.com\/de\/cardarino-zillt-medicine-cardarine-gw-501516\/\"><strong>Cardarine (GW-501516)<\/strong><\/a><\/td>\n<td>PPAR\u03b4-Agonist<\/td>\n<td>Ausdauersteigerung, Fettoxidation, verbesserter Stoffwechsel<\/td>\n<td>M\u00f6gliche Risiken bei hohen Dosierungen<\/td>\n<td>Keine<\/td>\n<td>6\u201312 Wochen<\/td>\n<td>Cutting, Ausdauer<\/td>\n<td>16\u201324 Stunden<\/td>\n<td>3\u20135 Tage<\/td>\n<td>Nein<\/td>\n<td>Sehr niedrig<\/td>\n<\/tr>\n<tr>\n<td style=\"text-align: center;\"><a href=\"https:\/\/sarms-sport.com\/de\/ibutamoreno-zillt-medicine-ibutamoren-mk-677\/\"><strong>Ibutamoren (MK-677)<\/strong><\/a><\/td>\n<td>GH-Sekretagog<\/td>\n<td>Erh\u00f6ht GH\/IGF-1, Erholung, verbessert Schlaf<\/td>\n<td>Erh\u00f6hter Appetit, Wassereinlagerungen<\/td>\n<td>Keine<\/td>\n<td>8\u201316 Wochen<\/td>\n<td>Bulking, Regeneration<\/td>\n<td>20\u201324 Stunden<\/td>\n<td>5\u20137 Tage<\/td>\n<td>Nein<\/td>\n<td>Niedrig<\/td>\n<\/tr>\n<tr>\n<td style=\"text-align: center;\"><a href=\"https:\/\/sarms-sport.com\/de\/ligandrolo-zillt-medicine-ligandrol-lgd-4033\/\"><strong>Ligandrol (LGD-4033)<\/strong><\/a><\/td>\n<td>SARM<\/td>\n<td>Muskel- und Kraftzuwachs, schnellere Erholung<\/td>\n<td>Starke Unterdr\u00fcckung<\/td>\n<td>Hoch<\/td>\n<td>6\u20138 Wochen<\/td>\n<td>Bulking<\/td>\n<td>24\u201336 Stunden<\/td>\n<td>7\u201310 Tage<\/td>\n<td>Ja<\/td>\n<td>Niedrig<\/td>\n<\/tr>\n<tr>\n<td style=\"text-align: center;\"><a href=\"https:\/\/sarms-sport.com\/de\/ostarino-zillt-medicine-ostarine-mk-2866\/\"><strong>Ostarine (MK-2866)<\/strong><\/a><\/td>\n<td>SARM<\/td>\n<td>Magere Masse, Gelenkunterst\u00fctzung, milde Rekomp<\/td>\n<td>Leichte Unterdr\u00fcckung<\/td>\n<td>Niedrig<\/td>\n<td>6\u20138 Wochen<\/td>\n<td>Rekomposition<\/td>\n<td>24 Stunden<\/td>\n<td>10\u201314 Tage<\/td>\n<td>Nein<\/td>\n<td>Sehr niedrig<\/td>\n<\/tr>\n<tr>\n<td style=\"text-align: center;\"><a href=\"https:\/\/sarms-sport.com\/de\/s23-zillt-medicine-mastorin-s23\/\"><strong>Mastorin (S-23)<\/strong><\/a><\/td>\n<td>Starkes SARM<\/td>\n<td>Kraft, trockene dichte Muskulatur, starke H\u00e4rtung<\/td>\n<td>Sehr starke Unterdr\u00fcckung<\/td>\n<td>Sehr hoch<\/td>\n<td>4\u20136 Wochen<\/td>\n<td>Fortgeschrittenes Cutting, Kraft<\/td>\n<td>~12 Stunden<\/td>\n<td>3\u20137 Tage<\/td>\n<td>Ja<\/td>\n<td>Mittel<\/td>\n<\/tr>\n<tr>\n<td style=\"text-align: center;\"><a href=\"https:\/\/sarms-sport.com\/de\/stenabolo-zillt-medicine-stenabolic-sr-9009\/\"><strong>Stenabolic (SR-9009)<\/strong><\/a><\/td>\n<td>Rev-ERB-Agonist<\/td>\n<td>Stoffwechselsteigerung, Fettabbau, Ausdauer<\/td>\n<td>H\u00e4ufige Einnahme erforderlich<\/td>\n<td>Keine<\/td>\n<td>6\u201310 Wochen<\/td>\n<td>Cutting<\/td>\n<td>1\u20132 Stunden<\/td>\n<td>2\u20134 Tage<\/td>\n<td>Nein<\/td>\n<td>Sehr niedrig<\/td>\n<\/tr>\n<tr>\n<td style=\"text-align: center;\"><a href=\"https:\/\/sarms-sport.com\/de\/testolono-zillt-medicine-testolone-rad-140\/\"><strong>Testolone (RAD-140)<\/strong><\/a><\/td>\n<td>SARM<\/td>\n<td>Kraftzuwachs, Muskelmasse, antikatabole Wirkung<\/td>\n<td>Unterdr\u00fcckung, Reizbarkeit<\/td>\n<td>Hoch<\/td>\n<td>6\u20138 Wochen<\/td>\n<td>Bulking, Kraft<\/td>\n<td>~60 Stunden<\/td>\n<td>5\u20137 Tage<\/td>\n<td>Ja<\/td>\n<td>Niedrig\u2013mittel<\/td>\n<\/tr>\n<tr>\n<td style=\"text-align: center;\"><a href=\"https:\/\/sarms-sport.com\/de\/yk-11-zillt-medicine-myostan-yk11\/\"><strong>Myostan (YK-11)<\/strong><\/a><\/td>\n<td>Myostatin-Hemmer<\/td>\n<td>Schneller Kraftzuwachs, beschleunigte Hypertrophie, dichte Muskulatur<\/td>\n<td>Leberbelastung, Aggression<\/td>\n<td>Hoch<\/td>\n<td>4\u20138 Wochen<\/td>\n<td>Bulking, Kraft<\/td>\n<td>6\u201310 Stunden<\/td>\n<td>5\u20137 Tage<\/td>\n<td>Ja<\/td>\n<td>Mittel\u2013hoch<\/td>\n<\/tr>\n<\/tbody>\n<\/table>\n<h2>Was ist Testolone (RAD-140)?<\/h2>\n<p>RAD 140 Testolone ist ein neuartiger nichtsteroidaler SARM. Es handelt sich um ein Medikament, das eine starke anabole Wirkung bei minimalen hormonellen Nebenwirkungen erzielen soll. Es wurde urspr\u00fcnglich f\u00fcr den klinischen Einsatz zur Erhaltung und zum Aufbau von Muskelmasse entwickelt. Das hei\u00dft jedoch nicht, dass RAD-140 aufgrund seiner leistungssteigernden Wirkung nicht auch als Fitnesspr\u00e4parat in der Bodybuilder- und Sportler-Community angepriesen wird.<\/p>\n<p>RAD-140 wurde urspr\u00fcnglich von Wissenschaftlern zur Behandlung von Muskelschwund und -schw\u00e4che im Zusammenhang mit dem Alterungsprozess erforscht. In fr\u00fchen Studien zeigte RAD-140 eine Wirksamkeit bei der Erhaltung der fettfreien Masse. Diese Herkunft als Therapeutikum untermauert wahrscheinlich auch einen Gro\u00dfteil der Attraktivit\u00e4t f\u00fcr Anwender, RAD-140 in realen Zyklen einzusetzen. Was SARMs RAD 140 von anderen SARMs unterscheidet, ist der Fokus auf die Konzentration der Wirkung auf Kraft- und Gr\u00f6\u00dfenzuw\u00e4chse in den relevantesten Bereichen, die man sich vorstellen kann.<\/p>\n<h2>Wie RAD-140 Testolone wirkt<\/h2>\n<p>RAD-140 ist ein selektiver Androgenrezeptor-Modulator, der nur auf die Androgenrezeptoren in Ihren Knochen und Muskeln wirkt. RAD-140 hat keinen systemischen Einfluss auf Ihre Hormone wie herk\u00f6mmliche Steroide. Wenn Sie RAD-140 einnehmen, bindet das Medikament selektiv an die Androgenrezeptoren und f\u00f6rdert die Proteinsynthese sowie die Stickstoffretention. Die Speicherung von mehr Stickstoff ist f\u00fcr die Regeneration, Widerstandsf\u00e4higkeit und das Wachstum des Muskelgewebes nach einem harten Training unerl\u00e4sslich.<\/p>\n<p>Sportler sch\u00e4tzen besonders die Effizienz von RAD 140, und es gibt eindeutige Belege daf\u00fcr, dass es auch bei einem Kaloriendefizit zu Zuw\u00e4chsen f\u00fchrt, sodass es sich perfekt f\u00fcr Cut- oder Recomp-Zyklen eignet. Nachfolgend finden Sie wichtige Fakten zu bestimmten Haupteffekten von RAD-140 in Ihrem K\u00f6rper:<\/p>\n<ul>\n<li>Es f\u00f6rdert die Proteinsynthese, was zu einem schnelleren Aufbau von fettfreier Muskelmasse f\u00fchrt.<\/li>\n<li>Das Medikament erh\u00e4lt die Muskelmasse aufrecht, wenn Sie sich in einem Kaloriendefizit befinden.<\/li>\n<li>Testolone verbessert die Ausdauerleistung sowohl bei hoher als auch bei mittlerer Intensit\u00e4t, sodass Sie l\u00e4nger und intensiver trainieren k\u00f6nnen.<\/li>\n<li>Es verk\u00fcrzt die Erholungszeit nach hartem Training.<\/li>\n<li>Verbesserte Knochenst\u00e4rke mit weniger Schmerzen und Verletzungen im Kraftraum.<\/li>\n<\/ul>\n<p>Wenn Sie wissen, wie RAD 140 SARM wirkt, k\u00f6nnen Sie es effektiv in Ihr Trainingsprogramm integrieren und mehr aus Ihrem Training herausholen.<\/p>\n<h2>Vorteile von RAD-140 Testolone<\/h2>\n<p>RAD-140 hat gute Bewertungen erhalten, da es echte, praktische Ergebnisse erm\u00f6glichen soll, ohne Ihren K\u00f6rper zu belasten. In den richtigen H\u00e4nden ist es ein vertrauensw\u00fcrdiger Freund, von dem Sie kaum merken werden, dass er Teil Ihres Trainingsprogramms ist.<\/p>\n<p>Hier sind die wichtigsten Vorteile von Testolone RAD 140, die Sportler regelm\u00e4\u00dfig feststellen, wobei jeder einzelne sich auf einen greifbaren, messbaren Vorteil konzentriert, der so einfach wie m\u00f6glich ist:<\/p>\n<ol>\n<li><strong>Starker Anstieg des Muskelwachstums<\/strong><br \/>\nDas Medikament kann in vielen F\u00e4llen bereits nach wenigen Wochen der Anwendung zu einer sichtbaren Zunahme der Muskelmasse f\u00fchren. Testolone RAD 140 kann Ihnen helfen, sichtbar und im Fitnessstudio Muskeln aufzubauen.<\/li>\n<li><strong>Deutliche Steigerung der Kraft<\/strong><br \/>\nSie werden vielleicht \u00fcberrascht sein, wenn Sie feststellen, dass Sie die Hantelstange mit wesentlich schwereren Gewichten beladen k\u00f6nnen, als Sie erwartet h\u00e4tten. Die Substanz erleichtert es Ihnen, Kraft aufzubringen, sodass Sie bei anspruchsvollen Aktivit\u00e4ten schneller und st\u00e4rker werden.<\/li>\n<li><strong>Erhalt der Muskelmasse<\/strong><br \/>\nBei einer Kalorienreduktion schrumpft in der Regel zuerst die Muskelmasse. Testolone RAD-140 hilft Ihnen dabei, einen Teil Ihrer Muskelmasse zu erhalten, damit Sie auch bei einem Kaloriendefizit eine vollere Form behalten.<\/li>\n<li><strong>Verbesserte Trainings Kapazit\u00e4t<\/strong><br \/>\nDas Training f\u00fchlt sich produktiver an, da die Erm\u00fcdung sp\u00e4ter einsetzt, sodass Sie Ihr Volumen oder Ihre Intensit\u00e4t steigern k\u00f6nnen, ohne sich Gedanken \u00fcber \u00dcbertraining machen zu m\u00fcssen.<\/li>\n<li><strong>Schnelle Erholung zwischen den Trainingseinheiten<\/strong><br \/>\nNach anspruchsvolleren Trainingseinheiten k\u00f6nnen sich Ihre Muskeln schneller erholen. Die verk\u00fcrzte Erholungszeit erm\u00f6glicht Fortschritte in Ihrem Trainingsprogramm und eine schnellere R\u00fcckkehr zum normalen Trainingsrhythmus.<\/li>\n<li><strong>Verbesserung der Knochendichte<\/strong><br \/>\nMedikamente zu einem angemessenen RAD 140-Preis aus unserem Shop k\u00f6nnen dazu beitragen, die Knochendichte und -st\u00e4rke zu erh\u00f6hen, insbesondere beim Heben schwerer Lasten. Sie werden sich sicherer f\u00fchlen und in der Lage sein, zu trainieren und schwerere Lasten zu heben, wenn Sie wissen, dass nicht nur Ihre Muskeln, sondern auch Ihr Skelett Sie unterst\u00fctzt.<\/li>\n<li><strong>Mehr Konzentration und Motivation<\/strong><br \/>\nDie Formung w\u00e4hrend des Trainings geht mit diesem Effekt einher, und Sie scheinen auch w\u00e4hrend Ihrer Trainingseinheiten motivierter zu sein. RAD-140 kann die Konzentration verbessern und Sie dazu bringen, Ihre Trainingsziele konsequent zu verfolgen.<\/li>\n<\/ol>\n<p>Wenn man all dies zusammenfasst, ist es genau das, was RAD-140 Testolone zu einer guten Wahl f\u00fcr sportliche Leistungen, eine Di\u00e4tphase zur Muskelstraffung und jedes Training macht, bei dem Sie sich einen Vorteil verschaffen m\u00f6chten, ohne auf harte Anabolika zur\u00fcckzugreifen.<\/p>\n<h2>Nebenwirkungen von Testolone (RAD-140)<\/h2>\n<p>\u00c4hnlich wie andere starke Verbindungen kann auch RAD-140 bei unsachgem\u00e4\u00dfer Anwendung Nebenwirkungen hervorrufen. Sie sollten zumindest eine Vorstellung davon haben, worin die Gefahr besteht, damit Sie die Dosis an die Vertr\u00e4glichkeit Ihres K\u00f6rpers anpassen und auf Nummer sicher gehen k\u00f6nnen. Dies sind h\u00e4ufige Nebenwirkungen von Testolone (RAD-140), die bei Sportlern auftreten k\u00f6nnen:<\/p>\n<ol>\n<li><strong>Hormonelle Auswirkungen<\/strong><br \/>\nWenn Sie einen etwas zu langen Zyklus durchf\u00fchren oder mehr einnehmen, als Sie sollten, kann es zu einer Unterdr\u00fcckung Ihrer nat\u00fcrlichen Testosteronproduktion kommen. Aufgrund dieser Ver\u00e4nderungen der Stimmung, Energie oder Libido ist es wichtig, auf Ihre hormonelle Gesundheit zu achten und Ihren Testosteronspiegel zu \u00fcberwachen.<\/li>\n<li><strong>Belastung der Leber <\/strong><br \/>\nRAD-140 wird von Ihrer Leber metabolisiert, und die Belastung Ihrer Leber kann nach einer Weile unangenehm werden. Sie k\u00f6nnen Ihre Leber sch\u00fctzen, indem Sie keinen Alkohol trinken, sich an die empfohlenen Dosierungen halten und Ihre Leberfunktion mit Labortests \u00fcberwachen.<\/li>\n<li><strong>Herz-Kreislauf-Auswirkungen <\/strong><br \/>\nBei einigen wenigen Personen wurden durch RAD 140 Testolone SARM geringf\u00fcgige Ver\u00e4nderungen des Blutdrucks oder Cholesterinspiegels festgestellt. Sie k\u00f6nnen Ihr Risiko auch durch eine herzgesunde Ern\u00e4hrung senken. Es ist wichtig, regelm\u00e4\u00dfig k\u00f6rperlich aktiv zu sein und Ihre Blutwerte w\u00e4hrend des Zyklus zu \u00fcberwachen.<\/li>\n<li><strong>Schlaf und M\u00fcdigkeit<\/strong><br \/>\nVon Zeit zu Zeit k\u00f6nnen Sie von unerwarteten Schlafst\u00f6rungen betroffen sein. Wenn dies geschieht, h\u00f6ren Sie auf Ihren K\u00f6rper und reduzieren Sie gegebenenfalls die Trainingsintensit\u00e4t oder die Dosierung Zeitpunkte. Das ist ideal, um einem Burnout vorzubeugen.<\/li>\n<li><strong>Stimmung und psychischer Zustand<\/strong><br \/>\nEs gibt auch Nebenwirkungen von RAD-140 Testolone, die mit Stimmungsschwankungen oder Schwankungen der geistigen Klarheit verbunden sind. Wenn dies der Fall ist, ist es wichtig, dass Sie sich Ihrer mentalen Verfassung bewusst sind und mit Ihrem Arzt \u00fcber alle Bedenken sprechen. Dies wird Ihnen helfen, sowohl Ihre Leistungsf\u00e4higkeit als auch Ihr Wohlbefinden aufrechtzuerhalten.<\/li>\n<\/ol>\n<p>Wenn Sie all diese Symptome im Hinterkopf behalten, sollten Sie Testolone RAD 140 sicher und verantwortungsbewusst anwenden k\u00f6nnen. Achten Sie auf sich selbst und halten Sie sich an die Richtlinien. So k\u00f6nnen Sie kleinere negative Nebenwirkungen unter Kontrolle halten.<\/p>\n<h2>RAD-140 (Testolone) Dosierung, Zyklusl\u00e4nge und sichere Anwendung<\/h2>\n<p>Die Dosierung und das Zyklusmanagement von RAD-140 sind wichtige Faktoren, um Ergebnisse ohne zu viele Risiken zu erzielen. Informationen dar\u00fcber, wie viel Sie mindestens mehrere Tage oder Wochen lang w\u00e4hrend des Zyklus einnehmen sollten, k\u00f6nnen zur Erhaltung der Gewinne und zum Schutz Ihrer Gesundheit beitragen und sind daher sehr wichtig.<\/p>\n<h3>Empfohlene Dosierung<\/h3>\n<p>Die meisten Anf\u00e4nger, die mit RAD-140 (Testolone) beginnen, starten in der Regel mit 15 mg und steigern die Dosis dann schrittweise. Es ist immer am besten, mit einer niedrigen Dosis zu beginnen, damit sich der K\u00f6rper an den neuen Wirkstoff gew\u00f6hnen kann. Anf\u00e4nger sollten mit einer niedrigeren Dosis beginnen oder die Dosis nach eigenem Ermessen anpassen. Dies sind wunderbare Ratschl\u00e4ge, aber wenn es um die Verwendung von Wirkstoffen geht, ist es nicht vorteilhaft, die empfohlenen Dosierungsgrenzen zu \u00fcberschreiten.<\/p>\n<h3>Ideale Zyklusl\u00e4nge<\/h3>\n<p>Ein typischer RAD-140-Zyklus dauert je nach Zielsetzung zwischen 6 und 10 Wochen. K\u00fcrzere Zyklen reichen oft aus, um fettfreie Muskelmasse aufzubauen und die Kraft zu verbessern. L\u00e4ngere Zyklen k\u00f6nnen die Ausdauer verbessern oder zu einer Umgestaltung des K\u00f6rperbaus f\u00fchren. Eine \u00fcberm\u00e4\u00dfige Verl\u00e4ngerung des RAD-140-Zyklus kann jedoch zu einer Unterdr\u00fcckung der Hormonproduktion f\u00fchren, daher sind Richtlinien zur Zyklusl\u00e4nge f\u00fcr eine sichere Anwendung von entscheidender Bedeutung.<\/p>\n<h3>Sichere Anwendung und Tipps<\/h3>\n<p>Die Sicherheit bei der Anwendung von RAD-140 h\u00e4ngt davon ab, dass Sie auf Ihren K\u00f6rper und Ihr Training achten. Durch regelm\u00e4\u00dfige Blutuntersuchungen zur \u00dcberpr\u00fcfung Ihrer Hormone k\u00f6nnen Sie Probleme fr\u00fchzeitig erkennen und Ihren Zyklus anpassen, bevor die Ungleichgewichte so stark werden, dass sie Probleme verursachen. Sie sollten Testolone SARM RAD 140 niemals mit anderen Substanzen oder Verbindungen mischen, wenn Sie sich nicht zu 100 % sicher sind. Es ist auch erw\u00e4hnenswert, dass eine effiziente PCT ein wichtiger Schritt ist, bevor Sie damit beginnen.<\/p>\n<p><strong>Im Folgenden finden Sie f\u00fcnf praktische Tipps f\u00fcr die sichere Anwendung von RAD-140 f\u00fcr Bodybuilder:<\/strong><\/p>\n<ul>\n<li>\u00dcberwachen Sie Ihren Hormonspiegel durch regelm\u00e4\u00dfige Blutuntersuchungen.<\/li>\n<li>Halten Sie sich an eine gesunde Ern\u00e4hrung und verzichten Sie auf Alkohol, um die Gesundheitsrisiken f\u00fcr Ihre Leber und Ihr Herz zu minimieren.<\/li>\n<li>Kombinieren Sie das RAD 140-Pr\u00e4parat nicht mit anderen Verbindungen, ohne zuvor die Gesamtwirkung zu bestimmen.<\/li>\n<li>Legen Sie Wert auf Ruhe, Fl\u00fcssigkeitszufuhr und Erholung, um Ihre Leistungsf\u00e4higkeit aufrechtzuerhalten.<\/li>\n<li>Nachdem Sie Ihre RAD-140-Kur abgeschlossen haben, sollten Sie Ihre nat\u00fcrlichen Hormone mit einer geeigneten Post-Cycle-Therapie wieder ins Gleichgewicht bringen.<\/li>\n<\/ul>\n<p>Wenn Sie die oben genannten Punkte befolgen, profitieren Sie von dem Medikament zum besten Testolone RAD 140-Preis und reduzieren die Risiken. Aber auch wenn Sie auf Ihren K\u00f6rper h\u00f6ren, k\u00f6nnen Sie nachhaltige und effektive Trainingserfolge erzielen.<\/p>\n<h2>Testolone RAD 140 in Kombination mit anderen Wirkstoffen<\/h2>\n<p>Wenn Sie RAD-140 mit anderen Substanzen kombinieren, sollten Sie vorsichtig und \u00fcberlegt vorgehen. Viele Sportler kombinieren es mit milderen SARMs wie Ostarine (MK-2866), um w\u00e4hrend des Fettabbaus Muskeln zu erhalten und gleichzeitig von einer erh\u00f6hten Ausdauer zu profitieren. Diese Art der SARM-Kombination erm\u00f6glicht es Ihnen, Ihre Kraft zu erhalten, ohne Ihr Hormonsystem \u00fcberm\u00e4\u00dfig zu belasten.<\/p>\n<p>F\u00fcr Bulking-Zyklen l\u00e4sst sich Testolone EAD-140 gut mit Verbindungen kombinieren, die f\u00fcr ein noch st\u00e4rkeres Muskelwachstum entwickelt wurden, wie Ligandrol (LGD-4033) oder YK11. Durch die Kombination solcher Substanzen werden die besten Eigenschaften beider Substanzen genutzt, und das auch noch schneller, was zu einem schnelleren Muskelaufbau f\u00fchrt. Wenn Sie etwas kombinieren, denken Sie immer daran, mit der niedrigsten Dosis zu beginnen und zu beobachten, wie Ihr K\u00f6rper reagiert, bevor Sie die Dosis oder Intensit\u00e4t erh\u00f6hen.<\/p>\n<p>Wenn Sie keine Erfahrung haben, sollten Sie es in der Regel vermeiden, mehr als ein starkes SARM oder Anabolikum mit RAD 140 Testolone SARMs zu kombinieren. Die Kombination, insbesondere bei hohen Dosierungen, kann auch Nebenwirkungen verursachen, die von einfachem Druck auf Ihre Gelenke \u00fcber ein hormonelles Ungleichgewicht bis hin zu erh\u00f6hten Leberenzymwerten reichen. Verfolgen Sie Ihre Trainingsfortschritte, passen Sie Ihre Dosierungen je nach Reaktion Ihres K\u00f6rpers an und unterst\u00fctzen Sie Ihren K\u00f6rper mit guter Ern\u00e4hrung und Erholung, um Verbindungen relativ sicher zu kombinieren.<\/p>\n<h2>H\u00e4ufige Anf\u00e4ngerfehler bei der Verwendung von Testolone (RAD-140)<\/h2>\n<p>Wenn Sie ohne Anleitung blindlings anfangen, werden Sie mit Sicherheit Fehler machen und schlechte Ergebnisse mit Testolone RAD 140 vor und nach der Anwendung erzielen. Was Sie nicht tun, ist das, was Sie sicher h\u00e4lt und Ihnen erm\u00f6glicht, das Beste aus Ihrem Training herauszuholen. Sie erzielen maximale Leistung, wenn Sie die folgenden Fehler vermeiden:<\/p>\n<ol>\n<li><strong>Fehleinsch\u00e4tzungen bei der Dosierung<\/strong><br \/>\nDie meisten Menschen, die zu viel tun, beginnen tats\u00e4chlich mit einer zu hohen Dosis, in der Erwartung, dass dies schneller zu Ergebnissen f\u00fchrt. Dies erh\u00f6ht das Potenzial f\u00fcr Nebenwirkungen sowie St\u00f6rungen der nat\u00fcrlichen Hormon Wiederherstellung erheblich. Es ist ratsam, mit einer moderaten Dosis des Originalpr\u00e4parates zu beginnen. Wenn Sie nicht wissen, wo Sie RAD 140 kaufen k\u00f6nnen, dann ist unser Shop die beste Wahl!<\/li>\n<li><strong>Keine Planung Ihres Zyklus<\/strong><br \/>\nNur sehr wenige Menschen, die RAD-140 verwendet haben, machen sich die M\u00fche, einen Zyklus zu planen. Dies f\u00fchrt dazu, dass Menschen mit dem Medikament unterdurchschnittliche Ergebnisse erzielen. Die Zyklus Planung war wichtig, um sicherzustellen, dass Sie den richtigen Zeitpunkt w\u00e4hlen, dass Sie es lange genug anwenden und dass Sie ohne endloses Aufhebens aus der Anwendung in den Erholungsmodus nach dem Zyklus \u00fcbergehen.<\/li>\n<li><strong>Vernachl\u00e4ssigung der Therapie nach dem Zyklus<\/strong><br \/>\nWenn Sie keine PCT durchf\u00fchren, kann dies Ihre nat\u00fcrliche Testosteronproduktion durcheinanderbringen. Wenn Sie keinen Erholungsplan haben, k\u00f6nnten Sie alles verlieren, wof\u00fcr Sie gearbeitet haben, und unter Hormonst\u00f6rungen leiden.<\/li>\n<li><strong>Schlechte Ern\u00e4hrung und Erholung<\/strong><br \/>\nSelbst die wirksamsten Pr\u00e4parate k\u00f6nnen bei einer unzureichenden Ern\u00e4hrung und einem schlechten Erholung Ansatz ihre Wirkung nicht entfalten. Wenn Sie der Erholung keine Priorit\u00e4t einr\u00e4umen und nicht gen\u00fcgend Kalorien zu sich nehmen, schr\u00e4nken Sie Ihre Kraft und Ihren Muskelaufbau ein.<\/li>\n<li><strong>Ignorieren von K\u00f6rpersignalen<\/strong><br \/>\nManchmal ignorieren Anf\u00e4nger Warnsignale wie M\u00fcdigkeit, Stimmungsschwankungen oder Gelenkschmerzen, weil sie nicht wissen, was RAD 140 Testolone ist und wie es wirkt. Es ist besser, auf Ihren K\u00f6rper zu achten und Ihr Trainingsprogramm regelm\u00e4\u00dfig anzupassen, um das Risiko langfristiger Probleme zu verringern.<\/li>\n<\/ol>\n<p>Wenn Sie diese Fehler vermeiden, wird Ihr RAD-140-Zyklus sicherer und effektiver. Sie erzielen bessere Ergebnisse bei geringeren Risiken und erreichen die besten Bodybuilding-Ergebnisse in Ihrem Zyklus.<\/p>\n","protected":false},"excerpt":{"rendered":"<p>Name Typ Haupteffekte Nebenwirkungen Testosteron-Unterdr\u00fcckung Typischer Zyklus Am besten geeignet f\u00fcr Halbwertszeit Wirkeintritt PCT ben\u00f6tigt Toxizit\u00e4t Andarine (S-4) SARM Fettabbau, Muskelh\u00e4rte, Kraftsteigerung Sichtverf\u00e4rbungen Mittel 6\u20138 Wochen Cutting, Rekomp ~4 Stunden 7\u201310 Tage Ja Niedrig Cardarine (GW-501516) PPAR\u03b4-Agonist Ausdauersteigerung, Fettoxidation, verbesserter Stoffwechsel M\u00f6gliche Risiken bei hohen Dosierungen Keine 6\u201312 Wochen Cutting, Ausdauer 16\u201324 Stunden 3\u20135 Tage [&hellip;]<\/p>\n","protected":false},"featured_media":733,"comment_status":"open","ping_status":"closed","template":"","meta":{"_acf_changed":false},"product_brand":[],"product_cat":[47],"product_tag":[],"class_list":{"0":"post-1217","1":"product","2":"type-product","3":"status-publish","4":"has-post-thumbnail","6":"product_cat-sarms","8":"first","9":"instock","10":"shipping-taxable","11":"purchasable","12":"product-type-variable"},"acf":[],"_links":{"self":[{"href":"https:\/\/sarms-sport.com\/de\/wp-json\/wp\/v2\/product\/1217","targetHints":{"allow":["GET"]}}],"collection":[{"href":"https:\/\/sarms-sport.com\/de\/wp-json\/wp\/v2\/product"}],"about":[{"href":"https:\/\/sarms-sport.com\/de\/wp-json\/wp\/v2\/types\/product"}],"replies":[{"embeddable":true,"href":"https:\/\/sarms-sport.com\/de\/wp-json\/wp\/v2\/comments?post=1217"}],"wp:featuredmedia":[{"embeddable":true,"href":"https:\/\/sarms-sport.com\/de\/wp-json\/wp\/v2\/media\/733"}],"wp:attachment":[{"href":"https:\/\/sarms-sport.com\/de\/wp-json\/wp\/v2\/media?parent=1217"}],"wp:term":[{"taxonomy":"product_brand","embeddable":true,"href":"https:\/\/sarms-sport.com\/de\/wp-json\/wp\/v2\/product_brand?post=1217"},{"taxonomy":"product_cat","embeddable":true,"href":"https:\/\/sarms-sport.com\/de\/wp-json\/wp\/v2\/product_cat?post=1217"},{"taxonomy":"product_tag","embeddable":true,"href":"https:\/\/sarms-sport.com\/de\/wp-json\/wp\/v2\/product_tag?post=1217"}],"curies":[{"name":"wp","href":"https:\/\/api.w.org\/{rel}","templated":true}]}}