{"id":1220,"date":"2025-05-05T13:52:43","date_gmt":"2025-05-05T11:52:43","guid":{"rendered":"https:\/\/sarms-sport.com\/yk-11-zillt-medicine-myostan-yk11\/"},"modified":"2025-12-25T17:55:01","modified_gmt":"2025-12-25T16:55:01","slug":"yk-11-zillt-medicine-myostan-yk11","status":"publish","type":"product","link":"https:\/\/sarms-sport.com\/de\/yk-11-zillt-medicine-myostan-yk11\/","title":{"rendered":"YK-11 Zillt Medicine (Myostan YK11)"},"content":{"rendered":"<table>\n<tbody>\n<tr>\n<td style=\"text-align: center;\"><strong>Name<\/strong><\/td>\n<td style=\"text-align: center;\"><strong>Typ<\/strong><\/td>\n<td style=\"text-align: center;\"><strong>Haupteffekte<\/strong><\/td>\n<td style=\"text-align: center;\"><strong>Nebenwirkungen<\/strong><\/td>\n<td style=\"text-align: center;\"><strong>Testosteron-Unterdr\u00fcckung<\/strong><\/td>\n<td style=\"text-align: center;\"><strong>Typischer Zyklus<\/strong><\/td>\n<td style=\"text-align: center;\"><strong>Am besten geeignet f\u00fcr<\/strong><\/td>\n<td style=\"text-align: center;\"><strong>Halbwertszeit<\/strong><\/td>\n<td style=\"text-align: center;\"><strong>Wirkeintritt<\/strong><\/td>\n<td style=\"text-align: center;\"><strong>PCT ben\u00f6tigt<\/strong><\/td>\n<td style=\"text-align: center;\"><strong>Toxizit\u00e4t<\/strong><\/td>\n<\/tr>\n<tr>\n<td style=\"text-align: center;\"><a href=\"https:\/\/sarms-sport.com\/de\/andarino-zillt-medicine-andarine-s4\/\"><strong>Andarine (S-4)<\/strong><\/a><\/td>\n<td>SARM<\/td>\n<td>Fettabbau, Muskelh\u00e4rte, Kraftsteigerung<\/td>\n<td>Sichtverf\u00e4rbungen<\/td>\n<td>Mittel<\/td>\n<td>6\u20138 Wochen<\/td>\n<td>Cutting, Rekomp<\/td>\n<td>~4 Stunden<\/td>\n<td>7\u201310 Tage<\/td>\n<td>Ja<\/td>\n<td>Niedrig<\/td>\n<\/tr>\n<tr>\n<td style=\"text-align: center;\"><a href=\"https:\/\/sarms-sport.com\/de\/cardarino-zillt-medicine-cardarine-gw-501516\/\"><strong>Cardarine (GW-501516)<\/strong><\/a><\/td>\n<td>PPAR\u03b4-Agonist<\/td>\n<td>Ausdauersteigerung, Fettoxidation, verbesserter Stoffwechsel<\/td>\n<td>M\u00f6gliche Risiken bei hohen Dosierungen<\/td>\n<td>Keine<\/td>\n<td>6\u201312 Wochen<\/td>\n<td>Cutting, Ausdauer<\/td>\n<td>16\u201324 Stunden<\/td>\n<td>3\u20135 Tage<\/td>\n<td>Nein<\/td>\n<td>Sehr niedrig<\/td>\n<\/tr>\n<tr>\n<td style=\"text-align: center;\"><a href=\"https:\/\/sarms-sport.com\/de\/ibutamoreno-zillt-medicine-ibutamoren-mk-677\/\"><strong>Ibutamoren (MK-677)<\/strong><\/a><\/td>\n<td>GH-Sekretagog<\/td>\n<td>Erh\u00f6ht GH\/IGF-1, Erholung, verbessert Schlaf<\/td>\n<td>Erh\u00f6hter Appetit, Wassereinlagerungen<\/td>\n<td>Keine<\/td>\n<td>8\u201316 Wochen<\/td>\n<td>Bulking, Regeneration<\/td>\n<td>20\u201324 Stunden<\/td>\n<td>5\u20137 Tage<\/td>\n<td>Nein<\/td>\n<td>Niedrig<\/td>\n<\/tr>\n<tr>\n<td style=\"text-align: center;\"><a href=\"https:\/\/sarms-sport.com\/de\/ligandrolo-zillt-medicine-ligandrol-lgd-4033\/\"><strong>Ligandrol (LGD-4033)<\/strong><\/a><\/td>\n<td>SARM<\/td>\n<td>Muskel- und Kraftzuwachs, schnellere Erholung<\/td>\n<td>Starke Unterdr\u00fcckung<\/td>\n<td>Hoch<\/td>\n<td>6\u20138 Wochen<\/td>\n<td>Bulking<\/td>\n<td>24\u201336 Stunden<\/td>\n<td>7\u201310 Tage<\/td>\n<td>Ja<\/td>\n<td>Niedrig<\/td>\n<\/tr>\n<tr>\n<td style=\"text-align: center;\"><a href=\"https:\/\/sarms-sport.com\/de\/ostarino-zillt-medicine-ostarine-mk-2866\/\"><strong>Ostarine (MK-2866)<\/strong><\/a><\/td>\n<td>SARM<\/td>\n<td>Magere Masse, Gelenkunterst\u00fctzung, milde Rekomp<\/td>\n<td>Leichte Unterdr\u00fcckung<\/td>\n<td>Niedrig<\/td>\n<td>6\u20138 Wochen<\/td>\n<td>Rekomposition<\/td>\n<td>24 Stunden<\/td>\n<td>10\u201314 Tage<\/td>\n<td>Nein<\/td>\n<td>Sehr niedrig<\/td>\n<\/tr>\n<tr>\n<td style=\"text-align: center;\"><a href=\"https:\/\/sarms-sport.com\/de\/s23-zillt-medicine-mastorin-s23\/\"><strong>Mastorin (S-23)<\/strong><\/a><\/td>\n<td>Starkes SARM<\/td>\n<td>Kraft, trockene dichte Muskulatur, starke H\u00e4rtung<\/td>\n<td>Sehr starke Unterdr\u00fcckung<\/td>\n<td>Sehr hoch<\/td>\n<td>4\u20136 Wochen<\/td>\n<td>Fortgeschrittenes Cutting, Kraft<\/td>\n<td>~12 Stunden<\/td>\n<td>3\u20137 Tage<\/td>\n<td>Ja<\/td>\n<td>Mittel<\/td>\n<\/tr>\n<tr>\n<td style=\"text-align: center;\"><a href=\"https:\/\/sarms-sport.com\/de\/stenabolo-zillt-medicine-stenabolic-sr-9009\/\"><strong>Stenabolic (SR-9009)<\/strong><\/a><\/td>\n<td>Rev-ERB-Agonist<\/td>\n<td>Stoffwechselsteigerung, Fettabbau, Ausdauer<\/td>\n<td>H\u00e4ufige Einnahme erforderlich<\/td>\n<td>Keine<\/td>\n<td>6\u201310 Wochen<\/td>\n<td>Cutting<\/td>\n<td>1\u20132 Stunden<\/td>\n<td>2\u20134 Tage<\/td>\n<td>Nein<\/td>\n<td>Sehr niedrig<\/td>\n<\/tr>\n<tr>\n<td style=\"text-align: center;\"><a href=\"https:\/\/sarms-sport.com\/de\/testolono-zillt-medicine-testolone-rad-140\/\"><strong>Testolone (RAD-140)<\/strong><\/a><\/td>\n<td>SARM<\/td>\n<td>Kraftzuwachs, Muskelmasse, antikatabole Wirkung<\/td>\n<td>Unterdr\u00fcckung, Reizbarkeit<\/td>\n<td>Hoch<\/td>\n<td>6\u20138 Wochen<\/td>\n<td>Bulking, Kraft<\/td>\n<td>~60 Stunden<\/td>\n<td>5\u20137 Tage<\/td>\n<td>Ja<\/td>\n<td>Niedrig\u2013mittel<\/td>\n<\/tr>\n<tr>\n<td style=\"text-align: center;\"><a href=\"https:\/\/sarms-sport.com\/de\/yk-11-zillt-medicine-myostan-yk11\/\"><strong>Myostan (YK-11)<\/strong><\/a><\/td>\n<td>Myostatin-Hemmer<\/td>\n<td>Schneller Kraftzuwachs, beschleunigte Hypertrophie, dichte Muskulatur<\/td>\n<td>Leberbelastung, Aggression<\/td>\n<td>Hoch<\/td>\n<td>4\u20138 Wochen<\/td>\n<td>Bulking, Kraft<\/td>\n<td>6\u201310 Stunden<\/td>\n<td>5\u20137 Tage<\/td>\n<td>Ja<\/td>\n<td>Mittel\u2013hoch<\/td>\n<\/tr>\n<\/tbody>\n<\/table>\n<h2>Was ist YK11<\/h2>\n<p>Viele Sportler und Bodybuilder fragen sich heutzutage, was YK11 ist. Es handelt sich um einen synthetischen selektiven Androgenrezeptor-Modulator (SARM), der etwas anders wirkt. YK11 SARM f\u00f6rdert das Muskelwachstum durch einen anderen Mechanismus, der mit einer Senkung des Myostatin-Spiegels einhergeht. Es ist ein Schl\u00fcsselelement bei der Regulierung des Muskelwachstums. Da YK11 auf einem dualen Wirkmechanismus basiert, gilt es weithin als das wirksamste Erg\u00e4nzungsmittel f\u00fcr den Aufbau fettfreier Muskelmasse.<\/p>\n<p>Sie k\u00f6nnen \u00e4hnliche Ergebnisse erzielen, wenn Sie Plateaus in Ihrem k\u00f6rperlichen Fortschritt \u00fcberwinden. YK11 SARM bietet eine leistungsstarke und dennoch kontrollierte M\u00f6glichkeit, st\u00e4rkere Muskeln aufzubauen, ohne Bl\u00e4hungen und \u00fcberm\u00e4\u00dfige hormonelle Ver\u00e4nderungen. Das ist auch ein Grund, warum Menschen YK11 kaufen und in der Regel etwas suchen, das ihnen wirklich sichtbar hilft, w\u00e4hrend alles so nat\u00fcrlich wie m\u00f6glich bleibt.<\/p>\n<h2>Wie YK11 (Myostan) funktioniert<\/h2>\n<p>Was YK11 auszeichnet, ist der Vergleich mit anderen YK11-SARMs. In den meisten F\u00e4llen binden sich SARMs lediglich an Androgenrezeptoren, aber YK11 hemmt die Produktion von Myostatin, einem nat\u00fcrlichen Protein, das das Muskelwachstum hemmt. Wenn der Myostatinspiegel gesenkt wird, k\u00f6nnen die Muskeln leichter wachsen, was dazu f\u00fchrt, dass sie hervorstehen und schlank statt massig sind.<\/p>\n<p>Das passiert in Ihrem K\u00f6rper, wenn YK11 zu wirken beginnt:<\/p>\n<ul>\n<li>Das Medikament hemmt die Myostatin Aktivit\u00e4t, was zu gr\u00f6\u00dferen und schneller wachsenden Muskelfasern f\u00fchrt.<\/li>\n<li>Myostan erh\u00f6ht den Follistatin-Spiegel, was die Entwicklung von magerem Gewebe unterst\u00fctzt.<\/li>\n<li>Dies ist wichtig f\u00fcr Ihre Muskeldichte und -kraft, sodass die Ergebnisse nat\u00fcrlicher und athletischer aussehen.<\/li>\n<\/ul>\n<p>Die Halbwertszeit von YK11 betr\u00e4gt etwa 6 bis 8 Stunden. Das bedeutet, dass das Medikament sehr schnell aus Ihrem K\u00f6rper ausgeschieden wird. Au\u00dferdem sch\u00fcttet Myostan Follistatin in Ihrem K\u00f6rper aus, was den Wachstumsprozess Ihrer Muskelzellen weiter f\u00f6rdert. Dieser Effekt f\u00fchrt dazu, dass Anwender selbst bei geringer Trainingsintensit\u00e4t schnelle Erfolge erzielen. Wenn Sie YK11 kaufen, sollten Sie sich darauf einstellen, dass es nicht nur die Gr\u00f6\u00dfe, sondern auch die Form verbessert und sogar die Muskeln strafft, sodass sie besser proportioniert aussehen.<\/p>\n<h2>Vorteile von Myostan<\/h2>\n<p>Sowohl neue Anwender als auch erfahrene Sportler sch\u00e4tzen die Vorteile von YK11, da diese Verbindung dauerhafte Ergebnisse liefert. Es sorgt nicht nur f\u00fcr mehr Gr\u00f6\u00dfe, sondern auch f\u00fcr proportionale, \u00e4sthetische Muskelmasse und Kraft, was sich in einem stetigen Wachstum widerspiegelt. Nachfolgend sind die wichtigsten Vorteile von Myostan f\u00fcr Sportler aufgef\u00fchrt:<\/p>\n<ol>\n<li><strong>Aufbau schlanker Muskeln<\/strong><br \/>\nYK11 f\u00f6rdert das Wachstum schlanker Muskelfasern. Anstatt \u00fcberm\u00e4\u00dfig muskul\u00f6s zu werden, k\u00f6nnen Sie einen dichten, muskul\u00f6sen K\u00f6rperbau erwarten, der sich hervorragend zum Definieren und Umbauen eignet.<\/li>\n<li><strong>Kraftsteigerung<\/strong><br \/>\nSie werden feststellen, dass Ihre Kraft w\u00e4hrend und nach dem Training sowie an Ruhetagen zunimmt. Anwender berichten, dass sie mehr Gewicht heben k\u00f6nnen und durch Taper-Sets an Explosivit\u00e4t gewinnen.<\/li>\n<li><strong>Reduziertes Fettwachstum<\/strong><br \/>\nYK11 ist kein Fatburner, aber es ist m\u00f6glich, durch den Aufbau von Muskeln eine schlankere Figur zu erreichen, was wiederum Ihren Stoffwechsel ankurbelt. Mit der Zeit f\u00e4llt es Ihnen leichter, schlank zu bleiben.<\/li>\n<li><strong>Verk\u00fcrzte Erholungszeit<\/strong><br \/>\nAus fr\u00fcheren Untersuchungen geht hervor, dass sich die Muskeln nach dem Training schneller erholen, wodurch Sie Ihre Trainingsfrequenz steigern k\u00f6nnen, ohne den K\u00f6rper zu verletzen. Es ist ein angenehmes, langsam wirkendes Medikament, das zu einem gleichm\u00e4\u00dfigen Wachstum beitr\u00e4gt.<\/li>\n<li><strong>Reduzierte Muskel Weichheit<\/strong><br \/>\nDie H\u00e4rte und Muskelform, die Sie in den ersten Wochen mit dem YK11-Pr\u00e4parat erzielen, ist einer der Gr\u00fcnde, warum Myostan bei Wettk\u00e4mpfern, die sich auf einen schlanken K\u00f6rperbau vorbereiten, so beliebt ist.<\/li>\n<li><strong>Kein \u00f6strogenbedingtes Wassergewicht<\/strong><br \/>\nDa YK11 nicht in \u00d6strogen umgewandelt wird, m\u00fcssen Sie sich nicht mit Wasseransammlungen oder Schwellungen herumschlagen, wie sie andere anabole Verbindungen verursachen k\u00f6nnen. So bleiben Sie w\u00e4hrend Ihres gesamten Zyklus schlank und trocken.<\/li>\n<li><strong>Erh\u00f6hte Motivation und Konzentration<\/strong><br \/>\nAnwender berichten oft, dass sie sich beim Training motivierter f\u00fchlen. Dies ist jedoch nicht auf einen stimulierenden Faktor zur\u00fcckzuf\u00fchren, sondern lediglich eine Folge der besseren Regeneration und verbesserten Muskelreaktion, die Ihnen Selbstvertrauen und Engagement verleiht.<\/li>\n<\/ol>\n<p>Die ausgewogenen Wirkungen von YK11 machen dieses Medikament zu einer der effektivsten Optionen f\u00fcr Sportler, die echte Ergebnisse mit minimalen Nebenwirkungen und maximalen Ergebnissen erzielen m\u00f6chten.<\/p>\n<h2>Nebenwirkungen von Myostan (YK11)<\/h2>\n<p>Myostan wird von den meisten Anwendern im Allgemeinen gut vertragen, aber es ist immer ratsam, sich vor Beginn eines Zyklus \u00fcber m\u00f6gliche Reaktionen zu informieren. Die Nebenwirkungen von YK11 sind in erster Linie hormoneller Natur und wirken sich wie folgt auf die Zyklusl\u00e4nge und Dosierung aus:<\/p>\n<ol>\n<li><strong>Leichte Testosteron Unterdr\u00fccken<\/strong><br \/>\nEine der Nebenwirkungen kann zu einer leichten Unterdr\u00fcckung Ihrer nat\u00fcrlichen Testosteronproduktion f\u00fchren, da sie den Hormonhaushalt beeinflusst. Dies ist normal und wird sich wieder normalisieren, sobald Sie eine geeignete PCT durchf\u00fchren.<\/li>\n<li><strong>Belastung der Leber<\/strong><br \/>\nAls orale Verbindung wird YK11 von der Leber abgebaut. Wenn Sie unterst\u00fctzende Nahrungserg\u00e4nzungsmittel wie Mariendistel oder N-Acetylcystein einnehmen, k\u00f6nnen Sie Ihre Leber gesund halten.<\/li>\n<li><strong>Gelenk- und Muskelbeschwerden<\/strong><br \/>\nEinige klagen \u00fcber Gelenk- und Muskelverspannungen, wenn es um die Ergebnisse vor und nach der Einnahme von YK11 geht. Dies bedeutet in der Regel, dass Sie entweder die Einnahme von YK11 einstellen oder Ihre Erholungszeit zwischen den Trainingseinheiten verl\u00e4ngern m\u00fcssen.<\/li>\n<li><strong>M\u00fcdigkeit und Stimmungsschwankungen<\/strong><br \/>\nDie hormonelle Aktivit\u00e4t von YK11 kann zu kurzen Episoden von M\u00fcdigkeit und leichten Stimmungsschwankungen f\u00fchren. Nach Abschluss des Zyklus oder w\u00e4hrend der PCT-Phase sollten Sie sich wieder stabilisiert f\u00fchlen.<\/li>\n<li><strong>Haarausfall bei pr\u00e4disponierten Personen<\/strong><br \/>\nBei Menschen, die genetisch daf\u00fcr pr\u00e4disponiert sind, kann es zu \u00fcberm\u00e4\u00dfigem Haarausfall kommen. Dies ist eine seltene Erkrankung, die in den meisten F\u00e4llen behandelt werden kann, wenn Sie die Dosis senken und die Behandlung abbrechen.<\/li>\n<\/ol>\n<p>Im Allgemeinen sind diese Nebenwirkungen kontrollierbar und nur vor\u00fcbergehend. H\u00f6ren Sie einfach auf Ihren K\u00f6rper, und wenn sich etwas nicht richtig anf\u00fchlt, legen Sie eine kurze Pause ein oder reduzieren Sie die Dosis. Sie k\u00f6nnen sich auch an einen Facharzt wenden, wenn die Nebenwirkungen anhalten.<\/p>\n<h2>YK11 (Myostan) Dosierung, Zyklusdauer und sichere Anwendung<\/h2>\n<p>Wenn Sie einen YK11 Steroide Zyklus beginnen, sollten Sie die richtige Dosis f\u00fcr Ihr Erfahrungsniveau sowie die ideale Zyklusdauer aus Sicherheitsgr\u00fcnden kennen. Die richtige Dosierung stellt sicher, dass Sie die gew\u00fcnschten Ergebnisse mit YK11 in Ihren Muskeln erzielen, ohne Ihren K\u00f6rper zu sehr zu belasten.<\/p>\n<h3>Empfohlene YK11-Dosierung<\/h3>\n<p>Eine t\u00e4gliche Dosis von 5\u201310 mg zeigt die besten Ergebnisse f\u00fcr Personen, die einen Zyklus beginnen. Dies ist eine YK11-SARM-Dosierung, an die sich Ihr K\u00f6rper langsam anpassen kann. Au\u00dferdem verursacht sie nur leichte Nebenwirkungen in den Gelenken und Haaren. Als ehemaliger YK11-Anwender k\u00f6nnen Sie die Dosierung auf 15 mg pro Tag erh\u00f6hen. Es wird au\u00dferdem empfohlen, die Reaktion Ihres K\u00f6rpers auf Myostan w\u00e4hrend der ersten Wochen der Anwendung zu beobachten.<\/p>\n<h3>Ideale Zyklusl\u00e4nge<\/h3>\n<p>Eine typische YK11-Zyklusl\u00e4nge betr\u00e4gt 6 bis 8 Wochen. Alles unter 6 Wochen reicht aus, um sp\u00fcrbare Zuw\u00e4chse an fettfreiem Muskelgewebe mit geringer Hormon Unterdr\u00fcckung zu erzielen. Wenn Sie YK11 \u00fcber einen Zeitraum von fast 8 Wochen einnehmen, werden Sie gr\u00f6\u00dfere Fortschritte in Bezug auf Ihre Kraft erzielen. Da Sie neu in der Anwendung dieses SAEM sind, wird empfohlen, es zun\u00e4chst 6 Wochen lang einzunehmen, um Ihre pers\u00f6nliche Vertr\u00e4glichkeit zu \u00fcberpr\u00fcfen. Erfahrene Anwender k\u00f6nnen die Dauer auf 8 Wochen verl\u00e4ngern. Au\u00dferdem ist es wichtig, nach Abschluss des Zyklus eine ausreichende PCT einzunehmen.<\/p>\n<h3>Tipps zur sicheren Anwendung und Verabreichung<\/h3>\n<p>Bei t\u00e4glicher Einnahme von YK11 zur gleichen Zeit werden konstante Blutwerte aufrechterhalten. Viele Anwender stellen jedoch fest, dass die Einnahme der t\u00e4glichen Einzeldosis in zwei kleineren Dosen zu einer noch effizienteren Absorption f\u00fchrt. Dies sind die besten Tipps, mit denen Sie alle Vorteile des zum Verkauf stehenden YK11 SARM nutzen k\u00f6nnen:<\/p>\n<ul>\n<li>Um die Vertr\u00e4glichkeit zu verbessern, nehmen Sie die Dosis zusammen mit einer leichten Mahlzeit oder einem Proteinshake ein.<\/li>\n<li>Sie m\u00fcssen tags\u00fcber und nachts viel Wasser trinken, um Ihren Stoffwechsel anzuregen.<\/li>\n<li>Sie sollten die Reaktion Ihres K\u00f6rpers t\u00e4glich beobachten, beispielsweise die Kraft und die Muskel Ausf\u00fcllung.<\/li>\n<li>Das Auslassen von Dosen wird nicht empfohlen, da dies den stabilen Blutspiegel sowie die positiven Ergebnisse beeintr\u00e4chtigen kann.<\/li>\n<li>In der ersten Woche sollten Sie sich schrittweise zu intensiveren Trainingseinheiten vorarbeiten, anstatt Ihren K\u00f6rper von Anfang an zu sehr zu belasten.<\/li>\n<\/ul>\n<p>Um den Aufbau von fettfreier Muskelmasse zu maximieren, wird empfohlen, sich an die empfohlene YK11-Dosierung und Zyklusdauer sowie an die genauen Einnahmezeiten und Dosierungen zu halten. Mit diesen Hilfsmitteln k\u00f6nnen Sie Ihren Zyklus von anstrengend zu sehr sicher gestalten.<\/p>\n<h2>YK11 in Kombination mit anderen Wirkstoffen<\/h2>\n<p>Die Kombination von YK11 mit intelligent ausgew\u00e4hlten Verbindungen kann Ihre Leistung in die H\u00f6he schnellen lassen. Ostarine ist die h\u00e4ufigste Verbindung, die von Bodybuildern in Schneider Zyklen mit YK11 kombiniert wird, um Muskeln zu erhalten und Fett abzubauen. Einige kombinieren YK11 auch mit Ligandrol oder RAD-140 in Rekomp-Phasen, um maximale Dichte und Gr\u00f6\u00dfe der Muskeln zu erreichen. Der Grund, warum diese Kombinationen so gut funktionieren, ist, dass SARMs auf verschiedene Prozesse im K\u00f6rper abzielen.<\/p>\n<p>Was die Leistung angeht, suchen einige der eher auf Kraft ausgerichteten Gewichtheber nach Bewertungen zu YK11 SARM und nehmen eine kleine Dosis Testosteron Enanthate oder Testosteron Propionate ein. Einige kombinieren YK11 auch mit Cardarine oder Stenabolic, um seine Wirkung auf Ausdauer und Fettstoffwechsel zu verst\u00e4rken und gleichzeitig die mit YK11 erzielten Gewinne zu erhalten. Achten Sie darauf, dass diese Mischungen mit einer geeigneten Dosierung sicher eingenommen werden k\u00f6nnen.<\/p>\n<p>Das Thema \u201eStacking\u201d ist relevant, da man im Allgemeinen nicht wei\u00df, wie man zwei sehr starke SARMs kombiniert, sodass man auch \u00fcberm\u00e4\u00dfig aggressive Stacking-Kombinationen vermeiden sollte. Viele Anwender von YK11 kombinieren es mit sichereren Nahrungserg\u00e4nzungsmitteln wie Kreatin und BCAAs. Au\u00dferdem kann eine proteinreiche Ern\u00e4hrung die Regeneration und die allgemeine Leistungsf\u00e4higkeit unterst\u00fctzen.<\/p>\n<h2>H\u00e4ufige Anf\u00e4ngerfehler bei der Verwendung von Myostan (YK11)<\/h2>\n<p>Als erstmaliger YK11-Anwender gibt es h\u00e4ufige Fehler, die Ihren Fortschritt behindern und das Verletzungsrisiko erh\u00f6hen k\u00f6nnen. Wenn Sie sich dieser Fallstricke bewusst sind, k\u00f6nnen Sie Ihren Zyklus maximieren und gesund bleiben:<\/p>\n<ol>\n<li><strong>Falsche Dosierung<\/strong><br \/>\nViele Menschen glauben, dass sie umso schneller Ergebnisse erzielen, je mehr YK11 sie einnehmen. In Wirklichkeit erh\u00f6ht eine h\u00f6here YK11-Dosis jedoch das Risiko von Nebenwirkungen. Wenn Sie sich von Anfang an an die richtige Dosierung halten, ist Ihr Zyklus immer vorhersehbar.<\/li>\n<li><strong>Untersch\u00e4tzte Zyklusl\u00e4nge<\/strong><br \/>\nEin kurzer Zyklus f\u00fchrt zu einer Hormonst\u00f6rung, wenn Sie Ihrem K\u00f6rper nicht gen\u00fcgend Zeit geben, sich an die Dosierung zu gew\u00f6hnen. Bei einem langen Zyklus dauert die Hormonst\u00f6rung l\u00e4nger, was zu schlimmen Folgen f\u00fchren kann. Halten Sie sich einfach an die richtige Zyklusl\u00e4nge, damit sich Ihr K\u00f6rper an die Dosierung gew\u00f6hnen kann.<\/li>\n<li><strong>Ber\u00fccksichtigen Sie Kalorien und N\u00e4hrstoffe<\/strong><br \/>\nSelbst mit Myostan ben\u00f6tigt das Muskelgewebe immer noch Protein, Kalorien und die richtige Erholung nach dem Training, um aufzubauen. Wenn Sie sich nicht richtig ern\u00e4hren k\u00f6nnen, werden Sie die Ergebnisse, die Sie sonst erzielen k\u00f6nnten, beeintr\u00e4chtigen, selbst mit Myostan.<\/li>\n<li><strong>Kauf gef\u00e4lschter Medikamente<\/strong><br \/>\nViele Anf\u00e4nger wissen nicht, wo sie YK11 kaufen k\u00f6nnen. Daher suchen sie nach der g\u00fcnstigsten Option in dubiosen Gesch\u00e4ften. Es wird empfohlen, dass Sie den Kauf von Medikamenten sorgf\u00e4ltig \u00fcberlegen und nur vertrauensw\u00fcrdige Verk\u00e4ufer wie unseren Online-Shop nutzen.<\/li>\n<li><strong>PCT ignorieren<\/strong><br \/>\nWenn Sie Ihrem K\u00f6rper nach einem Zyklus nicht helfen, sich zu erholen, k\u00f6nnen Sie Muskelmasse verlieren und Nebenwirkungen verst\u00e4rken. Die Erholung f\u00f6rdert die Normalisierung der Hormone und das Wohlbefinden, wodurch Ihre Muskeln auch nach Beendigung des Zyklus erhalten bleiben.<\/li>\n<\/ol>\n<p>Sie k\u00f6nnen die Wirkung voll aussch\u00f6pfen, wenn Sie YK11 online kaufen und diese potenziellen Fehler vermeiden, die sich negativ auf die Wirksamkeit und Ihre Gesundheit auswirken k\u00f6nnen. Denken Sie also daran, dass eine kluge Vorgehensweise heute am ehesten zu gro\u00dfartigen Ergebnissen morgen f\u00fchrt.<\/p>\n","protected":false},"excerpt":{"rendered":"<p>Name Typ Haupteffekte Nebenwirkungen Testosteron-Unterdr\u00fcckung Typischer Zyklus Am besten geeignet f\u00fcr Halbwertszeit Wirkeintritt PCT ben\u00f6tigt Toxizit\u00e4t Andarine (S-4) SARM Fettabbau, Muskelh\u00e4rte, Kraftsteigerung Sichtverf\u00e4rbungen Mittel 6\u20138 Wochen Cutting, Rekomp ~4 Stunden 7\u201310 Tage Ja Niedrig Cardarine (GW-501516) PPAR\u03b4-Agonist Ausdauersteigerung, Fettoxidation, verbesserter Stoffwechsel M\u00f6gliche Risiken bei hohen Dosierungen Keine 6\u201312 Wochen Cutting, Ausdauer 16\u201324 Stunden 3\u20135 Tage [&hellip;]<\/p>\n","protected":false},"featured_media":740,"comment_status":"open","ping_status":"closed","template":"","meta":{"_acf_changed":false},"product_brand":[],"product_cat":[47],"product_tag":[],"class_list":{"0":"post-1220","1":"product","2":"type-product","3":"status-publish","4":"has-post-thumbnail","6":"product_cat-sarms","8":"first","9":"instock","10":"shipping-taxable","11":"purchasable","12":"product-type-variable"},"acf":[],"_links":{"self":[{"href":"https:\/\/sarms-sport.com\/de\/wp-json\/wp\/v2\/product\/1220","targetHints":{"allow":["GET"]}}],"collection":[{"href":"https:\/\/sarms-sport.com\/de\/wp-json\/wp\/v2\/product"}],"about":[{"href":"https:\/\/sarms-sport.com\/de\/wp-json\/wp\/v2\/types\/product"}],"replies":[{"embeddable":true,"href":"https:\/\/sarms-sport.com\/de\/wp-json\/wp\/v2\/comments?post=1220"}],"wp:featuredmedia":[{"embeddable":true,"href":"https:\/\/sarms-sport.com\/de\/wp-json\/wp\/v2\/media\/740"}],"wp:attachment":[{"href":"https:\/\/sarms-sport.com\/de\/wp-json\/wp\/v2\/media?parent=1220"}],"wp:term":[{"taxonomy":"product_brand","embeddable":true,"href":"https:\/\/sarms-sport.com\/de\/wp-json\/wp\/v2\/product_brand?post=1220"},{"taxonomy":"product_cat","embeddable":true,"href":"https:\/\/sarms-sport.com\/de\/wp-json\/wp\/v2\/product_cat?post=1220"},{"taxonomy":"product_tag","embeddable":true,"href":"https:\/\/sarms-sport.com\/de\/wp-json\/wp\/v2\/product_tag?post=1220"}],"curies":[{"name":"wp","href":"https:\/\/api.w.org\/{rel}","templated":true}]}}