{"id":1709,"date":"2025-04-14T15:45:26","date_gmt":"2025-04-14T13:45:26","guid":{"rendered":"https:\/\/sarms-sport.com\/delivery\/"},"modified":"2025-12-01T22:41:41","modified_gmt":"2025-12-01T21:41:41","slug":"entrega","status":"publish","type":"page","link":"https:\/\/sarms-sport.com\/es\/entrega\/","title":{"rendered":"Entrega"},"content":{"rendered":"\n<h1 class=\"wp-block-heading\"><strong>Pedidos y entrega de SARMs en toda Europa<\/strong><\/h1>\n\n\n\n<p><strong>Entrega r\u00e1pida, segura y c\u00f3moda a cualquier lugar de Europa, directamente en su puerta.<\/strong><\/p>\n\n\n\n<h3 class=\"wp-block-heading\"><strong>C\u00f3mo realizar un pedido:<\/strong><\/h3>\n\n\n\n<p>Comprar SARMs en nuestra web es r\u00e1pido y sencillo. Solo tienes que ir al cat\u00e1logo de productos, seleccionar el art\u00edculo que necesitas y a\u00f1adirlo a tu carrito. Luego, completa un breve formulario con tu direcci\u00f3n de env\u00edo e informaci\u00f3n de contacto. Tras completar el pedido, recibir\u00e1s una confirmaci\u00f3n y un n\u00famero de seguimiento para tu paquete.<\/p>\n\n\n\n<h3 class=\"wp-block-heading\"><strong>Detalles de entrega espec\u00edficos por pa\u00eds:<\/strong><\/h3>\n\n\n\n<h4 class=\"wp-block-heading\"><strong>Alemania, Austria, Pa\u00edses Bajos, B\u00e9lgica, Francia:<\/strong><\/h4>\n\n\n\n<ul class=\"wp-block-list\">\n<li>Plazo de entrega promedio: 7\u201319 d\u00edas h\u00e1biles<\/li>\n\n\n\n<li>Coste: entre 35 y 40 euros, dependiendo del peso y la empresa de mensajer\u00eda.<br><\/li>\n<\/ul>\n\n\n\n<h4 class=\"wp-block-heading\"><strong>Italia, Espa\u00f1a, Portugal:<\/strong><\/h4>\n\n\n\n<ul class=\"wp-block-list\">\n<li>Plazo de entrega promedio: 7\u201319 d\u00edas h\u00e1biles<\/li>\n\n\n\n<li>Coste: entre 35 y 40 euros<br><\/li>\n<\/ul>\n\n\n\n<h4 class=\"wp-block-heading\"><strong>Pa\u00edses escandinavos (Suecia, Noruega, Finlandia, Dinamarca):<\/strong><\/h4>\n\n\n\n<ul class=\"wp-block-list\">\n<li>Plazo de entrega promedio: 7\u201319 d\u00edas h\u00e1biles<br><\/li>\n\n\n\n<li>Coste: desde 40 \u20ac dependiendo del peso y la empresa de mensajer\u00eda.<\/li>\n<\/ul>\n\n\n\n<h4 class=\"wp-block-heading\"><strong>Europa central y oriental (Polonia, Rep\u00fablica Checa, Hungr\u00eda, Eslovaquia, Estados b\u00e1lticos):<\/strong><\/h4>\n\n\n\n<ul class=\"wp-block-list\">\n<li>Plazo de entrega promedio: 7\u201319 d\u00edas h\u00e1biles<\/li>\n\n\n\n<li>Coste: entre 35 y 40 euros<\/li>\n<\/ul>\n\n\n\n<h2 class=\"wp-block-heading\">Garant\u00edas y responsabilidad:<\/h2>\n\n\n\n<p>Garantizamos la total confidencialidad de su pedido y un embalaje seguro para todos los productos. Todos los paquetes est\u00e1n asegurados y se pueden rastrear en todo momento. En caso de da\u00f1os o p\u00e9rdida ocasionados por la empresa de mensajer\u00eda, le reembolsaremos el importe total de su pedido o le enviaremos un reemplazo sin coste alguno.<\/p>\n\n\n\n<h3 class=\"wp-block-heading\"><strong>M\u00e9todos de pago:<\/strong><\/h3>\n\n\n\n<ul class=\"wp-block-list\">\n<li>Tarjeta de cr\u00e9dito (Visa, MasterCard)<br><\/li>\n\n\n\n<li>Transferencia bancaria (para particulares y empresas)<br><\/li>\n<\/ul>\n\n\n\n<p>Tras el pago, recibir\u00e1 autom\u00e1ticamente una confirmaci\u00f3n y un recibo electr\u00f3nico en la direcci\u00f3n de correo electr\u00f3nico que proporcion\u00f3 en su pedido.<\/p>\n\n\n\n<p>Si tiene alguna pregunta sobre la entrega o la realizaci\u00f3n de un pedido, no dude en ponerse en contacto con nuestro equipo de atenci\u00f3n al cliente.<\/p>\n","protected":false},"excerpt":{"rendered":"<p>Pedidos y entrega de SARMs en toda Europa Entrega r\u00e1pida, segura y c\u00f3moda a cualquier lugar de Europa, directamente en su puerta. C\u00f3mo realizar un pedido: Comprar SARMs en nuestra web es r\u00e1pido y sencillo. Solo tienes que ir al cat\u00e1logo de productos, seleccionar el art\u00edculo que necesitas y a\u00f1adirlo a tu carrito. Luego, completa [&hellip;]<\/p>\n","protected":false},"author":1,"featured_media":0,"parent":0,"menu_order":0,"comment_status":"closed","ping_status":"closed","template":"","meta":{"_acf_changed":false,"footnotes":""},"class_list":["post-1709","page","type-page","status-publish","hentry"],"acf":[],"_links":{"self":[{"href":"https:\/\/sarms-sport.com\/es\/wp-json\/wp\/v2\/pages\/1709","targetHints":{"allow":["GET"]}}],"collection":[{"href":"https:\/\/sarms-sport.com\/es\/wp-json\/wp\/v2\/pages"}],"about":[{"href":"https:\/\/sarms-sport.com\/es\/wp-json\/wp\/v2\/types\/page"}],"author":[{"embeddable":true,"href":"https:\/\/sarms-sport.com\/es\/wp-json\/wp\/v2\/users\/1"}],"replies":[{"embeddable":true,"href":"https:\/\/sarms-sport.com\/es\/wp-json\/wp\/v2\/comments?post=1709"}],"version-history":[{"count":2,"href":"https:\/\/sarms-sport.com\/es\/wp-json\/wp\/v2\/pages\/1709\/revisions"}],"predecessor-version":[{"id":1951,"href":"https:\/\/sarms-sport.com\/es\/wp-json\/wp\/v2\/pages\/1709\/revisions\/1951"}],"wp:attachment":[{"href":"https:\/\/sarms-sport.com\/es\/wp-json\/wp\/v2\/media?parent=1709"}],"curies":[{"name":"wp","href":"https:\/\/api.w.org\/{rel}","templated":true}]}}