{"id":1724,"date":"2025-05-05T13:52:43","date_gmt":"2025-05-05T11:52:43","guid":{"rendered":"https:\/\/sarms-sport.com\/yk-11-zillt-medicine-myostan-yk11\/"},"modified":"2025-12-02T01:00:09","modified_gmt":"2025-12-02T00:00:09","slug":"yk-11-zillt-medicine-myostan-yk11","status":"publish","type":"product","link":"https:\/\/sarms-sport.com\/es\/yk-11-zillt-medicine-myostan-yk11\/","title":{"rendered":"YK-11 Zillt Medicine (Myostan YK11)"},"content":{"rendered":"<table>\n<tbody>\n<tr>\n<td style=\"text-align: center;\"><strong>Nombre<\/strong><\/td>\n<td style=\"text-align: center;\"><strong>Tipo<\/strong><\/td>\n<td style=\"text-align: center;\"><strong>Efectos principales<\/strong><\/td>\n<td style=\"text-align: center;\"><strong>Efectos secundarios<\/strong><\/td>\n<td style=\"text-align: center;\"><strong>Supresi\u00f3n de testosterona<\/strong><\/td>\n<td style=\"text-align: center;\"><strong>Ciclo t\u00edpico<\/strong><\/td>\n<td style=\"text-align: center;\"><strong>Ideal para<\/strong><\/td>\n<td style=\"text-align: center;\"><strong>Vida media<\/strong><\/td>\n<td style=\"text-align: center;\"><strong>Inicio<\/strong><\/td>\n<td style=\"text-align: center;\"><strong>\u00bfRequiere PCT?<\/strong><\/td>\n<td style=\"text-align: center;\"><strong>Toxicidad<\/strong><\/td>\n<\/tr>\n<tr>\n<td style=\"text-align: center;\"><a href=\"https:\/\/sarms-sport.com\/es\/andarino-zillt-medicine-andarine-s4\/\"><strong>Andarine (S-4)<\/strong><\/a><\/td>\n<td style=\"text-align: center;\">SARM<\/td>\n<td style=\"text-align: center;\">P\u00e9rdida de grasa, mayor definici\u00f3n muscular, aumento de fuerza<\/td>\n<td style=\"text-align: center;\">Alteraciones visuales<\/td>\n<td style=\"text-align: center;\">Media<\/td>\n<td style=\"text-align: center;\">6\u20138 semanas<\/td>\n<td style=\"text-align: center;\">Cutting, recomposici\u00f3n<\/td>\n<td style=\"text-align: center;\">~4 horas<\/td>\n<td style=\"text-align: center;\">7\u201310 d\u00edas<\/td>\n<td style=\"text-align: center;\">S\u00ed<\/td>\n<td style=\"text-align: center;\">Baja<\/td>\n<\/tr>\n<tr>\n<td style=\"text-align: center;\"><a href=\"https:\/\/sarms-sport.com\/es\/cardarino-zillt-medicine-cardarine-gw-501516\/\"><strong>Cardarine (GW-501516)<\/strong><\/a><\/td>\n<td style=\"text-align: center;\">Agonista PPAR\u03b4<\/td>\n<td style=\"text-align: center;\">Aumento de resistencia, oxidaci\u00f3n de grasa, mejora del metabolismo<\/td>\n<td style=\"text-align: center;\">Riesgos potenciales a dosis altas<\/td>\n<td style=\"text-align: center;\">No<\/td>\n<td style=\"text-align: center;\">6\u201312 semanas<\/td>\n<td style=\"text-align: center;\">Cutting, resistencia<\/td>\n<td style=\"text-align: center;\">16\u201324 horas<\/td>\n<td style=\"text-align: center;\">3\u20135 d\u00edas<\/td>\n<td style=\"text-align: center;\">No<\/td>\n<td style=\"text-align: center;\">Muy baja<\/td>\n<\/tr>\n<tr>\n<td style=\"text-align: center;\"><a href=\"https:\/\/sarms-sport.com\/es\/ibutamoreno-zillt-medicine-ibutamoren-mk-677\/\"><strong>Ibutamoren (MK-677)<\/strong><\/a><\/td>\n<td style=\"text-align: center;\">Secretagogo de GH<\/td>\n<td style=\"text-align: center;\">Aumenta GH\/IGF-1, recuperaci\u00f3n, mejora del sue\u00f1o<\/td>\n<td style=\"text-align: center;\">Aumento del apetito, retenci\u00f3n de agua<\/td>\n<td style=\"text-align: center;\">No<\/td>\n<td style=\"text-align: center;\">8\u201316 semanas<\/td>\n<td style=\"text-align: center;\">Volumen, recuperaci\u00f3n<\/td>\n<td style=\"text-align: center;\">20\u201324 horas<\/td>\n<td style=\"text-align: center;\">5\u20137 d\u00edas<\/td>\n<td style=\"text-align: center;\">No<\/td>\n<td style=\"text-align: center;\">Baja<\/td>\n<\/tr>\n<tr>\n<td style=\"text-align: center;\"><a href=\"https:\/\/sarms-sport.com\/es\/ligandrolo-zillt-medicine-ligandrol-lgd-4033\/\"><strong>Ligandrol (LGD-4033)<\/strong><\/a><\/td>\n<td style=\"text-align: center;\">SARM<\/td>\n<td style=\"text-align: center;\">Aumento de masa y fuerza, mejor recuperaci\u00f3n<\/td>\n<td style=\"text-align: center;\">Fuerte supresi\u00f3n<\/td>\n<td style=\"text-align: center;\">Alta<\/td>\n<td style=\"text-align: center;\">6\u20138 semanas<\/td>\n<td style=\"text-align: center;\">Volumen<\/td>\n<td style=\"text-align: center;\">24\u201336 horas<\/td>\n<td style=\"text-align: center;\">7\u201310 d\u00edas<\/td>\n<td style=\"text-align: center;\">S\u00ed<\/td>\n<td style=\"text-align: center;\">Baja<\/td>\n<\/tr>\n<tr>\n<td style=\"text-align: center;\"><a href=\"https:\/\/sarms-sport.com\/es\/ostarino-zillt-medicine-ostarine-mk-2866\/\"><strong>Ostarine (MK-2866)<\/strong><\/a><\/td>\n<td style=\"text-align: center;\">SARM<\/td>\n<td style=\"text-align: center;\">Masa magra, soporte articular, recomposici\u00f3n leve<\/td>\n<td style=\"text-align: center;\">Supresi\u00f3n leve<\/td>\n<td style=\"text-align: center;\">Baja<\/td>\n<td style=\"text-align: center;\">6\u20138 semanas<\/td>\n<td style=\"text-align: center;\">Recomposici\u00f3n<\/td>\n<td style=\"text-align: center;\">24 horas<\/td>\n<td style=\"text-align: center;\">10\u201314 d\u00edas<\/td>\n<td style=\"text-align: center;\">No<\/td>\n<td style=\"text-align: center;\">Muy baja<\/td>\n<\/tr>\n<tr>\n<td style=\"text-align: center;\"><a href=\"https:\/\/sarms-sport.com\/es\/s23-zillt-medicine-mastorin-s23\/\"><strong>S-23<\/strong><\/a><\/td>\n<td style=\"text-align: center;\">SARM potente<\/td>\n<td style=\"text-align: center;\">Fuerza, m\u00fasculo seco y denso, fuerte efecto de endurecimiento<\/td>\n<td style=\"text-align: center;\">Supresi\u00f3n muy fuerte<\/td>\n<td style=\"text-align: center;\">Muy alta<\/td>\n<td style=\"text-align: center;\">4\u20136 semanas<\/td>\n<td style=\"text-align: center;\">Cutting avanzado, fuerza<\/td>\n<td style=\"text-align: center;\">~12 horas<\/td>\n<td style=\"text-align: center;\">3\u20137 d\u00edas<\/td>\n<td style=\"text-align: center;\">S\u00ed<\/td>\n<td style=\"text-align: center;\">Moderada<\/td>\n<\/tr>\n<tr>\n<td style=\"text-align: center;\"><a href=\"https:\/\/sarms-sport.com\/es\/stenabolo-zillt-medicine-stenabolic-sr-9009\/\"><strong>Stenabolic (SR-9009)<\/strong><\/a><\/td>\n<td style=\"text-align: center;\">Agonista Rev-ERB<\/td>\n<td style=\"text-align: center;\">Mejora del metabolismo, p\u00e9rdida de grasa, resistencia<\/td>\n<td style=\"text-align: center;\">Necesita dosificaci\u00f3n frecuente<\/td>\n<td style=\"text-align: center;\">No<\/td>\n<td style=\"text-align: center;\">6\u201310 semanas<\/td>\n<td style=\"text-align: center;\">Cutting<\/td>\n<td style=\"text-align: center;\">1\u20132 horas<\/td>\n<td style=\"text-align: center;\">2\u20134 d\u00edas<\/td>\n<td style=\"text-align: center;\">No<\/td>\n<td style=\"text-align: center;\">Muy baja<\/td>\n<\/tr>\n<tr>\n<td style=\"text-align: center;\"><a href=\"https:\/\/sarms-sport.com\/es\/testolono-zillt-medicine-testolone-rad-140\/\"><strong>Testolone (RAD-140)<\/strong><\/a><\/td>\n<td style=\"text-align: center;\">SARM<\/td>\n<td style=\"text-align: center;\">Aumento de fuerza, masa muscular, efecto anticatab\u00f3lico<\/td>\n<td style=\"text-align: center;\">Supresi\u00f3n, irritabilidad<\/td>\n<td style=\"text-align: center;\">Alta<\/td>\n<td style=\"text-align: center;\">6\u20138 semanas<\/td>\n<td style=\"text-align: center;\">Volumen, fuerza<\/td>\n<td style=\"text-align: center;\">~60 horas<\/td>\n<td style=\"text-align: center;\">5\u20137 d\u00edas<\/td>\n<td style=\"text-align: center;\">S\u00ed<\/td>\n<td style=\"text-align: center;\">Baja\u2013media<\/td>\n<\/tr>\n<tr>\n<td style=\"text-align: center;\"><a href=\"https:\/\/sarms-sport.com\/es\/yk-11-zillt-medicine-myostan-yk11\/\"><strong>YK-11<\/strong><\/a><\/td>\n<td style=\"text-align: center;\">Inhibidor de miostatina<\/td>\n<td style=\"text-align: center;\">R\u00e1pido aumento de fuerza, hipertrofia acelerada, masa densa<\/td>\n<td style=\"text-align: center;\">Estr\u00e9s hep\u00e1tico, agresividad<\/td>\n<td style=\"text-align: center;\">Alta<\/td>\n<td style=\"text-align: center;\">4\u20138 semanas<\/td>\n<td style=\"text-align: center;\">Volumen, fuerza<\/td>\n<td style=\"text-align: center;\">6\u201310 horas<\/td>\n<td style=\"text-align: center;\">5\u20137 d\u00edas<\/td>\n<td style=\"text-align: center;\">S\u00ed<\/td>\n<td style=\"text-align: center;\">Media\u2013alta<\/td>\n<\/tr>\n<\/tbody>\n<\/table>\n<h2>\u00bfQu\u00e9 es YK11?<\/h2>\n<p>Hoy en d\u00eda, muchos atletas y culturistas se preguntan qu\u00e9 es el YK11. Se trata de un modulador selectivo de los receptores androg\u00e9nicos (SARM) sint\u00e9tico, que act\u00faa de forma ligeramente diferente. El SARM YK11 promueve el crecimiento muscular mediante un mecanismo diferente, que implica la disminuci\u00f3n de los niveles de miostatina. Es un elemento clave en la regulaci\u00f3n del crecimiento muscular. Dado que el YK11 se aplica sobre la base de un mecanismo de doble acci\u00f3n, se considera ampliamente como el suplemento m\u00e1s potente para el crecimiento muscular magro.<\/p>\n<p>Se pueden lograr resultados similares cuando se superan los estancamientos en el progreso f\u00edsico. El SARM YK11 proporciona una forma potente pero controlada de desarrollar m\u00fasculos m\u00e1s fuertes sin hinchaz\u00f3n ni cambios hormonales excesivamente intensos. Esa es tambi\u00e9n una de las razones por las que la gente compra YK11, ya que normalmente quieren obtener algo que les ayude de forma visible, pero manteniendo todo lo m\u00e1s natural posible.<\/p>\n<h2>C\u00f3mo funciona el YK11 (Myostan)<\/h2>\n<p>Lo que distingue al YK11 es c\u00f3mo se compara con otros SARM YK11. En su mayor parte, los SARM solo se unen a los receptores de andr\u00f3genos, pero el YK11 inhibe la producci\u00f3n de miostatina, una prote\u00edna natural que restringe el crecimiento muscular. Cuando se reducen los niveles de miostatina, los m\u00fasculos pueden crecer m\u00e1s f\u00e1cilmente, lo que da como resultado que sean prominentes y delgados en lugar de voluminosos.<\/p>\n<p>Esto es lo que ocurre dentro de tu cuerpo cuando YK11 comienza a actuar:<\/p>\n<ul>\n<li>El f\u00e1rmaco inhibe la actividad de la miostatina, lo que da como resultado fibras musculares m\u00e1s grandes y de crecimiento m\u00e1s r\u00e1pido.<\/li>\n<li>Myostan eleva la folistatina, que favorece el desarrollo del tejido magro.<\/li>\n<li>Es importante para la densidad y la fuerza muscular, por lo que los resultados parecen m\u00e1s naturales y atl\u00e9ticos.<\/li>\n<\/ul>\n<p>La vida media del YK11 es de aproximadamente 6 a 8 horas. Esto significa que el f\u00e1rmaco se eliminar\u00e1 de tu cuerpo muy r\u00e1pidamente. Adem\u00e1s, Myostan secreta folistatina en el cuerpo, lo que mejora a\u00fan m\u00e1s el proceso de crecimiento de las c\u00e9lulas musculares. Es un efecto que hace que los usuarios logren ganancias r\u00e1pidas incluso con una intensidad de entrenamiento ligera. Cuando compres YK11, ten en cuenta que no solo aumenta el tama\u00f1o, sino tambi\u00e9n la forma, e incluso tonifica los m\u00fasculos para que se vean m\u00e1s proporcionados.<\/p>\n<h2>Beneficios de Myostan<\/h2>\n<p>Tanto los nuevos usuarios como los atletas experimentados se sienten atra\u00eddos por los beneficios del YK11, ya que este compuesto ofrece resultados permanentes. No solo aumenta el tama\u00f1o, sino que proporciona una masa muscular y una fuerza proporcionadas y est\u00e9ticas, lo que se refleja en un crecimiento constante. A continuaci\u00f3n se enumeran las principales ventajas de Myostan para los atletas:<\/p>\n<ol>\n<li><strong>Desarrollo de masa muscular magra<\/strong><br \/>\nEl YK11 estimula el crecimiento de la fibra muscular magra. En lugar de volverse demasiado musculoso, puede esperar un f\u00edsico denso y musculoso, excelente para definir y recomponer.<\/li>\n<li><strong>Aumento de la fuerza<\/strong><br \/>\nNotar\u00e1s que tu fuerza aumenta durante y despu\u00e9s de tus entrenamientos y d\u00edas de descanso. Los usuarios dicen que pueden levantar m\u00e1s peso y obtener explosividad de las series c\u00f3nicas.<\/li>\n<li><strong>Reducci\u00f3n del crecimiento de grasa<\/strong><br \/>\nEl YK11 no es un quemador de grasa, pero es posible conseguir una forma m\u00e1s delgada mediante el desarrollo muscular, lo que a su vez aumenta el metabolismo. Con el tiempo, es m\u00e1s f\u00e1cil mantenerse en forma.<\/li>\n<li><strong>Disminuci\u00f3n del tiempo de recuperaci\u00f3n<\/strong><br \/>\nSeg\u00fan investigaciones previas, los m\u00fasculos se recuperan m\u00e1s r\u00e1pido despu\u00e9s del ejercicio, lo que permite aumentar la frecuencia de entrenamiento sin lesionar el cuerpo. Es un f\u00e1rmaco agradable y de acci\u00f3n lenta que ayuda a mantener un crecimiento constante.<\/li>\n<li><strong>Reducci\u00f3n de la flacidez muscular<\/strong><br \/>\nLa dureza y la forma muscular que se observan con el suplemento YK11 en las primeras semanas es parte de la raz\u00f3n por la que Myostan es uno de los favoritos entre los competidores que se preparan para conseguir un f\u00edsico delgado.<\/li>\n<li><strong>Sin retenci\u00f3n de agua relacionada con el estr\u00f3geno<\/strong><br \/>\nDado que el YK11 no se convierte en estr\u00f3geno, no tendr\u00e1s que lidiar con el peso del agua ni la hinchaz\u00f3n que pueden causar otros compuestos anab\u00f3licos. Esto te ayuda a mantener un aspecto definido y seco durante todo el ciclo.<\/li>\n<li><strong>Mayor motivaci\u00f3n y concentraci\u00f3n<\/strong><br \/>\nLos usuarios suelen informar de que se sienten m\u00e1s animados cuando entrenan. Sin embargo, esto no se debe a ning\u00fan factor estimulante, sino a una mejor recuperaci\u00f3n y una mejor reacci\u00f3n muscular, lo que te mantiene seguro y comprometido.<\/li>\n<\/ol>\n<p>Los efectos equilibrados del YK11 hacen que este f\u00e1rmaco sea una de las opciones m\u00e1s eficaces para los atletas que desean resultados reales con efectos secundarios m\u00ednimos y resultados m\u00e1ximos.<\/p>\n<h2>Efectos secundarios de Myostan (YK11)<\/h2>\n<p>Myostan suele ser bien tolerado por la mayor\u00eda de los usuarios, pero siempre es buena idea informarse sobre las posibles reacciones antes de comenzar un ciclo. Los efectos secundarios del YK11 son principalmente hormonales y tambi\u00e9n afectan a la duraci\u00f3n del ciclo y la dosis de la siguiente manera:<\/p>\n<ol>\n<li><strong>Supresi\u00f3n leve de la testosterona<\/strong><br \/>\nUno de los efectos secundarios puede provocar una supresi\u00f3n leve de la producci\u00f3n natural de testosterona, ya que afecta al equilibrio hormonal. Esto es normal y se restablecer\u00e1 una vez que se someta a la PCT adecuada.<\/li>\n<li><strong>Estr\u00e9s hep\u00e1tico<\/strong><br \/>\nAl ser un compuesto oral, el YK11 se descompone en el h\u00edgado. Si toma suplementos de apoyo como el cardo mariano o la N-acetilciste\u00edna, puede mantener su h\u00edgado sano.<\/li>\n<li><strong>Molestias articulares y musculares<\/strong><br \/>\nAlgunas personas se quejan de tensi\u00f3n en las articulaciones y los m\u00fasculos si hablamos de los resultados antes y despu\u00e9s del YK11. Esto suele significar que debe dejar de usar el YK11 o aumentar el tiempo de recuperaci\u00f3n entre entrenamientos.<\/li>\n<li><strong>Fatiga y cambios de humor<\/strong><br \/>\nLa actividad hormonal del YK11 puede provocar breves episodios de fatiga y leves cambios de humor. Deber\u00edas sentirte estabilizado una vez completado el ciclo o durante la fase PCT.<\/li>\n<li><strong>P\u00e9rdida de cabello en personas predispuestas<\/strong><br \/>\nPuede producirse una p\u00e9rdida excesiva de cabello en personas gen\u00e9ticamente predispuestas a ello. Se trata de una afecci\u00f3n poco frecuente y, en la mayor\u00eda de los casos, se puede controlar si se reduce la dosis y se interrumpe el tratamiento.<\/li>\n<\/ol>\n<p>En general, estos efectos secundarios se pueden controlar y son temporales. Solo tienes que escuchar a tu cuerpo y, si notas algo raro, tomarte un breve descanso o reducir la dosis. Adem\u00e1s, puedes acudir a un profesional si las reacciones adversas contin\u00faan.<\/p>\n<h2>YK11 (Myostan): dosis, duraci\u00f3n del ciclo y uso seguro<\/h2>\n<p>Comenzar un ciclo de esteroides YK11 significa que debe comprender la dosis adecuada para su nivel de experiencia, as\u00ed como la duraci\u00f3n ideal del ciclo desde el punto de vista de la seguridad. Una dosificaci\u00f3n adecuada garantizar\u00e1 que obtenga los resultados del YK11 en sus m\u00fasculos sin someter a su cuerpo a un esfuerzo excesivo.<\/p>\n<h3>Dosis recomendada de YK11<\/h3>\n<p>Una dosis diaria de 5-10 mg muestra los mejores resultados para una persona que comienza un ciclo. Esta es una dosis de SARM YK11 a la que su cuerpo puede adaptarse lentamente. Adem\u00e1s, produce efectos secundarios leves en las articulaciones y el cabello. Como usuario anterior de YK11, puede aumentar la dosis a 15 mg al d\u00eda. Tambi\u00e9n se sugiere monitorear la reacci\u00f3n de su cuerpo a Myostan durante las primeras semanas de uso.<\/p>\n<h3>Duraci\u00f3n ideal del ciclo<\/h3>\n<p>La duraci\u00f3n t\u00edpica de un ciclo de YK11 es de 6 a 8 semanas. Cualquier periodo inferior a 6 semanas es suficiente para obtener ganancias notables en el tejido muscular magro con poca supresi\u00f3n hormonal. Si vas a utilizar YK11 durante un ciclo m\u00e1s cercano a las 8 semanas, obtendr\u00e1s m\u00e1s progresos en fuerza. Si eres nuevo en este SAEM, se recomienda utilizarlo durante 6 semanas para comprobar tu tolerancia personal. Un usuario experimentado puede optar por ampliar la duraci\u00f3n a 8 semanas. Adem\u00e1s, cuando completes el ciclo, es esencial tomar suficiente PCT.<\/p>\n<h3>Consejos para un uso y una administraci\u00f3n seguros<\/h3>\n<p>Se mantienen niveles sangu\u00edneos constantes cuando se toma YK11 a la misma hora todos los d\u00edas. Dicho esto, muchos usuarios encuentran que tomar la dosis diaria \u00fanica en dos dosis m\u00e1s peque\u00f1as da como resultado una absorci\u00f3n a\u00fan m\u00e1s eficiente. Estos son los mejores consejos que puedes seguir para obtener todos los beneficios del SARM YK11 a la venta:<\/p>\n<ul>\n<li>Para mejorar la tolerabilidad, tome la dosis con una comida ligera o con un batido de prote\u00ednas.<\/li>\n<li>Es necesario beber mucha agua durante el d\u00eda y por la noche para facilitar el metabolismo.<\/li>\n<li>Es posible que desee controlar diariamente la reacci\u00f3n de su cuerpo, por ejemplo, la fuerza y la plenitud muscular.<\/li>\n<li>No se recomienda saltarse ninguna dosis, ya que esto podr\u00eda alterar los niveles estables en sangre y los resultados beneficiosos.<\/li>\n<li>Durante la primera semana, debes progresar gradualmente hacia entrenamientos m\u00e1s intensos en lugar de exigir demasiado a tu cuerpo desde el principio.<\/li>\n<\/ul>\n<p>Para maximizar el aumento de masa muscular magra, se recomienda seguir la dosis y la duraci\u00f3n del ciclo recomendadas de YK11, junto con una sincronizaci\u00f3n y dosificaci\u00f3n precisas. Con estas herramientas, puedes pasar de un ciclo extenuante a uno muy seguro.<\/p>\n<h2>YK11 en combinaci\u00f3n con otros compuestos<\/h2>\n<p>Combinar YK11 con compuestos seleccionados de forma inteligente puede disparar tu rendimiento. Ostarine es el compuesto m\u00e1s com\u00fan que combinan los culturistas con YK11 en los ciclos de definici\u00f3n para retener m\u00fasculo y eliminar grasa. Algunos tambi\u00e9n combinan YK11 con Ligandrol o RAD-140 en las fases de recomposici\u00f3n para ganar la m\u00e1xima densidad y tama\u00f1o en los m\u00fasculos. La raz\u00f3n por la que estas combinaciones funcionan tan bien es que los SARM se dirigen a diferentes procesos del cuerpo.<\/p>\n<p>En cuanto al rendimiento, algunos de los levantadores m\u00e1s fuertes buscan rese\u00f1as sobre el SARM YK11 y toman una peque\u00f1a dosis de enantato de testosterona o propionato de testosterona. Algunos tambi\u00e9n combinan YK11 con Cardarine o Stenabolic para aumentar sus efectos sobre la resistencia y el metabolismo de las grasas, al tiempo que mantienen las ganancias logradas con YK11. Aseg\u00farate de que estas mezclas se pueden completar de forma segura con la dosis adecuada.<\/p>\n<p>La cuesti\u00f3n de la combinaci\u00f3n es relevante, ya que, por lo general, no se sabe c\u00f3mo combinar dos SARM muy potentes, por lo que es mejor evitar combinaciones demasiado agresivas. Muchos usuarios de YK11 lo combinan con suplementos m\u00e1s seguros, como la creatina y los BCAA. Adem\u00e1s, una dieta rica en prote\u00ednas puede ayudar a la recuperaci\u00f3n y al rendimiento general.<\/p>\n<h2>Errores comunes de los principiantes al usar Myostan (YK11)<\/h2>\n<p>Al ser un usuario novato de YK11, hay errores comunes que pueden frenar tu progreso y aumentar las posibilidades de lesionarte. Ser consciente de estos errores te permitir\u00e1 maximizar tu ciclo y mantenerte sano:<\/p>\n<ol>\n<li><strong>Dosis incorrecta<\/strong><br \/>\nMuchas personas creen que cuanto m\u00e1s YK11 tomen, m\u00e1s r\u00e1pido obtendr\u00e1n resultados. Pero, en realidad, una dosis mayor de YK11 aumenta el riesgo de efectos secundarios. Si sigues el r\u00e9gimen de dosificaci\u00f3n correcto desde el principio, tu ciclo siempre ser\u00e1 predecible.<\/li>\n<li><strong>Duraci\u00f3n del ciclo subestimada<\/strong><br \/>\nUn ciclo corto provocar\u00e1 una alteraci\u00f3n hormonal si no le das a tu cuerpo el tiempo suficiente para acostumbrarse a la dosis. La alteraci\u00f3n hormonal se prolonga cuando se realiza un ciclo largo, lo que puede tener consecuencias negativas. Simplemente realiza un ciclo de la duraci\u00f3n adecuada para que tu cuerpo se acostumbre a la dosis.<\/li>\n<li><strong>Ten en cuenta las calor\u00edas y los nutrientes<\/strong><br \/>\nIncluso con Myostan, el tejido muscular sigue necesitando prote\u00ednas, calor\u00edas y la recuperaci\u00f3n adecuada despu\u00e9s del entrenamiento para desarrollarse. En cualquier caso, si no puedes comer adecuadamente, arruinar\u00e1s los resultados que podr\u00edas obtener, incluso con Myostan.<\/li>\n<li><strong>Comprar medicamentos falsos<\/strong><br \/>\nMuchos principiantes no saben d\u00f3nde comprar YK11. Por lo tanto, buscan la opci\u00f3n m\u00e1s barata en tiendas dudosas. Se recomienda que consideres cuidadosamente la compra de medicamentos y que solo utilices vendedores de confianza, como nuestra tienda online.<\/li>\n<li><strong>Ignorar la PCT<\/strong><br \/>\nPuedes perder masa muscular y aumentar los efectos secundarios si no ayudas a tu cuerpo a recuperarse despu\u00e9s de un ciclo. La recuperaci\u00f3n favorece la normalizaci\u00f3n hormonal y el bienestar, lo que ayuda a que tus m\u00fasculos se mantengan incluso despu\u00e9s de terminar el ciclo.<\/li>\n<\/ol>\n<p>Puede aprovechar al m\u00e1ximo los efectos cuando compra YK11 en l\u00ednea y evita estos posibles errores, que pueden ser perjudiciales en t\u00e9rminos de eficacia y salud. As\u00ed que tenga en cuenta que adoptar un enfoque sensato hoy es lo que m\u00e1s probabilidades tiene de proporcionarle grandes resultados ma\u00f1ana.<\/p>\n","protected":false},"excerpt":{"rendered":"<p>Nombre Tipo Efectos principales Efectos secundarios Supresi\u00f3n de testosterona Ciclo t\u00edpico Ideal para Vida media Inicio \u00bfRequiere PCT? Toxicidad Andarine (S-4) SARM P\u00e9rdida de grasa, mayor definici\u00f3n muscular, aumento de fuerza Alteraciones visuales Media 6\u20138 semanas Cutting, recomposici\u00f3n ~4 horas 7\u201310 d\u00edas S\u00ed Baja Cardarine (GW-501516) Agonista PPAR\u03b4 Aumento de resistencia, oxidaci\u00f3n de grasa, mejora [&hellip;]<\/p>\n","protected":false},"featured_media":1725,"comment_status":"open","ping_status":"closed","template":"","meta":{"_acf_changed":false},"product_brand":[],"product_cat":[79,80,91,84,85,86,93,77],"product_tag":[],"class_list":{"0":"post-1724","1":"product","2":"type-product","3":"status-publish","4":"has-post-thumbnail","6":"product_cat-best-sarms-for-bodybuilding-es","7":"product_cat-best-sarms-for-building-muscle-es","8":"product_cat-best-sarms-for-bulking-es","9":"product_cat-best-sarms-for-men-es","10":"product_cat-best-sarms-for-muscle-gain-es","11":"product_cat-best-sarms-for-muscle-growth-es","12":"product_cat-best-sarms-for-strength-es","13":"product_cat-sarms","15":"first","16":"instock","17":"shipping-taxable","18":"purchasable","19":"product-type-variable"},"acf":[],"_links":{"self":[{"href":"https:\/\/sarms-sport.com\/es\/wp-json\/wp\/v2\/product\/1724","targetHints":{"allow":["GET"]}}],"collection":[{"href":"https:\/\/sarms-sport.com\/es\/wp-json\/wp\/v2\/product"}],"about":[{"href":"https:\/\/sarms-sport.com\/es\/wp-json\/wp\/v2\/types\/product"}],"replies":[{"embeddable":true,"href":"https:\/\/sarms-sport.com\/es\/wp-json\/wp\/v2\/comments?post=1724"}],"wp:featuredmedia":[{"embeddable":true,"href":"https:\/\/sarms-sport.com\/es\/wp-json\/wp\/v2\/media\/1725"}],"wp:attachment":[{"href":"https:\/\/sarms-sport.com\/es\/wp-json\/wp\/v2\/media?parent=1724"}],"wp:term":[{"taxonomy":"product_brand","embeddable":true,"href":"https:\/\/sarms-sport.com\/es\/wp-json\/wp\/v2\/product_brand?post=1724"},{"taxonomy":"product_cat","embeddable":true,"href":"https:\/\/sarms-sport.com\/es\/wp-json\/wp\/v2\/product_cat?post=1724"},{"taxonomy":"product_tag","embeddable":true,"href":"https:\/\/sarms-sport.com\/es\/wp-json\/wp\/v2\/product_tag?post=1724"}],"curies":[{"name":"wp","href":"https:\/\/api.w.org\/{rel}","templated":true}]}}