{"id":1750,"date":"2025-04-29T15:23:21","date_gmt":"2025-04-29T13:23:21","guid":{"rendered":"https:\/\/sarms-sport.com\/andarino-zillt-medicine-andarine-s4\/"},"modified":"2025-12-01T21:09:48","modified_gmt":"2025-12-01T20:09:48","slug":"andarino-zillt-medicine-andarine-s4","status":"publish","type":"product","link":"https:\/\/sarms-sport.com\/es\/andarino-zillt-medicine-andarine-s4\/","title":{"rendered":"Andarino Zillt Medicine (Andarine S4)"},"content":{"rendered":"<table>\n<tbody>\n<tr>\n<td style=\"text-align: center;\"><strong>Nombre<\/strong><\/td>\n<td style=\"text-align: center;\"><strong>Tipo<\/strong><\/td>\n<td style=\"text-align: center;\"><strong>Efectos principales<\/strong><\/td>\n<td style=\"text-align: center;\"><strong>Efectos secundarios<\/strong><\/td>\n<td style=\"text-align: center;\"><strong>Supresi\u00f3n de testosterona<\/strong><\/td>\n<td style=\"text-align: center;\"><strong>Ciclo t\u00edpico<\/strong><\/td>\n<td style=\"text-align: center;\"><strong>Ideal para<\/strong><\/td>\n<td style=\"text-align: center;\"><strong>Vida media<\/strong><\/td>\n<td style=\"text-align: center;\"><strong>Inicio<\/strong><\/td>\n<td style=\"text-align: center;\"><strong>\u00bfRequiere PCT?<\/strong><\/td>\n<td style=\"text-align: center;\"><strong>Toxicidad<\/strong><\/td>\n<\/tr>\n<tr>\n<td style=\"text-align: center;\"><a href=\"https:\/\/sarms-sport.com\/es\/andarino-zillt-medicine-andarine-s4\/\"><strong>Andarine (S-4)<\/strong><\/a><\/td>\n<td style=\"text-align: center;\">SARM<\/td>\n<td style=\"text-align: center;\">P\u00e9rdida de grasa, mayor definici\u00f3n muscular, aumento de fuerza<\/td>\n<td style=\"text-align: center;\">Alteraciones visuales<\/td>\n<td style=\"text-align: center;\">Media<\/td>\n<td style=\"text-align: center;\">6\u20138 semanas<\/td>\n<td style=\"text-align: center;\">Cutting, recomposici\u00f3n<\/td>\n<td style=\"text-align: center;\">~4 horas<\/td>\n<td style=\"text-align: center;\">7\u201310 d\u00edas<\/td>\n<td style=\"text-align: center;\">S\u00ed<\/td>\n<td style=\"text-align: center;\">Baja<\/td>\n<\/tr>\n<tr>\n<td style=\"text-align: center;\"><a href=\"https:\/\/sarms-sport.com\/es\/cardarino-zillt-medicine-cardarine-gw-501516\/\"><strong>Cardarine (GW-501516)<\/strong><\/a><\/td>\n<td style=\"text-align: center;\">Agonista PPAR\u03b4<\/td>\n<td style=\"text-align: center;\">Aumento de resistencia, oxidaci\u00f3n de grasa, mejora del metabolismo<\/td>\n<td style=\"text-align: center;\">Riesgos potenciales a dosis altas<\/td>\n<td style=\"text-align: center;\">No<\/td>\n<td style=\"text-align: center;\">6\u201312 semanas<\/td>\n<td style=\"text-align: center;\">Cutting, resistencia<\/td>\n<td style=\"text-align: center;\">16\u201324 horas<\/td>\n<td style=\"text-align: center;\">3\u20135 d\u00edas<\/td>\n<td style=\"text-align: center;\">No<\/td>\n<td style=\"text-align: center;\">Muy baja<\/td>\n<\/tr>\n<tr>\n<td style=\"text-align: center;\"><a href=\"https:\/\/sarms-sport.com\/es\/ibutamoreno-zillt-medicine-ibutamoren-mk-677\/\"><strong>Ibutamoren (MK-677)<\/strong><\/a><\/td>\n<td style=\"text-align: center;\">Secretagogo de GH<\/td>\n<td style=\"text-align: center;\">Aumenta GH\/IGF-1, recuperaci\u00f3n, mejora del sue\u00f1o<\/td>\n<td style=\"text-align: center;\">Aumento del apetito, retenci\u00f3n de agua<\/td>\n<td style=\"text-align: center;\">No<\/td>\n<td style=\"text-align: center;\">8\u201316 semanas<\/td>\n<td style=\"text-align: center;\">Volumen, recuperaci\u00f3n<\/td>\n<td style=\"text-align: center;\">20\u201324 horas<\/td>\n<td style=\"text-align: center;\">5\u20137 d\u00edas<\/td>\n<td style=\"text-align: center;\">No<\/td>\n<td style=\"text-align: center;\">Baja<\/td>\n<\/tr>\n<tr>\n<td style=\"text-align: center;\"><a href=\"https:\/\/sarms-sport.com\/es\/ligandrolo-zillt-medicine-ligandrol-lgd-4033\/\"><strong>Ligandrol (LGD-4033)<\/strong><\/a><\/td>\n<td style=\"text-align: center;\">SARM<\/td>\n<td style=\"text-align: center;\">Aumento de masa y fuerza, mejor recuperaci\u00f3n<\/td>\n<td style=\"text-align: center;\">Fuerte supresi\u00f3n<\/td>\n<td style=\"text-align: center;\">Alta<\/td>\n<td style=\"text-align: center;\">6\u20138 semanas<\/td>\n<td style=\"text-align: center;\">Volumen<\/td>\n<td style=\"text-align: center;\">24\u201336 horas<\/td>\n<td style=\"text-align: center;\">7\u201310 d\u00edas<\/td>\n<td style=\"text-align: center;\">S\u00ed<\/td>\n<td style=\"text-align: center;\">Baja<\/td>\n<\/tr>\n<tr>\n<td style=\"text-align: center;\"><a href=\"https:\/\/sarms-sport.com\/es\/ostarino-zillt-medicine-ostarine-mk-2866\/\"><strong>Ostarine (MK-2866)<\/strong><\/a><\/td>\n<td style=\"text-align: center;\">SARM<\/td>\n<td style=\"text-align: center;\">Masa magra, soporte articular, recomposici\u00f3n leve<\/td>\n<td style=\"text-align: center;\">Supresi\u00f3n leve<\/td>\n<td style=\"text-align: center;\">Baja<\/td>\n<td style=\"text-align: center;\">6\u20138 semanas<\/td>\n<td style=\"text-align: center;\">Recomposici\u00f3n<\/td>\n<td style=\"text-align: center;\">24 horas<\/td>\n<td style=\"text-align: center;\">10\u201314 d\u00edas<\/td>\n<td style=\"text-align: center;\">No<\/td>\n<td style=\"text-align: center;\">Muy baja<\/td>\n<\/tr>\n<tr>\n<td style=\"text-align: center;\"><a href=\"https:\/\/sarms-sport.com\/es\/s23-zillt-medicine-mastorin-s23\/\"><strong>S-23<\/strong><\/a><\/td>\n<td style=\"text-align: center;\">SARM potente<\/td>\n<td style=\"text-align: center;\">Fuerza, m\u00fasculo seco y denso, fuerte efecto de endurecimiento<\/td>\n<td style=\"text-align: center;\">Supresi\u00f3n muy fuerte<\/td>\n<td style=\"text-align: center;\">Muy alta<\/td>\n<td style=\"text-align: center;\">4\u20136 semanas<\/td>\n<td style=\"text-align: center;\">Cutting avanzado, fuerza<\/td>\n<td style=\"text-align: center;\">~12 horas<\/td>\n<td style=\"text-align: center;\">3\u20137 d\u00edas<\/td>\n<td style=\"text-align: center;\">S\u00ed<\/td>\n<td style=\"text-align: center;\">Moderada<\/td>\n<\/tr>\n<tr>\n<td style=\"text-align: center;\"><a href=\"https:\/\/sarms-sport.com\/es\/stenabolo-zillt-medicine-stenabolic-sr-9009\/\"><strong>Stenabolic (SR-9009)<\/strong><\/a><\/td>\n<td style=\"text-align: center;\">Agonista Rev-ERB<\/td>\n<td style=\"text-align: center;\">Mejora del metabolismo, p\u00e9rdida de grasa, resistencia<\/td>\n<td style=\"text-align: center;\">Necesita dosificaci\u00f3n frecuente<\/td>\n<td style=\"text-align: center;\">No<\/td>\n<td style=\"text-align: center;\">6\u201310 semanas<\/td>\n<td style=\"text-align: center;\">Cutting<\/td>\n<td style=\"text-align: center;\">1\u20132 horas<\/td>\n<td style=\"text-align: center;\">2\u20134 d\u00edas<\/td>\n<td style=\"text-align: center;\">No<\/td>\n<td style=\"text-align: center;\">Muy baja<\/td>\n<\/tr>\n<tr>\n<td style=\"text-align: center;\"><a href=\"https:\/\/sarms-sport.com\/es\/testolono-zillt-medicine-testolone-rad-140\/\"><strong>Testolone (RAD-140)<\/strong><\/a><\/td>\n<td style=\"text-align: center;\">SARM<\/td>\n<td style=\"text-align: center;\">Aumento de fuerza, masa muscular, efecto anticatab\u00f3lico<\/td>\n<td style=\"text-align: center;\">Supresi\u00f3n, irritabilidad<\/td>\n<td style=\"text-align: center;\">Alta<\/td>\n<td style=\"text-align: center;\">6\u20138 semanas<\/td>\n<td style=\"text-align: center;\">Volumen, fuerza<\/td>\n<td style=\"text-align: center;\">~60 horas<\/td>\n<td style=\"text-align: center;\">5\u20137 d\u00edas<\/td>\n<td style=\"text-align: center;\">S\u00ed<\/td>\n<td style=\"text-align: center;\">Baja\u2013media<\/td>\n<\/tr>\n<tr>\n<td style=\"text-align: center;\"><a href=\"https:\/\/sarms-sport.com\/es\/yk-11-zillt-medicine-myostan-yk11\/\"><strong>YK-11<\/strong><\/a><\/td>\n<td style=\"text-align: center;\">Inhibidor de miostatina<\/td>\n<td style=\"text-align: center;\">R\u00e1pido aumento de fuerza, hipertrofia acelerada, masa densa<\/td>\n<td style=\"text-align: center;\">Estr\u00e9s hep\u00e1tico, agresividad<\/td>\n<td style=\"text-align: center;\">Alta<\/td>\n<td style=\"text-align: center;\">4\u20138 semanas<\/td>\n<td style=\"text-align: center;\">Volumen, fuerza<\/td>\n<td style=\"text-align: center;\">6\u201310 horas<\/td>\n<td style=\"text-align: center;\">5\u20137 d\u00edas<\/td>\n<td style=\"text-align: center;\">S\u00ed<\/td>\n<td style=\"text-align: center;\">Media\u2013alta<\/td>\n<\/tr>\n<\/tbody>\n<\/table>\n<h2>\u00bfQu\u00e9 es S4 (Andarine)?<\/h2>\n<p>El S4 Andarine es uno de los moduladores selectivos de los receptores androg\u00e9nicos m\u00e1s conocidos y utilizados, y est\u00e1 aprobado por la FDA. Se cre\u00f3 para proteger la masa muscular magra y aumentar la p\u00e9rdida de grasa. Aunque el Andarine S4 se estudi\u00f3 inicialmente para el desgaste muscular y la osteoporosis, ha ganado cierta popularidad entre los atletas por sus propiedades para mejorar el rendimiento.<\/p>\n<p>Se ha demostrado que mejora el tono y la definici\u00f3n muscular sin los efectos secundarios de retenci\u00f3n de agua de los esteroides anab\u00f3licos. En la pr\u00e1ctica, el S4 tiene tres resultados importantes:<\/p>\n<ul>\n<li>Andarine sintetiza prote\u00ednas a un ritmo m\u00e1s r\u00e1pido, lo que conduce a una reparaci\u00f3n y un crecimiento muscular m\u00e1s r\u00e1pidos despu\u00e9s del entrenamiento.<\/li>\n<li>En lugar de depender de la energ\u00eda de los alimentos ingeridos, el cuerpo comienza a utilizar los dep\u00f3sitos de grasa acumulados para obtener energ\u00eda y, al mismo tiempo, mantiene el tejido muscular.<\/li>\n<li>El S4 promueve el crecimiento \u00f3seo, lo que puede conducir a una mayor resistencia y a un menor riesgo de lesiones durante los entrenamientos intensos.<\/li>\n<\/ul>\n<p>Es selectivo, lo que significa que, a diferencia de la mayor\u00eda de las dem\u00e1s hormonas, se une directamente a los receptores musculares y \u00f3seos en lugar de afectar al resto del sistema endocrino. Esta especificidad es lo que hace que Andarine sea una opci\u00f3n extremadamente atractiva para aquellos que intentan aumentar la apariencia de la masa muscular sin efectos secundarios.<\/p>\n<h2>C\u00f3mo funciona el S4 (Andarine)<\/h2>\n<p>Al tomar S4 Andarine, el compuesto comienza a unirse a los receptores de andr\u00f3genos de los huesos y los m\u00fasculos. Estos receptores de andr\u00f3genos son importantes para el crecimiento muscular, la reparaci\u00f3n y el mantenimiento de la fuerza. Andarine activar\u00e1 el mismo tipo de actividad anab\u00f3lica por la que se conoce a la testosterona, sin muchos de los efectos hormonales negativos.<\/p>\n<p>Lo que diferencia al S4 de otros esteroides es que aumenta tanto la fuerza como la definici\u00f3n. El S4 no solo te ayuda a ganar masa muscular, sino que tambi\u00e9n ayuda al cuerpo a mantener el tejido magro y a quemar grasa. Por eso es un SARM com\u00fan para los ciclos de definici\u00f3n, cuando el objetivo es mantener la fuerza y adquirir un aspecto m\u00e1s definido y duro.<\/p>\n<p>Otro aspecto interesante de Andarine es c\u00f3mo afecta a la densidad \u00f3sea y a la recuperaci\u00f3n potencial. Es muy \u00fatil para fortalecer los huesos si eres un atleta que levanta mucho peso o realiza ejercicios cardiovasculares de alta intensidad. Debido a que Andarine tiene una vida media corta, los usuarios suelen dividir sus dosis a lo largo del d\u00eda para alcanzar niveles m\u00e1ximos y un rendimiento constante.<\/p>\n<h2>Los principales beneficios del S4 (Andarine)<\/h2>\n<p>Una de las principales razones por las que los atletas eligen usar Andarine S4 es que les proporciona resultados visibles sin hacerles parecer hinchados. Proporciona retenci\u00f3n de masa muscular magra, pero hace que el cuerpo est\u00e9 m\u00e1s tonificado y tenga un aspecto m\u00e1s atl\u00e9tico. Estas son algunas de las principales ventajas de Andarine S4 para ti:<\/p>\n<ol>\n<li><strong>Densidad y definici\u00f3n de los m\u00fasculos<\/strong><br \/>\nEl S4 hace que el m\u00fasculo se vea seco, sin retenci\u00f3n de agua. Su figura parece m\u00e1s llena y su rendimiento muscular parece mayor, especialmente durante un posible ciclo de definici\u00f3n y aumento de masa muscular. Le permite resaltar cada l\u00ednea de su piel.<\/li>\n<li><strong>P\u00e9rdida de grasa<\/strong><br \/>\nAndarine puede permitir que el cuerpo queme grasa de manera m\u00e1s eficiente a trav\u00e9s de un metabolismo elevado. El cuerpo comenzar\u00e1 a quemar grasa como energ\u00eda mientras hace ejercicio y, al mismo tiempo, con la ayuda de esto, tambi\u00e9n puede perder grasa y mantener los m\u00fasculos, lo cual es muy beneficioso para su cuerpo.<\/li>\n<li><strong>Desarrollo de masa muscular magra<\/strong><br \/>\nA diferencia de muchos otros SARM, el S4 promueve la generaci\u00f3n de nuevo tejido muscular incluso cuando est\u00e1s en modo de quema de grasa. Esto ayuda al atleta a conservar la fuerza y la plenitud muscular mientras se encuentra en d\u00e9ficit cal\u00f3rico.<\/li>\n<li><strong>Aumento de la fuerza<\/strong><br \/>\nLos niveles de fuerza se mantienen m\u00e1s altos con el S4 funcionando como d\u00e9ficit cal\u00f3rico, aunque a un nivel modesto para algunos usuarios. Los atletas pueden entrenar m\u00e1s duro y de forma m\u00e1s constante, incluso mientras intentan metabolizar un d\u00e9ficit cal\u00f3rico para alcanzar sus objetivos de masa magra.<\/li>\n<li><strong>Recuperaci\u00f3n m\u00e1s r\u00e1pida<\/strong><br \/>\nDespu\u00e9s de hacer ejercicio, el SARM Andarine S4 tambi\u00e9n favorece la capacidad de recuperarse m\u00e1s r\u00e1pidamente del dolor muscular. Facilita un transporte m\u00e1s r\u00e1pido de ox\u00edgeno a los m\u00fasculos, lo que puede reducir el dolor y ayudarle a volver al entrenamiento m\u00e1s r\u00e1pidamente.<\/li>\n<li><strong>Mantenimiento muscular<\/strong><br \/>\nAndarine mantiene la masa muscular que tienes actualmente, a diferencia de muchos otros esteroides en una fase de definici\u00f3n. Por eso es uno de los SARM m\u00e1s fiables en una fase de preparaci\u00f3n, ya que mantiene los resultados \u00aben forma\u00bb en lugar de \u00abvoluminosos\u00bb.<\/li>\n<li><strong>Poca o ninguna retenci\u00f3n de agua<\/strong><br \/>\nEl S4 no retiene agua como los anab\u00f3licos, por lo que con Andarine te mantienes delgado y seco. Tus ganancias se pueden ver en el espejo.<\/li>\n<\/ol>\n<p>En general, Andarine proporciona al cuerpo un aspecto m\u00e1s delgado, definido y potente sin los riesgos asociados a los esteroides. Por eso es una opci\u00f3n s\u00f3lida para cualquiera que quiera mejorar su aspecto.<\/p>\n<h2>Efectos secundarios de Andarine<\/h2>\n<p>En cuanto a los efectos secundarios de Andarine S4, la gran mayor\u00eda de los usuarios experimentar\u00e1n efectos secundarios muy leves en la mayor\u00eda de los casos, si es que los hay, y solo durante un breve periodo de tiempo. Sin embargo, saber lo que vas a experimentar es \u00fatil para tomar el compuesto de forma segura y con confianza:<\/p>\n<ol>\n<li><strong>Cambios en la visi\u00f3n<\/strong><br \/>\nAlgunas personas han informado de un ligero tinte amarillento en su visi\u00f3n o dificultad para adaptarse a la luz brillante. Esto se debe a que Andarine se une a los receptores de los ojos. Este efecto no durar\u00e1 m\u00e1s all\u00e1 de su ciclo, y no se producir\u00e1 si deja de tomarlo o reduce la dosis.<\/li>\n<li><strong>Supresi\u00f3n natural de la testosterona<\/strong><br \/>\nAndarine puede inducir una leve supresi\u00f3n de la testosterona natural. Esto ocurre con la mayor\u00eda de los SARM, pero es totalmente reversible. Normalmente, un ciclo corto de PCT es suficiente para recuperar el equilibrio y la vitalidad de la testosterona.<\/li>\n<li><strong>Dificultades para dormir<\/strong><br \/>\nAlgunos atletas experimentan una sensaci\u00f3n de sue\u00f1o m\u00e1s ligero durante el ciclo. Ahora bien, la hidrataci\u00f3n, la dieta diaria y los h\u00e1bitos de descanso son en su mayor parte constantes. Esto suele ayudar a disipar estos s\u00edntomas.<\/li>\n<li><strong>Dolores de cabeza o irritabilidad leve<\/strong><br \/>\nLos dolores de cabeza o los ligeros cambios de humor aparecen en los primeros d\u00edas. Estos efectos secundarios solo duran un poco cuando te acostumbras al compuesto.<\/li>\n<li><strong>Fatiga<\/strong><br \/>\nEn ciclos de mayor duraci\u00f3n, el SARM Andarine puede aumentar progresivamente el cansancio y disminuir la resistencia. Los niveles de energ\u00eda suelen recuperarse hasta sus niveles basales utilizando menos cantidad del f\u00e1rmaco.<\/li>\n<\/ol>\n<p>El S4 es sin duda uno de los SARM m\u00e1s f\u00e1ciles de manejar en t\u00e9rminos de efectos secundarios. Se pueden obtener los beneficios de Andarine con los m\u00ednimos efectos secundarios posibles si se toma la dosis recomendada.<\/p>\n<h2>Dosis, duraci\u00f3n del ciclo y uso seguro de S4 (Andarine)<\/h2>\n<p>La combinaci\u00f3n adecuada de dosis y duraci\u00f3n del ciclo har\u00e1 que sus resultados sean estables y viables. Andarine S4 a la venta resultar\u00e1 atractivo para los usuarios incluso cuando el dinero escasee, ya que puede ayudar a reducir la grasa y definir los m\u00fasculos si se aplica con determinaci\u00f3n.<\/p>\n<h3>Recomendaciones de dosificaci\u00f3n<\/h3>\n<p>Una vez que empiece a hacer ejercicio, preste atenci\u00f3n a la dosis y al momento de tomarla. La mayor\u00eda de los principiantes obtienen mejores resultados, no porque su dosis sea m\u00e1s alta. Para la mayor\u00eda, lo mejor es tomar 25 mg en dos dosis al d\u00eda. Esto permite que el cuerpo comience a adaptarse gradualmente a Andarine y reduce los posibles efectos secundarios. Una vez que se sienta c\u00f3modo con Andarine, puede aumentar ligeramente la dosis de Andarine S4, pero una dosis excesiva puede irritar el cuerpo.<\/p>\n<h3>Duraci\u00f3n del ciclo<\/h3>\n<p>Para la mayor\u00eda de los usuarios, entre 6 y 8 semanas es lo adecuado para empezar a obtener resultados reales con el ciclo de S4 Andarine. Puede resultar tentador prolongar el ciclo, pero forzar innecesariamente el sistema no aporta grandes beneficios. Sea constante y tome sus dosis a la misma hora todos los d\u00edas para obtener un efecto m\u00e1s estable. Cuanto m\u00e1s constante sea, m\u00e1s probable ser\u00e1 que su cuerpo responda de la forma que usted espera.<\/p>\n<h3>Consejos para un uso seguro<\/h3>\n<p>Cuando compres Andarine, ten en cuenta que tu cuerpo est\u00e1 trabajando horas extras con este f\u00e1rmaco. Proporcionar el apoyo adecuado al cuerpo puede ayudarte a mejorar tus posibilidades de lograr mejores resultados y comodidad.<\/p>\n<ul>\n<li>Duerma lo suficiente por la noche, ya que es importante para la reparaci\u00f3n muscular y el equilibrio hormonal \u00f3ptimo.<\/li>\n<li>Beba mucha agua a lo largo del d\u00eda. Esto facilitar\u00e1 el transporte de nutrientes, ayudar\u00e1 a combatir la fatiga y evitar\u00e1 los calambres.<\/li>\n<li>Consume suficientes calor\u00edas, con muchas prote\u00ednas y grasas buenas y carbohidratos complejos para darte energ\u00eda y ayudarte a desarrollar m\u00fasculo.<\/li>\n<\/ul>\n<p>Al desarrollar estos h\u00e1bitos, lograr\u00e1s tu objetivo de desarrollar m\u00fasculo magro y definici\u00f3n. Adem\u00e1s, mantendr\u00e1s tu salud intacta y har\u00e1s que el ciclo sea m\u00e1s tolerable.<\/p>\n<h2>Combinaci\u00f3n de S4: lo que funciona y lo que no<\/h2>\n<p>La combinaci\u00f3n con otras sustancias puede proporcionarte m\u00e1s resultados con S4 Andarine si sabes c\u00f3mo hacerlo correctamente. Por lo general, S4 se combina bien con compuestos m\u00e1s suaves para el aumento de masa muscular o la definici\u00f3n, y ayuda a perder grasa mientras se conserva la masa muscular magra.<\/p>\n<h3>Lo que funciona<\/h3>\n<p>Andarine es popular y te dar\u00e1 los mejores resultados si se combina con dosis bajas de enantato de testosterona o SARM suaves de segunda generaci\u00f3n como MK-2866 Ostarine y LGD-4033 Ligandrol.<\/p>\n<h3>Lo que no funciona<\/h3>\n<p>No todas las combinaciones son seguras o incluso eficaces. Mezclar f\u00e1rmacos agresivos o varios SARM de \u00e9lite, como RAD-140 Testolone o YK-11, con S4 Andarine puede provocar una sobrecarga y efectos secundarios m\u00e1s fuertes. Los atletas menos experimentados deben limitarse a uno o dos f\u00e1rmacos adicionales no agresivos.<\/p>\n<p>El equilibrio y el momento adecuado son los factores determinantes en este caso. El S4 Andarine tambi\u00e9n se puede utilizar junto con suplementos compatibles como el MK-677 Ibutamoren para la recuperaci\u00f3n o p\u00e9ptidos como el BPC-157 para favorecer la salud y la curaci\u00f3n de las articulaciones.<\/p>\n<h2>Errores comunes de los principiantes al usar S4 (Andarine)<\/h2>\n<p>Todos los atletas tienen que empezar por alg\u00fan lado, pero cuando se trata de Andarine S4 a la venta, especialmente, lo que no haces puede afectar a tus resultados y a tu seguridad m\u00e1s que lo que haces. A continuaci\u00f3n se indican los errores m\u00e1s importantes que debes evitar como principiante.<\/p>\n<ul>\n<li><strong>Tomar inmediatamente una dosis demasiado alta<\/strong><br \/>\nMuchas personas que utilizan S4 parecen pensar que cuanto mayor sea la dosis, m\u00e1s r\u00e1pido se obtienen resultados, pero esto no es as\u00ed con S4. La sustancia se acumula lentamente, y aumentar la dosis demasiado pronto puede causar efectos adversos como trastornos de la visi\u00f3n o cansancio.<\/li>\n<li><strong>Alargar la duraci\u00f3n del ciclo<\/strong><br \/>\nLo mejor es que los ciclos de Andarine S4 sean cortos, de 6 a 8 semanas. No se recomienda prolongarlos, ni siquiera una semana, porque esto es perjudicial para las hormonas, especialmente para las mujeres que toman Andarine S4. T\u00f3mate siempre un descanso para que tu cuerpo se recupere antes de continuar despu\u00e9s de un ciclo.<\/li>\n<li><strong>Combinar S4 con compuestos aleatorios<\/strong><br \/>\nCombine S4 Andarine con compuestos compatibles. Si va a utilizar el S4 para perder grasa o mejorar el rendimiento, es mejor combinarlo con otros compuestos compatibles, ya que el S4 puede tener un fuerte impacto en los niveles de energ\u00eda. Es mejor ce\u00f1irse al ciclo est\u00e1ndar de S4 Andarine y solo experimentar con \u00e9l si ya tiene experiencia con \u00e9l.<\/li>\n<li><strong>Mala nutrici\u00f3n y tiempos de recuperaci\u00f3n<\/strong><br \/>\nLos SARM no alterar\u00e1n tu dieta o tu sue\u00f1o de forma constante. El S4 puede ayudar a quemar grasa corporal y fortalecer la masa muscular magra, pero requiere tiempo para recuperarse. Debes comer comidas ricas en prote\u00ednas, beber mucha agua y dormir al menos 7 horas para que tus m\u00fasculos puedan recuperarse.<\/li>\n<li><strong>Ignorar los efectos secundarios<\/strong><br \/>\nLos problemas de visi\u00f3n, junto con los mareos y el cansancio extremo, son se\u00f1ales de que debes dejar de tomarlo o reducir la dosis. La mayor\u00eda de los efectos secundarios desaparecer\u00e1n poco despu\u00e9s de dejar de tomar el medicamento, y estar en sinton\u00eda con tu cuerpo har\u00e1 que cada ciclo sea menos arriesgado.<\/li>\n<\/ul>\n<p>Todo el mundo comete errores en alg\u00fan momento, sobre todo si es nuevo y acaba de decidir comprar el compuesto S4 Andarine. T\u00f3mate tu tiempo, inf\u00f3rmate sobre los medicamentos y escucha a tu cuerpo: esa es la clave del \u00e9xito.<\/p>\n","protected":false},"excerpt":{"rendered":"<p>Nombre Tipo Efectos principales Efectos secundarios Supresi\u00f3n de testosterona Ciclo t\u00edpico Ideal para Vida media Inicio \u00bfRequiere PCT? Toxicidad Andarine (S-4) SARM P\u00e9rdida de grasa, mayor definici\u00f3n muscular, aumento de fuerza Alteraciones visuales Media 6\u20138 semanas Cutting, recomposici\u00f3n ~4 horas 7\u201310 d\u00edas S\u00ed Baja Cardarine (GW-501516) Agonista PPAR\u03b4 Aumento de resistencia, oxidaci\u00f3n de grasa, mejora [&hellip;]<\/p>\n","protected":false},"featured_media":1751,"comment_status":"open","ping_status":"closed","template":"","meta":{"_acf_changed":false},"product_brand":[],"product_cat":[78,79,80,81,82,83,84,85,86,87,88,77],"product_tag":[],"class_list":{"0":"post-1750","1":"product","2":"type-product","3":"status-publish","4":"has-post-thumbnail","6":"product_cat-best-sarms-for-beginners-es","7":"product_cat-best-sarms-for-bodybuilding-es","8":"product_cat-best-sarms-for-building-muscle-es","9":"product_cat-best-sarms-for-cutting-es","10":"product_cat-best-sarms-for-fat-loss-es","11":"product_cat-best-sarms-for-losing-weight-es","12":"product_cat-best-sarms-for-men-es","13":"product_cat-best-sarms-for-muscle-gain-es","14":"product_cat-best-sarms-for-muscle-growth-es","15":"product_cat-best-sarms-for-weight-loss-es","16":"product_cat-best-sarms-for-women-es","17":"product_cat-sarms","19":"first","20":"instock","21":"shipping-taxable","22":"purchasable","23":"product-type-variable"},"acf":[],"_links":{"self":[{"href":"https:\/\/sarms-sport.com\/es\/wp-json\/wp\/v2\/product\/1750","targetHints":{"allow":["GET"]}}],"collection":[{"href":"https:\/\/sarms-sport.com\/es\/wp-json\/wp\/v2\/product"}],"about":[{"href":"https:\/\/sarms-sport.com\/es\/wp-json\/wp\/v2\/types\/product"}],"replies":[{"embeddable":true,"href":"https:\/\/sarms-sport.com\/es\/wp-json\/wp\/v2\/comments?post=1750"}],"wp:featuredmedia":[{"embeddable":true,"href":"https:\/\/sarms-sport.com\/es\/wp-json\/wp\/v2\/media\/1751"}],"wp:attachment":[{"href":"https:\/\/sarms-sport.com\/es\/wp-json\/wp\/v2\/media?parent=1750"}],"wp:term":[{"taxonomy":"product_brand","embeddable":true,"href":"https:\/\/sarms-sport.com\/es\/wp-json\/wp\/v2\/product_brand?post=1750"},{"taxonomy":"product_cat","embeddable":true,"href":"https:\/\/sarms-sport.com\/es\/wp-json\/wp\/v2\/product_cat?post=1750"},{"taxonomy":"product_tag","embeddable":true,"href":"https:\/\/sarms-sport.com\/es\/wp-json\/wp\/v2\/product_tag?post=1750"}],"curies":[{"name":"wp","href":"https:\/\/api.w.org\/{rel}","templated":true}]}}