{"id":1756,"date":"2025-05-05T13:40:59","date_gmt":"2025-05-05T11:40:59","guid":{"rendered":"https:\/\/sarms-sport.com\/cardarino-zillt-medicine-cardarine-gw-501516\/"},"modified":"2025-12-01T21:17:09","modified_gmt":"2025-12-01T20:17:09","slug":"cardarino-zillt-medicine-cardarine-gw-501516","status":"publish","type":"product","link":"https:\/\/sarms-sport.com\/es\/cardarino-zillt-medicine-cardarine-gw-501516\/","title":{"rendered":"Cardarino Zillt Medicine (Cardarine GW-501516)"},"content":{"rendered":"<table>\n<tbody>\n<tr>\n<td style=\"text-align: center;\"><strong>Nombre<\/strong><\/td>\n<td style=\"text-align: center;\"><strong>Tipo<\/strong><\/td>\n<td style=\"text-align: center;\"><strong>Efectos principales<\/strong><\/td>\n<td style=\"text-align: center;\"><strong>Efectos secundarios<\/strong><\/td>\n<td style=\"text-align: center;\"><strong>Supresi\u00f3n de testosterona<\/strong><\/td>\n<td style=\"text-align: center;\"><strong>Ciclo t\u00edpico<\/strong><\/td>\n<td style=\"text-align: center;\"><strong>Ideal para<\/strong><\/td>\n<td style=\"text-align: center;\"><strong>Vida media<\/strong><\/td>\n<td style=\"text-align: center;\"><strong>Inicio<\/strong><\/td>\n<td style=\"text-align: center;\"><strong>\u00bfRequiere PCT?<\/strong><\/td>\n<td style=\"text-align: center;\"><strong>Toxicidad<\/strong><\/td>\n<\/tr>\n<tr>\n<td style=\"text-align: center;\"><a href=\"https:\/\/sarms-sport.com\/es\/andarino-zillt-medicine-andarine-s4\/\"><strong>Andarine (S-4)<\/strong><\/a><\/td>\n<td style=\"text-align: center;\">SARM<\/td>\n<td style=\"text-align: center;\">P\u00e9rdida de grasa, mayor definici\u00f3n muscular, aumento de fuerza<\/td>\n<td style=\"text-align: center;\">Alteraciones visuales<\/td>\n<td style=\"text-align: center;\">Media<\/td>\n<td style=\"text-align: center;\">6\u20138 semanas<\/td>\n<td style=\"text-align: center;\">Cutting, recomposici\u00f3n<\/td>\n<td style=\"text-align: center;\">~4 horas<\/td>\n<td style=\"text-align: center;\">7\u201310 d\u00edas<\/td>\n<td style=\"text-align: center;\">S\u00ed<\/td>\n<td style=\"text-align: center;\">Baja<\/td>\n<\/tr>\n<tr>\n<td style=\"text-align: center;\"><a href=\"https:\/\/sarms-sport.com\/es\/cardarino-zillt-medicine-cardarine-gw-501516\/\"><strong>Cardarine (GW-501516)<\/strong><\/a><\/td>\n<td style=\"text-align: center;\">Agonista PPAR\u03b4<\/td>\n<td style=\"text-align: center;\">Aumento de resistencia, oxidaci\u00f3n de grasa, mejora del metabolismo<\/td>\n<td style=\"text-align: center;\">Riesgos potenciales a dosis altas<\/td>\n<td style=\"text-align: center;\">No<\/td>\n<td style=\"text-align: center;\">6\u201312 semanas<\/td>\n<td style=\"text-align: center;\">Cutting, resistencia<\/td>\n<td style=\"text-align: center;\">16\u201324 horas<\/td>\n<td style=\"text-align: center;\">3\u20135 d\u00edas<\/td>\n<td style=\"text-align: center;\">No<\/td>\n<td style=\"text-align: center;\">Muy baja<\/td>\n<\/tr>\n<tr>\n<td style=\"text-align: center;\"><a href=\"https:\/\/sarms-sport.com\/es\/ibutamoreno-zillt-medicine-ibutamoren-mk-677\/\"><strong>Ibutamoren (MK-677)<\/strong><\/a><\/td>\n<td style=\"text-align: center;\">Secretagogo de GH<\/td>\n<td style=\"text-align: center;\">Aumenta GH\/IGF-1, recuperaci\u00f3n, mejora del sue\u00f1o<\/td>\n<td style=\"text-align: center;\">Aumento del apetito, retenci\u00f3n de agua<\/td>\n<td style=\"text-align: center;\">No<\/td>\n<td style=\"text-align: center;\">8\u201316 semanas<\/td>\n<td style=\"text-align: center;\">Volumen, recuperaci\u00f3n<\/td>\n<td style=\"text-align: center;\">20\u201324 horas<\/td>\n<td style=\"text-align: center;\">5\u20137 d\u00edas<\/td>\n<td style=\"text-align: center;\">No<\/td>\n<td style=\"text-align: center;\">Baja<\/td>\n<\/tr>\n<tr>\n<td style=\"text-align: center;\"><a href=\"https:\/\/sarms-sport.com\/es\/ligandrolo-zillt-medicine-ligandrol-lgd-4033\/\"><strong>Ligandrol (LGD-4033)<\/strong><\/a><\/td>\n<td style=\"text-align: center;\">SARM<\/td>\n<td style=\"text-align: center;\">Aumento de masa y fuerza, mejor recuperaci\u00f3n<\/td>\n<td style=\"text-align: center;\">Fuerte supresi\u00f3n<\/td>\n<td style=\"text-align: center;\">Alta<\/td>\n<td style=\"text-align: center;\">6\u20138 semanas<\/td>\n<td style=\"text-align: center;\">Volumen<\/td>\n<td style=\"text-align: center;\">24\u201336 horas<\/td>\n<td style=\"text-align: center;\">7\u201310 d\u00edas<\/td>\n<td style=\"text-align: center;\">S\u00ed<\/td>\n<td style=\"text-align: center;\">Baja<\/td>\n<\/tr>\n<tr>\n<td style=\"text-align: center;\"><a href=\"https:\/\/sarms-sport.com\/es\/ostarino-zillt-medicine-ostarine-mk-2866\/\"><strong>Ostarine (MK-2866)<\/strong><\/a><\/td>\n<td style=\"text-align: center;\">SARM<\/td>\n<td style=\"text-align: center;\">Masa magra, soporte articular, recomposici\u00f3n leve<\/td>\n<td style=\"text-align: center;\">Supresi\u00f3n leve<\/td>\n<td style=\"text-align: center;\">Baja<\/td>\n<td style=\"text-align: center;\">6\u20138 semanas<\/td>\n<td style=\"text-align: center;\">Recomposici\u00f3n<\/td>\n<td style=\"text-align: center;\">24 horas<\/td>\n<td style=\"text-align: center;\">10\u201314 d\u00edas<\/td>\n<td style=\"text-align: center;\">No<\/td>\n<td style=\"text-align: center;\">Muy baja<\/td>\n<\/tr>\n<tr>\n<td style=\"text-align: center;\"><a href=\"https:\/\/sarms-sport.com\/es\/s23-zillt-medicine-mastorin-s23\/\"><strong>S-23<\/strong><\/a><\/td>\n<td style=\"text-align: center;\">SARM potente<\/td>\n<td style=\"text-align: center;\">Fuerza, m\u00fasculo seco y denso, fuerte efecto de endurecimiento<\/td>\n<td style=\"text-align: center;\">Supresi\u00f3n muy fuerte<\/td>\n<td style=\"text-align: center;\">Muy alta<\/td>\n<td style=\"text-align: center;\">4\u20136 semanas<\/td>\n<td style=\"text-align: center;\">Cutting avanzado, fuerza<\/td>\n<td style=\"text-align: center;\">~12 horas<\/td>\n<td style=\"text-align: center;\">3\u20137 d\u00edas<\/td>\n<td style=\"text-align: center;\">S\u00ed<\/td>\n<td style=\"text-align: center;\">Moderada<\/td>\n<\/tr>\n<tr>\n<td style=\"text-align: center;\"><a href=\"https:\/\/sarms-sport.com\/es\/stenabolo-zillt-medicine-stenabolic-sr-9009\/\"><strong>Stenabolic (SR-9009)<\/strong><\/a><\/td>\n<td style=\"text-align: center;\">Agonista Rev-ERB<\/td>\n<td style=\"text-align: center;\">Mejora del metabolismo, p\u00e9rdida de grasa, resistencia<\/td>\n<td style=\"text-align: center;\">Necesita dosificaci\u00f3n frecuente<\/td>\n<td style=\"text-align: center;\">No<\/td>\n<td style=\"text-align: center;\">6\u201310 semanas<\/td>\n<td style=\"text-align: center;\">Cutting<\/td>\n<td style=\"text-align: center;\">1\u20132 horas<\/td>\n<td style=\"text-align: center;\">2\u20134 d\u00edas<\/td>\n<td style=\"text-align: center;\">No<\/td>\n<td style=\"text-align: center;\">Muy baja<\/td>\n<\/tr>\n<tr>\n<td style=\"text-align: center;\"><a href=\"https:\/\/sarms-sport.com\/es\/testolono-zillt-medicine-testolone-rad-140\/\"><strong>Testolone (RAD-140)<\/strong><\/a><\/td>\n<td style=\"text-align: center;\">SARM<\/td>\n<td style=\"text-align: center;\">Aumento de fuerza, masa muscular, efecto anticatab\u00f3lico<\/td>\n<td style=\"text-align: center;\">Supresi\u00f3n, irritabilidad<\/td>\n<td style=\"text-align: center;\">Alta<\/td>\n<td style=\"text-align: center;\">6\u20138 semanas<\/td>\n<td style=\"text-align: center;\">Volumen, fuerza<\/td>\n<td style=\"text-align: center;\">~60 horas<\/td>\n<td style=\"text-align: center;\">5\u20137 d\u00edas<\/td>\n<td style=\"text-align: center;\">S\u00ed<\/td>\n<td style=\"text-align: center;\">Baja\u2013media<\/td>\n<\/tr>\n<tr>\n<td style=\"text-align: center;\"><a href=\"https:\/\/sarms-sport.com\/es\/yk-11-zillt-medicine-myostan-yk11\/\"><strong>YK-11<\/strong><\/a><\/td>\n<td style=\"text-align: center;\">Inhibidor de miostatina<\/td>\n<td style=\"text-align: center;\">R\u00e1pido aumento de fuerza, hipertrofia acelerada, masa densa<\/td>\n<td style=\"text-align: center;\">Estr\u00e9s hep\u00e1tico, agresividad<\/td>\n<td style=\"text-align: center;\">Alta<\/td>\n<td style=\"text-align: center;\">4\u20138 semanas<\/td>\n<td style=\"text-align: center;\">Volumen, fuerza<\/td>\n<td style=\"text-align: center;\">6\u201310 horas<\/td>\n<td style=\"text-align: center;\">5\u20137 d\u00edas<\/td>\n<td style=\"text-align: center;\">S\u00ed<\/td>\n<td style=\"text-align: center;\">Media\u2013alta<\/td>\n<\/tr>\n<\/tbody>\n<\/table>\n<h2>\u00bfQu\u00e9 es Cardarine (GW-501516)?<\/h2>\n<p>Cardarine GW501516 es un compuesto muy conocido en el mundo del culturismo que mejora la resistencia y la capacidad de quemar grasa del usuario. No interact\u00faa con las hormonas ni provoca la supresi\u00f3n de la testosterona, por lo que es adecuado tanto para hombres como para mujeres.<\/p>\n<p>El f\u00e1rmaco se desarroll\u00f3 originalmente para tratar enfermedades metab\u00f3licas y cardiovasculares. Es conocido por sus cualidades para mejorar la resistencia y potenciar un aspecto delgado y musculoso, por lo que est\u00e1 muy extendido en la cultura del fitness.<\/p>\n<p>Adem\u00e1s, el suplemento Cardarine se considera un f\u00e1rmaco \u00fatil entre los culturistas que combinan el entrenamiento de alta intensidad con la quema de grasa. Tambi\u00e9n es excelente para aumentar la duraci\u00f3n del entrenamiento y mejorar la salud, al tiempo que se mantiene un f\u00edsico saludable.<\/p>\n<h2>C\u00f3mo funciona Cardarine (GW-501516)<\/h2>\n<p>Cardarine no tiene efectos de desarrollo muscular como los SARM anab\u00f3licos. En cambio, act\u00faa activando los receptores de los m\u00fasculos y aumentando la utilizaci\u00f3n de ox\u00edgeno y \u00e1cidos grasos por parte del organismo. Esto simplemente hace que tu sistema energ\u00e9tico sea m\u00e1s eficiente y te permite entrenar mucho m\u00e1s sin cansarte.<\/p>\n<p>A continuaci\u00f3n, puede ver c\u00f3mo el metabolismo del cuerpo se ve afectado por los cambios en Cardarine SARM:<\/p>\n<ul>\n<li>Aumento de la resistencia general, ya que se utiliza de forma m\u00e1s eficiente el ox\u00edgeno de los m\u00fasculos.<\/li>\n<li>Cambia el metabolismo para que, en lugar de quemar carbohidratos, se quemen principalmente grasas.<\/li>\n<li>Recuperaci\u00f3n corporal m\u00e1s r\u00e1pida para optimizar el rendimiento en la siguiente sesi\u00f3n de entrenamiento en el gimnasio.<\/li>\n<\/ul>\n<p>Debido a estos efectos, los resultados de Cardarine suelen observarse en las primeras semanas. En combinaci\u00f3n con una buena nutrici\u00f3n, Cardarine puede ayudarte a maximizar cada entrenamiento mientras mantienes tu cuerpo delgado y con energ\u00eda.<\/p>\n<h2>Beneficios de Cardarine (GW-501516)<\/h2>\n<p>Cardarine no es un estimulante ni un quemador de grasa cl\u00e1sico. Es un potente producto que cambia la forma en que tu cuerpo consume energ\u00eda. Estos son los siete grandes beneficios de Cardarine para todos los atletas:<\/p>\n<ol>\n<li><strong>Aumenta la resistencia<\/strong><br \/>\nEl f\u00e1rmaco aumenta la resistencia del cuerpo para aguantar entrenamientos prolongados. Los usuarios suelen mencionar que ahora pueden quemar grasa con sesiones de cardio de mayor intensidad o sesiones de entrenamiento con pesas m\u00e1s largas. Esto es una gran ventaja para todos los corredores.<\/li>\n<li><strong>P\u00e9rdida de grasa m\u00e1s r\u00e1pida<\/strong><br \/>\nTambi\u00e9n mejora la capacidad de utilizar la grasa corporal como fuente de energ\u00eda. Te ayudar\u00e1 a reducir la grasa y a mantener los m\u00fasculos. Cardarine ofrece un excelente apoyo para una racha de definici\u00f3n cuando la persona desea adelgazar.<\/li>\n<li><strong>Preservaci\u00f3n de los tejidos<\/strong><br \/>\nNo reduce la masa muscular como otros quemadores de grasa agresivos, por lo que puede utilizar Cardarine GW 50156 para mantener su fuerza y tama\u00f1o muscular mientras tiene un d\u00e9ficit cal\u00f3rico. Es muy popular entre los atletas que desean lucir fuertes y definidos.<\/li>\n<li><strong>Mejora la recuperaci\u00f3n<\/strong><br \/>\nLos m\u00fasculos se recuperan m\u00e1s r\u00e1pidamente entre sesiones de entrenamiento, por lo que puedes entrenar con m\u00e1s frecuencia. Esto tambi\u00e9n conduce a un avance gradual desde entonces.<\/li>\n<li><strong>Mejor vascularizaci\u00f3n <\/strong><br \/>\nA medida que pierdes grasa y solidificas tus m\u00fasculos, las venas tienden a sobresalir. Muchos clientes informan de que Cardarine ayuda a conseguir un aspecto m\u00e1s delgado y atl\u00e9tico, sin retenci\u00f3n de agua.<\/li>\n<li><strong>M\u00e1s energ\u00eda y concentraci\u00f3n<\/strong><br \/>\nSe ha descubierto que Cardarine estabiliza el metabolismo energ\u00e9tico. Te sientes m\u00e1s vivo y concentrado durante todo el d\u00eda, sin los efectos secundarios que a veces aparecen con los estimulantes.<\/li>\n<li><strong>Sin supresi\u00f3n hormonal<\/strong><br \/>\nEl hecho m\u00e1s importante es que Cardarine no suprime la testosterona ni el estr\u00f3geno. Esto se traduce en que no hay ca\u00eddas hormonales y el tiempo de recuperaci\u00f3n al final del ciclo ser\u00e1 m\u00ednimo.<\/li>\n<\/ol>\n<p>En conclusi\u00f3n, Cardarine ser\u00eda \u00fatil para una persona que quiera perder grasa corporal y mantener la masa muscular. Es una sustancia pura que ayuda a todos los atletas profesionales o personas normales que van al gimnasio.<\/p>\n<h2>Efectos secundarios de Cardarine<\/h2>\n<p>La mayor\u00eda de las personas que utilizan Cardarine por primera vez lo encuentran muy tolerable en dosis moderadas, pero podr\u00eda complicarse si el f\u00e1rmaco se utiliza durante un periodo de tiempo prolongado. Los efectos secundarios de Cardarine no son muy frecuentes, pero a\u00fan as\u00ed, tambi\u00e9n puede tenerlos:<\/p>\n<ol>\n<li><strong>N\u00e1useas y diarrea<\/strong><br \/>\nAlgunas personas experimentan n\u00e1useas o calambres leves cuando comienzan a utilizarlo, especialmente en dosis altas. Es importante saber que comenzar con una dosis baja es saludable para el organismo cuando no se est\u00e1 acostumbrado a tomar nada similar.<\/li>\n<li><strong>Dolores de cabeza o fatiga<\/strong><br \/>\nLa deshidrataci\u00f3n y el ejercicio excesivo pueden causar dolores de cabeza y fatiga. Ambos se pueden prevenir y superar con facilidad.<\/li>\n<li><strong>Trastornos del sue\u00f1o<\/strong><br \/>\nSe ha informado de que, cuando se toma demasiado tarde por la noche, algunas personas no pueden dormir. Por esta raz\u00f3n, el medicamento debe tomarse m\u00e1s temprano durante el d\u00eda para reducir las posibilidades de despertarse por la noche.<\/li>\n<li><strong>Posibles implicaciones para la salud a largo plazo<\/strong><br \/>\nCardarine GW 50156 en estudios con animales suscit\u00f3 cierta preocupaci\u00f3n, pero las dosis utilizadas en los ensayos eran exponencialmente m\u00e1s altas que las utilizadas en seres humanos. Aun as\u00ed, es aconsejable no excederse en los ciclos y no abusar del producto con un uso prolongado.<\/li>\n<li><strong>Calidad variable del producto<\/strong><br \/>\nComprar en una fuente poco fiable aumenta la probabilidad de ser estafado. Compra siempre Cardarine en una fuente de confianza para recibir productos aut\u00e9nticos y probados en laboratorio.<\/li>\n<\/ol>\n<p>Muy pocas personas informan de efectos secundarios con ciclos cortos de Cardarine. Sigue consider\u00e1ndose uno de los f\u00e1rmacos m\u00e1s suaves, por lo que los atletas tienen poco de qu\u00e9 preocuparse.<\/p>\n<h2>Cardarine (GW-501516): dosis, duraci\u00f3n del ciclo y uso seguro<\/h2>\n<p>Este es el tipo de medicamento del que, con un poco de sentido com\u00fan, se puede sacar el m\u00e1ximo partido. Algunos consejos para elegir la dosis \u00f3ptima y sugerencias sobre c\u00f3mo utilizar el medicamento de forma que se minimicen los riesgos y se maximicen los beneficios.<\/p>\n<h3>Dosis recomendada<\/h3>\n<p>La dosis de Cardarine que debe tomar depende de lo que quiera conseguir y de su nivel de experiencia. Muchos principiantes afirman que 10 mg al d\u00eda son suficientes para empezar a sentir m\u00e1s resistencia y perder grasa en dos semanas. Los usuarios avanzados pueden aumentar la dosis a 15-20 mg al d\u00eda una vez que su cuerpo se haya acostumbrado. Tambi\u00e9n cabe mencionar que solo se necesita una dosis diaria, ya que la vida media del medicamento es corta, entre 16 y 24 horas.<\/p>\n<p>La eterna pregunta de los atletas es cu\u00e1ndo tomar Cardarine. Lo mejor es tomarlo aproximadamente entre 30 y 60 minutos antes del entrenamiento. Tomarlo tan pronto puede mejorar la resistencia y ayudar a mantener los niveles de energ\u00eda.<\/p>\n<h3>Duraci\u00f3n del ciclo<\/h3>\n<p>Los ciclos de Cardarine suelen durar entre 6 y 8 semanas. Durante este tiempo, se pueden observar resultados visibles en t\u00e9rminos de tono muscular y p\u00e9rdida de grasa sin someter al cuerpo a un esfuerzo innecesario. Prolongar un ciclo m\u00e1s all\u00e1 de las 10 semanas puede suponer ciertos riesgos.<\/p>\n<p>Despu\u00e9s de completar el ciclo, se debe hacer una pausa de 4 a 6 semanas. Esto le dar\u00e1 tiempo al cuerpo para descansar y desintoxicarse. Adem\u00e1s, Cardarine puede ser seguro para las mujeres, ya que no suprime la producci\u00f3n de testosterona, pero sigue siendo importante darle tiempo al cuerpo para que se recupere por completo y mantener el equilibrio y la seguridad.<\/p>\n<h3>Consejos para un uso seguro<\/h3>\n<p><strong>Cuando tomes cualquier suplemento de Cardarine, antepon siempre la seguridad. A continuaci\u00f3n te ofrecemos algunas recomendaciones para ayudarte a mantener tu salud:<\/strong><\/p>\n<ul>\n<li>Para obtener resultados \u00f3ptimos, tome Cardarine a la misma hora todos los d\u00edas.<\/li>\n<li>Beba mucho l\u00edquido, siga una dieta saludable y duerma lo suficiente.<\/li>\n<li>Utilice este producto con medicamentos m\u00e1s agresivos o cuestionables solo si comprende los riesgos que conlleva.<\/li>\n<li>Si nota alg\u00fan s\u00edntoma inusual, como mareos, fatiga o cualquier otra cosa, suspenda su uso y consulte a un especialista.<\/li>\n<li>Los atletas siempre quieren saber d\u00f3nde comprar Cardarine, y la respuesta es en tiendas de confianza como la nuestra. Proporcionamos etiquetas de pureza, dosis correctas e informaci\u00f3n completa sobre el producto.<\/li>\n<\/ul>\n<p>Si ha utilizado SARM anteriormente, sabr\u00e1 que no todos son iguales, y Cardarine es un buen ejemplo de ello. Si sigue las instrucciones anteriores, no solo mejorar\u00e1 significativamente la calidad de su experiencia, sino que tambi\u00e9n se proteger\u00e1 de los riesgos.<\/p>\n<h2>Combinaci\u00f3n de Cardarine: lo que funciona y lo que no<\/h2>\n<p>La combinaci\u00f3n de Cardarine GW-501516 con otros medicamentos crea un efecto sin\u00e9rgico que puedes aprovechar. Estas combinaciones y el momento de la administraci\u00f3n pueden influir en la resistencia, la retenci\u00f3n de masa muscular y la p\u00e9rdida de grasa.<\/p>\n<h3>Lo que funciona<\/h3>\n<p>Muchos combinan Cardarine GW-501516 con otros agonistas PPAR, f\u00e1rmacos antiinflamatorios o SARM. Una combinaci\u00f3n est\u00e1ndar es Cardarine y Ostarine MK-2866 para el corte. Del mismo modo, LGD-4033 Ligandrol es un esteroide excelente para combinar con Cardarine para ganar masa muscular magra y resistencia. La combinaci\u00f3n definitiva para los atletas que buscan mejorar la resistencia y la p\u00e9rdida de grasa es SR9009 Stenabolic.<\/p>\n<h3>Lo que no funciona<\/h3>\n<p>Sin embargo, no todas las combinaciones de Cardarine son buenas o seguras. Combinarlo con esteroides anab\u00f3licos fuertes o con m\u00e1s de un SARM potente, como RAD-140 Testolone, puede ser abrumador para tu cuerpo. Combinar varios f\u00e1rmacos muy eficaces tambi\u00e9n puede ser arriesgado.<\/p>\n<p>Por lo tanto, lo que podemos concluir de todo esto es que si compras Cardarine online y lo combinas con compuestos adecuados y seguros, podr\u00e1s impulsar la p\u00e9rdida de grasa y mejorar tu composici\u00f3n corporal.<\/p>\n<h2>Errores comunes de los principiantes al usar Cardarine (GW-501516)<\/h2>\n<p>Los nuevos usuarios tienden a cometer algunos errores b\u00e1sicos con los SARM Cardarine, lo que puede dificultar el progreso o aumentar el riesgo de efectos secundarios no deseados. Comprender los errores t\u00edpicos es extremadamente valioso para mantenerte seguro y lograr los resultados de tu ciclo.<\/p>\n<ul>\n<li><strong>Dosis demasiado alta<\/strong><br \/>\nMuchos usuarios piensan err\u00f3neamente que cuanto m\u00e1s, mejor. Si toma Cardarine por encima de la dosis recomendada, puede causar un estr\u00e9s excesivo en el h\u00edgado y el sistema cardiovascular. Es mejor ce\u00f1irse a dosis moderadas para su cuerpo.<\/li>\n<li><strong>Ciclo de corta duraci\u00f3n<\/strong><br \/>\nDado que Cardarine act\u00faa de forma gradual, un ciclo corto a menudo no muestra resultados. La duraci\u00f3n adecuada recomendada del ciclo garantizar\u00e1 que se alcancen los resultados deseados.<\/li>\n<li><strong>Ignorar el momento adecuado<\/strong><br \/>\nCardarine puede perder su eficacia si se toma en un momento inadecuado del d\u00eda. Tomar Cardarino de Zilit Medicine a la misma hora todos los d\u00edas puede ayudar a maximizar sus capacidades para quemar grasa y mejorar la resistencia.<\/li>\n<li><strong>Entrenamiento y nutrici\u00f3n deficientes<\/strong><br \/>\nNi siquiera el mejor Cardarine puede sustituir a la nutrici\u00f3n y el entrenamiento. Los resultados ser\u00e1n mucho mejores si se utiliza junto con una dieta sana y equilibrada y un programa de entrenamiento regular.<\/li>\n<li><strong>Combinaci\u00f3n con compuestos opuestos<\/strong><br \/>\nCuando se toma con potentes SARM o m\u00faltiples esteroides fuertes, junto con Cardarine, los efectos secundarios y la tensi\u00f3n corporal se amplifican. M\u00e1s bien, debe combinarse con unos pocos compuestos compatibles para obtener mejores resultados.<\/li>\n<\/ul>\n<p>Y si evita estos errores, tambi\u00e9n podr\u00e1 preocuparse menos por la seguridad al tomar Cardarine GW 50156 en venta, ver resultados consistentes y aumentar la p\u00e9rdida de grasa con resistencia.<\/p>\n","protected":false},"excerpt":{"rendered":"<p>Nombre Tipo Efectos principales Efectos secundarios Supresi\u00f3n de testosterona Ciclo t\u00edpico Ideal para Vida media Inicio \u00bfRequiere PCT? Toxicidad Andarine (S-4) SARM P\u00e9rdida de grasa, mayor definici\u00f3n muscular, aumento de fuerza Alteraciones visuales Media 6\u20138 semanas Cutting, recomposici\u00f3n ~4 horas 7\u201310 d\u00edas S\u00ed Baja Cardarine (GW-501516) Agonista PPAR\u03b4 Aumento de resistencia, oxidaci\u00f3n de grasa, mejora [&hellip;]<\/p>\n","protected":false},"featured_media":1757,"comment_status":"open","ping_status":"closed","template":"","meta":{"_acf_changed":false},"product_brand":[],"product_cat":[81,89,82,83,84,87,77],"product_tag":[],"class_list":{"0":"post-1756","1":"product","2":"type-product","3":"status-publish","4":"has-post-thumbnail","6":"product_cat-best-sarms-for-cutting-es","7":"product_cat-best-sarms-for-endurance-es","8":"product_cat-best-sarms-for-fat-loss-es","9":"product_cat-best-sarms-for-losing-weight-es","10":"product_cat-best-sarms-for-men-es","11":"product_cat-best-sarms-for-weight-loss-es","12":"product_cat-sarms","14":"first","15":"instock","16":"shipping-taxable","17":"purchasable","18":"product-type-variable"},"acf":[],"_links":{"self":[{"href":"https:\/\/sarms-sport.com\/es\/wp-json\/wp\/v2\/product\/1756","targetHints":{"allow":["GET"]}}],"collection":[{"href":"https:\/\/sarms-sport.com\/es\/wp-json\/wp\/v2\/product"}],"about":[{"href":"https:\/\/sarms-sport.com\/es\/wp-json\/wp\/v2\/types\/product"}],"replies":[{"embeddable":true,"href":"https:\/\/sarms-sport.com\/es\/wp-json\/wp\/v2\/comments?post=1756"}],"wp:featuredmedia":[{"embeddable":true,"href":"https:\/\/sarms-sport.com\/es\/wp-json\/wp\/v2\/media\/1757"}],"wp:attachment":[{"href":"https:\/\/sarms-sport.com\/es\/wp-json\/wp\/v2\/media?parent=1756"}],"wp:term":[{"taxonomy":"product_brand","embeddable":true,"href":"https:\/\/sarms-sport.com\/es\/wp-json\/wp\/v2\/product_brand?post=1756"},{"taxonomy":"product_cat","embeddable":true,"href":"https:\/\/sarms-sport.com\/es\/wp-json\/wp\/v2\/product_cat?post=1756"},{"taxonomy":"product_tag","embeddable":true,"href":"https:\/\/sarms-sport.com\/es\/wp-json\/wp\/v2\/product_tag?post=1756"}],"curies":[{"name":"wp","href":"https:\/\/api.w.org\/{rel}","templated":true}]}}