{"id":1760,"date":"2025-05-05T13:43:25","date_gmt":"2025-05-05T11:43:25","guid":{"rendered":"https:\/\/sarms-sport.com\/ibutamoreno-zillt-medicine-ibutamoren-mk-677\/"},"modified":"2025-12-01T21:45:39","modified_gmt":"2025-12-01T20:45:39","slug":"ibutamoreno-zillt-medicine-ibutamoren-mk-677","status":"publish","type":"product","link":"https:\/\/sarms-sport.com\/es\/ibutamoreno-zillt-medicine-ibutamoren-mk-677\/","title":{"rendered":"Ibutamoreno Zillt Medicine (Ibutamoren MK-677)"},"content":{"rendered":"<table>\n<tbody>\n<tr>\n<td style=\"text-align: center;\"><strong>Nombre<\/strong><\/td>\n<td style=\"text-align: center;\"><strong>Tipo<\/strong><\/td>\n<td style=\"text-align: center;\"><strong>Efectos principales<\/strong><\/td>\n<td style=\"text-align: center;\"><strong>Efectos secundarios<\/strong><\/td>\n<td style=\"text-align: center;\"><strong>Supresi\u00f3n de testosterona<\/strong><\/td>\n<td style=\"text-align: center;\"><strong>Ciclo t\u00edpico<\/strong><\/td>\n<td style=\"text-align: center;\"><strong>Ideal para<\/strong><\/td>\n<td style=\"text-align: center;\"><strong>Vida media<\/strong><\/td>\n<td style=\"text-align: center;\"><strong>Inicio<\/strong><\/td>\n<td style=\"text-align: center;\"><strong>\u00bfRequiere PCT?<\/strong><\/td>\n<td style=\"text-align: center;\"><strong>Toxicidad<\/strong><\/td>\n<\/tr>\n<tr>\n<td style=\"text-align: center;\"><a href=\"https:\/\/sarms-sport.com\/es\/andarino-zillt-medicine-andarine-s4\/\"><strong>Andarine (S-4)<\/strong><\/a><\/td>\n<td style=\"text-align: center;\">SARM<\/td>\n<td style=\"text-align: center;\">P\u00e9rdida de grasa, mayor definici\u00f3n muscular, aumento de fuerza<\/td>\n<td style=\"text-align: center;\">Alteraciones visuales<\/td>\n<td style=\"text-align: center;\">Media<\/td>\n<td style=\"text-align: center;\">6\u20138 semanas<\/td>\n<td style=\"text-align: center;\">Cutting, recomposici\u00f3n<\/td>\n<td style=\"text-align: center;\">~4 horas<\/td>\n<td style=\"text-align: center;\">7\u201310 d\u00edas<\/td>\n<td style=\"text-align: center;\">S\u00ed<\/td>\n<td style=\"text-align: center;\">Baja<\/td>\n<\/tr>\n<tr>\n<td style=\"text-align: center;\"><a href=\"https:\/\/sarms-sport.com\/es\/cardarino-zillt-medicine-cardarine-gw-501516\/\"><strong>Cardarine (GW-501516)<\/strong><\/a><\/td>\n<td style=\"text-align: center;\">Agonista PPAR\u03b4<\/td>\n<td style=\"text-align: center;\">Aumento de resistencia, oxidaci\u00f3n de grasa, mejora del metabolismo<\/td>\n<td style=\"text-align: center;\">Riesgos potenciales a dosis altas<\/td>\n<td style=\"text-align: center;\">No<\/td>\n<td style=\"text-align: center;\">6\u201312 semanas<\/td>\n<td style=\"text-align: center;\">Cutting, resistencia<\/td>\n<td style=\"text-align: center;\">16\u201324 horas<\/td>\n<td style=\"text-align: center;\">3\u20135 d\u00edas<\/td>\n<td style=\"text-align: center;\">No<\/td>\n<td style=\"text-align: center;\">Muy baja<\/td>\n<\/tr>\n<tr>\n<td style=\"text-align: center;\"><a href=\"https:\/\/sarms-sport.com\/es\/ibutamoreno-zillt-medicine-ibutamoren-mk-677\/\"><strong>Ibutamoren (MK-677)<\/strong><\/a><\/td>\n<td style=\"text-align: center;\">Secretagogo de GH<\/td>\n<td style=\"text-align: center;\">Aumenta GH\/IGF-1, recuperaci\u00f3n, mejora del sue\u00f1o<\/td>\n<td style=\"text-align: center;\">Aumento del apetito, retenci\u00f3n de agua<\/td>\n<td style=\"text-align: center;\">No<\/td>\n<td style=\"text-align: center;\">8\u201316 semanas<\/td>\n<td style=\"text-align: center;\">Volumen, recuperaci\u00f3n<\/td>\n<td style=\"text-align: center;\">20\u201324 horas<\/td>\n<td style=\"text-align: center;\">5\u20137 d\u00edas<\/td>\n<td style=\"text-align: center;\">No<\/td>\n<td style=\"text-align: center;\">Baja<\/td>\n<\/tr>\n<tr>\n<td style=\"text-align: center;\"><a href=\"https:\/\/sarms-sport.com\/es\/ligandrolo-zillt-medicine-ligandrol-lgd-4033\/\"><strong>Ligandrol (LGD-4033)<\/strong><\/a><\/td>\n<td style=\"text-align: center;\">SARM<\/td>\n<td style=\"text-align: center;\">Aumento de masa y fuerza, mejor recuperaci\u00f3n<\/td>\n<td style=\"text-align: center;\">Fuerte supresi\u00f3n<\/td>\n<td style=\"text-align: center;\">Alta<\/td>\n<td style=\"text-align: center;\">6\u20138 semanas<\/td>\n<td style=\"text-align: center;\">Volumen<\/td>\n<td style=\"text-align: center;\">24\u201336 horas<\/td>\n<td style=\"text-align: center;\">7\u201310 d\u00edas<\/td>\n<td style=\"text-align: center;\">S\u00ed<\/td>\n<td style=\"text-align: center;\">Baja<\/td>\n<\/tr>\n<tr>\n<td style=\"text-align: center;\"><a href=\"https:\/\/sarms-sport.com\/es\/ostarino-zillt-medicine-ostarine-mk-2866\/\"><strong>Ostarine (MK-2866)<\/strong><\/a><\/td>\n<td style=\"text-align: center;\">SARM<\/td>\n<td style=\"text-align: center;\">Masa magra, soporte articular, recomposici\u00f3n leve<\/td>\n<td style=\"text-align: center;\">Supresi\u00f3n leve<\/td>\n<td style=\"text-align: center;\">Baja<\/td>\n<td style=\"text-align: center;\">6\u20138 semanas<\/td>\n<td style=\"text-align: center;\">Recomposici\u00f3n<\/td>\n<td style=\"text-align: center;\">24 horas<\/td>\n<td style=\"text-align: center;\">10\u201314 d\u00edas<\/td>\n<td style=\"text-align: center;\">No<\/td>\n<td style=\"text-align: center;\">Muy baja<\/td>\n<\/tr>\n<tr>\n<td style=\"text-align: center;\"><a href=\"https:\/\/sarms-sport.com\/es\/s23-zillt-medicine-mastorin-s23\/\"><strong>S-23<\/strong><\/a><\/td>\n<td style=\"text-align: center;\">SARM potente<\/td>\n<td style=\"text-align: center;\">Fuerza, m\u00fasculo seco y denso, fuerte efecto de endurecimiento<\/td>\n<td style=\"text-align: center;\">Supresi\u00f3n muy fuerte<\/td>\n<td style=\"text-align: center;\">Muy alta<\/td>\n<td style=\"text-align: center;\">4\u20136 semanas<\/td>\n<td style=\"text-align: center;\">Cutting avanzado, fuerza<\/td>\n<td style=\"text-align: center;\">~12 horas<\/td>\n<td style=\"text-align: center;\">3\u20137 d\u00edas<\/td>\n<td style=\"text-align: center;\">S\u00ed<\/td>\n<td style=\"text-align: center;\">Moderada<\/td>\n<\/tr>\n<tr>\n<td style=\"text-align: center;\"><a href=\"https:\/\/sarms-sport.com\/es\/stenabolo-zillt-medicine-stenabolic-sr-9009\/\"><strong>Stenabolic (SR-9009)<\/strong><\/a><\/td>\n<td style=\"text-align: center;\">Agonista Rev-ERB<\/td>\n<td style=\"text-align: center;\">Mejora del metabolismo, p\u00e9rdida de grasa, resistencia<\/td>\n<td style=\"text-align: center;\">Necesita dosificaci\u00f3n frecuente<\/td>\n<td style=\"text-align: center;\">No<\/td>\n<td style=\"text-align: center;\">6\u201310 semanas<\/td>\n<td style=\"text-align: center;\">Cutting<\/td>\n<td style=\"text-align: center;\">1\u20132 horas<\/td>\n<td style=\"text-align: center;\">2\u20134 d\u00edas<\/td>\n<td style=\"text-align: center;\">No<\/td>\n<td style=\"text-align: center;\">Muy baja<\/td>\n<\/tr>\n<tr>\n<td style=\"text-align: center;\"><a href=\"https:\/\/sarms-sport.com\/es\/testolono-zillt-medicine-testolone-rad-140\/\"><strong>Testolone (RAD-140)<\/strong><\/a><\/td>\n<td style=\"text-align: center;\">SARM<\/td>\n<td style=\"text-align: center;\">Aumento de fuerza, masa muscular, efecto anticatab\u00f3lico<\/td>\n<td style=\"text-align: center;\">Supresi\u00f3n, irritabilidad<\/td>\n<td style=\"text-align: center;\">Alta<\/td>\n<td style=\"text-align: center;\">6\u20138 semanas<\/td>\n<td style=\"text-align: center;\">Volumen, fuerza<\/td>\n<td style=\"text-align: center;\">~60 horas<\/td>\n<td style=\"text-align: center;\">5\u20137 d\u00edas<\/td>\n<td style=\"text-align: center;\">S\u00ed<\/td>\n<td style=\"text-align: center;\">Baja\u2013media<\/td>\n<\/tr>\n<tr>\n<td style=\"text-align: center;\"><a href=\"https:\/\/sarms-sport.com\/es\/yk-11-zillt-medicine-myostan-yk11\/\"><strong>YK-11<\/strong><\/a><\/td>\n<td style=\"text-align: center;\">Inhibidor de miostatina<\/td>\n<td style=\"text-align: center;\">R\u00e1pido aumento de fuerza, hipertrofia acelerada, masa densa<\/td>\n<td style=\"text-align: center;\">Estr\u00e9s hep\u00e1tico, agresividad<\/td>\n<td style=\"text-align: center;\">Alta<\/td>\n<td style=\"text-align: center;\">4\u20138 semanas<\/td>\n<td style=\"text-align: center;\">Volumen, fuerza<\/td>\n<td style=\"text-align: center;\">6\u201310 horas<\/td>\n<td style=\"text-align: center;\">5\u20137 d\u00edas<\/td>\n<td style=\"text-align: center;\">S\u00ed<\/td>\n<td style=\"text-align: center;\">Media\u2013alta<\/td>\n<\/tr>\n<\/tbody>\n<\/table>\n<h2>\u00bfQu\u00e9 es el ibutamoren (MK-677)?<\/h2>\n<p>El ibutamoren MK 677 es un compuesto sint\u00e9tico que estimula la producci\u00f3n de la hormona del crecimiento end\u00f3gena al unirse al receptor de grelina. No entra en la categor\u00eda com\u00fan de los SARM, y se suele comparar con ellos debido a la similitud en los temas, pero como compuesto, es \u00fanico en su clase.<\/p>\n<p>El f\u00e1rmaco se caracteriza por su acci\u00f3n terap\u00e9utica prolongada durante varias horas despu\u00e9s de la administraci\u00f3n oral. El MK-677 a la venta sigue siendo eficaz durante al menos 8 horas despu\u00e9s de su administraci\u00f3n. Esta caracter\u00edstica ha contribuido a aumentar el inter\u00e9s por el ibutamoren, ya que la gente quiere conocer los diversos mecanismos de acci\u00f3n de la hormona del crecimiento.<\/p>\n<h2>C\u00f3mo funciona el MK-677 Ibutamoren<\/h2>\n<p>Una vez que haya descubierto qu\u00e9 es el MK-677 Ibutamoren, es hora de pasar a c\u00f3mo funciona este f\u00e1rmaco. Su acci\u00f3n principal reside en su funcionamiento a trav\u00e9s de los mecanismos del receptor de grelina. Cuando este receptor se activa, el cuerpo libera m\u00e1s hormona del crecimiento en un ritmo puls\u00e1til, que se asemeja a lo que ocurre de forma end\u00f3gena. Visualmente, se puede pensar en ello como una se\u00f1al repetitiva transmitida sin saltos bruscos en el flujo.<\/p>\n<p>Para explicar c\u00f3mo funciona el f\u00e1rmaco con m\u00e1s detalle, aqu\u00ed tienes cinco datos sencillos sobre el MK-677 a la venta que pueden ayudarte:<\/p>\n<ul>\n<li>El MK-677 transmite un mensaje potente y constante a trav\u00e9s del receptor de grelina que desencadena la producci\u00f3n de m\u00e1s GH natural.<\/li>\n<li>Esto da lugar a un patr\u00f3n de secreci\u00f3n estable, que dura muchas horas.<\/li>\n<li>Debido al patr\u00f3n regular de secreci\u00f3n de GH, el cuerpo reaccionar\u00e1 aumentando sus niveles de IGF-1 en paralelo con la GH.<\/li>\n<li>Adem\u00e1s de promover un aumento en los niveles de IGF-1, la se\u00f1al inducida por el MK-677 tambi\u00e9n activa los centros del apetito en el cerebro, por lo que se espera que tenga un mayor apetito inducido por este efecto.<\/li>\n<li>Dada la larga vida media del MK-677, tendr\u00e1 un impacto sostenido y gradual en lugar de fluctuaciones r\u00e1pidas en su efecto.<\/li>\n<\/ul>\n<p>Con ese mecanismo de acci\u00f3n, el suplemento MK-677 es uno de los compuestos m\u00e1s sencillos de entender en cuanto a su efecto y relaci\u00f3n con los sistemas hormonales naturales del cuerpo. Dado que las secuencias fundamentales de eventos son muy similares cada vez que se toma, conduce a un resultado muy predecible y se puede tener una idea clara de lo que hace el f\u00e1rmaco.<\/p>\n<h2>Beneficios del MK-677 Ibutamoren<\/h2>\n<p>Aunque el MK-677 no es habitual en el consumo ocasional, se utiliza mucho como terapia complementaria en varias afecciones m\u00e9dicas y en el culturismo. Es importante comprender qu\u00e9 efectos positivos espec\u00edficos tiene en el organismo cuando se consume. A continuaci\u00f3n se enumeran algunos de los principales beneficios del MK-677 Ibutamoren para usted:<\/p>\n<ol>\n<li><strong>Favorece los niveles de hormona del crecimiento<\/strong><br \/>\nEstimula la producci\u00f3n de hormona del crecimiento en el organismo, y el sistema la sigue liberando a lo largo del d\u00eda. Con el MK-677, las personas pueden observar literalmente c\u00f3mo la hormona del crecimiento contribuye a las actividades metab\u00f3licas y de reparaci\u00f3n diarias.<\/li>\n<li><strong>Mayor velocidad de recuperaci\u00f3n<\/strong><br \/>\nDado que el MK-677 tambi\u00e9n tiene un efecto sobre los niveles naturales de la hormona del crecimiento y ayuda a mantener estos niveles elevados, tambi\u00e9n se puede experimentar una mejor recuperaci\u00f3n despu\u00e9s de los entrenamientos. Tomar MK-677 puede ayudar a una amplia gama de funciones normales que contribuyen a mantener una homeostasis saludable en el organismo.<\/li>\n<li><strong>Mejor calidad del sue\u00f1o\u2002 <\/strong><br \/>\nEl Ibutamoren MK-677 a la venta tiene una doble acci\u00f3n sobre la melatonina del cerebro y sobre su producci\u00f3n natural, que aumenta al tomarlo. Por lo tanto, puede mejorar la calidad del sue\u00f1o, as\u00ed como aumentar la concentraci\u00f3n y la energ\u00eda.<\/li>\n<li><strong>Aumenta los niveles de IGF-1 <\/strong><br \/>\nEl IGF-1 act\u00faa en sinergia con la hormona del crecimiento para apoyar los tejidos y m\u00fasculos del cuerpo. El MK677 puede elevar el IGF-1 de forma persistente, lo que ayuda a mantener los m\u00fasculos y tejidos del cuerpo y refuerza la acci\u00f3n positiva de la hormona del crecimiento en el mantenimiento de los m\u00fasculos y tejidos.<\/li>\n<li><strong>Puede proporcionar respuestas hormonales predecibles<\/strong><br \/>\nEl MK677 proporciona un enfoque r\u00edtmico de la liberaci\u00f3n hormonal a lo largo de varias horas. Esto significa que se puede observar c\u00f3mo responde el cuerpo sin descensos inesperados en los niveles hormonales.<\/li>\n<li><strong>Mejora la densidad y la resistencia \u00f3seas<\/strong><br \/>\nPuede ofrecer un apoyo indirecto a la densidad y la resistencia \u00f3seas a trav\u00e9s de su influencia sobre el IGF-1 y la hormona del crecimiento. Esto significa que obtendr\u00e1 estabilidad en su sistema esquel\u00e9tico, no solo un efecto sobre los m\u00fasculos. Puede ayudar al cuerpo a mantener su estructura esquel\u00e9tica con el paso del tiempo.<\/li>\n<li><strong>Aumenta el apetito<\/strong><br \/>\nComo se ha mencionado anteriormente, el MK677 afecta al receptor de grelina, que controla el apetito. Dado que el MK677 act\u00faa sobre las v\u00edas de se\u00f1alizaci\u00f3n del cuerpo, es posible que sienta m\u00e1s hambre.<\/li>\n<\/ol>\n<p>Cuando compre en nuestra tienda, el medicamento a un precio razonable de MK-677, podr\u00e1 ver y anticipar este efecto. El MK677 es \u00fanico en comparaci\u00f3n con otras sustancias en t\u00e9rminos de los efectos sobre los compuestos que influyen en las v\u00edas de la hormona del crecimiento.<\/p>\n<h2>Efectos secundarios del ibutamoren (MK-677)<\/h2>\n<p>Aunque los resultados del MK-677 son bastante predecibles, dado que la principal aplicaci\u00f3n de este f\u00e1rmaco es aumentar los niveles de la hormona del crecimiento, hay otras situaciones en las que el cuerpo puede responder al MK-677. En realidad, al saber c\u00f3mo responder\u00e1 su cuerpo, puede prepararse para los efectos secundarios comunes del MK-677 Ibutamoren:<\/p>\n<ol>\n<li><strong>Trastornos del sue\u00f1o<\/strong><br \/>\nLos trastornos del sue\u00f1o y el insomnio son quejas comunes de los usuarios. T\u00e9cnicamente, el MK-677 hace que su cuerpo entre en una fase catab\u00f3lica durante las primeras semanas al aumentar sus niveles de hormona del crecimiento. Algunos se sienten m\u00e1s cansados de lo habitual, pero es muy probable que se trate de efectos temporales, ya que las hormonas pasan por una fase inicial de turbulencia y no le afectar\u00e1n a largo plazo.<\/li>\n<li><strong>Aumento de peso<\/strong><br \/>\nEl MK-677 tiende a provocar un aumento del peso corporal debido a sus propiedades estimulantes del apetito. Al tomar MK-677, es habitual experimentar un fuerte aumento de las calor\u00edas en comparaci\u00f3n con cuando no se toma, as\u00ed que prep\u00e1rese para ello.<\/li>\n<li><strong>Mayor riesgo de diabetes tipo 2<\/strong><br \/>\nAl igual que muchos otros f\u00e1rmacos estimulantes de la hormona del crecimiento, existe el riesgo de diabetes mientras se toma MK-677. Esto se debe a que los niveles elevados de hormona del crecimiento afectan a la sensibilidad a la insulina. Los atletas que lo toman a largo plazo pueden tener niveles elevados de insulina en sangre.<\/li>\n<li><strong>Molestias en las articulaciones<\/strong><br \/>\nUn peque\u00f1o n\u00famero de usuarios que deciden comprar MK-677 Ibutamoren en l\u00ednea informan de molestias articulares temporales, como rigidez o dolor. Esto puede ocurrir debido a cambios en los niveles de l\u00edquido o en los tejidos, pero generalmente es leve. Las molestias proporcionan cierta informaci\u00f3n sobre la respuesta del cuerpo al aumento de los niveles de GH.<\/li>\n<li><strong>Sue\u00f1o m\u00e1s prolongado<\/strong><br \/>\nPuede parecer controvertido, pero algunos usuarios pueden no tener insomnio, sino un sue\u00f1o m\u00e1s largo y profundo. Estos efectos indican la relaci\u00f3n entre el MK-677 y los ritmos circadianos y los sistemas hormonales del cuerpo.<\/li>\n<\/ol>\n<p>Todos estos efectos son generalmente leves y solo duran poco tiempo. Todos ellos proporcionan pruebas de c\u00f3mo el compuesto afecta a los sistemas hormonales del cuerpo. Observar estos efectos secundarios del MK-677 le ayudar\u00e1 a comprender c\u00f3mo funciona el compuesto y c\u00f3mo le afectar\u00e1 biol\u00f3gicamente.<\/p>\n<h2>MK-677 (Ibutamoren): dosis, duraci\u00f3n del ciclo y uso seguro<\/h2>\n<p>Para comprender c\u00f3mo le afecta el MK677, debe tener en cuenta cu\u00e1l ser\u00eda el rango normal de actividad del f\u00e1rmaco y qu\u00e9 grado de seguridad tiene su consumo. Cuanto m\u00e1s comprenda c\u00f3mo encajan estos elementos en el panorama general de c\u00f3mo los SARM MK 677 afectan a los sistemas hormonales del organismo, m\u00e1s sentido tendr\u00e1 para usted el hecho de que algunos cambios parezcan tardar m\u00e1s tiempo en producirse en lugar de aparecer de la noche a la ma\u00f1ana.<\/p>\n<h3>Dosis recomendada<\/h3>\n<p>Una buena dosis eficaz es de entre 10 y 20 mg al d\u00eda para el MK677, pero los usuarios experimentados llegan a tomar entre 20 y 25 mg al d\u00eda para obtener el efecto a largo plazo del compuesto. Obtendr\u00e1 los resultados del MK-677 basados en el aumento de los niveles de la hormona del crecimiento o de la hormona IGF-1 en un plazo de 3 a 5 d\u00edas, aunque experimentar\u00e1 un aumento significativo despu\u00e9s de 1 o 2 semanas. Lo m\u00e1s importante es que las ganancias graduales a lo largo de esos plazos son constantes, lo que permite que el seguimiento del progreso con MK-677 sea bastante sencillo.<\/p>\n<h3>Duraci\u00f3n del ciclo<\/h3>\n<p>La duraci\u00f3n del ciclo del MK-677 para el efecto quemagrasas puede ser de 8 a 12 semanas, y para la recomposici\u00f3n, se recomienda tomar el medicamento durante 16-24 semanas. La actividad de las hormonas durante el tratamiento con MK-677 es relativamente estable, por lo que no hay fluctuaciones y el patr\u00f3n general de cambios es m\u00e1s f\u00e1cil de interpretar. Este patr\u00f3n lento refleja c\u00f3mo un atleta puede adaptarse y mantenerse en homeostasis.<\/p>\n<h3>Consejos para un uso seguro<\/h3>\n<p>Cuando pienses en comprar MK-677 online, es bueno estar atento a c\u00f3mo puede reaccionar el cuerpo al medicamento. Los cambios en el sue\u00f1o pueden afectar a los niveles de energ\u00eda de muchas maneras diferentes y, al igual que los cambios en la energ\u00eda, los cambios en el sue\u00f1o pueden indicar un rendimiento compuesto para el usuario. Por lo tanto, es mejor estar atento a las cosas mencionadas, ya que puede ayudarte a observar c\u00f3mo se ve afectado tu cuerpo y darte la mejor oportunidad de experimentar los beneficios.<\/p>\n<p><strong>En esta descripci\u00f3n general del MK-677 Ibutamoren, queremos ofrecerte los principales consejos para un uso seguro de este medicamento, de modo que puedas completar tu ciclo de forma eficaz:<\/strong><\/p>\n<ul>\n<li>Controle sus patrones de sue\u00f1o, ya que el MK-677 puede influir en su forma de dormir.<\/li>\n<li>Lleve un registro de c\u00f3mo se siente, especialmente si nota rigidez o un ligero dolor, y controle tambi\u00e9n c\u00f3mo se siente desde el primer d\u00eda hasta el final del ciclo.<\/li>\n<li>Aseg\u00farate tambi\u00e9n de controlar tus niveles de energ\u00eda durante el d\u00eda para saber c\u00f3mo est\u00e1 reaccionando tu cuerpo al MK-677 y para ayudar a detectar cualquier efecto secundario lo antes posible.<\/li>\n<li>Prep\u00e1rese para la posibilidad de sufrir una leve retenci\u00f3n de l\u00edquidos en las piernas, los pies o los dedos, ya que es normal.<\/li>\n<li>Compre medicamentos al mejor precio de MK-677 Ibutamoren solo en tiendas de confianza como la nuestra, para evitar medicamentos falsos y lograr resultados sorprendentes.<\/li>\n<\/ul>\n<p>Seguir estos consejos te ayudar\u00e1 a comprender los efectos a largo plazo del MK-677 en tu organismo. Presta siempre atenci\u00f3n a los peque\u00f1os cambios en tu cuerpo, ya que esto te har\u00e1 m\u00e1s consciente de tu estado f\u00edsico y te ayudar\u00e1 a detectar cualquier efecto a medida que se produzca.<\/p>\n<h2>Ibutamoren MK-677 en combinaci\u00f3n con otros compuestos<\/h2>\n<p>La forma m\u00e1s popular es comprar MK-677 Ibutamoren en l\u00ednea y combinarlo con Ostarine (MK-2866). Se ha demostrado que Ostarine mantiene la masa muscular, y la combinaci\u00f3n de ambos productos puede provocar diferentes niveles de restauraci\u00f3n, con actividad hormonal adicional como resultado de su influencia en diferentes sistemas corporales. En este caso, el MK-677 est\u00e1 relacionado con su rendimiento, ya que aumenta los niveles de la hormona del crecimiento y del factor de crecimiento similar a la insulina, mientras que Ostarine est\u00e1 relacionado con su rendimiento con los andr\u00f3genos a trav\u00e9s del receptor de andr\u00f3genos.<\/p>\n<p>Otro ejemplo de sustancia que se supone que est\u00e1 relacionada con el aumento de masa muscular es Ligandrol (LGD-4033). Se supone que la doble acci\u00f3n de los dos productos, MK-677 y Ligandrol, proporciona los mejores resultados a trav\u00e9s de procesos hormonales y musculares. Aunque ambos han demostrado aumentar significativamente los niveles de testosterona, Ligandrol tiene un impacto directo en el tejido muscular. Cuando se combinan, Ligandrol y MK-677 (Ibutamoren) nos dan una idea clara de c\u00f3mo podemos influir en la adaptaci\u00f3n y la recuperaci\u00f3n desde el punto de vista deportivo.<\/p>\n<p>El GW-501516 (Cardarine) se agrupa a veces con otras sustancias qu\u00edmicas en cuanto al efecto que tiene sobre la resistencia y los sistemas energ\u00e9ticos. Cardarine act\u00faa sobre receptores diferentes a los de Ibutamoren. Sin embargo, la comparaci\u00f3n del MK 677 antes y despu\u00e9s con Cardarine puede arrojar algo de luz sobre la interacci\u00f3n de algunas de las v\u00edas hormonales. En casos m\u00e1s raros, el MK-677 tambi\u00e9n se puede combinar con Andarine (S4) y Nutrobal (MK-677) con fines de desarrollo de tejido.<\/p>\n<h2>Errores comunes de los principiantes al usar Ibutamoren (MK-677)<\/h2>\n<p>Debido a este aumento gradual de la actividad, los principiantes que compran MK 677 por primera vez malinterpretan realmente c\u00f3mo tomar correctamente el medicamento y cometen errores t\u00edpicos. Despu\u00e9s de eso, pueden confundir lo que est\u00e1 sucediendo con sus propias respuestas corporales naturales.<\/p>\n<ol>\n<li><strong>Esperar efectos instant\u00e1neos<\/strong><br \/>\nLa raz\u00f3n por la que MK-677 es excelente es que act\u00faa gradualmente a lo largo del tratamiento y mejora tanto la recuperaci\u00f3n y el mantenimiento de los tejidos que, cuando finalmente se alcanza el objetivo, se nota la mejora. Por ejemplo, si un principiante toma MK-677 durante una semana y se desanima porque no nota ninguna diferencia, puede tener la impresi\u00f3n de que no est\u00e1 funcionando.<\/li>\n<li><strong>Ignorar las se\u00f1ales del cuerpo<\/strong><br \/>\nTambi\u00e9n puede ser necesario un aumento del apetito, junto con una leve retenci\u00f3n de l\u00edquidos y fatiga de corta duraci\u00f3n, pero no es habitual. No ignore estas se\u00f1ales que le env\u00eda su cuerpo. Le ayudar\u00e1n a experimentar los efectos naturales despu\u00e9s de tomar MK-677.<\/li>\n<li><strong>Falta de consistencia<\/strong><br \/>\nEl MK 677 Ibutamoren tiene una vida media relativamente larga y sus efectos pueden atribuirse a un nivel constante y sostenido de hormonas. Sin embargo, el uso inconsistente de los intervalos de tiempo o el cambio entre los d\u00edas de uso y los d\u00edas de descanso podr\u00eda impedirle ver los cambios.<\/li>\n<li><strong>Interpretaci\u00f3n excesiva de los efectos secundarios<\/strong><br \/>\nEl aumento del apetito, la fatiga leve y el dolor en las articulaciones son efectos t\u00edpicos del MK-677. Se trata simplemente de respuestas fisiol\u00f3gicas normales y no indican ning\u00fan problema con el compuesto.<\/li>\n<li><strong>Descuidar un estilo de vida saludable<\/strong><br \/>\nLa limpieza de su dieta, la calidad de su sue\u00f1o y la cantidad de ejercicio que realiza influyen en la reacci\u00f3n de su cuerpo al MK-677. Si descuida su estilo de vida en general, es probable que no observe muchos cambios o ninguno.<\/li>\n<\/ol>\n<p>Muchos nuevos usuarios de Ibutamoren MK-677 tienden a tener la idea err\u00f3nea de que sentir\u00e1n los efectos de inmediato, y algunos pasan por alto por completo las sutiles se\u00f1ales que indican que el compuesto est\u00e1 funcionando. Un estilo de vida coherente y tener en cuenta todo lo que haces puede proporcionarte una comprensi\u00f3n m\u00e1s clara de c\u00f3mo el MK-677 puede encajar mejor en tu r\u00e9gimen deportivo.<\/p>\n","protected":false},"excerpt":{"rendered":"<p>Nombre Tipo Efectos principales Efectos secundarios Supresi\u00f3n de testosterona Ciclo t\u00edpico Ideal para Vida media Inicio \u00bfRequiere PCT? Toxicidad Andarine (S-4) SARM P\u00e9rdida de grasa, mayor definici\u00f3n muscular, aumento de fuerza Alteraciones visuales Media 6\u20138 semanas Cutting, recomposici\u00f3n ~4 horas 7\u201310 d\u00edas S\u00ed Baja Cardarine (GW-501516) Agonista PPAR\u03b4 Aumento de resistencia, oxidaci\u00f3n de grasa, mejora [&hellip;]<\/p>\n","protected":false},"featured_media":1761,"comment_status":"open","ping_status":"closed","template":"","meta":{"_acf_changed":false},"product_brand":[],"product_cat":[84,90,77],"product_tag":[],"class_list":{"0":"post-1760","1":"product","2":"type-product","3":"status-publish","4":"has-post-thumbnail","6":"product_cat-best-sarms-for-men-es","7":"product_cat-best-sarms-for-recovery-es","8":"product_cat-sarms","10":"first","11":"instock","12":"shipping-taxable","13":"purchasable","14":"product-type-variable"},"acf":[],"_links":{"self":[{"href":"https:\/\/sarms-sport.com\/es\/wp-json\/wp\/v2\/product\/1760","targetHints":{"allow":["GET"]}}],"collection":[{"href":"https:\/\/sarms-sport.com\/es\/wp-json\/wp\/v2\/product"}],"about":[{"href":"https:\/\/sarms-sport.com\/es\/wp-json\/wp\/v2\/types\/product"}],"replies":[{"embeddable":true,"href":"https:\/\/sarms-sport.com\/es\/wp-json\/wp\/v2\/comments?post=1760"}],"wp:featuredmedia":[{"embeddable":true,"href":"https:\/\/sarms-sport.com\/es\/wp-json\/wp\/v2\/media\/1761"}],"wp:attachment":[{"href":"https:\/\/sarms-sport.com\/es\/wp-json\/wp\/v2\/media?parent=1760"}],"wp:term":[{"taxonomy":"product_brand","embeddable":true,"href":"https:\/\/sarms-sport.com\/es\/wp-json\/wp\/v2\/product_brand?post=1760"},{"taxonomy":"product_cat","embeddable":true,"href":"https:\/\/sarms-sport.com\/es\/wp-json\/wp\/v2\/product_cat?post=1760"},{"taxonomy":"product_tag","embeddable":true,"href":"https:\/\/sarms-sport.com\/es\/wp-json\/wp\/v2\/product_tag?post=1760"}],"curies":[{"name":"wp","href":"https:\/\/api.w.org\/{rel}","templated":true}]}}