{"id":1764,"date":"2025-05-05T13:44:57","date_gmt":"2025-05-05T11:44:57","guid":{"rendered":"https:\/\/sarms-sport.com\/ligandrolo-zillt-medicine-ligandrol-lgd-4033\/"},"modified":"2025-12-02T00:27:27","modified_gmt":"2025-12-01T23:27:27","slug":"ligandrolo-zillt-medicine-ligandrol-lgd-4033","status":"publish","type":"product","link":"https:\/\/sarms-sport.com\/es\/ligandrolo-zillt-medicine-ligandrol-lgd-4033\/","title":{"rendered":"Ligandrolo Zillt Medicine (Ligandrol LGD-4033)"},"content":{"rendered":"<table>\n<tbody>\n<tr>\n<td style=\"text-align: center;\"><strong>Nombre<\/strong><\/td>\n<td style=\"text-align: center;\"><strong>Tipo<\/strong><\/td>\n<td style=\"text-align: center;\"><strong>Efectos principales<\/strong><\/td>\n<td style=\"text-align: center;\"><strong>Efectos secundarios<\/strong><\/td>\n<td style=\"text-align: center;\"><strong>Supresi\u00f3n de testosterona<\/strong><\/td>\n<td style=\"text-align: center;\"><strong>Ciclo t\u00edpico<\/strong><\/td>\n<td style=\"text-align: center;\"><strong>Ideal para<\/strong><\/td>\n<td style=\"text-align: center;\"><strong>Vida media<\/strong><\/td>\n<td style=\"text-align: center;\"><strong>Inicio<\/strong><\/td>\n<td style=\"text-align: center;\"><strong>\u00bfRequiere PCT?<\/strong><\/td>\n<td style=\"text-align: center;\"><strong>Toxicidad<\/strong><\/td>\n<\/tr>\n<tr>\n<td style=\"text-align: center;\"><a href=\"https:\/\/sarms-sport.com\/es\/andarino-zillt-medicine-andarine-s4\/\"><strong>Andarine (S-4)<\/strong><\/a><\/td>\n<td style=\"text-align: center;\">SARM<\/td>\n<td style=\"text-align: center;\">P\u00e9rdida de grasa, mayor definici\u00f3n muscular, aumento de fuerza<\/td>\n<td style=\"text-align: center;\">Alteraciones visuales<\/td>\n<td style=\"text-align: center;\">Media<\/td>\n<td style=\"text-align: center;\">6\u20138 semanas<\/td>\n<td style=\"text-align: center;\">Cutting, recomposici\u00f3n<\/td>\n<td style=\"text-align: center;\">~4 horas<\/td>\n<td style=\"text-align: center;\">7\u201310 d\u00edas<\/td>\n<td style=\"text-align: center;\">S\u00ed<\/td>\n<td style=\"text-align: center;\">Baja<\/td>\n<\/tr>\n<tr>\n<td style=\"text-align: center;\"><a href=\"https:\/\/sarms-sport.com\/es\/cardarino-zillt-medicine-cardarine-gw-501516\/\"><strong>Cardarine (GW-501516)<\/strong><\/a><\/td>\n<td style=\"text-align: center;\">Agonista PPAR\u03b4<\/td>\n<td style=\"text-align: center;\">Aumento de resistencia, oxidaci\u00f3n de grasa, mejora del metabolismo<\/td>\n<td style=\"text-align: center;\">Riesgos potenciales a dosis altas<\/td>\n<td style=\"text-align: center;\">No<\/td>\n<td style=\"text-align: center;\">6\u201312 semanas<\/td>\n<td style=\"text-align: center;\">Cutting, resistencia<\/td>\n<td style=\"text-align: center;\">16\u201324 horas<\/td>\n<td style=\"text-align: center;\">3\u20135 d\u00edas<\/td>\n<td style=\"text-align: center;\">No<\/td>\n<td style=\"text-align: center;\">Muy baja<\/td>\n<\/tr>\n<tr>\n<td style=\"text-align: center;\"><a href=\"https:\/\/sarms-sport.com\/es\/ibutamoreno-zillt-medicine-ibutamoren-mk-677\/\"><strong>Ibutamoren (MK-677)<\/strong><\/a><\/td>\n<td style=\"text-align: center;\">Secretagogo de GH<\/td>\n<td style=\"text-align: center;\">Aumenta GH\/IGF-1, recuperaci\u00f3n, mejora del sue\u00f1o<\/td>\n<td style=\"text-align: center;\">Aumento del apetito, retenci\u00f3n de agua<\/td>\n<td style=\"text-align: center;\">No<\/td>\n<td style=\"text-align: center;\">8\u201316 semanas<\/td>\n<td style=\"text-align: center;\">Volumen, recuperaci\u00f3n<\/td>\n<td style=\"text-align: center;\">20\u201324 horas<\/td>\n<td style=\"text-align: center;\">5\u20137 d\u00edas<\/td>\n<td style=\"text-align: center;\">No<\/td>\n<td style=\"text-align: center;\">Baja<\/td>\n<\/tr>\n<tr>\n<td style=\"text-align: center;\"><a href=\"https:\/\/sarms-sport.com\/es\/ligandrolo-zillt-medicine-ligandrol-lgd-4033\/\"><strong>Ligandrol (LGD-4033)<\/strong><\/a><\/td>\n<td style=\"text-align: center;\">SARM<\/td>\n<td style=\"text-align: center;\">Aumento de masa y fuerza, mejor recuperaci\u00f3n<\/td>\n<td style=\"text-align: center;\">Fuerte supresi\u00f3n<\/td>\n<td style=\"text-align: center;\">Alta<\/td>\n<td style=\"text-align: center;\">6\u20138 semanas<\/td>\n<td style=\"text-align: center;\">Volumen<\/td>\n<td style=\"text-align: center;\">24\u201336 horas<\/td>\n<td style=\"text-align: center;\">7\u201310 d\u00edas<\/td>\n<td style=\"text-align: center;\">S\u00ed<\/td>\n<td style=\"text-align: center;\">Baja<\/td>\n<\/tr>\n<tr>\n<td style=\"text-align: center;\"><a href=\"https:\/\/sarms-sport.com\/es\/ostarino-zillt-medicine-ostarine-mk-2866\/\"><strong>Ostarine (MK-2866)<\/strong><\/a><\/td>\n<td style=\"text-align: center;\">SARM<\/td>\n<td style=\"text-align: center;\">Masa magra, soporte articular, recomposici\u00f3n leve<\/td>\n<td style=\"text-align: center;\">Supresi\u00f3n leve<\/td>\n<td style=\"text-align: center;\">Baja<\/td>\n<td style=\"text-align: center;\">6\u20138 semanas<\/td>\n<td style=\"text-align: center;\">Recomposici\u00f3n<\/td>\n<td style=\"text-align: center;\">24 horas<\/td>\n<td style=\"text-align: center;\">10\u201314 d\u00edas<\/td>\n<td style=\"text-align: center;\">No<\/td>\n<td style=\"text-align: center;\">Muy baja<\/td>\n<\/tr>\n<tr>\n<td style=\"text-align: center;\"><a href=\"https:\/\/sarms-sport.com\/es\/s23-zillt-medicine-mastorin-s23\/\"><strong>S-23<\/strong><\/a><\/td>\n<td style=\"text-align: center;\">SARM potente<\/td>\n<td style=\"text-align: center;\">Fuerza, m\u00fasculo seco y denso, fuerte efecto de endurecimiento<\/td>\n<td style=\"text-align: center;\">Supresi\u00f3n muy fuerte<\/td>\n<td style=\"text-align: center;\">Muy alta<\/td>\n<td style=\"text-align: center;\">4\u20136 semanas<\/td>\n<td style=\"text-align: center;\">Cutting avanzado, fuerza<\/td>\n<td style=\"text-align: center;\">~12 horas<\/td>\n<td style=\"text-align: center;\">3\u20137 d\u00edas<\/td>\n<td style=\"text-align: center;\">S\u00ed<\/td>\n<td style=\"text-align: center;\">Moderada<\/td>\n<\/tr>\n<tr>\n<td style=\"text-align: center;\"><a href=\"https:\/\/sarms-sport.com\/es\/stenabolo-zillt-medicine-stenabolic-sr-9009\/\"><strong>Stenabolic (SR-9009)<\/strong><\/a><\/td>\n<td style=\"text-align: center;\">Agonista Rev-ERB<\/td>\n<td style=\"text-align: center;\">Mejora del metabolismo, p\u00e9rdida de grasa, resistencia<\/td>\n<td style=\"text-align: center;\">Necesita dosificaci\u00f3n frecuente<\/td>\n<td style=\"text-align: center;\">No<\/td>\n<td style=\"text-align: center;\">6\u201310 semanas<\/td>\n<td style=\"text-align: center;\">Cutting<\/td>\n<td style=\"text-align: center;\">1\u20132 horas<\/td>\n<td style=\"text-align: center;\">2\u20134 d\u00edas<\/td>\n<td style=\"text-align: center;\">No<\/td>\n<td style=\"text-align: center;\">Muy baja<\/td>\n<\/tr>\n<tr>\n<td style=\"text-align: center;\"><a href=\"https:\/\/sarms-sport.com\/es\/testolono-zillt-medicine-testolone-rad-140\/\"><strong>Testolone (RAD-140)<\/strong><\/a><\/td>\n<td style=\"text-align: center;\">SARM<\/td>\n<td style=\"text-align: center;\">Aumento de fuerza, masa muscular, efecto anticatab\u00f3lico<\/td>\n<td style=\"text-align: center;\">Supresi\u00f3n, irritabilidad<\/td>\n<td style=\"text-align: center;\">Alta<\/td>\n<td style=\"text-align: center;\">6\u20138 semanas<\/td>\n<td style=\"text-align: center;\">Volumen, fuerza<\/td>\n<td style=\"text-align: center;\">~60 horas<\/td>\n<td style=\"text-align: center;\">5\u20137 d\u00edas<\/td>\n<td style=\"text-align: center;\">S\u00ed<\/td>\n<td style=\"text-align: center;\">Baja\u2013media<\/td>\n<\/tr>\n<tr>\n<td style=\"text-align: center;\"><a href=\"https:\/\/sarms-sport.com\/es\/yk-11-zillt-medicine-myostan-yk11\/\"><strong>YK-11<\/strong><\/a><\/td>\n<td style=\"text-align: center;\">Inhibidor de miostatina<\/td>\n<td style=\"text-align: center;\">R\u00e1pido aumento de fuerza, hipertrofia acelerada, masa densa<\/td>\n<td style=\"text-align: center;\">Estr\u00e9s hep\u00e1tico, agresividad<\/td>\n<td style=\"text-align: center;\">Alta<\/td>\n<td style=\"text-align: center;\">4\u20138 semanas<\/td>\n<td style=\"text-align: center;\">Volumen, fuerza<\/td>\n<td style=\"text-align: center;\">6\u201310 horas<\/td>\n<td style=\"text-align: center;\">5\u20137 d\u00edas<\/td>\n<td style=\"text-align: center;\">S\u00ed<\/td>\n<td style=\"text-align: center;\">Media\u2013alta<\/td>\n<\/tr>\n<\/tbody>\n<\/table>\n<h2>\u00bfQu\u00e9 es Ligandrol (LGD-4033)?<\/h2>\n<p>El Ligandrol LGD-4033 es un modulador selectivo de los receptores androg\u00e9nicos, no esteroideo y oral, que se une a los receptores androg\u00e9nicos en los m\u00fasculos y los huesos. Los cient\u00edficos est\u00e1n entusiasmados con el Ligandrol como posible protector o conservador muscular para las personas que pierden masa muscular debido al envejecimiento o a la reducci\u00f3n de la actividad f\u00edsica. El Ligandrol ha llamado la atenci\u00f3n debido a su acci\u00f3n espec\u00edfica y a sus posibles aplicaciones cl\u00ednicas en sustituci\u00f3n de las terapias hormonales.<\/p>\n<p>Ahora que ya sabes qu\u00e9 es el LGD-4033 Ligandrol, es hora de se\u00f1alar que afecta a las c\u00e9lulas musculares, lo que a su vez ayuda a mantener la fuerza. Por lo tanto, su uso para mejorar el rendimiento f\u00edsico se considera serio. Actualmente se est\u00e1n realizando investigaciones sobre el uso potencial del Ligardol y otros f\u00e1rmacos similares para reducir la fatiga y el da\u00f1o muscular durante los periodos de desarrollo acelerado de la fuerza, as\u00ed como para restaurar los m\u00fasculos sin efectos sist\u00e9micos sobre el sistema hormonal.<\/p>\n<h2>C\u00f3mo funciona el LGD 4033 Ligandrol<\/h2>\n<p>El Ligandrol LGD 4033 se une a receptores androg\u00e9nicos espec\u00edficos, que desempe\u00f1an un papel en el mantenimiento de la masa muscular. A medida que avanzaban las investigaciones, comenzaron a surgir patrones recurrentes en estudios controlados a corto plazo. Estos patrones permiten a los cient\u00edficos estudiar m\u00e1s directamente los cambios f\u00edsicos y observar los efectos del f\u00e1rmaco bajo observaci\u00f3n adicional. En conjunto, estas observaciones deber\u00edan permitir a los investigadores comprender si el LGD-4033 Ligandrol puede afectar al tejido muscular y \u00f3seo.<\/p>\n<p>Veamos c\u00f3mo afecta el f\u00e1rmaco al cuerpo de un atleta durante un ciclo:<\/p>\n<ul>\n<li>El LGD-4033 provoca cambios medibles en la masa muscular magra.<\/li>\n<li>No tiene efectos sist\u00e9micos y solo afecta a los m\u00fasculos y los huesos.<\/li>\n<li>Se ha demostrado que el f\u00e1rmaco aumenta la fuerza de agarre en estudios controlados.<\/li>\n<li>El Ligandrol tiene efectos hormonales d\u00e9biles en el cuerpo.<\/li>\n<li>Su uni\u00f3n a los receptores de andr\u00f3genos parece ser la m\u00e1s fuerte de todos los compuestos.<\/li>\n<\/ul>\n<p>Es importante destacar que sus efectos selectivos sugieren que podr\u00eda ser posible evaluar la preservaci\u00f3n muscular sin los efectos confusos de las terapias basadas en hormonas. Por esta raz\u00f3n, el Ligandrol (LGD-4033) sigue siendo de inter\u00e9s en la investigaci\u00f3n relacionada con los resultados de la rehabilitaci\u00f3n y el deterioro de la funci\u00f3n muscular relacionado con la edad.<\/p>\n<h2>Beneficios del LGD-4033 Ligandrol<\/h2>\n<p>Los efectos sobre el tejido muscular y \u00f3seo han hecho que el Ligandrol sea muy popular entre los atletas. Las investigaciones preliminares, combinadas con la informaci\u00f3n de los informes de los pacientes, sugieren que puede haber varias aplicaciones. A continuaci\u00f3n se enumeran los principales beneficios del LGD 4033 para usted:<\/p>\n<ol>\n<li><strong>Mejora la conservaci\u00f3n muscular<\/strong><br \/>\nEl LGD-4033 puede influir en los m\u00fasculos de manera que favorece la retenci\u00f3n de tejido magro cuando un deportista corre el riesgo de perder m\u00fasculo por la edad o una enfermedad.<\/li>\n<li><strong>Puede ayudar con la fuerza<\/strong><br \/>\nLas personas se vuelven m\u00e1s fuertes en marcadores medibles de fuerza en cuesti\u00f3n de semanas. Estos datos indican que, con supervisi\u00f3n cl\u00ednica, esta sustancia podr\u00eda mejorar el rendimiento f\u00edsico.<\/li>\n<li><strong>Actividad dirigida<\/strong><br \/>\nEste agente tiene una actividad selectiva para los m\u00fasculos y los huesos, lo que brinda la oportunidad de demostrar cambios favorables en estos tejidos en ausencia de alteraciones endocrinas sist\u00e9micas.<\/li>\n<li><strong>Apoyo \u00f3seo<\/strong><br \/>\nExisten algunas pruebas que sugieren que el SARM Ligandrol LGD 4033 puede ayudar a aumentar o mantener la densidad \u00f3sea. Este es un aspecto importante del tratamiento de los trastornos esquel\u00e9ticos en personas de riesgo.<\/li>\n<li><strong>Ayuda a la recuperaci\u00f3n<\/strong><br \/>\nEl LGD-4033 puede preservar la funci\u00f3n muscular durante la inactividad. Como resultado, ha atra\u00eddo una atenci\u00f3n significativa como tema de investigaci\u00f3n en rehabilitaci\u00f3n f\u00edsica y recuperaci\u00f3n.<\/li>\n<li><strong>Preserva la masa magra bajo estr\u00e9s<\/strong><br \/>\nLos resultados de los ensayos destinados a evaluar los efectos de la actividad restringida o la restricci\u00f3n energ\u00e9tica indican que el LGD-4033 puede promover la retenci\u00f3n de masa muscular bajo estr\u00e9s. Especialmente cuando es probable que se degrade la masa muscular magra.<\/li>\n<li><strong>Promueve m\u00e1s investigaci\u00f3n<\/strong><br \/>\nLa selectividad y los efectos sobre los m\u00fasculos y los huesos del LGD-4033 siguen convirti\u00e9ndolo en un candidato interesante para la investigaci\u00f3n cl\u00ednica. Los cient\u00edficos est\u00e1n investigando los beneficios del Ligandrol LGD 4033, por su potencial para proteger contra la p\u00e9rdida de fuerza, preservar los tejidos y facilitar la recuperaci\u00f3n de la tensi\u00f3n controlada.<\/li>\n<\/ol>\n<p>En general, el Ligandrol a la venta puede tener efectos beneficiosos sobre los m\u00fasculos y los huesos. Su selectividad, as\u00ed como algunas de las asociaciones comentadas en la secci\u00f3n anterior, hacen que el LGD-4033 sea un candidato atractivo para seguir investigando, lo cual es necesario para confirmar sus efectos positivos a largo plazo.<\/p>\n<h2>Efectos secundarios del Ligandrol (LGD-4033)<\/h2>\n<p>Este SARM a\u00fan se est\u00e1 investigando y hay muchos efectos a largo plazo desconocidos, por lo que debe tener en cuenta esa informaci\u00f3n antes de usarlo. Los siguientes son los efectos secundarios m\u00e1s comunes del LGD 4033 que los culturistas pueden experimentar durante el ciclo de Ligandrol:<\/p>\n<ol>\n<li><strong>Cambios hormonales <\/strong><br \/>\nAunque el LGD-4033 es un SARM selectivo, los usuarios siguen informando de que puede afectar a los niveles hormonales sist\u00e9micos. Se\u00f1alan que, tras el uso prolongado del LGD-4033, la producci\u00f3n endocrina puede verse alterada temporalmente, lo que deber\u00eda investigarse m\u00e1s a fondo.<\/li>\n<li><strong>Fatiga<\/strong><br \/>\nAlgunos usuarios lo han notificado durante los periodos de observaci\u00f3n iniciales. La fatiga apareci\u00f3 tanto por el cambio en el metabolismo muscular como por la reacci\u00f3n de los receptores.<\/li>\n<li><strong>Dolores de cabeza<\/strong><br \/>\nA veces, los atletas notan un dolor de cabeza de intensidad moderada. Estos efectos suelen ser transitorios y no son inesperados en las primeras fases de exposici\u00f3n al LGD-4033.<\/li>\n<li><strong>Sensibilidad digestiva<\/strong><br \/>\nEn ocasiones, en casos excepcionales de compra de LGD 4033, los usuarios experimentan molestias digestivas leves. Esto sugiere que la sustancia puede interferir en los procesos digestivos normales del organismo, al menos de forma temporal.<\/li>\n<li><strong>Efectos a largo plazo desconocidos<\/strong><br \/>\nSe sabe poco sobre los efectos a largo plazo del Ligandrol LGD-4033 a la venta debido a la escasa investigaci\u00f3n. Los investigadores destacaron la importancia de la vigilancia continua para identificar cualquier riesgo potencial a largo plazo.<\/li>\n<\/ol>\n<p>No parece que haya muchos efectos secundarios del Ligandrol LGD-4033 en un ciclo a corto plazo. Sin embargo, debes ser consciente de los posibles efectos hormonales, f\u00edsicos y digestivos y saber c\u00f3mo tratarlos.<\/p>\n<h2>LGD 4033 (Ligandrol): dosis, duraci\u00f3n del ciclo y uso seguro<\/h2>\n<p>El LGD-4033 puede causar cierta confusi\u00f3n en cuanto a la dosis, la duraci\u00f3n y la seguridad. En primer lugar, cuando se conocen las respuestas a esas preguntas y se entiende lo que significan esos conceptos b\u00e1sicos, su efecto en el cuerpo humano empieza a estar un poco m\u00e1s claro. Conocer m\u00e1s sobre este f\u00e1rmaco le permitir\u00e1 abordar su ciclo de forma diferente y experimentar menos problemas.<\/p>\n<h3>Dosis recomendada<\/h3>\n<p>Por lo general, la dosis m\u00e1xima segura inicial de LGD 4033 para atletas experimentados es de 10 mg. Evite comenzar con una dosis alta, ya que puede ser peligroso. Es mejor usar la dosis m\u00ednima y aumentarla gradualmente seg\u00fan la tolerancia. Este m\u00e9todo de control le permitir\u00e1 realizar un seguimiento de los cambios en la masa corporal magra sin riesgos innecesarios.<\/p>\n<h3>Duraci\u00f3n del ciclo<\/h3>\n<p>Las c\u00e1psulas de LGD-4033 Ligandrol a la venta deben tomarse en ciclos cortos de 2 a 4 semanas. Estos ciclos a corto plazo inducen con \u00e9xito cambios medibles en la masa muscular y la fuerza. Esto le permite controlar la rapidez y la importancia con la que se manifiestan y persisten los efectos una vez completado el ciclo. Esta es la clave para comprender los indicadores documentados que se registran en el organismo durante un largo periodo de tiempo de forma segura.<\/p>\n<h3>Consejos para un uso seguro<\/h3>\n<p>La seguridad es siempre lo primero, y para garantizarla, debe mantener una actividad, una nutrici\u00f3n y un descanso normales. Muchos principiantes quieren saber c\u00f3mo utilizar de forma segura un medicamento a un precio asequible de Ligandrol LGD-4033 de nuestra tienda, por lo que hemos preparado una lista de consejos:<\/p>\n<ul>\n<li>Desde el principio, controle la respuesta de su cuerpo a los cambios de condiciones durante los primeros d\u00edas de exposici\u00f3n.<\/li>\n<li>A continuaci\u00f3n, aseg\u00farese de que su dieta se mantenga relativamente estable. Dado que mantiene una dieta constante durante el ciclo, el proceso de adaptaci\u00f3n de su cuerpo ser\u00e1 predecible.<\/li>\n<li>A continuaci\u00f3n, aseg\u00farate de que tu nivel de actividad se mantenga estable durante todo el ciclo.<\/li>\n<li>Un r\u00e9gimen de actividad diaria constante te permitir\u00e1 evaluar los efectos reales sobre tus m\u00fasculos y huesos.<\/li>\n<li>No olvide descansar y dormir lo suficiente, especialmente despu\u00e9s de sesiones de entrenamiento intensas.<\/li>\n<\/ul>\n<p>LGD 4033 a la venta muestra resultados prometedores en un entorno y r\u00e9gimen controlados. Los resultados obtenidos deber\u00edan demostrar que es esencial ser siempre cauteloso durante e incluso despu\u00e9s del ciclo.<\/p>\n<h2>Ligandrol LGD-4033 en combinaci\u00f3n con otros compuestos<\/h2>\n<p>Entre los SARM, muchos usuarios que compran Ligandrol lo combinan con otros compuestos. Quieren ver si pueden obtener posibles efectos sin\u00e9rgicos en t\u00e9rminos de m\u00fasculos y huesos. Una de las opciones m\u00e1s populares para combinar con LGD-4033 es Ostarine (MK-2866). LGD-4033 es m\u00e1s selectivo con el tejido muscular y tiene un efecto similar al de la warfarina. Ostarine puede tener alg\u00fan efecto anticatab\u00f3lico.<\/p>\n<p>Otra combinaci\u00f3n es Ligandrol SARM combinado con Cardarine (GW-501516). Cardarine tambi\u00e9n mejora la energ\u00eda y la resistencia. Al combinarlo con LGD-4033, obtendr\u00e1 ayuda no solo para el tejido muscular, sino tambi\u00e9n un aumento de la resistencia. Esta combinaci\u00f3n es ideal para la actividad diaria y los ejercicios de duraci\u00f3n prolongada.<\/p>\n<p>Algunas personas combinan LGD-4033 con RAD-140. RAD-140 se promociona normalmente como una forma de preservar los m\u00fasculos y los huesos. La combinaci\u00f3n de RAD-140 con LGD-4033 puede tratar la retenci\u00f3n muscular y el soporte \u00f3seo para prevenir la p\u00e9rdida muscular si la integridad de las articulaciones es un problema.<\/p>\n<p>Adem\u00e1s, hay debates sobre los SARM Ligandrol e Ibutamoren (MK-677) para los factores de crecimiento y la recuperaci\u00f3n. Los usuarios describieron su uso como una combinaci\u00f3n a corto plazo de forma controlada para ver c\u00f3mo funcionaban conjuntamente la energ\u00eda y el apoyo muscular.<\/p>\n<h2>Errores comunes de los principiantes al usar Ligandrol (LGD-4033)<\/h2>\n<p>Es f\u00e1cil que los principiantes cometan errores porque no lo entienden cuando compran c\u00e1psulas de LGD-4033 Ligandrol. Debes revisar tus expectativas y escuchar lo que te dice tu cuerpo. Saber qu\u00e9 no hacer puede evitarte los efectos secundarios.<\/p>\n<ol>\n<li><strong>Esperar resultados inmediatos<\/strong><br \/>\nAlgunos podr\u00edan decir que esto se debe a que esperan ver ganancias significativas en masa muscular o fuerza en un plazo razonablemente corto. En realidad, el LGD-4033 act\u00faa lentamente, y es posible que sienta una ligera tensi\u00f3n o que necesite algo m\u00e1s de tiempo de recuperaci\u00f3n antes de obtener resultados reales. La paciencia le ayudar\u00e1 en gran medida a darse cuenta de los resultados que puede esperar de este f\u00e1rmaco.<\/li>\n<li><strong>Ignora las se\u00f1ales de tu cuerpo<\/strong><br \/>\nAunque el LGD 4033 Ligandrol a la venta en EE. UU. es popular, puede afectar a las hormonas del cuerpo y tambi\u00e9n puede causar un leve cansancio y dolores de cabeza. Debes tener cuidado y escuchar a tu cuerpo, y si tu cuerpo te dice que \u00abalgo no va bien\u00bb, debes hacerle caso.<\/li>\n<li><strong>No descuides la dieta y el descanso<\/strong><br \/>\nEl hecho de tomar LGD-4033 no significa que pueda descuidar la nutrici\u00f3n, el sue\u00f1o y el ejercicio diario. Una rutina completa puede influir mucho m\u00e1s en sus resultados, mucho m\u00e1s que cualquier sustancia por s\u00ed sola.<\/li>\n<li><strong>Combinar sin conocimiento<\/strong><br \/>\nEs posible que hayas o\u00eddo hablar de combinar LGD-4033 con otros compuestos. Sin saber c\u00f3mo interact\u00faan entre s\u00ed, puedes obtener resultados m\u00e1s impredecibles. Haz un cambio cada vez y lleva un registro de lo que haces para ver c\u00f3mo afecta a tus m\u00fasculos y tus niveles de energ\u00eda.<\/li>\n<li><strong>Sustituir el entrenamiento por \u00e9l<\/strong><br \/>\nAlgunos usuarios pueden confundir el medicamento a un precio razonable de LGD-4033 de nuestra tienda como una forma f\u00e1cil de obtener m\u00fasculos masivos. Su principal aplicaci\u00f3n es detener la p\u00e9rdida muscular y preservar la fuerza durante tiempos dif\u00edciles. Como sustituto del entrenamiento y\/o la nutrici\u00f3n, te decepcionar\u00e1s.<\/li>\n<\/ol>\n<p>Si puede evitar esos escollos, estar\u00e1 listo para comenzar con la compra del mejor precio de LGD-4033 Ligandrol de forma realista. Para lograr los mejores resultados, adopte los cambios lentamente, escuche a su cuerpo y mant\u00e9ngase saludable en general.<\/p>\n","protected":false},"excerpt":{"rendered":"<p>Nombre Tipo Efectos principales Efectos secundarios Supresi\u00f3n de testosterona Ciclo t\u00edpico Ideal para Vida media Inicio \u00bfRequiere PCT? Toxicidad Andarine (S-4) SARM P\u00e9rdida de grasa, mayor definici\u00f3n muscular, aumento de fuerza Alteraciones visuales Media 6\u20138 semanas Cutting, recomposici\u00f3n ~4 horas 7\u201310 d\u00edas S\u00ed Baja Cardarine (GW-501516) Agonista PPAR\u03b4 Aumento de resistencia, oxidaci\u00f3n de grasa, mejora [&hellip;]<\/p>\n","protected":false},"featured_media":1765,"comment_status":"open","ping_status":"closed","template":"","meta":{"_acf_changed":false},"product_brand":[],"product_cat":[79,80,91,81,82,92,83,84,85,86,93,87,77],"product_tag":[],"class_list":{"0":"post-1764","1":"product","2":"type-product","3":"status-publish","4":"has-post-thumbnail","6":"product_cat-best-sarms-for-bodybuilding-es","7":"product_cat-best-sarms-for-building-muscle-es","8":"product_cat-best-sarms-for-bulking-es","9":"product_cat-best-sarms-for-cutting-es","10":"product_cat-best-sarms-for-fat-loss-es","11":"product_cat-best-sarms-for-joints-es","12":"product_cat-best-sarms-for-losing-weight-es","13":"product_cat-best-sarms-for-men-es","14":"product_cat-best-sarms-for-muscle-gain-es","15":"product_cat-best-sarms-for-muscle-growth-es","16":"product_cat-best-sarms-for-strength-es","17":"product_cat-best-sarms-for-weight-loss-es","18":"product_cat-sarms","20":"first","21":"instock","22":"shipping-taxable","23":"purchasable","24":"product-type-variable"},"acf":[],"_links":{"self":[{"href":"https:\/\/sarms-sport.com\/es\/wp-json\/wp\/v2\/product\/1764","targetHints":{"allow":["GET"]}}],"collection":[{"href":"https:\/\/sarms-sport.com\/es\/wp-json\/wp\/v2\/product"}],"about":[{"href":"https:\/\/sarms-sport.com\/es\/wp-json\/wp\/v2\/types\/product"}],"replies":[{"embeddable":true,"href":"https:\/\/sarms-sport.com\/es\/wp-json\/wp\/v2\/comments?post=1764"}],"wp:featuredmedia":[{"embeddable":true,"href":"https:\/\/sarms-sport.com\/es\/wp-json\/wp\/v2\/media\/1765"}],"wp:attachment":[{"href":"https:\/\/sarms-sport.com\/es\/wp-json\/wp\/v2\/media?parent=1764"}],"wp:term":[{"taxonomy":"product_brand","embeddable":true,"href":"https:\/\/sarms-sport.com\/es\/wp-json\/wp\/v2\/product_brand?post=1764"},{"taxonomy":"product_cat","embeddable":true,"href":"https:\/\/sarms-sport.com\/es\/wp-json\/wp\/v2\/product_cat?post=1764"},{"taxonomy":"product_tag","embeddable":true,"href":"https:\/\/sarms-sport.com\/es\/wp-json\/wp\/v2\/product_tag?post=1764"}],"curies":[{"name":"wp","href":"https:\/\/api.w.org\/{rel}","templated":true}]}}