{"id":1769,"date":"2025-05-05T13:46:42","date_gmt":"2025-05-05T11:46:42","guid":{"rendered":"https:\/\/sarms-sport.com\/ostarino-zillt-medicine-ostarine-mk-2866\/"},"modified":"2025-12-02T00:42:14","modified_gmt":"2025-12-01T23:42:14","slug":"ostarino-zillt-medicine-ostarine-mk-2866","status":"publish","type":"product","link":"https:\/\/sarms-sport.com\/es\/ostarino-zillt-medicine-ostarine-mk-2866\/","title":{"rendered":"Ostarino Zillt Medicine (Ostarine MK-2866)"},"content":{"rendered":"<table>\n<tbody>\n<tr>\n<td style=\"text-align: center;\"><strong>Nombre<\/strong><\/td>\n<td style=\"text-align: center;\"><strong>Tipo<\/strong><\/td>\n<td style=\"text-align: center;\"><strong>Efectos principales<\/strong><\/td>\n<td style=\"text-align: center;\"><strong>Efectos secundarios<\/strong><\/td>\n<td style=\"text-align: center;\"><strong>Supresi\u00f3n de testosterona<\/strong><\/td>\n<td style=\"text-align: center;\"><strong>Ciclo t\u00edpico<\/strong><\/td>\n<td style=\"text-align: center;\"><strong>Ideal para<\/strong><\/td>\n<td style=\"text-align: center;\"><strong>Vida media<\/strong><\/td>\n<td style=\"text-align: center;\"><strong>Inicio<\/strong><\/td>\n<td style=\"text-align: center;\"><strong>\u00bfRequiere PCT?<\/strong><\/td>\n<td style=\"text-align: center;\"><strong>Toxicidad<\/strong><\/td>\n<\/tr>\n<tr>\n<td style=\"text-align: center;\"><a href=\"https:\/\/sarms-sport.com\/es\/andarino-zillt-medicine-andarine-s4\/\"><strong>Andarine (S-4)<\/strong><\/a><\/td>\n<td style=\"text-align: center;\">SARM<\/td>\n<td style=\"text-align: center;\">P\u00e9rdida de grasa, mayor definici\u00f3n muscular, aumento de fuerza<\/td>\n<td style=\"text-align: center;\">Alteraciones visuales<\/td>\n<td style=\"text-align: center;\">Media<\/td>\n<td style=\"text-align: center;\">6\u20138 semanas<\/td>\n<td style=\"text-align: center;\">Cutting, recomposici\u00f3n<\/td>\n<td style=\"text-align: center;\">~4 horas<\/td>\n<td style=\"text-align: center;\">7\u201310 d\u00edas<\/td>\n<td style=\"text-align: center;\">S\u00ed<\/td>\n<td style=\"text-align: center;\">Baja<\/td>\n<\/tr>\n<tr>\n<td style=\"text-align: center;\"><a href=\"https:\/\/sarms-sport.com\/es\/cardarino-zillt-medicine-cardarine-gw-501516\/\"><strong>Cardarine (GW-501516)<\/strong><\/a><\/td>\n<td style=\"text-align: center;\">Agonista PPAR\u03b4<\/td>\n<td style=\"text-align: center;\">Aumento de resistencia, oxidaci\u00f3n de grasa, mejora del metabolismo<\/td>\n<td style=\"text-align: center;\">Riesgos potenciales a dosis altas<\/td>\n<td style=\"text-align: center;\">No<\/td>\n<td style=\"text-align: center;\">6\u201312 semanas<\/td>\n<td style=\"text-align: center;\">Cutting, resistencia<\/td>\n<td style=\"text-align: center;\">16\u201324 horas<\/td>\n<td style=\"text-align: center;\">3\u20135 d\u00edas<\/td>\n<td style=\"text-align: center;\">No<\/td>\n<td style=\"text-align: center;\">Muy baja<\/td>\n<\/tr>\n<tr>\n<td style=\"text-align: center;\"><a href=\"https:\/\/sarms-sport.com\/es\/ibutamoreno-zillt-medicine-ibutamoren-mk-677\/\"><strong>Ibutamoren (MK-677)<\/strong><\/a><\/td>\n<td style=\"text-align: center;\">Secretagogo de GH<\/td>\n<td style=\"text-align: center;\">Aumenta GH\/IGF-1, recuperaci\u00f3n, mejora del sue\u00f1o<\/td>\n<td style=\"text-align: center;\">Aumento del apetito, retenci\u00f3n de agua<\/td>\n<td style=\"text-align: center;\">No<\/td>\n<td style=\"text-align: center;\">8\u201316 semanas<\/td>\n<td style=\"text-align: center;\">Volumen, recuperaci\u00f3n<\/td>\n<td style=\"text-align: center;\">20\u201324 horas<\/td>\n<td style=\"text-align: center;\">5\u20137 d\u00edas<\/td>\n<td style=\"text-align: center;\">No<\/td>\n<td style=\"text-align: center;\">Baja<\/td>\n<\/tr>\n<tr>\n<td style=\"text-align: center;\"><a href=\"https:\/\/sarms-sport.com\/es\/ligandrolo-zillt-medicine-ligandrol-lgd-4033\/\"><strong>Ligandrol (LGD-4033)<\/strong><\/a><\/td>\n<td style=\"text-align: center;\">SARM<\/td>\n<td style=\"text-align: center;\">Aumento de masa y fuerza, mejor recuperaci\u00f3n<\/td>\n<td style=\"text-align: center;\">Fuerte supresi\u00f3n<\/td>\n<td style=\"text-align: center;\">Alta<\/td>\n<td style=\"text-align: center;\">6\u20138 semanas<\/td>\n<td style=\"text-align: center;\">Volumen<\/td>\n<td style=\"text-align: center;\">24\u201336 horas<\/td>\n<td style=\"text-align: center;\">7\u201310 d\u00edas<\/td>\n<td style=\"text-align: center;\">S\u00ed<\/td>\n<td style=\"text-align: center;\">Baja<\/td>\n<\/tr>\n<tr>\n<td style=\"text-align: center;\"><a href=\"https:\/\/sarms-sport.com\/es\/ostarino-zillt-medicine-ostarine-mk-2866\/\"><strong>Ostarine (MK-2866)<\/strong><\/a><\/td>\n<td style=\"text-align: center;\">SARM<\/td>\n<td style=\"text-align: center;\">Masa magra, soporte articular, recomposici\u00f3n leve<\/td>\n<td style=\"text-align: center;\">Supresi\u00f3n leve<\/td>\n<td style=\"text-align: center;\">Baja<\/td>\n<td style=\"text-align: center;\">6\u20138 semanas<\/td>\n<td style=\"text-align: center;\">Recomposici\u00f3n<\/td>\n<td style=\"text-align: center;\">24 horas<\/td>\n<td style=\"text-align: center;\">10\u201314 d\u00edas<\/td>\n<td style=\"text-align: center;\">No<\/td>\n<td style=\"text-align: center;\">Muy baja<\/td>\n<\/tr>\n<tr>\n<td style=\"text-align: center;\"><a href=\"https:\/\/sarms-sport.com\/es\/s23-zillt-medicine-mastorin-s23\/\"><strong>S-23<\/strong><\/a><\/td>\n<td style=\"text-align: center;\">SARM potente<\/td>\n<td style=\"text-align: center;\">Fuerza, m\u00fasculo seco y denso, fuerte efecto de endurecimiento<\/td>\n<td style=\"text-align: center;\">Supresi\u00f3n muy fuerte<\/td>\n<td style=\"text-align: center;\">Muy alta<\/td>\n<td style=\"text-align: center;\">4\u20136 semanas<\/td>\n<td style=\"text-align: center;\">Cutting avanzado, fuerza<\/td>\n<td style=\"text-align: center;\">~12 horas<\/td>\n<td style=\"text-align: center;\">3\u20137 d\u00edas<\/td>\n<td style=\"text-align: center;\">S\u00ed<\/td>\n<td style=\"text-align: center;\">Moderada<\/td>\n<\/tr>\n<tr>\n<td style=\"text-align: center;\"><a href=\"https:\/\/sarms-sport.com\/es\/stenabolo-zillt-medicine-stenabolic-sr-9009\/\"><strong>Stenabolic (SR-9009)<\/strong><\/a><\/td>\n<td style=\"text-align: center;\">Agonista Rev-ERB<\/td>\n<td style=\"text-align: center;\">Mejora del metabolismo, p\u00e9rdida de grasa, resistencia<\/td>\n<td style=\"text-align: center;\">Necesita dosificaci\u00f3n frecuente<\/td>\n<td style=\"text-align: center;\">No<\/td>\n<td style=\"text-align: center;\">6\u201310 semanas<\/td>\n<td style=\"text-align: center;\">Cutting<\/td>\n<td style=\"text-align: center;\">1\u20132 horas<\/td>\n<td style=\"text-align: center;\">2\u20134 d\u00edas<\/td>\n<td style=\"text-align: center;\">No<\/td>\n<td style=\"text-align: center;\">Muy baja<\/td>\n<\/tr>\n<tr>\n<td style=\"text-align: center;\"><a href=\"https:\/\/sarms-sport.com\/es\/testolono-zillt-medicine-testolone-rad-140\/\"><strong>Testolone (RAD-140)<\/strong><\/a><\/td>\n<td style=\"text-align: center;\">SARM<\/td>\n<td style=\"text-align: center;\">Aumento de fuerza, masa muscular, efecto anticatab\u00f3lico<\/td>\n<td style=\"text-align: center;\">Supresi\u00f3n, irritabilidad<\/td>\n<td style=\"text-align: center;\">Alta<\/td>\n<td style=\"text-align: center;\">6\u20138 semanas<\/td>\n<td style=\"text-align: center;\">Volumen, fuerza<\/td>\n<td style=\"text-align: center;\">~60 horas<\/td>\n<td style=\"text-align: center;\">5\u20137 d\u00edas<\/td>\n<td style=\"text-align: center;\">S\u00ed<\/td>\n<td style=\"text-align: center;\">Baja\u2013media<\/td>\n<\/tr>\n<tr>\n<td style=\"text-align: center;\"><a href=\"https:\/\/sarms-sport.com\/es\/yk-11-zillt-medicine-myostan-yk11\/\"><strong>YK-11<\/strong><\/a><\/td>\n<td style=\"text-align: center;\">Inhibidor de miostatina<\/td>\n<td style=\"text-align: center;\">R\u00e1pido aumento de fuerza, hipertrofia acelerada, masa densa<\/td>\n<td style=\"text-align: center;\">Estr\u00e9s hep\u00e1tico, agresividad<\/td>\n<td style=\"text-align: center;\">Alta<\/td>\n<td style=\"text-align: center;\">4\u20138 semanas<\/td>\n<td style=\"text-align: center;\">Volumen, fuerza<\/td>\n<td style=\"text-align: center;\">6\u201310 horas<\/td>\n<td style=\"text-align: center;\">5\u20137 d\u00edas<\/td>\n<td style=\"text-align: center;\">S\u00ed<\/td>\n<td style=\"text-align: center;\">Media\u2013alta<\/td>\n<\/tr>\n<\/tbody>\n<\/table>\n<h2>\u00bfQu\u00e9 es Ostarine (MK-2866)?<\/h2>\n<p>Ostarine MK-2866 es el primer modulador selectivo del receptor de andr\u00f3genos que se desarroll\u00f3 para la prevenci\u00f3n y el tratamiento de la p\u00e9rdida muscular. Se une al receptor de andr\u00f3genos en el m\u00fasculo esquel\u00e9tico y produce un efecto anab\u00f3lico constante sin afectar dr\u00e1sticamente al sistema hormonal. Debido a que es mucho m\u00e1s predecible en comparaci\u00f3n con otros SARM, el MK-2866 suele considerarse uno de los m\u00e1s fiables.<\/p>\n<p>El MK-2866 es popular para las combinaciones de corte o en situaciones en las que se necesita conservar la mayor cantidad de m\u00fasculo posible en un d\u00e9ficit cal\u00f3rico. Si decides optar por este compuesto, vale la pena conocer la diferencia entre el precio del MK-2866 Ostarine de grado farmac\u00e9utico y los productos no probados que se venden cada vez m\u00e1s en Internet. Las diferencias de pureza tienen un impacto directo en la eficacia y la seguridad del producto.<\/p>\n<h2>C\u00f3mo funciona Ostarine MK-2866<\/h2>\n<p>Ostarine es un modulador selectivo de los receptores androg\u00e9nicos que se une a los receptores androg\u00e9nicos del tejido muscular, estimulando una respuesta anab\u00f3lica que ayuda a mantener la fuerza. Dado que el f\u00e1rmaco favorece la distribuci\u00f3n de nutrientes hacia el tejido magro, se obtiene una mayor resistencia muscular durante la fatiga y una mejor calidad muscular.<\/p>\n<p>As\u00ed es exactamente como Ostarine MK 2866 act\u00faa en su cuerpo:<\/p>\n<ul>\n<li>Durante el corte, los m\u00fasculos retienen m\u00e1s tejido y masa de lo que crees posible, y consumen m\u00e1s a medida que reduces tu ingesta habitual.<\/li>\n<li>La fatiga del entrenamiento es menor porque esas peque\u00f1as grietas en las fibras musculares se recuperan mucho m\u00e1s r\u00e1pido.<\/li>\n<li>Las articulaciones suelen sentirse estables y, al realizar ejercicios pesados de levantamiento de pesas tradicionales, te permiten esforzarte m\u00e1s sin el dolor que normalmente sientes semana tras semana.<\/li>\n<li>Sientes que tu rendimiento es m\u00e1s uniforme a lo largo de la semana, no pareces estar peor despu\u00e9s de las sesiones intensas, lo que te da una mayor sensaci\u00f3n de consistencia.<\/li>\n<li>Durante la recomposici\u00f3n, mantienes una apariencia delgada porque tu cuerpo est\u00e1 en mejores condiciones de lo normal para conservar la masa magra.<\/li>\n<\/ul>\n<p>Estas actividades se acumulan a lo largo de las semanas a medida que progresas y, despu\u00e9s de sesiones de entrenamiento dif\u00edciles, descubrir\u00e1s que est\u00e1s listo para volver a entrenar r\u00e1pidamente. El Ostarine MK-2866 a la venta permite que tu cuerpo se adapte bien a los cambios en la carga de trabajo.<\/p>\n<h2>Beneficios de Ostarine MK2866<\/h2>\n<p>Ostarine MK-2866 ayuda a retener la masa muscular mientras se reduce la ingesta cal\u00f3rica. Puedes reducir sin perder tanto tama\u00f1o y sin sentir que est\u00e1s desperdiciando tu esfuerzo. Otras personas tambi\u00e9n notar\u00e1n la definici\u00f3n de los brazos y los hombros mientras pierden grasa debido a las diferencias de tama\u00f1o aparentes. A continuaci\u00f3n se enumeran los principales beneficios de MK 2866 Ostarine para los atletas:<\/p>\n<ol>\n<li><strong>Protecci\u00f3n de la masa muscular magra<\/strong><br \/>\nEs un SARM que act\u00faa casi exclusivamente sobre los m\u00fasculos y te permite mantener tu fuerza cuando las cosas se ponen dif\u00edciles. Por ejemplo, los levantadores de pesas a menudo pueden mantener su m\u00e1ximo actual en press de banca y otros levantamientos mientras pierden grasa corporal.<\/li>\n<li><strong>Progreso de la fuerza<\/strong><br \/>\nOstarine permite un progreso lento en la fuerza. Esto significa que puedes aumentar tus levantamientos de forma gradual semana a semana cuando est\u00e9s listo, sin riesgo adicional de lesiones. Las personas afirman un verdadero progreso en las adiciones incrementales de placas al hacer sentadillas y peso muerto.<\/li>\n<li><strong>Se reduce el tiempo de recuperaci\u00f3n<\/strong><br \/>\nLa reparaci\u00f3n muscular m\u00e1s r\u00e1pida y la reducci\u00f3n del dolor son dos ventajas que ayudan a entrenar sin sentirse cansado. Algunos usuarios notaron que los espasmos en las piernas son menos pronunciados incluso despu\u00e9s de d\u00edas de sentadillas con una carga m\u00e1s pesada de lo habitual.<\/li>\n<li><strong>Protecci\u00f3n de las articulaciones<\/strong><br \/>\nOstarine (MK-2866) puede proteger tus articulaciones cuando realizas esfuerzos intensos. Por ejemplo, te resultar\u00e1 m\u00e1s f\u00e1cil hacer sentadillas, press o remo. Por lo general, al levantar grandes cantidades de peso, muchos notan menos dolor en los codos y las rodillas.<\/li>\n<li><strong>Aumento de la masa muscular magra<\/strong><br \/>\nOstarine promueve que el cuerpo utilice la grasa para proteger los m\u00fasculos, lo que puede dar lugar a una apariencia m\u00e1s delgada y est\u00e9tica. Los hombros pueden verse m\u00e1s definidos y, en general, es probable que te sientas un poco m\u00e1s musculoso.<\/li>\n<li><strong>Evoluci\u00f3n constante<\/strong><br \/>\nEl SARM hace lo que se supone que debe hacer, sin alterar tus hormonas. Puedes confiar en tu entrenamiento y lograr ganancias de forma predecible, en lugar de experimentar ca\u00eddas repentinas de energ\u00eda, que son comunes con otros compuestos.<\/li>\n<li><strong>Mejora de la concentraci\u00f3n en el entrenamiento<\/strong><br \/>\nOstarine te ayudar\u00e1 a mantener un alto nivel de concentraci\u00f3n mental mientras entrenas. Sentirse fuerte y recuperarse bien puede contribuir a entrenamientos m\u00e1s largos e intensos con poco riesgo de sobreentrenamiento.<\/li>\n<\/ol>\n<p>Adem\u00e1s, una buena dieta y un entrenamiento disciplinado con Ostarine MK-2866 a la venta en EE. UU. indican una mejora sostenible. Puedes notar la diferencia sin el gran riesgo de un caos hormonal.<\/p>\n<h2>Efectos secundarios de Ostarine (MK-2866)<\/h2>\n<p>Es posible que experimentes reacciones adversas leves al comenzar a tomar este SARM. Esto se debe simplemente a que tu cuerpo se est\u00e1 acostumbrando al compuesto. Echemos un vistazo a los efectos secundarios comunes de Ostarine MK-2866 que pueden aparecer:<\/p>\n<ol>\n<li><strong>Cambios en los niveles hormonales<\/strong><br \/>\nA menos que est\u00e9 tomando dosis muy altas o prolongando su ciclo, no notar\u00e1 descensos en la testosterona natural. Para proteger sus hormonas, limite la duraci\u00f3n de su ciclo a la dosis recomendada y ap\u00f3yese en la PCT.<\/li>\n<li><strong>Estr\u00e9s hep\u00e1tico y renal<\/strong><br \/>\nAunque este f\u00e1rmaco no es muy agresivo para el h\u00edgado o los ri\u00f1ones, es necesario tomar algunas precauciones. Debe seguir un r\u00e9gimen de control y realizarse an\u00e1lisis de sangre, o bien vigilar de cerca el estado de su h\u00edgado. Esto es especialmente importante si tiende a realizar ciclos m\u00e1s largos.<\/li>\n<li><strong>Cambios de humor<\/strong><br \/>\nAlgunos usuarios informan de irritabilidad, ansiedad y letargo general. Entrenar demasiado duro y durante mucho tiempo agravar\u00e1 ese problema. Si sientes alguno de estos s\u00edntomas, tal vez necesites tomarte un d\u00eda libre o cambiar tu alimentaci\u00f3n.<\/li>\n<li><strong>S\u00edntomas digestivos<\/strong><br \/>\nDurante los primeros d\u00edas pueden aparecer n\u00e1useas o dolor abdominal. Es mejor tomar SARM con comida para reducir esta posibilidad. Estas molestias digestivas parecen desaparecer en la gran mayor\u00eda de los usuarios de MK-2866 Ostarine despu\u00e9s de una semana. Si la irritaci\u00f3n estomacal sigue siendo un problema, intenta reducir la dosis.<\/li>\n<li><strong>Niveles de energ\u00eda y problemas de sue\u00f1o<\/strong><br \/>\nLos atletas a veces describen que se sienten m\u00e1s en\u00e9rgicos y m\u00e1s cansados en ocasiones, mientras que otros mencionan problemas para dormir en ocasiones. Esto se puede mitigar cambiando la hora de entrenamiento a la tarde y relaj\u00e1ndose al final del d\u00eda.<\/li>\n<\/ol>\n<p>A veces se producen efectos secundarios leves, pero pueden marcar la diferencia. Seguir las reglas b\u00e1sicas del uso de SARM y ser responsable con su cuerpo antes de comprar Ostarine MK-2866 le permitir\u00e1 realizar entrenamientos m\u00e1s eficaces.<\/p>\n<h2>MK-2866 (Ostarine): dosis, duraci\u00f3n del ciclo y uso seguro<\/h2>\n<p>A la hora de elegir un ciclo de Ostarine, es importante tener en cuenta muchos factores y completarlo correctamente. Siguiendo las instrucciones que se indican a continuaci\u00f3n, obtendr\u00e1 los mejores resultados y proteger\u00e1 su salud con Ostarine MK-2866 SARM.<\/p>\n<h3>Dosis recomendada<\/h3>\n<p>La mayor\u00eda de los principiantes toman entre 10 y 15 mg al d\u00eda para evaluar su tolerancia y obtener una idea de los primeros beneficios en cuanto a fuerza y masa muscular. Los usuarios m\u00e1s experimentados pueden tomar hasta 20-25 mg al d\u00eda, pero eso suele ser despu\u00e9s de varios ciclos y de seguir los protocolos de seguridad. Por eso es tan importante ser constante con la dosis diaria de Ostarine MK-2866, ya que as\u00ed se evitar\u00e1n algunas fluctuaciones que podr\u00edan arruinar los resultados. Como siempre, comience con una dosis baja y aumente solo hasta donde su cuerpo pueda soportarlo.<\/p>\n<h3>La mejor duraci\u00f3n del ciclo<\/h3>\n<p>Un ciclo normal dura entre 6 y 8 semanas para lograr un equilibrio entre potencia y seguridad. Los ciclos cortos de 4 a 6 semanas son ideales para la p\u00e9rdida de grasa, y los ciclos largos de m\u00e1s de 8 semanas tienen un mayor riesgo, por lo que debes ser m\u00e1s cauteloso con tus niveles hormonales. Si piensas en comprar Ostarine MK-2866 online y planificas tu ciclo, obtendr\u00e1s resultados predecibles, lo que permitir\u00e1 que tu cuerpo vuelva a su estado normal.<\/p>\n<h3>Uso seguro y consejos<\/h3>\n<p>Si utiliza el SARM de forma segura, puede ayudar a reducir el riesgo de da\u00f1os y garantizar que obtiene lo mejor de Ostarine. El mejor momento para tomar el SARM es por la ma\u00f1ana y durante una comida, ya que esto ayudar\u00e1 a una mejor absorci\u00f3n. Dependiendo de c\u00f3mo responda su cuerpo al MK-2866, no dude en ajustar la dosis si experimenta fatiga significativa o cambios de humor. Estos son algunos consejos para un uso seguro:<\/p>\n<ul>\n<li>Para evitar una sobredosis involuntaria, lleve un registro de la cantidad que toma cada d\u00eda.<\/li>\n<li>Beba mucho l\u00edquido y siga una dieta nutricionalmente adecuada para favorecer la recuperaci\u00f3n.<\/li>\n<li>Considere la posibilidad de realizar un control hormonal rutinario si est\u00e1 realizando ciclos prolongados.<\/li>\n<li>Si est\u00e1 tomando Ostarine junto con otros medicamentos fuertes, considere no tomar todo un arsenal de otros medicamentos al mismo tiempo sin el consejo de su m\u00e9dico.<\/li>\n<li>T\u00f3mese un breve descanso entre ciclos para que su cuerpo pueda volver a su estado normal.<\/li>\n<\/ul>\n<p>Es mejor seguir estas instrucciones para maximizar los resultados positivos de Ostarine y reducir los efectos secundarios si est\u00e1 pensando en comprar Ostarine MK-2866. Respete una determinada dosis y duraci\u00f3n del ciclo para aumentar sus posibilidades de lograr de forma segura un incre\u00edble aumento de masa muscular magra.<\/p>\n<h2>Ostarine MK-2866 en combinaci\u00f3n con otros compuestos<\/h2>\n<p>Es posible alcanzar m\u00faltiples objetivos diferentes en un solo ciclo cuando se combina Ostarine MK-2866 con otros compuestos, pero requiere cierta atenci\u00f3n. Durante el corte, muchos atletas prefieren combinar Ostarine con Cardarine GW-501516\u2002para obtener una potente ayuda. Si est\u00e1s en una fase de aumento de masa magra, puedes tener \u00e9xito combinando Ostarine MK-2866 con Ligandrol LGD-4033 y ganar m\u00fasculo con una retenci\u00f3n de agua m\u00ednima.<\/p>\n<p>Otras personas nuevas en los SARM, que buscan d\u00f3nde comprar Ostarine MK-2866 y otros f\u00e1rmacos, tienden a intentar combinar demasiados agentes a la vez. Esto puede dar lugar a resultados muy dif\u00edciles de predecir. La mejor forma pr\u00e1ctica de realizar un seguimiento del progreso de los resultados es hacer que un compuesto sea el principal y el otro un compuesto sustitutivo, obteniendo resultados que se puedan supervisar. Tambi\u00e9n se pueden medir las ganancias de fuerza para determinar si la combinaci\u00f3n est\u00e1 funcionando.<\/p>\n<p>La forma en que se sincronizan los SARM y la duraci\u00f3n de su ciclo tambi\u00e9n son muy importantes. Por lo tanto, es recomendable incluir Ostarine en la rutina una vez al d\u00eda. El segundo compuesto puede tener una vida media diferente y debe sincronizarse en consecuencia. Al combinar SARM, lo habitual es mantener la duraci\u00f3n dentro de un ciclo, por lo que hay que tener mucho cuidado a la hora de prolongarlo.<\/p>\n<h2>Errores comunes de los principiantes al usar Ostarine (MK-2866)<\/h2>\n<p>Aunque Ostarine MK-2866 es incre\u00edble, los nuevos usuarios cometen errores y no saben c\u00f3mo comprar Ostarine MK 2866 en tiendas de confianza. Si comprende estos errores, podr\u00e1 mantenerse seguro y obtener mejores resultados. A continuaci\u00f3n se enumeran los errores comunes de los principiantes:<\/p>\n<ol>\n<li><strong>Recomendaciones de dosificaci\u00f3n incorrectas<\/strong><br \/>\nExceder cualquier dosis probablemente aumentar\u00e1 los efectos secundarios y puede causar un desequilibrio hormonal y una reconstrucci\u00f3n innecesaria cuando se podr\u00eda haber evitado. Simplemente mant\u00e9n la sencillez y sigue las dosis probadas para obtener ganancias consistentes y previsiblemente saludables.<\/li>\n<li><strong>No tener un plan post ciclo<\/strong><br \/>\nAunque Ostarine es suave, no darle a tu cuerpo la oportunidad de recuperarse puede prolongar la curaci\u00f3n de tus hormonas y retrasarte en un momento en el que podr\u00edas haberte recuperado de forma natural. Un PCT te permitir\u00e1 ayudar mejor a tu cuerpo a recuperarse y mantener esos m\u00fasculos por los que has trabajado tan duro.<\/li>\n<li><strong>Una combinaci\u00f3n de demasiados compuestos a la vez<\/strong><br \/>\nEs posible que est\u00e9s sobrecargando tu sistema si ya est\u00e1s utilizando otros suplementos o SARM junto con Ostarine. Empieza solo con Ostarine o con un complemento adicional y observa c\u00f3mo responde tu cuerpo para evitar problemas persistentes con el ciclo.<\/li>\n<li><strong>No realizar un seguimiento del progreso<\/strong><br \/>\nSi no supervisas tus indicadores y tu progreso, ser\u00e1 imposible saber si el ciclo es eficaz. Lleva un registro fisiol\u00f3gico que te ayude a modificar tus objetivos de entrenamiento y nutrici\u00f3n.<\/li>\n<li><strong>Mala nutrici\u00f3n<\/strong><br \/>\nNo hay que subestimar la importancia de una buena nutrici\u00f3n y un entrenamiento s\u00f3lido, incluso si conoce el mejor lugar para comprar Ostarine MK-2866, como nuestra tienda. Si descuida su ingesta de prote\u00ednas o deja de hacer entrenamiento de fuerza, anular\u00e1 todos los beneficios que el SARM puede aportarle o, como m\u00ednimo, limitar\u00e1 considerablemente su progreso.<\/li>\n<li><strong>Alargar el ciclo<\/strong><br \/>\nNo es aconsejable realizar un ciclo durante un periodo o una duraci\u00f3n superior al recomendado. Los mejores ciclos duran entre 6 y 8 semanas. Es mejor seguir las pautas relacionadas con la duraci\u00f3n del ciclo.<\/li>\n<li><strong>Ignorar los indicadores de salud<\/strong><br \/>\nEl cuerpo te avisa mientras est\u00e1s en un ciclo. El cansancio, los cambios de humor o el dolor en las articulaciones son indicadores de que tu cuerpo te pide un cambio en tu rutina. Es importante tener en cuenta estas se\u00f1ales y tratarlas adecuadamente si quieres cuidar tu salud.<\/li>\n<\/ol>\n<p>Hay varias formas de garantizar su seguridad mientras aprovecha al m\u00e1ximo los beneficios de los SARM al mejor precio de Ostarine MK-2866, y eso incluye no caer en las trampas mencionadas anteriormente. Sacar\u00e1 el m\u00e1ximo partido a su ciclo si se toma todo el tiempo necesario y piensa detenidamente en los cambios que va a realizar para obtener el m\u00e1ximo valor a\u00f1adido.<\/p>\n","protected":false},"excerpt":{"rendered":"<p>Nombre Tipo Efectos principales Efectos secundarios Supresi\u00f3n de testosterona Ciclo t\u00edpico Ideal para Vida media Inicio \u00bfRequiere PCT? Toxicidad Andarine (S-4) SARM P\u00e9rdida de grasa, mayor definici\u00f3n muscular, aumento de fuerza Alteraciones visuales Media 6\u20138 semanas Cutting, recomposici\u00f3n ~4 horas 7\u201310 d\u00edas S\u00ed Baja Cardarine (GW-501516) Agonista PPAR\u03b4 Aumento de resistencia, oxidaci\u00f3n de grasa, mejora [&hellip;]<\/p>\n","protected":false},"featured_media":1770,"comment_status":"open","ping_status":"closed","template":"","meta":{"_acf_changed":false},"product_brand":[],"product_cat":[78,79,80,91,81,82,92,83,84,85,86,90,87,88,77],"product_tag":[],"class_list":{"0":"post-1769","1":"product","2":"type-product","3":"status-publish","4":"has-post-thumbnail","6":"product_cat-best-sarms-for-beginners-es","7":"product_cat-best-sarms-for-bodybuilding-es","8":"product_cat-best-sarms-for-building-muscle-es","9":"product_cat-best-sarms-for-bulking-es","10":"product_cat-best-sarms-for-cutting-es","11":"product_cat-best-sarms-for-fat-loss-es","12":"product_cat-best-sarms-for-joints-es","13":"product_cat-best-sarms-for-losing-weight-es","14":"product_cat-best-sarms-for-men-es","15":"product_cat-best-sarms-for-muscle-gain-es","16":"product_cat-best-sarms-for-muscle-growth-es","17":"product_cat-best-sarms-for-recovery-es","18":"product_cat-best-sarms-for-weight-loss-es","19":"product_cat-best-sarms-for-women-es","20":"product_cat-sarms","22":"first","23":"instock","24":"shipping-taxable","25":"purchasable","26":"product-type-variable"},"acf":[],"_links":{"self":[{"href":"https:\/\/sarms-sport.com\/es\/wp-json\/wp\/v2\/product\/1769","targetHints":{"allow":["GET"]}}],"collection":[{"href":"https:\/\/sarms-sport.com\/es\/wp-json\/wp\/v2\/product"}],"about":[{"href":"https:\/\/sarms-sport.com\/es\/wp-json\/wp\/v2\/types\/product"}],"replies":[{"embeddable":true,"href":"https:\/\/sarms-sport.com\/es\/wp-json\/wp\/v2\/comments?post=1769"}],"wp:featuredmedia":[{"embeddable":true,"href":"https:\/\/sarms-sport.com\/es\/wp-json\/wp\/v2\/media\/1770"}],"wp:attachment":[{"href":"https:\/\/sarms-sport.com\/es\/wp-json\/wp\/v2\/media?parent=1769"}],"wp:term":[{"taxonomy":"product_brand","embeddable":true,"href":"https:\/\/sarms-sport.com\/es\/wp-json\/wp\/v2\/product_brand?post=1769"},{"taxonomy":"product_cat","embeddable":true,"href":"https:\/\/sarms-sport.com\/es\/wp-json\/wp\/v2\/product_cat?post=1769"},{"taxonomy":"product_tag","embeddable":true,"href":"https:\/\/sarms-sport.com\/es\/wp-json\/wp\/v2\/product_tag?post=1769"}],"curies":[{"name":"wp","href":"https:\/\/api.w.org\/{rel}","templated":true}]}}