{"id":1773,"date":"2025-05-05T13:48:17","date_gmt":"2025-05-05T11:48:17","guid":{"rendered":"https:\/\/sarms-sport.com\/s23-zillt-medicine-mastorin-s23\/"},"modified":"2025-12-02T00:46:54","modified_gmt":"2025-12-01T23:46:54","slug":"s23-zillt-medicine-mastorin-s23","status":"publish","type":"product","link":"https:\/\/sarms-sport.com\/es\/s23-zillt-medicine-mastorin-s23\/","title":{"rendered":"S23 Zillt Medicine (Mastorin S23)"},"content":{"rendered":"<table>\n<tbody>\n<tr>\n<td style=\"text-align: center;\"><strong>Nombre<\/strong><\/td>\n<td style=\"text-align: center;\"><strong>Tipo<\/strong><\/td>\n<td style=\"text-align: center;\"><strong>Efectos principales<\/strong><\/td>\n<td style=\"text-align: center;\"><strong>Efectos secundarios<\/strong><\/td>\n<td style=\"text-align: center;\"><strong>Supresi\u00f3n de testosterona<\/strong><\/td>\n<td style=\"text-align: center;\"><strong>Ciclo t\u00edpico<\/strong><\/td>\n<td style=\"text-align: center;\"><strong>Ideal para<\/strong><\/td>\n<td style=\"text-align: center;\"><strong>Vida media<\/strong><\/td>\n<td style=\"text-align: center;\"><strong>Inicio<\/strong><\/td>\n<td style=\"text-align: center;\"><strong>\u00bfRequiere PCT?<\/strong><\/td>\n<td style=\"text-align: center;\"><strong>Toxicidad<\/strong><\/td>\n<\/tr>\n<tr>\n<td style=\"text-align: center;\"><a href=\"https:\/\/sarms-sport.com\/es\/andarino-zillt-medicine-andarine-s4\/\"><strong>Andarine (S-4)<\/strong><\/a><\/td>\n<td style=\"text-align: center;\">SARM<\/td>\n<td style=\"text-align: center;\">P\u00e9rdida de grasa, mayor definici\u00f3n muscular, aumento de fuerza<\/td>\n<td style=\"text-align: center;\">Alteraciones visuales<\/td>\n<td style=\"text-align: center;\">Media<\/td>\n<td style=\"text-align: center;\">6\u20138 semanas<\/td>\n<td style=\"text-align: center;\">Cutting, recomposici\u00f3n<\/td>\n<td style=\"text-align: center;\">~4 horas<\/td>\n<td style=\"text-align: center;\">7\u201310 d\u00edas<\/td>\n<td style=\"text-align: center;\">S\u00ed<\/td>\n<td style=\"text-align: center;\">Baja<\/td>\n<\/tr>\n<tr>\n<td style=\"text-align: center;\"><a href=\"https:\/\/sarms-sport.com\/es\/cardarino-zillt-medicine-cardarine-gw-501516\/\"><strong>Cardarine (GW-501516)<\/strong><\/a><\/td>\n<td style=\"text-align: center;\">Agonista PPAR\u03b4<\/td>\n<td style=\"text-align: center;\">Aumento de resistencia, oxidaci\u00f3n de grasa, mejora del metabolismo<\/td>\n<td style=\"text-align: center;\">Riesgos potenciales a dosis altas<\/td>\n<td style=\"text-align: center;\">No<\/td>\n<td style=\"text-align: center;\">6\u201312 semanas<\/td>\n<td style=\"text-align: center;\">Cutting, resistencia<\/td>\n<td style=\"text-align: center;\">16\u201324 horas<\/td>\n<td style=\"text-align: center;\">3\u20135 d\u00edas<\/td>\n<td style=\"text-align: center;\">No<\/td>\n<td style=\"text-align: center;\">Muy baja<\/td>\n<\/tr>\n<tr>\n<td style=\"text-align: center;\"><a href=\"https:\/\/sarms-sport.com\/es\/ibutamoreno-zillt-medicine-ibutamoren-mk-677\/\"><strong>Ibutamoren (MK-677)<\/strong><\/a><\/td>\n<td style=\"text-align: center;\">Secretagogo de GH<\/td>\n<td style=\"text-align: center;\">Aumenta GH\/IGF-1, recuperaci\u00f3n, mejora del sue\u00f1o<\/td>\n<td style=\"text-align: center;\">Aumento del apetito, retenci\u00f3n de agua<\/td>\n<td style=\"text-align: center;\">No<\/td>\n<td style=\"text-align: center;\">8\u201316 semanas<\/td>\n<td style=\"text-align: center;\">Volumen, recuperaci\u00f3n<\/td>\n<td style=\"text-align: center;\">20\u201324 horas<\/td>\n<td style=\"text-align: center;\">5\u20137 d\u00edas<\/td>\n<td style=\"text-align: center;\">No<\/td>\n<td style=\"text-align: center;\">Baja<\/td>\n<\/tr>\n<tr>\n<td style=\"text-align: center;\"><a href=\"https:\/\/sarms-sport.com\/es\/ligandrolo-zillt-medicine-ligandrol-lgd-4033\/\"><strong>Ligandrol (LGD-4033)<\/strong><\/a><\/td>\n<td style=\"text-align: center;\">SARM<\/td>\n<td style=\"text-align: center;\">Aumento de masa y fuerza, mejor recuperaci\u00f3n<\/td>\n<td style=\"text-align: center;\">Fuerte supresi\u00f3n<\/td>\n<td style=\"text-align: center;\">Alta<\/td>\n<td style=\"text-align: center;\">6\u20138 semanas<\/td>\n<td style=\"text-align: center;\">Volumen<\/td>\n<td style=\"text-align: center;\">24\u201336 horas<\/td>\n<td style=\"text-align: center;\">7\u201310 d\u00edas<\/td>\n<td style=\"text-align: center;\">S\u00ed<\/td>\n<td style=\"text-align: center;\">Baja<\/td>\n<\/tr>\n<tr>\n<td style=\"text-align: center;\"><a href=\"https:\/\/sarms-sport.com\/es\/ostarino-zillt-medicine-ostarine-mk-2866\/\"><strong>Ostarine (MK-2866)<\/strong><\/a><\/td>\n<td style=\"text-align: center;\">SARM<\/td>\n<td style=\"text-align: center;\">Masa magra, soporte articular, recomposici\u00f3n leve<\/td>\n<td style=\"text-align: center;\">Supresi\u00f3n leve<\/td>\n<td style=\"text-align: center;\">Baja<\/td>\n<td style=\"text-align: center;\">6\u20138 semanas<\/td>\n<td style=\"text-align: center;\">Recomposici\u00f3n<\/td>\n<td style=\"text-align: center;\">24 horas<\/td>\n<td style=\"text-align: center;\">10\u201314 d\u00edas<\/td>\n<td style=\"text-align: center;\">No<\/td>\n<td style=\"text-align: center;\">Muy baja<\/td>\n<\/tr>\n<tr>\n<td style=\"text-align: center;\"><a href=\"https:\/\/sarms-sport.com\/es\/s23-zillt-medicine-mastorin-s23\/\"><strong>S-23<\/strong><\/a><\/td>\n<td style=\"text-align: center;\">SARM potente<\/td>\n<td style=\"text-align: center;\">Fuerza, m\u00fasculo seco y denso, fuerte efecto de endurecimiento<\/td>\n<td style=\"text-align: center;\">Supresi\u00f3n muy fuerte<\/td>\n<td style=\"text-align: center;\">Muy alta<\/td>\n<td style=\"text-align: center;\">4\u20136 semanas<\/td>\n<td style=\"text-align: center;\">Cutting avanzado, fuerza<\/td>\n<td style=\"text-align: center;\">~12 horas<\/td>\n<td style=\"text-align: center;\">3\u20137 d\u00edas<\/td>\n<td style=\"text-align: center;\">S\u00ed<\/td>\n<td style=\"text-align: center;\">Moderada<\/td>\n<\/tr>\n<tr>\n<td style=\"text-align: center;\"><a href=\"https:\/\/sarms-sport.com\/es\/stenabolo-zillt-medicine-stenabolic-sr-9009\/\"><strong>Stenabolic (SR-9009)<\/strong><\/a><\/td>\n<td style=\"text-align: center;\">Agonista Rev-ERB<\/td>\n<td style=\"text-align: center;\">Mejora del metabolismo, p\u00e9rdida de grasa, resistencia<\/td>\n<td style=\"text-align: center;\">Necesita dosificaci\u00f3n frecuente<\/td>\n<td style=\"text-align: center;\">No<\/td>\n<td style=\"text-align: center;\">6\u201310 semanas<\/td>\n<td style=\"text-align: center;\">Cutting<\/td>\n<td style=\"text-align: center;\">1\u20132 horas<\/td>\n<td style=\"text-align: center;\">2\u20134 d\u00edas<\/td>\n<td style=\"text-align: center;\">No<\/td>\n<td style=\"text-align: center;\">Muy baja<\/td>\n<\/tr>\n<tr>\n<td style=\"text-align: center;\"><a href=\"https:\/\/sarms-sport.com\/es\/testolono-zillt-medicine-testolone-rad-140\/\"><strong>Testolone (RAD-140)<\/strong><\/a><\/td>\n<td style=\"text-align: center;\">SARM<\/td>\n<td style=\"text-align: center;\">Aumento de fuerza, masa muscular, efecto anticatab\u00f3lico<\/td>\n<td style=\"text-align: center;\">Supresi\u00f3n, irritabilidad<\/td>\n<td style=\"text-align: center;\">Alta<\/td>\n<td style=\"text-align: center;\">6\u20138 semanas<\/td>\n<td style=\"text-align: center;\">Volumen, fuerza<\/td>\n<td style=\"text-align: center;\">~60 horas<\/td>\n<td style=\"text-align: center;\">5\u20137 d\u00edas<\/td>\n<td style=\"text-align: center;\">S\u00ed<\/td>\n<td style=\"text-align: center;\">Baja\u2013media<\/td>\n<\/tr>\n<tr>\n<td style=\"text-align: center;\"><a href=\"https:\/\/sarms-sport.com\/es\/yk-11-zillt-medicine-myostan-yk11\/\"><strong>YK-11<\/strong><\/a><\/td>\n<td style=\"text-align: center;\">Inhibidor de miostatina<\/td>\n<td style=\"text-align: center;\">R\u00e1pido aumento de fuerza, hipertrofia acelerada, masa densa<\/td>\n<td style=\"text-align: center;\">Estr\u00e9s hep\u00e1tico, agresividad<\/td>\n<td style=\"text-align: center;\">Alta<\/td>\n<td style=\"text-align: center;\">4\u20138 semanas<\/td>\n<td style=\"text-align: center;\">Volumen, fuerza<\/td>\n<td style=\"text-align: center;\">6\u201310 horas<\/td>\n<td style=\"text-align: center;\">5\u20137 d\u00edas<\/td>\n<td style=\"text-align: center;\">S\u00ed<\/td>\n<td style=\"text-align: center;\">Media\u2013alta<\/td>\n<\/tr>\n<\/tbody>\n<\/table>\n<h2>\u00bfQu\u00e9 es el S23 SARM?<\/h2>\n<p>El S23 SARM est\u00e1 considerado como el modulador selectivo del receptor de andr\u00f3genos m\u00e1s potente. El f\u00e1rmaco caus\u00f3 sensaci\u00f3n en el mundo del culturismo por su capacidad para ganar m\u00fasculo y perder grasa al mismo tiempo. El S23 se desarroll\u00f3 originalmente como anticonceptivo masculino, pero pronto gan\u00f3 popularidad entre los atletas y culturistas por su gran capacidad endurecedora.<\/p>\n<p>La mayor\u00eda de las personas que compran S23 SARM ya son usuarios que han utilizado anteriormente un SARM moderno de velocidad o m\u00e1s d\u00e9bil y simplemente buscan uno m\u00e1s fuerte. Varios usuarios equiparan el S23 con el Winstrol o el Trenbolone en cuanto a su calidad de vascularizaci\u00f3n seca, pero sin los intensos efectos androg\u00e9nicos de estos dos.<\/p>\n<p>En definitiva, el SARM S23 es perfecto para el deportista que quiere esforzarse al m\u00e1ximo y ganar m\u00fasculo de calidad para parecer que est\u00e1 listo para subir al escenario. En la dosis correcta, el SARM S23 puede alterar significativamente el cuerpo e inducir una sensaci\u00f3n general de dureza.<\/p>\n<h2>C\u00f3mo funciona el S23 (Mastorin)<\/h2>\n<p>Mastorin S23 se une a los receptores de andr\u00f3genos en los m\u00fasculos y los huesos, estimula la s\u00edntesis de prote\u00ednas y el crecimiento en los m\u00fasculos y los huesos, y reduce la masa grasa. A diferencia de los esteroides anab\u00f3licos, el S23 no se aromatiza en estr\u00f3geno ni provoca retenci\u00f3n de agua. El f\u00e1rmaco tiene una alta afinidad de uni\u00f3n a los receptores, lo que significa que tiene fuertes efectos anab\u00f3licos incluso en dosis muy bajas. Este es uno de los principales factores por los que se considera el SARM S23 m\u00e1s potente a la venta.<\/p>\n<p>El S23 promueve la actividad anab\u00f3lica y reduce la hormona luteinizante y la hormona fol\u00edculoestimulante una vez en el organismo. Es la supresi\u00f3n de estas hormonas lo que conduce a un bloqueo temporal de la testosterona, raz\u00f3n por la cual se requiere una terapia post ciclo (PCT) cuando se utiliza. En cualquier caso, el S23 tiene una excelente relaci\u00f3n anab\u00f3lica-androg\u00e9nica.<\/p>\n<p>Mastorin podr\u00eda ser especialmente beneficioso en ciclos de corte o recomposici\u00f3n en la vida real, donde el objetivo es mantener la masa muscular mientras se reduce la grasa. Eso es lo que hace que su mecanismo sea tan diferente al de otros f\u00e1rmacos:<\/p>\n<ul>\n<li>Al dirigirse a receptores espec\u00edficos, permite la creaci\u00f3n de m\u00fasculo grueso y de alta calidad.<\/li>\n<li>La m\u00ednima actividad estrog\u00e9nica da como resultado un aspecto seco y duro.<\/li>\n<li>La vida media corta, de aproximadamente 2 d\u00edas, permite reg\u00edmenes de dosificaci\u00f3n flexibles.<\/li>\n<li>El aumento del metabolismo permite quemar grasa m\u00e1s r\u00e1pidamente.<\/li>\n<li>Una mayor densidad de fibras en el m\u00fasculo es la raz\u00f3n de su aspecto firme.<\/li>\n<\/ul>\n<p>El S23 funciona bajo la premisa de que se obtiene un impulso anab\u00f3lico incre\u00edblemente potente que induce un grado tan fino de control en el lado androg\u00e9nico de sus efectos. Eso es simplemente una necesidad absoluta para un atleta avanzado que aspira a alcanzar un nivel profesional.<\/p>\n<h2>Beneficios del SARM S23<\/h2>\n<p>Mastorin est\u00e1 considerado como el SARM m\u00e1s potente tanto para la p\u00e9rdida de grasa como para el aumento de masa muscular. Los usuarios suelen se\u00f1alar que es un SARM \u00absecante\u00bb, que ayuda a mantener el aspecto vascular sin a\u00f1adir peso innecesario por retenci\u00f3n de agua. A continuaci\u00f3n se enumeran los principales beneficios del SARM S23 para los culturistas:<\/p>\n<ol>\n<li><strong>Grosor muscular<\/strong><br \/>\nLa dureza sin precedentes es un efecto bastante inusual de este tipo de suplementos para ganar masa. Este complejo muscular tiene un efecto excelente, ya que crea m\u00fasculos que parecen de competici\u00f3n, pero sin los efectos secundarios negativos.<\/li>\n<li><strong>Aumento de la fuerza<\/strong><br \/>\nEl S23 produce una mejora significativa de la fuerza y la resistencia musculares. Numerosos atletas afirman que pueden hacer m\u00e1s repeticiones con el mismo nivel de cansancio sin perder el control de la respiraci\u00f3n.<\/li>\n<li><strong>P\u00e9rdida de grasa y recomposici\u00f3n corporal<\/strong><br \/>\nMastorin S23 estimula el metabolismo, lo que hace que se queme la grasa almacenada en lugar de consumir los m\u00fasculos. Es ideal para ciclos de corte con el objetivo de perder grasa y mantener la masa muscular.<\/li>\n<li><strong>Definici\u00f3n y vascularizaci\u00f3n<\/strong><br \/>\nUn efecto positivo que muchos usuarios de SARM S23 informan es un aumento de la vascularidad. Puede esperar que sus venas sean m\u00e1s prominentes y que sus m\u00fasculos est\u00e9n ligeramente m\u00e1s definidos bajo la piel.<\/li>\n<li><strong>D\u00e9ficit cal\u00f3rico<\/strong><br \/>\nEl SARM S23 ayuda al cuerpo a mantener la actividad anab\u00f3lica en un d\u00e9ficit cal\u00f3rico. En cuanto a c\u00f3mo te ver\u00e1s en el espejo, TF, estar\u00e1s \u00abm\u00e1s delgado\u00bb sin estar \u00abm\u00e1s lleno\u00bb.<\/li>\n<\/ol>\n<p>La verdadera belleza del S23 es su capacidad para construir un cuerpo que se vea est\u00e9ticamente agradable y poderoso, y no solo m\u00e1s grande. Para los atletas que buscan la est\u00e9tica, es uno de los mejores productos del mercado.<\/p>\n<h2>Efectos secundarios de Mastorin (S23)<\/h2>\n<p>Mastorin S23 tiene varias ventajas, pero tambi\u00e9n es un SARM potente, lo que conlleva reacciones adversas que no se pueden ignorar. Para un uso responsable, es necesario saber c\u00f3mo lidiar con los efectos secundarios m\u00e1s comunes del SARMS S23:<\/p>\n<ol>\n<li><strong>Supresi\u00f3n de la testosterona<\/strong><br \/>\nTiene una actividad androg\u00e9nica extrema y, debido a ello, es capaz de detener la producci\u00f3n propia de testosterona. Para contrarrestar esto, la mayor\u00eda de las personas siguen un r\u00e9gimen de PCT que consiste en Clomid, Nolvadex u otros f\u00e1rmacos para que los niveles hormonales vuelvan a la normalidad.<\/li>\n<li><strong>Cambios en la libido<\/strong><br \/>\nMuchas personas notan un aumento de la libido mientras toman Mastorin S23 y luego una disminuci\u00f3n una vez que termina el ciclo. Las fluctuaciones c\u00edclicas pueden deberse a un estado de equilibrio hormonal que var\u00eda seg\u00fan las personas. Como ya se ha mencionado, una PCT bien planificada le ayudar\u00e1 a controlar estos s\u00edntomas, adem\u00e1s de ayudarle a mantener su rendimiento general.<\/li>\n<li><strong>Cambios en la energ\u00eda y el estado de \u00e1nimo<\/strong><br \/>\nDado que los SARM S23 afectan a los niveles hormonales, algunas personas pueden sentir un descenso temporal de su estado de \u00e1nimo y su energ\u00eda. Por lo general, se trata de efectos leves, ya que deber\u00edan desaparecer con un periodo de recuperaci\u00f3n. Una dieta adecuada y mantener una buena rutina de sue\u00f1o pueden ayudar a minimizar estos efectos.<\/li>\n<li><strong>Posible ca\u00edda del cabello o piel grasa<\/strong><br \/>\nA veces, Mastorin S23 puede causar una reacci\u00f3n androg\u00e9nica leve en su cuerpo, incluyendo p\u00e9rdida de cabello o piel muy grasa. Estos efectos secundarios ser\u00e1n temporales y, en la mayor\u00eda de los casos, se pueden mitigar con higiene y PCT.<\/li>\n<li><strong>Posible impacto en la fertilidad<\/strong><br \/>\nDicho esto, los ciclos largos o las dosis muy altas pueden suprimir temporalmente la producci\u00f3n de esperma y afectar negativamente a la fertilidad. Realice siempre sus ciclos de acuerdo con las indicaciones y reserve tiempo para recuperarse entre ellos.<\/li>\n<\/ol>\n<p>En general, estos efectos secundarios se pueden controlar con la duraci\u00f3n adecuada del ciclo y la PCT. La potencia del compuesto significa que debe respetarse, pero no debe asustarse. Escuche a su cuerpo y considere el tiempo de recuperaci\u00f3n como parte integral del tiempo de entrenamiento.<\/p>\n<h2>Dosis, duraci\u00f3n del ciclo y uso seguro de los SARM S23<\/h2>\n<p>La precisi\u00f3n lo es todo en el caso del s23 de Mastorin. Esta sustancia se encuentra entre los SARM m\u00e1s potentes disponibles en el mercado. Por lo tanto, como se ha mencionado anteriormente, la planificaci\u00f3n del ciclo es esencial y puede dar resultados excelentes o arruinar su perfil hormonal.<\/p>\n<h3>Dosis \u00f3ptima<\/h3>\n<p>La dosis recomendada de SARM S23 suele ser de 10 a 30 mg al d\u00eda, en funci\u00f3n de tu nivel de forma f\u00edsica y tu experiencia. Para comprobar tu tolerancia, la mayor\u00eda de los principiantes deben empezar con 10 mg, y los usuarios m\u00e1s avanzados pueden tomar 30 mg. La dosis diaria se puede dividir en dos tomas, dos veces al d\u00eda, ya que el S23 tiene una vida media corta. Esto ayudar\u00e1 a mantener un nivel constante en tu organismo. Si toma m\u00e1s de 30 mg al d\u00eda, no obtendr\u00e1 ganancias m\u00e1s r\u00e1pidas y podr\u00eda provocar una disminuci\u00f3n de la testosterona.<\/p>\n<h3>Duraci\u00f3n recomendada del ciclo<\/h3>\n<p>La duraci\u00f3n est\u00e1ndar de un ciclo de SARM S23 es de 6 a 8 semanas, lo que es una buena duraci\u00f3n para que sea lo suficientemente eficaz y no sea excesivo para el organismo. Obtendr\u00e1 un aumento real de la fuerza y la densidad de sus m\u00fasculos sin da\u00f1ar su sistema endocrino. Deber\u00e1 realizar una terapia post ciclo durante 4 semanas despu\u00e9s del ciclo para reiniciar su producci\u00f3n natural de testosterona. Adem\u00e1s, normalmente ver\u00e1 los resultados del S23 alrededor de la tercera o cuarta semana de uso.<\/p>\n<h3>Consejos para un uso seguro<\/h3>\n<p>Un culturista sensato se distingue f\u00e1cilmente de uno imprudente por su franqueza. Mastorin S23, aunque es un suplemento potente, requiere precauci\u00f3n al usarlo. Muchos atletas siguen cometiendo errores en el camino, y aqu\u00ed hay algunos consejos a seguir:<\/p>\n<ul>\n<li>Debe hacerse an\u00e1lisis de sangre con regularidad antes, durante y despu\u00e9s del ciclo para controlar sus niveles hormonales, enzimas hep\u00e1ticas y l\u00edpidos.<\/li>\n<li>Consume prote\u00ednas de alta calidad y carbohidratos complejos para favorecer la recuperaci\u00f3n muscular y los niveles de energ\u00eda.<\/li>\n<li>Utiliza un potenciador natural de testosterona durante el ciclo, ya que este SARM puede provocar cierta supresi\u00f3n.<\/li>\n<li>El S23 hace que tu cuerpo realice un entrenamiento espec\u00edfico, y la recuperaci\u00f3n comienza a cobrar una importancia a\u00fan mayor. Duerme entre 7 y 9 horas y bebe mucha agua.<\/li>\n<li>Los compuestos como Clomid o Nolvadex no son opcionales una vez que hayas terminado el ciclo. Ayudan a normalizar la funci\u00f3n hormonal para que puedas mantener los resultados obtenidos.<\/li>\n<li>Deja pasar al menos entre 8 y 10 semanas antes de comenzar otro ciclo de S23 para que tu cuerpo pueda descansar.<\/li>\n<li>El resultado depender\u00e1 en \u00faltima instancia de tu disciplina. Si te esfuerzas con un entrenamiento constante, obtendr\u00e1s los mejores resultados a largo plazo.<\/li>\n<\/ul>\n<p>Puedes disfrutar de los beneficios del SARM S23, sin esteroides anab\u00f3licos peligrosos, al mismo tiempo que obtienes un f\u00edsico est\u00e9tico. Pero el \u00e9xito a largo plazo no consiste en superar los l\u00edmites. M\u00e1s bien, se trata de aprovechar todas las herramientas, como Mastorin S23, con paciencia.<\/p>\n<h2>Mastorin (S23) en combinaci\u00f3n con otros compuestos<\/h2>\n<p>La combinaci\u00f3n de Mastorin S23 se utiliza normalmente para refinar la definici\u00f3n o mantener la masa muscular en d\u00e9ficits cal\u00f3ricos. Cuando se quiere reducir grasa, se sabe que se combina con Cardarine (GW-501516) o Andarine (S4) para obtener resultados sorprendentes con el SARM S23 antes y despu\u00e9s. Esta f\u00f3rmula conduce a una mejor resistencia y a una mayor quema de grasa. Adem\u00e1s, esta combinaci\u00f3n es especialmente beneficiosa para la preparaci\u00f3n de competiciones o sesiones fotogr\u00e1ficas.<\/p>\n<p>Para ayudar a ganar m\u00fasculo y eliminar grasa al mismo tiempo, es posible que desee combinar S23 con SARM como Ligandrol o MK-677 para la recomposici\u00f3n corporal. Ligandrol permite un aumento gradual del tejido magro, mientras que MK-677 facilita la recuperaci\u00f3n y el sue\u00f1o a trav\u00e9s del aumento de la secreci\u00f3n de la hormona del crecimiento. Con la adici\u00f3n de S23, esta combinaci\u00f3n ofrece a los usuarios la capacidad de mantener la fuerza durante el entrenamiento y ganar tejido magro de alta calidad.<\/p>\n<p>A veces, los principiantes prueban compuestos muy supresores, como RAD-140 o YK11. Estas combinaciones ejercen m\u00e1s presi\u00f3n sobre el sistema hormonal y requieren una mayor recuperaci\u00f3n. Una mejor sugerencia es comenzar con SARM semisuaves o con un apoyo basado en p\u00e9ptidos. Sea cual sea la combinaci\u00f3n, todos los usuarios deben concluir el ciclo con una PCT adecuada para obtener niveles m\u00e1s altos de testosterona, pero tambi\u00e9n para mantener los resultados.<\/p>\n<h2>Errores comunes de los principiantes al usar Mastorin (S23)<\/h2>\n<p>Tanto si eres un atleta novato como experimentado, puedes cometer errores y acabar obteniendo menos resultados de los esperados. A continuaci\u00f3n se enumeran los errores m\u00e1s frecuentes que comete la gente y c\u00f3mo evitarlos:<\/p>\n<ol>\n<li><strong>Empezar con una dosis alta<\/strong><br \/>\nMuchos usuarios nuevos piensan que cuanto m\u00e1s tomen, m\u00e1s r\u00e1pidos ser\u00e1n los resultados, pero con los SARM S23, una dosis mayor solo significa una mayor supresi\u00f3n de testosterona. Una vez que te hayas asegurado de que est\u00e1s preparado para comenzar el ciclo, se recomienda empezar con 10-15 mg al d\u00eda.<\/li>\n<li><strong>No realizar terapia post ciclo<\/strong><br \/>\nCon Mastorin, la supresi\u00f3n puede ser extremadamente dura, e incluso si no se realiza una PCT al final del ciclo, se puede perder fuerza e incluso caer en una depresi\u00f3n.<\/li>\n<li><strong>Mala alimentaci\u00f3n<\/strong><br \/>\nSi utiliza compuestos m\u00e1s fuertes para perder grasa corporal en el abdomen, debe seguir comiendo bien. El hecho es que, por muy fuerte que sea el esteroide, no puede conservar la masa muscular si no tiene una nutrici\u00f3n adecuada. Necesita suficientes prote\u00ednas y algunas grasas saludables para mantener la mayor parte de la masa muscular.<\/li>\n<li><strong>Combinar demasiados compuestos<\/strong><br \/>\nUsar S23 con otros SARM o esteroides puede ser demasiado para tu cuerpo. Para aquellos que sean nuevos en esto, mantengan la combinaci\u00f3n en 1 o 2 compuestos m\u00e1s suaves como Cardarine y MK-677. La combinaci\u00f3n adecuada puede proporcionar ganancias constantes, pero una combinaci\u00f3n aleatoria te provocar\u00e1 crisis hormonales.<\/li>\n<li><strong>Ciclo demasiado largo<\/strong><br \/>\nEl S23 es un compuesto potente, as\u00ed que no lo uses durante m\u00e1s de 6-8 semanas. Alargar demasiado el ciclo significar\u00e1 una supresi\u00f3n a\u00fan mayor y una recuperaci\u00f3n dif\u00edcil. Aseg\u00farate de que las pausas entre ciclos te proporcionen un mejor equilibrio hormonal.<\/li>\n<\/ol>\n<p>Con el enfoque adecuado y evitando los errores, puedes comprar S23 SARM de forma segura y disfrutar de los beneficios del crecimiento muscular con riesgos m\u00ednimos. Si a\u00fan as\u00ed cometes algunos errores, no dudes en buscar ayuda profesional y no descuides tu salud.<\/p>\n","protected":false},"excerpt":{"rendered":"<p>Nombre Tipo Efectos principales Efectos secundarios Supresi\u00f3n de testosterona Ciclo t\u00edpico Ideal para Vida media Inicio \u00bfRequiere PCT? Toxicidad Andarine (S-4) SARM P\u00e9rdida de grasa, mayor definici\u00f3n muscular, aumento de fuerza Alteraciones visuales Media 6\u20138 semanas Cutting, recomposici\u00f3n ~4 horas 7\u201310 d\u00edas S\u00ed Baja Cardarine (GW-501516) Agonista PPAR\u03b4 Aumento de resistencia, oxidaci\u00f3n de grasa, mejora [&hellip;]<\/p>\n","protected":false},"featured_media":1774,"comment_status":"open","ping_status":"closed","template":"","meta":{"_acf_changed":false},"product_brand":[],"product_cat":[79,80,91,84,85,86,93,77],"product_tag":[],"class_list":{"0":"post-1773","1":"product","2":"type-product","3":"status-publish","4":"has-post-thumbnail","6":"product_cat-best-sarms-for-bodybuilding-es","7":"product_cat-best-sarms-for-building-muscle-es","8":"product_cat-best-sarms-for-bulking-es","9":"product_cat-best-sarms-for-men-es","10":"product_cat-best-sarms-for-muscle-gain-es","11":"product_cat-best-sarms-for-muscle-growth-es","12":"product_cat-best-sarms-for-strength-es","13":"product_cat-sarms","15":"first","16":"instock","17":"shipping-taxable","18":"purchasable","19":"product-type-variable"},"acf":[],"_links":{"self":[{"href":"https:\/\/sarms-sport.com\/es\/wp-json\/wp\/v2\/product\/1773","targetHints":{"allow":["GET"]}}],"collection":[{"href":"https:\/\/sarms-sport.com\/es\/wp-json\/wp\/v2\/product"}],"about":[{"href":"https:\/\/sarms-sport.com\/es\/wp-json\/wp\/v2\/types\/product"}],"replies":[{"embeddable":true,"href":"https:\/\/sarms-sport.com\/es\/wp-json\/wp\/v2\/comments?post=1773"}],"wp:featuredmedia":[{"embeddable":true,"href":"https:\/\/sarms-sport.com\/es\/wp-json\/wp\/v2\/media\/1774"}],"wp:attachment":[{"href":"https:\/\/sarms-sport.com\/es\/wp-json\/wp\/v2\/media?parent=1773"}],"wp:term":[{"taxonomy":"product_brand","embeddable":true,"href":"https:\/\/sarms-sport.com\/es\/wp-json\/wp\/v2\/product_brand?post=1773"},{"taxonomy":"product_cat","embeddable":true,"href":"https:\/\/sarms-sport.com\/es\/wp-json\/wp\/v2\/product_cat?post=1773"},{"taxonomy":"product_tag","embeddable":true,"href":"https:\/\/sarms-sport.com\/es\/wp-json\/wp\/v2\/product_tag?post=1773"}],"curies":[{"name":"wp","href":"https:\/\/api.w.org\/{rel}","templated":true}]}}