{"id":1778,"date":"2025-05-05T13:49:42","date_gmt":"2025-05-05T11:49:42","guid":{"rendered":"https:\/\/sarms-sport.com\/stenabolo-zillt-medicine-stenabolic-sr-9009\/"},"modified":"2025-12-15T01:11:40","modified_gmt":"2025-12-15T00:11:40","slug":"stenabolo-zillt-medicine-stenabolic-sr-9009","status":"publish","type":"product","link":"https:\/\/sarms-sport.com\/es\/stenabolo-zillt-medicine-stenabolic-sr-9009\/","title":{"rendered":"Stenabolo Zillt Medicine (Stenabolic SR-9009)"},"content":{"rendered":"<table>\n<tbody>\n<tr>\n<td style=\"text-align: center;\"><strong>Nombre<\/strong><\/td>\n<td style=\"text-align: center;\"><strong>Tipo<\/strong><\/td>\n<td style=\"text-align: center;\"><strong>Efectos principales<\/strong><\/td>\n<td style=\"text-align: center;\"><strong>Efectos secundarios<\/strong><\/td>\n<td style=\"text-align: center;\"><strong>Supresi\u00f3n de testosterona<\/strong><\/td>\n<td style=\"text-align: center;\"><strong>Ciclo t\u00edpico<\/strong><\/td>\n<td style=\"text-align: center;\"><strong>Ideal para<\/strong><\/td>\n<td style=\"text-align: center;\"><strong>Vida media<\/strong><\/td>\n<td style=\"text-align: center;\"><strong>Inicio<\/strong><\/td>\n<td style=\"text-align: center;\"><strong>\u00bfRequiere PCT?<\/strong><\/td>\n<td style=\"text-align: center;\"><strong>Toxicidad<\/strong><\/td>\n<\/tr>\n<tr>\n<td style=\"text-align: center;\"><a href=\"https:\/\/sarms-sport.com\/es\/andarino-zillt-medicine-andarine-s4\/\"><strong>Andarine (S-4)<\/strong><\/a><\/td>\n<td style=\"text-align: center;\">SARM<\/td>\n<td style=\"text-align: center;\">P\u00e9rdida de grasa, mayor definici\u00f3n muscular, aumento de fuerza<\/td>\n<td style=\"text-align: center;\">Alteraciones visuales<\/td>\n<td style=\"text-align: center;\">Media<\/td>\n<td style=\"text-align: center;\">6\u20138 semanas<\/td>\n<td style=\"text-align: center;\">Cutting, recomposici\u00f3n<\/td>\n<td style=\"text-align: center;\">~4 horas<\/td>\n<td style=\"text-align: center;\">7\u201310 d\u00edas<\/td>\n<td style=\"text-align: center;\">S\u00ed<\/td>\n<td style=\"text-align: center;\">Baja<\/td>\n<\/tr>\n<tr>\n<td style=\"text-align: center;\"><a href=\"https:\/\/sarms-sport.com\/es\/cardarino-zillt-medicine-cardarine-gw-501516\/\"><strong>Cardarine (GW-501516)<\/strong><\/a><\/td>\n<td style=\"text-align: center;\">Agonista PPAR\u03b4<\/td>\n<td style=\"text-align: center;\">Aumento de resistencia, oxidaci\u00f3n de grasa, mejora del metabolismo<\/td>\n<td style=\"text-align: center;\">Riesgos potenciales a dosis altas<\/td>\n<td style=\"text-align: center;\">No<\/td>\n<td style=\"text-align: center;\">6\u201312 semanas<\/td>\n<td style=\"text-align: center;\">Cutting, resistencia<\/td>\n<td style=\"text-align: center;\">16\u201324 horas<\/td>\n<td style=\"text-align: center;\">3\u20135 d\u00edas<\/td>\n<td style=\"text-align: center;\">No<\/td>\n<td style=\"text-align: center;\">Muy baja<\/td>\n<\/tr>\n<tr>\n<td style=\"text-align: center;\"><a href=\"https:\/\/sarms-sport.com\/es\/ibutamoreno-zillt-medicine-ibutamoren-mk-677\/\"><strong>Ibutamoren (MK-677)<\/strong><\/a><\/td>\n<td style=\"text-align: center;\">Secretagogo de GH<\/td>\n<td style=\"text-align: center;\">Aumenta GH\/IGF-1, recuperaci\u00f3n, mejora del sue\u00f1o<\/td>\n<td style=\"text-align: center;\">Aumento del apetito, retenci\u00f3n de agua<\/td>\n<td style=\"text-align: center;\">No<\/td>\n<td style=\"text-align: center;\">8\u201316 semanas<\/td>\n<td style=\"text-align: center;\">Volumen, recuperaci\u00f3n<\/td>\n<td style=\"text-align: center;\">20\u201324 horas<\/td>\n<td style=\"text-align: center;\">5\u20137 d\u00edas<\/td>\n<td style=\"text-align: center;\">No<\/td>\n<td style=\"text-align: center;\">Baja<\/td>\n<\/tr>\n<tr>\n<td style=\"text-align: center;\"><a href=\"https:\/\/sarms-sport.com\/es\/ligandrolo-zillt-medicine-ligandrol-lgd-4033\/\"><strong>Ligandrol (LGD-4033)<\/strong><\/a><\/td>\n<td style=\"text-align: center;\">SARM<\/td>\n<td style=\"text-align: center;\">Aumento de masa y fuerza, mejor recuperaci\u00f3n<\/td>\n<td style=\"text-align: center;\">Fuerte supresi\u00f3n<\/td>\n<td style=\"text-align: center;\">Alta<\/td>\n<td style=\"text-align: center;\">6\u20138 semanas<\/td>\n<td style=\"text-align: center;\">Volumen<\/td>\n<td style=\"text-align: center;\">24\u201336 horas<\/td>\n<td style=\"text-align: center;\">7\u201310 d\u00edas<\/td>\n<td style=\"text-align: center;\">S\u00ed<\/td>\n<td style=\"text-align: center;\">Baja<\/td>\n<\/tr>\n<tr>\n<td style=\"text-align: center;\"><a href=\"https:\/\/sarms-sport.com\/es\/ostarino-zillt-medicine-ostarine-mk-2866\/\"><strong>Ostarine (MK-2866)<\/strong><\/a><\/td>\n<td style=\"text-align: center;\">SARM<\/td>\n<td style=\"text-align: center;\">Masa magra, soporte articular, recomposici\u00f3n leve<\/td>\n<td style=\"text-align: center;\">Supresi\u00f3n leve<\/td>\n<td style=\"text-align: center;\">Baja<\/td>\n<td style=\"text-align: center;\">6\u20138 semanas<\/td>\n<td style=\"text-align: center;\">Recomposici\u00f3n<\/td>\n<td style=\"text-align: center;\">24 horas<\/td>\n<td style=\"text-align: center;\">10\u201314 d\u00edas<\/td>\n<td style=\"text-align: center;\">No<\/td>\n<td style=\"text-align: center;\">Muy baja<\/td>\n<\/tr>\n<tr>\n<td style=\"text-align: center;\"><a href=\"https:\/\/sarms-sport.com\/es\/s23-zillt-medicine-mastorin-s23\/\"><strong>S-23<\/strong><\/a><\/td>\n<td style=\"text-align: center;\">SARM potente<\/td>\n<td style=\"text-align: center;\">Fuerza, m\u00fasculo seco y denso, fuerte efecto de endurecimiento<\/td>\n<td style=\"text-align: center;\">Supresi\u00f3n muy fuerte<\/td>\n<td style=\"text-align: center;\">Muy alta<\/td>\n<td style=\"text-align: center;\">4\u20136 semanas<\/td>\n<td style=\"text-align: center;\">Cutting avanzado, fuerza<\/td>\n<td style=\"text-align: center;\">~12 horas<\/td>\n<td style=\"text-align: center;\">3\u20137 d\u00edas<\/td>\n<td style=\"text-align: center;\">S\u00ed<\/td>\n<td style=\"text-align: center;\">Moderada<\/td>\n<\/tr>\n<tr>\n<td style=\"text-align: center;\"><a href=\"https:\/\/sarms-sport.com\/es\/stenabolo-zillt-medicine-stenabolic-sr-9009\/\"><strong>Stenabolic (SR-9009)<\/strong><\/a><\/td>\n<td style=\"text-align: center;\">Agonista Rev-ERB<\/td>\n<td style=\"text-align: center;\">Mejora del metabolismo, p\u00e9rdida de grasa, resistencia<\/td>\n<td style=\"text-align: center;\">Necesita dosificaci\u00f3n frecuente<\/td>\n<td style=\"text-align: center;\">No<\/td>\n<td style=\"text-align: center;\">6\u201310 semanas<\/td>\n<td style=\"text-align: center;\">Cutting<\/td>\n<td style=\"text-align: center;\">1\u20132 horas<\/td>\n<td style=\"text-align: center;\">2\u20134 d\u00edas<\/td>\n<td style=\"text-align: center;\">No<\/td>\n<td style=\"text-align: center;\">Muy baja<\/td>\n<\/tr>\n<tr>\n<td style=\"text-align: center;\"><a href=\"https:\/\/sarms-sport.com\/es\/testolono-zillt-medicine-testolone-rad-140\/\"><strong>Testolone (RAD-140)<\/strong><\/a><\/td>\n<td style=\"text-align: center;\">SARM<\/td>\n<td style=\"text-align: center;\">Aumento de fuerza, masa muscular, efecto anticatab\u00f3lico<\/td>\n<td style=\"text-align: center;\">Supresi\u00f3n, irritabilidad<\/td>\n<td style=\"text-align: center;\">Alta<\/td>\n<td style=\"text-align: center;\">6\u20138 semanas<\/td>\n<td style=\"text-align: center;\">Volumen, fuerza<\/td>\n<td style=\"text-align: center;\">~60 horas<\/td>\n<td style=\"text-align: center;\">5\u20137 d\u00edas<\/td>\n<td style=\"text-align: center;\">S\u00ed<\/td>\n<td style=\"text-align: center;\">Baja\u2013media<\/td>\n<\/tr>\n<tr>\n<td style=\"text-align: center;\"><a href=\"https:\/\/sarms-sport.com\/es\/yk-11-zillt-medicine-myostan-yk11\/\"><strong>YK-11<\/strong><\/a><\/td>\n<td style=\"text-align: center;\">Inhibidor de miostatina<\/td>\n<td style=\"text-align: center;\">R\u00e1pido aumento de fuerza, hipertrofia acelerada, masa densa<\/td>\n<td style=\"text-align: center;\">Estr\u00e9s hep\u00e1tico, agresividad<\/td>\n<td style=\"text-align: center;\">Alta<\/td>\n<td style=\"text-align: center;\">4\u20138 semanas<\/td>\n<td style=\"text-align: center;\">Volumen, fuerza<\/td>\n<td style=\"text-align: center;\">6\u201310 horas<\/td>\n<td style=\"text-align: center;\">5\u20137 d\u00edas<\/td>\n<td style=\"text-align: center;\">S\u00ed<\/td>\n<td style=\"text-align: center;\">Media\u2013alta<\/td>\n<\/tr>\n<\/tbody>\n<\/table>\n<h2>\u00bfQu\u00e9 es Stenabolic (SR-9009)?<\/h2>\n<p>Stenabolic (SR-9009) es un f\u00e1rmaco sint\u00e9tico que a menudo se clasifica como un SARM, pero no es un SARM porque su mecanismo de acci\u00f3n es diferente. Los atletas y culturistas lo est\u00e1n aprovechando para poder realizar entrenamientos de alta intensidad durante per\u00edodos de tiempo m\u00e1s largos y lucir lo m\u00e1s delgados posible. SR 9009 Stenabolic no es un estimulante, por lo que no provoca nerviosismo ni bajones, sino que act\u00faa mejorando gradualmente la utilizaci\u00f3n de la energ\u00eda del cuerpo a lo largo del d\u00eda.<\/p>\n<p>Antes de ser investigado por su efecto sobre las enfermedades metab\u00f3licas y cardiovasculares, el compuesto ya hab\u00eda sido objeto de investigaci\u00f3n. Sin embargo, ahora est\u00e1 llamando la atenci\u00f3n por sus beneficios para la resistencia y la funcionalidad en el atletismo. Lo que hace que el SR-9009 Stenabolic sea bueno es que favorece la oxidaci\u00f3n de las grasas sin necesidad de perder masa muscular, lo que significa que se puede rendir con un d\u00e9ficit cal\u00f3rico. En alg\u00fan punto entre ambos, esa es la acci\u00f3n \u00fanica de este agente que puede resultar \u00fatil para cualquiera que se esfuerce por reducir o mejorar su rendimiento metab\u00f3lico.<\/p>\n<h2>C\u00f3mo funciona el SR-9009 Stenabolic<\/h2>\n<p>El SR9009 Stenabolic act\u00faa activando una prote\u00edna concreta llamada Rev-ErbA. Contribuye a regular la tasa metab\u00f3lica del cuerpo y el reloj interno general. Tras la activaci\u00f3n de esta prote\u00edna, las c\u00e9lulas producen m\u00e1s mitocondrias en su interior, los diminutos org\u00e1nulos productores de energ\u00eda que permiten al cuerpo llevar a cabo todos sus procesos. El resultado es una mayor resistencia, una quema de grasas m\u00e1s eficiente y una mayor producci\u00f3n de energ\u00eda en el cuerpo.<\/p>\n<p>En resumen, el SR-9009 hace que el cuerpo utilice la energ\u00eda de forma m\u00e1s eficiente, por lo que se puede trabajar m\u00e1s duro durante el entrenamiento y mantenerse m\u00e1s activo durante m\u00e1s tiempo. As\u00ed pues, este es el impacto del SR-9009 en el cuerpo humano:<\/p>\n<ul>\n<li>Las c\u00e9lulas aumentan sus unidades productoras de energ\u00eda, las mitocondrias, para mejorar la resistencia y el rendimiento f\u00edsico.<\/li>\n<li>Tu cuerpo es m\u00e1s eficiente energ\u00e9ticamente a lo largo del d\u00eda, lo que podr\u00eda ser parte del motivo por el que \u00faltimamente te sientes tan cansado.<\/li>\n<li>Cuanto m\u00e1s puedan aguantar tus m\u00fasculos antes de cansarse, m\u00e1s f\u00e1ciles te resultar\u00e1n las sesiones de cardio.<\/li>\n<li>El cuerpo quema m\u00e1s grasa para obtener energ\u00eda, lo que a largo plazo puede hacerte adelgazar.<\/li>\n<li>Puede tener efectos beneficiosos sobre tu reloj interno, normalizar los ciclos de sue\u00f1o-vigilia y mejorar la salud metab\u00f3lica.<\/li>\n<\/ul>\n<p>Con todos estos efectos combinados, el SR9009 a la venta simplemente hace que los usuarios se sientan m\u00e1s en\u00e9rgicos y les permite rendir m\u00e1s sin ning\u00fan efecto sobre la hipertrofia muscular. A algunos atletas tambi\u00e9n les encanta por su resistencia y por el control de la grasa.<\/p>\n<h2>Beneficios del SR-9009 Stenabolic<\/h2>\n<p>Muchos de los beneficios de Stenabolic tienen que ver con los atletas, los aficionados al fitness o simplemente con personas que buscan aumentar su energ\u00eda y su metabolismo. Aunque el SR-9009 no es un esteroide, su efecto sobre la resistencia y el rendimiento es muy positivo cuando se busca m\u00e1s energ\u00eda. A continuaci\u00f3n se enumeran algunas de las principales ventajas que puede esperar:<\/p>\n<ol>\n<li><strong>M\u00e1s resistencia<\/strong><br \/>\nCuando compras Stenabolic, mejora el tiempo que los m\u00fasculos pueden aguantar sin agotarse. Los usuarios tambi\u00e9n dicen que puede ayudar a que las sesiones de cardio sean m\u00e1s f\u00e1ciles y que pueden esforzarse m\u00e1s en sus entrenamientos. Una mayor resistencia siempre es buena para los atletas y para aquellos que quieren tener m\u00e1s aguante.<\/li>\n<li><strong>Mejor efecto quemagrasas<\/strong><br \/>\nQuienes utilizan SR-9009 afirman que su metabolismo de las grasas es m\u00e1s eficiente gracias al aumento de la actividad mitocondrial. Una mayor funci\u00f3n mitocondrial tambi\u00e9n aumenta la tasa metab\u00f3lica en reposo y durante el ejercicio, y les permite mejorar la p\u00e9rdida de grasa.<\/li>\n<li><strong>Aumento de los recursos energ\u00e9ticos<\/strong><br \/>\nLos usuarios est\u00e1n m\u00e1s activos a lo largo del d\u00eda, ya que se mejora el metabolismo energ\u00e9tico de la energ\u00eda almacenada y se reduce el letargo. Adem\u00e1s, el SR-9009 genera una actividad adicional para el entrenamiento diario.<\/li>\n<li><strong>Recuperaci\u00f3n m\u00e1s r\u00e1pida<\/strong><br \/>\nLa mejora de la producci\u00f3n de energ\u00eda mitocondrial y del metabolismo permite que los m\u00fasculos se recuperen m\u00e1s r\u00e1pidamente del ejercicio y se entrenen con mayor frecuencia sin fatiga excesiva.<\/li>\n<li><strong>Favorece la salud metab\u00f3lica<\/strong><br \/>\nLa alta biodisponibilidad del SR-9009 en las mitocondrias hace que el reloj biol\u00f3gico interno y el metabolismo energ\u00e9tico funcionen mejor. Esto se traduce en un metabolismo m\u00e1s equilibrado a lo largo de todo el d\u00eda.<\/li>\n<li><strong>Acci\u00f3n no hormonal<\/strong><br \/>\nStenabolic (SR-9009) a la venta no es una hormona, por lo que no interfiere directamente con tus hormonas como lo hacen los esteroides. Esto reduce la posibilidad de efectos secundarios hormonales, al tiempo que proporciona beneficios para el metabolismo y el rendimiento.<\/li>\n<li><strong>Flexibilidad para diversos objetivos<\/strong><br \/>\nYa sea para aumentar la resistencia, perder grasa o ganar vitalidad, todo puede convertirse en el objetivo antes de la tan necesaria comida SR-9009, sin necesidad de dietas extremas ni cambios en el entrenamiento. Como se ha se\u00f1alado anteriormente, los resultados var\u00edan seg\u00fan la persona, y el f\u00e1rmaco puede adaptarse a los objetivos de fitness personales.<\/li>\n<\/ol>\n<p>Por \u00faltimo, si compras Stenabolic online, tiene el potencial de aumentar la resistencia, la energ\u00eda y la oxidaci\u00f3n de grasas de forma no hormonal. Es un recurso natural para aquellos que quieren mantener su f\u00edsico m\u00e1s delgado y tener m\u00e1s energ\u00eda para afrontar el d\u00eda.<\/p>\n<h2>Efectos secundarios de Stenabolic (SR9009)<\/h2>\n<p>Aunque se cree que el SR-9009 es m\u00e1s seguro que la mayor\u00eda de los dem\u00e1s f\u00e1rmacos anab\u00f3licos, sigue teniendo algunas reacciones no deseadas. Si conoce todos los efectos secundarios de Stenabolic, esto le ayudar\u00e1 a tomarlo de forma segura y eficaz. Echemos un vistazo a las reacciones adversas m\u00e1s comunes que puede esperar:<\/p>\n<ol>\n<li><strong>Fatiga leve<\/strong><br \/>\nLa fatiga es un efecto com\u00fan en muchos usuarios durante las primeras fases de uso. Cuando empiece a utilizar el SR-9009, se sentir\u00e1 cansado, pero se trata de una fatiga pasajera mientras su cuerpo se acostumbra al aumento de la producci\u00f3n de energ\u00eda. El cansancio suele desaparecer en unos pocos d\u00edas.<\/li>\n<li><strong>Molestias para dormir <\/strong><br \/>\nEl ritmo circadiano puede verse alterado por el SR-9009. Algunas personas han informado de cierta dificultad para conciliar el sue\u00f1o, lo que a veces resulta inquietante.<\/li>\n<li><strong>Molestias digestivas<\/strong><br \/>\nDespu\u00e9s de tomar Stenabolic SR-9009 con el est\u00f3mago vac\u00edo, se pueden sentir n\u00e1useas e hinchaz\u00f3n o incluso un ligero malestar estomacal. Si toma SR-9009 con un poco de comida o un aperitivo, deber\u00eda poder aliviar parte del dolor.<\/li>\n<li><strong>Dolores de cabeza <\/strong><br \/>\nAlgunos usuarios sufrir\u00e1n dolores de cabeza como resultado del uso de energ\u00eda y los cambios en el metabolismo. Es mejor beber agua y controlar la dosis para reducir este efecto secundario.<\/li>\n<li><strong>Aumento de la frecuencia card\u00edaca<\/strong><br \/>\nDebido al efecto energizante, algunas personas pueden sentir que su coraz\u00f3n late m\u00e1s r\u00e1pido durante el entrenamiento. En la mayor\u00eda de los casos, esto no es peligroso para las personas sanas, aunque es aconsejable prestar atenci\u00f3n a cualquier cambio cardiovascular.<\/li>\n<\/ol>\n<p>Todos los efectos secundarios de los SARM SR9009 son leves y se toleran muy bien cuando se utiliza la dosis y la programaci\u00f3n correctas. Si eres consciente de las respuestas de tu cuerpo, puedes beneficiarte de su consumo a medida que te adaptas a cualquier efecto adverso.<\/p>\n<h2>Dosis, duraci\u00f3n del ciclo y uso seguro del SR-9009 (Stenabolic)<\/h2>\n<p>Debe practicar el uso seguro del SR-9009 para sacar el m\u00e1ximo partido a esta sustancia con el menor n\u00famero de problemas. El hecho de que no sea un esteroide no significa que no pueda experimentar efectos secundarios leves o resultados ineficaces de Stenabolic si se utiliza de forma incorrecta.<\/p>\n<h3>Dosis recomendada<\/h3>\n<p>La dosis habitual de SR9009 oscila entre 10 y 30 mg al d\u00eda. Los usuarios novatos deben empezar por la dosis m\u00e1s baja de este espectro, es decir, 10 mg. Cuanto mayor sea la dosis, m\u00e1s fuertes ser\u00e1n los efectos y mayor el riesgo de efectos secundarios. En la mayor\u00eda de los casos, los usuarios informan de que toman la dosis diaria o recomendada dividi\u00e9ndola en dos tomas, una por la ma\u00f1ana y otra a primera hora de la tarde.<\/p>\n<h3>Duraci\u00f3n ideal del ciclo<\/h3>\n<p>Los ciclos t\u00edpicos de SR-9009 tienen una duraci\u00f3n de 6 a 8 semanas. No se recomienda superar la duraci\u00f3n de estos ciclos, ya que simplemente no hay suficientes estudios a largo plazo. Cuando termina un ciclo, los culturistas descansan para que sus cuerpos puedan limpiarse y descansar del f\u00e1rmaco. Empezar\u00e1 a notar mejoras en la resistencia, la energ\u00eda y el metabolismo de las grasas en las primeras semanas de uso.<\/p>\n<h3>Consejos para un uso seguro<\/h3>\n<p>El uso responsable del SR-9009 va m\u00e1s all\u00e1 de la simple selecci\u00f3n de la dosis o la duraci\u00f3n del ciclo. Unos h\u00e1bitos sencillos y estar atento a lo que ocurre en tu cuerpo pueden mejorar considerablemente los resultados y reducir el riesgo de efectos secundarios. A continuaci\u00f3n se indican los cinco h\u00e1bitos b\u00e1sicos que debes tener en cuenta al utilizar Stenabolic SARM durante tu ciclo:<\/p>\n<ul>\n<li>Encuentre la dosis m\u00ednima eficaz para usted, de modo que pueda evaluar el nivel de comodidad de su cuerpo antes de aumentar la dosis.<\/li>\n<li>Es habitual dividir las dosis entre la ma\u00f1ana y la primera hora de la tarde para mantener los niveles de energ\u00eda, mientras que se quema la eficacia del compuesto antes de acostarse para poder dormir normalmente.<\/li>\n<li>En concreto, busca signos de fatiga, dolores de cabeza y problemas digestivos para ajustar la dosis o el volumen de las dosis de forma adecuada.<\/li>\n<li>Beba mucha agua y coma comidas equilibradas para favorecer el metabolismo y reducir los efectos secundarios.<\/li>\n<li>Se recomienda realizar ciclos de 6 a 8 semanas para limitar el riesgo a largo plazo y permitir que el cuerpo se recupere.<\/li>\n<\/ul>\n<p>Si se respetan los niveles de dosificaci\u00f3n seguros y se hace un uso pr\u00e1ctico responsable, los atletas que compran SR9009 pueden minimizar los efectos secundarios. Una planificaci\u00f3n cuidadosa permite obtener m\u00e1s energ\u00eda, lo que hace que el compuesto sea m\u00e1s eficaz y manejable con el tiempo.<\/p>\n<h2>Stenabolic SR-9009 en combinaci\u00f3n con otros compuestos<\/h2>\n<p>Los atletas suelen combinarlo con otros f\u00e1rmacos para aumentar la resistencia o mejorar el rendimiento. Stenabolic SR 9009 SARM no es hormonal, por lo que se puede combinar con otros compuestos anab\u00f3licos y no anab\u00f3licos, dependiendo de sus objetivos individuales. Esto implica que los deportistas pueden crear combinaciones personalizadas que se adapten espec\u00edficamente a sus necesidades de entrenamiento y metabolismo.<\/p>\n<p>Una combinaci\u00f3n popular es SR-9009 con Cardarine (GW-501516). Ambos f\u00e1rmacos promueven la resistencia y el metabolismo de las grasas. Es ideal para un ciclo de corte o un entrenamiento m\u00e1s exigente. SR-9009 aumenta la generaci\u00f3n de energ\u00eda mitocondrial, mientras que Cardarine promueve un mejor uso del ox\u00edgeno para permitir un cardio prolongado y una p\u00e9rdida de grasa m\u00e1s r\u00e1pida.<\/p>\n<p>Puede comprar SR9009 ahora y combinarlo con Ostarine (MK-2866) o Ligandrol (LGD-4033). Ostarine es una antigua hormona de los SARM, que puede ayudarle a conservar la masa muscular magra durante un d\u00e9ficit cal\u00f3rico y con un apoyo adicional para la resistencia como SR-9009, lo que hace que Ostarine sea muy eficaz. En cuanto a la combinaci\u00f3n de SR-9009 y Ligandrol, los atletas pueden aprovechar los efectos anab\u00f3licos muy suaves con los potentes beneficios quemagrasas de SR-9009, lo que resulta ideal para el corte.<\/p>\n<h2>Errores comunes de los principiantes al usar Stenabolic (SR9009)<\/h2>\n<p>Muchos usuarios nuevos tienen grandes expectativas con respecto a Stenabolic, pero algunos tienden a olvidar algunas cosas que pueden cambiar sus resultados. Los atletas, especialmente los principiantes, tienden a cometer algunos errores comunes, como los siguientes:<\/p>\n<ol>\n<li><strong>Esperar efectos aproximados<\/strong><br \/>\nMuchas personas esperan que el SR-9009 act\u00fae como un esteroide anab\u00f3lico, lo que les dejar\u00e1 muy decepcionados. Stenabolic no es un anab\u00f3lico y no se menciona ning\u00fan aumento de masa muscular considerable en cuesti\u00f3n de d\u00edas.<\/li>\n<li><strong>Dosificaci\u00f3n irregular<\/strong><br \/>\nLos nuevos usuarios suelen tender a tomar SR-9009 a intervalos irregulares o a saltarse dosis porque el f\u00e1rmaco tiene una vida media corta. Esto dar\u00e1 lugar a resultados menos consistentes, lo que dificulta ver c\u00f3mo el f\u00e1rmaco est\u00e1 afectando al rendimiento.<\/li>\n<li><strong>Descuido de los factores generales del estilo de vida<\/strong><br \/>\nPor muy bueno que sea un compuesto, nunca podr\u00e1 compensar el impacto de los h\u00e1bitos generales de estilo de vida. A menudo se obtienen mayores beneficios del SR-9009 simplemente llevando una vida ordenada.<\/li>\n<li><strong>Combinar con poca experiencia<\/strong><br \/>\nSolemos ver a principiantes que combinan al azar el SARM Stenabolic SR9009 con un mont\u00f3n de otros compuestos sin comprender realmente lo que hace cada uno de ellos. Combinar compuestos sin pensar puede provocar efectos secundarios o incluso hacer que se pierdan los posibles beneficios.<\/li>\n<li><strong>Uso de medicamentos como ayuda r\u00e1pida para perder grasa<\/strong><br \/>\nAlgunas personas pueden llegar a depender excesivamente de este compuesto. Es posible que no comprendan realmente c\u00f3mo funciona un proceso auxiliar y no mantengan el control de las calor\u00edas. Aunque el SR-9009 puede favorecer el metabolismo de las grasas, no va a contrarrestar los efectos de ingerir demasiadas calor\u00edas.<\/li>\n<\/ol>\n<p>Si los principiantes tienen en cuenta estos errores cuando compran c\u00e1psulas de SR-9009 stenabolic, comprender\u00e1n el verdadero poder del f\u00e1rmaco. Ya sea de forma realista, como suplemento, con h\u00e1bitos diarios constantes, puede ser un gran complemento para su fase de definici\u00f3n.<\/p>\n","protected":false},"excerpt":{"rendered":"<p>Nombre Tipo Efectos principales Efectos secundarios Supresi\u00f3n de testosterona Ciclo t\u00edpico Ideal para Vida media Inicio \u00bfRequiere PCT? Toxicidad Andarine (S-4) SARM P\u00e9rdida de grasa, mayor definici\u00f3n muscular, aumento de fuerza Alteraciones visuales Media 6\u20138 semanas Cutting, recomposici\u00f3n ~4 horas 7\u201310 d\u00edas S\u00ed Baja Cardarine (GW-501516) Agonista PPAR\u03b4 Aumento de resistencia, oxidaci\u00f3n de grasa, mejora [&hellip;]<\/p>\n","protected":false},"featured_media":1779,"comment_status":"open","ping_status":"closed","template":"","meta":{"_acf_changed":false},"product_brand":[],"product_cat":[81,89,82,83,84,87,77],"product_tag":[],"class_list":{"0":"post-1778","1":"product","2":"type-product","3":"status-publish","4":"has-post-thumbnail","6":"product_cat-best-sarms-for-cutting-es","7":"product_cat-best-sarms-for-endurance-es","8":"product_cat-best-sarms-for-fat-loss-es","9":"product_cat-best-sarms-for-losing-weight-es","10":"product_cat-best-sarms-for-men-es","11":"product_cat-best-sarms-for-weight-loss-es","12":"product_cat-sarms","14":"first","15":"instock","16":"shipping-taxable","17":"purchasable","18":"product-type-variable"},"acf":[],"_links":{"self":[{"href":"https:\/\/sarms-sport.com\/es\/wp-json\/wp\/v2\/product\/1778","targetHints":{"allow":["GET"]}}],"collection":[{"href":"https:\/\/sarms-sport.com\/es\/wp-json\/wp\/v2\/product"}],"about":[{"href":"https:\/\/sarms-sport.com\/es\/wp-json\/wp\/v2\/types\/product"}],"replies":[{"embeddable":true,"href":"https:\/\/sarms-sport.com\/es\/wp-json\/wp\/v2\/comments?post=1778"}],"wp:featuredmedia":[{"embeddable":true,"href":"https:\/\/sarms-sport.com\/es\/wp-json\/wp\/v2\/media\/1779"}],"wp:attachment":[{"href":"https:\/\/sarms-sport.com\/es\/wp-json\/wp\/v2\/media?parent=1778"}],"wp:term":[{"taxonomy":"product_brand","embeddable":true,"href":"https:\/\/sarms-sport.com\/es\/wp-json\/wp\/v2\/product_brand?post=1778"},{"taxonomy":"product_cat","embeddable":true,"href":"https:\/\/sarms-sport.com\/es\/wp-json\/wp\/v2\/product_cat?post=1778"},{"taxonomy":"product_tag","embeddable":true,"href":"https:\/\/sarms-sport.com\/es\/wp-json\/wp\/v2\/product_tag?post=1778"}],"curies":[{"name":"wp","href":"https:\/\/api.w.org\/{rel}","templated":true}]}}