{"id":1783,"date":"2025-05-05T13:51:18","date_gmt":"2025-05-05T11:51:18","guid":{"rendered":"https:\/\/sarms-sport.com\/testolono-zillt-medicine-testolone-rad-140\/"},"modified":"2025-12-15T15:32:18","modified_gmt":"2025-12-15T14:32:18","slug":"testolono-zillt-medicine-testolone-rad-140","status":"publish","type":"product","link":"https:\/\/sarms-sport.com\/es\/testolono-zillt-medicine-testolone-rad-140\/","title":{"rendered":"Testolono Zillt Medicine (Testolone RAD-140)"},"content":{"rendered":"<table>\n<tbody>\n<tr>\n<td style=\"text-align: center;\"><strong>Nombre<\/strong><\/td>\n<td style=\"text-align: center;\"><strong>Tipo<\/strong><\/td>\n<td style=\"text-align: center;\"><strong>Efectos principales<\/strong><\/td>\n<td style=\"text-align: center;\"><strong>Efectos secundarios<\/strong><\/td>\n<td style=\"text-align: center;\"><strong>Supresi\u00f3n de testosterona<\/strong><\/td>\n<td style=\"text-align: center;\"><strong>Ciclo t\u00edpico<\/strong><\/td>\n<td style=\"text-align: center;\"><strong>Ideal para<\/strong><\/td>\n<td style=\"text-align: center;\"><strong>Vida media<\/strong><\/td>\n<td style=\"text-align: center;\"><strong>Inicio<\/strong><\/td>\n<td style=\"text-align: center;\"><strong>\u00bfRequiere PCT?<\/strong><\/td>\n<td style=\"text-align: center;\"><strong>Toxicidad<\/strong><\/td>\n<\/tr>\n<tr>\n<td style=\"text-align: center;\"><a href=\"https:\/\/sarms-sport.com\/es\/andarino-zillt-medicine-andarine-s4\/\"><strong>Andarine (S-4)<\/strong><\/a><\/td>\n<td style=\"text-align: center;\">SARM<\/td>\n<td style=\"text-align: center;\">P\u00e9rdida de grasa, mayor definici\u00f3n muscular, aumento de fuerza<\/td>\n<td style=\"text-align: center;\">Alteraciones visuales<\/td>\n<td style=\"text-align: center;\">Media<\/td>\n<td style=\"text-align: center;\">6\u20138 semanas<\/td>\n<td style=\"text-align: center;\">Cutting, recomposici\u00f3n<\/td>\n<td style=\"text-align: center;\">~4 horas<\/td>\n<td style=\"text-align: center;\">7\u201310 d\u00edas<\/td>\n<td style=\"text-align: center;\">S\u00ed<\/td>\n<td style=\"text-align: center;\">Baja<\/td>\n<\/tr>\n<tr>\n<td style=\"text-align: center;\"><a href=\"https:\/\/sarms-sport.com\/es\/cardarino-zillt-medicine-cardarine-gw-501516\/\"><strong>Cardarine (GW-501516)<\/strong><\/a><\/td>\n<td style=\"text-align: center;\">Agonista PPAR\u03b4<\/td>\n<td style=\"text-align: center;\">Aumento de resistencia, oxidaci\u00f3n de grasa, mejora del metabolismo<\/td>\n<td style=\"text-align: center;\">Riesgos potenciales a dosis altas<\/td>\n<td style=\"text-align: center;\">No<\/td>\n<td style=\"text-align: center;\">6\u201312 semanas<\/td>\n<td style=\"text-align: center;\">Cutting, resistencia<\/td>\n<td style=\"text-align: center;\">16\u201324 horas<\/td>\n<td style=\"text-align: center;\">3\u20135 d\u00edas<\/td>\n<td style=\"text-align: center;\">No<\/td>\n<td style=\"text-align: center;\">Muy baja<\/td>\n<\/tr>\n<tr>\n<td style=\"text-align: center;\"><a href=\"https:\/\/sarms-sport.com\/es\/ibutamoreno-zillt-medicine-ibutamoren-mk-677\/\"><strong>Ibutamoren (MK-677)<\/strong><\/a><\/td>\n<td style=\"text-align: center;\">Secretagogo de GH<\/td>\n<td style=\"text-align: center;\">Aumenta GH\/IGF-1, recuperaci\u00f3n, mejora del sue\u00f1o<\/td>\n<td style=\"text-align: center;\">Aumento del apetito, retenci\u00f3n de agua<\/td>\n<td style=\"text-align: center;\">No<\/td>\n<td style=\"text-align: center;\">8\u201316 semanas<\/td>\n<td style=\"text-align: center;\">Volumen, recuperaci\u00f3n<\/td>\n<td style=\"text-align: center;\">20\u201324 horas<\/td>\n<td style=\"text-align: center;\">5\u20137 d\u00edas<\/td>\n<td style=\"text-align: center;\">No<\/td>\n<td style=\"text-align: center;\">Baja<\/td>\n<\/tr>\n<tr>\n<td style=\"text-align: center;\"><a href=\"https:\/\/sarms-sport.com\/es\/ligandrolo-zillt-medicine-ligandrol-lgd-4033\/\"><strong>Ligandrol (LGD-4033)<\/strong><\/a><\/td>\n<td style=\"text-align: center;\">SARM<\/td>\n<td style=\"text-align: center;\">Aumento de masa y fuerza, mejor recuperaci\u00f3n<\/td>\n<td style=\"text-align: center;\">Fuerte supresi\u00f3n<\/td>\n<td style=\"text-align: center;\">Alta<\/td>\n<td style=\"text-align: center;\">6\u20138 semanas<\/td>\n<td style=\"text-align: center;\">Volumen<\/td>\n<td style=\"text-align: center;\">24\u201336 horas<\/td>\n<td style=\"text-align: center;\">7\u201310 d\u00edas<\/td>\n<td style=\"text-align: center;\">S\u00ed<\/td>\n<td style=\"text-align: center;\">Baja<\/td>\n<\/tr>\n<tr>\n<td style=\"text-align: center;\"><a href=\"https:\/\/sarms-sport.com\/es\/ostarino-zillt-medicine-ostarine-mk-2866\/\"><strong>Ostarine (MK-2866)<\/strong><\/a><\/td>\n<td style=\"text-align: center;\">SARM<\/td>\n<td style=\"text-align: center;\">Masa magra, soporte articular, recomposici\u00f3n leve<\/td>\n<td style=\"text-align: center;\">Supresi\u00f3n leve<\/td>\n<td style=\"text-align: center;\">Baja<\/td>\n<td style=\"text-align: center;\">6\u20138 semanas<\/td>\n<td style=\"text-align: center;\">Recomposici\u00f3n<\/td>\n<td style=\"text-align: center;\">24 horas<\/td>\n<td style=\"text-align: center;\">10\u201314 d\u00edas<\/td>\n<td style=\"text-align: center;\">No<\/td>\n<td style=\"text-align: center;\">Muy baja<\/td>\n<\/tr>\n<tr>\n<td style=\"text-align: center;\"><a href=\"https:\/\/sarms-sport.com\/es\/s23-zillt-medicine-mastorin-s23\/\"><strong>S-23<\/strong><\/a><\/td>\n<td style=\"text-align: center;\">SARM potente<\/td>\n<td style=\"text-align: center;\">Fuerza, m\u00fasculo seco y denso, fuerte efecto de endurecimiento<\/td>\n<td style=\"text-align: center;\">Supresi\u00f3n muy fuerte<\/td>\n<td style=\"text-align: center;\">Muy alta<\/td>\n<td style=\"text-align: center;\">4\u20136 semanas<\/td>\n<td style=\"text-align: center;\">Cutting avanzado, fuerza<\/td>\n<td style=\"text-align: center;\">~12 horas<\/td>\n<td style=\"text-align: center;\">3\u20137 d\u00edas<\/td>\n<td style=\"text-align: center;\">S\u00ed<\/td>\n<td style=\"text-align: center;\">Moderada<\/td>\n<\/tr>\n<tr>\n<td style=\"text-align: center;\"><a href=\"https:\/\/sarms-sport.com\/es\/stenabolo-zillt-medicine-stenabolic-sr-9009\/\"><strong>Stenabolic (SR-9009)<\/strong><\/a><\/td>\n<td style=\"text-align: center;\">Agonista Rev-ERB<\/td>\n<td style=\"text-align: center;\">Mejora del metabolismo, p\u00e9rdida de grasa, resistencia<\/td>\n<td style=\"text-align: center;\">Necesita dosificaci\u00f3n frecuente<\/td>\n<td style=\"text-align: center;\">No<\/td>\n<td style=\"text-align: center;\">6\u201310 semanas<\/td>\n<td style=\"text-align: center;\">Cutting<\/td>\n<td style=\"text-align: center;\">1\u20132 horas<\/td>\n<td style=\"text-align: center;\">2\u20134 d\u00edas<\/td>\n<td style=\"text-align: center;\">No<\/td>\n<td style=\"text-align: center;\">Muy baja<\/td>\n<\/tr>\n<tr>\n<td style=\"text-align: center;\"><a href=\"https:\/\/sarms-sport.com\/es\/testolono-zillt-medicine-testolone-rad-140\/\"><strong>Testolone (RAD-140)<\/strong><\/a><\/td>\n<td style=\"text-align: center;\">SARM<\/td>\n<td style=\"text-align: center;\">Aumento de fuerza, masa muscular, efecto anticatab\u00f3lico<\/td>\n<td style=\"text-align: center;\">Supresi\u00f3n, irritabilidad<\/td>\n<td style=\"text-align: center;\">Alta<\/td>\n<td style=\"text-align: center;\">6\u20138 semanas<\/td>\n<td style=\"text-align: center;\">Volumen, fuerza<\/td>\n<td style=\"text-align: center;\">~60 horas<\/td>\n<td style=\"text-align: center;\">5\u20137 d\u00edas<\/td>\n<td style=\"text-align: center;\">S\u00ed<\/td>\n<td style=\"text-align: center;\">Baja\u2013media<\/td>\n<\/tr>\n<tr>\n<td style=\"text-align: center;\"><a href=\"https:\/\/sarms-sport.com\/es\/yk-11-zillt-medicine-myostan-yk11\/\"><strong>YK-11<\/strong><\/a><\/td>\n<td style=\"text-align: center;\">Inhibidor de miostatina<\/td>\n<td style=\"text-align: center;\">R\u00e1pido aumento de fuerza, hipertrofia acelerada, masa densa<\/td>\n<td style=\"text-align: center;\">Estr\u00e9s hep\u00e1tico, agresividad<\/td>\n<td style=\"text-align: center;\">Alta<\/td>\n<td style=\"text-align: center;\">4\u20138 semanas<\/td>\n<td style=\"text-align: center;\">Volumen, fuerza<\/td>\n<td style=\"text-align: center;\">6\u201310 horas<\/td>\n<td style=\"text-align: center;\">5\u20137 d\u00edas<\/td>\n<td style=\"text-align: center;\">S\u00ed<\/td>\n<td style=\"text-align: center;\">Media\u2013alta<\/td>\n<\/tr>\n<\/tbody>\n<\/table>\n<h2>\u00bfQu\u00e9 es Testolone (RAD-140)?<\/h2>\n<p>RAD 140 Testolone es un nuevo SARM no esteroideo. Es un f\u00e1rmaco que tiene como objetivo producir un potente efecto anab\u00f3lico con efectos hormonales colaterales m\u00ednimos. Originalmente se dise\u00f1\u00f3 para uso cl\u00ednico en el mantenimiento y el crecimiento de la masa muscular. Pero eso no quiere decir que RAD-140 no se est\u00e9 promocionando ahora tambi\u00e9n como suplemento para el fitness, entre la comunidad de culturistas y atletas, por sus beneficios para el rendimiento.<\/p>\n<p>El RAD-140 fue investigado inicialmente por cient\u00edficos para tratar la p\u00e9rdida y la debilidad muscular relacionadas con el envejecimiento. En los primeros ensayos, el RAD-140 demostr\u00f3 su eficacia en la preservaci\u00f3n de la masa magra. Es probable que ese pedigr\u00ed como agente terap\u00e9utico tambi\u00e9n sustente gran parte del atractivo entre los usuarios para utilizar el RAD-140 en ciclos reales. Lo que distingue al SARM RAD 140 de otros SARM es su enfoque en concentrar las acciones para ganar fuerza y tama\u00f1o en las \u00e1reas m\u00e1s pertinentes imaginables.<\/p>\n<h2>C\u00f3mo funciona el RAD-140 Testolone<\/h2>\n<p>El RAD-140 es un modulador selectivo de los receptores androg\u00e9nicos que solo afecta a los receptores androg\u00e9nicos situados en los huesos y los m\u00fasculos. El RAD-140 no tiene una influencia sist\u00e9mica en las hormonas como los esteroides convencionales. Cuando se consume RAD-140, el f\u00e1rmaco se une selectivamente a los receptores androg\u00e9nicos y mejora la s\u00edntesis de prote\u00ednas junto con la retenci\u00f3n de nitr\u00f3geno. Retener m\u00e1s nitr\u00f3geno es esencial para que el tejido muscular se recupere, se vuelva resistente y crezca despu\u00e9s de un entrenamiento intenso.<\/p>\n<p>A los atletas les gusta especialmente la eficacia del RAD 140 a la venta, y hay pruebas evidentes de que funciona para proporcionar ganancias incluso cuando hay un d\u00e9ficit cal\u00f3rico, por lo que es perfecto para ciclos de corte o recomposici\u00f3n. A continuaci\u00f3n se presentan datos importantes sobre algunos de los principales efectos del RAD-140 en el organismo:<\/p>\n<ul>\n<li>Fomenta la s\u00edntesis de prote\u00ednas, lo que conduce a un aumento m\u00e1s r\u00e1pido de la masa muscular magra.<\/li>\n<li>El f\u00e1rmaco mantiene la masa muscular cuando se est\u00e1 en d\u00e9ficit cal\u00f3rico.<\/li>\n<li>La testolona mejora el rendimiento de resistencia tanto a alta como a moderada intensidad, lo que le permite hacer ejercicio durante m\u00e1s tiempo y con mayor intensidad.<\/li>\n<li>Acorta el tiempo de recuperaci\u00f3n despu\u00e9s de un ejercicio intenso.<\/li>\n<li>Mejora la resistencia \u00f3sea con menos dolor y lesiones en la sala de pesas.<\/li>\n<\/ul>\n<p>Si sabes c\u00f3mo funciona el SARM RAD 140, podr\u00e1s utilizarlo de forma eficaz en tu r\u00e9gimen y obtener m\u00e1s beneficios de tu entrenamiento.<\/p>\n<h2>Beneficios de RAD-140 Testolone<\/h2>\n<p>El RAD-140 ha recibido buenas cr\u00edticas porque se dice que permite obtener resultados reales y pr\u00e1cticos sin sobrecargar el cuerpo. En las manos adecuadas, es un amigo de confianza que apenas notar\u00e1s que forma parte de tu r\u00e9gimen.<\/p>\n<p>Estos son los principales beneficios de Testolone RAD 140 que los atletas afirman ver habitualmente, cada uno de ellos centrado en un beneficio tangible y medible de la forma m\u00e1s sencilla posible:<\/p>\n<ol>\n<li><strong>Gran aumento del crecimiento muscular<\/strong><br \/>\nEl f\u00e1rmaco puede producir aumentos visibles en el grosor de los m\u00fasculos en muchos casos en tan solo unas semanas de uso. Testolone RAD 140 puede ayudarte a ganar masa muscular de forma visible y en el gimnasio.<\/li>\n<li><strong>Aumento significativo de la fuerza<\/strong><br \/>\nEs posible que te sorprendas al encontrarte cargando la barra con discos mucho m\u00e1s pesados de lo que esperabas. La sustancia te facilita la producci\u00f3n de fuerza, por lo que te vuelves m\u00e1s r\u00e1pido y fuerte en actividades desafiantes.<\/li>\n<li><strong>Conservaci\u00f3n muscular<\/strong><br \/>\nCuando se reduce el consumo cal\u00f3rico, la masa muscular suele ser lo primero que se reduce. Testolone RAD-140 te ayudar\u00e1 a conservar un poco de tama\u00f1o para mantener tu forma m\u00e1s completa mientras tienes un d\u00e9ficit cal\u00f3rico.<\/li>\n<li><strong>Mayor capacidad para hacer ejercicio<\/strong><br \/>\nEl ejercicio resulta m\u00e1s productivo porque la fatiga llega m\u00e1s tarde, por lo que puedes aumentar el volumen o la intensidad sin preocuparte por el sobreentrenamiento.<\/li>\n<li><strong>R\u00e1pida recuperaci\u00f3n entre sesiones<\/strong><br \/>\nDespu\u00e9s de entrenamientos m\u00e1s exigentes, tus m\u00fasculos son capaces de recuperarse m\u00e1s r\u00e1pido. El tiempo de recuperaci\u00f3n m\u00e1s corto permite progresar en tu programa de entrenamiento y volver a la rutina m\u00e1s r\u00e1pidamente.<\/li>\n<li><strong>Mejora de la densidad \u00f3sea<\/strong><br \/>\nLos medicamentos a un precio razonable de RAD 140 de nuestra tienda pueden ayudar a aumentar la densidad y la resistencia \u00f3sea, especialmente al levantar peso. Te sentir\u00e1s m\u00e1s seguro y capaz de entrenar y levantar m\u00e1s peso cuando sepas que tu esqueleto te sostiene, y no solo tus m\u00fasculos.<\/li>\n<li><strong>Mayor concentraci\u00f3n y motivaci\u00f3n mental<\/strong><br \/>\nPonerse en forma durante el entrenamiento acompa\u00f1a a este efecto, y tambi\u00e9n parecer\u00e1 m\u00e1s motivado durante sus sesiones de entrenamiento. RAD-140 puede mejorar la concentraci\u00f3n y mantenerle comprometido, en consonancia con sus objetivos de entrenamiento.<\/li>\n<\/ol>\n<p>Si sumas todo esto, es lo que hace que RAD-140 Testolone sea una buena opci\u00f3n para el rendimiento deportivo, una fase de dieta para tonificar los m\u00fasculos y cualquier entrenamiento en el que quieras obtener una ventaja sin recurrir a anab\u00f3licos fuertes.<\/p>\n<h2>Efectos secundarios de Testolone (RAD-140)<\/h2>\n<p>Al igual que otros compuestos fuertes, el RAD-140 tambi\u00e9n puede provocar efectos secundarios si se utiliza de forma irresponsable. Debes tener al menos una idea de cu\u00e1l es el peligro, para poder ajustar la dosis a lo que tu cuerpo puede tolerar y mantenerte seguro. Estos son los efectos secundarios comunes de Testolone (RAD-140) que pueden sufrir los atletas:<\/p>\n<ol>\n<li><strong>Efectos hormonales<\/strong><br \/>\nSi realiza un ciclo un poco largo o toma m\u00e1s de lo que deber\u00eda, puede experimentar una supresi\u00f3n de su producci\u00f3n natural de testosterona. Estos cambios en el estado de \u00e1nimo, la energ\u00eda o la libido hacen que sea importante estar atento a su salud hormonal y controlar su hormona testosterona.<\/li>\n<li><strong>Estr\u00e9s hep\u00e1tico <\/strong><br \/>\nEl RAD-140 se metaboliza en el h\u00edgado, y la carga sobre este \u00f3rgano puede no ser muy agradable al cabo de un tiempo. Puede proteger su h\u00edgado si no bebe alcohol, se mantiene dentro de las dosis recomendadas y controla la funci\u00f3n hep\u00e1tica con an\u00e1lisis de laboratorio.<\/li>\n<li><strong>Efectos cardiovasculares <\/strong><br \/>\nAlgunas personas han detectado peque\u00f1os cambios en la presi\u00f3n arterial o el colesterol debido al RAD 140 Testolone SARM. Tambi\u00e9n puede reducir el riesgo siguiendo una dieta saludable para el coraz\u00f3n. Es esencial realizar actividad f\u00edsica con regularidad y controlar los marcadores sangu\u00edneos durante el ciclo.<\/li>\n<li><strong>Sue\u00f1o y fatiga<\/strong><br \/>\nDe vez en cuando, puede verse afectado por un trastorno del sue\u00f1o inesperado. Si esto ocurre, escuche a su cuerpo y, si es necesario, reduzca la intensidad del entrenamiento o la dosis. Esto es ideal para prevenir el agotamiento.<\/li>\n<li><strong>Estado de \u00e1nimo y estado mental<\/strong><br \/>\nTambi\u00e9n hay efectos secundarios del RAD-140 Testolone relacionados con cambios en el estado de \u00e1nimo o la claridad mental. Si es as\u00ed, es fundamental que seas consciente de tu estado mental y que hables con tu m\u00e9dico sobre cualquier preocupaci\u00f3n. Esto te ayudar\u00e1 a mantenerte al d\u00eda tanto en tu rendimiento como en tu bienestar.<\/li>\n<\/ol>\n<p>Teniendo en cuenta todos estos s\u00edntomas, deber\u00eda poder utilizar Testolone RAD 140 de forma segura y responsable. Est\u00e9 atento a su estado y siga las pautas. Esto le permitir\u00e1 controlar los efectos secundarios negativos menores.<\/p>\n<h2>Dosis, duraci\u00f3n del ciclo y uso seguro de RAD-140 (Testolone)<\/h2>\n<p>La dosificaci\u00f3n y la gesti\u00f3n del ciclo de RAD-140 son factores importantes para obtener resultados sin demasiados riesgos. Esta informaci\u00f3n, como la cantidad que se debe tomar durante al menos varios d\u00edas o semanas del ciclo, puede ayudar a mantener los beneficios y proteger la salud, y es muy importante.<\/p>\n<h3>Dosis recomendada<\/h3>\n<p>La mayor\u00eda de los principiantes que comienzan con RAD-140 (Testolone) suelen empezar con 15 mg y luego van aumentando la dosis. Siempre es mejor empezar con una dosis baja para que el cuerpo se acostumbre al nuevo compuesto. Los usuarios principiantes pueden empezar con una dosis m\u00e1s baja o con la dosis completa, seg\u00fan se sientan c\u00f3modos. Estos son consejos maravillosos, pero cuando se trata del uso de compuestos, superar los l\u00edmites de dosis recomendados no es beneficioso.<\/p>\n<h3>Duraci\u00f3n ideal del ciclo<\/h3>\n<p>Un ciclo t\u00edpico de RAD-140 oscila entre 6 y 10 semanas, dependiendo de los objetivos. Los ciclos m\u00e1s cortos suelen ser suficientes para ganar masa muscular magra y mejorar la fuerza. Los ciclos m\u00e1s largos pueden mejorar la resistencia o los resultados de recomposici\u00f3n corporal. Sin embargo, prolongar excesivamente el ciclo de RAD-140 puede provocar la supresi\u00f3n hormonal, por lo que las pautas sobre la duraci\u00f3n del ciclo son fundamentales para un uso seguro.<\/p>\n<h3>Uso seguro y consejos<\/h3>\n<p>La seguridad en el uso de RAD-140 consiste en escuchar a tu cuerpo y tu entrenamiento. Puedes identificar cualquier problema de forma temprana mediante an\u00e1lisis de sangre peri\u00f3dicos para controlar tus hormonas, de modo que puedas ajustar tu ciclo antes de que los desequilibrios sean lo suficientemente fuertes como para causar problemas. Nunca debes mezclar Testolone SARM RAD 140 con otras sustancias o compuestos si no est\u00e1s 100 % seguro. Tambi\u00e9n vale la pena se\u00f1alar que una PCT eficaz es un gran paso a dar antes de empezar.<\/p>\n<p><strong>A continuaci\u00f3n se ofrecen cinco consejos pr\u00e1cticos para utilizar RAD-140 de forma segura para culturistas:<\/strong><\/p>\n<ul>\n<li>Controle sus niveles hormonales con an\u00e1lisis de sangre peri\u00f3dicos.<\/li>\n<li>Siga una dieta saludable y deje de consumir alcohol para minimizar los riesgos para la salud de su h\u00edgado y su coraz\u00f3n.<\/li>\n<li>No combine el suplemento RAD 140 con otros compuestos sin determinar primero los efectos generales.<\/li>\n<li>Prioriza el descanso, la hidrataci\u00f3n y la recuperaci\u00f3n para mantener un rendimiento constante.<\/li>\n<li>Una vez completado el ciclo de RAD-140, aseg\u00farate de recuperar tus hormonas naturales con la terapia post-ciclo adecuada.<\/li>\n<\/ul>\n<p>Si sigue lo mencionado anteriormente, se beneficiar\u00e1 del medicamento al mejor precio de Testolone RAD 140 y reducir\u00e1 los riesgos. Pero escuchar a su cuerpo tambi\u00e9n podr\u00eda ayudarle a obtener ganancias de entrenamiento sostenibles y efectivas.<\/p>\n<h2>Testolone RAD 140 en combinaci\u00f3n con otros compuestos<\/h2>\n<p>Si combina RAD-140 con otras sustancias, sea cauteloso y reflexivo al respecto. Muchos atletas lo combinan con SARM m\u00e1s suaves, como Ostarine (MK-2866), para mantener la masa muscular mientras reducen grasa y tambi\u00e9n experimentan el beneficio de una mayor resistencia. Este tipo de combinaci\u00f3n de SARM le permitir\u00e1 mantener la fuerza sin sobrecargar excesivamente su sistema hormonal.<\/p>\n<p>Para los ciclos de aumento de masa, Testolone EAD-140 se combina bien con compuestos dise\u00f1ados para promover un crecimiento muscular a\u00fan mayor, como Ligandrol (LGD-4033) o YK11. La combinaci\u00f3n de estas sustancias permite aprovechar las mejores caracter\u00edsticas de ambas, y adem\u00e1s a un ritmo m\u00e1s r\u00e1pido, lo que conduce a un aumento muscular m\u00e1s r\u00e1pido. Siempre que combines cualquier sustancia, recuerda comenzar con la dosis m\u00e1s baja y observar c\u00f3mo reacciona tu cuerpo antes de aumentar la dosis o la intensidad.<\/p>\n<p>Por lo general, es mejor evitar combinar m\u00e1s de un SARM fuerte o un esteroide anab\u00f3lico con RAD 140 Testolone SARMs si no tienes experiencia. La combinaci\u00f3n, especialmente cuando se alcanzan dosis altas, tambi\u00e9n puede causar efectos secundarios que van desde una simple presi\u00f3n en las articulaciones hasta un desequilibrio hormonal o un aumento de los niveles de enzimas hep\u00e1ticas. Realice un seguimiento de su progreso en el entrenamiento, ajuste las dosis seg\u00fan sea necesario en funci\u00f3n de c\u00f3mo responda su cuerpo y cuide bien su organismo con una buena nutrici\u00f3n y recuperaci\u00f3n, para combinar compuestos de forma bastante segura.<\/p>\n<h2>Errores comunes de los principiantes al usar Testolone (RAD-140)<\/h2>\n<p>Empezar a ciegas sin una gu\u00eda te llevar\u00e1 sin duda a cometer errores y a obtener malos resultados con Testolone RAD 140 antes y despu\u00e9s. Lo que no hagas es lo que te mantendr\u00e1 a salvo y te permitir\u00e1 sacar el m\u00e1ximo partido a tu entrenamiento. Obtendr\u00e1s el m\u00e1ximo rendimiento si evitas los siguientes errores:<\/p>\n<ol>\n<li><strong>C\u00e1lculos err\u00f3neos de la dosis<\/strong><br \/>\nLa mayor\u00eda de las personas que se exceden empiezan con una dosis demasiado alta, esperando que les d\u00e9 resultados m\u00e1s r\u00e1pidos. Esto aumenta significativamente la posibilidad de efectos secundarios, as\u00ed como la alteraci\u00f3n de la recuperaci\u00f3n hormonal natural. Es aconsejable empezar con una dosis moderada del medicamento original. Si no sabes d\u00f3nde comprar RAD 140, \u00a1nuestra tienda es la mejor opci\u00f3n!<\/li>\n<li><strong>No planificar el ciclo<\/strong><br \/>\nMuy pocas personas que han utilizado RAD-140 se molestan en planificar un ciclo. Esto hace que las personas obtengan resultados por debajo de lo esperado con el f\u00e1rmaco. La planificaci\u00f3n del ciclo es importante para asegurarse de que lo est\u00e1 utilizando en el momento adecuado, que lo utiliza durante el tiempo suficiente y que pasa del uso al modo de recuperaci\u00f3n post-ciclo sin complicaciones interminables.<\/li>\n<li><strong>Descuidar la terapia post ciclo<\/strong><br \/>\nNo realizar la PCT puede alterar su producci\u00f3n natural de testosterona. Si no tiene un plan de recuperaci\u00f3n, podr\u00eda perder todo por lo que ha trabajado y sufrir trastornos hormonales.<\/li>\n<li><strong>Mala nutrici\u00f3n y recuperaci\u00f3n<\/strong><br \/>\nIncluso los compuestos m\u00e1s potentes no funcionar\u00e1n eficazmente con una dieta y un enfoque del descanso deficientes. Si no das prioridad a la recuperaci\u00f3n y no ingieres suficientes calor\u00edas, limitar\u00e1s tu fuerza y tu desarrollo muscular.<\/li>\n<li><strong>Ignorar las se\u00f1ales del cuerpo<\/strong><br \/>\nA veces, los principiantes ignoran las se\u00f1ales de alerta, como la fatiga, los cambios de humor o el dolor en las articulaciones, porque no saben qu\u00e9 es RAD 140 Testolone y c\u00f3mo funciona. Es mejor estar atento a tu cuerpo y ajustar regularmente tu r\u00e9gimen para disminuir las posibilidades de problemas a largo plazo.<\/li>\n<\/ol>\n<p>Evitar estos errores har\u00e1 que tu ciclo de RAD-140 sea m\u00e1s seguro y eficaz. Obtendr\u00e1s mejores resultados con menos riesgos y lograr\u00e1s los mejores resultados de culturismo en tu ciclo.<\/p>\n","protected":false},"excerpt":{"rendered":"<p>Nombre Tipo Efectos principales Efectos secundarios Supresi\u00f3n de testosterona Ciclo t\u00edpico Ideal para Vida media Inicio \u00bfRequiere PCT? Toxicidad Andarine (S-4) SARM P\u00e9rdida de grasa, mayor definici\u00f3n muscular, aumento de fuerza Alteraciones visuales Media 6\u20138 semanas Cutting, recomposici\u00f3n ~4 horas 7\u201310 d\u00edas S\u00ed Baja Cardarine (GW-501516) Agonista PPAR\u03b4 Aumento de resistencia, oxidaci\u00f3n de grasa, mejora [&hellip;]<\/p>\n","protected":false},"featured_media":1784,"comment_status":"open","ping_status":"closed","template":"","meta":{"_acf_changed":false},"product_brand":[],"product_cat":[79,80,91,84,85,86,93,77],"product_tag":[],"class_list":{"0":"post-1783","1":"product","2":"type-product","3":"status-publish","4":"has-post-thumbnail","6":"product_cat-best-sarms-for-bodybuilding-es","7":"product_cat-best-sarms-for-building-muscle-es","8":"product_cat-best-sarms-for-bulking-es","9":"product_cat-best-sarms-for-men-es","10":"product_cat-best-sarms-for-muscle-gain-es","11":"product_cat-best-sarms-for-muscle-growth-es","12":"product_cat-best-sarms-for-strength-es","13":"product_cat-sarms","15":"first","16":"instock","17":"shipping-taxable","18":"purchasable","19":"product-type-variable"},"acf":[],"_links":{"self":[{"href":"https:\/\/sarms-sport.com\/es\/wp-json\/wp\/v2\/product\/1783","targetHints":{"allow":["GET"]}}],"collection":[{"href":"https:\/\/sarms-sport.com\/es\/wp-json\/wp\/v2\/product"}],"about":[{"href":"https:\/\/sarms-sport.com\/es\/wp-json\/wp\/v2\/types\/product"}],"replies":[{"embeddable":true,"href":"https:\/\/sarms-sport.com\/es\/wp-json\/wp\/v2\/comments?post=1783"}],"wp:featuredmedia":[{"embeddable":true,"href":"https:\/\/sarms-sport.com\/es\/wp-json\/wp\/v2\/media\/1784"}],"wp:attachment":[{"href":"https:\/\/sarms-sport.com\/es\/wp-json\/wp\/v2\/media?parent=1783"}],"wp:term":[{"taxonomy":"product_brand","embeddable":true,"href":"https:\/\/sarms-sport.com\/es\/wp-json\/wp\/v2\/product_brand?post=1783"},{"taxonomy":"product_cat","embeddable":true,"href":"https:\/\/sarms-sport.com\/es\/wp-json\/wp\/v2\/product_cat?post=1783"},{"taxonomy":"product_tag","embeddable":true,"href":"https:\/\/sarms-sport.com\/es\/wp-json\/wp\/v2\/product_tag?post=1783"}],"curies":[{"name":"wp","href":"https:\/\/api.w.org\/{rel}","templated":true}]}}