{"id":848,"date":"2025-04-14T15:45:26","date_gmt":"2025-04-14T13:45:26","guid":{"rendered":"https:\/\/sarms-sport.com\/lieferung-2\/"},"modified":"2025-11-18T19:14:37","modified_gmt":"2025-11-18T18:14:37","slug":"livrasion","status":"publish","type":"page","link":"https:\/\/sarms-sport.com\/fr\/livrasion\/","title":{"rendered":"Lieferung"},"content":{"rendered":"\n<h1 class=\"wp-block-heading\">Commande et livraison de SARMs en Europe<\/h1>\n\n\n\n<p>Livraison rapide, s\u00fbre et pratique partout en Europe directement chez vous<\/p>\n\n\n\n<p><strong>Comment passer une commande :<\/strong><strong><br><\/strong> Vous pouvez commander vos SARMs rapidement et facilement sur notre site web. Pour cela, rendez-vous dans le catalogue des produits, s\u00e9lectionnez l\u2019article d\u00e9sir\u00e9 et ajoutez-le \u00e0 votre panier. Ensuite, compl\u00e9tez le formulaire en indiquant votre adresse de livraison et vos coordonn\u00e9es. Une fois la commande valid\u00e9e, vous recevrez une confirmation ainsi qu\u2019un num\u00e9ro de suivi pour votre colis.<\/p>\n\n\n\n<p><strong>Particularit\u00e9s de livraison dans certains pays :<\/strong><\/p>\n\n\n\n<ul class=\"wp-block-list\">\n<li><strong>Allemagne, Autriche, Pays-Bas, Belgique, France :<\/strong><strong><br><\/strong>\n<ul class=\"wp-block-list\">\n<li>D\u00e9lai moyen : 7 \u00e0 19 jours ouvr\u00e9s<br><\/li>\n\n\n\n<li>Tarif : entre 35 et 40 euros selon le poids du colis et le transporteur choisi.<br><\/li>\n<\/ul>\n<\/li>\n\n\n\n<li><strong>Italie, Espagne, Portugal :<\/strong><strong><br><\/strong>\n<ul class=\"wp-block-list\">\n<li>D\u00e9lai moyen : 7 \u00e0 19 jours ouvr\u00e9s<br><\/li>\n\n\n\n<li>Tarif : de 38 \u00e0 45 euros.<br><\/li>\n<\/ul>\n<\/li>\n\n\n\n<li><strong>Pays scandinaves (Su\u00e8de, Norv\u00e8ge, Finlande, Danemark) :<\/strong><strong><br><\/strong>\n<ul class=\"wp-block-list\">\n<li>D\u00e9lai moyen : 7 \u00e0 19 jours ouvr\u00e9s<br><\/li>\n\n\n\n<li>Tarif : \u00e0 partir de 40 euros selon le poids et le transporteur.<br><\/li>\n<\/ul>\n<\/li>\n\n\n\n<li><strong>Europe centrale et de l&rsquo;Est (Pologne, R\u00e9publique tch\u00e8que, Hongrie, Slovaquie, pays baltes) :<\/strong><strong><br><\/strong>\n<ul class=\"wp-block-list\">\n<li>D\u00e9lai : 7 \u00e0 19 jours ouvr\u00e9s<br><\/li>\n\n\n\n<li>Tarif : entre 35 et 40 euros.<br><\/li>\n<\/ul>\n<\/li>\n<\/ul>\n\n\n\n<p><strong>Garanties et responsabilit\u00e9 :<\/strong><strong><br><\/strong> Nous garantissons une confidentialit\u00e9 totale de votre commande ainsi qu&rsquo;un emballage s\u00e9curis\u00e9 de tous les produits. Tous nos colis sont assur\u00e9s et peuvent \u00eatre suivis \u00e0 tout moment. En cas de perte ou de dommages occasionn\u00e9s par le transporteur, nous prenons en charge l&rsquo;int\u00e9gralit\u00e9 de la commande en vous remboursant int\u00e9gralement ou en vous renvoyant gratuitement votre commande.<\/p>\n\n\n\n<p><strong>Moyens de paiement :<\/strong><\/p>\n\n\n\n<ul class=\"wp-block-list\">\n<li>Carte bancaire (Visa, MasterCard)<br><\/li>\n\n\n\n<li>Virement bancaire (pour particuliers et professionnels)<br><\/li>\n<\/ul>\n\n\n\n<p>Apr\u00e8s paiement, vous recevez automatiquement une confirmation de paiement et un re\u00e7u \u00e9lectronique \u00e0 l\u2019adresse e-mail indiqu\u00e9e lors de la commande.<\/p>\n\n\n\n<p>Si vous avez des questions suppl\u00e9mentaires concernant la livraison ou le processus de commande, notre service client reste toujours \u00e0 votre disposition.<\/p>\n","protected":false},"excerpt":{"rendered":"<p>Commande et livraison de SARMs en Europe Livraison rapide, s\u00fbre et pratique partout en Europe directement chez vous Comment passer une commande : Vous pouvez commander vos SARMs rapidement et facilement sur notre site web. Pour cela, rendez-vous dans le catalogue des produits, s\u00e9lectionnez l\u2019article d\u00e9sir\u00e9 et ajoutez-le \u00e0 votre panier. Ensuite, compl\u00e9tez le formulaire [&hellip;]<\/p>\n","protected":false},"author":1,"featured_media":0,"parent":0,"menu_order":0,"comment_status":"closed","ping_status":"closed","template":"","meta":{"_acf_changed":false,"footnotes":""},"class_list":["post-848","page","type-page","status-publish","hentry"],"acf":[],"_links":{"self":[{"href":"https:\/\/sarms-sport.com\/fr\/wp-json\/wp\/v2\/pages\/848","targetHints":{"allow":["GET"]}}],"collection":[{"href":"https:\/\/sarms-sport.com\/fr\/wp-json\/wp\/v2\/pages"}],"about":[{"href":"https:\/\/sarms-sport.com\/fr\/wp-json\/wp\/v2\/types\/page"}],"author":[{"embeddable":true,"href":"https:\/\/sarms-sport.com\/fr\/wp-json\/wp\/v2\/users\/1"}],"replies":[{"embeddable":true,"href":"https:\/\/sarms-sport.com\/fr\/wp-json\/wp\/v2\/comments?post=848"}],"version-history":[{"count":4,"href":"https:\/\/sarms-sport.com\/fr\/wp-json\/wp\/v2\/pages\/848\/revisions"}],"predecessor-version":[{"id":1627,"href":"https:\/\/sarms-sport.com\/fr\/wp-json\/wp\/v2\/pages\/848\/revisions\/1627"}],"wp:attachment":[{"href":"https:\/\/sarms-sport.com\/fr\/wp-json\/wp\/v2\/media?parent=848"}],"curies":[{"name":"wp","href":"https:\/\/api.w.org\/{rel}","templated":true}]}}