{"id":1198,"date":"2025-05-05T13:40:59","date_gmt":"2025-05-05T11:40:59","guid":{"rendered":"https:\/\/sarms-sport.com\/cardarino-zillt-medicine-cardarine-gw-501516\/"},"modified":"2025-12-25T17:49:36","modified_gmt":"2025-12-25T16:49:36","slug":"cardarino-zillt-medicine-cardarine-gw-501516","status":"publish","type":"product","link":"https:\/\/sarms-sport.com\/fr\/cardarino-zillt-medicine-cardarine-gw-501516\/","title":{"rendered":"Cardarino Zillt Medicine (Cardarine GW-501516)"},"content":{"rendered":"<table>\n<tbody>\n<tr>\n<td style=\"text-align: center;\"><strong>Nom<\/strong><\/td>\n<td style=\"text-align: center;\"><strong>Type<\/strong><\/td>\n<td style=\"text-align: center;\"><strong>Effets principaux<\/strong><\/td>\n<td style=\"text-align: center;\"><strong>Effets secondaires<\/strong><\/td>\n<td style=\"text-align: center;\"><strong>Suppression de la testost\u00e9rone<\/strong><\/td>\n<td style=\"text-align: center;\"><strong>Cycle typique<\/strong><\/td>\n<td style=\"text-align: center;\"><strong>Id\u00e9al pour<\/strong><\/td>\n<td style=\"text-align: center;\"><strong>Dur\u00e9e de demi-vie<\/strong><\/td>\n<td style=\"text-align: center;\"><strong>D\u00e9but d\u2019action<\/strong><\/td>\n<td style=\"text-align: center;\"><strong>PCT n\u00e9cessaire<\/strong><\/td>\n<td style=\"text-align: center;\"><strong>Toxicit\u00e9<\/strong><\/td>\n<\/tr>\n<tr>\n<td style=\"text-align: center;\"><a href=\"https:\/\/sarms-sport.com\/fr\/andarino-zillt-medicine-andarine-s4\/\"><strong>Andarine (S-4)<\/strong><\/a><\/td>\n<td>SARM<\/td>\n<td>Perte de graisse, muscle sec, augmentation de la force<\/td>\n<td>Alt\u00e9rations de la vision<\/td>\n<td>Moyenne<\/td>\n<td>6\u20138 semaines<\/td>\n<td>S\u00e8che, recomposition<\/td>\n<td>~4 heures<\/td>\n<td>7\u201310 jours<\/td>\n<td>Oui<\/td>\n<td>Faible<\/td>\n<\/tr>\n<tr>\n<td style=\"text-align: center;\"><a href=\"https:\/\/sarms-sport.com\/fr\/cardarino-zillt-medicine-cardarine-gw-501516\/\"><strong>Cardarine (GW-501516)<\/strong><\/a><\/td>\n<td>Agoniste PPAR\u03b4<\/td>\n<td>Am\u00e9lioration de l\u2019endurance, oxydation des graisses, m\u00e9tabolisme<\/td>\n<td>Risques potentiels \u00e0 fortes doses<\/td>\n<td>Non<\/td>\n<td>6\u201312 semaines<\/td>\n<td>S\u00e8che, endurance<\/td>\n<td>16\u201324 heures<\/td>\n<td>3\u20135 jours<\/td>\n<td>Non<\/td>\n<td>Tr\u00e8s faible<\/td>\n<\/tr>\n<tr>\n<td style=\"text-align: center;\"><a href=\"https:\/\/sarms-sport.com\/fr\/ibutamoreno-zillt-medicine-ibutamoren-mk-677\/\"><strong>Ibutamoren (MK-677)<\/strong><\/a><\/td>\n<td>S\u00e9cr\u00e9tagogue de GH<\/td>\n<td>Augmente GH\/IGF-1, r\u00e9cup\u00e9ration, am\u00e9lioration du sommeil<\/td>\n<td>App\u00e9tit accru, r\u00e9tention d\u2019eau<\/td>\n<td>Non<\/td>\n<td>8\u201316 semaines<\/td>\n<td>Prise de masse, r\u00e9cup\u00e9ration<\/td>\n<td>20\u201324 heures<\/td>\n<td>5\u20137 jours<\/td>\n<td>Non<\/td>\n<td>Faible<\/td>\n<\/tr>\n<tr>\n<td style=\"text-align: center;\"><a href=\"https:\/\/sarms-sport.com\/fr\/ligandrolo-zillt-medicine-ligandrol-lgd-4033\/\"><strong>Ligandrol (LGD-4033)<\/strong><\/a><\/td>\n<td>SARM<\/td>\n<td>Gain de masse et de force, meilleure r\u00e9cup\u00e9ration<\/td>\n<td>Forte suppression<\/td>\n<td>\u00c9lev\u00e9e<\/td>\n<td>6\u20138 semaines<\/td>\n<td>Prise de masse<\/td>\n<td>24\u201336 heures<\/td>\n<td>7\u201310 jours<\/td>\n<td>Oui<\/td>\n<td>Faible<\/td>\n<\/tr>\n<tr>\n<td style=\"text-align: center;\"><a href=\"https:\/\/sarms-sport.com\/fr\/ostarino-zillt-medicine-ostarine-mk-2866\/\"><strong>Ostarine (MK-2866)<\/strong><\/a><\/td>\n<td>SARM<\/td>\n<td>Masse maigre, soutien articulaire, recomposition l\u00e9g\u00e8re<\/td>\n<td>L\u00e9g\u00e8re suppression<\/td>\n<td>Faible<\/td>\n<td>6\u20138 semaines<\/td>\n<td>Recomposition<\/td>\n<td>24 heures<\/td>\n<td>10\u201314 jours<\/td>\n<td>Non<\/td>\n<td>Tr\u00e8s faible<\/td>\n<\/tr>\n<tr>\n<td style=\"text-align: center;\"><a href=\"https:\/\/sarms-sport.com\/fr\/s23-zillt-medicine-mastorin-s23\/\"><strong>Mastorin (S-23)<\/strong><\/a><\/td>\n<td>SARM puissant<\/td>\n<td>Force, muscle sec et dense, effet de durcissement marqu\u00e9<\/td>\n<td>Suppression tr\u00e8s forte<\/td>\n<td>Tr\u00e8s \u00e9lev\u00e9e<\/td>\n<td>4\u20136 semaines<\/td>\n<td>S\u00e8che avanc\u00e9e, force<\/td>\n<td>~12 heures<\/td>\n<td>3\u20137 jours<\/td>\n<td>Oui<\/td>\n<td>Mod\u00e9r\u00e9e<\/td>\n<\/tr>\n<tr>\n<td style=\"text-align: center;\"><a href=\"https:\/\/sarms-sport.com\/fr\/stenabolo-zillt-medicine-stenabolic-sr-9009\/\"><strong>Stenabolic (SR-9009)<\/strong><\/a><\/td>\n<td>Agoniste Rev-ERB<\/td>\n<td>Boost du m\u00e9tabolisme, perte de graisse, endurance<\/td>\n<td>Prise fr\u00e9quente n\u00e9cessaire<\/td>\n<td>Non<\/td>\n<td>6\u201310 semaines<\/td>\n<td>S\u00e8che<\/td>\n<td>1\u20132 heures<\/td>\n<td>2\u20134 jours<\/td>\n<td>Non<\/td>\n<td>Tr\u00e8s faible<\/td>\n<\/tr>\n<tr>\n<td style=\"text-align: center;\"><a href=\"https:\/\/sarms-sport.com\/fr\/testolono-zillt-medicine-testolone-rad-140\/\"><strong>Testolone (RAD-140)<\/strong><\/a><\/td>\n<td>SARM<\/td>\n<td>Augmentation de la force, masse musculaire, effet anti-catabolique<\/td>\n<td>Suppression, irritabilit\u00e9<\/td>\n<td>\u00c9lev\u00e9e<\/td>\n<td>6\u20138 semaines<\/td>\n<td>Prise de masse, force<\/td>\n<td>~60 heures<\/td>\n<td>5\u20137 jours<\/td>\n<td>Oui<\/td>\n<td>Faible \u00e0 moyenne<\/td>\n<\/tr>\n<tr>\n<td style=\"text-align: center;\"><a href=\"https:\/\/sarms-sport.com\/fr\/yk-11-zillt-medicine-myostan-yk11\/\"><strong>Myostan (YK-11)<\/strong><\/a><\/td>\n<td>Inhibiteur de myostatine<\/td>\n<td>Augmentation rapide de la force, hypertrophie acc\u00e9l\u00e9r\u00e9e, masse dense<\/td>\n<td>Stress h\u00e9patique, agressivit\u00e9<\/td>\n<td>\u00c9lev\u00e9e<\/td>\n<td>4\u20138 semaines<\/td>\n<td>Prise de masse, force<\/td>\n<td>6\u201310 heures<\/td>\n<td>5\u20137 jours<\/td>\n<td>Oui<\/td>\n<td>Moyenne \u00e0 \u00e9lev\u00e9e<\/td>\n<\/tr>\n<\/tbody>\n<\/table>\n<h2>Qu&rsquo;est-ce que Cardarine (GW-501516)?<\/h2>\n<p>La Cardarine GW501516 est un compos\u00e9 bien connu dans le monde du culturisme qui am\u00e9liore l&rsquo;endurance et la capacit\u00e9 \u00e0 br\u00fbler les graisses de l&rsquo;utilisateur. Elle n&rsquo;interagit pas avec les hormones et ne provoque pas de suppression de la testost\u00e9rone, ce qui la rend adapt\u00e9e aussi bien aux hommes qu&rsquo;aux femmes.<\/p>\n<p>Ce m\u00e9dicament a \u00e9t\u00e9 initialement d\u00e9velopp\u00e9 pour traiter les maladies m\u00e9taboliques et cardiovasculaires. Il est connu pour ses propri\u00e9t\u00e9s am\u00e9liorant l&rsquo;endurance et favorisant un physique sec et muscl\u00e9, ce qui explique sa grande popularit\u00e9 dans le milieu du fitness.<\/p>\n<p>De plus, le suppl\u00e9ment Cardarino est consid\u00e9r\u00e9 comme un m\u00e9dicament utile parmi les culturistes qui combinent un entra\u00eenement de haute intensit\u00e9 avec la combustion des graisses. Il est \u00e9galement excellent pour augmenter la dur\u00e9e de l&rsquo;entra\u00eenement et am\u00e9liorer la sant\u00e9 tout en conservant un physique sain.<\/p>\n<h2>Comment fonctionne Cardarine (GW-501516)<\/h2>\n<p>Cardarine n&rsquo;a pas d&rsquo;effets anabolisants comme les SARM anabolisants. Il agit plut\u00f4t en activant les r\u00e9cepteurs de vos muscles et en augmentant l&rsquo;utilisation de l&rsquo;oxyg\u00e8ne et des acides gras par l&rsquo;organisme. Cela rend simplement votre syst\u00e8me \u00e9nerg\u00e9tique plus efficace et vous permet de vous entra\u00eener beaucoup plus sans vous fatiguer.<\/p>\n<p>Vous trouverez ci-dessous les effets du Cardarine SARM sur le m\u00e9tabolisme de l&rsquo;organisme :<\/p>\n<ul>\n<li>Augmentation de l&rsquo;endurance globale gr\u00e2ce \u00e0 une utilisation plus efficace de l&rsquo;oxyg\u00e8ne dans vos muscles.<\/li>\n<li>Modification de votre m\u00e9tabolisme afin que, au lieu de br\u00fbler des glucides, vous br\u00fbliez principalement des graisses.<\/li>\n<li>R\u00e9cup\u00e9ration plus rapide du corps pour optimiser les performances lors de la prochaine s\u00e9ance d&rsquo;entra\u00eenement \u00e0 la salle de sport.<\/li>\n<\/ul>\n<p>Gr\u00e2ce \u00e0 ces effets, les r\u00e9sultats de Cardarine sont g\u00e9n\u00e9ralement observables d\u00e8s les premi\u00e8res semaines. Associ\u00e9 \u00e0 une bonne alimentation, Cardarine peut vous aider \u00e0 maximiser chaque s\u00e9ance d&rsquo;entra\u00eenement tout en conservant un corps mince et plein d&rsquo;\u00e9nergie.<\/p>\n<h2>Avantages du Cardarine (GW-501516)<\/h2>\n<p>Cardarine n&rsquo;est pas un stimulant ni un br\u00fbleur de graisses classique. C&rsquo;est un produit puissant qui modifie la fa\u00e7on dont votre corps d\u00e9pense son \u00e9nergie. Voici les sept grands avantages de Cardarine pour tous les athl\u00e8tes :<\/p>\n<ol>\n<li><strong>Augmente l&rsquo;endurance<\/strong><br \/>\nCe m\u00e9dicament augmente la r\u00e9sistance du corps aux entra\u00eenements de longue dur\u00e9e. Les utilisateurs mentionnent souvent qu&rsquo;ils peuvent d\u00e9sormais br\u00fbler des graisses lors de s\u00e9ances de cardio plus intenses ou de s\u00e9ances de musculation plus longues. C&rsquo;est un avantage consid\u00e9rable pour tous les coureurs.<\/li>\n<li><strong>Perte de graisse plus rapide<\/strong><br \/>\nIl am\u00e9liore \u00e9galement la capacit\u00e9 \u00e0 utiliser les graisses corporelles comme source d&rsquo;\u00e9nergie. Il vous aidera \u00e0 r\u00e9duire votre masse graisseuse tout en conservant votre masse musculaire. Cardarine offre un excellent soutien pour les personnes qui souhaitent perdre du poids.<\/li>\n<li><strong>Pr\u00e9servation des tissus<\/strong><br \/>\nIl ne r\u00e9duit pas vos muscles comme certains br\u00fbleurs de graisse agressifs peuvent le faire, vous pouvez donc utiliser Cardarine GW 50156 pour conserver votre force et votre masse musculaire tout en \u00e9tant en d\u00e9ficit calorique. Il est tr\u00e8s appr\u00e9ci\u00e9 des athl\u00e8tes qui veulent avoir l&rsquo;air forts et muscl\u00e9s.<\/li>\n<li><strong>Am\u00e9lioration de la r\u00e9cup\u00e9ration<\/strong><br \/>\nLes muscles r\u00e9cup\u00e8rent plus rapidement entre les s\u00e9ances d&rsquo;entra\u00eenement, ce qui vous permet de vous entra\u00eener plus souvent. Cela conduit \u00e9galement \u00e0 une progression graduelle depuis lors.<\/li>\n<li><strong>Meilleure vascularisation <\/strong><br \/>\n\u00c0 mesure que vous perdez de la graisse et que vous raffermissez vos muscles, les veines ont tendance \u00e0 appara\u00eetre. De nombreux clients rapportent que Cardarine aide \u00e0 obtenir un physique plus mince et plus athl\u00e9tique, sans r\u00e9tention d&rsquo;eau.<\/li>\n<li><strong>Plus d&rsquo;\u00e9nergie et une concentration plus r\u00e9guli\u00e8re<\/strong><br \/>\nIl a \u00e9t\u00e9 d\u00e9montr\u00e9 que Cardarine stabilise votre m\u00e9tabolisme \u00e9nerg\u00e9tique. Vous vous sentez plus vivant et plus concentr\u00e9 tout au long de la journ\u00e9e, sans les effets secondaires qui apparaissent parfois avec les stimulants.<\/li>\n<li><strong>Pas de suppression hormonale<\/strong><br \/>\nLe fait le plus important est que Cardarine ne supprime pas la testost\u00e9rone ou l&rsquo;\u0153strog\u00e8ne. Cela se traduit par l&rsquo;absence de crash hormonal, et le temps de r\u00e9cup\u00e9ration \u00e0 la fin du cycle sera tr\u00e8s court.<\/li>\n<\/ol>\n<p>En conclusion, la Cardarine en vente serait utile pour une personne qui souhaite perdre de la graisse corporelle et conserver ses muscles. Il s&rsquo;agit d&rsquo;une substance pure qui aide tous les athl\u00e8tes professionnels ou les personnes lambda qui fr\u00e9quentent les salles de sport.<\/p>\n<h2>Effets secondaires de Cardarine<\/h2>\n<p>La majorit\u00e9 des personnes qui utilisent Cardarine pour la premi\u00e8re fois la trouvent tr\u00e8s tol\u00e9rable \u00e0 des doses mod\u00e9r\u00e9es, mais cela peut se compliquer si le m\u00e9dicament est utilis\u00e9 pendant une p\u00e9riode prolong\u00e9e. Les effets secondaires de Cardarine ne sont pas tr\u00e8s fr\u00e9quents, mais vous pouvez tout de m\u00eame en ressentir :<\/p>\n<ol>\n<li><strong>Naus\u00e9es et diarrh\u00e9es<\/strong><br \/>\nCertaines personnes ressentent des naus\u00e9es ou de l\u00e9g\u00e8res crampes lorsqu&rsquo;elles commencent \u00e0 l&rsquo;utiliser, en particulier \u00e0 fortes doses. Il est bon de savoir qu&rsquo;il est pr\u00e9f\u00e9rable de commencer par une faible dose lorsque vous n&rsquo;\u00eates pas habitu\u00e9 \u00e0 prendre ce type de produit.<\/li>\n<li><strong>Maux de t\u00eate ou fatigue<\/strong><br \/>\nLa d\u00e9shydratation et un entra\u00eenement physique excessif peuvent provoquer des maux de t\u00eate et de la fatigue. Il est facile de s&rsquo;en pr\u00e9munir et de s&rsquo;en remettre.<\/li>\n<li><strong>Troubles du sommeil<\/strong><br \/>\nIl a \u00e9t\u00e9 rapport\u00e9 que lorsque ce m\u00e9dicament est pris trop tard dans la soir\u00e9e, certaines personnes ont des difficult\u00e9s \u00e0 s&rsquo;endormir. Il est donc recommand\u00e9 de le prendre plus t\u00f4t dans la journ\u00e9e afin de r\u00e9duire les risques de r\u00e9veil nocturne.<\/li>\n<li><strong>Implications potentielles pour la sant\u00e9 \u00e0 long terme<\/strong><br \/>\nLa cardarine GW 50156 a suscit\u00e9 certaines inqui\u00e9tudes lors d&rsquo;\u00e9tudes sur des animaux, mais les doses utilis\u00e9es dans les essais \u00e9taient exponentiellement plus \u00e9lev\u00e9es que celles utilis\u00e9es chez l&rsquo;homme. Il est toutefois prudent de ne pas exag\u00e9rer les cycles et de ne pas trop en abuser en cas d&rsquo;utilisation prolong\u00e9e.<\/li>\n<li><strong>Qualit\u00e9 variable du produit<\/strong><br \/>\nEn achetant aupr\u00e8s d&rsquo;une source douteuse, vous risquez davantage d&rsquo;\u00eatre victime d&rsquo;une arnaque. Achetez toujours Cardarine aupr\u00e8s d&rsquo;une source fiable afin d&rsquo;obtenir des produits authentiques test\u00e9s en laboratoire.<\/li>\n<\/ol>\n<p>Tr\u00e8s peu de personnes signalent des effets secondaires lors de cycles courts de Cardarine. Il est toujours consid\u00e9r\u00e9 comme l&rsquo;un des m\u00e9dicaments les plus doux, les athl\u00e8tes n&rsquo;ont donc pas grand-chose \u00e0 craindre.<\/p>\n<h2>Cardarine (GW-501516): posologie, dur\u00e9e du cycle et utilisation s\u00fbre<\/h2>\n<p>C&rsquo;est le genre de m\u00e9dicament dont vous pouvez tirer le meilleur parti en faisant preuve d&rsquo;un peu de bon sens. Voici quelques conseils pour choisir la dose optimale et des suggestions sur la mani\u00e8re d&rsquo;utiliser le m\u00e9dicament afin de minimiser les risques et de maximiser les b\u00e9n\u00e9fices.<\/p>\n<h3>Posologie recommand\u00e9e<\/h3>\n<p>La posologie de Cardarine que vous devez prendre d\u00e9pend de vos objectifs et de votre niveau d&rsquo;exp\u00e9rience. De nombreux novices affirment qu&rsquo;une dose de 10 mg par jour suffit pour commencer \u00e0 ressentir une meilleure endurance et perdre de la graisse en deux semaines. Les utilisateurs avanc\u00e9s peuvent augmenter la dose \u00e0 15-20 mg par jour une fois que leur corps s&rsquo;y est habitu\u00e9. Il convient \u00e9galement de mentionner qu&rsquo;une seule dose quotidienne suffit, car la demi-vie du m\u00e9dicament est courte, comprise entre 16 et 24 heures.<\/p>\n<p>La question que se posent depuis toujours les athl\u00e8tes est de savoir quand prendre Cardarine. Il est pr\u00e9f\u00e9rable de le prendre environ 30 \u00e0 60 minutes avant l&rsquo;entra\u00eenement. Le prendre aussi t\u00f4t peut am\u00e9liorer l&rsquo;endurance et aider \u00e0 maintenir le niveau d&rsquo;\u00e9nergie.<\/p>\n<h3>Dur\u00e9e du cycle<\/h3>\n<p>Les cycles de Cardarine durent g\u00e9n\u00e9ralement de 6 \u00e0 8 semaines. Pendant cette p\u00e9riode, vous pouvez constater des r\u00e9sultats visibles en termes de tonus musculaire et de perte de graisse sans imposer de contrainte inutile \u00e0 votre corps. Prolonger un cycle au-del\u00e0 de 10 semaines peut pr\u00e9senter certains risques.<\/p>\n<p>Apr\u00e8s avoir termin\u00e9 le cycle, vous devez faire une pause de 4 \u00e0 6 semaines. Cela permettra \u00e0 votre corps de se reposer et de se d\u00e9toxifier. De plus, la Cardarine peut \u00eatre sans danger pour les femmes car elle ne supprime pas la production de testost\u00e9rone, mais il est tout de m\u00eame important de laisser \u00e0 votre corps le temps de se r\u00e9tablir compl\u00e8tement pour pr\u00e9server votre \u00e9quilibre et votre s\u00e9curit\u00e9.<\/p>\n<h3>Conseils pour une utilisation s\u00fbre<\/h3>\n<p>Lorsque vous prenez un compl\u00e9ment de Cardarine, privil\u00e9giez toujours la s\u00e9curit\u00e9. Voici quelques recommandations pour vous aider \u00e0 rester en bonne sant\u00e9 :<\/p>\n<ul>\n<li>Pour des r\u00e9sultats optimaux, prenez Cardarine \u00e0 la m\u00eame heure chaque jour.<\/li>\n<li>Buvez beaucoup de liquides, mangez sainement et dormez suffisamment.<\/li>\n<li>N&rsquo;utilisez ce produit avec des m\u00e9dicaments plus agressifs ou douteux que si vous comprenez les risques encourus.<\/li>\n<li>Si vous remarquez des sympt\u00f4mes inhabituels, tels que des vertiges, de la fatigue ou tout autre sympt\u00f4me, cessez l&rsquo;utilisation et consultez un sp\u00e9cialiste.<\/li>\n<li>Les athl\u00e8tes veulent toujours savoir o\u00f9 acheter Cardarine, et la r\u00e9ponse est aupr\u00e8s de vendeurs de confiance comme notre boutique. Nous fournissons des \u00e9tiquettes de puret\u00e9, des dosages corrects et des informations compl\u00e8tes sur les produits.<\/li>\n<\/ul>\n<p>Si vous avez d\u00e9j\u00e0 utilis\u00e9 des SARM, vous savez qu&rsquo;ils ne sont pas tous cr\u00e9\u00e9s de la m\u00eame mani\u00e8re, et Cardarine en est un excellent exemple. En suivant les instructions ci-dessus, vous am\u00e9liorerez non seulement consid\u00e9rablement la qualit\u00e9 de votre exp\u00e9rience, mais vous vous prot\u00e9gerez \u00e9galement contre les risques.<\/p>\n<h2>Combinaison de Cardarine : ce qui fonctionne et ce qui ne fonctionne pas<\/h2>\n<p>La combinaison de Cardarine GW501516 avec d&rsquo;autres m\u00e9dicaments cr\u00e9e un effet synergique dont vous pouvez tirer parti. Ces combinaisons et le moment de l&rsquo;administration peuvent avoir un impact sur l&rsquo;endurance, le maintien de la masse musculaire et la perte de graisse.<\/p>\n<h3>Ce qui fonctionne<\/h3>\n<p>Beaucoup combinent Cardarine GW501516 avec d&rsquo;autres agonistes PPAR, des anti-inflammatoires ou des SARM. Une combinaison standard est Cardarine et Ostarine MK-2866 pour la coupe. De m\u00eame, LGD-4033 Ligandrol est un excellent st\u00e9ro\u00efde \u00e0 associer \u00e0 Cardarine pour gagner en masse musculaire maigre et en endurance. Le super stack final pour les athl\u00e8tes qui cherchent \u00e0 am\u00e9liorer leur endurance et leur perte de graisse est SR9009 Stenabolic.<\/p>\n<h3>Ce qui ne fonctionne pas<\/h3>\n<p>Cependant, toutes les combinaisons de Cardarine ne sont pas bonnes ou s\u00fbres. La combiner avec des st\u00e9ro\u00efdes anabolisants puissants ou avec plusieurs SARM puissants tels que le RAD-140 Testolone peut \u00eatre trop intense pour votre corps. Combiner plusieurs m\u00e9dicaments tr\u00e8s efficaces peut \u00e9galement \u00eatre risqu\u00e9.<\/p>\n<p>Nous pouvons donc en conclure que si vous achetez Cardarine en ligne et que vous l&rsquo;associez \u00e0 des compos\u00e9s appropri\u00e9s et s\u00fbrs, vous pouvez favoriser la perte de graisse et am\u00e9liorer votre composition corporelle.<\/p>\n<h2>Erreurs courantes commises par les d\u00e9butants lors de l&rsquo;utilisation de Cardarine (GW-501516)<\/h2>\n<p>Les nouveaux utilisateurs ont tendance \u00e0 commettre certaines erreurs \u00e9l\u00e9mentaires avec les SARM Cardarine, qui peuvent soit entraver les progr\u00e8s, soit augmenter le risque d&rsquo;effets secondaires ind\u00e9sirables. Il est extr\u00eamement important de comprendre les erreurs typiques afin de garantir votre s\u00e9curit\u00e9 et d&rsquo;obtenir les r\u00e9sultats escompt\u00e9s de votre cycle.<\/p>\n<ul>\n<li><strong>Dosage trop \u00e9lev\u00e9<\/strong><br \/>\nDe nombreux utilisateurs pensent \u00e0 tort que plus c&rsquo;est mieux. Si vous prenez Cardarine \u00e0 une dose sup\u00e9rieure \u00e0 celle recommand\u00e9e, cela peut causer un stress excessif sur votre foie et votre syst\u00e8me cardiovasculaire. Il est pr\u00e9f\u00e9rable de s&rsquo;en tenir \u00e0 des doses mod\u00e9r\u00e9es pour votre corps.<\/li>\n<li><strong>Cycle trop court<\/strong><br \/>\nComme Cardarine agit progressivement, un cycle court ne donne souvent aucun r\u00e9sultat. La dur\u00e9e recommand\u00e9e du cycle vous permettra d&rsquo;obtenir les r\u00e9sultats souhait\u00e9s.<\/li>\n<li><strong>Ignorer le timing<\/strong><br \/>\nCardarine peut perdre de son efficacit\u00e9 si vous le prenez \u00e0 un moment inappropri\u00e9 de la journ\u00e9e. Prendre Cardarino de Zilit Medicine \u00e0 la m\u00eame heure chaque jour peut aider \u00e0 maximiser ses capacit\u00e9s de combustion des graisses et d&rsquo;am\u00e9lioration de l&rsquo;endurance.<\/li>\n<li><strong>Entra\u00eenement et alimentation inad\u00e9quats<\/strong><br \/>\nM\u00eame le meilleur Cardarine ne remplacera pas une bonne alimentation et un entra\u00eenement adapt\u00e9. Les r\u00e9sultats seront bien meilleurs s&rsquo;il est associ\u00e9 \u00e0 une alimentation saine et \u00e9quilibr\u00e9e et \u00e0 un programme d&rsquo;entra\u00eenement r\u00e9gulier.<\/li>\n<li><strong>Association avec des compos\u00e9s oppos\u00e9s<\/strong><br \/>\nLorsqu&rsquo;il est pris avec des SARM puissants ou plusieurs st\u00e9ro\u00efdes forts, en association avec Cardarine, les effets secondaires et la tension physique seront amplifi\u00e9s. Il devrait plut\u00f4t \u00eatre associ\u00e9 \u00e0 quelques compos\u00e9s compatibles pour obtenir de meilleurs r\u00e9sultats.<\/li>\n<\/ul>\n<p>Et si vous \u00e9vitez ces \u00e9cueils, vous pourrez \u00e9galement vous soucier moins de la s\u00e9curit\u00e9 lorsque vous prenez Cardarine GW 50156 en vente, constater des r\u00e9sultats constants et augmenter la perte de graisse tout en am\u00e9liorant votre endurance !<\/p>\n","protected":false},"excerpt":{"rendered":"<p>Nom Type Effets principaux Effets secondaires Suppression de la testost\u00e9rone Cycle typique Id\u00e9al pour Dur\u00e9e de demi-vie D\u00e9but d\u2019action PCT n\u00e9cessaire Toxicit\u00e9 Andarine (S-4) SARM Perte de graisse, muscle sec, augmentation de la force Alt\u00e9rations de la vision Moyenne 6\u20138 semaines S\u00e8che, recomposition ~4 heures 7\u201310 jours Oui Faible Cardarine (GW-501516) Agoniste PPAR\u03b4 Am\u00e9lioration de [&hellip;]<\/p>\n","protected":false},"featured_media":688,"comment_status":"open","ping_status":"closed","template":"","meta":{"_acf_changed":false},"product_brand":[],"product_cat":[46],"product_tag":[],"class_list":{"0":"post-1198","1":"product","2":"type-product","3":"status-publish","4":"has-post-thumbnail","6":"product_cat-sarms","8":"first","9":"instock","10":"shipping-taxable","11":"purchasable","12":"product-type-variable"},"acf":[],"_links":{"self":[{"href":"https:\/\/sarms-sport.com\/fr\/wp-json\/wp\/v2\/product\/1198","targetHints":{"allow":["GET"]}}],"collection":[{"href":"https:\/\/sarms-sport.com\/fr\/wp-json\/wp\/v2\/product"}],"about":[{"href":"https:\/\/sarms-sport.com\/fr\/wp-json\/wp\/v2\/types\/product"}],"replies":[{"embeddable":true,"href":"https:\/\/sarms-sport.com\/fr\/wp-json\/wp\/v2\/comments?post=1198"}],"wp:featuredmedia":[{"embeddable":true,"href":"https:\/\/sarms-sport.com\/fr\/wp-json\/wp\/v2\/media\/688"}],"wp:attachment":[{"href":"https:\/\/sarms-sport.com\/fr\/wp-json\/wp\/v2\/media?parent=1198"}],"wp:term":[{"taxonomy":"product_brand","embeddable":true,"href":"https:\/\/sarms-sport.com\/fr\/wp-json\/wp\/v2\/product_brand?post=1198"},{"taxonomy":"product_cat","embeddable":true,"href":"https:\/\/sarms-sport.com\/fr\/wp-json\/wp\/v2\/product_cat?post=1198"},{"taxonomy":"product_tag","embeddable":true,"href":"https:\/\/sarms-sport.com\/fr\/wp-json\/wp\/v2\/product_tag?post=1198"}],"curies":[{"name":"wp","href":"https:\/\/api.w.org\/{rel}","templated":true}]}}