{"id":1201,"date":"2025-05-05T13:43:25","date_gmt":"2025-05-05T11:43:25","guid":{"rendered":"https:\/\/sarms-sport.com\/ibutamoreno-zillt-medicine-ibutamoren-mk-677\/"},"modified":"2025-12-25T17:49:55","modified_gmt":"2025-12-25T16:49:55","slug":"ibutamoreno-zillt-medicine-ibutamoren-mk-677","status":"publish","type":"product","link":"https:\/\/sarms-sport.com\/fr\/ibutamoreno-zillt-medicine-ibutamoren-mk-677\/","title":{"rendered":"Ibutamoreno Zillt Medicine (Ibutamoren MK-677)"},"content":{"rendered":"<table>\n<tbody>\n<tr>\n<td style=\"text-align: center;\"><strong>Nom<\/strong><\/td>\n<td style=\"text-align: center;\"><strong>Type<\/strong><\/td>\n<td style=\"text-align: center;\"><strong>Effets principaux<\/strong><\/td>\n<td style=\"text-align: center;\"><strong>Effets secondaires<\/strong><\/td>\n<td style=\"text-align: center;\"><strong>Suppression de la testost\u00e9rone<\/strong><\/td>\n<td style=\"text-align: center;\"><strong>Cycle typique<\/strong><\/td>\n<td style=\"text-align: center;\"><strong>Id\u00e9al pour<\/strong><\/td>\n<td style=\"text-align: center;\"><strong>Dur\u00e9e de demi-vie<\/strong><\/td>\n<td style=\"text-align: center;\"><strong>D\u00e9but d\u2019action<\/strong><\/td>\n<td style=\"text-align: center;\"><strong>PCT n\u00e9cessaire<\/strong><\/td>\n<td style=\"text-align: center;\"><strong>Toxicit\u00e9<\/strong><\/td>\n<\/tr>\n<tr>\n<td style=\"text-align: center;\"><a href=\"https:\/\/sarms-sport.com\/fr\/andarino-zillt-medicine-andarine-s4\/\"><strong>Andarine (S-4)<\/strong><\/a><\/td>\n<td>SARM<\/td>\n<td>Perte de graisse, muscle sec, augmentation de la force<\/td>\n<td>Alt\u00e9rations de la vision<\/td>\n<td>Moyenne<\/td>\n<td>6\u20138 semaines<\/td>\n<td>S\u00e8che, recomposition<\/td>\n<td>~4 heures<\/td>\n<td>7\u201310 jours<\/td>\n<td>Oui<\/td>\n<td>Faible<\/td>\n<\/tr>\n<tr>\n<td style=\"text-align: center;\"><a href=\"https:\/\/sarms-sport.com\/fr\/cardarino-zillt-medicine-cardarine-gw-501516\/\"><strong>Cardarine (GW-501516)<\/strong><\/a><\/td>\n<td>Agoniste PPAR\u03b4<\/td>\n<td>Am\u00e9lioration de l\u2019endurance, oxydation des graisses, m\u00e9tabolisme<\/td>\n<td>Risques potentiels \u00e0 fortes doses<\/td>\n<td>Non<\/td>\n<td>6\u201312 semaines<\/td>\n<td>S\u00e8che, endurance<\/td>\n<td>16\u201324 heures<\/td>\n<td>3\u20135 jours<\/td>\n<td>Non<\/td>\n<td>Tr\u00e8s faible<\/td>\n<\/tr>\n<tr>\n<td style=\"text-align: center;\"><a href=\"https:\/\/sarms-sport.com\/fr\/ibutamoreno-zillt-medicine-ibutamoren-mk-677\/\"><strong>Ibutamoren (MK-677)<\/strong><\/a><\/td>\n<td>S\u00e9cr\u00e9tagogue de GH<\/td>\n<td>Augmente GH\/IGF-1, r\u00e9cup\u00e9ration, am\u00e9lioration du sommeil<\/td>\n<td>App\u00e9tit accru, r\u00e9tention d\u2019eau<\/td>\n<td>Non<\/td>\n<td>8\u201316 semaines<\/td>\n<td>Prise de masse, r\u00e9cup\u00e9ration<\/td>\n<td>20\u201324 heures<\/td>\n<td>5\u20137 jours<\/td>\n<td>Non<\/td>\n<td>Faible<\/td>\n<\/tr>\n<tr>\n<td style=\"text-align: center;\"><a href=\"https:\/\/sarms-sport.com\/fr\/ligandrolo-zillt-medicine-ligandrol-lgd-4033\/\"><strong>Ligandrol (LGD-4033)<\/strong><\/a><\/td>\n<td>SARM<\/td>\n<td>Gain de masse et de force, meilleure r\u00e9cup\u00e9ration<\/td>\n<td>Forte suppression<\/td>\n<td>\u00c9lev\u00e9e<\/td>\n<td>6\u20138 semaines<\/td>\n<td>Prise de masse<\/td>\n<td>24\u201336 heures<\/td>\n<td>7\u201310 jours<\/td>\n<td>Oui<\/td>\n<td>Faible<\/td>\n<\/tr>\n<tr>\n<td style=\"text-align: center;\"><a href=\"https:\/\/sarms-sport.com\/fr\/ostarino-zillt-medicine-ostarine-mk-2866\/\"><strong>Ostarine (MK-2866)<\/strong><\/a><\/td>\n<td>SARM<\/td>\n<td>Masse maigre, soutien articulaire, recomposition l\u00e9g\u00e8re<\/td>\n<td>L\u00e9g\u00e8re suppression<\/td>\n<td>Faible<\/td>\n<td>6\u20138 semaines<\/td>\n<td>Recomposition<\/td>\n<td>24 heures<\/td>\n<td>10\u201314 jours<\/td>\n<td>Non<\/td>\n<td>Tr\u00e8s faible<\/td>\n<\/tr>\n<tr>\n<td style=\"text-align: center;\"><a href=\"https:\/\/sarms-sport.com\/fr\/s23-zillt-medicine-mastorin-s23\/\"><strong>Mastorin (S-23)<\/strong><\/a><\/td>\n<td>SARM puissant<\/td>\n<td>Force, muscle sec et dense, effet de durcissement marqu\u00e9<\/td>\n<td>Suppression tr\u00e8s forte<\/td>\n<td>Tr\u00e8s \u00e9lev\u00e9e<\/td>\n<td>4\u20136 semaines<\/td>\n<td>S\u00e8che avanc\u00e9e, force<\/td>\n<td>~12 heures<\/td>\n<td>3\u20137 jours<\/td>\n<td>Oui<\/td>\n<td>Mod\u00e9r\u00e9e<\/td>\n<\/tr>\n<tr>\n<td style=\"text-align: center;\"><a href=\"https:\/\/sarms-sport.com\/fr\/stenabolo-zillt-medicine-stenabolic-sr-9009\/\"><strong>Stenabolic (SR-9009)<\/strong><\/a><\/td>\n<td>Agoniste Rev-ERB<\/td>\n<td>Boost du m\u00e9tabolisme, perte de graisse, endurance<\/td>\n<td>Prise fr\u00e9quente n\u00e9cessaire<\/td>\n<td>Non<\/td>\n<td>6\u201310 semaines<\/td>\n<td>S\u00e8che<\/td>\n<td>1\u20132 heures<\/td>\n<td>2\u20134 jours<\/td>\n<td>Non<\/td>\n<td>Tr\u00e8s faible<\/td>\n<\/tr>\n<tr>\n<td style=\"text-align: center;\"><a href=\"https:\/\/sarms-sport.com\/fr\/testolono-zillt-medicine-testolone-rad-140\/\"><strong>Testolone (RAD-140)<\/strong><\/a><\/td>\n<td>SARM<\/td>\n<td>Augmentation de la force, masse musculaire, effet anti-catabolique<\/td>\n<td>Suppression, irritabilit\u00e9<\/td>\n<td>\u00c9lev\u00e9e<\/td>\n<td>6\u20138 semaines<\/td>\n<td>Prise de masse, force<\/td>\n<td>~60 heures<\/td>\n<td>5\u20137 jours<\/td>\n<td>Oui<\/td>\n<td>Faible \u00e0 moyenne<\/td>\n<\/tr>\n<tr>\n<td style=\"text-align: center;\"><a href=\"https:\/\/sarms-sport.com\/fr\/yk-11-zillt-medicine-myostan-yk11\/\"><strong>Myostan (YK-11)<\/strong><\/a><\/td>\n<td>Inhibiteur de myostatine<\/td>\n<td>Augmentation rapide de la force, hypertrophie acc\u00e9l\u00e9r\u00e9e, masse dense<\/td>\n<td>Stress h\u00e9patique, agressivit\u00e9<\/td>\n<td>\u00c9lev\u00e9e<\/td>\n<td>4\u20138 semaines<\/td>\n<td>Prise de masse, force<\/td>\n<td>6\u201310 heures<\/td>\n<td>5\u20137 jours<\/td>\n<td>Oui<\/td>\n<td>Moyenne \u00e0 \u00e9lev\u00e9e<\/td>\n<\/tr>\n<\/tbody>\n<\/table>\n<h2>Qu&rsquo;est-ce que l&rsquo;Ibutamoren (MK-677) ?<\/h2>\n<p>L&rsquo;Ibutamoren MK 677 est un compos\u00e9 synth\u00e9tique qui stimule la production d&rsquo;hormone de croissance endog\u00e8ne en se liant au r\u00e9cepteur de la ghr\u00e9line. Il n&rsquo;appartient pas \u00e0 la cat\u00e9gorie courante des SARM, mais il est souvent compar\u00e9 \u00e0 ceux-ci en raison de la similitude des sujets, mais en tant que compos\u00e9, il est unique en son genre.<\/p>\n<p>Ce m\u00e9dicament se caract\u00e9rise par une action th\u00e9rapeutique prolong\u00e9e pendant plusieurs heures apr\u00e8s son administration par voie orale. Le MK-677 en vente reste efficace pendant au moins 8 heures apr\u00e8s son administration. Cette caract\u00e9ristique a contribu\u00e9 \u00e0 l&rsquo;int\u00e9r\u00eat croissant pour l&rsquo;Ibutamoren, car les gens veulent en savoir plus sur les diff\u00e9rents m\u00e9canismes d&rsquo;action de l&rsquo;hormone de croissance.<\/p>\n<h2>Comment fonctionne le MK-677 Ibutamoren<\/h2>\n<p>Maintenant que vous savez ce qu&rsquo;est le MK-677 Ibutamoren, il est temps de passer au fonctionnement de ce m\u00e9dicament. Son action principale r\u00e9side dans son fonctionnement par le biais des m\u00e9canismes des r\u00e9cepteurs de la ghr\u00e9line. Lorsque ce r\u00e9cepteur est activ\u00e9, votre corps lib\u00e8re davantage d&rsquo;hormone de croissance selon un rythme pulsatile, qui ressemble \u00e0 ce qui se produit de mani\u00e8re endog\u00e8ne. Visuellement, vous pouvez consid\u00e9rer cela comme un signal r\u00e9p\u00e9titif transmis sans sauts brusques dans le flux.<\/p>\n<p>Pour expliquer plus en d\u00e9tail le fonctionnement du m\u00e9dicament, voici cinq faits simples sur le MK-677 en vente qui peuvent vous aider :<\/p>\n<ul>\n<li>Le MK-677 transmet un message puissant et constant via le r\u00e9cepteur de la ghr\u00e9line, qui d\u00e9clenche la production d&rsquo;une quantit\u00e9 plus importante d&rsquo;hormone de croissance naturelle.<\/li>\n<li>Il en r\u00e9sulte un sch\u00e9ma de s\u00e9cr\u00e9tion stable, qui dure plusieurs heures.<\/li>\n<li>En raison du sch\u00e9ma r\u00e9gulier de s\u00e9cr\u00e9tion de GH, le corps r\u00e9agit en augmentant ses niveaux d&rsquo;IGF-1 parall\u00e8lement \u00e0 ceux de GH.<\/li>\n<li>Outre la promotion d&rsquo;une \u00e9l\u00e9vation des niveaux d&rsquo;IGF-1, le signal induit par le MK-677 active \u00e9galement les centres de l&rsquo;app\u00e9tit dans le cerveau, ce qui devrait vous donner un plus grand app\u00e9tit.<\/li>\n<li>Compte tenu de la longue demi-vie du MK-677, son effet sera soutenu et progressif plut\u00f4t que soumis \u00e0 des fluctuations rapides.<\/li>\n<\/ul>\n<p>Gr\u00e2ce \u00e0 ce m\u00e9canisme d&rsquo;action, le suppl\u00e9ment MK-677 est l&rsquo;un des compos\u00e9s les plus simples \u00e0 comprendre en termes d&rsquo;effet et de relation avec les syst\u00e8mes hormonaux naturels de l&rsquo;organisme. Comme les s\u00e9quences fondamentales des \u00e9v\u00e9nements sont tr\u00e8s similaires \u00e0 chaque prise, cela conduit \u00e0 un r\u00e9sultat tr\u00e8s pr\u00e9visible et vous pouvez vous faire une id\u00e9e claire de l&rsquo;action du m\u00e9dicament.<\/p>\n<h2>Avantages du MK-677 Ibutamoren<\/h2>\n<p>Bien que le MK-677 ne soit pas couramment consomm\u00e9, il est largement utilis\u00e9 comme traitement d&rsquo;appoint dans plusieurs conditions m\u00e9dicales et dans le culturisme. Il est important de comprendre quels sont ses effets positifs sp\u00e9cifiques sur votre corps lorsque vous le consommez. Vous trouverez ci-dessous certains des principaux avantages du MK-677 Ibutamoren pour vous :<\/p>\n<ol>\n<li><strong>Soutient les niveaux d&rsquo;hormone de croissance<\/strong><br \/>\nIl stimule la production d&rsquo;hormone de croissance dans votre corps, et votre syst\u00e8me continue \u00e0 la lib\u00e9rer tout au long de la journ\u00e9e. Avec le MK-677, les gens peuvent litt\u00e9ralement observer comment l&rsquo;hormone de croissance contribue quotidiennement \u00e0 la r\u00e9paration et aux activit\u00e9s m\u00e9taboliques.<\/li>\n<li><strong>R\u00e9cup\u00e9ration plus rapide<\/strong><br \/>\nComme le MK-677 a \u00e9galement un effet sur les niveaux naturels d&rsquo;hormone de croissance et vous aide \u00e0 maintenir ces niveaux \u00e9lev\u00e9s, vous pouvez \u00e9galement b\u00e9n\u00e9ficier d&rsquo;un meilleur temps de r\u00e9cup\u00e9ration apr\u00e8s vos s\u00e9ances d&rsquo;entra\u00eenement. La prise de MK-677 peut favoriser un large \u00e9ventail de fonctions normales qui contribuent \u00e0 maintenir une hom\u00e9ostasie saine dans votre corps.<\/li>\n<li><strong>Meilleure qualit\u00e9 de sommeil\u2002 <\/strong><br \/>\nL&rsquo;Ibutamoren MK-677 en vente a une double action sur la m\u00e9latonine c\u00e9r\u00e9brale et sur sa production naturelle, qui est augment\u00e9e lors de la prise. Il peut donc am\u00e9liorer la qualit\u00e9 de votre sommeil, ainsi que votre concentration et votre \u00e9nergie.<\/li>\n<li><strong>Augmente les niveaux d&rsquo;IGF-1 <\/strong><br \/>\nL&rsquo;IGF-1 agit en synergie avec l&rsquo;hormone de croissance pour soutenir les tissus et les muscles du corps. Le MK677 peut augmenter votre IGF-1 de mani\u00e8re persistante, contribuant ainsi \u00e0 maintenir les muscles et les tissus de votre corps, ce qui renforce l&rsquo;action positive de l&rsquo;hormone de croissance dans le maintien des muscles et des tissus.<\/li>\n<li><strong>Peut donner des r\u00e9ponses hormonales pr\u00e9visibles<\/strong><br \/>\nLe MK677 offre une approche rythmique de la lib\u00e9ration hormonale sur plusieurs heures. Cela signifie que vous pouvez observer comment le corps y r\u00e9agit sans baisse inattendue des niveaux hormonaux.<\/li>\n<li><strong>Am\u00e9liore la densit\u00e9 et la r\u00e9sistance osseuses<\/strong><br \/>\nIl peut offrir un soutien indirect \u00e0 la densit\u00e9 et \u00e0 la r\u00e9sistance osseuses gr\u00e2ce \u00e0 son influence sur l&rsquo;IGF-1 et l&rsquo;hormone de croissance. Cela signifie que vous obtiendrez une stabilit\u00e9 de votre syst\u00e8me squelettique, et pas seulement un effet sur les muscles. Il peut aider le corps \u00e0 maintenir sa structure squelettique au fil du temps.<\/li>\n<li><strong>Augmente l&rsquo;app\u00e9tit<\/strong><br \/>\nComme mentionn\u00e9 pr\u00e9c\u00e9demment, le MK677 affecte le r\u00e9cepteur de la ghr\u00e9line, qui g\u00e8re l&rsquo;app\u00e9tit. Comme le MK677 agit sur les voies de signalisation de l&rsquo;organisme, vous pouvez ressentir une sensation de faim accrue.<\/li>\n<\/ol>\n<p>Lorsque vous achetez ce m\u00e9dicament \u00e0 un prix raisonnable dans notre boutique, vous pouvez constater et anticiper cet effet. Le MK677 est unique par rapport \u00e0 d&rsquo;autres substances en termes d&rsquo;effets sur les compos\u00e9s qui influencent les voies de l&rsquo;hormone de croissance.<\/p>\n<h2>Effets secondaires de l&rsquo;ibutamoren (MK-677)<\/h2>\n<p>Bien que les r\u00e9sultats du MK-677 soient quelque peu pr\u00e9visibles, \u00e9tant donn\u00e9 que la principale application de ce m\u00e9dicament est d&rsquo;augmenter les niveaux d&rsquo;hormone de croissance, il existe d&rsquo;autres situations dans lesquelles l&rsquo;organisme peut r\u00e9agir au MK-677. En fait, en sachant comment votre corps va r\u00e9agir, vous pouvez vous pr\u00e9parer aux effets secondaires courants du MK-677 Ibutamoren :<\/p>\n<ol>\n<li><strong>Troubles du sommeil<\/strong><br \/>\nLes troubles du sommeil et l&rsquo;insomnie sont des plaintes courantes chez les utilisateurs. Techniquement, le MK-677 fait entrer votre corps dans une phase catabolique pendant les premi\u00e8res semaines en augmentant votre taux d&rsquo;hormone de croissance. Certains se sentent plus fatigu\u00e9s que d&rsquo;habitude, mais il s&rsquo;agit probablement d&rsquo;effets temporaires, car les hormones traversent une p\u00e9riode de turbulence initiale et n&rsquo;auront pas d&rsquo;effet \u00e0 long terme.<\/li>\n<li><strong>Prise de poids<\/strong><br \/>\nLe MK-677 a tendance \u00e0 entra\u00eener une augmentation du poids corporel en raison de ses propri\u00e9t\u00e9s stimulantes de l&rsquo;app\u00e9tit. Lorsque vous prenez du MK-677, il est normal de constater une forte augmentation des calories par rapport \u00e0 lorsque vous n&rsquo;en prenez pas, alors pr\u00e9parez-vous-y.<\/li>\n<li><strong>Risque accru de diab\u00e8te de type 2<\/strong><br \/>\nComme beaucoup d&rsquo;autres m\u00e9dicaments stimulant l&rsquo;hormone de croissance, il existe un risque de diab\u00e8te pendant la prise de MK-677. Cela est d\u00fb \u00e0 la fa\u00e7on dont les niveaux \u00e9lev\u00e9s d&rsquo;hormone de croissance affectent la sensibilit\u00e9 \u00e0 l&rsquo;insuline. Les athl\u00e8tes qui en prennent \u00e0 long terme peuvent pr\u00e9senter des taux \u00e9lev\u00e9s d&rsquo;insuline dans le sang.<\/li>\n<li><strong>G\u00eane articulaire<\/strong><br \/>\nUn petit nombre d&rsquo;utilisateurs qui d\u00e9cident d&rsquo;acheter MK-677 Ibutamoren en ligne signalent des douleurs articulaires temporaires, telles que des raideurs ou des courbatures. Cela peut \u00eatre d\u00fb \u00e0 des changements dans les niveaux de liquide ou les tissus, mais ces douleurs sont g\u00e9n\u00e9ralement l\u00e9g\u00e8res. Ces douleurs donnent un aper\u00e7u de la r\u00e9ponse du corps \u00e0 l&rsquo;augmentation des niveaux de GH.<\/li>\n<li><strong>Sommeil plus long<\/strong><br \/>\nCela peut sembler controvers\u00e9, mais certains utilisateurs ne souffrent pas d&rsquo;insomnie, mais ont un sommeil plus long et plus profond. Ces effets indiquent la relation entre le MK-677 et les rythmes circadiens et les syst\u00e8mes hormonaux de l&rsquo;organisme.<\/li>\n<\/ol>\n<p>Tous ces effets sont g\u00e9n\u00e9ralement l\u00e9gers et ne durent que peu de temps. Ils fournissent tous des preuves de la mani\u00e8re dont le compos\u00e9 affecte les syst\u00e8mes hormonaux de l&rsquo;organisme. L&rsquo;observation de ces effets secondaires du MK-677 vous aidera \u00e0 comprendre comment le compos\u00e9 fonctionne et comment il vous affectera biologiquement.<\/p>\n<h2>Posologie, dur\u00e9e du cycle et utilisation s\u00fbre du MK-677 (Ibutamoren)<\/h2>\n<p>Pour comprendre comment le MK677 agit sur vous, vous devez tenir compte de la plage d&rsquo;activit\u00e9 normale du m\u00e9dicament et de son niveau de s\u00e9curit\u00e9. Plus vous comprenez comment ces \u00e9l\u00e9ments s&rsquo;inscrivent dans le tableau d&rsquo;ensemble de l&rsquo;effet des SARM MK 677 sur les syst\u00e8mes hormonaux de l&rsquo;organisme, plus vous comprenez pourquoi certains changements semblent prendre plus de temps \u00e0 se produire plut\u00f4t que de se produire du jour au lendemain.<\/p>\n<h3>Posologie recommand\u00e9e<\/h3>\n<p>Une bonne dose efficace est d&rsquo;environ 10 \u00e0 20 mg par jour pour le MK677, mais les utilisateurs exp\u00e9riment\u00e9s vont jusqu&rsquo;\u00e0 20 \u00e0 25 mg par jour pour obtenir un effet \u00e0 long terme du compos\u00e9. Vous obtiendrez les r\u00e9sultats du MK-677 bas\u00e9s sur l&rsquo;augmentation des niveaux d&rsquo;hormone de croissance ou d&rsquo;hormone IGF-1 dans les 3 \u00e0 5 jours, mais vous constaterez une augmentation significative apr\u00e8s 1 \u00e0 2 semaines. Plus important encore, les gains progressifs sur ces p\u00e9riodes sont r\u00e9guliers, ce qui permet de suivre assez facilement les progr\u00e8s r\u00e9alis\u00e9s avec le MK-677.<\/p>\n<h3>Dur\u00e9e du cycle<\/h3>\n<p>La dur\u00e9e du cycle du MK-677 pour obtenir un effet br\u00fble-graisse peut \u00eatre de 8 \u00e0 12 semaines, et pour la recomposition, il est recommand\u00e9 de prendre le m\u00e9dicament pendant 16 \u00e0 24 semaines. L&rsquo;activit\u00e9 des hormones pendant le traitement au MK-677 est relativement stable, il n&rsquo;y a donc pas de fluctuations et le sch\u00e9ma g\u00e9n\u00e9ral des changements est plus facile \u00e0 interpr\u00e9ter. Ce sch\u00e9ma lent refl\u00e8te la fa\u00e7on dont un athl\u00e8te peut s&rsquo;adapter et rester en hom\u00e9ostasie.<\/p>\n<h3>Conseils d&rsquo;utilisation s\u00e9curitaire<\/h3>\n<p>Lorsque vous envisagez d&rsquo;acheter du MK-677 en ligne, il est bon de surveiller la fa\u00e7on dont votre corps peut r\u00e9agir au m\u00e9dicament. Les changements de sommeil peuvent affecter les niveaux d&rsquo;\u00e9nergie de nombreuses fa\u00e7ons diff\u00e9rentes, et tout comme les changements d&rsquo;\u00e9nergie, les changements de sommeil peuvent indiquer des performances compos\u00e9es pour l&rsquo;utilisateur. Il est donc pr\u00e9f\u00e9rable de garder un \u0153il sur les \u00e9l\u00e9ments mentionn\u00e9s, car cela peut vous aider \u00e0 observer comment votre corps est affect\u00e9 et vous donner les meilleures chances de profiter des avantages.<\/p>\n<p>Dans cette pr\u00e9sentation du MK-677 Ibutamoren, nous souhaitons vous fournir les principaux conseils pour une utilisation s\u00fbre de ce m\u00e9dicament, afin que vous puissiez mener \u00e0 bien votre cycle :<\/p>\n<ul>\n<li>Surveillez vos habitudes de sommeil, car le MK-677 peut influencer votre sommeil.<\/li>\n<li>Notez comment vous vous sentez, notamment si vous ressentez des raideurs ou de l\u00e9g\u00e8res douleurs, et surveillez \u00e9galement votre \u00e9tat d&rsquo;esprit d&rsquo;un jour \u00e0 l&rsquo;autre jusqu&rsquo;\u00e0 la fin du cycle.<\/li>\n<li>Veillez \u00e9galement \u00e0 surveiller votre niveau d&rsquo;\u00e9nergie pendant la journ\u00e9e afin de savoir comment votre corps r\u00e9agit au MK-677 et de d\u00e9tecter le plus t\u00f4t possible tout effet secondaire.<\/li>\n<li>Soyez pr\u00eat \u00e0 souffrir d&rsquo;une l\u00e9g\u00e8re r\u00e9tention d&rsquo;eau dans les jambes, les pieds ou les doigts, ce qui est normal.<\/li>\n<li>Achetez des m\u00e9dicaments au meilleur prix MK-677 Ibutamoren uniquement dans des magasins de confiance comme le n\u00f4tre, afin d&rsquo;\u00e9viter les faux m\u00e9dicaments et d&rsquo;obtenir des r\u00e9sultats \u00e9tonnants.<\/li>\n<\/ul>\n<p>En suivant ces conseils, vous comprendrez mieux les effets \u00e0 long terme du MK-677 sur vous. Soyez toujours attentif aux changements mineurs dans votre corps, cela vous permettra d&rsquo;\u00eatre plus conscient de votre \u00e9tat physique et vous aidera \u00e0 remarquer les effets d\u00e8s qu&rsquo;ils se produisent.<\/p>\n<h2>Ibutamoren MK-677 en association avec d&rsquo;autres compos\u00e9s<\/h2>\n<p>La m\u00e9thode la plus populaire consiste \u00e0 acheter MK-677 Ibutamoren en ligne et \u00e0 l&rsquo;associer \u00e0 Ostarine (MK-2866). Il a toujours \u00e9t\u00e9 d\u00e9montr\u00e9 qu&rsquo;Ostarine permettait de maintenir la masse musculaire, et la combinaison des deux produits peut entra\u00eener diff\u00e9rents niveaux de restauration, avec une activit\u00e9 hormonale suppl\u00e9mentaire r\u00e9sultant de leur influence sur diff\u00e9rents syst\u00e8mes corporels. Dans ce cas, le MK-677 est li\u00e9 \u00e0 ses performances qui augmentent les niveaux d&rsquo;hormone de croissance et de facteur de croissance analogue \u00e0 l&rsquo;insuline, tandis que l&rsquo;Ostarine est li\u00e9e \u00e0 ses performances avec les androg\u00e8nes via le r\u00e9cepteur des androg\u00e8nes.<\/p>\n<p>Un autre exemple de substance suppos\u00e9e \u00eatre li\u00e9e au gain musculaire est le Ligandrol (LGD-4033). La double action des deux produits, le MK-677 et le Ligandrol, est cens\u00e9e fournir les meilleurs r\u00e9sultats gr\u00e2ce \u00e0 des processus hormonaux et musculaires. Bien que les deux aient prouv\u00e9 qu&rsquo;ils augmentaient consid\u00e9rablement les niveaux de testost\u00e9rone, le Ligandrol a un impact direct sur les tissus musculaires. Lorsqu&rsquo;ils sont associ\u00e9s, le Ligandrol et le MK-677 (Ibutamoren) nous donnent une image claire de la mani\u00e8re dont nous pouvons influencer l&rsquo;adaptation et la r\u00e9cup\u00e9ration d&rsquo;un point de vue sportif.<\/p>\n<p>Le GW-501516 (Cardarine) est parfois associ\u00e9 \u00e0 d&rsquo;autres produits chimiques en raison de son effet sur l&rsquo;endurance et les syst\u00e8mes \u00e9nerg\u00e9tiques. La Cardarine agit sur des r\u00e9cepteurs diff\u00e9rents de ceux de l&rsquo;Ibutamoren. Cependant, la comparaison du MK 677 avant et apr\u00e8s avec la Cardarine peut \u00e9clairer l&rsquo;interaction de certaines voies hormonales. Plus rarement, le MK-677 peut \u00e9galement \u00eatre associ\u00e9 \u00e0 l&rsquo;Andarine (S4) et au Nutrobal (MK-677) \u00e0 des fins de d\u00e9veloppement tissulaire.<\/p>\n<h2>Erreurs courantes commises par les d\u00e9butants lors de l&rsquo;utilisation de l&rsquo;Ibutamoren (MK-677)<\/h2>\n<p>En raison de cette augmentation progressive de l&rsquo;activit\u00e9, les d\u00e9butants qui ach\u00e8tent du MK 677 comprennent mal comment prendre correctement le m\u00e9dicament et commettent des erreurs courantes. Ils peuvent ensuite confondre ce qui se passe avec leurs propres r\u00e9actions physiques naturelles.<\/p>\n<ol>\n<li><strong>S&rsquo;attendre \u00e0 des effets instantan\u00e9s<\/strong><br \/>\nLa raison pour laquelle le MK-677 est formidable est qu&rsquo;il agit progressivement au fil du temps et am\u00e9liore tellement votre r\u00e9cup\u00e9ration et l&rsquo;entretien de vos tissus que lorsque vous atteignez enfin votre objectif, vous remarquez l&rsquo;am\u00e9lioration. Par exemple, si un d\u00e9butant prend du MK-677 pendant une semaine et qu&rsquo;il est d\u00e9courag\u00e9 de ne ressentir aucune diff\u00e9rence, il peut avoir l&rsquo;impression que le produit ne fonctionne pas.<\/li>\n<li><strong>Ignorer les signaux de votre corps<\/strong><br \/>\nUne augmentation de l&rsquo;app\u00e9tit peut \u00e9galement \u00eatre n\u00e9cessaire, ainsi qu&rsquo;une l\u00e9g\u00e8re r\u00e9tention d&rsquo;eau et une fatigue passag\u00e8re, mais ce n&rsquo;est pas courant. N&rsquo;ignorez pas ces signes provenant de votre corps. Ils vous aideront \u00e0 ressentir les effets naturels apr\u00e8s avoir pris du MK-677.<\/li>\n<li><strong>Manque de r\u00e9gularit\u00e9<\/strong><br \/>\nLe MK 677 Ibutamoren a une demi-vie relativement longue et ses effets peuvent \u00eatre attribu\u00e9s \u00e0 un niveau hormonal constant et soutenu. Cependant, une utilisation irr\u00e9guli\u00e8re des intervalles ou le fait de passer d&rsquo;un programme d&rsquo;utilisation quotidien \u00e0 un programme d&rsquo;utilisation intermittent peut vous emp\u00eacher de constater des changements.<\/li>\n<li><strong>Interpr\u00e9tation excessive des effets secondaires<\/strong><br \/>\nUne augmentation de l&rsquo;app\u00e9tit, une l\u00e9g\u00e8re fatigue et des douleurs articulaires sont des effets typiques du MK-677. Il s&rsquo;agit simplement de r\u00e9actions physiologiques normales qui ne sont pas r\u00e9v\u00e9latrices d&rsquo;un probl\u00e8me li\u00e9 au compos\u00e9.<\/li>\n<li><strong>N\u00e9gliger un mode de vie sain<\/strong><br \/>\nLa qualit\u00e9 de votre alimentation, la qualit\u00e9 de votre sommeil et la quantit\u00e9 d&rsquo;exercice que vous faites ont tous un impact sur la fa\u00e7on dont votre corps r\u00e9agit au MK-677. Si vous n\u00e9gligez votre mode de vie en g\u00e9n\u00e9ral, vous ne constaterez probablement pas beaucoup de changements, voire aucun.<\/li>\n<\/ol>\n<p>De nombreux nouveaux utilisateurs d&rsquo;Ibutamoren MK-677 ont tendance \u00e0 croire \u00e0 tort qu&rsquo;ils ressentiront imm\u00e9diatement les effets, et certains ne remarquent pas du tout les signes subtils indiquant que le compos\u00e9 agit. Un mode de vie coh\u00e9rent et une r\u00e9flexion globale sur vos activit\u00e9s peuvent vous aider \u00e0 mieux comprendre comment le MK-677 peut s&rsquo;int\u00e9grer au mieux dans votre programme sportif.<\/p>\n","protected":false},"excerpt":{"rendered":"<p>Nom Type Effets principaux Effets secondaires Suppression de la testost\u00e9rone Cycle typique Id\u00e9al pour Dur\u00e9e de demi-vie D\u00e9but d\u2019action PCT n\u00e9cessaire Toxicit\u00e9 Andarine (S-4) SARM Perte de graisse, muscle sec, augmentation de la force Alt\u00e9rations de la vision Moyenne 6\u20138 semaines S\u00e8che, recomposition ~4 heures 7\u201310 jours Oui Faible Cardarine (GW-501516) Agoniste PPAR\u03b4 Am\u00e9lioration de [&hellip;]<\/p>\n","protected":false},"featured_media":695,"comment_status":"open","ping_status":"closed","template":"","meta":{"_acf_changed":false},"product_brand":[],"product_cat":[46],"product_tag":[],"class_list":{"0":"post-1201","1":"product","2":"type-product","3":"status-publish","4":"has-post-thumbnail","6":"product_cat-sarms","8":"first","9":"instock","10":"shipping-taxable","11":"purchasable","12":"product-type-variable"},"acf":[],"_links":{"self":[{"href":"https:\/\/sarms-sport.com\/fr\/wp-json\/wp\/v2\/product\/1201","targetHints":{"allow":["GET"]}}],"collection":[{"href":"https:\/\/sarms-sport.com\/fr\/wp-json\/wp\/v2\/product"}],"about":[{"href":"https:\/\/sarms-sport.com\/fr\/wp-json\/wp\/v2\/types\/product"}],"replies":[{"embeddable":true,"href":"https:\/\/sarms-sport.com\/fr\/wp-json\/wp\/v2\/comments?post=1201"}],"wp:featuredmedia":[{"embeddable":true,"href":"https:\/\/sarms-sport.com\/fr\/wp-json\/wp\/v2\/media\/695"}],"wp:attachment":[{"href":"https:\/\/sarms-sport.com\/fr\/wp-json\/wp\/v2\/media?parent=1201"}],"wp:term":[{"taxonomy":"product_brand","embeddable":true,"href":"https:\/\/sarms-sport.com\/fr\/wp-json\/wp\/v2\/product_brand?post=1201"},{"taxonomy":"product_cat","embeddable":true,"href":"https:\/\/sarms-sport.com\/fr\/wp-json\/wp\/v2\/product_cat?post=1201"},{"taxonomy":"product_tag","embeddable":true,"href":"https:\/\/sarms-sport.com\/fr\/wp-json\/wp\/v2\/product_tag?post=1201"}],"curies":[{"name":"wp","href":"https:\/\/api.w.org\/{rel}","templated":true}]}}