{"id":1204,"date":"2025-05-05T13:44:57","date_gmt":"2025-05-05T11:44:57","guid":{"rendered":"https:\/\/sarms-sport.com\/ligandrolo-zillt-medicine-ligandrol-lgd-4033\/"},"modified":"2025-12-25T17:50:08","modified_gmt":"2025-12-25T16:50:08","slug":"ligandrolo-zillt-medicine-ligandrol-lgd-4033","status":"publish","type":"product","link":"https:\/\/sarms-sport.com\/fr\/ligandrolo-zillt-medicine-ligandrol-lgd-4033\/","title":{"rendered":"Ligandrolo Zillt Medicine (Ligandrol LGD-4033)"},"content":{"rendered":"<table>\n<tbody>\n<tr>\n<td style=\"text-align: center;\"><strong>Nom<\/strong><\/td>\n<td style=\"text-align: center;\"><strong>Type<\/strong><\/td>\n<td style=\"text-align: center;\"><strong>Effets principaux<\/strong><\/td>\n<td style=\"text-align: center;\"><strong>Effets secondaires<\/strong><\/td>\n<td style=\"text-align: center;\"><strong>Suppression de la testost\u00e9rone<\/strong><\/td>\n<td style=\"text-align: center;\"><strong>Cycle typique<\/strong><\/td>\n<td style=\"text-align: center;\"><strong>Id\u00e9al pour<\/strong><\/td>\n<td style=\"text-align: center;\"><strong>Dur\u00e9e de demi-vie<\/strong><\/td>\n<td style=\"text-align: center;\"><strong>D\u00e9but d\u2019action<\/strong><\/td>\n<td style=\"text-align: center;\"><strong>PCT n\u00e9cessaire<\/strong><\/td>\n<td style=\"text-align: center;\"><strong>Toxicit\u00e9<\/strong><\/td>\n<\/tr>\n<tr>\n<td style=\"text-align: center;\"><a href=\"https:\/\/sarms-sport.com\/fr\/andarino-zillt-medicine-andarine-s4\/\"><strong>Andarine (S-4)<\/strong><\/a><\/td>\n<td>SARM<\/td>\n<td>Perte de graisse, muscle sec, augmentation de la force<\/td>\n<td>Alt\u00e9rations de la vision<\/td>\n<td>Moyenne<\/td>\n<td>6\u20138 semaines<\/td>\n<td>S\u00e8che, recomposition<\/td>\n<td>~4 heures<\/td>\n<td>7\u201310 jours<\/td>\n<td>Oui<\/td>\n<td>Faible<\/td>\n<\/tr>\n<tr>\n<td style=\"text-align: center;\"><a href=\"https:\/\/sarms-sport.com\/fr\/cardarino-zillt-medicine-cardarine-gw-501516\/\"><strong>Cardarine (GW-501516)<\/strong><\/a><\/td>\n<td>Agoniste PPAR\u03b4<\/td>\n<td>Am\u00e9lioration de l\u2019endurance, oxydation des graisses, m\u00e9tabolisme<\/td>\n<td>Risques potentiels \u00e0 fortes doses<\/td>\n<td>Non<\/td>\n<td>6\u201312 semaines<\/td>\n<td>S\u00e8che, endurance<\/td>\n<td>16\u201324 heures<\/td>\n<td>3\u20135 jours<\/td>\n<td>Non<\/td>\n<td>Tr\u00e8s faible<\/td>\n<\/tr>\n<tr>\n<td style=\"text-align: center;\"><a href=\"https:\/\/sarms-sport.com\/fr\/ibutamoreno-zillt-medicine-ibutamoren-mk-677\/\"><strong>Ibutamoren (MK-677)<\/strong><\/a><\/td>\n<td>S\u00e9cr\u00e9tagogue de GH<\/td>\n<td>Augmente GH\/IGF-1, r\u00e9cup\u00e9ration, am\u00e9lioration du sommeil<\/td>\n<td>App\u00e9tit accru, r\u00e9tention d\u2019eau<\/td>\n<td>Non<\/td>\n<td>8\u201316 semaines<\/td>\n<td>Prise de masse, r\u00e9cup\u00e9ration<\/td>\n<td>20\u201324 heures<\/td>\n<td>5\u20137 jours<\/td>\n<td>Non<\/td>\n<td>Faible<\/td>\n<\/tr>\n<tr>\n<td style=\"text-align: center;\"><a href=\"https:\/\/sarms-sport.com\/fr\/ligandrolo-zillt-medicine-ligandrol-lgd-4033\/\"><strong>Ligandrol (LGD-4033)<\/strong><\/a><\/td>\n<td>SARM<\/td>\n<td>Gain de masse et de force, meilleure r\u00e9cup\u00e9ration<\/td>\n<td>Forte suppression<\/td>\n<td>\u00c9lev\u00e9e<\/td>\n<td>6\u20138 semaines<\/td>\n<td>Prise de masse<\/td>\n<td>24\u201336 heures<\/td>\n<td>7\u201310 jours<\/td>\n<td>Oui<\/td>\n<td>Faible<\/td>\n<\/tr>\n<tr>\n<td style=\"text-align: center;\"><a href=\"https:\/\/sarms-sport.com\/fr\/ostarino-zillt-medicine-ostarine-mk-2866\/\"><strong>Ostarine (MK-2866)<\/strong><\/a><\/td>\n<td>SARM<\/td>\n<td>Masse maigre, soutien articulaire, recomposition l\u00e9g\u00e8re<\/td>\n<td>L\u00e9g\u00e8re suppression<\/td>\n<td>Faible<\/td>\n<td>6\u20138 semaines<\/td>\n<td>Recomposition<\/td>\n<td>24 heures<\/td>\n<td>10\u201314 jours<\/td>\n<td>Non<\/td>\n<td>Tr\u00e8s faible<\/td>\n<\/tr>\n<tr>\n<td style=\"text-align: center;\"><a href=\"https:\/\/sarms-sport.com\/fr\/s23-zillt-medicine-mastorin-s23\/\"><strong>Mastorin (S-23)<\/strong><\/a><\/td>\n<td>SARM puissant<\/td>\n<td>Force, muscle sec et dense, effet de durcissement marqu\u00e9<\/td>\n<td>Suppression tr\u00e8s forte<\/td>\n<td>Tr\u00e8s \u00e9lev\u00e9e<\/td>\n<td>4\u20136 semaines<\/td>\n<td>S\u00e8che avanc\u00e9e, force<\/td>\n<td>~12 heures<\/td>\n<td>3\u20137 jours<\/td>\n<td>Oui<\/td>\n<td>Mod\u00e9r\u00e9e<\/td>\n<\/tr>\n<tr>\n<td style=\"text-align: center;\"><a href=\"https:\/\/sarms-sport.com\/fr\/stenabolo-zillt-medicine-stenabolic-sr-9009\/\"><strong>Stenabolic (SR-9009)<\/strong><\/a><\/td>\n<td>Agoniste Rev-ERB<\/td>\n<td>Boost du m\u00e9tabolisme, perte de graisse, endurance<\/td>\n<td>Prise fr\u00e9quente n\u00e9cessaire<\/td>\n<td>Non<\/td>\n<td>6\u201310 semaines<\/td>\n<td>S\u00e8che<\/td>\n<td>1\u20132 heures<\/td>\n<td>2\u20134 jours<\/td>\n<td>Non<\/td>\n<td>Tr\u00e8s faible<\/td>\n<\/tr>\n<tr>\n<td style=\"text-align: center;\"><a href=\"https:\/\/sarms-sport.com\/fr\/testolono-zillt-medicine-testolone-rad-140\/\"><strong>Testolone (RAD-140)<\/strong><\/a><\/td>\n<td>SARM<\/td>\n<td>Augmentation de la force, masse musculaire, effet anti-catabolique<\/td>\n<td>Suppression, irritabilit\u00e9<\/td>\n<td>\u00c9lev\u00e9e<\/td>\n<td>6\u20138 semaines<\/td>\n<td>Prise de masse, force<\/td>\n<td>~60 heures<\/td>\n<td>5\u20137 jours<\/td>\n<td>Oui<\/td>\n<td>Faible \u00e0 moyenne<\/td>\n<\/tr>\n<tr>\n<td style=\"text-align: center;\"><a href=\"https:\/\/sarms-sport.com\/fr\/yk-11-zillt-medicine-myostan-yk11\/\"><strong>Myostan (YK-11)<\/strong><\/a><\/td>\n<td>Inhibiteur de myostatine<\/td>\n<td>Augmentation rapide de la force, hypertrophie acc\u00e9l\u00e9r\u00e9e, masse dense<\/td>\n<td>Stress h\u00e9patique, agressivit\u00e9<\/td>\n<td>\u00c9lev\u00e9e<\/td>\n<td>4\u20138 semaines<\/td>\n<td>Prise de masse, force<\/td>\n<td>6\u201310 heures<\/td>\n<td>5\u20137 jours<\/td>\n<td>Oui<\/td>\n<td>Moyenne \u00e0 \u00e9lev\u00e9e<\/td>\n<\/tr>\n<\/tbody>\n<\/table>\n<h2>Qu&rsquo;est-ce que le Ligandrol (LGD-4033) ?<\/h2>\n<p>Le Ligandrol LGD-4033 est un modulateur s\u00e9lectif des r\u00e9cepteurs androg\u00e8nes non st\u00e9ro\u00efdien et oral qui se lie aux r\u00e9cepteurs androg\u00e8nes dans les muscles et les os. Les scientifiques s&rsquo;int\u00e9ressent au Ligandrol en tant que protecteur ou pr\u00e9servateur musculaire potentiel pour les personnes qui perdent du muscle en raison du vieillissement ou d&rsquo;une activit\u00e9 physique r\u00e9duite. Le Ligandrol a attir\u00e9 l&rsquo;attention en raison de son action sp\u00e9cifique et de ses applications cliniques possibles en remplacement des hormonoth\u00e9rapies.<\/p>\n<p>Maintenant que vous savez ce qu&rsquo;est le LGD-4033 Ligandrol, il est important de noter qu&rsquo;il agit sur les cellules musculaires, ce qui contribue \u00e0 maintenir la force. Son utilisation pour am\u00e9liorer les performances physiques est donc consid\u00e9r\u00e9e comme s\u00e9rieuse. Des recherches sont actuellement en cours sur l&rsquo;utilisation potentielle du Ligardol et de m\u00e9dicaments similaires pour r\u00e9duire la fatigue et les l\u00e9sions musculaires pendant les p\u00e9riodes de d\u00e9veloppement acc\u00e9l\u00e9r\u00e9 de la force, ainsi que pour restaurer les muscles sans effets syst\u00e9miques sur le syst\u00e8me hormonal.<\/p>\n<h2>Comment fonctionne le LGD 4033 Ligandrol<\/h2>\n<p>Le Ligandrol LGD 4033 se lie \u00e0 des r\u00e9cepteurs androg\u00e8nes sp\u00e9cifiques, qui jouent un r\u00f4le dans le maintien de la masse musculaire. Au fur et \u00e0 mesure que les recherches progressaient, des sch\u00e9mas r\u00e9currents ont commenc\u00e9 \u00e0 \u00e9merger dans des \u00e9tudes contr\u00f4l\u00e9es \u00e0 court terme. Ces sch\u00e9mas permettent aux scientifiques d&rsquo;\u00e9tudier plus directement les changements physiques et d&rsquo;observer les effets du m\u00e9dicament sous observation suppl\u00e9mentaire. Prises ensemble, ces observations devraient permettre aux chercheurs de comprendre si le LGD-4033 Ligandrol peut affecter les tissus musculaires et osseux.<\/p>\n<p>Voyons comment le m\u00e9dicament affecte le corps d&rsquo;un athl\u00e8te pendant un cycle :<\/p>\n<ul>\n<li>Le LGD-4033 provoque des changements mesurables dans la masse musculaire maigre.<\/li>\n<li>Il n&rsquo;a aucun effet syst\u00e9mique et n&rsquo;affecte que les muscles et les os.<\/li>\n<li>Le m\u00e9dicament s&rsquo;est av\u00e9r\u00e9 augmenter la force de pr\u00e9hension dans des \u00e9tudes contr\u00f4l\u00e9es.<\/li>\n<li>Le Ligandrol a des effets hormonaux faibles sur l&rsquo;organisme.<\/li>\n<li>Sa liaison aux r\u00e9cepteurs androg\u00e8nes semble \u00eatre la plus forte de tous les compos\u00e9s.<\/li>\n<\/ul>\n<p>Il est important de noter que ses effets s\u00e9lectifs sugg\u00e8rent qu&rsquo;il pourrait \u00eatre possible d&rsquo;\u00e9valuer la pr\u00e9servation musculaire sans les effets perturbateurs des th\u00e9rapies hormonales. C&rsquo;est pourquoi le Ligandrol (LGD-4033) continue de susciter l&rsquo;int\u00e9r\u00eat dans la recherche li\u00e9e aux r\u00e9sultats de r\u00e9\u00e9ducation et \u00e0 la d\u00e9t\u00e9rioration de la fonction musculaire li\u00e9e \u00e0 l&rsquo;\u00e2ge.<\/p>\n<h2>Avantages du LGD-4033 Ligandrol<\/h2>\n<p>Ses effets sur les tissus musculaires et osseux ont rendu le Ligandrol tr\u00e8s populaire parmi les athl\u00e8tes. Les recherches pr\u00e9liminaires, combin\u00e9es aux informations issues des rapports des patients, sugg\u00e8rent qu&rsquo;il pourrait avoir plusieurs applications. Vous trouverez ci-dessous la liste des principaux avantages du LGD 4033 :<\/p>\n<ol>\n<li><strong>Am\u00e9liore la pr\u00e9servation musculaire<\/strong><br \/>\nLe LGD-4033 peut influencer les muscles de mani\u00e8re \u00e0 favoriser la conservation des tissus maigres lorsqu&rsquo;un athl\u00e8te risque de perdre du muscle en raison de son \u00e2ge ou d&rsquo;une maladie.<\/li>\n<li><strong>Peut aider \u00e0 augmenter la force<\/strong><br \/>\nLes personnes deviennent plus fortes sur des marqueurs mesurables de la force en quelques semaines. Ces donn\u00e9es indiquent que, sous surveillance clinique, cette substance pourrait am\u00e9liorer les performances physiques.<\/li>\n<li><strong>Activit\u00e9 cibl\u00e9e<\/strong><br \/>\nCet agent a une activit\u00e9 s\u00e9lective sur les muscles et les os, ce qui permet de d\u00e9montrer des changements favorables dans ces tissus en l&rsquo;absence de perturbation endocrinienne syst\u00e9mique.<\/li>\n<li><strong>Soutien osseux<\/strong><br \/>\nCertaines donn\u00e9es sugg\u00e8rent que le Ligandrol LGD 4033 SARM pourrait contribuer \u00e0 augmenter ou \u00e0 maintenir la densit\u00e9 osseuse. Il s&rsquo;agit d&rsquo;un aspect important du traitement des troubles squelettiques chez les personnes \u00e0 risque.<\/li>\n<li><strong>Aide \u00e0 la r\u00e9cup\u00e9ration<\/strong><br \/>\nLe LGD-4033 peut pr\u00e9server la fonction musculaire pendant l&rsquo;inactivit\u00e9. Il a donc suscit\u00e9 un int\u00e9r\u00eat consid\u00e9rable en tant que sujet de recherche dans le domaine de la r\u00e9\u00e9ducation physique et de la r\u00e9cup\u00e9ration.<\/li>\n<li><strong>Pr\u00e9serve la masse maigre en situation de stress<\/strong><br \/>\nLes r\u00e9sultats d&rsquo;essais visant \u00e0 \u00e9valuer les effets d&rsquo;une activit\u00e9 restreinte ou d&rsquo;une restriction \u00e9nerg\u00e9tique indiquent que le LGD-4033 peut favoriser le maintien de la masse musculaire en situation de stress. En particulier lorsque la masse musculaire maigre est susceptible de se d\u00e9grader.<\/li>\n<li><strong>Encourage la poursuite des recherches<\/strong><br \/>\nLa s\u00e9lectivit\u00e9 et les effets musculaires et osseux du LGD-4033 en font toujours un candidat int\u00e9ressant pour la recherche clinique. Les scientifiques \u00e9tudient les avantages du Ligandrol LGD 4033, pour son potentiel \u00e0 prot\u00e9ger contre la perte de force, \u00e0 pr\u00e9server les tissus et \u00e0 faciliter la r\u00e9cup\u00e9ration apr\u00e8s un effort contr\u00f4l\u00e9.<\/li>\n<\/ol>\n<p>En g\u00e9n\u00e9ral, le Ligandrol en vente peut avoir des effets b\u00e9n\u00e9fiques sur les muscles et les os. Sa s\u00e9lectivit\u00e9, ainsi que certaines des associations \u00e9voqu\u00e9es dans la section pr\u00e9c\u00e9dente, font du LGD-4033 un candidat int\u00e9ressant pour des recherches plus approfondies, n\u00e9cessaires pour confirmer ses effets positifs \u00e0 long terme.<\/p>\n<h2>Effets secondaires du Ligandrol (LGD-4033)<\/h2>\n<p>Ce SARM fait encore l&rsquo;objet de recherches et de nombreux effets \u00e0 long terme sont encore inconnus. Il est donc important d&rsquo;en \u00eatre conscient avant de l&rsquo;utiliser. Voici les effets secondaires les plus courants du LGD 4033 que les culturistes peuvent ressentir pendant le cycle de Ligandrol :<\/p>\n<ol>\n<li><strong>Changements hormonaux <\/strong><br \/>\nBien que le LGD-4033 soit un SARM s\u00e9lectif, les utilisateurs ont tout de m\u00eame signal\u00e9 qu&rsquo;il pouvait affecter les niveaux hormonaux syst\u00e9miques. Ils ont alors remarqu\u00e9 qu&rsquo;apr\u00e8s une utilisation \u00e0 long terme du LGD-4033, la production endocrinienne pouvait \u00eatre temporairement modifi\u00e9e, ce qui devrait faire l&rsquo;objet d&rsquo;\u00e9tudes plus approfondies.<\/li>\n<li><strong>Fatigue<\/strong><br \/>\nElle a \u00e9t\u00e9 signal\u00e9e par certains utilisateurs au cours des p\u00e9riodes d&rsquo;observation initiales. La fatigue est apparue \u00e0 la fois en raison de la modification du m\u00e9tabolisme musculaire et de la r\u00e9action des r\u00e9cepteurs.<\/li>\n<li><strong>Maux de t\u00eate<\/strong><br \/>\nParfois, les athl\u00e8tes signalent des maux de t\u00eate d&rsquo;intensit\u00e9 mod\u00e9r\u00e9e. Ces effets sont souvent transitoires et ne sont pas inattendus dans les premi\u00e8res phases d&rsquo;exposition au LGD-4033.<\/li>\n<li><strong>Sensibilit\u00e9 digestive<\/strong><br \/>\nDans de rares cas, les utilisateurs du LGD 4033 peuvent ressentir un l\u00e9ger inconfort digestif. Cela sugg\u00e8re que la substance peut interf\u00e9rer avec les processus digestifs normaux de l&rsquo;organisme, au moins temporairement.<\/li>\n<li><strong>Effets \u00e0 long terme inconnus<\/strong><br \/>\nOn sait peu de choses sur les effets \u00e0 long terme du Ligandrol LGD-4033 en vente en raison du nombre limit\u00e9 de recherches. Les chercheurs ont soulign\u00e9 l&rsquo;importance d&rsquo;une surveillance continue afin d&rsquo;identifier tout risque potentiel \u00e0 long terme.<\/li>\n<\/ol>\n<p>Il ne semble pas y avoir beaucoup d&rsquo;effets secondaires du Ligandrol LGD-4033 dans un cycle \u00e0 court terme. Cependant, vous devez \u00eatre conscient des effets hormonaux, physiques et digestifs possibles et savoir comment les g\u00e9rer.<\/p>\n<h2>LGD 4033 (Ligandrol) : posologie, dur\u00e9e du cycle et utilisation s\u00fbre<\/h2>\n<p>Le LGD-4033 peut susciter une certaine confusion en ce qui concerne le dosage, la dur\u00e9e et la s\u00e9curit\u00e9. Tout d&rsquo;abord, lorsque vous connaissez les r\u00e9ponses \u00e0 ces questions et que vous comprenez ce que signifient ces notions de base, son effet sur le corps humain commence \u00e0 devenir un peu plus clair. En savoir plus sur ce m\u00e9dicament vous permettra d&rsquo;aborder votre cycle diff\u00e9remment et de rencontrer moins de probl\u00e8mes.<\/p>\n<h3>Posologie recommand\u00e9e<\/h3>\n<p>En g\u00e9n\u00e9ral, la posologie maximale s\u00fbre pour commencer le LGD 4033 pour les athl\u00e8tes exp\u00e9riment\u00e9s est de 10 mg. \u00c9vitez de commencer par une dose \u00e9lev\u00e9e, car cela peut \u00eatre dangereux. Il est pr\u00e9f\u00e9rable d&rsquo;utiliser la dose minimale et de l&rsquo;augmenter progressivement en fonction de la tol\u00e9rance. Cette m\u00e9thode de surveillance vous permettra de suivre les changements de la masse maigre sans risque excessif.<\/p>\n<h3>Dur\u00e9e du cycle<\/h3>\n<p>Les g\u00e9lules de LGD-4033 Ligandrol en vente doivent \u00eatre prises par cycles courts de 2 \u00e0 4 semaines. Ces cycles de courte dur\u00e9e induisent avec succ\u00e8s des changements mesurables dans la masse musculaire et la force. Cela vous permet de surveiller la rapidit\u00e9 et l&rsquo;importance avec lesquelles les effets se manifestent et persistent apr\u00e8s la fin du cycle. C&rsquo;est la cl\u00e9 pour comprendre les indicateurs document\u00e9s qui sont enregistr\u00e9s dans l&rsquo;organisme sur une longue p\u00e9riode de mani\u00e8re s\u00fbre.<\/p>\n<h3>Conseils d&rsquo;utilisation en toute s\u00e9curit\u00e9<\/h3>\n<p>La s\u00e9curit\u00e9 est toujours primordiale, et pour la garantir, vous devez maintenir une activit\u00e9, une alimentation et un repos normaux. De nombreux d\u00e9butants veulent savoir comment utiliser en toute s\u00e9curit\u00e9 un m\u00e9dicament \u00e0 un prix abordable Ligandrol LGD-4033 dans notre magasin, et nous avons pr\u00e9par\u00e9 une liste de conseils :<\/p>\n<ul>\n<li>D\u00e8s le d\u00e9but, surveillez la r\u00e9action de votre corps aux changements de conditions pendant les premiers jours d&rsquo;exposition.<\/li>\n<li>Ensuite, veillez \u00e0 ce que votre alimentation reste relativement stable. Comme vous maintenez une alimentation r\u00e9guli\u00e8re pendant le cycle, le processus d&rsquo;adaptation de votre corps sera pr\u00e9visible.<\/li>\n<li>Ensuite, veillez \u00e0 ce que votre niveau d&rsquo;activit\u00e9 reste stable tout au long du cycle.<\/li>\n<li>Un programme d&rsquo;activit\u00e9 physique quotidien r\u00e9gulier vous permettra d&rsquo;\u00e9valuer les effets r\u00e9els sur vos muscles et vos os.<\/li>\n<li>N&rsquo;oubliez pas de vous reposer et de dormir suffisamment, en particulier apr\u00e8s des s\u00e9ances d&rsquo;entra\u00eenement intensives.<\/li>\n<\/ul>\n<p>Le LGD 4033 en vente donne des r\u00e9sultats prometteurs dans un environnement et un r\u00e9gime contr\u00f4l\u00e9s. Les r\u00e9sultats obtenus devraient montrer qu&rsquo;il est essentiel de toujours faire preuve de prudence pendant et m\u00eame apr\u00e8s le cycle.<\/p>\n<h2>Ligandrol LGD-4033 en association avec d&rsquo;autres compos\u00e9s<\/h2>\n<p>Parmi les SARM, de nombreux utilisateurs qui ach\u00e8tent du Ligandrol font des combinaisons. Ils veulent voir s&rsquo;ils peuvent obtenir des effets synergiques possibles en termes de muscles et d&rsquo;os. L&rsquo;un des choix les plus populaires pour la combinaison avec le LGD-4033 est Ostarine (MK-2866). Le LGD-4033 est plus s\u00e9lectif pour les tissus musculaires et a un effet similaire \u00e0 celui de la warfarine. L&rsquo;Ostarine peut avoir un certain effet anti-catabolique.<\/p>\n<p>Une autre combinaison possible est le Ligandrol SARM associ\u00e9 \u00e0 la Cardarine (GW-501516). La Cardarine am\u00e9liore \u00e9galement l&rsquo;\u00e9nergie et l&rsquo;endurance. En l&rsquo;associant au LGD-4033, vous obtiendrez non seulement une aide pour les tissus musculaires, mais aussi un regain d&rsquo;endurance. Cette combinaison est id\u00e9ale pour les activit\u00e9s quotidiennes et les exercices de longue dur\u00e9e.<\/p>\n<p>Certaines personnes associent le LGD-4033 au RAD-140. Le RAD-140 est g\u00e9n\u00e9ralement pr\u00e9sent\u00e9 comme un moyen de pr\u00e9server les muscles et les os. L&rsquo;association du RAD-140 et du LGD-4033 permet de traiter la r\u00e9tention musculaire et de soutenir les os afin de pr\u00e9venir la perte musculaire en cas de probl\u00e8me d&rsquo;int\u00e9grit\u00e9 articulaire.<\/p>\n<p>En outre, il existe des discussions concernant les SARM Ligandrol et Ibutamoren (MK-677) pour les facteurs de croissance et la r\u00e9cup\u00e9ration. Les utilisateurs ont d\u00e9crit son utilisation comme une combinaison \u00e0 court terme sur une base contr\u00f4l\u00e9e afin de voir comment l&rsquo;\u00e9nergie et le soutien musculaire fonctionneraient en tandem.<\/p>\n<h2>Erreurs courantes commises par les d\u00e9butants lors de l&rsquo;utilisation du Ligandrol (LGD-4033)<\/h2>\n<p>Les novices peuvent facilement commettre des erreurs, car ils ne comprennent pas bien le produit lorsqu&rsquo;ils ach\u00e8tent des g\u00e9lules de LGD-4033 Ligandrol. Vous devez v\u00e9rifier vos attentes et \u00e9couter ce que votre corps vous dit. Savoir ce qu&rsquo;il ne faut pas faire peut vous \u00e9viter des effets secondaires.<\/p>\n<ol>\n<li><strong>S&rsquo;attendre \u00e0 voir des r\u00e9sultats imm\u00e9diatement<\/strong><br \/>\nCertains diront que c&rsquo;est parce qu&rsquo;ils s&rsquo;attendent \u00e0 voir des gains significatifs en termes de masse musculaire ou de force assez rapidement. En r\u00e9alit\u00e9, le LGD-4033 agit lentement, et vous pourriez ressentir un l\u00e9ger raffermissement ou avoir besoin d&rsquo;un temps de r\u00e9cup\u00e9ration un peu plus long avant d&rsquo;obtenir des r\u00e9sultats concrets. La patience vous aidera grandement \u00e0 comprendre les r\u00e9sultats que vous pouvez attendre de ce m\u00e9dicament.<\/li>\n<li><strong>Ignorer les signaux de votre corps<\/strong><br \/>\nBien que le LGD 4033 Ligandrol en vente aux \u00c9tats-Unis soit populaire, il peut affecter les hormones du corps et peut \u00e9galement provoquer une l\u00e9g\u00e8re fatigue et des maux de t\u00eate. Vous devez \u00eatre prudent et \u00e9couter votre corps, et si votre corps vous dit que \u00ab quelque chose ne va pas \u00bb, vous devez l&rsquo;\u00e9couter.<\/li>\n<li><strong>N\u00e9gliger son alimentation et son repos<\/strong><br \/>\nCe n&rsquo;est pas parce que vous prenez du LGD-4033 que vous pouvez n\u00e9gliger votre alimentation, votre sommeil et votre activit\u00e9 physique quotidienne. Une routine compl\u00e8te peut avoir une influence beaucoup plus importante sur vos r\u00e9sultats, bien plus notable que l&rsquo;effet d&rsquo;une substance seule.<\/li>\n<li><strong>Combiner sans connaissance<\/strong><br \/>\nVous avez peut-\u00eatre entendu parler de l&rsquo;association du LGD-4033 avec d&rsquo;autres compos\u00e9s. Vous risquez d&rsquo;obtenir des r\u00e9sultats plus impr\u00e9visibles si vous ne savez pas comment ils interagissent. Apportez un seul changement \u00e0 la fois et suivez ce que vous faites pour voir l&rsquo;impact sur vos muscles et votre niveau d&rsquo;\u00e9nergie.<\/li>\n<li><strong>Remplacer l&rsquo;entra\u00eenement par ce produit<\/strong><br \/>\nCertains utilisateurs pourraient confondre ce m\u00e9dicament, vendu \u00e0 un prix raisonnable dans notre boutique, avec un moyen facile d&rsquo;obtenir une masse musculaire importante. Son application principale consiste \u00e0 stopper la perte musculaire et \u00e0 pr\u00e9server la force pendant les p\u00e9riodes difficiles. En le substituant \u00e0 l&rsquo;entra\u00eenement et\/ou \u00e0 l&rsquo;alimentation, vous allez vous d\u00e9cevoir.<\/li>\n<\/ol>\n<p>Si vous parvenez \u00e0 \u00e9viter ces \u00e9cueils, vous serez pr\u00eat \u00e0 vous lancer dans l&rsquo;achat du meilleur LGD-4033 Ligandrol \u00e0 un prix r\u00e9aliste. Pour obtenir les meilleurs r\u00e9sultats, adoptez progressivement les changements, \u00e9coutez votre corps et soyez en bonne sant\u00e9 g\u00e9n\u00e9rale.<\/p>\n","protected":false},"excerpt":{"rendered":"<p>Nom Type Effets principaux Effets secondaires Suppression de la testost\u00e9rone Cycle typique Id\u00e9al pour Dur\u00e9e de demi-vie D\u00e9but d\u2019action PCT n\u00e9cessaire Toxicit\u00e9 Andarine (S-4) SARM Perte de graisse, muscle sec, augmentation de la force Alt\u00e9rations de la vision Moyenne 6\u20138 semaines S\u00e8che, recomposition ~4 heures 7\u201310 jours Oui Faible Cardarine (GW-501516) Agoniste PPAR\u03b4 Am\u00e9lioration de [&hellip;]<\/p>\n","protected":false},"featured_media":704,"comment_status":"open","ping_status":"closed","template":"","meta":{"_acf_changed":false},"product_brand":[],"product_cat":[46],"product_tag":[],"class_list":{"0":"post-1204","1":"product","2":"type-product","3":"status-publish","4":"has-post-thumbnail","6":"product_cat-sarms","8":"first","9":"instock","10":"shipping-taxable","11":"purchasable","12":"product-type-variable"},"acf":[],"_links":{"self":[{"href":"https:\/\/sarms-sport.com\/fr\/wp-json\/wp\/v2\/product\/1204","targetHints":{"allow":["GET"]}}],"collection":[{"href":"https:\/\/sarms-sport.com\/fr\/wp-json\/wp\/v2\/product"}],"about":[{"href":"https:\/\/sarms-sport.com\/fr\/wp-json\/wp\/v2\/types\/product"}],"replies":[{"embeddable":true,"href":"https:\/\/sarms-sport.com\/fr\/wp-json\/wp\/v2\/comments?post=1204"}],"wp:featuredmedia":[{"embeddable":true,"href":"https:\/\/sarms-sport.com\/fr\/wp-json\/wp\/v2\/media\/704"}],"wp:attachment":[{"href":"https:\/\/sarms-sport.com\/fr\/wp-json\/wp\/v2\/media?parent=1204"}],"wp:term":[{"taxonomy":"product_brand","embeddable":true,"href":"https:\/\/sarms-sport.com\/fr\/wp-json\/wp\/v2\/product_brand?post=1204"},{"taxonomy":"product_cat","embeddable":true,"href":"https:\/\/sarms-sport.com\/fr\/wp-json\/wp\/v2\/product_cat?post=1204"},{"taxonomy":"product_tag","embeddable":true,"href":"https:\/\/sarms-sport.com\/fr\/wp-json\/wp\/v2\/product_tag?post=1204"}],"curies":[{"name":"wp","href":"https:\/\/api.w.org\/{rel}","templated":true}]}}