{"id":1207,"date":"2025-05-05T13:46:42","date_gmt":"2025-05-05T11:46:42","guid":{"rendered":"https:\/\/sarms-sport.com\/ostarino-zillt-medicine-ostarine-mk-2866\/"},"modified":"2025-12-25T17:50:24","modified_gmt":"2025-12-25T16:50:24","slug":"ostarino-zillt-medicine-ostarine-mk-2866","status":"publish","type":"product","link":"https:\/\/sarms-sport.com\/fr\/ostarino-zillt-medicine-ostarine-mk-2866\/","title":{"rendered":"Ostarino Zillt Medicine (Ostarine MK-2866)"},"content":{"rendered":"<table>\n<tbody>\n<tr>\n<td style=\"text-align: center;\"><strong>Nom<\/strong><\/td>\n<td style=\"text-align: center;\"><strong>Type<\/strong><\/td>\n<td style=\"text-align: center;\"><strong>Effets principaux<\/strong><\/td>\n<td style=\"text-align: center;\"><strong>Effets secondaires<\/strong><\/td>\n<td style=\"text-align: center;\"><strong>Suppression de la testost\u00e9rone<\/strong><\/td>\n<td style=\"text-align: center;\"><strong>Cycle typique<\/strong><\/td>\n<td style=\"text-align: center;\"><strong>Id\u00e9al pour<\/strong><\/td>\n<td style=\"text-align: center;\"><strong>Dur\u00e9e de demi-vie<\/strong><\/td>\n<td style=\"text-align: center;\"><strong>D\u00e9but d\u2019action<\/strong><\/td>\n<td style=\"text-align: center;\"><strong>PCT n\u00e9cessaire<\/strong><\/td>\n<td style=\"text-align: center;\"><strong>Toxicit\u00e9<\/strong><\/td>\n<\/tr>\n<tr>\n<td style=\"text-align: center;\"><a href=\"https:\/\/sarms-sport.com\/fr\/andarino-zillt-medicine-andarine-s4\/\"><strong>Andarine (S-4)<\/strong><\/a><\/td>\n<td>SARM<\/td>\n<td>Perte de graisse, muscle sec, augmentation de la force<\/td>\n<td>Alt\u00e9rations de la vision<\/td>\n<td>Moyenne<\/td>\n<td>6\u20138 semaines<\/td>\n<td>S\u00e8che, recomposition<\/td>\n<td>~4 heures<\/td>\n<td>7\u201310 jours<\/td>\n<td>Oui<\/td>\n<td>Faible<\/td>\n<\/tr>\n<tr>\n<td style=\"text-align: center;\"><a href=\"https:\/\/sarms-sport.com\/fr\/cardarino-zillt-medicine-cardarine-gw-501516\/\"><strong>Cardarine (GW-501516)<\/strong><\/a><\/td>\n<td>Agoniste PPAR\u03b4<\/td>\n<td>Am\u00e9lioration de l\u2019endurance, oxydation des graisses, m\u00e9tabolisme<\/td>\n<td>Risques potentiels \u00e0 fortes doses<\/td>\n<td>Non<\/td>\n<td>6\u201312 semaines<\/td>\n<td>S\u00e8che, endurance<\/td>\n<td>16\u201324 heures<\/td>\n<td>3\u20135 jours<\/td>\n<td>Non<\/td>\n<td>Tr\u00e8s faible<\/td>\n<\/tr>\n<tr>\n<td style=\"text-align: center;\"><a href=\"https:\/\/sarms-sport.com\/fr\/ibutamoreno-zillt-medicine-ibutamoren-mk-677\/\"><strong>Ibutamoren (MK-677)<\/strong><\/a><\/td>\n<td>S\u00e9cr\u00e9tagogue de GH<\/td>\n<td>Augmente GH\/IGF-1, r\u00e9cup\u00e9ration, am\u00e9lioration du sommeil<\/td>\n<td>App\u00e9tit accru, r\u00e9tention d\u2019eau<\/td>\n<td>Non<\/td>\n<td>8\u201316 semaines<\/td>\n<td>Prise de masse, r\u00e9cup\u00e9ration<\/td>\n<td>20\u201324 heures<\/td>\n<td>5\u20137 jours<\/td>\n<td>Non<\/td>\n<td>Faible<\/td>\n<\/tr>\n<tr>\n<td style=\"text-align: center;\"><a href=\"https:\/\/sarms-sport.com\/fr\/ligandrolo-zillt-medicine-ligandrol-lgd-4033\/\"><strong>Ligandrol (LGD-4033)<\/strong><\/a><\/td>\n<td>SARM<\/td>\n<td>Gain de masse et de force, meilleure r\u00e9cup\u00e9ration<\/td>\n<td>Forte suppression<\/td>\n<td>\u00c9lev\u00e9e<\/td>\n<td>6\u20138 semaines<\/td>\n<td>Prise de masse<\/td>\n<td>24\u201336 heures<\/td>\n<td>7\u201310 jours<\/td>\n<td>Oui<\/td>\n<td>Faible<\/td>\n<\/tr>\n<tr>\n<td style=\"text-align: center;\"><a href=\"https:\/\/sarms-sport.com\/fr\/ostarino-zillt-medicine-ostarine-mk-2866\/\"><strong>Ostarine (MK-2866)<\/strong><\/a><\/td>\n<td>SARM<\/td>\n<td>Masse maigre, soutien articulaire, recomposition l\u00e9g\u00e8re<\/td>\n<td>L\u00e9g\u00e8re suppression<\/td>\n<td>Faible<\/td>\n<td>6\u20138 semaines<\/td>\n<td>Recomposition<\/td>\n<td>24 heures<\/td>\n<td>10\u201314 jours<\/td>\n<td>Non<\/td>\n<td>Tr\u00e8s faible<\/td>\n<\/tr>\n<tr>\n<td style=\"text-align: center;\"><a href=\"https:\/\/sarms-sport.com\/fr\/s23-zillt-medicine-mastorin-s23\/\"><strong>Mastorin (S-23)<\/strong><\/a><\/td>\n<td>SARM puissant<\/td>\n<td>Force, muscle sec et dense, effet de durcissement marqu\u00e9<\/td>\n<td>Suppression tr\u00e8s forte<\/td>\n<td>Tr\u00e8s \u00e9lev\u00e9e<\/td>\n<td>4\u20136 semaines<\/td>\n<td>S\u00e8che avanc\u00e9e, force<\/td>\n<td>~12 heures<\/td>\n<td>3\u20137 jours<\/td>\n<td>Oui<\/td>\n<td>Mod\u00e9r\u00e9e<\/td>\n<\/tr>\n<tr>\n<td style=\"text-align: center;\"><a href=\"https:\/\/sarms-sport.com\/fr\/stenabolo-zillt-medicine-stenabolic-sr-9009\/\"><strong>Stenabolic (SR-9009)<\/strong><\/a><\/td>\n<td>Agoniste Rev-ERB<\/td>\n<td>Boost du m\u00e9tabolisme, perte de graisse, endurance<\/td>\n<td>Prise fr\u00e9quente n\u00e9cessaire<\/td>\n<td>Non<\/td>\n<td>6\u201310 semaines<\/td>\n<td>S\u00e8che<\/td>\n<td>1\u20132 heures<\/td>\n<td>2\u20134 jours<\/td>\n<td>Non<\/td>\n<td>Tr\u00e8s faible<\/td>\n<\/tr>\n<tr>\n<td style=\"text-align: center;\"><a href=\"https:\/\/sarms-sport.com\/fr\/testolono-zillt-medicine-testolone-rad-140\/\"><strong>Testolone (RAD-140)<\/strong><\/a><\/td>\n<td>SARM<\/td>\n<td>Augmentation de la force, masse musculaire, effet anti-catabolique<\/td>\n<td>Suppression, irritabilit\u00e9<\/td>\n<td>\u00c9lev\u00e9e<\/td>\n<td>6\u20138 semaines<\/td>\n<td>Prise de masse, force<\/td>\n<td>~60 heures<\/td>\n<td>5\u20137 jours<\/td>\n<td>Oui<\/td>\n<td>Faible \u00e0 moyenne<\/td>\n<\/tr>\n<tr>\n<td style=\"text-align: center;\"><a href=\"https:\/\/sarms-sport.com\/fr\/yk-11-zillt-medicine-myostan-yk11\/\"><strong>Myostan (YK-11)<\/strong><\/a><\/td>\n<td>Inhibiteur de myostatine<\/td>\n<td>Augmentation rapide de la force, hypertrophie acc\u00e9l\u00e9r\u00e9e, masse dense<\/td>\n<td>Stress h\u00e9patique, agressivit\u00e9<\/td>\n<td>\u00c9lev\u00e9e<\/td>\n<td>4\u20138 semaines<\/td>\n<td>Prise de masse, force<\/td>\n<td>6\u201310 heures<\/td>\n<td>5\u20137 jours<\/td>\n<td>Oui<\/td>\n<td>Moyenne \u00e0 \u00e9lev\u00e9e<\/td>\n<\/tr>\n<\/tbody>\n<\/table>\n<h2>Qu&rsquo;est-ce que Ostarine (MK-2866) ?<\/h2>\n<p>Ostarine MK-2866 est le premier modulateur s\u00e9lectif des r\u00e9cepteurs androg\u00e8nes d\u00e9velopp\u00e9 pour la pr\u00e9vention et le traitement de la fonte musculaire. Il se lie au r\u00e9cepteur androg\u00e8ne dans le muscle squelettique et produit un effet anabolique constant sans affecter de mani\u00e8re significative votre syst\u00e8me hormonal. \u00c9tant donn\u00e9 qu&rsquo;il est beaucoup plus pr\u00e9visible que les autres SARM, le MK-2866 est g\u00e9n\u00e9ralement consid\u00e9r\u00e9 comme l&rsquo;un des plus fiables.<\/p>\n<p>Le MK-2866 est populaire pour les cycles de s\u00e8che ou les situations dans lesquelles vous devez conserver autant de muscle que possible malgr\u00e9 un d\u00e9ficit calorique. Si vous choisissez d&rsquo;utiliser ce compos\u00e9, il est important de conna\u00eetre la diff\u00e9rence entre le prix de Ostarine MK-2866 de qualit\u00e9 pharmaceutique et celui des produits non test\u00e9s qui sont de plus en plus vendus en ligne. Les diff\u00e9rences de puret\u00e9 ont un impact direct sur l&rsquo;efficacit\u00e9 et la s\u00e9curit\u00e9 du produit.<\/p>\n<h2>Comment fonctionne Ostarine MK-2866<\/h2>\n<p>Ostarine est un modulateur s\u00e9lectif des r\u00e9cepteurs androg\u00e8nes qui se lie aux r\u00e9cepteurs androg\u00e8nes pr\u00e9sents dans les tissus musculaires, stimulant une r\u00e9ponse anabolique qui vous aide \u00e0 maintenir votre force. Comme ce m\u00e9dicament favorise la r\u00e9partition des nutriments vers les tissus maigres, vous obtenez une plus grande endurance musculaire pendant la fatigue et des muscles de meilleure qualit\u00e9.<\/p>\n<p>Voici exactement comment Ostarine MK 2866 agit sur votre corps :<\/p>\n<ul>\n<li>Pendant la s\u00e8che, vos muscles conservent plus de tissu et de masse que vous ne le pensez possible, et ils consomment davantage \u00e0 mesure que vous r\u00e9duisez votre apport alimentaire habituel.<\/li>\n<li>La fatigue li\u00e9e \u00e0 l&rsquo;entra\u00eenement diminue, car les minuscules fissures dans vos fibres musculaires se r\u00e9tablissent beaucoup plus rapidement.<\/li>\n<li>Vos articulations sont souvent plus stables, et lorsque vous effectuez des exercices traditionnels de musculation intense, cela vous permet de pousser plus fort sans ressentir la douleur que vous ressentez normalement semaine apr\u00e8s semaine.<\/li>\n<li>Les performances sont plus r\u00e9guli\u00e8res tout au long de la semaine, je ne semble pas \u00eatre moins performant apr\u00e8s des s\u00e9ances difficiles, ce qui me donne un plus grand sentiment de coh\u00e9rence.<\/li>\n<li>Pendant la recomposition, vous conservez une apparence mince, car votre corps est dans un \u00e9tat meilleur que la normale pour conserver sa masse maigre.<\/li>\n<\/ul>\n<p>Ces activit\u00e9s s&rsquo;accumulent au fil des semaines \u00e0 mesure que vous progressez, et apr\u00e8s des s\u00e9ances d&rsquo;entra\u00eenement difficiles, vous constaterez que vous \u00eates rapidement pr\u00eat \u00e0 vous entra\u00eener \u00e0 nouveau. Ostarine MK-2866 en vente permet \u00e0 votre corps de bien s&rsquo;adapter aux changements de charge de travail.<\/p>\n<h2>Avantages de Ostarine MK2866<\/h2>\n<p>Ostarine MK-2866 aide \u00e0 conserver la masse musculaire tout en r\u00e9duisant l&rsquo;apport calorique. Vous pouvez perdre du poids sans trop perdre de volume et sans avoir l&rsquo;impression de gaspiller votre \u00e9nergie. Les autres personnes remarquent \u00e9galement la d\u00e9finition de vos bras et de vos \u00e9paules tout en perdant de la graisse en raison des diff\u00e9rences de taille apparentes. Vous trouverez ci-dessous les principaux avantages de Ostarine MK 2866 pour les athl\u00e8tes :<\/p>\n<ol>\n<li><strong>Protection des muscles maigres<\/strong><br \/>\nIl s&rsquo;agit d&rsquo;un SARM qui agit presque exclusivement sur les muscles et vous permet de conserver votre force lorsque les choses se compliquent. Par exemple, les halt\u00e9rophiles peuvent souvent conserver leur maximum actuel au d\u00e9velopp\u00e9 couch\u00e9 et \u00e0 d&rsquo;autres exercices tout en perdant de la graisse corporelle.<\/li>\n<li><strong>Progression de la force<\/strong><br \/>\nL&rsquo;Ostarine permet une progression lente de la force. Cela signifie que vous pouvez augmenter progressivement vos lev\u00e9es de semaine en semaine lorsque vous \u00eates pr\u00eat, sans risque suppl\u00e9mentaire de blessure. Les utilisateurs affirment avoir constat\u00e9 de r\u00e9els progr\u00e8s gr\u00e2ce \u00e0 l&rsquo;ajout progressif de disques lors des squats et des soulev\u00e9s de terre.<\/li>\n<li><strong>R\u00e9duction du temps de r\u00e9cup\u00e9ration<\/strong><br \/>\nUne r\u00e9paration musculaire plus rapide et une r\u00e9duction des courbatures sont deux avantages qui permettent de s&rsquo;entra\u00eener sans se sentir fatigu\u00e9. Certains utilisateurs ont remarqu\u00e9 que les spasmes dans leurs jambes \u00e9taient moins prononc\u00e9s, m\u00eame apr\u00e8s des journ\u00e9es de squats avec une charge plus lourde que d&rsquo;habitude.<\/li>\n<li><strong>Protection des articulations<\/strong><br \/>\nOstarine (MK-2866) peut potentiellement prot\u00e9ger vos articulations lorsque vous soulevez des charges lourdes. Il sera plus facile de faire des squats, des d\u00e9velopp\u00e9s ou des rameurs, par exemple. En g\u00e9n\u00e9ral, lorsqu&rsquo;ils soul\u00e8vent des charges importantes, beaucoup ressentent moins de douleurs au niveau des coudes et des genoux.<\/li>\n<li><strong>Augmentation de la masse musculaire maigre<\/strong><br \/>\nL&rsquo;Ostarine encourage le corps \u00e0 utiliser les graisses pour prot\u00e9ger les muscles, ce qui peut donner une apparence plus svelte et plus esth\u00e9tique. Les \u00e9paules peuvent para\u00eetre plus nettes et, en g\u00e9n\u00e9ral, vous pouvez vous sentir un peu plus muscl\u00e9.<\/li>\n<li><strong>\u00c9volution r\u00e9guli\u00e8re<\/strong><br \/>\nLe SARM fait ce qu&rsquo;il est cens\u00e9 faire, sans perturber vos hormones. Vous pouvez vous fier \u00e0 votre entra\u00eenement et obtenir des gains pr\u00e9visibles, plut\u00f4t que de subir des baisses d&rsquo;\u00e9nergie soudaines, courantes avec d&rsquo;autres compos\u00e9s.<\/li>\n<li><strong>Am\u00e9lioration de la concentration pendant l&rsquo;entra\u00eenement<\/strong><br \/>\nOstarine vous aidera \u00e0 rester concentr\u00e9 pendant votre entra\u00eenement. Se sentir fort et bien r\u00e9cup\u00e9rer peut contribuer \u00e0 des entra\u00eenements plus longs et plus intenses, avec peu de risque de surentra\u00eenement.<\/li>\n<\/ol>\n<p>De plus, une bonne alimentation et un entra\u00eenement rigoureux avec Ostarine MK-2866 en vente aux \u00c9tats-Unis indiquent une am\u00e9lioration durable. Vous pouvez remarquer la diff\u00e9rence sans risque majeur de chaos hormonal.<\/p>\n<h2>Effets secondaires de Ostarine (MK-2866)<\/h2>\n<p>Vous pouvez ressentir de l\u00e9gers effets ind\u00e9sirables au d\u00e9but de la prise de ce SARM. Cela est simplement d\u00fb au fait que votre corps s&rsquo;habitue au compos\u00e9. Examinons les effets secondaires courants de Ostarine MK-2866 qui peuvent potentiellement appara\u00eetre :<\/p>\n<ol>\n<li><strong>Modifications des niveaux hormonaux<\/strong><br \/>\n\u00c0 moins que vous ne preniez des doses tr\u00e8s \u00e9lev\u00e9es ou que vous ne prolongiez votre cycle, vous ne remarquerez pas de baisse de votre taux de testost\u00e9rone naturelle. Pour prot\u00e9ger vos hormones, limitez la dur\u00e9e de votre cycle \u00e0 la posologie recommand\u00e9e et optez pour une PCT.<\/li>\n<li><strong>Stress h\u00e9patique et r\u00e9nal<\/strong><br \/>\nBien que ce m\u00e9dicament ne soit pas tr\u00e8s agressif pour votre foie ou vos reins, vous devez tout de m\u00eame prendre certaines pr\u00e9cautions. Il convient de mettre en place un programme de surveillance et des analyses sanguines, ou de surveiller de pr\u00e8s l&rsquo;\u00e9tat de votre foie. Cela est particuli\u00e8rement vrai si vous avez tendance \u00e0 suivre des cycles plus longs.<\/li>\n<li><strong>Sautes d&rsquo;humeur<\/strong><br \/>\nCertains utilisateurs signalent de l&rsquo;irritabilit\u00e9, de l&rsquo;anxi\u00e9t\u00e9 et une l\u00e9thargie g\u00e9n\u00e9rale. Un entra\u00eenement trop intense et trop long aggravera ce probl\u00e8me. Si vous ressentez l&rsquo;un de ces sympt\u00f4mes, vous devriez peut-\u00eatre prendre un jour de repos ou modifier votre alimentation.<\/li>\n<li><strong>Sympt\u00f4mes digestifs<\/strong><br \/>\nDes naus\u00e9es ou des douleurs abdominales peuvent appara\u00eetre pendant les premiers jours. Il est pr\u00e9f\u00e9rable de prendre le SARM avec de la nourriture pour r\u00e9duire ce risque. Ces troubles digestifs semblent dispara\u00eetre apr\u00e8s une semaine chez la grande majorit\u00e9 des utilisateurs de MK-2866 Ostarine. Si l&rsquo;irritation gastrique persiste, essayez de r\u00e9duire la posologie.<\/li>\n<li><strong>Niveaux d&rsquo;\u00e9nergie et troubles du sommeil<\/strong><br \/>\nLes athl\u00e8tes d\u00e9crivent parfois une sensation d&rsquo;\u00e9nergie accrue et de fatigue, tandis que d&rsquo;autres mentionnent des troubles du sommeil occasionnels. Vous pouvez att\u00e9nuer ces effets en d\u00e9pla\u00e7ant votre s\u00e9ance d&rsquo;entra\u00eenement en soir\u00e9e et en vous relaxant pour la fin de la journ\u00e9e.<\/li>\n<\/ol>\n<p>Des effets secondaires mineurs peuvent parfois survenir, mais ils peuvent faire la diff\u00e9rence. Le respect des r\u00e8gles de base relatives \u00e0 l&rsquo;utilisation des SARM et la prise en charge de votre corps avant d&rsquo;acheter Ostarine MK-2866 vous permettront d&rsquo;obtenir des entra\u00eenements plus efficaces.<\/p>\n<h2>MK-2866 (Ostarine) : dosage, dur\u00e9e du cycle et utilisation s\u00fbre<\/h2>\n<p>Lorsque vous choisissez un traitement \u00e0 base Ostarine, il est important de prendre en compte de nombreux facteurs et de le suivre correctement. En suivant les instructions ci-dessous, vous obtiendrez les meilleurs r\u00e9sultats et prot\u00e9gerez votre sant\u00e9 avec le SARM Ostarine MK-2866.<\/p>\n<h3>Posologie recommand\u00e9e<\/h3>\n<p>La plupart des d\u00e9butants prennent 10 \u00e0 15 mg par jour pour \u00e9valuer leur tol\u00e9rance et avoir un aper\u00e7u des premiers b\u00e9n\u00e9fices en termes de force et de masse musculaire. Les utilisateurs plus exp\u00e9riment\u00e9s peuvent prendre jusqu&rsquo;\u00e0 20-25 mg par jour, mais cela se fait g\u00e9n\u00e9ralement apr\u00e8s plusieurs cycles et en suivant des protocoles de s\u00e9curit\u00e9. C&rsquo;est pourquoi il est si important d&rsquo;\u00eatre constant dans votre dosage quotidien Ostarine MK-2866 ; cela vous \u00e9vitera certaines fluctuations qui pourraient vraiment compromettre vos r\u00e9sultats. Comme toujours, commencez par une dose faible et augmentez-la uniquement si vous sentez que votre corps peut le supporter.<\/p>\n<h3>La meilleure dur\u00e9e de cycle<\/h3>\n<p>Un cycle normal dure de 6 \u00e0 8 semaines afin d&rsquo;atteindre un \u00e9quilibre entre efficacit\u00e9 et s\u00e9curit\u00e9. Les cycles courts de 4 \u00e0 6 semaines sont id\u00e9aux pour la perte de graisse, tandis que les cycles longs de plus de 8 semaines pr\u00e9sentent un risque accru. Vous devez donc \u00eatre plus prudent quant \u00e0 vos niveaux hormonaux. Si vous envisagez d&rsquo;acheter Ostarine MK-2866 en ligne et que vous planifiez votre cycle, vous obtiendrez des r\u00e9sultats pr\u00e9visibles, ce qui permettra \u00e0 votre corps de revenir \u00e0 son \u00e9tat normal.<\/p>\n<h3>Utilisation s\u00fbre et conseils<\/h3>\n<p>Si vous utilisez le coffre-fort SARM, cela peut vous aider \u00e0 r\u00e9duire les risques et \u00e0 tirer le meilleur parti de Ostarine. Le meilleur moment pour prendre le SARM est le matin et pendant un repas, car cela favorisera une meilleure absorption. En fonction de la fa\u00e7on dont votre corps r\u00e9agit au MK-2866, n&rsquo;h\u00e9sitez pas \u00e0 ajuster la dose si vous ressentez une fatigue importante ou des changements d&rsquo;humeur. Voici quelques conseils pour une utilisation en toute s\u00e9curit\u00e9 :<\/p>\n<ul>\n<li>Pour \u00e9viter tout surdosage involontaire, notez la quantit\u00e9 que vous prenez chaque jour.<\/li>\n<li>Buvez beaucoup de liquides et adoptez une alimentation \u00e9quilibr\u00e9e pour favoriser la r\u00e9cup\u00e9ration.<\/li>\n<li>Envisagez un suivi hormonal r\u00e9gulier si vous suivez des cycles prolong\u00e9s.<\/li>\n<li>Si vous prenez de l&rsquo;Ostarine avec d&rsquo;autres m\u00e9dicaments puissants, vous devriez envisager de ne pas prendre tout un arsenal d&rsquo;autres m\u00e9dicaments en m\u00eame temps sans l&rsquo;avis de votre m\u00e9decin.<\/li>\n<li>Faites une br\u00e8ve pause entre les cycles afin que votre corps puisse revenir \u00e0 son \u00e9tat normal.<\/li>\n<\/ul>\n<p>Il est pr\u00e9f\u00e9rable de suivre ces instructions pour maximiser les r\u00e9sultats positifs de Ostarine tout en r\u00e9duisant les effets secondaires si vous envisagez d&rsquo;acheter de Ostarine MK-2866. Respectez une certaine posologie et une certaine dur\u00e9e de cycle pour augmenter vos chances d&rsquo;obtenir en toute s\u00e9curit\u00e9 des gains musculaires maigres impressionnants.<\/p>\n<h2>Ostarine MK-2866 en association avec d&rsquo;autres compos\u00e9s<\/h2>\n<p>Il est possible de cibler plusieurs objectifs diff\u00e9rents au cours d&rsquo;un m\u00eame cycle en associant Ostarine MK-2866 \u00e0 d&rsquo;autres compos\u00e9s, mais cela n\u00e9cessite une certaine attention. Pendant la phase de s\u00e8che, de nombreux athl\u00e8tes pr\u00e9f\u00e8rent associer Ostarine \u00e0 la Cardarine GW-501516 pour b\u00e9n\u00e9ficier d&rsquo;une aide puissante. Si vous \u00eates en phase de prise de masse maigre, vous pouvez obtenir de bons r\u00e9sultats en associant Ostarine MK-2866 au Ligandrol LGD-4033 et gagner du muscle avec un minimum de r\u00e9tention d&rsquo;eau.<\/p>\n<p>Les personnes qui d\u00e9couvrent les SARM et qui cherchent o\u00f9 acheter de Ostarine MK-2866 et d&rsquo;autres m\u00e9dicaments ont tendance \u00e0 essayer de combiner trop d&rsquo;agents \u00e0 la fois. Cela peut conduire \u00e0 des r\u00e9sultats tr\u00e8s difficiles \u00e0 pr\u00e9voir. La meilleure fa\u00e7on de suivre l&rsquo;\u00e9volution des r\u00e9sultats est de choisir un compos\u00e9 principal et un autre compos\u00e9 secondaire, afin d&rsquo;obtenir des r\u00e9sultats que vous pouvez surveiller. Vous pouvez \u00e9galement mesurer vos gains de force pour d\u00e9terminer si la combinaison vous convient.<\/p>\n<p>Le moment o\u00f9 vous prenez vos SARM et la dur\u00e9e de votre cycle sont \u00e9galement tr\u00e8s importants. Vous devez donc prendre Ostarine une fois par jour dans le cadre de votre routine. Le deuxi\u00e8me compos\u00e9 peut avoir une demi-vie diff\u00e9rente et doit \u00eatre pris en cons\u00e9quence. Lorsque vous combinez des SARM, vous devez g\u00e9n\u00e9ralement respecter la dur\u00e9e d&rsquo;un cycle, vous devez donc \u00eatre tr\u00e8s prudent lorsque vous prolongez la dur\u00e9e.<\/p>\n<h2>Erreurs courantes commises par les d\u00e9butants lors de l&rsquo;utilisation d&rsquo;Ostarine (MK-2866)<\/h2>\n<p>Bien que Ostarine MK-2866 soit un produit extraordinaire, les nouveaux utilisateurs commettent des erreurs et ne savent pas comment acheter Ostarine MK 2866 dans des magasins de confiance. Si vous comprenez ces erreurs, vous pourrez rester en s\u00e9curit\u00e9 et obtenir de meilleurs r\u00e9sultats. Voici une liste des erreurs courantes commises par les d\u00e9butants :<\/p>\n<ol>\n<li><strong>Recommandations de dosage incorrectes<\/strong><br \/>\nD\u00e9passer la posologie recommand\u00e9e est susceptible d&rsquo;augmenter les effets secondaires et peut entra\u00eener un d\u00e9s\u00e9quilibre hormonal et une reconstruction inutile qui aurait pu \u00eatre \u00e9vit\u00e9e. Restez simple et respectez les posologies \u00e9prouv\u00e9es pour obtenir des gains constants et pr\u00e9visibles.<\/li>\n<li><strong>Absence de plan post-cycle<\/strong><br \/>\nBien que l&rsquo;Ostarine soit un produit doux, ne pas laisser \u00e0 votre corps le temps de r\u00e9cup\u00e9rer peut prolonger la gu\u00e9rison de vos hormones et vous faire reculer \u00e0 un moment o\u00f9 vous auriez pu r\u00e9cup\u00e9rer naturellement. Un PCT vous permettra d&rsquo;aider votre corps \u00e0 mieux r\u00e9cup\u00e9rer et \u00e0 conserver les muscles pour lesquels vous avez travaill\u00e9 si dur.<\/li>\n<li><strong>Une combinaison de trop de compos\u00e9s \u00e0 la fois<\/strong><br \/>\nVous risquez de stresser votre organisme si vous utilisez d\u00e9j\u00e0 d&rsquo;autres compl\u00e9ments ou SARM avec l&rsquo;Ostarine. Commencez par prendre uniquement de l&rsquo;Ostarine ou un seul compl\u00e9ment et observez les r\u00e9actions de votre corps afin d&rsquo;\u00e9viter des probl\u00e8mes persistants pendant le cycle.<\/li>\n<li><strong>Absence de suivi des progr\u00e8s<\/strong><br \/>\nSi vous ne surveillez pas vos indicateurs et vos progr\u00e8s, il vous sera impossible de savoir si le cycle est efficace. Tenez un journal physiologique pour vous aider \u00e0 modifier vos objectifs en mati\u00e8re d&rsquo;entra\u00eenement et de nutrition.<\/li>\n<li><strong>Mauvaise alimentation<\/strong><br \/>\nUne bonne alimentation et un entra\u00eenement solide ne doivent pas \u00eatre sous-estim\u00e9s, m\u00eame si vous connaissez le meilleur endroit pour acheter Ostarine MK-2866, comme notre boutique. N\u00e9gligez votre apport en prot\u00e9ines ou arr\u00eatez de faire de la musculation, et vous annulerez tous les bienfaits que le SARM peut vous apporter, ou du moins limiterez consid\u00e9rablement vos progr\u00e8s.<\/li>\n<li><strong>Allonger la dur\u00e9e du cycle<\/strong><br \/>\nIl n&rsquo;est pas conseill\u00e9 de suivre un cycle pendant une p\u00e9riode ou une dur\u00e9e sup\u00e9rieure \u00e0 celle recommand\u00e9e. Les meilleurs cycles durent de 6 \u00e0 8 semaines. Il est pr\u00e9f\u00e9rable de suivre les recommandations relatives \u00e0 la dur\u00e9e du cycle.<\/li>\n<li><strong>Ignorer les signes li\u00e9s \u00e0 votre sant\u00e9<\/strong><br \/>\nVotre corps vous envoie des signaux pendant que vous suivez un cycle. La fatigue, les sautes d&rsquo;humeur ou les douleurs articulaires sont des indicateurs que votre corps a besoin d&rsquo;un changement dans votre routine. Il est important de tenir compte de ces signaux et de les traiter en cons\u00e9quence si vous voulez pr\u00e9server votre sant\u00e9.<\/li>\n<\/ol>\n<p>Il existe plusieurs moyens de garantir votre s\u00e9curit\u00e9 tout en tirant le meilleur parti des SARM au meilleur prix Ostarine MK-2866, notamment en \u00e9vitant les pi\u00e8ges mentionn\u00e9s ci-dessus. Vous tirerez le meilleur parti de votre cycle si vous prenez tout votre temps et r\u00e9fl\u00e9chissez vraiment aux changements \u00e0 apporter pour obtenir la meilleure valeur ajout\u00e9e.<\/p>\n","protected":false},"excerpt":{"rendered":"<p>Nom Type Effets principaux Effets secondaires Suppression de la testost\u00e9rone Cycle typique Id\u00e9al pour Dur\u00e9e de demi-vie D\u00e9but d\u2019action PCT n\u00e9cessaire Toxicit\u00e9 Andarine (S-4) SARM Perte de graisse, muscle sec, augmentation de la force Alt\u00e9rations de la vision Moyenne 6\u20138 semaines S\u00e8che, recomposition ~4 heures 7\u201310 jours Oui Faible Cardarine (GW-501516) Agoniste PPAR\u03b4 Am\u00e9lioration de [&hellip;]<\/p>\n","protected":false},"featured_media":711,"comment_status":"open","ping_status":"closed","template":"","meta":{"_acf_changed":false},"product_brand":[],"product_cat":[46],"product_tag":[],"class_list":{"0":"post-1207","1":"product","2":"type-product","3":"status-publish","4":"has-post-thumbnail","6":"product_cat-sarms","8":"first","9":"instock","10":"shipping-taxable","11":"purchasable","12":"product-type-variable"},"acf":[],"_links":{"self":[{"href":"https:\/\/sarms-sport.com\/fr\/wp-json\/wp\/v2\/product\/1207","targetHints":{"allow":["GET"]}}],"collection":[{"href":"https:\/\/sarms-sport.com\/fr\/wp-json\/wp\/v2\/product"}],"about":[{"href":"https:\/\/sarms-sport.com\/fr\/wp-json\/wp\/v2\/types\/product"}],"replies":[{"embeddable":true,"href":"https:\/\/sarms-sport.com\/fr\/wp-json\/wp\/v2\/comments?post=1207"}],"wp:featuredmedia":[{"embeddable":true,"href":"https:\/\/sarms-sport.com\/fr\/wp-json\/wp\/v2\/media\/711"}],"wp:attachment":[{"href":"https:\/\/sarms-sport.com\/fr\/wp-json\/wp\/v2\/media?parent=1207"}],"wp:term":[{"taxonomy":"product_brand","embeddable":true,"href":"https:\/\/sarms-sport.com\/fr\/wp-json\/wp\/v2\/product_brand?post=1207"},{"taxonomy":"product_cat","embeddable":true,"href":"https:\/\/sarms-sport.com\/fr\/wp-json\/wp\/v2\/product_cat?post=1207"},{"taxonomy":"product_tag","embeddable":true,"href":"https:\/\/sarms-sport.com\/fr\/wp-json\/wp\/v2\/product_tag?post=1207"}],"curies":[{"name":"wp","href":"https:\/\/api.w.org\/{rel}","templated":true}]}}