{"id":1210,"date":"2025-05-05T13:48:17","date_gmt":"2025-05-05T11:48:17","guid":{"rendered":"https:\/\/sarms-sport.com\/s23-zillt-medicine-mastorin-s23\/"},"modified":"2025-12-25T17:50:39","modified_gmt":"2025-12-25T16:50:39","slug":"s23-zillt-medicine-mastorin-s23","status":"publish","type":"product","link":"https:\/\/sarms-sport.com\/fr\/s23-zillt-medicine-mastorin-s23\/","title":{"rendered":"S23 Zillt Medicine (Mastorin S23)"},"content":{"rendered":"<table>\n<tbody>\n<tr>\n<td style=\"text-align: center;\"><strong>Nom<\/strong><\/td>\n<td style=\"text-align: center;\"><strong>Type<\/strong><\/td>\n<td style=\"text-align: center;\"><strong>Effets principaux<\/strong><\/td>\n<td style=\"text-align: center;\"><strong>Effets secondaires<\/strong><\/td>\n<td style=\"text-align: center;\"><strong>Suppression de la testost\u00e9rone<\/strong><\/td>\n<td style=\"text-align: center;\"><strong>Cycle typique<\/strong><\/td>\n<td style=\"text-align: center;\"><strong>Id\u00e9al pour<\/strong><\/td>\n<td style=\"text-align: center;\"><strong>Dur\u00e9e de demi-vie<\/strong><\/td>\n<td style=\"text-align: center;\"><strong>D\u00e9but d\u2019action<\/strong><\/td>\n<td style=\"text-align: center;\"><strong>PCT n\u00e9cessaire<\/strong><\/td>\n<td style=\"text-align: center;\"><strong>Toxicit\u00e9<\/strong><\/td>\n<\/tr>\n<tr>\n<td style=\"text-align: center;\"><a href=\"https:\/\/sarms-sport.com\/fr\/andarino-zillt-medicine-andarine-s4\/\"><strong>Andarine (S-4)<\/strong><\/a><\/td>\n<td>SARM<\/td>\n<td>Perte de graisse, muscle sec, augmentation de la force<\/td>\n<td>Alt\u00e9rations de la vision<\/td>\n<td>Moyenne<\/td>\n<td>6\u20138 semaines<\/td>\n<td>S\u00e8che, recomposition<\/td>\n<td>~4 heures<\/td>\n<td>7\u201310 jours<\/td>\n<td>Oui<\/td>\n<td>Faible<\/td>\n<\/tr>\n<tr>\n<td style=\"text-align: center;\"><a href=\"https:\/\/sarms-sport.com\/fr\/cardarino-zillt-medicine-cardarine-gw-501516\/\"><strong>Cardarine (GW-501516)<\/strong><\/a><\/td>\n<td>Agoniste PPAR\u03b4<\/td>\n<td>Am\u00e9lioration de l\u2019endurance, oxydation des graisses, m\u00e9tabolisme<\/td>\n<td>Risques potentiels \u00e0 fortes doses<\/td>\n<td>Non<\/td>\n<td>6\u201312 semaines<\/td>\n<td>S\u00e8che, endurance<\/td>\n<td>16\u201324 heures<\/td>\n<td>3\u20135 jours<\/td>\n<td>Non<\/td>\n<td>Tr\u00e8s faible<\/td>\n<\/tr>\n<tr>\n<td style=\"text-align: center;\"><a href=\"https:\/\/sarms-sport.com\/fr\/ibutamoreno-zillt-medicine-ibutamoren-mk-677\/\"><strong>Ibutamoren (MK-677)<\/strong><\/a><\/td>\n<td>S\u00e9cr\u00e9tagogue de GH<\/td>\n<td>Augmente GH\/IGF-1, r\u00e9cup\u00e9ration, am\u00e9lioration du sommeil<\/td>\n<td>App\u00e9tit accru, r\u00e9tention d\u2019eau<\/td>\n<td>Non<\/td>\n<td>8\u201316 semaines<\/td>\n<td>Prise de masse, r\u00e9cup\u00e9ration<\/td>\n<td>20\u201324 heures<\/td>\n<td>5\u20137 jours<\/td>\n<td>Non<\/td>\n<td>Faible<\/td>\n<\/tr>\n<tr>\n<td style=\"text-align: center;\"><a href=\"https:\/\/sarms-sport.com\/fr\/ligandrolo-zillt-medicine-ligandrol-lgd-4033\/\"><strong>Ligandrol (LGD-4033)<\/strong><\/a><\/td>\n<td>SARM<\/td>\n<td>Gain de masse et de force, meilleure r\u00e9cup\u00e9ration<\/td>\n<td>Forte suppression<\/td>\n<td>\u00c9lev\u00e9e<\/td>\n<td>6\u20138 semaines<\/td>\n<td>Prise de masse<\/td>\n<td>24\u201336 heures<\/td>\n<td>7\u201310 jours<\/td>\n<td>Oui<\/td>\n<td>Faible<\/td>\n<\/tr>\n<tr>\n<td style=\"text-align: center;\"><a href=\"https:\/\/sarms-sport.com\/fr\/ostarino-zillt-medicine-ostarine-mk-2866\/\"><strong>Ostarine (MK-2866)<\/strong><\/a><\/td>\n<td>SARM<\/td>\n<td>Masse maigre, soutien articulaire, recomposition l\u00e9g\u00e8re<\/td>\n<td>L\u00e9g\u00e8re suppression<\/td>\n<td>Faible<\/td>\n<td>6\u20138 semaines<\/td>\n<td>Recomposition<\/td>\n<td>24 heures<\/td>\n<td>10\u201314 jours<\/td>\n<td>Non<\/td>\n<td>Tr\u00e8s faible<\/td>\n<\/tr>\n<tr>\n<td style=\"text-align: center;\"><a href=\"https:\/\/sarms-sport.com\/fr\/s23-zillt-medicine-mastorin-s23\/\"><strong>Mastorin (S-23)<\/strong><\/a><\/td>\n<td>SARM puissant<\/td>\n<td>Force, muscle sec et dense, effet de durcissement marqu\u00e9<\/td>\n<td>Suppression tr\u00e8s forte<\/td>\n<td>Tr\u00e8s \u00e9lev\u00e9e<\/td>\n<td>4\u20136 semaines<\/td>\n<td>S\u00e8che avanc\u00e9e, force<\/td>\n<td>~12 heures<\/td>\n<td>3\u20137 jours<\/td>\n<td>Oui<\/td>\n<td>Mod\u00e9r\u00e9e<\/td>\n<\/tr>\n<tr>\n<td style=\"text-align: center;\"><a href=\"https:\/\/sarms-sport.com\/fr\/stenabolo-zillt-medicine-stenabolic-sr-9009\/\"><strong>Stenabolic (SR-9009)<\/strong><\/a><\/td>\n<td>Agoniste Rev-ERB<\/td>\n<td>Boost du m\u00e9tabolisme, perte de graisse, endurance<\/td>\n<td>Prise fr\u00e9quente n\u00e9cessaire<\/td>\n<td>Non<\/td>\n<td>6\u201310 semaines<\/td>\n<td>S\u00e8che<\/td>\n<td>1\u20132 heures<\/td>\n<td>2\u20134 jours<\/td>\n<td>Non<\/td>\n<td>Tr\u00e8s faible<\/td>\n<\/tr>\n<tr>\n<td style=\"text-align: center;\"><a href=\"https:\/\/sarms-sport.com\/fr\/testolono-zillt-medicine-testolone-rad-140\/\"><strong>Testolone (RAD-140)<\/strong><\/a><\/td>\n<td>SARM<\/td>\n<td>Augmentation de la force, masse musculaire, effet anti-catabolique<\/td>\n<td>Suppression, irritabilit\u00e9<\/td>\n<td>\u00c9lev\u00e9e<\/td>\n<td>6\u20138 semaines<\/td>\n<td>Prise de masse, force<\/td>\n<td>~60 heures<\/td>\n<td>5\u20137 jours<\/td>\n<td>Oui<\/td>\n<td>Faible \u00e0 moyenne<\/td>\n<\/tr>\n<tr>\n<td style=\"text-align: center;\"><a href=\"https:\/\/sarms-sport.com\/fr\/yk-11-zillt-medicine-myostan-yk11\/\"><strong>Myostan (YK-11)<\/strong><\/a><\/td>\n<td>Inhibiteur de myostatine<\/td>\n<td>Augmentation rapide de la force, hypertrophie acc\u00e9l\u00e9r\u00e9e, masse dense<\/td>\n<td>Stress h\u00e9patique, agressivit\u00e9<\/td>\n<td>\u00c9lev\u00e9e<\/td>\n<td>4\u20138 semaines<\/td>\n<td>Prise de masse, force<\/td>\n<td>6\u201310 heures<\/td>\n<td>5\u20137 jours<\/td>\n<td>Oui<\/td>\n<td>Moyenne \u00e0 \u00e9lev\u00e9e<\/td>\n<\/tr>\n<\/tbody>\n<\/table>\n<h2>Qu&rsquo;est-ce que le S23 SARM<\/h2>\n<p>Le S23 SARM est consid\u00e9r\u00e9 comme le modulateur s\u00e9lectif des r\u00e9cepteurs androg\u00e8nes le plus puissant. Ce m\u00e9dicament a fait forte impression dans le monde du culturisme en permettant \u00e0 la fois de gagner en masse musculaire et de perdre de la graisse. Le S23 a \u00e9t\u00e9 initialement d\u00e9velopp\u00e9 comme contraceptif masculin, mais il a rapidement gagn\u00e9 en popularit\u00e9 aupr\u00e8s des athl\u00e8tes et des culturistes pour ses effets extr\u00eamement raffermissants.<\/p>\n<p>La majorit\u00e9 des personnes qui ach\u00e8tent le S23 SARM sont d\u00e9j\u00e0 des utilisateurs qui ont d\u00e9j\u00e0 utilis\u00e9 un SARM moderne ou plus faible et qui recherchent simplement un produit plus puissant. Plusieurs utilisateurs comparent le S23 au Winstrol ou au Trenbolone pour sa capacit\u00e9 \u00e0 ass\u00e9cher les vaisseaux sanguins, mais sans les effets androg\u00e8nes intenses de ces deux produits.<\/p>\n<p>En fin de compte, le S23 SARM est parfait pour les athl\u00e8tes qui veulent se d\u00e9passer et gagner en masse musculaire de qualit\u00e9 afin d&rsquo;avoir l&rsquo;air pr\u00eats \u00e0 monter sur sc\u00e8ne. Correctement dos\u00e9, le S23 SARM peut modifier consid\u00e9rablement le corps et induire une sensation g\u00e9n\u00e9rale de duret\u00e9.<\/p>\n<h2>Comment fonctionne le S23 (Mastorin)<\/h2>\n<p>Le Mastorin S23 se lie aux r\u00e9cepteurs androg\u00e8nes dans les muscles et les os, stimule la synth\u00e8se et la croissance des prot\u00e9ines dans les muscles et les os, et r\u00e9duit la masse graisseuse. Contrairement aux st\u00e9ro\u00efdes anabolisants, le S23 ne s&rsquo;aromatise pas en \u0153strog\u00e8ne et ne provoque pas de r\u00e9tention d&rsquo;eau. Le m\u00e9dicament a une forte affinit\u00e9 de liaison aux r\u00e9cepteurs, ce qui signifie qu&rsquo;il a des effets anabolisants puissants m\u00eame \u00e0 tr\u00e8s faibles doses. C&rsquo;est l&rsquo;un des principaux facteurs qui expliquent pourquoi il est consid\u00e9r\u00e9 comme le SARM S23 le plus puissant disponible \u00e0 la vente.<\/p>\n<p>Le S23 favorise l&rsquo;activit\u00e9 anabolique et r\u00e9duit l&rsquo;hormone lut\u00e9inisante et l&rsquo;hormone folliculo-stimulante une fois dans l&rsquo;organisme. C&rsquo;est la suppression de ces hormones qui entra\u00eene un arr\u00eat temporaire de la testost\u00e9rone, raison pour laquelle une PCT est n\u00e9cessaire lors de son utilisation. Quoi qu&rsquo;il en soit, le S23 pr\u00e9sente un excellent rapport anabolique\/androg\u00e8ne.<\/p>\n<p>Le Mastorin pourrait \u00eatre particuli\u00e8rement b\u00e9n\u00e9fique dans les cycles de coupe ou de recomposition dans la vie r\u00e9elle, o\u00f9 l&rsquo;objectif est de maintenir la masse musculaire tout en perdant de la graisse. C&rsquo;est ce qui rend son m\u00e9canisme si diff\u00e9rent des autres m\u00e9dicaments :<\/p>\n<ul>\n<li>le ciblage de r\u00e9cepteurs sp\u00e9cifiques permet la cr\u00e9ation de muscles \u00e9pais et de haute qualit\u00e9.<\/li>\n<li>Une activit\u00e9 \u0153strog\u00e9nique minimale donne un aspect sec et dur.<\/li>\n<li>Sa demi-vie courte d&rsquo;environ 2 jours permet des sch\u00e9mas posologiques flexibles.<\/li>\n<li>Le m\u00e9tabolisme stimul\u00e9 permet de br\u00fbler les graisses plus rapidement.<\/li>\n<li>Une densit\u00e9 plus \u00e9lev\u00e9e de fibres dans le muscle est la raison de l&rsquo;aspect ferme.<\/li>\n<\/ul>\n<p>Le S23 fonctionne sur le principe que vous obtenez une pouss\u00e9e anabolique incroyablement puissante qui induit un contr\u00f4le tr\u00e8s fin des effets androg\u00e8nes. C&rsquo;est tout simplement une n\u00e9cessit\u00e9 absolue pour un athl\u00e8te de haut niveau qui vise une condition physique de niveau professionnel.<\/p>\n<h2>Avantages du SARM S23<\/h2>\n<p>Le mastorine est consid\u00e9r\u00e9 comme le SARM le plus puissant pour la perte de graisse et le gain musculaire. Les utilisateurs le d\u00e9crivent souvent comme un SARM \u00ab ass\u00e9chant \u00bb, qui aide \u00e0 conserver un aspect vasculaire sans ajouter de poids d&rsquo;eau inutile. Voici les principaux avantages du SARM S23 pour les culturistes :<\/p>\n<ol>\n<li><strong>\u00c9paisseur musculaire<\/strong><br \/>\nUne duret\u00e9 sans pr\u00e9c\u00e9dent est un effet plut\u00f4t inhabituel pour ce type de compl\u00e9ments alimentaires destin\u00e9s \u00e0 la prise de masse. Ce complexe musculaire a un excellent effet, car il cr\u00e9e des muscles qui ressemblent \u00e0 ceux des comp\u00e9titeurs, mais sans les effets secondaires n\u00e9gatifs.<\/li>\n<li><strong>Am\u00e9lioration de la force<\/strong><br \/>\nLe S23 entra\u00eene une am\u00e9lioration significative de la force et de l&rsquo;endurance musculaires. De nombreux athl\u00e8tes rapportent qu&rsquo;ils peuvent effectuer plus de r\u00e9p\u00e9titions au m\u00eame niveau de fatigue sans perdre le contr\u00f4le de leur respiration.<\/li>\n<li><strong>Perte de graisse et recomposition corporelle<\/strong><br \/>\nMastorin S23 stimule le m\u00e9tabolisme, ce qui vous permet de br\u00fbler vos graisses stock\u00e9es plut\u00f4t que de puiser dans vos muscles. Il est id\u00e9al pour les cycles de s\u00e8che visant \u00e0 perdre de la graisse tout en conservant la masse musculaire.<\/li>\n<li><strong>D\u00e9finition et vascularisation<\/strong><br \/>\nUn effet positif rapport\u00e9 par de nombreux utilisateurs du SARM S23 est une augmentation de la vascularisation. Vous pouvez vous attendre \u00e0 ce que vos veines soient plus apparentes et vos muscles l\u00e9g\u00e8rement plus d\u00e9finis sous votre peau.<\/li>\n<li><strong>D\u00e9ficit calorique<\/strong><br \/>\nLe SARM S23 aide le corps \u00e0 maintenir son activit\u00e9 anabolique en cas de d\u00e9ficit calorique. En ce qui concerne votre apparence dans le miroir, TF, vous serez \u00ab plus mince \u00bb sans \u00eatre \u00ab plus plein \u00bb.<\/li>\n<\/ol>\n<p>La v\u00e9ritable beaut\u00e9 du S23 r\u00e9side dans sa capacit\u00e9 \u00e0 construire un corps esth\u00e9tiquement agr\u00e9able et puissant, et pas seulement plus grand. Pour les athl\u00e8tes en qu\u00eate d&rsquo;esth\u00e9tique, c&rsquo;est l&rsquo;un des meilleurs produits sur le march\u00e9.<\/p>\n<h2>Effets secondaires du Mastorin (S23)<\/h2>\n<p>Le Mastorin S23 pr\u00e9sente plusieurs avantages, mais c&rsquo;est aussi un SARM puissant, qui peut entra\u00eener des effets ind\u00e9sirables qui ne peuvent \u00eatre ignor\u00e9s. Pour une utilisation responsable, vous devez savoir comment g\u00e9rer les effets secondaires les plus courants du SARMS S23 :<\/p>\n<ol>\n<li><strong>Suppression de la testost\u00e9rone<\/strong><br \/>\nIl a une activit\u00e9 androg\u00e9nique extr\u00eamement forte, ce qui lui permet de bloquer votre propre production de testost\u00e9rone. Pour contrer cet effet, la majorit\u00e9 des personnes suivent un traitement PCT \u00e0 base de Clomid, Nolvadex ou d&rsquo;autres m\u00e9dicaments afin de ramener leur taux d&rsquo;hormones \u00e0 la normale.<\/li>\n<li><strong>Modification de la libido<\/strong><br \/>\nBeaucoup de personnes remarquent une augmentation de leur libido pendant le traitement au Mastorin S23, puis une baisse une fois le cycle termin\u00e9. Ces fluctuations cycliques peuvent \u00eatre dues \u00e0 un \u00e9quilibre hormonal qui varie d&rsquo;une personne \u00e0 l&rsquo;autre. Comme d\u00e9j\u00e0 mentionn\u00e9, un PCT bien planifi\u00e9 vous aidera \u00e0 g\u00e9rer ces sympt\u00f4mes et \u00e0 pr\u00e9server vos performances globales.<\/li>\n<li><strong>Changements d&rsquo;\u00e9nergie et d&rsquo;humeur<\/strong><br \/>\nComme les SARM S23 affectent les niveaux hormonaux, certaines personnes peuvent ressentir une baisse temporaire de leur humeur et de leur \u00e9nergie. Ces effets sont g\u00e9n\u00e9ralement l\u00e9gers et devraient dispara\u00eetre avec une p\u00e9riode de r\u00e9cup\u00e9ration. Une alimentation ad\u00e9quate et le maintien d&rsquo;une bonne routine de sommeil peuvent aider \u00e0 minimiser ces effets.<\/li>\n<li><strong>Perte de cheveux ou peau grasse<\/strong><br \/>\nParfois, le Mastorin S23 peut provoquer une l\u00e9g\u00e8re r\u00e9action androg\u00e9nique sur votre corps, notamment une perte de cheveux ou une peau tr\u00e8s grasse. Ces effets secondaires sont temporaires et peuvent \u00eatre att\u00e9nu\u00e9s dans la plupart des cas gr\u00e2ce \u00e0 une bonne hygi\u00e8ne et \u00e0 une PCT.<\/li>\n<li><strong>Impact potentiel sur la fertilit\u00e9<\/strong><br \/>\nCela dit, des cycles longs ou des doses tr\u00e8s \u00e9lev\u00e9es peuvent temporairement supprimer la production de sperme et avoir un effet n\u00e9gatif sur la fertilit\u00e9. Suivez toujours vos cycles en cons\u00e9quence et pr\u00e9voyez du temps pour r\u00e9cup\u00e9rer entre eux.<\/li>\n<\/ol>\n<p>En g\u00e9n\u00e9ral, ces effets secondaires sont contr\u00f4lables avec une dur\u00e9e de cycle et une PCT adapt\u00e9es. La puissance du compos\u00e9 signifie qu&rsquo;il doit \u00eatre respect\u00e9, mais vous ne devez pas en avoir peur. \u00c9coutez votre corps et consid\u00e9rez le temps de r\u00e9cup\u00e9ration comme faisant partie int\u00e9grante du temps d&rsquo;entra\u00eenement.<\/p>\n<h2>Dosage, dur\u00e9e du cycle et utilisation s\u00fbre des SARM S23<\/h2>\n<p>La pr\u00e9cision est essentielle dans le cas du s23 de Mastorin. Cette substance fait partie des SARM les plus puissants disponibles sur le march\u00e9. Par cons\u00e9quent, comme mentionn\u00e9 ci-dessus, la planification du cycle est essentielle et peut soit donner des r\u00e9sultats exceptionnels, soit perturber votre profil hormonal.<\/p>\n<h3>Posologie optimale<\/h3>\n<p>La posologie recommand\u00e9e pour le SARM S23 est g\u00e9n\u00e9ralement de 10 \u00e0 30 mg par jour, en fonction de votre condition physique et de votre exp\u00e9rience. Pour tester votre tol\u00e9rance, la plupart des novices devraient commencer par 10 mg, tandis que les utilisateurs plus avanc\u00e9s peuvent prendre 30 mg. La dose quotidienne peut \u00eatre divis\u00e9e en deux prises, \u00e0 prendre deux fois par jour, car le S23 a une demi-vie courte. Cela permettra de maintenir un niveau stable dans votre organisme. Si vous prenez plus de 30 mg par jour, cela n&rsquo;entra\u00eenera pas de gains plus rapides et pourrait conduire \u00e0 un arr\u00eat de la production de testost\u00e9rone.<\/p>\n<h3>Dur\u00e9e recommand\u00e9e du cycle<\/h3>\n<p>La dur\u00e9e standard d&rsquo;un cycle de SARM S23 est de 6 \u00e0 8 semaines, ce qui est une bonne dur\u00e9e pour \u00eatre suffisamment efficace sans \u00eatre trop intense pour l&rsquo;organisme. Vous obtiendrez une augmentation r\u00e9elle de la force et de la densit\u00e9 de vos muscles sans perturber votre syst\u00e8me endocrinien. Vous devrez suivre une th\u00e9rapie post-cycle pendant 4 semaines apr\u00e8s le cycle afin de relancer votre production naturelle de testost\u00e9rone. De plus, vous constaterez g\u00e9n\u00e9ralement les r\u00e9sultats du S23 vers la 3e ou la 4e semaine d&rsquo;utilisation.<\/p>\n<h3>Conseils d&rsquo;utilisation s\u00e9curitaire<\/h3>\n<p>Un culturiste sens\u00e9 se distingue facilement d&rsquo;un culturiste imprudent par sa franchise. Le Mastorin S23, bien qu&rsquo;il s&rsquo;agisse d&rsquo;un compl\u00e9ment puissant, doit \u00eatre utilis\u00e9 avec prudence. De nombreux athl\u00e8tes commettent encore des erreurs en cours de route, voici donc quelques conseils \u00e0 suivre :<\/p>\n<ul>\n<li>Vous devez faire r\u00e9guli\u00e8rement des analyses de sang avant, pendant et apr\u00e8s votre cycle afin de surveiller vos niveaux d&rsquo;hormones, vos enzymes h\u00e9patiques et vos lipides.<\/li>\n<li>Consommez des prot\u00e9ines de haute qualit\u00e9 et des glucides complexes pour favoriser la r\u00e9cup\u00e9ration musculaire et augmenter votre niveau d&rsquo;\u00e9nergie.<\/li>\n<li>Utilisez un booster de test naturel pendant le cycle, car ce SARM peut entra\u00eener une certaine suppression.<\/li>\n<li>Le S23 soumet votre corps \u00e0 un entra\u00eenement cibl\u00e9, et la r\u00e9cup\u00e9ration commence \u00e0 prendre une importance \u00e9gale. Dormez entre 7 et 9 heures et buvez beaucoup d&rsquo;eau.<\/li>\n<li>Les compos\u00e9s tels que Clomid ou Nolvadex ne sont pas facultatifs une fois votre cycle termin\u00e9. Ils aident \u00e0 normaliser la fonction hormonale afin que vous puissiez conserver vos gains.<\/li>\n<li>Attendez au moins 8 \u00e0 10 semaines avant de commencer un autre cycle de S23 afin que votre corps puisse se reposer.<\/li>\n<li>Le r\u00e9sultat d\u00e9pendra en fin de compte de votre discipline. Tant que vous vous entra\u00eenez de mani\u00e8re r\u00e9guli\u00e8re, vous obtiendrez les meilleurs r\u00e9sultats \u00e0 long terme.<\/li>\n<\/ul>\n<p>Vous pouvez profiter des avantages du SARM S23, qui ne contient pas de st\u00e9ro\u00efdes anabolisants dangereux, tout en obtenant un physique esth\u00e9tique. Mais le succ\u00e8s \u00e0 long terme ne consiste pas \u00e0 repousser les limites. Il s&rsquo;agit plut\u00f4t d&rsquo;exploiter tous les outils, tels que le Mastorin S23, avec patience.<\/p>\n<h2>Mastorin (S23) en association avec d&rsquo;autres compos\u00e9s<\/h2>\n<p>L&rsquo;association du Mastorin S23 est g\u00e9n\u00e9ralement utilis\u00e9e pour affiner la d\u00e9finition ou maintenir les muscles en cas de d\u00e9ficit calorique. Lors d&rsquo;une s\u00e8che, il est connu pour \u00eatre associ\u00e9 au Cardarine (GW-501516) ou \u00e0 Andarine (S4) pour obtenir des r\u00e9sultats S23 SARM \u00e9tonnants avant et apr\u00e8s. Cette formule permet d&rsquo;am\u00e9liorer l&rsquo;endurance et de br\u00fbler plus de graisses. De plus, cette association est particuli\u00e8rement b\u00e9n\u00e9fique pour la pr\u00e9paration \u00e0 une comp\u00e9tition ou \u00e0 une s\u00e9ance photo.<\/p>\n<p>Pour aider \u00e0 gagner du muscle et \u00e0 perdre de la graisse en m\u00eame temps, vous pouvez associer le S23 \u00e0 des SARM tels que le Ligandrol ou le MK-677 pour la recomposition corporelle. Le Ligandrol permet une augmentation progressive du tissu maigre, tandis que le MK-677 facilite la r\u00e9cup\u00e9ration et le sommeil gr\u00e2ce \u00e0 une s\u00e9cr\u00e9tion accrue d&rsquo;hormone de croissance. Avec l&rsquo;ajout du S23, cette association permet aux utilisateurs de conserver leur force pendant l&rsquo;entra\u00eenement et de gagner du tissu maigre de haute qualit\u00e9.<\/p>\n<p>Parfois, les d\u00e9butants essaient des compos\u00e9s fortement suppressifs tels que le RAD-140 ou le YK11. Ces combinaisons exercent une pression suppl\u00e9mentaire sur le syst\u00e8me hormonal et n\u00e9cessitent une r\u00e9cup\u00e9ration plus importante. Il est pr\u00e9f\u00e9rable de commencer par des SARM semi-doux ou des compl\u00e9ments \u00e0 base de peptides. Quelle que soit la combinaison, tous les utilisateurs doivent terminer le cycle par une PCT appropri\u00e9e afin d&rsquo;augmenter leur taux de testost\u00e9rone, mais aussi de maintenir les r\u00e9sultats obtenus.<\/p>\n<h2>Erreurs courantes commises par les d\u00e9butants lors de l&rsquo;utilisation de Mastorin (S23)<\/h2>\n<p>Que vous soyez novice ou athl\u00e8te exp\u00e9riment\u00e9, vous pouvez toujours commettre des erreurs et obtenir des r\u00e9sultats inf\u00e9rieurs \u00e0 vos attentes. Voici les erreurs les plus fr\u00e9quentes et comment les \u00e9viter :<\/p>\n<ol>\n<li><strong>Commencer avec une dose \u00e9lev\u00e9e<\/strong><br \/>\nBeaucoup de nouveaux utilisateurs pensent que plus ils en prennent, plus les gains seront rapides, mais avec les SARM S23, une dose plus importante signifie simplement une plus grande suppression de la testost\u00e9rone. Apr\u00e8s vous \u00eatre assur\u00e9 que vous \u00eates pr\u00eat \u00e0 commencer le cycle, il est recommand\u00e9 de commencer par 10 \u00e0 15 mg par jour.<\/li>\n<li><strong>Pas de th\u00e9rapie post-cycle<\/strong><br \/>\nAvec Mastorin, votre suppression peut \u00eatre extr\u00eamement difficile, et m\u00eame si vous ne faites pas de PCT \u00e0 la fin du cycle, vous pouvez perdre votre force et m\u00eame devenir d\u00e9pressif.<\/li>\n<li><strong>Mauvaise alimentation<\/strong><br \/>\nSi vous utilisez des compos\u00e9s plus puissants pour perdre de la graisse abdominale, vous devez tout de m\u00eame manger correctement. En r\u00e9alit\u00e9, quelle que soit la puissance du st\u00e9ro\u00efde, vous ne pouvez pas pr\u00e9server vos muscles si vous ne vous nourrissez pas correctement. Vous avez besoin d&rsquo;un apport suffisant en prot\u00e9ines et en graisses saines pour conserver un maximum de muscles.<\/li>\n<li><strong>Combinaison de trop de compos\u00e9s<\/strong><br \/>\nL&rsquo;utilisation du S23 avec d&rsquo;autres SARM ou st\u00e9ro\u00efdes peut \u00eatre trop intense pour votre corps. Pour ceux d&rsquo;entre vous qui d\u00e9couvrent ce domaine, limitez-vous \u00e0 1 ou 2 compos\u00e9s plus doux comme le Cardarine et le MK-677. La bonne combinaison peut vous permettre d&rsquo;obtenir des gains r\u00e9guliers, mais une combinaison al\u00e9atoire vous causera des d\u00e9s\u00e9quilibres hormonaux.<\/li>\n<li><strong>Cycle trop long<\/strong><br \/>\nLe S23 est un compos\u00e9 puissant, ne utilisez donc pas pendant plus de 6 \u00e0 8 semaines. Prolonger un cycle trop longtemps entra\u00eenera une suppression encore plus importante et une r\u00e9cup\u00e9ration difficile. Assurez-vous que les pauses entre les cycles vous permettront d&rsquo;obtenir un meilleur \u00e9quilibre hormonal.<\/li>\n<\/ol>\n<p>Avec la bonne approche et en \u00e9vitant les pi\u00e8ges, vous pouvez acheter des SARM S23 en toute s\u00e9curit\u00e9 et profiter des avantages de la croissance musculaire avec un minimum de risques. Si vous commettez encore des erreurs, n&rsquo;h\u00e9sitez pas \u00e0 demander l&rsquo;aide d&rsquo;un professionnel et ne n\u00e9gligez pas votre sant\u00e9.<\/p>\n","protected":false},"excerpt":{"rendered":"<p>Nom Type Effets principaux Effets secondaires Suppression de la testost\u00e9rone Cycle typique Id\u00e9al pour Dur\u00e9e de demi-vie D\u00e9but d\u2019action PCT n\u00e9cessaire Toxicit\u00e9 Andarine (S-4) SARM Perte de graisse, muscle sec, augmentation de la force Alt\u00e9rations de la vision Moyenne 6\u20138 semaines S\u00e8che, recomposition ~4 heures 7\u201310 jours Oui Faible Cardarine (GW-501516) Agoniste PPAR\u03b4 Am\u00e9lioration de [&hellip;]<\/p>\n","protected":false},"featured_media":718,"comment_status":"open","ping_status":"closed","template":"","meta":{"_acf_changed":false},"product_brand":[],"product_cat":[46],"product_tag":[],"class_list":{"0":"post-1210","1":"product","2":"type-product","3":"status-publish","4":"has-post-thumbnail","6":"product_cat-sarms","8":"first","9":"instock","10":"shipping-taxable","11":"purchasable","12":"product-type-variable"},"acf":[],"_links":{"self":[{"href":"https:\/\/sarms-sport.com\/fr\/wp-json\/wp\/v2\/product\/1210","targetHints":{"allow":["GET"]}}],"collection":[{"href":"https:\/\/sarms-sport.com\/fr\/wp-json\/wp\/v2\/product"}],"about":[{"href":"https:\/\/sarms-sport.com\/fr\/wp-json\/wp\/v2\/types\/product"}],"replies":[{"embeddable":true,"href":"https:\/\/sarms-sport.com\/fr\/wp-json\/wp\/v2\/comments?post=1210"}],"wp:featuredmedia":[{"embeddable":true,"href":"https:\/\/sarms-sport.com\/fr\/wp-json\/wp\/v2\/media\/718"}],"wp:attachment":[{"href":"https:\/\/sarms-sport.com\/fr\/wp-json\/wp\/v2\/media?parent=1210"}],"wp:term":[{"taxonomy":"product_brand","embeddable":true,"href":"https:\/\/sarms-sport.com\/fr\/wp-json\/wp\/v2\/product_brand?post=1210"},{"taxonomy":"product_cat","embeddable":true,"href":"https:\/\/sarms-sport.com\/fr\/wp-json\/wp\/v2\/product_cat?post=1210"},{"taxonomy":"product_tag","embeddable":true,"href":"https:\/\/sarms-sport.com\/fr\/wp-json\/wp\/v2\/product_tag?post=1210"}],"curies":[{"name":"wp","href":"https:\/\/api.w.org\/{rel}","templated":true}]}}