{"id":1213,"date":"2025-05-05T13:49:42","date_gmt":"2025-05-05T11:49:42","guid":{"rendered":"https:\/\/sarms-sport.com\/stenabolo-zillt-medicine-stenabolic-sr-9009\/"},"modified":"2025-12-25T17:50:57","modified_gmt":"2025-12-25T16:50:57","slug":"stenabolo-zillt-medicine-stenabolic-sr-9009","status":"publish","type":"product","link":"https:\/\/sarms-sport.com\/fr\/stenabolo-zillt-medicine-stenabolic-sr-9009\/","title":{"rendered":"Stenabolo Zillt Medicine (Stenabolic SR-9009)"},"content":{"rendered":"<table>\n<tbody>\n<tr>\n<td style=\"text-align: center;\"><strong>Nom<\/strong><\/td>\n<td style=\"text-align: center;\"><strong>Type<\/strong><\/td>\n<td style=\"text-align: center;\"><strong>Effets principaux<\/strong><\/td>\n<td style=\"text-align: center;\"><strong>Effets secondaires<\/strong><\/td>\n<td style=\"text-align: center;\"><strong>Suppression de la testost\u00e9rone<\/strong><\/td>\n<td style=\"text-align: center;\"><strong>Cycle typique<\/strong><\/td>\n<td style=\"text-align: center;\"><strong>Id\u00e9al pour<\/strong><\/td>\n<td style=\"text-align: center;\"><strong>Dur\u00e9e de demi-vie<\/strong><\/td>\n<td style=\"text-align: center;\"><strong>D\u00e9but d\u2019action<\/strong><\/td>\n<td style=\"text-align: center;\"><strong>PCT n\u00e9cessaire<\/strong><\/td>\n<td style=\"text-align: center;\"><strong>Toxicit\u00e9<\/strong><\/td>\n<\/tr>\n<tr>\n<td style=\"text-align: center;\"><a href=\"https:\/\/sarms-sport.com\/fr\/andarino-zillt-medicine-andarine-s4\/\"><strong>Andarine (S-4)<\/strong><\/a><\/td>\n<td>SARM<\/td>\n<td>Perte de graisse, muscle sec, augmentation de la force<\/td>\n<td>Alt\u00e9rations de la vision<\/td>\n<td>Moyenne<\/td>\n<td>6\u20138 semaines<\/td>\n<td>S\u00e8che, recomposition<\/td>\n<td>~4 heures<\/td>\n<td>7\u201310 jours<\/td>\n<td>Oui<\/td>\n<td>Faible<\/td>\n<\/tr>\n<tr>\n<td style=\"text-align: center;\"><a href=\"https:\/\/sarms-sport.com\/fr\/cardarino-zillt-medicine-cardarine-gw-501516\/\"><strong>Cardarine (GW-501516)<\/strong><\/a><\/td>\n<td>Agoniste PPAR\u03b4<\/td>\n<td>Am\u00e9lioration de l\u2019endurance, oxydation des graisses, m\u00e9tabolisme<\/td>\n<td>Risques potentiels \u00e0 fortes doses<\/td>\n<td>Non<\/td>\n<td>6\u201312 semaines<\/td>\n<td>S\u00e8che, endurance<\/td>\n<td>16\u201324 heures<\/td>\n<td>3\u20135 jours<\/td>\n<td>Non<\/td>\n<td>Tr\u00e8s faible<\/td>\n<\/tr>\n<tr>\n<td style=\"text-align: center;\"><a href=\"https:\/\/sarms-sport.com\/fr\/ibutamoreno-zillt-medicine-ibutamoren-mk-677\/\"><strong>Ibutamoren (MK-677)<\/strong><\/a><\/td>\n<td>S\u00e9cr\u00e9tagogue de GH<\/td>\n<td>Augmente GH\/IGF-1, r\u00e9cup\u00e9ration, am\u00e9lioration du sommeil<\/td>\n<td>App\u00e9tit accru, r\u00e9tention d\u2019eau<\/td>\n<td>Non<\/td>\n<td>8\u201316 semaines<\/td>\n<td>Prise de masse, r\u00e9cup\u00e9ration<\/td>\n<td>20\u201324 heures<\/td>\n<td>5\u20137 jours<\/td>\n<td>Non<\/td>\n<td>Faible<\/td>\n<\/tr>\n<tr>\n<td style=\"text-align: center;\"><a href=\"https:\/\/sarms-sport.com\/fr\/ligandrolo-zillt-medicine-ligandrol-lgd-4033\/\"><strong>Ligandrol (LGD-4033)<\/strong><\/a><\/td>\n<td>SARM<\/td>\n<td>Gain de masse et de force, meilleure r\u00e9cup\u00e9ration<\/td>\n<td>Forte suppression<\/td>\n<td>\u00c9lev\u00e9e<\/td>\n<td>6\u20138 semaines<\/td>\n<td>Prise de masse<\/td>\n<td>24\u201336 heures<\/td>\n<td>7\u201310 jours<\/td>\n<td>Oui<\/td>\n<td>Faible<\/td>\n<\/tr>\n<tr>\n<td style=\"text-align: center;\"><a href=\"https:\/\/sarms-sport.com\/fr\/ostarino-zillt-medicine-ostarine-mk-2866\/\"><strong>Ostarine (MK-2866)<\/strong><\/a><\/td>\n<td>SARM<\/td>\n<td>Masse maigre, soutien articulaire, recomposition l\u00e9g\u00e8re<\/td>\n<td>L\u00e9g\u00e8re suppression<\/td>\n<td>Faible<\/td>\n<td>6\u20138 semaines<\/td>\n<td>Recomposition<\/td>\n<td>24 heures<\/td>\n<td>10\u201314 jours<\/td>\n<td>Non<\/td>\n<td>Tr\u00e8s faible<\/td>\n<\/tr>\n<tr>\n<td style=\"text-align: center;\"><a href=\"https:\/\/sarms-sport.com\/fr\/s23-zillt-medicine-mastorin-s23\/\"><strong>Mastorin (S-23)<\/strong><\/a><\/td>\n<td>SARM puissant<\/td>\n<td>Force, muscle sec et dense, effet de durcissement marqu\u00e9<\/td>\n<td>Suppression tr\u00e8s forte<\/td>\n<td>Tr\u00e8s \u00e9lev\u00e9e<\/td>\n<td>4\u20136 semaines<\/td>\n<td>S\u00e8che avanc\u00e9e, force<\/td>\n<td>~12 heures<\/td>\n<td>3\u20137 jours<\/td>\n<td>Oui<\/td>\n<td>Mod\u00e9r\u00e9e<\/td>\n<\/tr>\n<tr>\n<td style=\"text-align: center;\"><a href=\"https:\/\/sarms-sport.com\/fr\/stenabolo-zillt-medicine-stenabolic-sr-9009\/\"><strong>Stenabolic (SR-9009)<\/strong><\/a><\/td>\n<td>Agoniste Rev-ERB<\/td>\n<td>Boost du m\u00e9tabolisme, perte de graisse, endurance<\/td>\n<td>Prise fr\u00e9quente n\u00e9cessaire<\/td>\n<td>Non<\/td>\n<td>6\u201310 semaines<\/td>\n<td>S\u00e8che<\/td>\n<td>1\u20132 heures<\/td>\n<td>2\u20134 jours<\/td>\n<td>Non<\/td>\n<td>Tr\u00e8s faible<\/td>\n<\/tr>\n<tr>\n<td style=\"text-align: center;\"><a href=\"https:\/\/sarms-sport.com\/fr\/testolono-zillt-medicine-testolone-rad-140\/\"><strong>Testolone (RAD-140)<\/strong><\/a><\/td>\n<td>SARM<\/td>\n<td>Augmentation de la force, masse musculaire, effet anti-catabolique<\/td>\n<td>Suppression, irritabilit\u00e9<\/td>\n<td>\u00c9lev\u00e9e<\/td>\n<td>6\u20138 semaines<\/td>\n<td>Prise de masse, force<\/td>\n<td>~60 heures<\/td>\n<td>5\u20137 jours<\/td>\n<td>Oui<\/td>\n<td>Faible \u00e0 moyenne<\/td>\n<\/tr>\n<tr>\n<td style=\"text-align: center;\"><a href=\"https:\/\/sarms-sport.com\/fr\/yk-11-zillt-medicine-myostan-yk11\/\"><strong>Myostan (YK-11)<\/strong><\/a><\/td>\n<td>Inhibiteur de myostatine<\/td>\n<td>Augmentation rapide de la force, hypertrophie acc\u00e9l\u00e9r\u00e9e, masse dense<\/td>\n<td>Stress h\u00e9patique, agressivit\u00e9<\/td>\n<td>\u00c9lev\u00e9e<\/td>\n<td>4\u20138 semaines<\/td>\n<td>Prise de masse, force<\/td>\n<td>6\u201310 heures<\/td>\n<td>5\u20137 jours<\/td>\n<td>Oui<\/td>\n<td>Moyenne \u00e0 \u00e9lev\u00e9e<\/td>\n<\/tr>\n<\/tbody>\n<\/table>\n<h2>Qu&rsquo;est-ce que le Stenabolic (SR-9009) ?<\/h2>\n<p>Le Stenabolic (SR-9009) est un m\u00e9dicament synth\u00e9tique souvent class\u00e9 parmi les SARM, mais il ne s&rsquo;agit pas d&rsquo;un SARMs car son m\u00e9canisme d&rsquo;action est diff\u00e9rent. Les athl\u00e8tes et les culturistes l&rsquo;utilisent pour pouvoir s&rsquo;entra\u00eener \u00e0 haute intensit\u00e9 pendant plus longtemps et pour avoir un physique aussi sec que possible. Le SR 9009 Stenabolic n&rsquo;est pas un stimulant, il ne provoque donc pas de nervosit\u00e9 ou de fatigue, mais agit plut\u00f4t en am\u00e9liorant progressivement l&rsquo;utilisation de l&rsquo;\u00e9nergie par l&rsquo;organisme tout au long de la journ\u00e9e.<\/p>\n<p>Avant d&rsquo;\u00eatre \u00e9tudi\u00e9 pour ses effets sur les maladies m\u00e9taboliques et cardiovasculaires, ce compos\u00e9 avait d\u00e9j\u00e0 fait l&rsquo;objet de recherches. Cependant, il suscite d\u00e9sormais l&rsquo;int\u00e9r\u00eat pour ses bienfaits en termes d&rsquo;endurance et de fonctionnalit\u00e9 dans le domaine sportif. L&rsquo;avantage du SR-9009 Stenabolic est qu&rsquo;il favorise l&rsquo;oxydation des graisses sans entra\u00eener de perte de masse musculaire, ce qui permet de rester performant malgr\u00e9 un d\u00e9ficit calorique. C&rsquo;est cette action unique, \u00e0 mi-chemin entre les deux, qui rend cet agent utile pour toute personne cherchant \u00e0 r\u00e9duire son poids ou \u00e0 am\u00e9liorer ses performances m\u00e9taboliques.<\/p>\n<h2>Comment fonctionne le SR-9009 Stenabolic<\/h2>\n<p>Le SR9009 Stenabolic agit en activant une prot\u00e9ine particuli\u00e8re appel\u00e9e Rev-ErbA. Il contribue \u00e0 r\u00e9guler le taux m\u00e9tabolique du corps et l&rsquo;horloge interne g\u00e9n\u00e9rale. Lors de l&rsquo;activation de cette prot\u00e9ine, les cellules produisent davantage de mitochondries, ces minuscules organites producteurs d&rsquo;\u00e9nergie qui permettent au corps d&rsquo;effectuer tous ses processus. Il en r\u00e9sulte une plus grande endurance, une combustion efficace des graisses et une production d&rsquo;\u00e9nergie accrue dans le corps.<\/p>\n<p>En bref, le SR-9009 rend le corps plus efficace dans l&rsquo;utilisation de l&rsquo;\u00e9nergie, ce qui vous permet de travailler plus dur pendant votre entra\u00eenement et de rester plus actif\u2002plus longtemps. Voici donc l&rsquo;impact du SR-9009 sur le corps humain :<\/p>\n<ul>\n<li>Les cellules augmentent leurs unit\u00e9s productrices d&rsquo;\u00e9nergie, les mitochondries, afin d&rsquo;am\u00e9liorer l&rsquo;endurance et les performances physiques.<\/li>\n<li>Votre corps est plus \u00e9conome en \u00e9nergie tout au long de la journ\u00e9e, ce qui explique peut-\u00eatre en partie pourquoi vous vous sentez fatigu\u00e9 ces derniers temps.<\/li>\n<li>Plus vos muscles peuvent endurer avant de se fatiguer, plus vos s\u00e9ances de cardio deviennent faciles.<\/li>\n<li>Le corps utilise davantage de graisses pour produire de l&rsquo;\u00e9nergie, ce qui peut vous aider \u00e0 mincir \u00e0 long terme.<\/li>\n<li>Il peut avoir des effets b\u00e9n\u00e9fiques sur votre horloge interne, normaliser les cycles veille-sommeil et am\u00e9liorer la sant\u00e9 m\u00e9tabolique.<\/li>\n<\/ul>\n<p>Gr\u00e2ce \u00e0 tous ces effets combin\u00e9s, le SR9009 en vente permet simplement aux utilisateurs de se sentir plus \u00e9nergiques et leur permet d&rsquo;\u00eatre plus performants sans aucun effet sur l&rsquo;hypertrophie musculaire. Certains athl\u00e8tes l&rsquo;appr\u00e9cient \u00e9galement pour l&rsquo;endurance et le contr\u00f4le des graisses.<\/p>\n<h2>Avantages du SR-9009 Stenabolic<\/h2>\n<p>La plupart des avantages du Stenabolic concernent les athl\u00e8tes, les amateurs de fitness ou simplement les personnes qui cherchent \u00e0 augmenter leur \u00e9nergie et leur m\u00e9tabolisme. Bien que le SR-9009 ne soit pas un st\u00e9ro\u00efde, son effet sur l&rsquo;endurance et les performances est tr\u00e8s positif lorsque l&rsquo;on recherche plus d&rsquo;\u00e9nergie. Vous trouverez ci-dessous quelques-uns des principaux avantages auxquels vous pouvez vous attendre :<\/p>\n<ol>\n<li><strong>Plus d&rsquo;endurance<\/strong><br \/>\nLorsque vous achetez Stenabolic, il am\u00e9liore la dur\u00e9e pendant laquelle les muscles peuvent fonctionner sans s&rsquo;\u00e9puiser. Les utilisateurs affirment \u00e9galement qu&rsquo;il peut faciliter les s\u00e9ances de cardio et leur permettre de s&rsquo;entra\u00eener plus intens\u00e9ment. Une endurance accrue est toujours b\u00e9n\u00e9fique pour les athl\u00e8tes et ceux qui souhaitent am\u00e9liorer leur r\u00e9sistance.<\/li>\n<li><strong>Meilleur effet br\u00fble-graisse<\/strong><br \/>\nLes utilisateurs du SR-9009 affirment que leur m\u00e9tabolisme des graisses est plus efficace gr\u00e2ce \u00e0 une activit\u00e9 mitochondriale accrue. Une fonction mitochondriale plus \u00e9lev\u00e9e augmente \u00e9galement le taux m\u00e9tabolique au repos et pendant l&rsquo;exercice, et permet d&rsquo;am\u00e9liorer la perte de graisse.<\/li>\n<li><strong>Augmentation des ressources \u00e9nerg\u00e9tiques<\/strong><br \/>\nLes utilisateurs sont plus actifs tout au long de la journ\u00e9e, car le m\u00e9tabolisme \u00e9nerg\u00e9tique de l&rsquo;\u00e9nergie stock\u00e9e est am\u00e9lior\u00e9 et la l\u00e9thargie est r\u00e9duite. De plus, l&rsquo;activit\u00e9 physique quotidienne est \u00e9galement stimul\u00e9e par le SR-9009.<\/li>\n<li><strong>R\u00e9cup\u00e9ration plus rapide<\/strong><br \/>\nL&rsquo;am\u00e9lioration de la production d&rsquo;\u00e9nergie mitochondriale et du m\u00e9tabolisme permet aux muscles de r\u00e9cup\u00e9rer plus rapidement apr\u00e8s l&rsquo;exercice et de s&rsquo;entra\u00eener plus fr\u00e9quemment sans fatigue excessive.<\/li>\n<li><strong>Favorise la sant\u00e9 m\u00e9tabolique<\/strong><br \/>\nLa biodisponibilit\u00e9 \u00e9lev\u00e9e du SR-9009 dans les mitochondries am\u00e9liore le fonctionnement de l&rsquo;horloge biologique interne et du m\u00e9tabolisme \u00e9nerg\u00e9tique. Cela se traduit par un m\u00e9tabolisme plus \u00e9quilibr\u00e9 tout au long de la journ\u00e9e.<\/li>\n<li><strong>Action non hormonale<\/strong><br \/>\nLe Stenalobic (SR-9009) en vente n&rsquo;est pas une hormone, il n&rsquo;interf\u00e8re donc pas directement avec vos hormones comme le font les st\u00e9ro\u00efdes. Cela r\u00e9duit le risque d&rsquo;effets secondaires hormonaux tout en offrant les avantages pour le m\u00e9tabolisme et les performances.<\/li>\n<li><strong>Flexibilit\u00e9 pour divers objectifs<\/strong><br \/>\nQue ce soit pour d\u00e9velopper l&rsquo;endurance, perdre de la graisse ou gagner en vitalit\u00e9, tout peut devenir un objectif avant le repas indispensable SR-9009, sans r\u00e9gime alimentaire extr\u00eame ni modification de l&rsquo;entra\u00eenement. Comme indiqu\u00e9 pr\u00e9c\u00e9demment, les r\u00e9sultats varient d&rsquo;une personne \u00e0 l&rsquo;autre et le m\u00e9dicament peut s&rsquo;adapter aux objectifs personnels de remise en forme.<\/li>\n<\/ol>\n<p>Enfin, si vous achetez Stenabolic en ligne, il a le potentiel d&rsquo;augmenter l&rsquo;endurance, l&rsquo;\u00e9nergie et l&rsquo;oxydation des graisses de mani\u00e8re non hormonale. C&rsquo;est une ressource naturelle pour ceux qui veulent garder un physique plus mince et avoir plus d&rsquo;\u00e9nergie pour passer la journ\u00e9e.<\/p>\n<h2>Effets secondaires de Stenabolic (SR9009)<\/h2>\n<p>Bien que le SR-9009 soit consid\u00e9r\u00e9 comme plus s\u00fbr que la plupart des autres m\u00e9dicaments anabolisants, il pr\u00e9sente tout de m\u00eame certains effets ind\u00e9sirables. Si vous connaissez tous les effets secondaires de Stenabolic, vous pourrez le prendre en toute s\u00e9curit\u00e9 et efficacement. Examinons les effets ind\u00e9sirables courants auxquels vous pouvez vous attendre :<\/p>\n<ol>\n<li><strong>Fatigue l\u00e9g\u00e8re<\/strong><br \/>\nLa fatigue est un effet courant chez de nombreux utilisateurs au d\u00e9but du traitement. Lorsque vous commencez \u00e0 utiliser le SR-9009, vous vous sentirez fatigu\u00e9, mais il s&rsquo;agit d&rsquo;une fatigue passag\u00e8re, le temps que votre corps s&rsquo;habitue \u00e0 l&rsquo;augmentation de la production d&rsquo;\u00e9nergie. La fatigue dispara\u00eet g\u00e9n\u00e9ralement en quelques jours.<\/li>\n<li><strong>Troubles du sommeil <\/strong><br \/>\nLe SR-9009 peut perturber le rythme circadien. Certaines personnes ont signal\u00e9 des difficult\u00e9s \u00e0 s&rsquo;endormir, ce qui peut parfois \u00eatre d\u00e9rangeant.<\/li>\n<li><strong>Troubles digestifs<\/strong><br \/>\nDes naus\u00e9es et des ballonnements, voire de l\u00e9gers maux d&rsquo;estomac, peuvent \u00eatre ressentis apr\u00e8s la prise de Stenabolic SR-9009 \u00e0 jeun. Si vous prenez le SR-9009 avec un peu de nourriture ou une collation, vous devriez pouvoir soulager une partie de la douleur.<\/li>\n<li><strong>Maux de t\u00eate <\/strong><br \/>\nCertains utilisateurs souffrent de maux de t\u00eate en raison de la consommation d&rsquo;\u00e9nergie et du changement de m\u00e9tabolisme. Il est pr\u00e9f\u00e9rable de boire de l&rsquo;eau et de contr\u00f4ler la dose pour r\u00e9duire cet effet secondaire.<\/li>\n<li><strong>Augmentation du rythme cardiaque<\/strong><br \/>\nEn raison de l&rsquo;effet \u00e9nergisant, certaines personnes peuvent sentir leur c\u0153ur battre plus vite pendant une s\u00e9ance d&rsquo;entra\u00eenement. Dans la plupart des cas, cela n&rsquo;est pas dangereux pour les personnes en bonne sant\u00e9, mais il est toutefois prudent de pr\u00eater attention \u00e0 tout changement cardiovasculaire.<\/li>\n<\/ol>\n<p>Tous les effets secondaires du SARM SR9009 sont l\u00e9gers et tr\u00e8s bien tol\u00e9r\u00e9s lorsque les personnes utilisent le dosage et le programme corrects. Si vous \u00eates conscient et attentif aux r\u00e9actions de votre corps, vous pouvez tirer profit de sa prise en vous adaptant \u00e0 tout effet ind\u00e9sirable.<\/p>\n<h2>SR-9009 (Stenabolic) : posologie, dur\u00e9e du cycle et utilisation s\u00fbre<\/h2>\n<p>Vous devez vous entra\u00eener \u00e0 utiliser le SR-9009 en toute s\u00e9curit\u00e9 afin de tirer le meilleur parti de cette substance avec le moins de probl\u00e8mes possible. Ce n&rsquo;est pas parce qu&rsquo;il ne s&rsquo;agit pas d&rsquo;un st\u00e9ro\u00efde que vous ne pouvez pas ressentir d&rsquo;effets secondaires l\u00e9gers ou obtenir des r\u00e9sultats inefficaces avec le Stenabolic s&rsquo;il est utilis\u00e9 de mani\u00e8re incorrecte.<\/p>\n<h3>Posologie recommand\u00e9e<\/h3>\n<p>La posologie habituelle du SR9009 varie entre 10 et 30 mg par jour. Les utilisateurs novices doivent commencer par la dose la plus faible de cette fourchette, soit 10 mg. Plus la posologie est \u00e9lev\u00e9e, plus les effets sont puissants et plus le risque d&rsquo;effets secondaires est important. Dans la plupart des cas, les utilisateurs indiquent prendre la dose quotidienne ou recommand\u00e9e en la r\u00e9partissant en deux prises, l&rsquo;une le matin et l&rsquo;autre en d\u00e9but d&rsquo;apr\u00e8s-midi.<\/p>\n<h3>Dur\u00e9e id\u00e9ale du cycle<\/h3>\n<p>Les cycles typiques de SR-9009 durent de 6 \u00e0 8 semaines. Il n&rsquo;est pas recommand\u00e9 de d\u00e9passer cette dur\u00e9e, car il n&rsquo;existe tout simplement pas suffisamment d&rsquo;\u00e9tudes \u00e0 long terme. \u00c0 la fin d&rsquo;un cycle, les culturistes se reposent afin que leur corps puisse se purifier et se remettre du m\u00e9dicament. Vous commencerez \u00e0 constater des am\u00e9liorations en termes d&rsquo;endurance, de r\u00e9sistance et de m\u00e9tabolisme des graisses d\u00e8s les premi\u00e8res semaines d&rsquo;utilisation.<\/p>\n<h3>Conseils pour une utilisation s\u00fbre<\/h3>\n<p>Une utilisation responsable du SR-9009 ne se limite pas au simple choix du dosage ou de la dur\u00e9e du cycle. De simples habitudes et une bonne connaissance de votre corps peuvent consid\u00e9rablement am\u00e9liorer vos r\u00e9sultats et r\u00e9duire les risques d&rsquo;effets secondaires. Voici les cinq habitudes de base \u00e0 adopter lorsque vous utilisez le SARMs Stenabolic pendant votre cycle :<\/p>\n<ul>\n<li>Trouvez la dose efficace la plus faible pour vous afin de pouvoir \u00e9valuer le niveau de confort de votre corps avant d&rsquo;augmenter la dose.<\/li>\n<li>Il est courant de r\u00e9partir les doses entre le matin et le d\u00e9but de l&rsquo;apr\u00e8s-midi afin de maintenir votre niveau d&rsquo;\u00e9nergie, tout en br\u00fblant l&rsquo;efficacit\u00e9 du compos\u00e9 avant le coucher afin de pouvoir vous endormir normalement.<\/li>\n<li>Plus pr\u00e9cis\u00e9ment, recherchez les signes de fatigue, de maux de t\u00eate et de probl\u00e8mes digestifs afin d&rsquo;ajuster la dose ou le volume des doses de mani\u00e8re appropri\u00e9e.<\/li>\n<li>Buvez beaucoup d&rsquo;eau et mangez des repas \u00e9quilibr\u00e9s pour soutenir votre m\u00e9tabolisme et r\u00e9duire les effets secondaires.<\/li>\n<li>Il est recommand\u00e9 de suivre un cycle de 6 \u00e0 8 semaines afin de limiter les risques \u00e0 long terme et de permettre \u00e0 l&rsquo;organisme de se r\u00e9initialiser.<\/li>\n<\/ul>\n<p>En respectant les niveaux de dosage s\u00fbrs et en faisant un usage responsable et pratique, les athl\u00e8tes qui ach\u00e8tent du SR9009 peuvent minimiser les effets secondaires. Une planification r\u00e9fl\u00e9chie permet d&rsquo;avoir plus d&rsquo;\u00e9nergie, ce qui rend le compos\u00e9 plus efficace et plus facile \u00e0 g\u00e9rer au fil du temps.<\/p>\n<h2>Stenabolic SR-9009 en association avec d&rsquo;autres compos\u00e9s<\/h2>\n<p>Les athl\u00e8tes le combinent souvent avec d&rsquo;autres m\u00e9dicaments pour augmenter leur endurance ou am\u00e9liorer leurs performances. Le SARM Stenabolic SR 9009 est non hormonal, il peut donc \u00eatre associ\u00e9 \u00e0 d&rsquo;autres compos\u00e9s anabolisants et non anabolisants, en fonction de vos objectifs individuels. Cela signifie que les sportifs peuvent cr\u00e9er des combinaisons personnalis\u00e9es sp\u00e9cialement adapt\u00e9es \u00e0 leurs besoins en mati\u00e8re d&rsquo;entra\u00eenement et de m\u00e9tabolisme.<\/p>\n<p>Une combinaison populaire est le SR-9009 avec Cardarine (GW-501516). Ces deux m\u00e9dicaments favorisent l&rsquo;endurance et le m\u00e9tabolisme des graisses. Elle est id\u00e9ale pour un cycle de coupe ou un entra\u00eenement plus exigeant. Le SR-9009 augmente la production d&rsquo;\u00e9nergie mitochondriale tandis que Cardarine favorise une meilleure utilisation de l&rsquo;oxyg\u00e8ne pour permettre un cardio prolong\u00e9 et une perte de graisse plus rapide.<\/p>\n<p>Vous pouvez acheter SR9009 d\u00e8s maintenant et le combiner avec Ostarine (MK-2866) ou Ligandrol (LGD-4033). Ostarine est une ancienne hormone issue des SARMs, qui peut vous aider \u00e0 conserver votre masse musculaire maigre pendant un d\u00e9ficit calorique et qui, associ\u00e9e \u00e0 SR-9009, renforce l&rsquo;endurance, ce qui rend Ostarine tr\u00e8s efficace. Quant \u00e0 la combinaison du SR-9009 et du Ligandrol, les athl\u00e8tes peuvent profiter des effets anabolisants tr\u00e8s l\u00e9gers et des puissants avantages br\u00fble-graisses du SR-9009, ce qui est id\u00e9al pour la s\u00e8che.<\/p>\n<h2>Erreurs courantes des d\u00e9butants lors de l&rsquo;utilisation de Stenabolic (SR9009)<\/h2>\n<p>Beaucoup de nouveaux utilisateurs ont de grandes attentes vis-\u00e0-vis du Stenabolic en vente, mais certains ont tendance \u00e0 oublier quelques \u00e9l\u00e9ments qui peuvent modifier leurs r\u00e9sultats. Les athl\u00e8tes, en particulier les d\u00e9butants, ont tendance \u00e0 commettre quelques erreurs courantes, comme suit :<\/p>\n<ol>\n<li><strong>S&rsquo;attendre \u00e0 des effets approximatifs<\/strong><br \/>\nBeaucoup de gens s&rsquo;attendent \u00e0 ce que le SR-9009 agisse comme un st\u00e9ro\u00efde anabolisant, ce qui les d\u00e9\u00e7oit beaucoup. Stenabolic n&rsquo;est pas un anabolisant, et il n&rsquo;est pas question d&rsquo;un gain de masse important en quelques jours.<\/li>\n<li><strong>Dosage irr\u00e9gulier<\/strong><br \/>\nLes nouveaux utilisateurs ont souvent tendance \u00e0 prendre le SR-9009 \u00e0 des intervalles irr\u00e9guliers ou \u00e0 oublier des doses, car le m\u00e9dicament a une demi-vie courte. Cela se traduit par des r\u00e9sultats moins coh\u00e9rents, ce qui rend difficile l&rsquo;\u00e9valuation de l&rsquo;effet du m\u00e9dicament sur les performances.<\/li>\n<li><strong>N\u00e9gliger les facteurs g\u00e9n\u00e9raux li\u00e9s au mode de vie<\/strong><br \/>\nQuelle que soit la qualit\u00e9 d&rsquo;un compos\u00e9, il ne pourra jamais compenser l&rsquo;impact des habitudes g\u00e9n\u00e9rales de vie. Et vous constaterez souvent que le SR-9009 est plus efficace si vous menez une vie saine.<\/li>\n<li><strong>Combinaison avec peu d&rsquo;exp\u00e9rience<\/strong><br \/>\nNous avons tendance \u00e0 voir des d\u00e9butants associer au hasard le SARMs Stenabolic SR9009 \u00e0 toute une s\u00e9rie d&rsquo;autres compos\u00e9s sans vraiment comprendre l&rsquo;action de chacun d&rsquo;entre eux. Associer des compos\u00e9s sans r\u00e9fl\u00e9chir peut entra\u00eener des effets secondaires, voire vous faire passer \u00e0 c\u00f4t\u00e9 de b\u00e9n\u00e9fices potentiels.<\/li>\n<li><strong>Utilisation de m\u00e9dicaments comme aide \u00e0 la perte de graisse rapide<\/strong><br \/>\nCertaines personnes peuvent devenir trop d\u00e9pendantes de ce compos\u00e9. Elles ne comprennent pas vraiment comment fonctionne un processus auxiliaire et ne contr\u00f4lent pas leur apport calorique. Bien que le SR-9009 puisse favoriser le m\u00e9tabolisme des graisses, il ne va pas contrebalancer les effets d&rsquo;un apport calorique trop important.<\/li>\n<\/ol>\n<p>Si les d\u00e9butants gardent ces erreurs \u00e0 l&rsquo;esprit lorsqu&rsquo;ils ach\u00e8tent des g\u00e9lules de SR-9009 Stenabolic, ils finiront par comprendre le v\u00e9ritable pouvoir de ce m\u00e9dicament. Que ce soit de mani\u00e8re r\u00e9aliste, en tant que compl\u00e9ment, avec des habitudes quotidiennes r\u00e9guli\u00e8res, cela peut \u00eatre un excellent ajout \u00e0 votre phase de s\u00e8che.<\/p>\n","protected":false},"excerpt":{"rendered":"<p>Nom Type Effets principaux Effets secondaires Suppression de la testost\u00e9rone Cycle typique Id\u00e9al pour Dur\u00e9e de demi-vie D\u00e9but d\u2019action PCT n\u00e9cessaire Toxicit\u00e9 Andarine (S-4) SARM Perte de graisse, muscle sec, augmentation de la force Alt\u00e9rations de la vision Moyenne 6\u20138 semaines S\u00e8che, recomposition ~4 heures 7\u201310 jours Oui Faible Cardarine (GW-501516) Agoniste PPAR\u03b4 Am\u00e9lioration de [&hellip;]<\/p>\n","protected":false},"featured_media":725,"comment_status":"open","ping_status":"closed","template":"","meta":{"_acf_changed":false},"product_brand":[],"product_cat":[46],"product_tag":[],"class_list":{"0":"post-1213","1":"product","2":"type-product","3":"status-publish","4":"has-post-thumbnail","6":"product_cat-sarms","8":"first","9":"instock","10":"shipping-taxable","11":"purchasable","12":"product-type-variable"},"acf":[],"_links":{"self":[{"href":"https:\/\/sarms-sport.com\/fr\/wp-json\/wp\/v2\/product\/1213","targetHints":{"allow":["GET"]}}],"collection":[{"href":"https:\/\/sarms-sport.com\/fr\/wp-json\/wp\/v2\/product"}],"about":[{"href":"https:\/\/sarms-sport.com\/fr\/wp-json\/wp\/v2\/types\/product"}],"replies":[{"embeddable":true,"href":"https:\/\/sarms-sport.com\/fr\/wp-json\/wp\/v2\/comments?post=1213"}],"wp:featuredmedia":[{"embeddable":true,"href":"https:\/\/sarms-sport.com\/fr\/wp-json\/wp\/v2\/media\/725"}],"wp:attachment":[{"href":"https:\/\/sarms-sport.com\/fr\/wp-json\/wp\/v2\/media?parent=1213"}],"wp:term":[{"taxonomy":"product_brand","embeddable":true,"href":"https:\/\/sarms-sport.com\/fr\/wp-json\/wp\/v2\/product_brand?post=1213"},{"taxonomy":"product_cat","embeddable":true,"href":"https:\/\/sarms-sport.com\/fr\/wp-json\/wp\/v2\/product_cat?post=1213"},{"taxonomy":"product_tag","embeddable":true,"href":"https:\/\/sarms-sport.com\/fr\/wp-json\/wp\/v2\/product_tag?post=1213"}],"curies":[{"name":"wp","href":"https:\/\/api.w.org\/{rel}","templated":true}]}}