{"id":1216,"date":"2025-05-05T13:51:18","date_gmt":"2025-05-05T11:51:18","guid":{"rendered":"https:\/\/sarms-sport.com\/testolono-zillt-medicine-testolone-rad-140\/"},"modified":"2025-12-25T17:51:13","modified_gmt":"2025-12-25T16:51:13","slug":"testolono-zillt-medicine-testolone-rad-140","status":"publish","type":"product","link":"https:\/\/sarms-sport.com\/fr\/testolono-zillt-medicine-testolone-rad-140\/","title":{"rendered":"Testolono Zillt Medicine (Testolone RAD-140)"},"content":{"rendered":"<table>\n<tbody>\n<tr>\n<td style=\"text-align: center;\"><strong>Nom<\/strong><\/td>\n<td style=\"text-align: center;\"><strong>Type<\/strong><\/td>\n<td style=\"text-align: center;\"><strong>Effets principaux<\/strong><\/td>\n<td style=\"text-align: center;\"><strong>Effets secondaires<\/strong><\/td>\n<td style=\"text-align: center;\"><strong>Suppression de la testost\u00e9rone<\/strong><\/td>\n<td style=\"text-align: center;\"><strong>Cycle typique<\/strong><\/td>\n<td style=\"text-align: center;\"><strong>Id\u00e9al pour<\/strong><\/td>\n<td style=\"text-align: center;\"><strong>Dur\u00e9e de demi-vie<\/strong><\/td>\n<td style=\"text-align: center;\"><strong>D\u00e9but d\u2019action<\/strong><\/td>\n<td style=\"text-align: center;\"><strong>PCT n\u00e9cessaire<\/strong><\/td>\n<td style=\"text-align: center;\"><strong>Toxicit\u00e9<\/strong><\/td>\n<\/tr>\n<tr>\n<td style=\"text-align: center;\"><a href=\"https:\/\/sarms-sport.com\/fr\/andarino-zillt-medicine-andarine-s4\/\"><strong>Andarine (S-4)<\/strong><\/a><\/td>\n<td>SARM<\/td>\n<td>Perte de graisse, muscle sec, augmentation de la force<\/td>\n<td>Alt\u00e9rations de la vision<\/td>\n<td>Moyenne<\/td>\n<td>6\u20138 semaines<\/td>\n<td>S\u00e8che, recomposition<\/td>\n<td>~4 heures<\/td>\n<td>7\u201310 jours<\/td>\n<td>Oui<\/td>\n<td>Faible<\/td>\n<\/tr>\n<tr>\n<td style=\"text-align: center;\"><a href=\"https:\/\/sarms-sport.com\/fr\/cardarino-zillt-medicine-cardarine-gw-501516\/\"><strong>Cardarine (GW-501516)<\/strong><\/a><\/td>\n<td>Agoniste PPAR\u03b4<\/td>\n<td>Am\u00e9lioration de l\u2019endurance, oxydation des graisses, m\u00e9tabolisme<\/td>\n<td>Risques potentiels \u00e0 fortes doses<\/td>\n<td>Non<\/td>\n<td>6\u201312 semaines<\/td>\n<td>S\u00e8che, endurance<\/td>\n<td>16\u201324 heures<\/td>\n<td>3\u20135 jours<\/td>\n<td>Non<\/td>\n<td>Tr\u00e8s faible<\/td>\n<\/tr>\n<tr>\n<td style=\"text-align: center;\"><a href=\"https:\/\/sarms-sport.com\/fr\/ibutamoreno-zillt-medicine-ibutamoren-mk-677\/\"><strong>Ibutamoren (MK-677)<\/strong><\/a><\/td>\n<td>S\u00e9cr\u00e9tagogue de GH<\/td>\n<td>Augmente GH\/IGF-1, r\u00e9cup\u00e9ration, am\u00e9lioration du sommeil<\/td>\n<td>App\u00e9tit accru, r\u00e9tention d\u2019eau<\/td>\n<td>Non<\/td>\n<td>8\u201316 semaines<\/td>\n<td>Prise de masse, r\u00e9cup\u00e9ration<\/td>\n<td>20\u201324 heures<\/td>\n<td>5\u20137 jours<\/td>\n<td>Non<\/td>\n<td>Faible<\/td>\n<\/tr>\n<tr>\n<td style=\"text-align: center;\"><a href=\"https:\/\/sarms-sport.com\/fr\/ligandrolo-zillt-medicine-ligandrol-lgd-4033\/\"><strong>Ligandrol (LGD-4033)<\/strong><\/a><\/td>\n<td>SARM<\/td>\n<td>Gain de masse et de force, meilleure r\u00e9cup\u00e9ration<\/td>\n<td>Forte suppression<\/td>\n<td>\u00c9lev\u00e9e<\/td>\n<td>6\u20138 semaines<\/td>\n<td>Prise de masse<\/td>\n<td>24\u201336 heures<\/td>\n<td>7\u201310 jours<\/td>\n<td>Oui<\/td>\n<td>Faible<\/td>\n<\/tr>\n<tr>\n<td style=\"text-align: center;\"><a href=\"https:\/\/sarms-sport.com\/fr\/ostarino-zillt-medicine-ostarine-mk-2866\/\"><strong>Ostarine (MK-2866)<\/strong><\/a><\/td>\n<td>SARM<\/td>\n<td>Masse maigre, soutien articulaire, recomposition l\u00e9g\u00e8re<\/td>\n<td>L\u00e9g\u00e8re suppression<\/td>\n<td>Faible<\/td>\n<td>6\u20138 semaines<\/td>\n<td>Recomposition<\/td>\n<td>24 heures<\/td>\n<td>10\u201314 jours<\/td>\n<td>Non<\/td>\n<td>Tr\u00e8s faible<\/td>\n<\/tr>\n<tr>\n<td style=\"text-align: center;\"><a href=\"https:\/\/sarms-sport.com\/fr\/s23-zillt-medicine-mastorin-s23\/\"><strong>Mastorin (S-23)<\/strong><\/a><\/td>\n<td>SARM puissant<\/td>\n<td>Force, muscle sec et dense, effet de durcissement marqu\u00e9<\/td>\n<td>Suppression tr\u00e8s forte<\/td>\n<td>Tr\u00e8s \u00e9lev\u00e9e<\/td>\n<td>4\u20136 semaines<\/td>\n<td>S\u00e8che avanc\u00e9e, force<\/td>\n<td>~12 heures<\/td>\n<td>3\u20137 jours<\/td>\n<td>Oui<\/td>\n<td>Mod\u00e9r\u00e9e<\/td>\n<\/tr>\n<tr>\n<td style=\"text-align: center;\"><a href=\"https:\/\/sarms-sport.com\/fr\/stenabolo-zillt-medicine-stenabolic-sr-9009\/\"><strong>Stenabolic (SR-9009)<\/strong><\/a><\/td>\n<td>Agoniste Rev-ERB<\/td>\n<td>Boost du m\u00e9tabolisme, perte de graisse, endurance<\/td>\n<td>Prise fr\u00e9quente n\u00e9cessaire<\/td>\n<td>Non<\/td>\n<td>6\u201310 semaines<\/td>\n<td>S\u00e8che<\/td>\n<td>1\u20132 heures<\/td>\n<td>2\u20134 jours<\/td>\n<td>Non<\/td>\n<td>Tr\u00e8s faible<\/td>\n<\/tr>\n<tr>\n<td style=\"text-align: center;\"><a href=\"https:\/\/sarms-sport.com\/fr\/testolono-zillt-medicine-testolone-rad-140\/\"><strong>Testolone (RAD-140)<\/strong><\/a><\/td>\n<td>SARM<\/td>\n<td>Augmentation de la force, masse musculaire, effet anti-catabolique<\/td>\n<td>Suppression, irritabilit\u00e9<\/td>\n<td>\u00c9lev\u00e9e<\/td>\n<td>6\u20138 semaines<\/td>\n<td>Prise de masse, force<\/td>\n<td>~60 heures<\/td>\n<td>5\u20137 jours<\/td>\n<td>Oui<\/td>\n<td>Faible \u00e0 moyenne<\/td>\n<\/tr>\n<tr>\n<td style=\"text-align: center;\"><a href=\"https:\/\/sarms-sport.com\/fr\/yk-11-zillt-medicine-myostan-yk11\/\"><strong>Myostan (YK-11)<\/strong><\/a><\/td>\n<td>Inhibiteur de myostatine<\/td>\n<td>Augmentation rapide de la force, hypertrophie acc\u00e9l\u00e9r\u00e9e, masse dense<\/td>\n<td>Stress h\u00e9patique, agressivit\u00e9<\/td>\n<td>\u00c9lev\u00e9e<\/td>\n<td>4\u20138 semaines<\/td>\n<td>Prise de masse, force<\/td>\n<td>6\u201310 heures<\/td>\n<td>5\u20137 jours<\/td>\n<td>Oui<\/td>\n<td>Moyenne \u00e0 \u00e9lev\u00e9e<\/td>\n<\/tr>\n<\/tbody>\n<\/table>\n<h2>Qu&rsquo;est-ce que le Testolone (RAD-140) ?<\/h2>\n<p>Le RAD 140 Testolone est un nouveau SARM non st\u00e9ro\u00efdien. Il s&rsquo;agit d&rsquo;un m\u00e9dicament qui vise \u00e0 avoir un effet anabolisant puissant avec des effets hormonaux collat\u00e9raux minimes. Il a \u00e9t\u00e9 initialement con\u00e7u pour un usage clinique dans le maintien et la croissance de la masse musculaire. Mais cela ne veut pas dire que le RAD-140 n&rsquo;est pas d\u00e9sormais \u00e9galement pr\u00e9sent\u00e9 comme un compl\u00e9ment alimentaire pour le fitness, parmi la communaut\u00e9 des culturistes et des athl\u00e8tes, pour ses avantages en termes de performances.<\/p>\n<p>Le RAD-140 a d&rsquo;abord \u00e9t\u00e9 \u00e9tudi\u00e9 par des scientifiques pour traiter la perte musculaire et la faiblesse li\u00e9es au vieillissement. Lors des premiers essais, le RAD-140 s&rsquo;est r\u00e9v\u00e9l\u00e9 efficace pour pr\u00e9server la masse maigre. Ce pedigree en tant qu&rsquo;agent th\u00e9rapeutique explique probablement en grande partie l&rsquo;int\u00e9r\u00eat des utilisateurs pour le RAD-140 dans des cycles r\u00e9els. Ce qui distingue le SARM RAD 140 des autres SARM, c&rsquo;est qu&rsquo;il se concentre sur les actions visant \u00e0 augmenter la force et la taille dans les zones les plus pertinentes imaginables.<\/p>\n<h2>Comment fonctionne le RAD-140 Testolone<\/h2>\n<p>Le RAD-140 est un modulateur s\u00e9lectif des r\u00e9cepteurs androg\u00e8nes qui n&rsquo;affecte que les r\u00e9cepteurs androg\u00e8nes situ\u00e9s dans vos os et vos muscles. Le RAD-140 n&rsquo;a pas d&rsquo;influence syst\u00e9mique sur vos hormones comme les st\u00e9ro\u00efdes conventionnels. Lorsque vous consommez du RAD-140, le m\u00e9dicament se lie s\u00e9lectivement aux r\u00e9cepteurs androg\u00e8nes et am\u00e9liore la synth\u00e8se des prot\u00e9ines ainsi que la r\u00e9tention d&rsquo;azote. La r\u00e9tention d&rsquo;azote est essentielle pour que les tissus musculaires se r\u00e9tablissent, deviennent r\u00e9sistants et se d\u00e9veloppent apr\u00e8s un entra\u00eenement intense.<\/p>\n<p>Les athl\u00e8tes appr\u00e9cient particuli\u00e8rement l&rsquo;efficacit\u00e9 du RAD 140 en vente, et il existe des preuves qu&rsquo;il permet d&rsquo;obtenir des gains m\u00eame en cas de d\u00e9ficit calorique, ce qui le rend parfait pour les cycles de s\u00e8che ou de recomposition. Vous trouverez ci-dessous des informations importantes sur certains des principaux effets du RAD-140 sur votre corps :<\/p>\n<ul>\n<li>Il favorise la synth\u00e8se des prot\u00e9ines, ce qui permet un gain de masse musculaire maigre plus rapide.<\/li>\n<li>Le m\u00e9dicament maintient la masse musculaire lorsque vous \u00eates en d\u00e9ficit calorique.<\/li>\n<li>Le testolone am\u00e9liore les performances d&rsquo;endurance \u00e0 intensit\u00e9 \u00e9lev\u00e9e et mod\u00e9r\u00e9e, vous permettant de vous entra\u00eener plus longtemps et plus intens\u00e9ment.<\/li>\n<li>Il raccourcit le temps de r\u00e9cup\u00e9ration apr\u00e8s un exercice intense.<\/li>\n<li>Il am\u00e9liore la solidit\u00e9 des os et r\u00e9duit les douleurs et les blessures dans la salle de musculation.<\/li>\n<\/ul>\n<p>Si vous savez comment fonctionne le SARM RAD 140, vous pourrez l&rsquo;utiliser efficacement dans le cadre de votre programme et tirer davantage profit de votre entra\u00eenement.<\/p>\n<h2>Avantages du RAD-140 Testolone<\/h2>\n<p>Le RAD-140 a re\u00e7u de bonnes critiques, car il permettrait d&rsquo;obtenir des r\u00e9sultats r\u00e9els et concrets sans solliciter votre corps. Entre de bonnes mains, c&rsquo;est un alli\u00e9 fiable dont vous remarquerez \u00e0 peine la pr\u00e9sence dans votre programme.<\/p>\n<p>Voici les principaux avantages du Testolone RAD 140 que les athl\u00e8tes affirment constater r\u00e9guli\u00e8rement, chacun d&rsquo;entre eux se concentrant sur un avantage tangible et mesurable de la mani\u00e8re la plus simple possible :<\/p>\n<ol>\n<li><strong>Augmentation importante de la croissance musculaire<\/strong><br \/>\nDans de nombreux cas, le m\u00e9dicament peut produire une augmentation visible de l&rsquo;\u00e9paisseur des muscles en seulement quelques semaines d&rsquo;utilisation. Le Testolone RAD 140 peut vous aider \u00e0 prendre du volume de mani\u00e8re visible et \u00e0 la salle de sport.<\/li>\n<li><strong>Augmentation significative de la force<\/strong><br \/>\nVous serez peut-\u00eatre surpris de constater que vous pouvez charger la barre avec des disques beaucoup plus lourds que pr\u00e9vu. Cette substance vous permet de produire plus facilement de la force, ce qui vous rend plus rapide et plus fort dans les activit\u00e9s difficiles.<\/li>\n<li><strong>Pr\u00e9servation musculaire<\/strong><br \/>\nLors d&rsquo;une r\u00e9duction calorique, la masse musculaire est g\u00e9n\u00e9ralement la premi\u00e8re \u00e0 diminuer. Testolone RAD-140 vous aidera \u00e0 pr\u00e9server un peu de votre masse musculaire afin de conserver une silhouette plus pleine pendant que vous \u00eates en d\u00e9ficit calorique.<\/li>\n<li><strong>Capacit\u00e9 d&rsquo;exercice am\u00e9lior\u00e9e<\/strong><br \/>\nL&rsquo;exercice semble plus productif car la fatigue survient plus tard, ce qui vous permet d&rsquo;augmenter votre volume ou votre intensit\u00e9 sans vous soucier du surentra\u00eenement.<\/li>\n<li><strong>R\u00e9cup\u00e9ration rapide entre les s\u00e9ances<\/strong><br \/>\nApr\u00e8s des entra\u00eenements plus exigeants, vos muscles sont capables de r\u00e9cup\u00e9rer plus rapidement. Le temps de r\u00e9cup\u00e9ration raccourci vous permet de progresser dans votre programme d&rsquo;entra\u00eenement et de vous remettre plus rapidement sur les rails.<\/li>\n<li><strong>Am\u00e9lioration de la densit\u00e9 osseuse<\/strong><br \/>\nLes m\u00e9dicaments \u00e0 un prix raisonnable RAD 140 disponibles dans notre boutique peuvent aider \u00e0 augmenter la densit\u00e9 et la r\u00e9sistance osseuses, en particulier lors de la lev\u00e9e de charges lourdes. Vous vous sentirez plus confiant et capable de vous entra\u00eener et de soulever des charges plus lourdes lorsque vous saurez que votre squelette vous soutient, et pas seulement vos muscles.<\/li>\n<li><strong>Plus de concentration et de motivation mentale<\/strong><br \/>\nLa remise en forme pendant l&rsquo;entra\u00eenement accompagne cet effet, et vous semblez \u00e9galement plus motiv\u00e9 pendant vos s\u00e9ances d&rsquo;entra\u00eenement. Le RAD-140 peut am\u00e9liorer votre concentration et vous permettre de rester engag\u00e9, en coh\u00e9rence avec vos objectifs d&rsquo;entra\u00eenement.<\/li>\n<\/ol>\n<p>Tout cela fait du RAD-140 Testolone un bon choix pour les performances sportives, les r\u00e9gimes amaigrissants visant \u00e0 raffermir les muscles et tout entra\u00eenement o\u00f9 vous souhaitez obtenir un avantage sans avoir recours \u00e0 des anabolisants puissants.<\/p>\n<h2>Effets secondaires du Testolone (RAD-140)<\/h2>\n<p>Comme d&rsquo;autres compos\u00e9s puissants, le RAD-140 peut \u00e9galement entra\u00eener des effets secondaires s&rsquo;il est utilis\u00e9 de mani\u00e8re irresponsable. Vous devez au moins avoir une id\u00e9e des dangers afin de pouvoir ajuster la dose \u00e0 ce que votre corps peut supporter et rester en s\u00e9curit\u00e9. Voici les effets secondaires courants du Testolone (RAD-140) que les athl\u00e8tes peuvent ressentir :<\/p>\n<ol>\n<li><strong>Effets hormonaux<\/strong><br \/>\nSi vous suivez un cycle un peu trop long ou si vous prenez plus que la dose recommand\u00e9e, vous pouvez subir une suppression de votre production naturelle de testost\u00e9rone. Ces changements d&rsquo;humeur, d&rsquo;\u00e9nergie ou de libido rendent important de surveiller votre sant\u00e9 hormonale et votre taux de testost\u00e9rone.<\/li>\n<li><strong>Stress h\u00e9patique <\/strong><br \/>\nLe RAD-140 est m\u00e9tabolis\u00e9 par votre foie, et la charge sur votre foie peut devenir importante apr\u00e8s un certain temps. Vous pouvez prot\u00e9ger votre foie en ne buvant pas d&rsquo;alcool, en respectant les doses recommand\u00e9es et en surveillant votre fonction h\u00e9patique \u00e0 l&rsquo;aide de tests en laboratoire.<\/li>\n<li><strong>Effets cardiovasculaires <\/strong><br \/>\nQuelques personnes ont d\u00e9tect\u00e9 de l\u00e9g\u00e8res variations de leur tension art\u00e9rielle ou de leur taux de cholest\u00e9rol apr\u00e8s avoir pris du RAD 140 Testolone SARM. Vous pouvez \u00e9galement r\u00e9duire ce risque en adoptant une alimentation saine pour le c\u0153ur. Il est essentiel de faire r\u00e9guli\u00e8rement de l&rsquo;exercice physique et de surveiller vos marqueurs sanguins pendant le cycle.<\/li>\n<li><strong>Sommeil et fatigue<\/strong><br \/>\nDe temps en temps, vous pouvez \u00eatre affect\u00e9 par des troubles du sommeil inattendus. Si cela se produit, \u00e9coutez votre corps et, si n\u00e9cessaire, r\u00e9duisez l&rsquo;intensit\u00e9 de l&rsquo;entra\u00eenement ou le moment de la prise. C&rsquo;est excellent pour pr\u00e9venir l&rsquo;\u00e9puisement.<\/li>\n<li><strong>Humeur et \u00e9tat mental<\/strong><br \/>\nIl existe \u00e9galement des effets secondaires du RAD-140 Testolone li\u00e9s \u00e0 des sautes d&rsquo;humeur ou \u00e0 des troubles de la clart\u00e9 mentale. Si vous en souffrez, il est essentiel d&rsquo;\u00eatre conscient de votre \u00e9tat mental et de parler \u00e0 votre m\u00e9decin de vos pr\u00e9occupations. Cela vous aidera \u00e0 rester sur la bonne voie, tant en termes de performances que de bien-\u00eatre.<\/li>\n<\/ol>\n<p>En gardant tous ces sympt\u00f4mes \u00e0 l&rsquo;esprit, vous devriez pouvoir utiliser le Testolone RAD 140 en toute s\u00e9curit\u00e9 et de mani\u00e8re responsable. Restez \u00e0 l&rsquo;\u00e9coute de votre corps et respectez les consignes. Cela vous permettra de contr\u00f4ler les effets secondaires n\u00e9gatifs mineurs.<\/p>\n<h2>RAD-140 (Testolone) : posologie, dur\u00e9e du cycle et utilisation s\u00fbre<\/h2>\n<p>Le dosage du RAD-140 et la gestion du cycle sont des facteurs importants pour obtenir des r\u00e9sultats sans trop de risques. Ces informations, telles que la quantit\u00e9 \u00e0 prendre pendant au moins plusieurs jours ou semaines du cycle, peuvent aider \u00e0 maintenir les gains et \u00e0 prot\u00e9ger la sant\u00e9, et sont tr\u00e8s importantes.<\/p>\n<h3>Posologie recommand\u00e9e<\/h3>\n<p>La plupart des d\u00e9butants qui commencent \u00e0 prendre du RAD-140 (Testolone) commencent g\u00e9n\u00e9ralement par 15 mg, puis augmentent progressivement la dose. Il est toujours pr\u00e9f\u00e9rable de commencer par une faible dose afin que le corps puisse s&rsquo;habituer \u00e0 un nouveau compos\u00e9. Les utilisateurs d\u00e9butants peuvent commencer par une dose plus faible ou par la dose compl\u00e8te s&rsquo;ils se sentent \u00e0 l&rsquo;aise. Ce sont d&rsquo;excellents conseils, mais lorsqu&rsquo;il s&rsquo;agit d&rsquo;utiliser des compos\u00e9s, il n&rsquo;est pas b\u00e9n\u00e9fique de d\u00e9passer les limites de dosage recommand\u00e9es.<\/p>\n<h3>Dur\u00e9e id\u00e9ale du cycle<\/h3>\n<p>Un cycle RAD-140 typique dure de 6 \u00e0 10 semaines, selon les objectifs. Des cycles plus courts sont souvent suffisants pour gagner en masse musculaire maigre et am\u00e9liorer la force. Des cycles plus longs peuvent am\u00e9liorer l&rsquo;endurance ou les r\u00e9sultats de recomposition corporelle. Cependant, prolonger excessivement le cycle de RAD-140 peut entra\u00eener une suppression hormonale, c&rsquo;est pourquoi il est essentiel de respecter les recommandations concernant la dur\u00e9e du cycle pour une utilisation s\u00fbre.<\/p>\n<h3>Utilisation s\u00fbre et conseils<\/h3>\n<p>Pour utiliser RAD-140 en toute s\u00e9curit\u00e9, il faut \u00eatre \u00e0 l&rsquo;\u00e9coute de son corps et de son entra\u00eenement. Vous pouvez identifier tout probl\u00e8me \u00e0 un stade pr\u00e9coce en testant r\u00e9guli\u00e8rement vos hormones \u00e0 l&rsquo;aide d&rsquo;analyses sanguines, ce qui vous permet d&rsquo;ajuster votre cycle avant que les d\u00e9s\u00e9quilibres ne deviennent suffisamment importants pour causer des probl\u00e8mes. Vous ne devez jamais m\u00e9langer le Testolone SARM RAD 140 avec d&rsquo;autres substances ou compos\u00e9s si vous n&rsquo;\u00eates pas s\u00fbr \u00e0 100 %. Il convient \u00e9galement de noter qu&rsquo;une PCT efficace est une excellente mesure \u00e0 prendre avant de commencer.<\/p>\n<p><strong>Voici cinq conseils pratiques pour utiliser le RAD-140 en toute s\u00e9curit\u00e9 pour les culturistes :<\/strong><\/p>\n<ul>\n<li>Surveillez votre taux d&rsquo;hormones en effectuant r\u00e9guli\u00e8rement des analyses sanguines.<\/li>\n<li>Adoptez une alimentation saine et arr\u00eatez de consommer de l&rsquo;alcool afin de minimiser les risques pour votre foie et votre c\u0153ur.<\/li>\n<li>Ne combinez pas le compl\u00e9ment RAD 140 avec d&rsquo;autres compos\u00e9s sans avoir pr\u00e9alablement d\u00e9termin\u00e9 leurs effets globaux.<\/li>\n<li>Privil\u00e9giez le repos, l&rsquo;hydratation et la r\u00e9cup\u00e9ration pour maintenir vos performances.<\/li>\n<li>Une fois votre cure de RAD-140 termin\u00e9e, veillez \u00e0 r\u00e9tablir vos hormones naturelles gr\u00e2ce \u00e0 une th\u00e9rapie post-cycle appropri\u00e9e.<\/li>\n<\/ul>\n<p>Si vous suivez les conseils ci-dessus, vous tirerez le meilleur parti du m\u00e9dicament au meilleur prix Testolone RAD 140 et r\u00e9duirez les risques. Mais \u00eatre \u00e0 l&rsquo;\u00e9coute de votre corps pourrait \u00e9galement vous aider \u00e0 obtenir des gains d&rsquo;entra\u00eenement durables et efficaces.<\/p>\n<h2>Testolone RAD 140 en association avec d&rsquo;autres compos\u00e9s<\/h2>\n<p>Si vous combinez le RAD-140 avec d&rsquo;autres substances, soyez prudent et r\u00e9fl\u00e9chissez bien. De nombreux athl\u00e8tes le combinent avec des SARM plus doux tels que l&rsquo;Ostarine (MK-2866) afin de maintenir leur masse musculaire tout en r\u00e9duisant leur masse graisseuse et de b\u00e9n\u00e9ficier d&rsquo;une endurance accrue. Ce type de combinaison de SARM vous permettra de conserver votre force sans solliciter excessivement votre syst\u00e8me hormonal.<\/p>\n<p>Pour les cycles de prise de masse, le Testolone EAD-140 en vente s&rsquo;associe bien avec des compos\u00e9s con\u00e7us pour favoriser encore plus la croissance musculaire, tels que le Ligandrol (LGD-4033) ou le YK11. L&rsquo;association de ces substances permet de tirer parti des meilleures caract\u00e9ristiques des deux, et ce \u00e0 un rythme plus rapide, ce qui conduit \u00e0 un gain musculaire plus rapide. Lorsque vous combinez des substances, n&rsquo;oubliez pas de toujours commencer par la dose la plus faible et d&rsquo;observer la r\u00e9action de votre corps avant d&rsquo;augmenter la dose ou l&rsquo;intensit\u00e9.<\/p>\n<p>Il est g\u00e9n\u00e9ralement pr\u00e9f\u00e9rable d&rsquo;\u00e9viter de combiner plusieurs SARM puissants ou st\u00e9ro\u00efdes anabolisants avec le RAD 140 Testolone SARM si vous n&rsquo;avez pas d&rsquo;exp\u00e9rience. La combinaison, en particulier \u00e0 des doses \u00e9lev\u00e9es, peut \u00e9galement entra\u00eener des effets secondaires allant d&rsquo;une simple pression sur vos articulations \u00e0 un d\u00e9s\u00e9quilibre hormonal ou \u00e0 une augmentation des taux d&rsquo;enzymes h\u00e9patiques. Suivez vos progr\u00e8s \u00e0 l&rsquo;entra\u00eenement, ajustez vos doses en fonction de la r\u00e9action de votre corps et soutenez votre organisme avec une bonne alimentation et une bonne r\u00e9cup\u00e9ration, afin de combiner les compos\u00e9s en toute s\u00e9curit\u00e9.<\/p>\n<h2>Erreurs courantes commises par les d\u00e9butants lors de l&rsquo;utilisation de Testolone (RAD-140)<\/h2>\n<p>Commencer \u00e0 l&rsquo;aveuglette sans guide vous m\u00e8nera certainement \u00e0 des erreurs et \u00e0 de mauvais r\u00e9sultats avant et apr\u00e8s l&rsquo;utilisation du Testolone RAD 140. Ce que vous ne faites pas est ce qui vous permet de rester en s\u00e9curit\u00e9 et de tirer le meilleur parti de votre entra\u00eenement. Vous obtiendrez des performances maximales si vous \u00e9vitez les erreurs ci-dessous :<\/p>\n<ol>\n<li><strong>Erreurs de dosage<\/strong><br \/>\nLa plupart des personnes qui en font trop commencent en fait par des doses trop \u00e9lev\u00e9es, esp\u00e9rant obtenir des r\u00e9sultats plus rapides. Cela augmente consid\u00e9rablement le risque d&rsquo;effets secondaires et perturbe la r\u00e9cup\u00e9ration hormonale naturelle. Il est judicieux de commencer par une dose mod\u00e9r\u00e9e du m\u00e9dicament original. Si vous ne savez pas o\u00f9 acheter le RAD 140, notre boutique est le meilleur choix !<\/li>\n<li><strong>Absence de planification de votre cycle<\/strong><br \/>\nTr\u00e8s peu de personnes ayant utilis\u00e9 le RAD-140 prennent la peine de planifier un cycle. Cela conduit \u00e0 des r\u00e9sultats m\u00e9diocres avec le m\u00e9dicament. La planification du cycle est importante pour s&rsquo;assurer que vous le prenez au bon moment, que vous l&rsquo;utilisez suffisamment longtemps et que vous passez sans difficult\u00e9 au mode de r\u00e9cup\u00e9ration post-cycle.<\/li>\n<li><strong>N\u00e9gliger la th\u00e9rapie post-cycle<\/strong><br \/>\nNe pas suivre de PCT peut perturber votre production naturelle de testost\u00e9rone. Si vous n&rsquo;avez pas de plan de r\u00e9cup\u00e9ration, vous risquez de perdre tout ce pour quoi vous avez travaill\u00e9 et de souffrir de perturbations hormonales.<\/li>\n<li><strong>Mauvaise alimentation et mauvaise r\u00e9cup\u00e9ration<\/strong><br \/>\nM\u00eame les compos\u00e9s les plus puissants ne seront pas efficaces si votre alimentation et votre approche du repos sont insuffisantes. Si vous ne donnez pas la priorit\u00e9 \u00e0 la r\u00e9cup\u00e9ration et que vous ne consommez pas suffisamment de calories, vous limiterez votre force et votre d\u00e9veloppement musculaire.<\/li>\n<li><strong>Ignorer les signaux de votre corps<\/strong><br \/>\nParfois, les d\u00e9butants ignorent les signaux d&rsquo;alerte, tels que la fatigue, les changements d&rsquo;humeur ou les douleurs articulaires, car ils ne savent pas ce qu&rsquo;est le RAD 140 Testolone et comment il fonctionne. Il est pr\u00e9f\u00e9rable de rester attentif \u00e0 votre corps et d&rsquo;ajuster r\u00e9guli\u00e8rement votre r\u00e9gime afin de r\u00e9duire les risques de probl\u00e8mes \u00e0 long terme.<\/li>\n<\/ol>\n<p>En \u00e9vitant ces erreurs, votre cycle RAD-140 sera plus s\u00fbr et plus efficace. Vous obtiendrez de meilleurs r\u00e9sultats avec moins de risques et atteindrez les meilleurs r\u00e9sultats de musculation pendant votre cycle.<\/p>\n","protected":false},"excerpt":{"rendered":"<p>Nom Type Effets principaux Effets secondaires Suppression de la testost\u00e9rone Cycle typique Id\u00e9al pour Dur\u00e9e de demi-vie D\u00e9but d\u2019action PCT n\u00e9cessaire Toxicit\u00e9 Andarine (S-4) SARM Perte de graisse, muscle sec, augmentation de la force Alt\u00e9rations de la vision Moyenne 6\u20138 semaines S\u00e8che, recomposition ~4 heures 7\u201310 jours Oui Faible Cardarine (GW-501516) Agoniste PPAR\u03b4 Am\u00e9lioration de [&hellip;]<\/p>\n","protected":false},"featured_media":732,"comment_status":"open","ping_status":"closed","template":"","meta":{"_acf_changed":false},"product_brand":[],"product_cat":[46],"product_tag":[],"class_list":{"0":"post-1216","1":"product","2":"type-product","3":"status-publish","4":"has-post-thumbnail","6":"product_cat-sarms","8":"first","9":"instock","10":"shipping-taxable","11":"purchasable","12":"product-type-variable"},"acf":[],"_links":{"self":[{"href":"https:\/\/sarms-sport.com\/fr\/wp-json\/wp\/v2\/product\/1216","targetHints":{"allow":["GET"]}}],"collection":[{"href":"https:\/\/sarms-sport.com\/fr\/wp-json\/wp\/v2\/product"}],"about":[{"href":"https:\/\/sarms-sport.com\/fr\/wp-json\/wp\/v2\/types\/product"}],"replies":[{"embeddable":true,"href":"https:\/\/sarms-sport.com\/fr\/wp-json\/wp\/v2\/comments?post=1216"}],"wp:featuredmedia":[{"embeddable":true,"href":"https:\/\/sarms-sport.com\/fr\/wp-json\/wp\/v2\/media\/732"}],"wp:attachment":[{"href":"https:\/\/sarms-sport.com\/fr\/wp-json\/wp\/v2\/media?parent=1216"}],"wp:term":[{"taxonomy":"product_brand","embeddable":true,"href":"https:\/\/sarms-sport.com\/fr\/wp-json\/wp\/v2\/product_brand?post=1216"},{"taxonomy":"product_cat","embeddable":true,"href":"https:\/\/sarms-sport.com\/fr\/wp-json\/wp\/v2\/product_cat?post=1216"},{"taxonomy":"product_tag","embeddable":true,"href":"https:\/\/sarms-sport.com\/fr\/wp-json\/wp\/v2\/product_tag?post=1216"}],"curies":[{"name":"wp","href":"https:\/\/api.w.org\/{rel}","templated":true}]}}