{"id":1219,"date":"2025-05-05T13:52:43","date_gmt":"2025-05-05T11:52:43","guid":{"rendered":"https:\/\/sarms-sport.com\/yk-11-zillt-medicine-myostan-yk11\/"},"modified":"2025-12-25T17:51:34","modified_gmt":"2025-12-25T16:51:34","slug":"yk-11-zillt-medicine-myostan-yk11","status":"publish","type":"product","link":"https:\/\/sarms-sport.com\/fr\/yk-11-zillt-medicine-myostan-yk11\/","title":{"rendered":"YK-11 Zillt Medicine (Myostan YK11)"},"content":{"rendered":"<table>\n<tbody>\n<tr>\n<td style=\"text-align: center;\"><strong>Nom<\/strong><\/td>\n<td style=\"text-align: center;\"><strong>Type<\/strong><\/td>\n<td style=\"text-align: center;\"><strong>Effets principaux<\/strong><\/td>\n<td style=\"text-align: center;\"><strong>Effets secondaires<\/strong><\/td>\n<td style=\"text-align: center;\"><strong>Suppression de la testost\u00e9rone<\/strong><\/td>\n<td style=\"text-align: center;\"><strong>Cycle typique<\/strong><\/td>\n<td style=\"text-align: center;\"><strong>Id\u00e9al pour<\/strong><\/td>\n<td style=\"text-align: center;\"><strong>Dur\u00e9e de demi-vie<\/strong><\/td>\n<td style=\"text-align: center;\"><strong>D\u00e9but d\u2019action<\/strong><\/td>\n<td style=\"text-align: center;\"><strong>PCT n\u00e9cessaire<\/strong><\/td>\n<td style=\"text-align: center;\"><strong>Toxicit\u00e9<\/strong><\/td>\n<\/tr>\n<tr>\n<td style=\"text-align: center;\"><a href=\"https:\/\/sarms-sport.com\/fr\/andarino-zillt-medicine-andarine-s4\/\"><strong>Andarine (S-4)<\/strong><\/a><\/td>\n<td>SARM<\/td>\n<td>Perte de graisse, muscle sec, augmentation de la force<\/td>\n<td>Alt\u00e9rations de la vision<\/td>\n<td>Moyenne<\/td>\n<td>6\u20138 semaines<\/td>\n<td>S\u00e8che, recomposition<\/td>\n<td>~4 heures<\/td>\n<td>7\u201310 jours<\/td>\n<td>Oui<\/td>\n<td>Faible<\/td>\n<\/tr>\n<tr>\n<td style=\"text-align: center;\"><a href=\"https:\/\/sarms-sport.com\/fr\/cardarino-zillt-medicine-cardarine-gw-501516\/\"><strong>Cardarine (GW-501516)<\/strong><\/a><\/td>\n<td>Agoniste PPAR\u03b4<\/td>\n<td>Am\u00e9lioration de l\u2019endurance, oxydation des graisses, m\u00e9tabolisme<\/td>\n<td>Risques potentiels \u00e0 fortes doses<\/td>\n<td>Non<\/td>\n<td>6\u201312 semaines<\/td>\n<td>S\u00e8che, endurance<\/td>\n<td>16\u201324 heures<\/td>\n<td>3\u20135 jours<\/td>\n<td>Non<\/td>\n<td>Tr\u00e8s faible<\/td>\n<\/tr>\n<tr>\n<td style=\"text-align: center;\"><a href=\"https:\/\/sarms-sport.com\/fr\/ibutamoreno-zillt-medicine-ibutamoren-mk-677\/\"><strong>Ibutamoren (MK-677)<\/strong><\/a><\/td>\n<td>S\u00e9cr\u00e9tagogue de GH<\/td>\n<td>Augmente GH\/IGF-1, r\u00e9cup\u00e9ration, am\u00e9lioration du sommeil<\/td>\n<td>App\u00e9tit accru, r\u00e9tention d\u2019eau<\/td>\n<td>Non<\/td>\n<td>8\u201316 semaines<\/td>\n<td>Prise de masse, r\u00e9cup\u00e9ration<\/td>\n<td>20\u201324 heures<\/td>\n<td>5\u20137 jours<\/td>\n<td>Non<\/td>\n<td>Faible<\/td>\n<\/tr>\n<tr>\n<td style=\"text-align: center;\"><a href=\"https:\/\/sarms-sport.com\/fr\/ligandrolo-zillt-medicine-ligandrol-lgd-4033\/\"><strong>Ligandrol (LGD-4033)<\/strong><\/a><\/td>\n<td>SARM<\/td>\n<td>Gain de masse et de force, meilleure r\u00e9cup\u00e9ration<\/td>\n<td>Forte suppression<\/td>\n<td>\u00c9lev\u00e9e<\/td>\n<td>6\u20138 semaines<\/td>\n<td>Prise de masse<\/td>\n<td>24\u201336 heures<\/td>\n<td>7\u201310 jours<\/td>\n<td>Oui<\/td>\n<td>Faible<\/td>\n<\/tr>\n<tr>\n<td style=\"text-align: center;\"><a href=\"https:\/\/sarms-sport.com\/fr\/ostarino-zillt-medicine-ostarine-mk-2866\/\"><strong>Ostarine (MK-2866)<\/strong><\/a><\/td>\n<td>SARM<\/td>\n<td>Masse maigre, soutien articulaire, recomposition l\u00e9g\u00e8re<\/td>\n<td>L\u00e9g\u00e8re suppression<\/td>\n<td>Faible<\/td>\n<td>6\u20138 semaines<\/td>\n<td>Recomposition<\/td>\n<td>24 heures<\/td>\n<td>10\u201314 jours<\/td>\n<td>Non<\/td>\n<td>Tr\u00e8s faible<\/td>\n<\/tr>\n<tr>\n<td style=\"text-align: center;\"><a href=\"https:\/\/sarms-sport.com\/fr\/s23-zillt-medicine-mastorin-s23\/\"><strong>Mastorin (S-23)<\/strong><\/a><\/td>\n<td>SARM puissant<\/td>\n<td>Force, muscle sec et dense, effet de durcissement marqu\u00e9<\/td>\n<td>Suppression tr\u00e8s forte<\/td>\n<td>Tr\u00e8s \u00e9lev\u00e9e<\/td>\n<td>4\u20136 semaines<\/td>\n<td>S\u00e8che avanc\u00e9e, force<\/td>\n<td>~12 heures<\/td>\n<td>3\u20137 jours<\/td>\n<td>Oui<\/td>\n<td>Mod\u00e9r\u00e9e<\/td>\n<\/tr>\n<tr>\n<td style=\"text-align: center;\"><a href=\"https:\/\/sarms-sport.com\/fr\/stenabolo-zillt-medicine-stenabolic-sr-9009\/\"><strong>Stenabolic (SR-9009)<\/strong><\/a><\/td>\n<td>Agoniste Rev-ERB<\/td>\n<td>Boost du m\u00e9tabolisme, perte de graisse, endurance<\/td>\n<td>Prise fr\u00e9quente n\u00e9cessaire<\/td>\n<td>Non<\/td>\n<td>6\u201310 semaines<\/td>\n<td>S\u00e8che<\/td>\n<td>1\u20132 heures<\/td>\n<td>2\u20134 jours<\/td>\n<td>Non<\/td>\n<td>Tr\u00e8s faible<\/td>\n<\/tr>\n<tr>\n<td style=\"text-align: center;\"><a href=\"https:\/\/sarms-sport.com\/fr\/testolono-zillt-medicine-testolone-rad-140\/\"><strong>Testolone (RAD-140)<\/strong><\/a><\/td>\n<td>SARM<\/td>\n<td>Augmentation de la force, masse musculaire, effet anti-catabolique<\/td>\n<td>Suppression, irritabilit\u00e9<\/td>\n<td>\u00c9lev\u00e9e<\/td>\n<td>6\u20138 semaines<\/td>\n<td>Prise de masse, force<\/td>\n<td>~60 heures<\/td>\n<td>5\u20137 jours<\/td>\n<td>Oui<\/td>\n<td>Faible \u00e0 moyenne<\/td>\n<\/tr>\n<tr>\n<td style=\"text-align: center;\"><a href=\"https:\/\/sarms-sport.com\/fr\/yk-11-zillt-medicine-myostan-yk11\/\"><strong>Myostan (YK-11)<\/strong><\/a><\/td>\n<td>Inhibiteur de myostatine<\/td>\n<td>Augmentation rapide de la force, hypertrophie acc\u00e9l\u00e9r\u00e9e, masse dense<\/td>\n<td>Stress h\u00e9patique, agressivit\u00e9<\/td>\n<td>\u00c9lev\u00e9e<\/td>\n<td>4\u20138 semaines<\/td>\n<td>Prise de masse, force<\/td>\n<td>6\u201310 heures<\/td>\n<td>5\u20137 jours<\/td>\n<td>Oui<\/td>\n<td>Moyenne \u00e0 \u00e9lev\u00e9e<\/td>\n<\/tr>\n<\/tbody>\n<\/table>\n<h2>Qu&rsquo;est-ce que le YK11 ?<\/h2>\n<p>De nombreux athl\u00e8tes et culturistes se demandent aujourd&rsquo;hui ce qu&rsquo;est le YK11. Il s&rsquo;agit d&rsquo;un modulateur synth\u00e9tique s\u00e9lectif des r\u00e9cepteurs androg\u00e8nes (SARM) qui agit de mani\u00e8re l\u00e9g\u00e8rement diff\u00e9rente. Le SARM YK11 favorise la croissance musculaire gr\u00e2ce \u00e0 un m\u00e9canisme diff\u00e9rent, qui consiste \u00e0 r\u00e9duire les niveaux de myostatine. Il s&rsquo;agit d&rsquo;un \u00e9l\u00e9ment cl\u00e9 dans la r\u00e9gulation de la croissance musculaire. Comme le YK11 fonctionne sur la base d&rsquo;un m\u00e9canisme \u00e0 double action, il est largement consid\u00e9r\u00e9 comme le compl\u00e9ment le plus puissant pour la croissance musculaire maigre.<\/p>\n<p>Vous pouvez obtenir des r\u00e9sultats similaires lorsque vous franchissez des plateaux dans votre progression physique. Le SARM YK11 offre un moyen puissant mais contr\u00f4l\u00e9 de d\u00e9velopper des muscles plus forts sans ballonnements ni changements hormonaux excessifs. C&rsquo;est \u00e9galement la raison pour laquelle les gens ach\u00e8tent du YK11, car ils veulent g\u00e9n\u00e9ralement obtenir un produit qui les aide vraiment de mani\u00e8re visible, tout en conservant un effet aussi naturel que possible.<\/p>\n<h2>Comment fonctionne le YK11 (Myostan)<\/h2>\n<p>Ce qui distingue le YK11, c&rsquo;est sa comparaison avec les autres SARM YK11. Dans la plupart des cas, les SARM se lient simplement aux r\u00e9cepteurs androg\u00e8nes, mais le YK11 inhibe la production de myostatine, une prot\u00e9ine naturelle qui limite la croissance musculaire. Lorsque les niveaux de myostatine sont r\u00e9duits, les muscles peuvent se d\u00e9velopper plus facilement, ce qui les rend saillants et minces au lieu d&rsquo;\u00eatre volumineux.<\/p>\n<p>Voici ce qui se passe dans votre corps lorsque le YK11 commence \u00e0 agir :<\/p>\n<ul>\n<li>le m\u00e9dicament inhibe l&rsquo;activit\u00e9 de la myostatine, ce qui entra\u00eene une croissance plus importante et plus rapide des fibres musculaires.<\/li>\n<li>Le Myostan augmente la follistatine, qui favorise le d\u00e9veloppement des tissus maigres.<\/li>\n<li>Il est important pour la densit\u00e9 et la force de vos muscles, ce qui donne des r\u00e9sultats plus naturels et plus athl\u00e9tiques.<\/li>\n<\/ul>\n<p>La demi-vie du YK11 est d&rsquo;environ 6 \u00e0 8 heures. Cela signifie que le m\u00e9dicament sera \u00e9limin\u00e9 tr\u00e8s rapidement de votre organisme. De plus, Myostan s\u00e9cr\u00e8te de la follistatine dans votre corps, ce qui am\u00e9liore encore davantage le processus de croissance de vos cellules musculaires. C&rsquo;est cet effet qui permet aux utilisateurs d&rsquo;obtenir des gains rapides, m\u00eame avec une intensit\u00e9 d&rsquo;entra\u00eenement l\u00e9g\u00e8re. Lorsque vous achetez du YK11, sachez qu&rsquo;il n&rsquo;augmente pas seulement la taille, mais aussi la forme, et qu&rsquo;il tonifie m\u00eame les muscles pour qu&rsquo;ils semblent mieux proportionn\u00e9s.<\/p>\n<h2>Avantages de Myostan<\/h2>\n<p>Les nouveaux utilisateurs comme les athl\u00e8tes chevronn\u00e9s sont attir\u00e9s par les avantages du YK11, car ce compos\u00e9 offre des r\u00e9sultats permanents. Il ne se contente pas d&rsquo;augmenter la taille, mais aussi la masse musculaire et la force de mani\u00e8re proportionn\u00e9e et esth\u00e9tique, ce qui se traduit par une croissance r\u00e9guli\u00e8re. Vous trouverez ci-dessous les principaux avantages de Myostan pour les athl\u00e8tes :<\/p>\n<ol>\n<li><strong>D\u00e9veloppement musculaire maigre<\/strong><br \/>\nLe YK11 stimule la croissance des fibres musculaires maigres. Au lieu de devenir trop muscl\u00e9, vous pouvez vous attendre \u00e0 un physique dense et muscl\u00e9, excellent pour la s\u00e8che et la recomposition corporelle.<\/li>\n<li><strong>Augmentation de la force<\/strong><br \/>\nVous constaterez une augmentation de votre force pendant et apr\u00e8s vos s\u00e9ances d&rsquo;entra\u00eenement et vos jours de repos. Les utilisateurs affirment pouvoir soulever plus de poids et obtenir une explosivit\u00e9 accrue gr\u00e2ce aux s\u00e9ries en d\u00e9grad\u00e9.<\/li>\n<li><strong>R\u00e9duction de la croissance graisseuse<\/strong><br \/>\nLe YK11 n&rsquo;est pas un br\u00fbleur de graisse, mais il est possible d&rsquo;obtenir une silhouette plus mince en d\u00e9veloppant vos muscles, ce qui augmente votre m\u00e9tabolisme. Avec le temps, il est plus facile de rester mince.<\/li>\n<li><strong>R\u00e9duction du temps de r\u00e9cup\u00e9ration<\/strong><br \/>\nD&rsquo;apr\u00e8s les recherches pr\u00e9c\u00e9dentes, les muscles r\u00e9cup\u00e8rent plus rapidement apr\u00e8s l&rsquo;exercice, ce qui vous permet d&rsquo;augmenter la fr\u00e9quence de vos entra\u00eenements sans vous blesser. C&rsquo;est un m\u00e9dicament agr\u00e9able, \u00e0 action lente, qui favorise une croissance r\u00e9guli\u00e8re.<\/li>\n<li><strong>R\u00e9duction de la souplesse musculaire<\/strong><br \/>\nLa duret\u00e9 et la forme musculaire que vous observerez gr\u00e2ce au suppl\u00e9ment YK11 au cours des premi\u00e8res semaines expliquent en partie pourquoi Myostan est le produit pr\u00e9f\u00e9r\u00e9 des comp\u00e9titeurs qui se pr\u00e9parent \u00e0 obtenir un physique sec.<\/li>\n<li><strong>Pas de r\u00e9tention d&rsquo;eau li\u00e9e \u00e0 l&rsquo;\u0153strog\u00e8ne<\/strong><br \/>\nComme le YK11 ne se transforme pas en \u0153strog\u00e8ne, vous n&rsquo;aurez pas \u00e0 faire face \u00e0 une r\u00e9tention d&rsquo;eau ou \u00e0 un gonflement comme peuvent le provoquer d&rsquo;autres compos\u00e9s anabolisants. Cela vous aide \u00e0 rester en forme et sec tout au long de votre cycle.<\/li>\n<li><strong>Motivation et concentration accrues<\/strong><br \/>\nLes utilisateurs rapportent souvent se sentir plus motiv\u00e9s lorsqu&rsquo;ils s&rsquo;entra\u00eenent. Cela n&rsquo;est toutefois pas d\u00fb \u00e0 un facteur stimulant, mais simplement \u00e0 une meilleure r\u00e9cup\u00e9ration et \u00e0 une r\u00e9action musculaire am\u00e9lior\u00e9e, qui vous permettent de rester confiant et engag\u00e9.<\/li>\n<\/ol>\n<p>Les effets bien \u00e9quilibr\u00e9s du YK11 font de ce m\u00e9dicament l&rsquo;une des options les plus efficaces pour les athl\u00e8tes qui souhaitent obtenir des r\u00e9sultats concrets avec un minimum d&rsquo;effets secondaires et un maximum de r\u00e9sultats.<\/p>\n<h2>Effets secondaires du Myostan (YK11)<\/h2>\n<p>Myostan est g\u00e9n\u00e9ralement bien tol\u00e9r\u00e9 par la plupart des utilisateurs, mais il est toujours pr\u00e9f\u00e9rable de se renseigner sur les r\u00e9actions potentielles avant de commencer un cycle. Les effets secondaires du YK11 sont principalement hormonaux et ont \u00e9galement un impact sur la dur\u00e9e du cycle et la posologie, comme suit :<\/p>\n<ol>\n<li><strong>L\u00e9g\u00e8re suppression de la testost\u00e9rone<\/strong><br \/>\nL&rsquo;un des effets secondaires peut entra\u00eener une l\u00e9g\u00e8re suppression de votre production naturelle de testost\u00e9rone, car il affecte l&rsquo;\u00e9quilibre hormonal. Ceci est normal et s&rsquo;inversera une fois que vous aurez suivi un PCT appropri\u00e9.<\/li>\n<li><strong>Stress h\u00e9patique<\/strong><br \/>\n\u00c9tant un compos\u00e9 oral, le YK11 est d\u00e9compos\u00e9 par le foie. Si vous prenez des compl\u00e9ments alimentaires tels que le chardon-Marie ou la N-ac\u00e9tylcyst\u00e9ine, vous pouvez garder votre foie en bonne sant\u00e9.<\/li>\n<li><strong>G\u00eane articulaire et musculaire<\/strong><br \/>\nCertaines personnes se plaignent de tensions articulaires et musculaires lorsqu&rsquo;elles parlent des r\u00e9sultats avant et apr\u00e8s la prise de YK11. Cela signifie g\u00e9n\u00e9ralement que vous devez soit arr\u00eater de prendre du YK11, soit augmenter votre temps de r\u00e9cup\u00e9ration entre les s\u00e9ances d&rsquo;entra\u00eenement.<\/li>\n<li><strong>Fatigue et sautes d&rsquo;humeur<\/strong><br \/>\nL&rsquo;activit\u00e9 hormonale du YK11 peut entra\u00eener de brefs \u00e9pisodes de fatigue et de l\u00e9g\u00e8res sautes d&rsquo;humeur. Vous devriez vous sentir stabilis\u00e9 une fois le cycle termin\u00e9 ou pendant la phase PCT.<\/li>\n<li><strong>Perte de cheveux chez les personnes pr\u00e9dispos\u00e9es<\/strong><br \/>\nUne perte de cheveux excessive peut survenir chez les personnes g\u00e9n\u00e9tiquement pr\u00e9dispos\u00e9es \u00e0 cela. Il s&rsquo;agit d&rsquo;une affection rare qui, dans la plupart des cas, peut \u00eatre trait\u00e9e en r\u00e9duisant la dose et en arr\u00eatant le traitement.<\/li>\n<\/ol>\n<p>En g\u00e9n\u00e9ral, ces effets secondaires peuvent \u00eatre contr\u00f4l\u00e9s et sont temporaires. \u00c9coutez simplement votre corps et, si vous ressentez quelque chose d&rsquo;anormal, faites une petite pause ou r\u00e9duisez la dose. Vous pouvez \u00e9galement faire appel \u00e0 un professionnel si les effets ind\u00e9sirables persistent.<\/p>\n<h2>YK11 (Myostan) : posologie, dur\u00e9e du cycle et utilisation s\u00fbre<\/h2>\n<p>Avant de commencer un cycle de st\u00e9ro\u00efdes YK11, vous devez conna\u00eetre la dose adapt\u00e9e \u00e0 votre niveau d&rsquo;exp\u00e9rience, ainsi que la dur\u00e9e id\u00e9ale du cycle du point de vue de la s\u00e9curit\u00e9. Un dosage appropri\u00e9 vous permettra d&rsquo;obtenir les r\u00e9sultats escompt\u00e9s avec le YK11 sans imposer \u00e0 votre corps un effort suppl\u00e9mentaire trop important.<\/p>\n<h3>Posologie recommand\u00e9e du YK11<\/h3>\n<p>Une posologie quotidienne de 5 \u00e0 10 mg donne les meilleurs r\u00e9sultats pour une personne qui commence un cycle. Il s&rsquo;agit d&rsquo;une posologie de SARM YK11 \u00e0 laquelle votre corps peut s&rsquo;adapter progressivement. Elle produit \u00e9galement des effets secondaires l\u00e9gers au niveau des articulations et des cheveux. En tant qu&rsquo;ancien utilisateur de YK11, vous pouvez augmenter la posologie \u00e0 15 mg par jour. Il est \u00e9galement recommand\u00e9 de surveiller la r\u00e9action de votre corps au Myostan pendant les premi\u00e8res semaines d&rsquo;utilisation.<\/p>\n<h3>Dur\u00e9e id\u00e9ale du cycle<\/h3>\n<p>La dur\u00e9e typique d&rsquo;un cycle de YK11 est de 6 \u00e0 8 semaines. Une dur\u00e9e inf\u00e9rieure \u00e0 6 semaines suffit pour obtenir des gains notables en tissu musculaire maigre avec une faible suppression hormonale. Si vous pr\u00e9voyez d&rsquo;utiliser le YK11 pendant un cycle plus proche de 8 semaines, vous obtiendrez des progr\u00e8s plus importants en termes de force. Si vous \u00eates novice dans l&rsquo;utilisation de ce SAEM, il est conseill\u00e9 de l&rsquo;utiliser pendant 6 semaines afin de v\u00e9rifier votre tol\u00e9rance personnelle. Un utilisateur exp\u00e9riment\u00e9 peut choisir de prolonger la dur\u00e9e \u00e0 8 semaines. De plus, lorsque vous terminez le cycle, il est essentiel de prendre suffisamment de PCT.<\/p>\n<h3>Conseils d&rsquo;utilisation et d&rsquo;administration en toute s\u00e9curit\u00e9<\/h3>\n<p>Des taux sanguins constants sont maintenus lorsque vous prenez le YK11 \u00e0 la m\u00eame heure chaque jour. Cela dit, de nombreux utilisateurs trouvent que la prise de la dose quotidienne unique en deux doses plus petites permet une absorption encore plus efficace. Voici les meilleurs conseils que vous pouvez suivre pour profiter de tous les avantages du SARM YK11 en vente :<\/p>\n<ul>\n<li>Pour am\u00e9liorer la tol\u00e9rance, prenez la dose avec un repas l\u00e9ger ou avec un shake prot\u00e9in\u00e9.<\/li>\n<li>Vous devez boire beaucoup d&rsquo;eau pendant la journ\u00e9e et la nuit pour faciliter votre m\u00e9tabolisme.<\/li>\n<li>Vous pouvez surveiller quotidiennement la r\u00e9action de votre corps, par exemple votre force et votre masse musculaire.<\/li>\n<li>Il n&rsquo;est pas recommand\u00e9 de sauter des doses, car cela pourrait perturber la stabilit\u00e9 des taux sanguins et compromettre les r\u00e9sultats b\u00e9n\u00e9fiques.<\/li>\n<li>Au cours de la premi\u00e8re semaine, vous devriez progressivement passer \u00e0 des entra\u00eenements plus intenses plut\u00f4t que de pousser votre corps trop fort d\u00e8s le d\u00e9but.<\/li>\n<\/ul>\n<p>Afin de maximiser les gains de masse musculaire maigre, il est recommand\u00e9 de respecter la posologie et la dur\u00e9e du cycle recommand\u00e9es pour le YK11, ainsi que le calendrier et le dosage pr\u00e9cis. Gr\u00e2ce \u00e0 ces outils, vous pouvez passer d&rsquo;un cycle intense \u00e0 un cycle tr\u00e8s s\u00fbr.<\/p>\n<h2>YK11 en association avec d&rsquo;autres compos\u00e9s<\/h2>\n<p>L&rsquo;association du YK11 avec des compos\u00e9s s\u00e9lectionn\u00e9s de mani\u00e8re intelligente peut faire monter en fl\u00e8che vos performances. L&rsquo;Ostarine est le compos\u00e9 le plus couramment associ\u00e9 au YK11 par les culturistes lors des cycles de s\u00e8che afin de conserver leur masse musculaire et de perdre de la graisse. Certains associent \u00e9galement le YK11 au Ligandrol ou au RAD-140 lors des phases de recomposition afin d&rsquo;obtenir une densit\u00e9 et une taille maximales des muscles. Ces combinaisons fonctionnent si bien parce que les SARM ciblent diff\u00e9rents processus dans l&rsquo;organisme.<\/p>\n<p>En termes de performances, certains halt\u00e9rophiles ax\u00e9s sur la force recherchent des avis sur le SARM YK11 et prennent une petite dose de testost\u00e9rone \u00e9nanthate ou de testost\u00e9rone propionate. Quelques-uns combinent \u00e9galement le YK11 avec du Cardarine ou du Stenabolic afin d&rsquo;augmenter ses effets sur l&rsquo;endurance et le m\u00e9tabolisme des graisses, tout en conservant les gains obtenus avec le YK11. Assurez-vous que ces m\u00e9langes peuvent \u00eatre r\u00e9alis\u00e9s en toute s\u00e9curit\u00e9 avec un dosage appropri\u00e9.<\/p>\n<p>La question de l&rsquo;association est importante, car en g\u00e9n\u00e9ral, on ne sait pas comment associer deux SARM tr\u00e8s puissants, il faut donc \u00e9viter les combinaisons trop agressives. De nombreux utilisateurs de YK11 l&rsquo;associent \u00e0 des compl\u00e9ments plus s\u00fbrs tels que la cr\u00e9atine et les BCAA. De plus, un r\u00e9gime riche en prot\u00e9ines peut favoriser la r\u00e9cup\u00e9ration et les performances globales.<\/p>\n<h2>Erreurs courantes commises par les d\u00e9butants lors de l&rsquo;utilisation de Myostan (YK11)<\/h2>\n<p>En tant que nouvel utilisateur du YK11, vous risquez de commettre des erreurs courantes qui peuvent ralentir vos progr\u00e8s et augmenter les risques de blessures. En \u00e9tant conscient de ces pi\u00e8ges, vous pourrez optimiser votre cycle et rester en bonne sant\u00e9 :<\/p>\n<ol>\n<li><strong>Mauvais dosage<\/strong><br \/>\nBeaucoup de gens pensent que plus ils prennent de YK11, plus ils obtiendront de r\u00e9sultats rapidement. Mais en r\u00e9alit\u00e9, une dose plus importante de YK11 augmente le risque d&rsquo;effets secondaires. Si vous suivez le bon sch\u00e9ma posologique tout au long du cycle, celui-ci sera toujours pr\u00e9visible.<\/li>\n<li><strong>Dur\u00e9e du cycle sous-estim\u00e9e<\/strong><br \/>\nUn cycle court entra\u00eenera un d\u00e9r\u00e8glement hormonal si vous ne laissez pas \u00e0 votre corps le temps n\u00e9cessaire pour s&rsquo;habituer au dosage. Votre d\u00e9r\u00e8glement hormonal sera plus long si vous suivez un cycle long, ce qui peut avoir des cons\u00e9quences n\u00e9fastes. Suivez simplement un cycle de dur\u00e9e appropri\u00e9e pour permettre \u00e0 votre corps de s&rsquo;habituer au dosage.<\/li>\n<li><strong>Tenez compte des calories et des nutriments<\/strong><br \/>\nM\u00eame avec Myostan, les tissus musculaires ont toujours besoin de prot\u00e9ines, de calories et d&rsquo;une bonne r\u00e9cup\u00e9ration apr\u00e8s l&rsquo;entra\u00eenement pour se d\u00e9velopper. Quoi qu&rsquo;il en soit, si vous ne pouvez pas manger correctement, vous compromettre les r\u00e9sultats que vous pourriez obtenir, m\u00eame avec Myostan.<\/li>\n<li><strong>Achat de m\u00e9dicaments contrefaits<\/strong><br \/>\nDe nombreux novices ne savent pas o\u00f9 acheter du YK11. Ils recherchent donc l&rsquo;option la moins ch\u00e8re dans des magasins douteux. Il est recommand\u00e9 de bien r\u00e9fl\u00e9chir \u00e0 vos achats de m\u00e9dicaments et de ne faire appel qu&rsquo;\u00e0 des vendeurs de confiance, tels que notre boutique en ligne.<\/li>\n<li><strong>Ignorer la PCT<\/strong><br \/>\nVous pouvez perdre de la masse musculaire et augmenter les effets secondaires si vous n&rsquo;aidez pas votre corps \u00e0 r\u00e9cup\u00e9rer apr\u00e8s un cycle. La r\u00e9cup\u00e9ration favorise la normalisation hormonale et le bien-\u00eatre, ce qui aide vos muscles \u00e0 rester en forme m\u00eame apr\u00e8s la fin de votre cycle.<\/li>\n<\/ol>\n<p>Vous pouvez profiter pleinement des effets lorsque vous achetez du YK11 en ligne et \u00e9viter ces erreurs potentielles, qui peuvent \u00eatre n\u00e9fastes en termes d&rsquo;efficacit\u00e9 et de sant\u00e9. Gardez donc \u00e0 l&rsquo;esprit qu&rsquo;adopter une approche judicieuse aujourd&rsquo;hui est le meilleur moyen d&rsquo;obtenir d&rsquo;excellents r\u00e9sultats demain.<\/p>\n","protected":false},"excerpt":{"rendered":"<p>Nom Type Effets principaux Effets secondaires Suppression de la testost\u00e9rone Cycle typique Id\u00e9al pour Dur\u00e9e de demi-vie D\u00e9but d\u2019action PCT n\u00e9cessaire Toxicit\u00e9 Andarine (S-4) SARM Perte de graisse, muscle sec, augmentation de la force Alt\u00e9rations de la vision Moyenne 6\u20138 semaines S\u00e8che, recomposition ~4 heures 7\u201310 jours Oui Faible Cardarine (GW-501516) Agoniste PPAR\u03b4 Am\u00e9lioration de [&hellip;]<\/p>\n","protected":false},"featured_media":739,"comment_status":"open","ping_status":"closed","template":"","meta":{"_acf_changed":false},"product_brand":[],"product_cat":[46],"product_tag":[],"class_list":{"0":"post-1219","1":"product","2":"type-product","3":"status-publish","4":"has-post-thumbnail","6":"product_cat-sarms","8":"first","9":"instock","10":"shipping-taxable","11":"purchasable","12":"product-type-variable"},"acf":[],"_links":{"self":[{"href":"https:\/\/sarms-sport.com\/fr\/wp-json\/wp\/v2\/product\/1219","targetHints":{"allow":["GET"]}}],"collection":[{"href":"https:\/\/sarms-sport.com\/fr\/wp-json\/wp\/v2\/product"}],"about":[{"href":"https:\/\/sarms-sport.com\/fr\/wp-json\/wp\/v2\/types\/product"}],"replies":[{"embeddable":true,"href":"https:\/\/sarms-sport.com\/fr\/wp-json\/wp\/v2\/comments?post=1219"}],"wp:featuredmedia":[{"embeddable":true,"href":"https:\/\/sarms-sport.com\/fr\/wp-json\/wp\/v2\/media\/739"}],"wp:attachment":[{"href":"https:\/\/sarms-sport.com\/fr\/wp-json\/wp\/v2\/media?parent=1219"}],"wp:term":[{"taxonomy":"product_brand","embeddable":true,"href":"https:\/\/sarms-sport.com\/fr\/wp-json\/wp\/v2\/product_brand?post=1219"},{"taxonomy":"product_cat","embeddable":true,"href":"https:\/\/sarms-sport.com\/fr\/wp-json\/wp\/v2\/product_cat?post=1219"},{"taxonomy":"product_tag","embeddable":true,"href":"https:\/\/sarms-sport.com\/fr\/wp-json\/wp\/v2\/product_tag?post=1219"}],"curies":[{"name":"wp","href":"https:\/\/api.w.org\/{rel}","templated":true}]}}