{"id":1222,"date":"2025-04-29T15:23:21","date_gmt":"2025-04-29T13:23:21","guid":{"rendered":"https:\/\/sarms-sport.com\/andarino-zillt-medicine-andarine-s4\/"},"modified":"2025-12-25T17:49:20","modified_gmt":"2025-12-25T16:49:20","slug":"andarino-zillt-medicine-andarine-s4","status":"publish","type":"product","link":"https:\/\/sarms-sport.com\/fr\/andarino-zillt-medicine-andarine-s4\/","title":{"rendered":"Andarino Zillt Medicine (Andarine S4)"},"content":{"rendered":"<table>\n<tbody>\n<tr>\n<td style=\"text-align: center;\"><strong>Nom<\/strong><\/td>\n<td style=\"text-align: center;\"><strong>Type<\/strong><\/td>\n<td style=\"text-align: center;\"><strong>Effets principaux<\/strong><\/td>\n<td style=\"text-align: center;\"><strong>Effets secondaires<\/strong><\/td>\n<td style=\"text-align: center;\"><strong>Suppression de la testost\u00e9rone<\/strong><\/td>\n<td style=\"text-align: center;\"><strong>Cycle typique<\/strong><\/td>\n<td style=\"text-align: center;\"><strong>Id\u00e9al pour<\/strong><\/td>\n<td style=\"text-align: center;\"><strong>Dur\u00e9e de demi-vie<\/strong><\/td>\n<td style=\"text-align: center;\"><strong>D\u00e9but d\u2019action<\/strong><\/td>\n<td style=\"text-align: center;\"><strong>PCT n\u00e9cessaire<\/strong><\/td>\n<td style=\"text-align: center;\"><strong>Toxicit\u00e9<\/strong><\/td>\n<\/tr>\n<tr>\n<td style=\"text-align: center;\"><a href=\"https:\/\/sarms-sport.com\/fr\/andarino-zillt-medicine-andarine-s4\/\"><strong>Andarine (S-4)<\/strong><\/a><\/td>\n<td>SARM<\/td>\n<td>Perte de graisse, muscle sec, augmentation de la force<\/td>\n<td>Alt\u00e9rations de la vision<\/td>\n<td>Moyenne<\/td>\n<td>6\u20138 semaines<\/td>\n<td>S\u00e8che, recomposition<\/td>\n<td>~4 heures<\/td>\n<td>7\u201310 jours<\/td>\n<td>Oui<\/td>\n<td>Faible<\/td>\n<\/tr>\n<tr>\n<td style=\"text-align: center;\"><a href=\"https:\/\/sarms-sport.com\/fr\/cardarino-zillt-medicine-cardarine-gw-501516\/\"><strong>Cardarine (GW-501516)<\/strong><\/a><\/td>\n<td>Agoniste PPAR\u03b4<\/td>\n<td>Am\u00e9lioration de l\u2019endurance, oxydation des graisses, m\u00e9tabolisme<\/td>\n<td>Risques potentiels \u00e0 fortes doses<\/td>\n<td>Non<\/td>\n<td>6\u201312 semaines<\/td>\n<td>S\u00e8che, endurance<\/td>\n<td>16\u201324 heures<\/td>\n<td>3\u20135 jours<\/td>\n<td>Non<\/td>\n<td>Tr\u00e8s faible<\/td>\n<\/tr>\n<tr>\n<td style=\"text-align: center;\"><a href=\"https:\/\/sarms-sport.com\/fr\/ibutamoreno-zillt-medicine-ibutamoren-mk-677\/\"><strong>Ibutamoren (MK-677)<\/strong><\/a><\/td>\n<td>S\u00e9cr\u00e9tagogue de GH<\/td>\n<td>Augmente GH\/IGF-1, r\u00e9cup\u00e9ration, am\u00e9lioration du sommeil<\/td>\n<td>App\u00e9tit accru, r\u00e9tention d\u2019eau<\/td>\n<td>Non<\/td>\n<td>8\u201316 semaines<\/td>\n<td>Prise de masse, r\u00e9cup\u00e9ration<\/td>\n<td>20\u201324 heures<\/td>\n<td>5\u20137 jours<\/td>\n<td>Non<\/td>\n<td>Faible<\/td>\n<\/tr>\n<tr>\n<td style=\"text-align: center;\"><a href=\"https:\/\/sarms-sport.com\/fr\/ligandrolo-zillt-medicine-ligandrol-lgd-4033\/\"><strong>Ligandrol (LGD-4033)<\/strong><\/a><\/td>\n<td>SARM<\/td>\n<td>Gain de masse et de force, meilleure r\u00e9cup\u00e9ration<\/td>\n<td>Forte suppression<\/td>\n<td>\u00c9lev\u00e9e<\/td>\n<td>6\u20138 semaines<\/td>\n<td>Prise de masse<\/td>\n<td>24\u201336 heures<\/td>\n<td>7\u201310 jours<\/td>\n<td>Oui<\/td>\n<td>Faible<\/td>\n<\/tr>\n<tr>\n<td style=\"text-align: center;\"><a href=\"https:\/\/sarms-sport.com\/fr\/ostarino-zillt-medicine-ostarine-mk-2866\/\"><strong>Ostarine (MK-2866)<\/strong><\/a><\/td>\n<td>SARM<\/td>\n<td>Masse maigre, soutien articulaire, recomposition l\u00e9g\u00e8re<\/td>\n<td>L\u00e9g\u00e8re suppression<\/td>\n<td>Faible<\/td>\n<td>6\u20138 semaines<\/td>\n<td>Recomposition<\/td>\n<td>24 heures<\/td>\n<td>10\u201314 jours<\/td>\n<td>Non<\/td>\n<td>Tr\u00e8s faible<\/td>\n<\/tr>\n<tr>\n<td style=\"text-align: center;\"><a href=\"https:\/\/sarms-sport.com\/fr\/s23-zillt-medicine-mastorin-s23\/\"><strong>Mastorin (S-23)<\/strong><\/a><\/td>\n<td>SARM puissant<\/td>\n<td>Force, muscle sec et dense, effet de durcissement marqu\u00e9<\/td>\n<td>Suppression tr\u00e8s forte<\/td>\n<td>Tr\u00e8s \u00e9lev\u00e9e<\/td>\n<td>4\u20136 semaines<\/td>\n<td>S\u00e8che avanc\u00e9e, force<\/td>\n<td>~12 heures<\/td>\n<td>3\u20137 jours<\/td>\n<td>Oui<\/td>\n<td>Mod\u00e9r\u00e9e<\/td>\n<\/tr>\n<tr>\n<td style=\"text-align: center;\"><a href=\"https:\/\/sarms-sport.com\/fr\/stenabolo-zillt-medicine-stenabolic-sr-9009\/\"><strong>Stenabolic (SR-9009)<\/strong><\/a><\/td>\n<td>Agoniste Rev-ERB<\/td>\n<td>Boost du m\u00e9tabolisme, perte de graisse, endurance<\/td>\n<td>Prise fr\u00e9quente n\u00e9cessaire<\/td>\n<td>Non<\/td>\n<td>6\u201310 semaines<\/td>\n<td>S\u00e8che<\/td>\n<td>1\u20132 heures<\/td>\n<td>2\u20134 jours<\/td>\n<td>Non<\/td>\n<td>Tr\u00e8s faible<\/td>\n<\/tr>\n<tr>\n<td style=\"text-align: center;\"><a href=\"https:\/\/sarms-sport.com\/fr\/testolono-zillt-medicine-testolone-rad-140\/\"><strong>Testolone (RAD-140)<\/strong><\/a><\/td>\n<td>SARM<\/td>\n<td>Augmentation de la force, masse musculaire, effet anti-catabolique<\/td>\n<td>Suppression, irritabilit\u00e9<\/td>\n<td>\u00c9lev\u00e9e<\/td>\n<td>6\u20138 semaines<\/td>\n<td>Prise de masse, force<\/td>\n<td>~60 heures<\/td>\n<td>5\u20137 jours<\/td>\n<td>Oui<\/td>\n<td>Faible \u00e0 moyenne<\/td>\n<\/tr>\n<tr>\n<td style=\"text-align: center;\"><a href=\"https:\/\/sarms-sport.com\/fr\/yk-11-zillt-medicine-myostan-yk11\/\"><strong>Myostan (YK-11)<\/strong><\/a><\/td>\n<td>Inhibiteur de myostatine<\/td>\n<td>Augmentation rapide de la force, hypertrophie acc\u00e9l\u00e9r\u00e9e, masse dense<\/td>\n<td>Stress h\u00e9patique, agressivit\u00e9<\/td>\n<td>\u00c9lev\u00e9e<\/td>\n<td>4\u20138 semaines<\/td>\n<td>Prise de masse, force<\/td>\n<td>6\u201310 heures<\/td>\n<td>5\u20137 jours<\/td>\n<td>Oui<\/td>\n<td>Moyenne \u00e0 \u00e9lev\u00e9e<\/td>\n<\/tr>\n<\/tbody>\n<\/table>\n<h2>Qu&rsquo;est-ce que le S4 (Andarine) ?<\/h2>\n<p>Le S4 Andarine est l&rsquo;un des modulateurs s\u00e9lectifs des r\u00e9cepteurs androg\u00e8nes les plus connus et les plus utilis\u00e9s. Il est approuv\u00e9 par la FDA. Il a \u00e9t\u00e9 cr\u00e9\u00e9 pour prot\u00e9ger la masse musculaire maigre tout en augmentant la perte de graisse. Bien que Andarine S4 ait initialement \u00e9t\u00e9 \u00e9tudi\u00e9 pour traiter la fonte musculaire et l&rsquo;ost\u00e9oporose, il a \u00e9galement acquis une certaine popularit\u00e9 aupr\u00e8s des athl\u00e8tes pour ses propri\u00e9t\u00e9s am\u00e9liorant les performances.<\/p>\n<p>Il a \u00e9t\u00e9 d\u00e9montr\u00e9 qu&rsquo;il am\u00e9liorait le tonus et la d\u00e9finition musculaires sans les effets secondaires de r\u00e9tention d&rsquo;eau des st\u00e9ro\u00efdes anabolisants. Dans une application pratique, le S4 produit trois r\u00e9sultats importants :<\/p>\n<ul>\n<li>L&rsquo;Andarine synth\u00e9tise les prot\u00e9ines \u00e0 un rythme plus \u00e9lev\u00e9, ce qui acc\u00e9l\u00e8re la r\u00e9paration et la croissance musculaires apr\u00e8s une s\u00e9ance d&rsquo;entra\u00eenement.<\/li>\n<li>Au lieu de compter sur l&rsquo;\u00e9nergie provenant de votre alimentation, votre corps commence \u00e0 utiliser les r\u00e9serves de graisse accumul\u00e9es pour produire de l&rsquo;\u00e9nergie, tout en pr\u00e9servant le tissu musculaire.<\/li>\n<li>Le S4 favorise la croissance osseuse, ce qui peut am\u00e9liorer l&rsquo;endurance et r\u00e9duire le risque de blessure lors d&rsquo;un entra\u00eenement intense.<\/li>\n<\/ul>\n<p>Il est s\u00e9lectif, ce qui signifie que, contrairement \u00e0 la plupart des autres hormones, il se lie directement aux r\u00e9cepteurs musculaires et osseux plut\u00f4t que d&rsquo;affecter le reste du syst\u00e8me endocrinien. Cette sp\u00e9cificit\u00e9 fait de Andarine une option extr\u00eamement attrayante pour ceux qui cherchent \u00e0 augmenter leur masse musculaire sans effets secondaires.<\/p>\n<h2>Comment fonctionne le S4 (Andarine)<\/h2>\n<p>Lorsque vous prenez du S4 Andarine, le compos\u00e9 commence \u00e0 se lier aux r\u00e9cepteurs androg\u00e8nes de vos os et de vos muscles. Ces r\u00e9cepteurs androg\u00e8nes sont importants pour la croissance musculaire, la r\u00e9paration et le maintien de la force. L&rsquo;Andarine active le m\u00eame type d&rsquo;activit\u00e9 anabolique que la testost\u00e9rone, sans la plupart des effets hormonaux n\u00e9gatifs.<\/p>\n<p>Ce qui distingue principalement le S4 des autres st\u00e9ro\u00efdes, c&rsquo;est sa capacit\u00e9 \u00e0 augmenter \u00e0 la fois la force et la d\u00e9finition. Le S4 ne vous aide pas seulement \u00e0 prendre de la masse, il aide \u00e9galement le corps \u00e0 maintenir les tissus maigres et \u00e0 br\u00fbler les graisses. C&rsquo;est pourquoi il s&rsquo;agit d&rsquo;un SARM couramment utilis\u00e9 pour les cycles de coupe lorsque l&rsquo;objectif est de maintenir la force tout en acqu\u00e9rant un aspect plus d\u00e9fini et plus dur.<\/p>\n<p>Un autre aspect int\u00e9ressant de l&rsquo;Andarine est son effet sur la densit\u00e9 osseuse et la r\u00e9cup\u00e9ration potentielle. Il est tr\u00e8s utile pour renforcer les os si vous \u00eates un athl\u00e8te pratiquant des sports de force ou des exercices cardiovasculaires intenses. L&rsquo;Andarine ayant une demi-vie courte, les utilisateurs r\u00e9partissent g\u00e9n\u00e9ralement leurs doses tout au long de la journ\u00e9e afin d&rsquo;atteindre des niveaux maximaux et des performances constantes.<\/p>\n<h2>Les principaux avantages du S4 (Andarine)<\/h2>\n<p>L&rsquo;une des principales raisons pour lesquelles les athl\u00e8tes choisissent d&rsquo;utiliser l&rsquo;Andarine S4 est qu&rsquo;il leur permet d&rsquo;obtenir des r\u00e9sultats visibles sans leur donner un aspect gonfl\u00e9. Il permet de conserver une masse musculaire maigre, mais rend le corps plus ferme et plus athl\u00e9tique. Voici quelques-uns des principaux avantages de &lsquo;Andarine S4 pour vous :<\/p>\n<ol>\n<li><strong>Densit\u00e9 et d\u00e9finition des muscles<\/strong><br \/>\nLe S4 donne aux muscles un aspect sec, sans r\u00e9tention d&rsquo;eau. Votre silhouette semble plus pleine et votre masse musculaire plus importante, en particulier pendant un cycle de s\u00e8che et de prise de masse. Il vous permet de mettre en valeur chaque ligne de votre peau.<\/li>\n<li><strong>Perte de graisse<\/strong><br \/>\nL&rsquo;Andarine permet au corps de br\u00fbler les graisses plus efficacement gr\u00e2ce \u00e0 un m\u00e9tabolisme accru. Le corps commence \u00e0 br\u00fbler les graisses comme source d&rsquo;\u00e9nergie pendant l&rsquo;exercice et, en m\u00eame temps, gr\u00e2ce \u00e0 cela, vous pouvez \u00e9galement perdre de la graisse et conserver vos muscles, ce qui est tr\u00e8s b\u00e9n\u00e9fique pour votre corps.<\/li>\n<li><strong>D\u00e9veloppement musculaire maigre<\/strong><br \/>\nContrairement \u00e0 de nombreux autres SARM, le S4 favorise la g\u00e9n\u00e9ration de nouveaux tissus musculaires, m\u00eame lorsque vous \u00eates en mode combustion des graisses. Cela aide l&rsquo;athl\u00e8te \u00e0 conserver sa force et sa masse musculaire tout en \u00e9tant en d\u00e9ficit calorique.<\/li>\n<li><strong>Gain de force<\/strong><br \/>\nLes niveaux de force restent plus \u00e9lev\u00e9s avec le S4 fonctionnant en d\u00e9ficit calorique, bien qu&rsquo;\u00e0 un niveau modeste pour certains utilisateurs. Les athl\u00e8tes peuvent s&rsquo;entra\u00eener plus intens\u00e9ment et de mani\u00e8re plus r\u00e9guli\u00e8re, m\u00eame lorsqu&rsquo;ils tentent de m\u00e9taboliser un d\u00e9ficit calorique pour atteindre leurs objectifs de masse maigre.<\/li>\n<li><strong>R\u00e9cup\u00e9ration plus rapide<\/strong><br \/>\nApr\u00e8s l&rsquo;exercice, le SARM Andarine S4 favorise \u00e9galement votre capacit\u00e9 \u00e0 r\u00e9cup\u00e9rer plus rapidement des douleurs musculaires. Il facilite le transport plus rapide de l&rsquo;oxyg\u00e8ne vers les muscles, ce qui peut r\u00e9duire les courbatures et vous aider \u00e0 reprendre l&rsquo;entra\u00eenement plus rapidement.<\/li>\n<li><strong>Maintien musculaire<\/strong><br \/>\nAndarine maintient la masse musculaire que vous avez actuellement, contrairement \u00e0 de nombreux autres st\u00e9ro\u00efdes utilis\u00e9s en phase de s\u00e8che. C&rsquo;est pourquoi il s&rsquo;agit de l&rsquo;un des SARM les plus fiables en phase de pr\u00e9paration, car il permet de conserver des r\u00e9sultats \u00ab athl\u00e9tiques \u00bb plut\u00f4t que \u00ab volumineux \u00bb.<\/li>\n<li><strong>Peu ou pas de r\u00e9tention d&rsquo;eau<\/strong><br \/>\nLe S4 ne provoque pas de r\u00e9tention d&rsquo;eau comme les anabolisants, donc avec l&rsquo;Andarine, vous restez mince et sec. Vos gains sont visibles dans le miroir.<\/li>\n<\/ol>\n<p>En g\u00e9n\u00e9ral, l&rsquo;Andarine donne au corps une apparence plus mince, plus d\u00e9finie et plus puissante sans les risques associ\u00e9s aux st\u00e9ro\u00efdes. C&rsquo;est pourquoi c&rsquo;est un choix solide pour tous ceux qui veulent am\u00e9liorer leur apparence.<\/p>\n<h2>Effets secondaires de l&rsquo;Andarine<\/h2>\n<p>En ce qui concerne les effets secondaires de Andarine S4, la grande majorit\u00e9 des utilisateurs ne ressentiront que des effets secondaires tr\u00e8s l\u00e9gers dans la plupart des cas, voire aucun, et seulement pendant une courte p\u00e9riode. Mais il est utile de savoir ce que vous allez vivre afin de prendre le compos\u00e9 en toute s\u00e9curit\u00e9 et en toute confiance :<\/p>\n<ol>\n<li><strong>Changements de la vision<\/strong><br \/>\nQuelques personnes ont signal\u00e9 une l\u00e9g\u00e8re teinte jaune dans leur vision ou des difficult\u00e9s \u00e0 s&rsquo;adapter \u00e0 la lumi\u00e8re vive. Cela s&rsquo;explique par le fait que l&rsquo;Andarine se lie aux r\u00e9cepteurs de vos yeux. Cet effet ne durera pas au-del\u00e0 de votre cycle, et il dispara\u00eetra si vous arr\u00eatez ou r\u00e9duisez votre dosage.<\/li>\n<li><strong>Suppression naturelle de la testost\u00e9rone<\/strong><br \/>\nL&rsquo;Andarine peut induire une l\u00e9g\u00e8re suppression de votre testost\u00e9rone naturelle. Cela se produit avec la plupart des SARM, mais cet effet est enti\u00e8rement r\u00e9versible. Un traitement PCT de courte dur\u00e9e suffit g\u00e9n\u00e9ralement pour retrouver l&rsquo;\u00e9quilibre et la vitalit\u00e9 de la testost\u00e9rone.<\/li>\n<li><strong>Difficult\u00e9s \u00e0 dormir<\/strong><br \/>\nCertains athl\u00e8tes suivant le cycle ressentent une sensation de sommeil plus l\u00e9ger. Cependant, l&rsquo;hydratation, l&rsquo;alimentation quotidienne et les habitudes de repos sont g\u00e9n\u00e9ralement constantes. Cela permet g\u00e9n\u00e9ralement de dissiper ces sympt\u00f4mes.<\/li>\n<li><strong>Maux de t\u00eate ou l\u00e9g\u00e8re irritabilit\u00e9<\/strong><br \/>\nDes maux de t\u00eate ou de l\u00e9gers changements d&rsquo;humeur apparaissent au cours des premiers jours. Ces effets secondaires ne durent que peu de temps, le temps de s&rsquo;habituer au compos\u00e9.<\/li>\n<li><strong>Fatigue<\/strong><br \/>\nAvec des cycles plus longs, le SARM Andarine peut augmenter progressivement la fatigue et diminuer l&rsquo;endurance. Les niveaux d&rsquo;\u00e9nergie reviennent g\u00e9n\u00e9ralement \u00e0 leur niveau de base en r\u00e9duisant la dose du m\u00e9dicament.<\/li>\n<\/ol>\n<p>Le S4 est certainement l&rsquo;un des SARM les plus faciles \u00e0 g\u00e9rer en termes d&rsquo;effets secondaires. Vous pouvez profiter des avantages de l&rsquo;Andarine tout en subissant le moins d&rsquo;effets secondaires possible si vous prenez la dose recommand\u00e9e.<\/p>\n<h2>Posologie, dur\u00e9e du cycle et utilisation s\u00fbre du S4 (Andarine)<\/h2>\n<p>La bonne combinaison de dose et de dur\u00e9e du cycle rendra vos r\u00e9sultats stables et r\u00e9alisables. Andarine S4 en vente sera attrayante pour les utilisateurs, m\u00eame lorsque leur budget est serr\u00e9, car elle peut aider \u00e0 r\u00e9duire la graisse et \u00e0 d\u00e9finir les muscles si vous l&rsquo;utilisez \u00e0 bon escient.<\/p>\n<h3>Recommandations posologiques<\/h3>\n<p>Une fois que vous faites de l&rsquo;exercice, faites attention au dosage et au moment o\u00f9 vous le prenez. La plupart des d\u00e9butants obtiennent de meilleurs r\u00e9sultats, non pas en augmentant le dosage, mais en prenant deux doses de 25 mg par jour. Cela permet au corps de s&rsquo;adapter progressivement \u00e0 l&rsquo;Andarine et r\u00e9duit les effets secondaires potentiels. Une fois que vous vous sentez \u00e0 l&rsquo;aise avec l&rsquo;Andarine, vous pouvez passer \u00e0 un dosage l\u00e9g\u00e8rement plus \u00e9lev\u00e9 d&rsquo;Andarine S4, mais une dose trop importante peut irriter le corps.<\/p>\n<h3>Dur\u00e9e du cycle<\/h3>\n<p>Pour la plupart des utilisateurs, une dur\u00e9e de 6 \u00e0 8 semaines est suffisante pour obtenir des r\u00e9sultats concrets avec le cycle S4 Andarine. Il peut \u00eatre tentant de prolonger le cycle, mais solliciter inutilement l&rsquo;organisme n&rsquo;apporte que peu de b\u00e9n\u00e9fices. Soyez r\u00e9gulier et prenez vos doses \u00e0 la m\u00eame heure chaque jour pour obtenir un effet plus stable. Plus vous serez r\u00e9gulier, plus votre corps r\u00e9agira de mani\u00e8re pr\u00e9visible.<\/p>\n<h3>Conseils d&rsquo;utilisation s\u00e9curitaire<\/h3>\n<p>Lorsque vous achetez de Andarine, gardez \u00e0 l&rsquo;esprit que votre corps travaille d&rsquo;arrache-pied pour assimiler ce m\u00e9dicament. Apporter le soutien ad\u00e9quat \u00e0 votre corps peut vous aider \u00e0 obtenir de meilleurs r\u00e9sultats et \u00e0 vous sentir mieux.<\/p>\n<ul>\n<li>Dormez suffisamment la nuit, car cela est important pour la r\u00e9paration musculaire et l&rsquo;\u00e9quilibre hormonal optimal.<\/li>\n<li>Buvez beaucoup d&rsquo;eau tout au long de la journ\u00e9e. Cela facilitera le transport des nutriments, aidera \u00e0 lutter contre la fatigue et pr\u00e9viendra les crampes.<\/li>\n<li>Consommez suffisamment de calories, avec beaucoup de prot\u00e9ines, de bonnes graisses et des glucides complexes pour vous donner de l&rsquo;\u00e9nergie et vous aider \u00e0 d\u00e9velopper vos muscles.<\/li>\n<\/ul>\n<p>En d\u00e9veloppant ces habitudes, vous atteindrez votre objectif de d\u00e9velopper votre masse musculaire maigre et votre d\u00e9finition. De plus, vous pr\u00e9serverez votre sant\u00e9 et rendrez le cycle plus supportable.<\/p>\n<h2>Combinaison de S4 : ce qui fonctionne et ce qui ne fonctionne pas<\/h2>\n<p>L&rsquo;association avec d&rsquo;autres substances peut vous donner de meilleurs r\u00e9sultats avec le S4 Andarine si vous savez comment vous y prendre. En g\u00e9n\u00e9ral, le S4 s&rsquo;associe bien avec des compos\u00e9s plus doux pour la prise de masse ou la s\u00e8che, et il aide \u00e0 perdre de la graisse tout en pr\u00e9servant la masse musculaire maigre.<\/p>\n<h3>Ce qui fonctionne<\/h3>\n<p>L&rsquo;Andarine est populaire et vous donnera les meilleurs r\u00e9sultats si elle est associ\u00e9e \u00e0 une faible dose de testost\u00e9rone \u00e9nanthate ou \u00e0 des SARM de deuxi\u00e8me g\u00e9n\u00e9ration l\u00e9gers comme le MK-2866 Ostarine et le LGD-4033 Ligandrol.<\/p>\n<h3>Ce qui ne fonctionne pas<\/h3>\n<p>Toutes les combinaisons ne sont pas s\u00fbres ni m\u00eame efficaces. Le m\u00e9lange de m\u00e9dicaments agressifs ou de plusieurs SARM d&rsquo;\u00e9lite tels que le RAD-140 Testolone ou le YK-11 avec le S4 Andarine peut entra\u00eener une surcharge et des effets secondaires plus importants. Les athl\u00e8tes moins exp\u00e9riment\u00e9s devraient se limiter \u00e0 un ou deux m\u00e9dicaments suppl\u00e9mentaires non agressifs.<\/p>\n<p>L&rsquo;\u00e9quilibre et le timing sont ici les facteurs d\u00e9terminants. Le S4 Andarine peut \u00e9galement \u00eatre utilis\u00e9 en association avec des compl\u00e9ments compatibles tels que le MK-677 Ibutamoren pour la r\u00e9cup\u00e9ration ou des peptides tels que le BPC-157 pour favoriser la sant\u00e9 et la gu\u00e9rison des articulations.<\/p>\n<h2>Erreurs courantes commises par les d\u00e9butants lors de l&rsquo;utilisation du S4 (Andarine)<\/h2>\n<p>Tous les athl\u00e8tes doivent commencer quelque part, mais en ce qui concerne Andarine S4 en vente, en particulier, ce que vous ne faites pas peut avoir plus d&rsquo;impact sur vos r\u00e9sultats et votre s\u00e9curit\u00e9 que ce que vous faites. Vous trouverez ci-dessous les principales erreurs \u00e0 \u00e9viter en tant que d\u00e9butant.<\/p>\n<ul>\n<li><strong>Prendre imm\u00e9diatement une dose trop \u00e9lev\u00e9e<\/strong><br \/>\nBeaucoup de personnes qui utilisent le S4 semblent penser que plus la dose est \u00e9lev\u00e9e, plus les r\u00e9sultats sont rapides, mais ce n&rsquo;est pas le cas avec le S4. La substance s&rsquo;accumule lentement, et passer trop t\u00f4t \u00e0 une dose \u00e9lev\u00e9e peut entra\u00eener des effets ind\u00e9sirables tels que des troubles de la vision ou de la fatigue.<\/li>\n<li><strong>D\u00e9passer la dur\u00e9e du cycle<\/strong><br \/>\nIl est pr\u00e9f\u00e9rable de limiter la dur\u00e9e des cycles d&rsquo;Andarine S4 \u00e0 6 \u00e0 8 semaines. Il n&rsquo;est pas recommand\u00e9 de prolonger la dur\u00e9e, m\u00eame d&rsquo;une semaine, car cela peut avoir des effets n\u00e9fastes sur vos hormones, en particulier pour les femmes qui utilisent Andarine S4. Faites toujours une pause pour permettre \u00e0 votre corps de se r\u00e9initialiser avant de poursuivre apr\u00e8s un cycle.<\/li>\n<li><strong>Associer l&rsquo;Andarine S4 \u00e0 des compos\u00e9s al\u00e9atoires<\/strong><br \/>\nAssociez l&rsquo;Andarine S4 \u00e0 des compos\u00e9s compatibles. Si vous comptez utiliser le S4 pour perdre de la graisse ou am\u00e9liorer vos performances, il est pr\u00e9f\u00e9rable de l&rsquo;associer \u00e0 d&rsquo;autres compos\u00e9s compatibles, car le S4 peut avoir un impact important sur les niveaux d&rsquo;\u00e9nergie. Il vaut mieux s&rsquo;en tenir au cycle standard de l&rsquo;Andarine S4 et ne l&rsquo;essayer que si vous avez d\u00e9j\u00e0 de l&rsquo;exp\u00e9rience avec ce produit.<\/li>\n<li><strong>Mauvaise alimentation et temps de r\u00e9cup\u00e9ration<\/strong><br \/>\nLes SARM ne bouleverseront pas votre alimentation ou votre sommeil de mani\u00e8re constante. Le S4 peut aider \u00e0 br\u00fbler les graisses corporelles et \u00e0 renforcer la masse musculaire maigre, mais il n\u00e9cessite du temps pour r\u00e9cup\u00e9rer. Vous devez manger des repas riches en prot\u00e9ines, boire beaucoup d&rsquo;eau et dormir au moins 7 heures pour que vos muscles puissent r\u00e9cup\u00e9rer.<\/li>\n<li><strong>Ignorer les effets secondaires<\/strong><br \/>\nLes probl\u00e8mes de vision, ainsi que les vertiges et la fatigue extr\u00eame, sont des signes que vous devez arr\u00eater ou r\u00e9duire votre consommation. La plupart des effets secondaires dispara\u00eetront peu apr\u00e8s l&rsquo;arr\u00eat du traitement, et le fait d&rsquo;\u00eatre \u00e0 l&rsquo;\u00e9coute de votre corps rendra chaque cycle moins risqu\u00e9.<\/li>\n<\/ul>\n<p>Tout le monde fait des erreurs \u00e0 un moment ou \u00e0 un autre, en particulier les d\u00e9butants qui viennent de d\u00e9cider d&rsquo;acheter le compos\u00e9 S4 Andarine. Prenez votre temps, renseignez-vous sur les m\u00e9dicaments et \u00e9coutez votre corps : c&rsquo;est la cl\u00e9 du succ\u00e8s.<\/p>\n","protected":false},"excerpt":{"rendered":"<p>Nom Type Effets principaux Effets secondaires Suppression de la testost\u00e9rone Cycle typique Id\u00e9al pour Dur\u00e9e de demi-vie D\u00e9but d\u2019action PCT n\u00e9cessaire Toxicit\u00e9 Andarine (S-4) SARM Perte de graisse, muscle sec, augmentation de la force Alt\u00e9rations de la vision Moyenne 6\u20138 semaines S\u00e8che, recomposition ~4 heures 7\u201310 jours Oui Faible Cardarine (GW-501516) Agoniste PPAR\u03b4 Am\u00e9lioration de [&hellip;]<\/p>\n","protected":false},"featured_media":394,"comment_status":"open","ping_status":"closed","template":"","meta":{"_acf_changed":false},"product_brand":[],"product_cat":[46],"product_tag":[],"class_list":{"0":"post-1222","1":"product","2":"type-product","3":"status-publish","4":"has-post-thumbnail","6":"product_cat-sarms","8":"first","9":"instock","10":"shipping-taxable","11":"purchasable","12":"product-type-variable"},"acf":[],"_links":{"self":[{"href":"https:\/\/sarms-sport.com\/fr\/wp-json\/wp\/v2\/product\/1222","targetHints":{"allow":["GET"]}}],"collection":[{"href":"https:\/\/sarms-sport.com\/fr\/wp-json\/wp\/v2\/product"}],"about":[{"href":"https:\/\/sarms-sport.com\/fr\/wp-json\/wp\/v2\/types\/product"}],"replies":[{"embeddable":true,"href":"https:\/\/sarms-sport.com\/fr\/wp-json\/wp\/v2\/comments?post=1222"}],"wp:featuredmedia":[{"embeddable":true,"href":"https:\/\/sarms-sport.com\/fr\/wp-json\/wp\/v2\/media\/394"}],"wp:attachment":[{"href":"https:\/\/sarms-sport.com\/fr\/wp-json\/wp\/v2\/media?parent=1222"}],"wp:term":[{"taxonomy":"product_brand","embeddable":true,"href":"https:\/\/sarms-sport.com\/fr\/wp-json\/wp\/v2\/product_brand?post=1222"},{"taxonomy":"product_cat","embeddable":true,"href":"https:\/\/sarms-sport.com\/fr\/wp-json\/wp\/v2\/product_cat?post=1222"},{"taxonomy":"product_tag","embeddable":true,"href":"https:\/\/sarms-sport.com\/fr\/wp-json\/wp\/v2\/product_tag?post=1222"}],"curies":[{"name":"wp","href":"https:\/\/api.w.org\/{rel}","templated":true}]}}