{"id":1077,"date":"2025-05-12T12:26:57","date_gmt":"2025-05-12T10:26:57","guid":{"rendered":"https:\/\/sarms-sport.com\/rueckerstattung_rueckgaben\/"},"modified":"2025-10-23T14:15:28","modified_gmt":"2025-10-23T12:15:28","slug":"termini-di-utilizzo","status":"publish","type":"page","link":"https:\/\/sarms-sport.com\/it\/termini-di-utilizzo\/","title":{"rendered":"Termini di Utilizzo"},"content":{"rendered":"\n<p>Willkommen auf unserer Website. Durch den Zugriff auf diese Website erkl\u00e4rst du dich mit diesen Nutzungsbedingungen, unserer Datenschutzerkl\u00e4rung sowie allen zus\u00e4tzlichen Bedingungen einverstanden, die f\u00fcr bestimmte Bereiche der Website oder f\u00fcr Produkte und Dienstleistungen gelten, die \u00fcber die Website oder von uns angeboten werden. Wenn du diesen Bedingungen nicht zustimmst, nutze bitte diese Website nicht.<\/p>\n\n\n\n<p><strong>1. Nutzung der Website<\/strong><\/p>\n\n\n\n<p>Du darfst die Website nur f\u00fcr rechtm\u00e4\u00dfige Zwecke nutzen. Es ist untersagt, die Website in einer Weise zu verwenden, die Sch\u00e4den verursachen oder die Verf\u00fcgbarkeit oder Zug\u00e4nglichkeit der Website beeintr\u00e4chtigen k\u00f6nnte. Die \u00dcbermittlung oder Versendung von unerw\u00fcnschten kommerziellen Mitteilungen oder die Nutzung der Website f\u00fcr Marketingzwecke ohne unsere ausdr\u00fcckliche schriftliche Zustimmung ist nicht gestattet.<\/p>\n\n\n\n<p><strong>2. Geistiges Eigentum<\/strong><\/p>\n\n\n\n<p>Alle Inhalte auf der Website, wie Texte, Grafiken, Logos, Bilder und Software, sind Eigentum des Website-Betreibers oder seiner Inhaltslieferanten und durch internationale Urheberrechts- und Markengesetze gesch\u00fctzt. Jede unbefugte Nutzung der auf der Website erscheinenden Materialien kann gegen Urheberrechts-, Marken- und andere Gesetze versto\u00dfen.<\/p>\n\n\n\n<p><strong>3. Benutzerkonten<\/strong><\/p>\n\n\n\n<p>Wenn du ein Konto auf unserer Website erstellst, bist du f\u00fcr die Sicherheit deines Kontos und alle Aktivit\u00e4ten, die darauf stattfinden, verantwortlich. Du verpflichtest dich, bei der Erstellung eines Kontos genaue und vollst\u00e4ndige Informationen bereitzustellen. Wir behalten uns das Recht vor, Konten nach eigenem Ermessen zu sperren oder zu k\u00fcndigen.<\/p>\n\n\n\n<p><strong>4. Links zu Drittanbieter-Websites<\/strong><\/p>\n\n\n\n<p>Die Website kann Links zu anderen Websites enthalten, die nicht unter unserer Kontrolle stehen. Wir sind nicht verantwortlich f\u00fcr den Inhalt verlinkter Websites oder f\u00fcr Links, die auf solchen Websites enthalten sind. Die Aufnahme eines Links bedeutet nicht, dass wir die verlinkte Website billigen.<\/p>\n\n\n\n<p><strong>5. Haftungsbeschr\u00e4nkung<\/strong><\/p>\n\n\n\n<p>Wir garantieren nicht, dass die Website fehlerfrei oder ununterbrochen funktioniert. Wir geben keine ausdr\u00fccklichen oder stillschweigenden Garantien hinsichtlich des Betriebs oder der Verf\u00fcgbarkeit der Website. In keinem Fall haften wir f\u00fcr direkte, indirekte, zuf\u00e4llige, spezielle oder Folgesch\u00e4den, die sich aus der Nutzung oder der Unf\u00e4higkeit zur Nutzung der Website ergeben.<\/p>\n\n\n\n<p><strong>6. \u00c4nderungen der Bedingungen<\/strong><\/p>\n\n\n\n<p>Wir behalten uns das Recht vor, diese Nutzungsbedingungen jederzeit ohne vorherige Ank\u00fcndigung zu aktualisieren. Die fortgesetzte Nutzung der Website nach \u00c4nderungen gilt als Zustimmung zu den neuen Bedingungen.<\/p>\n\n\n\n<p>Wenn du Fragen zu diesen Nutzungsbedingungen hast, <a href=\"https:\/\/sarms-sport.com\/it\/contatto\/\">kontaktiere<\/a> uns bitte.<\/p>\n","protected":false},"excerpt":{"rendered":"<p>Willkommen auf unserer Website. Durch den Zugriff auf diese Website erkl\u00e4rst du dich mit diesen Nutzungsbedingungen, unserer Datenschutzerkl\u00e4rung sowie allen zus\u00e4tzlichen Bedingungen einverstanden, die f\u00fcr bestimmte Bereiche der Website oder f\u00fcr Produkte und Dienstleistungen gelten, die \u00fcber die Website oder von uns angeboten werden. Wenn du diesen Bedingungen nicht zustimmst, nutze bitte diese Website nicht. [&hellip;]<\/p>\n","protected":false},"author":1,"featured_media":0,"parent":0,"menu_order":0,"comment_status":"closed","ping_status":"closed","template":"","meta":{"_acf_changed":false,"footnotes":""},"class_list":["post-1077","page","type-page","status-publish","hentry"],"acf":[],"_links":{"self":[{"href":"https:\/\/sarms-sport.com\/it\/wp-json\/wp\/v2\/pages\/1077","targetHints":{"allow":["GET"]}}],"collection":[{"href":"https:\/\/sarms-sport.com\/it\/wp-json\/wp\/v2\/pages"}],"about":[{"href":"https:\/\/sarms-sport.com\/it\/wp-json\/wp\/v2\/types\/page"}],"author":[{"embeddable":true,"href":"https:\/\/sarms-sport.com\/it\/wp-json\/wp\/v2\/users\/1"}],"replies":[{"embeddable":true,"href":"https:\/\/sarms-sport.com\/it\/wp-json\/wp\/v2\/comments?post=1077"}],"version-history":[{"count":3,"href":"https:\/\/sarms-sport.com\/it\/wp-json\/wp\/v2\/pages\/1077\/revisions"}],"predecessor-version":[{"id":1383,"href":"https:\/\/sarms-sport.com\/it\/wp-json\/wp\/v2\/pages\/1077\/revisions\/1383"}],"wp:attachment":[{"href":"https:\/\/sarms-sport.com\/it\/wp-json\/wp\/v2\/media?parent=1077"}],"curies":[{"name":"wp","href":"https:\/\/api.w.org\/{rel}","templated":true}]}}