{"id":1197,"date":"2025-04-29T15:23:21","date_gmt":"2025-04-29T13:23:21","guid":{"rendered":"https:\/\/sarms-sport.com\/andarino-zillt-medicine-andarine-s4\/"},"modified":"2025-12-25T17:56:06","modified_gmt":"2025-12-25T16:56:06","slug":"andarino-zillt-medicine-andarine-s4","status":"publish","type":"product","link":"https:\/\/sarms-sport.com\/it\/andarino-zillt-medicine-andarine-s4\/","title":{"rendered":"Andarino Zillt Medicine (Andarine S4)"},"content":{"rendered":"<table>\n<tbody>\n<tr>\n<td style=\"text-align: center;\"><strong>Nome<\/strong><\/td>\n<td style=\"text-align: center;\"><strong>Tipo<\/strong><\/td>\n<td style=\"text-align: center;\"><strong>Effetti principali<\/strong><\/td>\n<td style=\"text-align: center;\"><strong>Effetti collaterali<\/strong><\/td>\n<td style=\"text-align: center;\"><strong>Soppressione del testosterone<\/strong><\/td>\n<td style=\"text-align: center;\"><strong>Ciclo tipico<\/strong><\/td>\n<td style=\"text-align: center;\"><strong>Ideale per<\/strong><\/td>\n<td style=\"text-align: center;\"><strong>Emivita<\/strong><\/td>\n<td style=\"text-align: center;\"><strong>Onset (inizio effetti)<\/strong><\/td>\n<td style=\"text-align: center;\"><strong>PCT necessario<\/strong><\/td>\n<td style=\"text-align: center;\"><strong>Tossicit\u00e0<\/strong><\/td>\n<\/tr>\n<tr>\n<td style=\"text-align: center;\"><a href=\"https:\/\/sarms-sport.com\/it\/andarino-zillt-medicine-andarine-s4\/\"><strong>Andarine (S-4)<\/strong><\/a><\/td>\n<td>SARM<\/td>\n<td>Perdita di grasso, muscoli pi\u00f9 duri, aumento della forza<\/td>\n<td>Alterazioni visive<\/td>\n<td>Media<\/td>\n<td>6\u20138 settimane<\/td>\n<td>Cutting, ricomposizione<\/td>\n<td>~4 ore<\/td>\n<td>7\u201310 giorni<\/td>\n<td>S\u00ec<\/td>\n<td>Bassa<\/td>\n<\/tr>\n<tr>\n<td style=\"text-align: center;\"><a href=\"https:\/\/sarms-sport.com\/it\/cardarino-zillt-medicine-cardarine-gw-501516\/\"><strong>Cardarine (GW-501516)<\/strong><\/a><\/td>\n<td>Agonista PPAR\u03b4<\/td>\n<td>Aumento della resistenza, ossidazione dei grassi, miglior metabolismo<\/td>\n<td>Rischi potenziali ad alte dosi<\/td>\n<td>Nessuna<\/td>\n<td>6\u201312 settimane<\/td>\n<td>Cutting, resistenza<\/td>\n<td>16\u201324 ore<\/td>\n<td>3\u20135 giorni<\/td>\n<td>No<\/td>\n<td>Molto bassa<\/td>\n<\/tr>\n<tr>\n<td style=\"text-align: center;\"><a href=\"https:\/\/sarms-sport.com\/it\/ibutamoreno-zillt-medicine-ibutamoren-mk-677\/\"><strong>Ibutamoren (MK-677)<\/strong><\/a><\/td>\n<td>Secretagogo GH<\/td>\n<td>Aumenta GH\/IGF-1, recupero, migliora il sonno<\/td>\n<td>Aumento dell&#8217;appetito, ritenzione idrica<\/td>\n<td>Nessuna<\/td>\n<td>8\u201316 settimane<\/td>\n<td>Bulking, recupero<\/td>\n<td>20\u201324 ore<\/td>\n<td>5\u20137 giorni<\/td>\n<td>No<\/td>\n<td>Bassa<\/td>\n<\/tr>\n<tr>\n<td style=\"text-align: center;\"><a href=\"https:\/\/sarms-sport.com\/it\/ligandrolo-zillt-medicine-ligandrol-lgd-4033\/\"><strong>Ligandrol (LGD-4033)<\/strong><\/a><\/td>\n<td>SARM<\/td>\n<td>Aumento di massa e forza, migliore recupero<\/td>\n<td>Forte soppressione<\/td>\n<td>Alta<\/td>\n<td>6\u20138 settimane<\/td>\n<td>Bulking<\/td>\n<td>24\u201336 ore<\/td>\n<td>7\u201310 giorni<\/td>\n<td>S\u00ec<\/td>\n<td>Bassa<\/td>\n<\/tr>\n<tr>\n<td style=\"text-align: center;\"><a href=\"https:\/\/sarms-sport.com\/it\/ostarino-zillt-medicine-ostarine-mk-2866\/\"><strong>Ostarine (MK-2866)<\/strong><\/a><\/td>\n<td>SARM<\/td>\n<td>Aumento massa magra, supporto articolare, leggera ricomposizione<\/td>\n<td>Lieve soppressione<\/td>\n<td>Bassa<\/td>\n<td>6\u20138 settimane<\/td>\n<td>Ricomposizione<\/td>\n<td>24 ore<\/td>\n<td>10\u201314 giorni<\/td>\n<td>No<\/td>\n<td>Molto bassa<\/td>\n<\/tr>\n<tr>\n<td style=\"text-align: center;\"><a href=\"https:\/\/sarms-sport.com\/it\/s23-zillt-medicine-mastorin-s23\/\"><strong>Mastorin (S-23)<\/strong><\/a><\/td>\n<td>SARM potente<\/td>\n<td>Forza, muscoli duri e densi, forte effetto indurente<\/td>\n<td>Soppressione molto intensa<\/td>\n<td>Molto alta<\/td>\n<td>4\u20136 settimane<\/td>\n<td>Cutting avanzato, forza<\/td>\n<td>~12 ore<\/td>\n<td>3\u20137 giorni<\/td>\n<td>S\u00ec<\/td>\n<td>Moderata<\/td>\n<\/tr>\n<tr>\n<td style=\"text-align: center;\"><a href=\"https:\/\/sarms-sport.com\/it\/stenabolo-zillt-medicine-stenabolic-sr-9009\/\"><strong>Stenabolic (SR-9009)<\/strong><\/a><\/td>\n<td>Agonista Rev-ERB<\/td>\n<td>Aumento del metabolismo, perdita di grasso, resistenza<\/td>\n<td>Richiede dosi frequenti<\/td>\n<td>Nessuna<\/td>\n<td>6\u201310 settimane<\/td>\n<td>Cutting<\/td>\n<td>1\u20132 ore<\/td>\n<td>2\u20134 giorni<\/td>\n<td>No<\/td>\n<td>Molto bassa<\/td>\n<\/tr>\n<tr>\n<td style=\"text-align: center;\"><a href=\"https:\/\/sarms-sport.com\/it\/testolono-zillt-medicine-testolone-rad-140\/\"><strong>Testolone (RAD-140)<\/strong><\/a><\/td>\n<td>SARM<\/td>\n<td>Aumento della forza, massa muscolare, effetto anticatabolico<\/td>\n<td>Soppressione, irritabilit\u00e0<\/td>\n<td>Alta<\/td>\n<td>6\u20138 settimane<\/td>\n<td>Bulking, forza<\/td>\n<td>~60 ore<\/td>\n<td>5\u20137 giorni<\/td>\n<td>S\u00ec<\/td>\n<td>Bassa\u2013media<\/td>\n<\/tr>\n<tr>\n<td style=\"text-align: center;\"><a href=\"https:\/\/sarms-sport.com\/it\/yk-11-zillt-medicine-myostan-yk11\/\"><strong>Myostan (YK-11)<\/strong><\/a><\/td>\n<td>Inibitore della miostatina<\/td>\n<td>Aumento rapido della forza, ipertrofia accelerata, massa densa<\/td>\n<td>Stress epatico, aggressivit\u00e0<\/td>\n<td>Alta<\/td>\n<td>4\u20138 settimane<\/td>\n<td>Bulking, forza<\/td>\n<td>6\u201310 ore<\/td>\n<td>5\u20137 giorni<\/td>\n<td>S\u00ec<\/td>\n<td>Media\u2013alta<\/td>\n<\/tr>\n<\/tbody>\n<\/table>\n<h2>Che cos&#8217;\u00e8 S4 (Andarine)?<\/h2>\n<p>S4 Andarine \u00e8 uno dei modulatori selettivi dei recettori androgeni pi\u00f9 conosciuti e ampiamente utilizzati ed \u00e8 approvato dalla FDA. \u00c8 stato creato per proteggere la massa muscolare magra aumentando al contempo la perdita di grasso. Sebbene Andarine S4 sia stato inizialmente studiato per il deterioramento muscolare e l&#8217;osteoporosi, ha trovato una certa popolarit\u00e0 tra gli atleti anche per le sue propriet\u00e0 di miglioramento delle prestazioni<\/p>\n<p>\u00c8 stato dimostrato che determina un miglioramento del tono e della definizione muscolare senza gli effetti collaterali di ritenzione idrica degli steroidi anabolizzanti. In un&#8217;applicazione pratica, S4 produce tre importanti risultati:<\/p>\n<ul>\n<li>Andarine sintetizza le proteine a un ritmo pi\u00f9 elevato, portando a una riparazione e una crescita muscolare pi\u00f9 rapide dopo un allenamento.<\/li>\n<li>Invece di fare affidamento sull&#8217;energia derivante dall&#8217;assunzione di cibo, il corpo inizia a utilizzare i depositi di grasso accumulati per produrre energia e, allo stesso tempo, mantiene il tessuto muscolare.<\/li>\n<li>L&#8217;S4 favorisce la crescita ossea, che pu\u00f2 portare a una migliore resistenza e a una minore possibilit\u00e0 di infortuni durante l&#8217;allenamento intenso.<\/li>\n<\/ul>\n<p>\u00c8 selettivo, il che significa che, a differenza della maggior parte degli altri ormoni, si lega direttamente ai recettori muscolari e ossei piuttosto che influenzare il resto del sistema endocrino. Questa specificit\u00e0 \u00e8 ci\u00f2 che rende Andarine in vendita un&#8217;opzione estremamente interessante per coloro che cercano di aumentare l&#8217;aspetto della massa muscolare senza effetti collaterali.<\/p>\n<h2>Come funziona S4 (Andarine)<\/h2>\n<p>Quando si assume S4 Andarine, il composto inizia a legarsi ai recettori degli androgeni nelle ossa e nei muscoli. Questi recettori degli androgeni sono importanti per la crescita muscolare, la riparazione e il mantenimento della forza. Andarine attiver\u00e0 lo stesso tipo di attivit\u00e0 anabolica per cui \u00e8 noto il testosterone, senza molti degli effetti ormonali negativi.<\/p>\n<p>La caratteristica principale che distingue S4 dagli altri steroidi \u00e8 il modo in cui aumenta sia la forza che la definizione. S4 non solo aiuta ad aumentare la massa muscolare, ma aiuta anche il corpo a mantenere il tessuto magro e a bruciare i grassi. Questo \u00e8 il motivo per cui \u00e8 un SARM comune per i cicli di definizione, quando l&#8217;obiettivo \u00e8 quello di mantenere la forza acquisendo un aspetto pi\u00f9 definito e duro.<\/p>\n<p>Un altro aspetto interessante di Andarine \u00e8 il modo in cui influisce sulla densit\u00e0 ossea e sul potenziale recupero. \u00c8 molto utile per rafforzare le ossa se sei un atleta che solleva pesi pesanti o fa cardio ad alta intensit\u00e0. Poich\u00e9 Andarine ha un&#8217;emivita breve, gli utenti normalmente suddividono le dosi nell&#8217;arco della giornata per raggiungere livelli massimi e prestazioni costanti.<\/p>\n<h2>I principali vantaggi di S4 (Andarine)<\/h2>\n<p>Uno dei motivi principali per cui gli atleti scelgono di utilizzare Andarine S4 \u00e8 che pu\u00f2 dare loro risultati visibili senza farli sembrare gonfi. Fornisce il mantenimento della massa muscolare magra, ma rende il corpo pi\u00f9 tonico e dall&#8217;aspetto pi\u00f9 atletico. Ecco alcuni dei principali vantaggi di Andarine S4 per te:<\/p>\n<ol>\n<li><strong>Densit\u00e0 e definizione dei muscoli<\/strong><br \/>\nS4 fa apparire i muscoli asciutti, senza ritenzione idrica. La tua figura appare pi\u00f9 piena e la tua massa muscolare pi\u00f9 grande, in particolare durante un potenziale ciclo di definizione e aumento della massa. Ti permette di valorizzare ogni linea del tuo corpo.<\/li>\n<li><strong>Perdita di grasso<\/strong><br \/>\nAndarine pu\u00f2 consentire al corpo di bruciare i grassi in modo pi\u00f9 efficiente attraverso un metabolismo elevato. Il corpo inizier\u00e0 a bruciare i grassi come energia durante l&#8217;esercizio fisico e, allo stesso tempo, con l&#8217;aiuto di questo, potrai anche perdere grasso e mantenere i muscoli, il che \u00e8 molto benefico per il tuo corpo.<\/li>\n<li><strong>Sviluppo della massa muscolare magra<\/strong><br \/>\nA differenza di molti altri SARM, S4 promuove la generazione di nuovo tessuto muscolare anche quando sei in modalit\u00e0 di combustione dei grassi. Questo aiuta l&#8217;atleta a conservare la forza e la pienezza muscolare anche in condizioni di deficit calorico.<\/li>\n<li><strong>Aumento della forza<\/strong><br \/>\nI livelli di forza rimangono pi\u00f9 elevati con S4 che funziona come deficit calorico, anche se a un livello modesto per alcuni utenti. Gli atleti possono allenarsi pi\u00f9 duramente e in modo pi\u00f9 costante, anche mentre cercano di metabolizzare un deficit calorico per raggiungere obiettivi di magrezza.<\/li>\n<li><strong>Recupero pi\u00f9 rapido<\/strong><br \/>\nDopo l&#8217;allenamento, Andarine S4 SARM favorisce anche la capacit\u00e0 di recuperare pi\u00f9 rapidamente dal dolore muscolare. Facilita un trasporto pi\u00f9 rapido dell&#8217;ossigeno ai muscoli, il che pu\u00f2 ridurre l&#8217;indolenzimento e aiutare a tornare ad allenarsi pi\u00f9 rapidamente.<\/li>\n<li><strong>Mantenimento muscolare<\/strong><br \/>\nAndarine mantiene la massa muscolare attuale, a differenza di molti altri steroidi in fase di definizione. Ecco perch\u00e9 \u00e8 uno dei SARM pi\u00f9 affidabili in fase di preparazione, poich\u00e9 mantiene risultati &#8220;tonici&#8221; piuttosto che &#8220;voluminosi&#8221;.<\/li>\n<li><strong>Ritenzione idrica minima o nulla<\/strong><br \/>\nS4 non ha ritenzione idrica come gli anabolizzanti, quindi con Andarine rimani magro e asciutto. I tuoi guadagni possono essere osservati allo specchio.<\/li>\n<\/ol>\n<p>In generale, Andarine conferisce al corpo un aspetto pi\u00f9 snello, definito e potente senza i rischi associati agli steroidi. Ecco perch\u00e9 \u00e8 una scelta sicura per chiunque voglia migliorare il proprio aspetto.<\/p>\n<h2>Effetti collaterali di Andarine<\/h2>\n<p>Per quanto riguarda gli effetti collaterali di Andarine S4, la stragrande maggioranza degli utenti sperimenter\u00e0 effetti collaterali molto lievi nella maggior parte dei casi, se non addirittura nessuno, e solo per un breve periodo. Tuttavia, sapere cosa si andr\u00e0 a sperimentare \u00e8 utile per assumere il composto in modo sicuro e con fiducia:<\/p>\n<ol>\n<li><strong>Cambiamenti della vista<\/strong><br \/>\nAlcune persone hanno segnalato una leggera sfumatura gialla nella vista o difficolt\u00e0 ad adattarsi alla luce intensa. Ci\u00f2 \u00e8 dovuto al fatto che Andarine si lega ai recettori presenti negli occhi. Questo effetto non durer\u00e0 oltre il ciclo e non si verificher\u00e0 se si interrompe o si riduce il dosaggio.<\/li>\n<li><strong>Soppressione naturale del testosterone<\/strong><br \/>\nAndarine pu\u00f2 indurre una lieve soppressione del testosterone naturale. Questo accade con la maggior parte dei SARM, ma \u00e8 completamente reversibile. Un breve ciclo di PCT \u00e8 normalmente sufficiente per ripristinare l&#8217;equilibrio e la vitalit\u00e0 del testosterone.<\/li>\n<li><strong>Difficolt\u00e0 di sonno<\/strong><br \/>\nAlcuni atleti in ciclo avvertono una sensazione di sonno pi\u00f9 leggero. Tuttavia, l&#8217;idratazione, la dieta quotidiana e le abitudini di riposo sono per lo pi\u00f9 costanti. Questo di solito aiuta a dissipare questi sintomi.<\/li>\n<li><strong>Mal di testa o lieve irritabilit\u00e0<\/strong><br \/>\nNei primi giorni possono manifestarsi mal di testa o lievi cambiamenti di umore. Questi effetti collaterali durano solo per un breve periodo, fino a quando non ci si abitua al composto.<\/li>\n<li><strong>Affaticamento<\/strong><br \/>\nCon cicli di durata pi\u00f9 lunga, Andarine SARM pu\u00f2 aumentare progressivamente la stanchezza e diminuire la resistenza. I livelli di energia vengono normalmente ripristinati ai livelli di base utilizzando una dose minore del farmaco.<\/li>\n<\/ol>\n<p>S4 \u00e8 sicuramente uno dei SARM pi\u00f9 facili da gestire in termini di effetti collaterali. \u00c8 possibile trarre i benefici di Andarine sopportando il minor numero possibile di effetti collaterali se si assume la dose consigliata.<\/p>\n<h2>Dosaggio, durata del ciclo e uso sicuro di S4 (Andarine)<\/h2>\n<p>La giusta combinazione di dose e durata del ciclo render\u00e0 i risultati stabili e realizzabili. Andarine S4 in vendita sar\u00e0 interessante per gli utenti anche quando il budget \u00e8 limitato, perch\u00e9 pu\u00f2 aiutare a ridurre il grasso e definire i muscoli se applicato con determinazione.<\/p>\n<h3>Raccomandazioni sul dosaggio<\/h3>\n<p>Una volta iniziato l&#8217;allenamento, presta attenzione al dosaggio e alla tempistica. La maggior parte dei principianti ottiene risultati migliori non aumentando il dosaggio. Per la maggior parte delle persone, la dose ottimale \u00e8 di 25 mg due volte al giorno. Ci\u00f2 consente al corpo di adattarsi gradualmente all&#8217;Andarine e riduce i potenziali effetti collaterali. Una volta che inizi a sentirti a tuo agio con l&#8217;Andarine, puoi passare a un dosaggio leggermente pi\u00f9 elevato di Andarine S4, ma un dosaggio eccessivo pu\u00f2 irritare il corpo.<\/p>\n<h3>Durata del ciclo<\/h3>\n<p>Per la maggior parte degli utenti, 6-8 settimane sono sufficienti per ottenere risultati concreti con il ciclo di S4 Andarine. Potrebbe essere allettante prolungare il ciclo, ma sforzare inutilmente il sistema porta pochi benefici. Sii costante e assumi le dosi alla stessa ora ogni giorno per un effetto pi\u00f9 stabile. Pi\u00f9 sarai costante, pi\u00f9 il tuo corpo risponder\u00e0 in modo prevedibile.<\/p>\n<h3>Consigli per un uso sicuro<\/h3>\n<p>Quando acquisti Andarine, tieni presente che il tuo corpo sta lavorando pi\u00f9 del dovuto con questo farmaco. Fornire il giusto supporto al corpo pu\u00f2 aiutarti a migliorare le tue possibilit\u00e0 di ottenere risultati migliori e un maggiore benessere.<\/p>\n<ul>\n<li>Dormi bene la notte, perch\u00e9 \u00e8 importante per la riparazione muscolare e per un equilibrio ormonale ottimale.<\/li>\n<li>Bevi molta acqua durante il giorno. Questo faciliter\u00e0 il trasporto dei nutrienti, aiuter\u00e0 a combattere la fatica e previene i crampi.<\/li>\n<li>Assumi abbastanza calorie, con molte proteine, grassi buoni e carboidrati complessi per darti energia e aiutarti a costruire muscoli.<\/li>\n<\/ul>\n<p>Sviluppando queste abitudini, raggiungerai il tuo obiettivo di costruire massa muscolare magra e definizione. Inoltre, manterrai intatta la tua salute e renderai il ciclo pi\u00f9 tollerabile.<\/p>\n<h2>S4 Stacking: cosa funziona e cosa no<\/h2>\n<p>L&#8217;accumulo con altre sostanze pu\u00f2 darti pi\u00f9 risultati con S4 Andarine se sai come farlo nel modo giusto. In generale, S4 si accumula bene con composti pi\u00f9 lievi per l&#8217;aumento di massa o il taglio, e aiuta a perdere grasso preservando la massa muscolare magra.<\/p>\n<h3>Cosa funziona<\/h3>\n<p>Andarine \u00e8 popolare e ti dar\u00e0 i migliori risultati se combinato con Testosterone Enanthate a basso dosaggio o SARM di seconda generazione pi\u00f9 lievi come MK-2866 Ostarine e LGD-4033 Ligandrol.<\/p>\n<h3>Cosa non funziona<\/h3>\n<p>Non tutte le combinazioni sono sicure o efficaci. Mescolare farmaci aggressivi o diversi SARM d&#8217;\u00e9lite come RAD-140 Testolone o YK-11 con S4 Andarine pu\u00f2 portare a un sovraccarico e a effetti collaterali pi\u00f9 forti. Gli atleti meno esperti dovrebbero limitarsi a uno o due farmaci aggiuntivi non aggressivi.<\/p>\n<p>L&#8217;equilibrio e il tempismo sono i fattori determinanti in questo caso. S4 Andarine pu\u00f2 anche essere utilizzato insieme a integratori compatibili come MK-677 Ibutamoren per il recupero o peptidi come BPC-157 per sostenere la salute e la guarigione delle articolazioni.<\/p>\n<h2>Errori comuni dei principianti nell&#8217;uso di S4 (Andarine)<\/h2>\n<p>Tutti gli atleti devono iniziare da qualche parte, ma quando si tratta di Andarine S4 in vendita, in particolare, ci\u00f2 che non si fa pu\u00f2 influire sui risultati e sulla sicurezza pi\u00f9 di ci\u00f2 che si fa. Di seguito sono riportati gli errori pi\u00f9 grandi da evitare come principianti.<\/p>\n<ul>\n<li><strong>Assumere immediatamente una dose troppo alta<\/strong><br \/>\nMolte persone che usano S4 sembrano pensare che pi\u00f9 alta \u00e8 la dose, pi\u00f9 velocemente si ottengono risultati, ma questo non vale per S4. La sostanza si accumula lentamente e aumentare troppo presto la dose pu\u00f2 causare effetti collaterali come disturbi della vista o stanchezza.<\/li>\n<li><strong>Superare la durata del ciclo<\/strong><br \/>\n\u00c8 meglio mantenere i cicli di Andarine S4 brevi, da 6 a 8 settimane. Non \u00e8 consigliabile prolungarli, nemmeno di una settimana, perch\u00e9 questo \u00e8 dannoso per gli ormoni, specialmente per le donne che assumono Andarine S4. Fai sempre una pausa per consentire al tuo corpo di riprendersi prima di proseguire dopo un ciclo.<\/li>\n<li><strong>Abbinare S4 a composti casuali<\/strong><br \/>\nAbbina S4 Andarine a composti compatibili. Se intendi utilizzare S4 per la perdita di grasso o il miglioramento delle prestazioni, \u00e8 meglio abbinarlo ad altri composti compatibili, poich\u00e9 S4 pu\u00f2 avere un forte impatto sui livelli di energia. \u00c8 meglio attenersi al ciclo standard di S4 Andarine e sperimentarlo solo se si ha gi\u00e0 esperienza con esso.<\/li>\n<li><strong>Cattiva alimentazione e tempi di recupero<\/strong><br \/>\nI SARM non stravolgeranno la tua dieta o il tuo sonno in modo consistente. L&#8217;S4 pu\u00f2 aiutare a bruciare il grasso corporeo e a rafforzare la massa muscolare magra, ma richiede tempo per recuperare. Dovresti mangiare pasti ricchi di proteine, bere molta acqua e dormire almeno 7 ore affinch\u00e9 i tuoi muscoli possano recuperare.<\/li>\n<li><strong>Ignorare gli effetti collaterali<\/strong><br \/>\nI problemi alla vista, insieme a vertigini e stanchezza estrema, sono segni che dovresti interrompere o ridurre l&#8217;assunzione. La maggior parte degli effetti collaterali scomparir\u00e0 subito dopo aver smesso di assumere il farmaco, e entrare in sintonia con il tuo corpo render\u00e0 ogni ciclo meno rischioso.<\/li>\n<\/ul>\n<p>Tutti commettono errori a un certo punto, in particolare se sono nuovi e hanno appena deciso di acquistare il composto S4 Andarine. Prenditi il tuo tempo, informati sui farmaci e ascolta il tuo corpo: questa \u00e8 la chiave del successo.<\/p>\n","protected":false},"excerpt":{"rendered":"<p>Nome Tipo Effetti principali Effetti collaterali Soppressione del testosterone Ciclo tipico Ideale per Emivita Onset (inizio effetti) PCT necessario Tossicit\u00e0 Andarine (S-4) SARM Perdita di grasso, muscoli pi\u00f9 duri, aumento della forza Alterazioni visive Media 6\u20138 settimane Cutting, ricomposizione ~4 ore 7\u201310 giorni S\u00ec Bassa Cardarine (GW-501516) Agonista PPAR\u03b4 Aumento della resistenza, ossidazione dei grassi, [&hellip;]<\/p>\n","protected":false},"featured_media":395,"comment_status":"open","ping_status":"closed","template":"","meta":{"_acf_changed":false},"product_brand":[],"product_cat":[48,40],"product_tag":[],"class_list":{"0":"post-1197","1":"product","2":"type-product","3":"status-publish","4":"has-post-thumbnail","6":"product_cat-sarms","7":"product_cat-unkategorisiert-it","9":"first","10":"instock","11":"shipping-taxable","12":"purchasable","13":"product-type-variable"},"acf":[],"_links":{"self":[{"href":"https:\/\/sarms-sport.com\/it\/wp-json\/wp\/v2\/product\/1197","targetHints":{"allow":["GET"]}}],"collection":[{"href":"https:\/\/sarms-sport.com\/it\/wp-json\/wp\/v2\/product"}],"about":[{"href":"https:\/\/sarms-sport.com\/it\/wp-json\/wp\/v2\/types\/product"}],"replies":[{"embeddable":true,"href":"https:\/\/sarms-sport.com\/it\/wp-json\/wp\/v2\/comments?post=1197"}],"wp:featuredmedia":[{"embeddable":true,"href":"https:\/\/sarms-sport.com\/it\/wp-json\/wp\/v2\/media\/395"}],"wp:attachment":[{"href":"https:\/\/sarms-sport.com\/it\/wp-json\/wp\/v2\/media?parent=1197"}],"wp:term":[{"taxonomy":"product_brand","embeddable":true,"href":"https:\/\/sarms-sport.com\/it\/wp-json\/wp\/v2\/product_brand?post=1197"},{"taxonomy":"product_cat","embeddable":true,"href":"https:\/\/sarms-sport.com\/it\/wp-json\/wp\/v2\/product_cat?post=1197"},{"taxonomy":"product_tag","embeddable":true,"href":"https:\/\/sarms-sport.com\/it\/wp-json\/wp\/v2\/product_tag?post=1197"}],"curies":[{"name":"wp","href":"https:\/\/api.w.org\/{rel}","templated":true}]}}