{"id":1203,"date":"2025-05-05T13:43:25","date_gmt":"2025-05-05T11:43:25","guid":{"rendered":"https:\/\/sarms-sport.com\/ibutamoreno-zillt-medicine-ibutamoren-mk-677\/"},"modified":"2025-12-25T17:56:36","modified_gmt":"2025-12-25T16:56:36","slug":"ibutamoreno-zillt-medicine-ibutamoren-mk-677","status":"publish","type":"product","link":"https:\/\/sarms-sport.com\/it\/ibutamoreno-zillt-medicine-ibutamoren-mk-677\/","title":{"rendered":"Ibutamoreno Zillt Medicine (Ibutamoren MK-677)"},"content":{"rendered":"<table>\n<tbody>\n<tr>\n<td style=\"text-align: center;\"><strong>Nome<\/strong><\/td>\n<td style=\"text-align: center;\"><strong>Tipo<\/strong><\/td>\n<td style=\"text-align: center;\"><strong>Effetti principali<\/strong><\/td>\n<td style=\"text-align: center;\"><strong>Effetti collaterali<\/strong><\/td>\n<td style=\"text-align: center;\"><strong>Soppressione del testosterone<\/strong><\/td>\n<td style=\"text-align: center;\"><strong>Ciclo tipico<\/strong><\/td>\n<td style=\"text-align: center;\"><strong>Ideale per<\/strong><\/td>\n<td style=\"text-align: center;\"><strong>Emivita<\/strong><\/td>\n<td style=\"text-align: center;\"><strong>Onset (inizio effetti)<\/strong><\/td>\n<td style=\"text-align: center;\"><strong>PCT necessario<\/strong><\/td>\n<td style=\"text-align: center;\"><strong>Tossicit\u00e0<\/strong><\/td>\n<\/tr>\n<tr>\n<td style=\"text-align: center;\"><a href=\"https:\/\/sarms-sport.com\/it\/andarino-zillt-medicine-andarine-s4\/\"><strong>Andarine (S-4)<\/strong><\/a><\/td>\n<td>SARM<\/td>\n<td>Perdita di grasso, muscoli pi\u00f9 duri, aumento della forza<\/td>\n<td>Alterazioni visive<\/td>\n<td>Media<\/td>\n<td>6\u20138 settimane<\/td>\n<td>Cutting, ricomposizione<\/td>\n<td>~4 ore<\/td>\n<td>7\u201310 giorni<\/td>\n<td>S\u00ec<\/td>\n<td>Bassa<\/td>\n<\/tr>\n<tr>\n<td style=\"text-align: center;\"><a href=\"https:\/\/sarms-sport.com\/it\/cardarino-zillt-medicine-cardarine-gw-501516\/\"><strong>Cardarine (GW-501516)<\/strong><\/a><\/td>\n<td>Agonista PPAR\u03b4<\/td>\n<td>Aumento della resistenza, ossidazione dei grassi, miglior metabolismo<\/td>\n<td>Rischi potenziali ad alte dosi<\/td>\n<td>Nessuna<\/td>\n<td>6\u201312 settimane<\/td>\n<td>Cutting, resistenza<\/td>\n<td>16\u201324 ore<\/td>\n<td>3\u20135 giorni<\/td>\n<td>No<\/td>\n<td>Molto bassa<\/td>\n<\/tr>\n<tr>\n<td style=\"text-align: center;\"><a href=\"https:\/\/sarms-sport.com\/it\/ibutamoreno-zillt-medicine-ibutamoren-mk-677\/\"><strong>Ibutamoren (MK-677)<\/strong><\/a><\/td>\n<td>Secretagogo GH<\/td>\n<td>Aumenta GH\/IGF-1, recupero, migliora il sonno<\/td>\n<td>Aumento dell&#8217;appetito, ritenzione idrica<\/td>\n<td>Nessuna<\/td>\n<td>8\u201316 settimane<\/td>\n<td>Bulking, recupero<\/td>\n<td>20\u201324 ore<\/td>\n<td>5\u20137 giorni<\/td>\n<td>No<\/td>\n<td>Bassa<\/td>\n<\/tr>\n<tr>\n<td style=\"text-align: center;\"><a href=\"https:\/\/sarms-sport.com\/it\/ligandrolo-zillt-medicine-ligandrol-lgd-4033\/\"><strong>Ligandrol (LGD-4033)<\/strong><\/a><\/td>\n<td>SARM<\/td>\n<td>Aumento di massa e forza, migliore recupero<\/td>\n<td>Forte soppressione<\/td>\n<td>Alta<\/td>\n<td>6\u20138 settimane<\/td>\n<td>Bulking<\/td>\n<td>24\u201336 ore<\/td>\n<td>7\u201310 giorni<\/td>\n<td>S\u00ec<\/td>\n<td>Bassa<\/td>\n<\/tr>\n<tr>\n<td style=\"text-align: center;\"><a href=\"https:\/\/sarms-sport.com\/it\/ostarino-zillt-medicine-ostarine-mk-2866\/\"><strong>Ostarine (MK-2866)<\/strong><\/a><\/td>\n<td>SARM<\/td>\n<td>Aumento massa magra, supporto articolare, leggera ricomposizione<\/td>\n<td>Lieve soppressione<\/td>\n<td>Bassa<\/td>\n<td>6\u20138 settimane<\/td>\n<td>Ricomposizione<\/td>\n<td>24 ore<\/td>\n<td>10\u201314 giorni<\/td>\n<td>No<\/td>\n<td>Molto bassa<\/td>\n<\/tr>\n<tr>\n<td style=\"text-align: center;\"><a href=\"https:\/\/sarms-sport.com\/it\/s23-zillt-medicine-mastorin-s23\/\"><strong>Mastorin (S-23)<\/strong><\/a><\/td>\n<td>SARM potente<\/td>\n<td>Forza, muscoli duri e densi, forte effetto indurente<\/td>\n<td>Soppressione molto intensa<\/td>\n<td>Molto alta<\/td>\n<td>4\u20136 settimane<\/td>\n<td>Cutting avanzato, forza<\/td>\n<td>~12 ore<\/td>\n<td>3\u20137 giorni<\/td>\n<td>S\u00ec<\/td>\n<td>Moderata<\/td>\n<\/tr>\n<tr>\n<td style=\"text-align: center;\"><a href=\"https:\/\/sarms-sport.com\/it\/stenabolo-zillt-medicine-stenabolic-sr-9009\/\"><strong>Stenabolic (SR-9009)<\/strong><\/a><\/td>\n<td>Agonista Rev-ERB<\/td>\n<td>Aumento del metabolismo, perdita di grasso, resistenza<\/td>\n<td>Richiede dosi frequenti<\/td>\n<td>Nessuna<\/td>\n<td>6\u201310 settimane<\/td>\n<td>Cutting<\/td>\n<td>1\u20132 ore<\/td>\n<td>2\u20134 giorni<\/td>\n<td>No<\/td>\n<td>Molto bassa<\/td>\n<\/tr>\n<tr>\n<td style=\"text-align: center;\"><a href=\"https:\/\/sarms-sport.com\/it\/testolono-zillt-medicine-testolone-rad-140\/\"><strong>Testolone (RAD-140)<\/strong><\/a><\/td>\n<td>SARM<\/td>\n<td>Aumento della forza, massa muscolare, effetto anticatabolico<\/td>\n<td>Soppressione, irritabilit\u00e0<\/td>\n<td>Alta<\/td>\n<td>6\u20138 settimane<\/td>\n<td>Bulking, forza<\/td>\n<td>~60 ore<\/td>\n<td>5\u20137 giorni<\/td>\n<td>S\u00ec<\/td>\n<td>Bassa\u2013media<\/td>\n<\/tr>\n<tr>\n<td style=\"text-align: center;\"><a href=\"https:\/\/sarms-sport.com\/it\/yk-11-zillt-medicine-myostan-yk11\/\"><strong>Myostan (YK-11)<\/strong><\/a><\/td>\n<td>Inibitore della miostatina<\/td>\n<td>Aumento rapido della forza, ipertrofia accelerata, massa densa<\/td>\n<td>Stress epatico, aggressivit\u00e0<\/td>\n<td>Alta<\/td>\n<td>4\u20138 settimane<\/td>\n<td>Bulking, forza<\/td>\n<td>6\u201310 ore<\/td>\n<td>5\u20137 giorni<\/td>\n<td>S\u00ec<\/td>\n<td>Media\u2013alta<\/td>\n<\/tr>\n<\/tbody>\n<\/table>\n<h2>Che cos&#8217;\u00e8 l&#8217;Ibutamoren (MK-677)<\/h2>\n<p>Ibutamoren MK 677 \u00e8 un composto sintetico che stimola la produzione dell&#8217;ormone della crescita endogeno legandosi al recettore della grelina. Non rientra nella comune categoria dei SARM, ma viene spesso paragonato a essi per la somiglianza degli argomenti trattati; tuttavia, come composto, \u00e8 unico nel suo genere.<\/p>\n<p>Il farmaco \u00e8 caratterizzato da un&#8217;azione terapeutica prolungata per diverse ore dopo la somministrazione orale. MK-677 in vendita rimane efficace per almeno 8 ore dopo la somministrazione. Questa caratteristica ha contribuito ad aumentare l&#8217;interesse per Ibutamoren, poich\u00e9 le persone vogliono conoscere i vari meccanismi d&#8217;azione dell&#8217;ormone della crescita.<\/p>\n<h2>Come funziona MK-677 Ibutamoren<\/h2>\n<p>Dopo aver scoperto cos&#8217;\u00e8 MK-677 Ibutamoren, \u00e8 il momento di passare a come funziona questo farmaco. La sua azione principale consiste nel funzionare attraverso i meccanismi del recettore della grelina. Quando questo recettore viene attivato, il corpo rilascia pi\u00f9 ormone della crescita con un ritmo pulsatile, che assomiglia a quello che avviene endogenamente. Visivamente, si pu\u00f2 pensare a questo come a un segnale ripetitivo trasmesso senza salti improvvisi nel flusso.<\/p>\n<p>Per spiegare in modo pi\u00f9 dettagliato come funziona il farmaco, ecco cinque semplici fatti sull&#8217;MK-677 in vendita che possono esservi d&#8217;aiuto:<\/p>\n<ul>\n<li>L&#8217;MK-677 trasmette un messaggio potente e costante attraverso il recettore della grelina che innesca la produzione di pi\u00f9 GH naturale.<\/li>\n<li>Ci\u00f2 si traduce in un modello di secrezione stabile, che dura molte ore.<\/li>\n<li>A causa del modello regolare di secrezione di GH, il corpo reagir\u00e0 aumentando i livelli di IGF-1 parallelamente al GH.<\/li>\n<li>Oltre a promuovere un aumento dei livelli di IGF-1, il segnale indotto dall&#8217;MK-677 attiva anche i centri dell&#8217;appetito nel cervello, quindi ci si aspetta che questo effetto induca un aumento dell&#8217;appetito.<\/li>\n<li>Data la lunga emivita dell&#8217;MK-677, avr\u00e0 un impatto prolungato e graduale piuttosto che rapide fluttuazioni nell&#8217;effetto.<\/li>\n<\/ul>\n<p>Con questo meccanismo d&#8217;azione, l&#8217;integratore MK-677 \u00e8 uno dei composti pi\u00f9 semplici da comprendere per quanto riguarda il suo effetto e la sua relazione con i sistemi ormonali naturali dell&#8217;organismo. Poich\u00e9 le sequenze fondamentali degli eventi sono molto simili ogni volta che lo si assume, si ottiene un risultato molto prevedibile e si pu\u00f2 avere un&#8217;idea chiara di ci\u00f2 che fa il farmaco.<\/p>\n<h2>Benefici dell&#8217;MK-677 Ibutamoren<\/h2>\n<p>Sebbene l&#8217;MK-677 non sia standard nel consumo occasionale, \u00e8 ampiamente utilizzato come terapia aggiuntiva in diverse condizioni mediche e nel bodybuilding. \u00c8 importante comprendere quali effetti positivi specifici ha sul corpo quando viene consumato. Di seguito sono elencati alcuni dei principali benefici dell&#8217;MK-677 Ibutamoren:<\/p>\n<ol>\n<li><strong>Supporta i livelli dell&#8217;ormone della crescita<\/strong><br \/>\nStimola la produzione dell&#8217;ormone della crescita nel corpo e il sistema continua a rilasciarlo durante il giorno. Con MK-677, le persone possono letteralmente osservare come l&#8217;ormone della crescita contribuisca quotidianamente alla riparazione e alle attivit\u00e0 metaboliche.<\/li>\n<li><strong>Recupero pi\u00f9 rapido<\/strong><br \/>\nPoich\u00e9 l&#8217;MK-677 ha anche un effetto sui livelli naturali dell&#8217;ormone della crescita e aiuta a mantenere questi livelli potenziati, \u00e8 possibile anche sperimentare tempi di recupero migliori dopo gli allenamenti. L&#8217;assunzione di MK-677 pu\u00f2 aiutare una vasta gamma di funzioni normali che contribuiscono a mantenere una sana omeostasi nel corpo.<\/li>\n<li><strong>Migliore qualit\u00e0 del sonno\u2002 <\/strong><br \/>\nIbutamoren MK-677 in vendita ha una doppia azione sulla melatonina cerebrale e sulla sua produzione naturale, che aumenta quando lo si assume. Pertanto, pu\u00f2 migliorare la qualit\u00e0 del sonno, nonch\u00e9 aumentare la concentrazione e l&#8217;energia.<\/li>\n<li><strong>Aumenta i livelli di IGF-1 <\/strong><br \/>\nL&#8217;IGF-1 agisce in sinergia con l&#8217;ormone della crescita per sostenere i tessuti e i muscoli del corpo. MK677 pu\u00f2 aumentare in modo persistente l&#8217;IGF-1, contribuendo cos\u00ec a mantenere i muscoli e i tessuti del corpo che rafforzano l&#8217;azione positiva dell&#8217;ormone della crescita nel mantenimento dei muscoli e dei tessuti.<\/li>\n<li><strong>Pu\u00f2 dare risposte ormonali prevedibili<\/strong><br \/>\nMK677 offre un approccio ritmico al rilascio ormonale nell&#8217;arco di ore. Ci\u00f2 significa che \u00e8 possibile osservare come il corpo risponde ad esso senza cali imprevisti dei livelli ormonali.<\/li>\n<li><strong>Migliora la densit\u00e0 e la resistenza ossea<\/strong><br \/>\nPu\u00f2 offrire un supporto indiretto alla densit\u00e0 e alla resistenza ossea attraverso la sua influenza sull&#8217;IGF-1 e sull&#8217;ormone della crescita. Ci\u00f2 significa che otterrai stabilit\u00e0 al tuo sistema scheletrico, non solo un effetto sui muscoli. Pu\u00f2 aiutare il corpo a mantenere la sua struttura scheletrica con il passare del tempo.<\/li>\n<li><strong>Aumenta l&#8217;appetito<\/strong><br \/>\nCome accennato in precedenza, MK677 agisce sul recettore della grelina, che gestisce l&#8217;appetito. Poich\u00e9 MK677 agisce sulle vie di segnalazione del corpo, potreste sentire pi\u00f9 fame.<\/li>\n<\/ol>\n<p>Quando acquisti dal nostro negozio il farmaco a un prezzo ragionevole, puoi vedere e anticipare questo effetto. L&#8217;MK677 \u00e8 unico rispetto ad altre sostanze in termini di effetti sui composti che influenzano le vie dell&#8217;ormone della crescita.<\/p>\n<h2>Effetti collaterali dell&#8217;Ibutamoren (MK-677)<\/h2>\n<p>Sebbene i risultati dell&#8217;MK-677 siano in qualche modo prevedibili, dato che l&#8217;applicazione principale di questo farmaco \u00e8 quella di aumentare i livelli dell&#8217;ormone della crescita, ci sono altre situazioni in cui il corpo pu\u00f2 rispondere all&#8217;MK-677. In realt\u00e0, sapendo come reagir\u00e0 il tuo corpo, puoi prepararti agli effetti collaterali comuni dell&#8217;MK-677 Ibutamoren:<\/p>\n<ol>\n<li><strong>Disturbi del sonno<\/strong><br \/>\nDisturbi del sonno e insonnia sono disturbi comuni tra gli utenti. L&#8217;MK-677 induce tecnicamente il corpo a entrare in una fase catabolica durante le prime settimane, aumentando i livelli dell&#8217;ormone della crescita. Alcuni si sentono pi\u00f9 stanchi del solito, ma si tratta molto probabilmente di effetti temporanei dovuti alla fase iniziale di turbolenza ormonale, che non avranno effetti a lungo termine.<\/li>\n<li><strong>Aumento di peso<\/strong><br \/>\nL&#8217;MK-677 tende a causare un aumento del peso corporeo a causa delle sue propriet\u00e0 che stimolano l&#8217;appetito. Quando si assume l&#8217;MK-677, \u00e8 normale sperimentare un forte aumento delle calorie rispetto a quando non lo si assume, quindi siate preparati a questo.<\/li>\n<li><strong>Maggiore rischio di diabete di tipo 2<\/strong><br \/>\nCome molti altri farmaci che stimolano l&#8217;ormone della crescita, esiste il rischio di diabete durante l&#8217;assunzione di MK-677. Ci\u00f2 \u00e8 dovuto al modo in cui livelli elevati di ormone della crescita influenzano la sensibilit\u00e0 all&#8217;insulina. Gli atleti che lo assumono a lungo termine possono avere livelli elevati di insulina nel sangue.<\/li>\n<li><strong>Fastidio alle articolazioni<\/strong><br \/>\nUn piccolo numero di utenti che decidono di acquistare MK-677 Ibutamoren online riferisce un temporaneo disagio articolare, come rigidit\u00e0 o indolenzimento. Ci\u00f2 pu\u00f2 verificarsi a causa di cambiamenti nei livelli dei liquidi o nei tessuti, ma in genere \u00e8 di lieve entit\u00e0. Il disagio fornisce alcune indicazioni sulla risposta del corpo all&#8217;aumento dei livelli di GH.<\/li>\n<li><strong>Sonno pi\u00f9 lungo<\/strong><br \/>\nPu\u00f2 sembrare controverso, ma alcuni utenti potrebbero non soffrire di insonnia, bens\u00ec avere un sonno pi\u00f9 lungo e profondo. Questi effetti indicano la relazione tra MK-677 e i ritmi circadiani e i sistemi ormonali del corpo.<\/li>\n<\/ol>\n<p>Tutti questi effetti sono generalmente lievi e durano solo per un breve periodo. Tutti forniscono prove di come il composto influisca sui sistemi ormonali dell&#8217;organismo. Osservare questi effetti collaterali dell&#8217;MK-677 ti aiuter\u00e0 a capire come funziona il composto e come ti influenzer\u00e0 biologicamente.<\/p>\n<h2>MK-677 (Ibutamoren) Dosaggio, durata del ciclo e uso sicuro<\/h2>\n<p>Per comprendere come agisce MK677 su di te, dovresti considerare quale sarebbe il normale intervallo di attivit\u00e0 del farmaco e quanto sia sicuro assumerlo. Pi\u00f9 comprendi come questi elementi si inseriscono nel quadro generale di come i SARM MK 677 influenzano i sistemi ormonali dell&#8217;organismo, pi\u00f9 potrai capire perch\u00e9 alcuni cambiamenti sembrano richiedere pi\u00f9 tempo per manifestarsi invece che avvenire dall&#8217;oggi al domani.<\/p>\n<h3>Dosaggio raccomandato<\/h3>\n<p>Una buona dose efficace \u00e8 di circa 10-20 mg al giorno per MK677, ma gli utenti esperti arrivano fino a 20-25 mg al giorno per ottenere un effetto a lungo termine dal composto. Otterrai i risultati di MK-677 in base all&#8217;aumento dei livelli dell&#8217;ormone della crescita o dell&#8217;ormone IGF-1 entro 3-5 giorni, anche se sperimenterai un aumento significativo dopo 1-2 settimane. Cosa ancora pi\u00f9 importante, i guadagni graduali in questi periodi di tempo sono costanti, il che consente di monitorare i progressi con MK-677 in modo piuttosto semplice.<\/p>\n<h3>Durata del ciclo<\/h3>\n<p>La durata del ciclo di MK-677 per l&#8217;effetto bruciagrassi pu\u00f2 essere da 8 a 12 settimane, mentre per la ricomposizione si consiglia di assumere il farmaco per 16-24 settimane. L&#8217;attivit\u00e0 degli ormoni durante il trattamento con MK-677 \u00e8 relativamente stabile, quindi non ci sono fluttuazioni di questo tipo e il modello generale dei cambiamenti \u00e8 pi\u00f9 facile da interpretare. Questo modello lento riflette il modo in cui un atleta pu\u00f2 adattarsi e rimanere in equilibrio.<\/p>\n<h3>Consigli per un uso sicuro<\/h3>\n<p>Quando si pensa di acquistare MK-677 online, \u00e8 bene prestare attenzione a come il corpo potrebbe reagire al farmaco. I cambiamenti nel sonno possono influenzare i livelli di energia in molti modi diversi e, come i cambiamenti energetici, anche i cambiamenti nel sonno possono indicare le prestazioni complessive dell&#8217;utente. Quindi, \u00e8 meglio tenere d&#8217;occhio gli aspetti menzionati, poich\u00e9 possono aiutarti a osservare come il tuo corpo viene influenzato e darti la possibilit\u00e0 di sperimentare al meglio i benefici.<\/p>\n<p>In questa panoramica su MK-677 Ibutamoren, vogliamo fornire i consigli principali per un uso sicuro di questo farmaco, in modo da poter completare efficacemente il ciclo:<\/p>\n<ul>\n<li>Tieni traccia dei tuoi schemi di sonno, perch\u00e9 l&#8217;MK-677 pu\u00f2 influenzare il modo in cui dormi.<\/li>\n<li>Tieni traccia di come ti senti, in particolare se sei rigido o hai un leggero dolore, e monitora anche come ti senti da un giorno alla fine del ciclo.<\/li>\n<li>Assicuratevi anche di monitorare i vostri livelli di energia durante il giorno, in modo da sapere come il corpo reagisce all&#8217;MK-677 e per aiutare a individuare eventuali effetti collaterali il prima possibile.<\/li>\n<li>Siate pronti al fatto che potreste avere una lieve ritenzione idrica nelle gambe, nei piedi o nelle dita, ma \u00e8 normale.<\/li>\n<li>Acquista farmaci al miglior prezzo MK-677 Ibutamoren solo da negozi affidabili come il nostro, per evitare farmaci contraffatti e ottenere risultati sorprendenti.<\/li>\n<\/ul>\n<p>Seguire questi consigli ti aiuter\u00e0 a comprendere gli effetti a lungo termine dell&#8217;MK-677 su di te. Presta sempre attenzione ai piccoli cambiamenti nel tuo corpo, questo ti render\u00e0 pi\u00f9 consapevole del tuo stato fisico e ti aiuter\u00e0 a notare eventuali effetti non appena si verificano.<\/p>\n<h2>Ibutamoren MK-677 in combinazione con altri composti<\/h2>\n<p>Il modo pi\u00f9 diffuso \u00e8 acquistare MK-677 Ibutamoren online e combinarlo con Ostarine (MK-2866). Ostarine ha sempre dimostrato di mantenere la massa muscolare ed entrambi i prodotti combinati potrebbero causare diversi livelli di ripristino, con un&#8217;attivit\u00e0 ormonale aggiuntiva come risultato della loro influenza su diversi sistemi corporei. In questo caso, MK-677 \u00e8 correlato al suo aumento delle prestazioni dei livelli dell&#8217;ormone della crescita e del fattore di crescita insulino-simile, mentre Ostarine \u00e8 collegato alle sue prestazioni con gli androgeni tramite il recettore degli androgeni.<\/p>\n<p>Un ulteriore esempio di sostanza che si ritiene sia collegata all&#8217;aumento della massa muscolare \u00e8 il Ligandrol (LGD-4033). Si presume che la doppia azione dei due prodotti, MK-677 e Ligandrol, fornisca i migliori risultati attraverso processi ormonali e muscolari. Sebbene entrambi abbiano dimostrato di aumentare significativamente i livelli di testosterone, Ligandrol ha un impatto diretto sul tessuto muscolare. Se abbinati, Ligandrol e MK-677 (Ibutamoren) ci danno un quadro chiaro di come possiamo influenzare l&#8217;adattamento e il recupero dal punto di vista sportivo.<\/p>\n<p>Il GW-501516 (Cardarine) viene talvolta associato ad altre sostanze chimiche in termini di effetto sulla resistenza e sui sistemi energetici. Il Cardarine agisce su recettori diversi rispetto all&#8217;Ibutamoren. Tuttavia, il confronto tra MK 677 prima e dopo con Cardarine pu\u00f2 far luce sull&#8217;interazione di alcuni dei percorsi ormonali. Pi\u00f9 raramente, MK-677 pu\u00f2 anche essere combinato con Andarine (S4) e Nutrobal (MK-677) per scopi di costruzione dei tessuti.<\/p>\n<h2>Errori comuni dei principianti nell&#8217;uso di Ibutamoren (MK-677)<\/h2>\n<p>A causa di questo graduale aumento dell&#8217;attivit\u00e0, chi acquista MK 677 per la prima volta fraintende completamente come assumere correttamente il farmaco e commette errori tipici. In seguito, pu\u00f2 confondere ci\u00f2 che sta accadendo con le proprie naturali reazioni corporee.<\/p>\n<ol>\n<li><strong>Aspettarsi effetti immediati<\/strong><br \/>\nIl motivo per cui MK-677 \u00e8 ottimo \u00e8 che agisce gradualmente nel corso del trattamento e migliora notevolmente il recupero e il mantenimento dei tessuti, tanto che quando finalmente si arriva al risultato, si nota il miglioramento. Ad esempio, se un principiante assume MK-677 per una settimana e si scoraggia perch\u00e9 non sente alcuna differenza, potrebbe avere l&#8217;impressione che non funzioni.<\/li>\n<li><strong>Ignorare i segnali del corpo<\/strong><br \/>\nPotrebbe anche essere necessario un aumento dell&#8217;appetito insieme a una lieve ritenzione idrica e a una stanchezza di breve durata, ma non \u00e8 comune. Non ignorare questi segnali provenienti dal tuo corpo. Ti aiuteranno a sperimentare gli effetti naturali dopo aver assunto MK-677.<\/li>\n<li><strong>Mancanza di costanza<\/strong><br \/>\nMK 677 Ibutamoren ha un&#8217;emivita relativamente lunga e i suoi effetti possono essere attribuiti a un livello ormonale costante e prolungato. Tuttavia, un uso incostante degli intervalli di tempo o il passaggio da un programma di assunzione giornaliero a uno intermittente potrebbero impedirti di notare dei cambiamenti.<\/li>\n<li><strong>Interpretazione eccessiva degli effetti collaterali<\/strong><br \/>\nAumento dell&#8217;appetito, lieve affaticamento e dolori articolari sono effetti tipici dell&#8217;MK-677. Si tratta solo di normali risposte fisiologiche e non sono indicative di un problema con il composto.<\/li>\n<li><strong>Trascurare uno stile di vita sano<\/strong><br \/>\nLa qualit\u00e0 della dieta, la qualit\u00e0 del sonno e la quantit\u00e0 di esercizio fisico influiscono sul modo in cui il corpo reagisce all&#8217;MK-677. Se si trascura lo stile di vita in generale, probabilmente non si noteranno molti cambiamenti o non se ne noteranno affatto.<\/li>\n<\/ol>\n<p>Molti nuovi utenti di Ibutamoren MK-677 tendono ad avere l&#8217;errata convinzione che ne sentiranno immediatamente gli effetti, e alcuni non colgono affatto i sottili segnali che indicano quando il composto sta agendo. Uno stile di vita coerente e una visione d&#8217;insieme di ci\u00f2 che fai possono fornirti una comprensione pi\u00f9 chiara di come MK-677 possa adattarsi al meglio al tuo regime sportivo.<\/p>\n","protected":false},"excerpt":{"rendered":"<p>Nome Tipo Effetti principali Effetti collaterali Soppressione del testosterone Ciclo tipico Ideale per Emivita Onset (inizio effetti) PCT necessario Tossicit\u00e0 Andarine (S-4) SARM Perdita di grasso, muscoli pi\u00f9 duri, aumento della forza Alterazioni visive Media 6\u20138 settimane Cutting, ricomposizione ~4 ore 7\u201310 giorni S\u00ec Bassa Cardarine (GW-501516) Agonista PPAR\u03b4 Aumento della resistenza, ossidazione dei grassi, [&hellip;]<\/p>\n","protected":false},"featured_media":697,"comment_status":"open","ping_status":"closed","template":"","meta":{"_acf_changed":false},"product_brand":[],"product_cat":[48],"product_tag":[],"class_list":{"0":"post-1203","1":"product","2":"type-product","3":"status-publish","4":"has-post-thumbnail","6":"product_cat-sarms","8":"first","9":"instock","10":"shipping-taxable","11":"purchasable","12":"product-type-variable"},"acf":[],"_links":{"self":[{"href":"https:\/\/sarms-sport.com\/it\/wp-json\/wp\/v2\/product\/1203","targetHints":{"allow":["GET"]}}],"collection":[{"href":"https:\/\/sarms-sport.com\/it\/wp-json\/wp\/v2\/product"}],"about":[{"href":"https:\/\/sarms-sport.com\/it\/wp-json\/wp\/v2\/types\/product"}],"replies":[{"embeddable":true,"href":"https:\/\/sarms-sport.com\/it\/wp-json\/wp\/v2\/comments?post=1203"}],"wp:featuredmedia":[{"embeddable":true,"href":"https:\/\/sarms-sport.com\/it\/wp-json\/wp\/v2\/media\/697"}],"wp:attachment":[{"href":"https:\/\/sarms-sport.com\/it\/wp-json\/wp\/v2\/media?parent=1203"}],"wp:term":[{"taxonomy":"product_brand","embeddable":true,"href":"https:\/\/sarms-sport.com\/it\/wp-json\/wp\/v2\/product_brand?post=1203"},{"taxonomy":"product_cat","embeddable":true,"href":"https:\/\/sarms-sport.com\/it\/wp-json\/wp\/v2\/product_cat?post=1203"},{"taxonomy":"product_tag","embeddable":true,"href":"https:\/\/sarms-sport.com\/it\/wp-json\/wp\/v2\/product_tag?post=1203"}],"curies":[{"name":"wp","href":"https:\/\/api.w.org\/{rel}","templated":true}]}}