{"id":1206,"date":"2025-05-05T13:44:57","date_gmt":"2025-05-05T11:44:57","guid":{"rendered":"https:\/\/sarms-sport.com\/ligandrolo-zillt-medicine-ligandrol-lgd-4033\/"},"modified":"2025-12-25T17:57:10","modified_gmt":"2025-12-25T16:57:10","slug":"ligandrolo-zillt-medicine-ligandrol-lgd-4033","status":"publish","type":"product","link":"https:\/\/sarms-sport.com\/it\/ligandrolo-zillt-medicine-ligandrol-lgd-4033\/","title":{"rendered":"Ligandrolo Zillt Medicine (Ligandrol LGD-4033)"},"content":{"rendered":"<table>\n<tbody>\n<tr>\n<td style=\"text-align: center;\"><strong>Nome<\/strong><\/td>\n<td style=\"text-align: center;\"><strong>Tipo<\/strong><\/td>\n<td style=\"text-align: center;\"><strong>Effetti principali<\/strong><\/td>\n<td style=\"text-align: center;\"><strong>Effetti collaterali<\/strong><\/td>\n<td style=\"text-align: center;\"><strong>Soppressione del testosterone<\/strong><\/td>\n<td style=\"text-align: center;\"><strong>Ciclo tipico<\/strong><\/td>\n<td style=\"text-align: center;\"><strong>Ideale per<\/strong><\/td>\n<td style=\"text-align: center;\"><strong>Emivita<\/strong><\/td>\n<td style=\"text-align: center;\"><strong>Onset (inizio effetti)<\/strong><\/td>\n<td style=\"text-align: center;\"><strong>PCT necessario<\/strong><\/td>\n<td style=\"text-align: center;\"><strong>Tossicit\u00e0<\/strong><\/td>\n<\/tr>\n<tr>\n<td style=\"text-align: center;\"><a href=\"https:\/\/sarms-sport.com\/it\/andarino-zillt-medicine-andarine-s4\/\"><strong>Andarine (S-4)<\/strong><\/a><\/td>\n<td>SARM<\/td>\n<td>Perdita di grasso, muscoli pi\u00f9 duri, aumento della forza<\/td>\n<td>Alterazioni visive<\/td>\n<td>Media<\/td>\n<td>6\u20138 settimane<\/td>\n<td>Cutting, ricomposizione<\/td>\n<td>~4 ore<\/td>\n<td>7\u201310 giorni<\/td>\n<td>S\u00ec<\/td>\n<td>Bassa<\/td>\n<\/tr>\n<tr>\n<td style=\"text-align: center;\"><a href=\"https:\/\/sarms-sport.com\/it\/cardarino-zillt-medicine-cardarine-gw-501516\/\"><strong>Cardarine (GW-501516)<\/strong><\/a><\/td>\n<td>Agonista PPAR\u03b4<\/td>\n<td>Aumento della resistenza, ossidazione dei grassi, miglior metabolismo<\/td>\n<td>Rischi potenziali ad alte dosi<\/td>\n<td>Nessuna<\/td>\n<td>6\u201312 settimane<\/td>\n<td>Cutting, resistenza<\/td>\n<td>16\u201324 ore<\/td>\n<td>3\u20135 giorni<\/td>\n<td>No<\/td>\n<td>Molto bassa<\/td>\n<\/tr>\n<tr>\n<td style=\"text-align: center;\"><a href=\"https:\/\/sarms-sport.com\/it\/ibutamoreno-zillt-medicine-ibutamoren-mk-677\/\"><strong>Ibutamoren (MK-677)<\/strong><\/a><\/td>\n<td>Secretagogo GH<\/td>\n<td>Aumenta GH\/IGF-1, recupero, migliora il sonno<\/td>\n<td>Aumento dell&#8217;appetito, ritenzione idrica<\/td>\n<td>Nessuna<\/td>\n<td>8\u201316 settimane<\/td>\n<td>Bulking, recupero<\/td>\n<td>20\u201324 ore<\/td>\n<td>5\u20137 giorni<\/td>\n<td>No<\/td>\n<td>Bassa<\/td>\n<\/tr>\n<tr>\n<td style=\"text-align: center;\"><a href=\"https:\/\/sarms-sport.com\/it\/ligandrolo-zillt-medicine-ligandrol-lgd-4033\/\"><strong>Ligandrol (LGD-4033)<\/strong><\/a><\/td>\n<td>SARM<\/td>\n<td>Aumento di massa e forza, migliore recupero<\/td>\n<td>Forte soppressione<\/td>\n<td>Alta<\/td>\n<td>6\u20138 settimane<\/td>\n<td>Bulking<\/td>\n<td>24\u201336 ore<\/td>\n<td>7\u201310 giorni<\/td>\n<td>S\u00ec<\/td>\n<td>Bassa<\/td>\n<\/tr>\n<tr>\n<td style=\"text-align: center;\"><a href=\"https:\/\/sarms-sport.com\/it\/ostarino-zillt-medicine-ostarine-mk-2866\/\"><strong>Ostarine (MK-2866)<\/strong><\/a><\/td>\n<td>SARM<\/td>\n<td>Aumento massa magra, supporto articolare, leggera ricomposizione<\/td>\n<td>Lieve soppressione<\/td>\n<td>Bassa<\/td>\n<td>6\u20138 settimane<\/td>\n<td>Ricomposizione<\/td>\n<td>24 ore<\/td>\n<td>10\u201314 giorni<\/td>\n<td>No<\/td>\n<td>Molto bassa<\/td>\n<\/tr>\n<tr>\n<td style=\"text-align: center;\"><a href=\"https:\/\/sarms-sport.com\/it\/s23-zillt-medicine-mastorin-s23\/\"><strong>Mastorin (S-23)<\/strong><\/a><\/td>\n<td>SARM potente<\/td>\n<td>Forza, muscoli duri e densi, forte effetto indurente<\/td>\n<td>Soppressione molto intensa<\/td>\n<td>Molto alta<\/td>\n<td>4\u20136 settimane<\/td>\n<td>Cutting avanzato, forza<\/td>\n<td>~12 ore<\/td>\n<td>3\u20137 giorni<\/td>\n<td>S\u00ec<\/td>\n<td>Moderata<\/td>\n<\/tr>\n<tr>\n<td style=\"text-align: center;\"><a href=\"https:\/\/sarms-sport.com\/it\/stenabolo-zillt-medicine-stenabolic-sr-9009\/\"><strong>Stenabolic (SR-9009)<\/strong><\/a><\/td>\n<td>Agonista Rev-ERB<\/td>\n<td>Aumento del metabolismo, perdita di grasso, resistenza<\/td>\n<td>Richiede dosi frequenti<\/td>\n<td>Nessuna<\/td>\n<td>6\u201310 settimane<\/td>\n<td>Cutting<\/td>\n<td>1\u20132 ore<\/td>\n<td>2\u20134 giorni<\/td>\n<td>No<\/td>\n<td>Molto bassa<\/td>\n<\/tr>\n<tr>\n<td style=\"text-align: center;\"><a href=\"https:\/\/sarms-sport.com\/it\/testolono-zillt-medicine-testolone-rad-140\/\"><strong>Testolone (RAD-140)<\/strong><\/a><\/td>\n<td>SARM<\/td>\n<td>Aumento della forza, massa muscolare, effetto anticatabolico<\/td>\n<td>Soppressione, irritabilit\u00e0<\/td>\n<td>Alta<\/td>\n<td>6\u20138 settimane<\/td>\n<td>Bulking, forza<\/td>\n<td>~60 ore<\/td>\n<td>5\u20137 giorni<\/td>\n<td>S\u00ec<\/td>\n<td>Bassa\u2013media<\/td>\n<\/tr>\n<tr>\n<td style=\"text-align: center;\"><a href=\"https:\/\/sarms-sport.com\/it\/yk-11-zillt-medicine-myostan-yk11\/\"><strong>Myostan (YK-11)<\/strong><\/a><\/td>\n<td>Inibitore della miostatina<\/td>\n<td>Aumento rapido della forza, ipertrofia accelerata, massa densa<\/td>\n<td>Stress epatico, aggressivit\u00e0<\/td>\n<td>Alta<\/td>\n<td>4\u20138 settimane<\/td>\n<td>Bulking, forza<\/td>\n<td>6\u201310 ore<\/td>\n<td>5\u20137 giorni<\/td>\n<td>S\u00ec<\/td>\n<td>Media\u2013alta<\/td>\n<\/tr>\n<\/tbody>\n<\/table>\n<h2>Che cos&#8217;\u00e8 Ligandrol (LGD-4033)<\/h2>\n<p>Il Ligandrol LGD-4033 \u00e8 un modulatore selettivo dei recettori androgeni non steroideo, somministrabile per via orale, che si lega ai recettori androgeni nei muscoli e nelle ossa. Gli scienziati sono entusiasti del Ligandrol come possibile protettore o conservatore muscolare per le persone che perdono massa muscolare a causa dell&#8217;invecchiamento o della ridotta attivit\u00e0 fisica. Il Ligandrol ha attirato l&#8217;attenzione grazie alla sua azione specifica e alle possibili applicazioni cliniche in sostituzione delle terapie ormonali.<\/p>\n<p>Dopo aver scoperto cos&#8217;\u00e8 LGD-4033 Ligandrol, \u00e8 importante notare che agisce sulle cellule muscolari, che a loro volta aiutano a mantenere la forza. Pertanto, il suo utilizzo per migliorare le prestazioni fisiche \u00e8 considerato serio. Sono attualmente in corso ricerche sul potenziale utilizzo di Ligardol e farmaci simili per ridurre l&#8217;affaticamento e il danno muscolare durante i periodi di sviluppo accelerato della forza, nonch\u00e9 per ripristinare i muscoli senza effetti sistemici sul sistema ormonale.<\/p>\n<h2>Come funziona LGD 4033 Ligandrol<\/h2>\n<p>Ligandrol LGD 4033 si lega a specifici recettori androgeni, che svolgono un ruolo nel mantenimento della massa muscolare. Con il progredire della ricerca, hanno cominciato ad emergere modelli ricorrenti in studi controllati a breve termine. Questi modelli consentono agli scienziati di studiare pi\u00f9 direttamente i cambiamenti fisici e di osservare gli effetti del farmaco sotto ulteriore osservazione. Nel loro insieme, queste osservazioni dovrebbero consentire ai ricercatori di capire se LGD-4033 Ligandrol pu\u00f2 influenzare il tessuto muscolare e osseo.<\/p>\n<p>Vediamo come il farmaco influisce sul corpo di un atleta durante un ciclo:<\/p>\n<ul>\n<li>LGD-4033 provoca cambiamenti misurabili nella massa muscolare magra.<\/li>\n<li>Non ha effetti sistemici e agisce solo sui muscoli e sulle ossa.<\/li>\n<li>Il farmaco ha dimostrato di aumentare la forza di presa in studi controllati.<\/li>\n<li>Il Ligandrol ha effetti ormonali deboli sul corpo.<\/li>\n<li>Il suo legame con i recettori degli androgeni sembra essere il pi\u00f9 forte tra tutti i composti.<\/li>\n<\/ul>\n<p>\u00c8 importante sottolineare che i suoi effetti selettivi suggeriscono che potrebbe essere possibile valutare la conservazione muscolare senza gli effetti confondenti delle terapie a base di ormoni. Per questo motivo, il Ligandrol (LGD-4033) rimane di interesse nella ricerca relativa ai risultati riabilitativi e al deterioramento della funzione muscolare legato all&#8217;et\u00e0.<\/p>\n<h2>Vantaggi di LGD-4033 Ligandrol<\/h2>\n<p>Gli effetti sul tessuto muscolare e osseo hanno reso il Ligandrol molto popolare tra gli atleti. Ricerche preliminari combinate con le informazioni provenienti dai rapporti dei pazienti suggeriscono che potrebbero esserci diverse applicazioni. Di seguito sono elencati i principali benefici dell&#8217;LGD 4033:<\/p>\n<ol>\n<li><strong>Migliora la conservazione dei muscoli<\/strong><br \/>\nLGD-4033 pu\u00f2 influenzare i muscoli in modo da favorire la conservazione del tessuto magro quando un atleta \u00e8 a rischio di perdita muscolare a causa dell&#8217;et\u00e0 o di una malattia.<\/li>\n<li><strong>Pu\u00f2 aiutare con la forza<\/strong><br \/>\nLe persone diventano pi\u00f9 forti in base a indicatori misurabili di forza nel giro di poche settimane. Questi dati indicano che, con la supervisione clinica, questa sostanza potrebbe migliorare le prestazioni fisiche.<\/li>\n<li><strong>Attivit\u00e0 mirata<\/strong><br \/>\nQuesto agente ha un&#8217;attivit\u00e0 selettiva per i muscoli e le ossa, offrendo l&#8217;opportunit\u00e0 di dimostrare cambiamenti favorevoli in questi tessuti in assenza di disturbi endocrini sistemici.<\/li>\n<li><strong>Supporto osseo<\/strong><br \/>\nEsistono alcune prove che suggeriscono che Ligandrol LGD 4033 SARM possa aiutare ad aumentare o mantenere la densit\u00e0 ossea. Questo \u00e8 un aspetto importante nel trattamento dei disturbi scheletrici in individui a rischio.<\/li>\n<li><strong>Aiuta il recupero<\/strong><br \/>\nLGD-4033 pu\u00f2 preservare la funzione muscolare durante l&#8217;inattivit\u00e0. Di conseguenza, ha attirato una notevole attenzione come argomento di ricerca nella riabilitazione fisica e nel recupero.<\/li>\n<li><strong>Preserva la massa magra sotto stress<\/strong><br \/>\nI risultati di studi volti a valutare gli effetti della limitazione dell&#8217;attivit\u00e0 o della restrizione energetica indicano che LGD-4033 pu\u00f2 favorire il mantenimento della massa muscolare sotto stress. In particolare\u2002nei casi in cui la massa muscolare magra \u00e8 soggetta a degradazione.<\/li>\n<li><strong>Promuove ulteriori ricerche<\/strong><br \/>\nLa selettivit\u00e0 e gli effetti sui muscoli e sulle ossa di LGD-4033 lo rendono ancora un candidato interessante per la ricerca clinica. Gli scienziati stanno studiando i benefici di Ligandrol LGD 4033, per il suo potenziale di protezione contro la perdita di forza, la conservazione dei tessuti e il recupero da sforzi controllati.<\/li>\n<\/ol>\n<p>In generale, il Ligandrol in vendita pu\u00f2 avere effetti benefici sui muscoli e sulle ossa. La sua selettivit\u00e0, cos\u00ec come alcune delle associazioni discusse nella sezione precedente, significa che l&#8217;LGD-4033 potrebbe essere un candidato interessante per ulteriori indagini, necessarie per confermare gli effetti positivi a lungo termine.<\/p>\n<h2>Effetti collaterali del Ligandrol (LGD-4033)<\/h2>\n<p>Questo SARM \u00e8 ancora in fase di ricerca e ci sono molti effetti a lungo termine sconosciuti, quindi \u00e8 necessario essere consapevoli di queste informazioni prima dell&#8217;uso. Di seguito sono riportati gli effetti collaterali pi\u00f9 comuni dell&#8217;LGD 4033 che i culturisti possono sperimentare durante il ciclo di Ligandrol:<\/p>\n<ol>\n<li><strong>Cambiamenti ormonali <\/strong><br \/>\nSebbene LGD-4033 sia un SARM selettivo, gli utenti hanno comunque segnalato che potrebbe influire sui livelli ormonali sistemici. Hanno quindi osservato che, dopo un uso prolungato di LGD-4033, la produzione endocrina potrebbe subire temporanee alterazioni, aspetto che dovrebbe essere ulteriormente studiato.<\/li>\n<li><strong>Affaticamento<\/strong><br \/>\n\u00c8 stata segnalata da alcuni utenti durante i periodi di osservazione iniziali. L&#8217;affaticamento \u00e8 comparso sia a causa del cambiamento del metabolismo muscolare che della reazione dei recettori.<\/li>\n<li><strong>Mal di testa<\/strong><br \/>\nA volte gli atleti notano un mal di testa di intensit\u00e0 moderata. Tali effetti sono spesso transitori e non inaspettati nelle prime fasi di esposizione LGD-4033.<\/li>\n<li><strong>Sensibilit\u00e0 digestiva<\/strong><br \/>\nA volte, in rari casi di acquisto di LGD 4033, gli utenti avvertono un lieve disagio digestivo. Ci\u00f2 suggerisce che la sostanza possa interferire con i normali processi digestivi dell&#8217;organismo, almeno temporaneamente.<\/li>\n<li><strong>Effetti a lungo termine sconosciuti<\/strong><br \/>\nPoco si sa sugli effetti a lungo termine del Ligandrol LGD-4033 in vendita a causa della ricerca limitata. I ricercatori hanno sottolineato l&#8217;importanza di una sorveglianza continua per identificare eventuali rischi potenziali a lungo termine.<\/li>\n<\/ol>\n<p>Non sembrano esserci molti effetti collaterali del Ligandrol LGD-4033 in un ciclo a breve termine. Tuttavia, \u00e8 necessario essere consapevoli dei possibili effetti ormonali, fisici e digestivi e sapere come affrontarli.<\/p>\n<h2>LGD 4033 (Ligandrol) Dosaggio, durata del ciclo e uso sicuro<\/h2>\n<p>LGD-4033 potrebbe causare una certa confusione per quanto riguarda il dosaggio, la durata e la sicurezza. Innanzitutto, quando si conoscono le risposte a queste domande e si capisce il significato di questi concetti di base, il suo effetto sul corpo umano inizia a diventare un po&#8217; pi\u00f9 chiaro. Conoscere meglio questo farmaco vi permetter\u00e0 di affrontare il vostro ciclo in modo diverso e di avere meno problemi.<\/p>\n<h3>Dosaggio raccomandato<\/h3>\n<p>In generale, il dosaggio massimo sicuro iniziale di LGD 4033 per gli atleti esperti \u00e8 di 10 mg. Evita di iniziare con una dose elevata, poich\u00e9 potrebbe essere pericoloso. \u00c8 meglio usare la dose minima e aumentarla gradualmente in base alla tolleranza. Questo metodo di monitoraggio ti consentir\u00e0 di tenere traccia dei cambiamenti nella massa magra senza rischi indebiti.<\/p>\n<h3>Durata del ciclo<\/h3>\n<p>Le capsule di LGD-4033 Ligandrol in vendita devono essere assunte in cicli brevi della durata di 2-4 settimane. Questi cicli a breve termine inducono con successo cambiamenti misurabili nella massa muscolare e nella forza. Ci\u00f2 consente di monitorare la rapidit\u00e0 e la significativit\u00e0 con cui gli effetti si manifestano e persistono dopo il completamento del ciclo. Questa \u00e8 la chiave per comprendere gli indicatori documentati che vengono registrati nel corpo per un lungo periodo di tempo in modo sicuro.<\/p>\n<h3>Consigli per un uso sicuro<\/h3>\n<p>La sicurezza \u00e8 sempre al primo posto e, per garantirla, \u00e8 necessario mantenere una routine regolare di attivit\u00e0 fisica, alimentazione e riposo. Molti principianti vogliono sapere come utilizzare in modo sicuro un farmaco a un prezzo accessibile come Ligandrol LGD-4033 dal nostro negozio, e noi abbiamo preparato un elenco di consigli:<\/p>\n<ul>\n<li>Fin dall&#8217;inizio, monitorate la risposta del vostro corpo alle condizioni mutevoli durante i primi giorni di esposizione.<\/li>\n<li>Quindi, assicurati che la tua dieta rimanga relativamente stabile. Poich\u00e9 mantieni una dieta costante durante il ciclo, il processo di adattamento del tuo corpo sar\u00e0 prevedibile.<\/li>\n<li>Successivamente, assicurati che il tuo livello di attivit\u00e0 rimanga stabile durante tutto il ciclo.<\/li>\n<li>Un regime di attivit\u00e0 quotidiana costante ti consentir\u00e0 di valutare gli effetti reali sui muscoli e sulle ossa.<\/li>\n<li>Non dimenticare di riposarti e dormire a sufficienza, soprattutto dopo sessioni di allenamento intense.<\/li>\n<\/ul>\n<p>LGD 4033 in vendita mostra risultati promettenti in un ambiente e un regime controllati. I risultati ottenuti dovrebbero dimostrare che \u00e8 essenziale essere sempre cauti durante e anche dopo il ciclo.<\/p>\n<h2>Ligandrol LGD-4033 in combinazione con altri composti<\/h2>\n<p>Tra i SARM, molti utenti che acquistano Ligandrol lo combinano con altri composti. Vogliono vedere se \u00e8 possibile ottenere effetti sinergici in termini di muscoli e ossa. Una delle scelte pi\u00f9 popolari per la combinazione con LGD-4033 \u00e8 Ostarine (MK-2866). LGD-4033 \u00e8 pi\u00f9 selettivo per il tessuto muscolare e ha un effetto simile al warfarin. Ostarine pu\u00f2 avere un certo effetto anti-catabolico.<\/p>\n<p>Un&#8217;altra combinazione di stacking \u00e8 Ligandrol SARM combinato con Cardarine (GW-501516). Cardarine aumenta anche l&#8217;energia e la resistenza. Quando si esegue lo stacking con LGD-4033, si ottiene un aiuto non solo per il tessuto muscolare, ma anche un aumento della resistenza. Questa combinazione \u00e8 ottima per l&#8217;attivit\u00e0 quotidiana e per gli esercizi di tipo duraturo.<\/p>\n<p>Alcune persone combinano LGD-4033 con RAD-140. RAD-140 sarebbe normalmente pubblicizzato come un modo per preservare i muscoli e le ossa. La combinazione di RAD-140 con LGD-4033 pu\u00f2 trattare la ritenzione muscolare e sostenere le ossa per prevenire la perdita muscolare se l&#8217;integrit\u00e0 delle articolazioni \u00e8 un problema.<\/p>\n<p>Inoltre, ci sono discussioni che coinvolgono i SARM Ligandrol e Ibutamoren (MK-677) per i fattori di crescita e il recupero. Gli utenti hanno descritto di averlo utilizzato come stack a breve termine in modo controllato per vedere come l&#8217;energia e il supporto muscolare avrebbero funzionato in tandem.<\/p>\n<h2>Errori comuni dei principianti nell&#8217;uso di Ligandrol (LGD-4033)<\/h2>\n<p>\u00c8 facile per i principianti commettere errori perch\u00e9 non lo capiscono quando acquistano le capsule di LGD-4033 Ligandrol. Dovresti verificare le tue aspettative e ascoltare ci\u00f2 che ti dice il tuo corpo. Sapere cosa non fare potrebbe risparmiarti gli effetti collaterali.<\/p>\n<ol>\n<li><strong>Aspettarsi di vedere risultati immediati<\/strong><br \/>\nAlcuni potrebbero dire che questo \u00e8 dovuto al fatto che si aspettano di vedere aumenti significativi della massa muscolare o della forza in tempi ragionevolmente brevi. In realt\u00e0, LGD-4033 agisce lentamente e potreste avvertire un leggero irrigidimento o un tempo di recupero leggermente pi\u00f9 lungo prima di ottenere risultati concreti. La pazienza vi aiuter\u00e0 molto a capire quali risultati potete aspettarvi da questo farmaco.<\/li>\n<li><strong>Ignorate i segnali del vostro corpo<\/strong><br \/>\nSebbene LGD 4033 Ligandrol in vendita negli Stati Uniti sia popolare, pu\u00f2 influenzare gli ormoni nel corpo e potrebbe anche causare lieve stanchezza e mal di testa. Dovresti stare attento e ascoltare il tuo corpo, e se il tuo corpo ti dice che &#8220;qualcosa non va&#8221;, dovresti ascoltarlo.<\/li>\n<li><strong>Trascurare la dieta e il riposo<\/strong><br \/>\nSolo perch\u00e9 assumi LGD-4033 non significa che puoi trascurare l&#8217;alimentazione, il sonno e l&#8217;attivit\u00e0 fisica quotidiana. Una routine completa potrebbe influenzare i tuoi risultati molto di pi\u00f9, in modo molto pi\u00f9 evidente rispetto all&#8217;impatto che avrebbe una singola sostanza.<\/li>\n<li><strong>Combinazioni senza conoscenza<\/strong><br \/>\nPotresti aver sentito parlare di combinare LGD-4033 con altri composti. Senza sapere come interagiscono tra loro, potresti ottenere risultati pi\u00f9 imprevedibili. Apporta un cambiamento alla volta e monitora ci\u00f2 che stai facendo per influire sui tuoi livelli di energia e sui tuoi muscoli.<\/li>\n<li><strong>Sostituisci l&#8217;allenamento con esso<\/strong><br \/>\nAlcuni utenti potrebbero confondere il farmaco a un prezzo ragionevole LGD-4033 dal nostro negozio come un modo facile per ottenere muscoli massicci. La sua applicazione principale \u00e8 quella di fermare la perdita muscolare e preservare la forza durante i periodi difficili. Come sostituto dell&#8217;allenamento e\/o dell&#8217;alimentazione, rimarrai deluso.<\/li>\n<\/ol>\n<p>Se riuscite a evitare queste insidie, sarete pronti per iniziare con l&#8217;acquisto del miglior LGD-4033 Ligandrol a un prezzo realistico. Per ottenere i migliori risultati, adottate i cambiamenti gradualmente, ascoltate il vostro corpo e mantenetevi in buona salute.<\/p>\n","protected":false},"excerpt":{"rendered":"<p>Nome Tipo Effetti principali Effetti collaterali Soppressione del testosterone Ciclo tipico Ideale per Emivita Onset (inizio effetti) PCT necessario Tossicit\u00e0 Andarine (S-4) SARM Perdita di grasso, muscoli pi\u00f9 duri, aumento della forza Alterazioni visive Media 6\u20138 settimane Cutting, ricomposizione ~4 ore 7\u201310 giorni S\u00ec Bassa Cardarine (GW-501516) Agonista PPAR\u03b4 Aumento della resistenza, ossidazione dei grassi, [&hellip;]<\/p>\n","protected":false},"featured_media":706,"comment_status":"open","ping_status":"closed","template":"","meta":{"_acf_changed":false},"product_brand":[],"product_cat":[48],"product_tag":[],"class_list":{"0":"post-1206","1":"product","2":"type-product","3":"status-publish","4":"has-post-thumbnail","6":"product_cat-sarms","8":"first","9":"instock","10":"shipping-taxable","11":"purchasable","12":"product-type-variable"},"acf":[],"_links":{"self":[{"href":"https:\/\/sarms-sport.com\/it\/wp-json\/wp\/v2\/product\/1206","targetHints":{"allow":["GET"]}}],"collection":[{"href":"https:\/\/sarms-sport.com\/it\/wp-json\/wp\/v2\/product"}],"about":[{"href":"https:\/\/sarms-sport.com\/it\/wp-json\/wp\/v2\/types\/product"}],"replies":[{"embeddable":true,"href":"https:\/\/sarms-sport.com\/it\/wp-json\/wp\/v2\/comments?post=1206"}],"wp:featuredmedia":[{"embeddable":true,"href":"https:\/\/sarms-sport.com\/it\/wp-json\/wp\/v2\/media\/706"}],"wp:attachment":[{"href":"https:\/\/sarms-sport.com\/it\/wp-json\/wp\/v2\/media?parent=1206"}],"wp:term":[{"taxonomy":"product_brand","embeddable":true,"href":"https:\/\/sarms-sport.com\/it\/wp-json\/wp\/v2\/product_brand?post=1206"},{"taxonomy":"product_cat","embeddable":true,"href":"https:\/\/sarms-sport.com\/it\/wp-json\/wp\/v2\/product_cat?post=1206"},{"taxonomy":"product_tag","embeddable":true,"href":"https:\/\/sarms-sport.com\/it\/wp-json\/wp\/v2\/product_tag?post=1206"}],"curies":[{"name":"wp","href":"https:\/\/api.w.org\/{rel}","templated":true}]}}