{"id":1209,"date":"2025-05-05T13:46:42","date_gmt":"2025-05-05T11:46:42","guid":{"rendered":"https:\/\/sarms-sport.com\/ostarino-zillt-medicine-ostarine-mk-2866\/"},"modified":"2025-12-25T17:57:26","modified_gmt":"2025-12-25T16:57:26","slug":"ostarino-zillt-medicine-ostarine-mk-2866","status":"publish","type":"product","link":"https:\/\/sarms-sport.com\/it\/ostarino-zillt-medicine-ostarine-mk-2866\/","title":{"rendered":"Ostarino Zillt Medicine (Ostarine MK-2866)"},"content":{"rendered":"<table>\n<tbody>\n<tr>\n<td style=\"text-align: center;\"><strong>Nome<\/strong><\/td>\n<td style=\"text-align: center;\"><strong>Tipo<\/strong><\/td>\n<td style=\"text-align: center;\"><strong>Effetti principali<\/strong><\/td>\n<td style=\"text-align: center;\"><strong>Effetti collaterali<\/strong><\/td>\n<td style=\"text-align: center;\"><strong>Soppressione del testosterone<\/strong><\/td>\n<td style=\"text-align: center;\"><strong>Ciclo tipico<\/strong><\/td>\n<td style=\"text-align: center;\"><strong>Ideale per<\/strong><\/td>\n<td style=\"text-align: center;\"><strong>Emivita<\/strong><\/td>\n<td style=\"text-align: center;\"><strong>Onset (inizio effetti)<\/strong><\/td>\n<td style=\"text-align: center;\"><strong>PCT necessario<\/strong><\/td>\n<td style=\"text-align: center;\"><strong>Tossicit\u00e0<\/strong><\/td>\n<\/tr>\n<tr>\n<td style=\"text-align: center;\"><a href=\"https:\/\/sarms-sport.com\/it\/andarino-zillt-medicine-andarine-s4\/\"><strong>Andarine (S-4)<\/strong><\/a><\/td>\n<td>SARM<\/td>\n<td>Perdita di grasso, muscoli pi\u00f9 duri, aumento della forza<\/td>\n<td>Alterazioni visive<\/td>\n<td>Media<\/td>\n<td>6\u20138 settimane<\/td>\n<td>Cutting, ricomposizione<\/td>\n<td>~4 ore<\/td>\n<td>7\u201310 giorni<\/td>\n<td>S\u00ec<\/td>\n<td>Bassa<\/td>\n<\/tr>\n<tr>\n<td style=\"text-align: center;\"><a href=\"https:\/\/sarms-sport.com\/it\/cardarino-zillt-medicine-cardarine-gw-501516\/\"><strong>Cardarine (GW-501516)<\/strong><\/a><\/td>\n<td>Agonista PPAR\u03b4<\/td>\n<td>Aumento della resistenza, ossidazione dei grassi, miglior metabolismo<\/td>\n<td>Rischi potenziali ad alte dosi<\/td>\n<td>Nessuna<\/td>\n<td>6\u201312 settimane<\/td>\n<td>Cutting, resistenza<\/td>\n<td>16\u201324 ore<\/td>\n<td>3\u20135 giorni<\/td>\n<td>No<\/td>\n<td>Molto bassa<\/td>\n<\/tr>\n<tr>\n<td style=\"text-align: center;\"><a href=\"https:\/\/sarms-sport.com\/it\/ibutamoreno-zillt-medicine-ibutamoren-mk-677\/\"><strong>Ibutamoren (MK-677)<\/strong><\/a><\/td>\n<td>Secretagogo GH<\/td>\n<td>Aumenta GH\/IGF-1, recupero, migliora il sonno<\/td>\n<td>Aumento dell&#8217;appetito, ritenzione idrica<\/td>\n<td>Nessuna<\/td>\n<td>8\u201316 settimane<\/td>\n<td>Bulking, recupero<\/td>\n<td>20\u201324 ore<\/td>\n<td>5\u20137 giorni<\/td>\n<td>No<\/td>\n<td>Bassa<\/td>\n<\/tr>\n<tr>\n<td style=\"text-align: center;\"><a href=\"https:\/\/sarms-sport.com\/it\/ligandrolo-zillt-medicine-ligandrol-lgd-4033\/\"><strong>Ligandrol (LGD-4033)<\/strong><\/a><\/td>\n<td>SARM<\/td>\n<td>Aumento di massa e forza, migliore recupero<\/td>\n<td>Forte soppressione<\/td>\n<td>Alta<\/td>\n<td>6\u20138 settimane<\/td>\n<td>Bulking<\/td>\n<td>24\u201336 ore<\/td>\n<td>7\u201310 giorni<\/td>\n<td>S\u00ec<\/td>\n<td>Bassa<\/td>\n<\/tr>\n<tr>\n<td style=\"text-align: center;\"><a href=\"https:\/\/sarms-sport.com\/it\/ostarino-zillt-medicine-ostarine-mk-2866\/\"><strong>Ostarine (MK-2866)<\/strong><\/a><\/td>\n<td>SARM<\/td>\n<td>Aumento massa magra, supporto articolare, leggera ricomposizione<\/td>\n<td>Lieve soppressione<\/td>\n<td>Bassa<\/td>\n<td>6\u20138 settimane<\/td>\n<td>Ricomposizione<\/td>\n<td>24 ore<\/td>\n<td>10\u201314 giorni<\/td>\n<td>No<\/td>\n<td>Molto bassa<\/td>\n<\/tr>\n<tr>\n<td style=\"text-align: center;\"><a href=\"https:\/\/sarms-sport.com\/it\/s23-zillt-medicine-mastorin-s23\/\"><strong>Mastorin (S-23)<\/strong><\/a><\/td>\n<td>SARM potente<\/td>\n<td>Forza, muscoli duri e densi, forte effetto indurente<\/td>\n<td>Soppressione molto intensa<\/td>\n<td>Molto alta<\/td>\n<td>4\u20136 settimane<\/td>\n<td>Cutting avanzato, forza<\/td>\n<td>~12 ore<\/td>\n<td>3\u20137 giorni<\/td>\n<td>S\u00ec<\/td>\n<td>Moderata<\/td>\n<\/tr>\n<tr>\n<td style=\"text-align: center;\"><a href=\"https:\/\/sarms-sport.com\/it\/stenabolo-zillt-medicine-stenabolic-sr-9009\/\"><strong>Stenabolic (SR-9009)<\/strong><\/a><\/td>\n<td>Agonista Rev-ERB<\/td>\n<td>Aumento del metabolismo, perdita di grasso, resistenza<\/td>\n<td>Richiede dosi frequenti<\/td>\n<td>Nessuna<\/td>\n<td>6\u201310 settimane<\/td>\n<td>Cutting<\/td>\n<td>1\u20132 ore<\/td>\n<td>2\u20134 giorni<\/td>\n<td>No<\/td>\n<td>Molto bassa<\/td>\n<\/tr>\n<tr>\n<td style=\"text-align: center;\"><a href=\"https:\/\/sarms-sport.com\/it\/testolono-zillt-medicine-testolone-rad-140\/\"><strong>Testolone (RAD-140)<\/strong><\/a><\/td>\n<td>SARM<\/td>\n<td>Aumento della forza, massa muscolare, effetto anticatabolico<\/td>\n<td>Soppressione, irritabilit\u00e0<\/td>\n<td>Alta<\/td>\n<td>6\u20138 settimane<\/td>\n<td>Bulking, forza<\/td>\n<td>~60 ore<\/td>\n<td>5\u20137 giorni<\/td>\n<td>S\u00ec<\/td>\n<td>Bassa\u2013media<\/td>\n<\/tr>\n<tr>\n<td style=\"text-align: center;\"><a href=\"https:\/\/sarms-sport.com\/it\/yk-11-zillt-medicine-myostan-yk11\/\"><strong>Myostan (YK-11)<\/strong><\/a><\/td>\n<td>Inibitore della miostatina<\/td>\n<td>Aumento rapido della forza, ipertrofia accelerata, massa densa<\/td>\n<td>Stress epatico, aggressivit\u00e0<\/td>\n<td>Alta<\/td>\n<td>4\u20138 settimane<\/td>\n<td>Bulking, forza<\/td>\n<td>6\u201310 ore<\/td>\n<td>5\u20137 giorni<\/td>\n<td>S\u00ec<\/td>\n<td>Media\u2013alta<\/td>\n<\/tr>\n<\/tbody>\n<\/table>\n<h2>Che cos&#8217;\u00e8 Ostarine (MK-2866)<\/h2>\n<p>Ostarine MK-2866 \u00e8 il primo modulatore selettivo dei recettori androgeni sviluppato per la prevenzione e il trattamento dell&#8217;atrofia muscolare. Si lega al recettore degli androgeni nel muscolo scheletrico e produce un effetto anabolico costante senza influire in modo significativo sul sistema ormonale. Essendo molto pi\u00f9 prevedibile rispetto ad altri SARM, MK-2866 \u00e8 generalmente considerato uno dei pi\u00f9 affidabili.<\/p>\n<p>MK-2866 \u00e8 popolare per i cicli di definizione o nei casi in cui \u00e8 necessario mantenere il pi\u00f9 possibile la massa muscolare in condizioni di deficit calorico. Se si sceglie di seguire questa strada, \u00e8 importante conoscere la differenza tra il prezzo dell&#8217;MK-2866 Ostarine di grado farmaceutico e quello dei prodotti non testati che vengono sempre pi\u00f9 venduti online. Le differenze di purezza hanno un impatto diretto sull&#8217;efficacia e la sicurezza del prodotto.<\/p>\n<h2>Come funziona Ostarine MK-2866<\/h2>\n<p>Ostarine \u00e8 un modulatore selettivo dei recettori androgeni che si lega ai recettori androgeni presenti nel tessuto muscolare, stimolando una risposta anabolica che aiuta a mantenere la forza. Poich\u00e9 il farmaco favorisce la distribuzione dei nutrienti verso il tessuto magro, si ottiene una maggiore resistenza dei muscoli durante l&#8217;affaticamento e una migliore qualit\u00e0 muscolare.<\/p>\n<p>Ecco esattamente come Ostarine MK 2866 agisce sul tuo corpo:<\/p>\n<ul>\n<li>Durante il taglio, i muscoli trattengono pi\u00f9 tessuto e massa di quanto si pensi possibile e consumano di pi\u00f9 man mano che si riduce il consumo rispetto alla norma.<\/li>\n<li>L&#8217;affaticamento da allenamento diminuisce perch\u00e9 quelle piccole lacerazioni nelle fibre muscolari si riprendono molto pi\u00f9 velocemente.<\/li>\n<li>Le articolazioni sono spesso stabili e, quando si eseguono i tradizionali esercizi pesanti di powerlifting, \u00e8 possibile spingere con maggiore intensit\u00e0 senza il dolore che normalmente si prova settimana dopo settimana.<\/li>\n<li>Le prestazioni sono pi\u00f9 uniformi durante tutta la settimana, non mi sembra di stare peggio dopo le sessioni intense, il che mi d\u00e0 un maggiore senso di costanza.<\/li>\n<li>Durante la ricomposizione, si mantiene un aspetto snello perch\u00e9 il corpo \u00e8 in condizioni migliori del normale per mantenere la massa magra.<\/li>\n<\/ul>\n<p>Queste attivit\u00e0 si sommano nel corso delle settimane man mano che si progredisce e, dopo sessioni di allenamento difficili, ci si accorge di essere pronti a tornare ad allenarsi rapidamente. L&#8217;Ostarine MK-2866 in vendita consente al corpo di adattarsi bene ai cambiamenti del carico di lavoro.<\/p>\n<h2>Vantaggi di Ostarine MK2866<\/h2>\n<p>Ostarine MK-2866 aiuta a mantenere la massa muscolare mentre si riduce l&#8217;apporto calorico. \u00c8 possibile dimagrire senza perdere troppo volume e senza avere la sensazione di sprecare energie. Anche gli altri noteranno la definizione di braccia e spalle mentre si perde grasso, grazie alle evidenti differenze di volume. Di seguito sono elencati i principali benefici di MK 2866 Ostarine per gli atleti:<\/p>\n<ol>\n<li><strong>Protezione della massa muscolare magra<\/strong><br \/>\n\u00c8 un SARM che agisce quasi esclusivamente sui muscoli e consente di mantenere la forza quando le cose si fanno difficili. Ad esempio, i sollevatori di pesi possono spesso mantenere il loro attuale massimo nella distensione su panca e in altri sollevamenti, pur perdendo grasso corporeo.<\/li>\n<li><strong>Progresso della forza<\/strong><br \/>\nOstarine consentir\u00e0 un lento progresso nella forza. Ci\u00f2 significa che puoi aumentare i tuoi sollevamenti in modo incrementale di settimana in settimana quando sei pronto, senza ulteriori rischi di lesioni. Le persone affermano di aver ottenuto progressi reali con l&#8217;aggiunta incrementale di piastre durante lo squat e il deadlift.<\/li>\n<li><strong>Il tempo di recupero \u00e8 ridotto<\/strong><br \/>\nUna riparazione muscolare pi\u00f9 rapida e una riduzione del dolore sono due vantaggi che aiutano ad allenarsi senza sentirsi stanchi. Alcuni utenti hanno notato che gli spasmi alle gambe sono meno pronunciati anche dopo giorni di squat con un carico pi\u00f9 pesante del solito.<\/li>\n<li><strong>Protezione delle articolazioni<\/strong><br \/>\nOstarine (MK-2866) pu\u00f2 potenzialmente proteggere le articolazioni durante i carichi pesanti. Sar\u00e0 pi\u00f9 facile eseguire squat, press o vogata, ad esempio. In genere, quando si sollevano grandi quantit\u00e0 di peso, molti avvertono meno dolore ai gomiti e alle ginocchia.<\/li>\n<li><strong>Aumento della massa muscolare magra<\/strong><br \/>\nOstarine stimola il corpo a utilizzare il grasso per proteggere i muscoli, il che pu\u00f2 portare a un aspetto pi\u00f9 snello ed estetico. Le spalle possono apparire pi\u00f9 definite e, in generale, \u00e8 possibile sentirsi un po&#8217; pi\u00f9 tonici.<\/li>\n<li><strong>Evoluzione costante<\/strong><br \/>\nIl SARM fa quello che dovrebbe fare, senza alterare i tuoi ormoni. Puoi fidarti del tuo allenamento e ottenere risultati prevedibili, invece di sperimentare improvvisi cali di energia, comuni con altri composti.<\/li>\n<li><strong>Maggiore concentrazione durante l&#8217;allenamento<\/strong><br \/>\nOstarine ti aiuter\u00e0 a mantenere alta la concentrazione mentale mentre ti alleni. Sentirsi forti e recuperare bene pu\u00f2 contribuire ad allenamenti pi\u00f9 lunghi e intensi con pochi rischi di sovrallenamento.<\/li>\n<\/ol>\n<p>Inoltre, una buona dieta e un allenamento regolare con Ostarine MK-2866 in vendita negli Stati Uniti indicano un miglioramento sostenibile. Puoi notare la differenza senza il grande rischio di un caos ormonale.<\/p>\n<h2>Effetti collaterali di Ostarine (MK-2866)<\/h2>\n<p>All&#8217;inizio dell&#8217;assunzione di questo SARM potresti avere lievi reazioni avverse. Questo \u00e8 dovuto al fatto che il tuo corpo si sta abituando al composto. Diamo un&#8217;occhiata agli effetti collaterali comuni di Ostarine MK-2866 che potrebbero potenzialmente manifestarsi:<\/p>\n<ol>\n<li><strong>Cambiamenti nei livelli ormonali<\/strong><br \/>\nA meno che non si assumano dosi molto elevate o si prolunghi il ciclo, non si noter\u00e0 alcun calo del testosterone naturale. Per proteggere i propri ormoni, limitare la durata del ciclo al dosaggio raccomandato e affidarsi alla PCT.<\/li>\n<li><strong>Stress epatico e renale<\/strong><br \/>\nSebbene questo farmaco non sia molto aggressivo per il fegato o i reni, \u00e8 comunque necessario prendere alcune precauzioni. \u00c8 opportuno sottoporsi a un regime di monitoraggio e ad analisi del sangue, oppure tenere sotto stretta osservazione le condizioni del fegato. Ci\u00f2 \u00e8 particolarmente importante se si tende a seguire cicli pi\u00f9 lunghi.<\/li>\n<li><strong>Sbalzi d&#8217;umore<\/strong><br \/>\nAlcuni utenti riferiscono irritabilit\u00e0, ansia e letargia generale. Allenarsi troppo intensamente e per troppo tempo aggraver\u00e0 il problema. Se avverti uno di questi sintomi, forse dovresti prenderti un giorno di riposo o cambiare la tua alimentazione.<\/li>\n<li><strong>Sintomi digestivi<\/strong><br \/>\nDurante i primi giorni potrebbero verificarsi nausea o dolori addominali. \u00c8 meglio assumere il SARM insieme al cibo per ridurre questa possibilit\u00e0. Questi disturbi digestivi sembrano scomparire nella maggior parte degli utenti di MK-2866 Ostarine dopo una settimana. Se l&#8217;irritazione dello stomaco persiste, provate a ridurre il dosaggio.<\/li>\n<li><strong>Livelli di energia e problemi di sonno<\/strong><br \/>\nGli atleti a volte descrivono una sensazione di maggiore energia e stanchezza, mentre altri riferiscono occasionalmente problemi di sonno. Questo pu\u00f2 essere mitigato spostando l&#8217;allenamento alla sera e rilassandosi alla fine della giornata.<\/li>\n<\/ol>\n<p>A volte si verificano effetti collaterali minori, ma possono fare la differenza. Attenersi alle regole di base dell&#8217;uso del SARM ed essere responsabili del proprio corpo prima di acquistare Ostarine MK-2866 porter\u00e0 ad allenamenti pi\u00f9 efficaci.<\/p>\n<h2>MK-2866 (Ostarine) Dosaggio, durata del ciclo e uso sicuro<\/h2>\n<p>Quando si sceglie un ciclo di Ostarine, \u00e8 importante considerare molti fattori e completarlo correttamente. Seguendo le istruzioni riportate di seguito, otterrete i migliori risultati e proteggete la vostra salute con Ostarine MK-2866 SARM.<\/p>\n<h3>Dosaggio raccomandato<\/h3>\n<p>La maggior parte dei principianti assume 10-15 mg al giorno per valutare la propria tolleranza e ottenere un assaggio dei primi benefici in termini di forza e massa muscolare. Gli utenti pi\u00f9 esperti possono assumere fino a 20-25 mg al giorno, ma questo avviene normalmente dopo alcuni cicli e protocolli di sicurezza da seguire. Ecco perch\u00e9 \u00e8 cos\u00ec importante essere costanti con il dosaggio giornaliero di Ostarine MK-2866; ci\u00f2 eviter\u00e0 alcune fluttuazioni che potrebbero davvero compromettere i tuoi risultati. Come sempre, iniziate con un dosaggio basso e aumentarlo solo se ritenete che il vostro corpo sia in grado di sopportarlo.<\/p>\n<h3>La durata ottimale del ciclo<\/h3>\n<p>Un ciclo normale dura 6-8 settimane per raggiungere un equilibrio tra potenza e sicurezza. I cicli brevi di 4-6 settimane sono ideali per la perdita di grasso, mentre i cicli lunghi superiori a 8 settimane comportano un rischio maggiore, quindi \u00e8 necessario prestare maggiore attenzione ai livelli ormonali. Se si pensa di acquistare Ostarine MK-2866 online e si pianifica il proprio ciclo, si otterranno risultati prevedibili, che permetteranno al corpo di tornare al suo stato normale.<\/p>\n<h3>Uso sicuro e consigli<\/h3>\n<p>Se usi il SARM in modo sicuro, puoi ridurre il rischio di danni e assicurarti di ottenere il massimo da Ostarine. Il momento migliore per assumere il SARM \u00e8 al mattino e durante i pasti, poich\u00e9 ci\u00f2 favorisce un migliore assorbimento. A seconda di come il tuo corpo reagisce all&#8217;MK-2866, non esitare a modificare la dose se avverti un significativo affaticamento o cambiamenti di umore. Ecco alcuni consigli per un utilizzo sicuro:<\/p>\n<ul>\n<li>Per evitare un sovradosaggio involontario, tieni traccia di quanto assumi ogni giorno.<\/li>\n<li>Bevi molti liquidi e segui una dieta adeguata dal punto di vista nutrizionale per favorire il recupero.<\/li>\n<li>Se stai seguendo cicli prolungati, valuta la possibilit\u00e0 di monitorare regolarmente i livelli ormonali.<\/li>\n<li>Se stai assumendo Ostarine insieme ad altri farmaci potenti, dovresti evitare di assumere contemporaneamente un intero arsenale di altri farmaci senza il consiglio del tuo medico.<\/li>\n<li>Fai una breve pausa tra un ciclo e l&#8217;altro in modo che il tuo corpo possa tornare al suo stato normale.<\/li>\n<\/ul>\n<p>\u00c8 meglio seguire queste istruzioni per massimizzare i risultati positivi di Ostarine e ridurre gli effetti collaterali se stai pensando di acquistare Ostarine MK-2866. Rispetta un determinato dosaggio e una determinata durata del ciclo per aumentare le tue possibilit\u00e0 di ottenere in modo sicuro incredibili aumenti di massa muscolare magra.<\/p>\n<h2>Ostarine MK-2866 in combinazione con altri composti<\/h2>\n<p>\u00c8 possibile ottenere diversi obiettivi in un unico ciclo combinando Ostarine MK-2866 con altri composti, ma \u00e8 necessario prestare attenzione. Durante il taglio, molti atleti preferiscono combinare Ostarine con Cardarine GW-501516\u2002per ottenere un potente aiuto. Se stai seguendo un programma di massa magra, puoi ottenere buoni risultati combinando Ostarine MK-2866 con Ligandrol LGD-4033 e aumentare la massa muscolare con una ritenzione idrica minima.<\/p>\n<p>Altre persone che non conoscono i SARM e cercano dove acquistare Ostarine MK-2866 e altri farmaci tendono a provare ad abbinare troppi agenti contemporaneamente. Questo pu\u00f2 portare a risultati molto difficili da prevedere. Il modo migliore per monitorare i progressi dei risultati \u00e8 quello di rendere un composto primario e l&#8217;altro un composto proxy, ottenendo risultati che puoi monitorare. Puoi anche misurare i guadagni di forza per determinare se l&#8217;abbinamento funziona per te.<\/p>\n<p>Anche la tempistica di assunzione dei SARM e la durata del ciclo sono molto importanti. Quindi \u00e8 consigliabile assumere Ostarine una volta al giorno. Il secondo composto pu\u00f2 avere un&#8217;emivita diversa e deve essere somministrato di conseguenza. Quando si combinano i SARM, in genere \u00e8 consigliabile mantenere la durata all&#8217;interno di un ciclo, quindi \u00e8 necessario prestare particolare attenzione quando si tratta di prolungarlo.<\/p>\n<h2>Errori comuni dei principianti nell&#8217;uso di Ostarine (MK-2866)<\/h2>\n<p>Sebbene Ostarine MK-2866 sia straordinario, i nuovi utenti commettono errori e non sanno come acquistare Ostarine MK 2866 da negozi affidabili. Comprendere questi errori vi consentir\u00e0 di rimanere al sicuro e ottenere risultati migliori. Di seguito sono elencati gli errori comuni dei principianti:<\/p>\n<ol>\n<li><strong>Raccomandazioni di dosaggio errate<\/strong><br \/>\nIl superamento di qualsiasi dosaggio pu\u00f2 aumentare gli effetti collaterali e causare uno squilibrio ormonale e una ricostruzione inutile che avrebbe potuto essere evitata. Basta mantenere le cose semplici e attenersi a dosaggi comprovati per ottenere risultati costanti e prevedibilmente salutari.<\/li>\n<li><strong>Nessun piano post-ciclo<\/strong><br \/>\nSebbene Ostarine sia un prodotto delicato, non dare al tuo corpo la possibilit\u00e0 di recuperare pu\u00f2 prolungare la guarigione dei tuoi ormoni e rallentarti in un momento in cui avresti potuto recuperare naturalmente. Un PCT ti consentir\u00e0 di aiutare meglio il tuo corpo a recuperare e a mantenere i muscoli per cui hai lavorato cos\u00ec duramente.<\/li>\n<li><strong>Un accumulo eccessivo di composti contemporaneamente<\/strong><br \/>\nSe stai gi\u00e0 utilizzando altri integratori o SARM insieme a Ostarine, potresti stressare il tuo organismo. Inizia solo con Ostarine o con un unico integratore di supporto e osserva la risposta del tuo corpo per evitare problemi persistenti con il ciclo.<\/li>\n<li><strong>Nessun monitoraggio dei progressi<\/strong><br \/>\nSe non monitori i tuoi indicatori e i tuoi progressi, sar\u00e0 impossibile capire se il ciclo \u00e8 efficace. Tieni un diario fisiologico per aiutarti a modificare gli obiettivi del tuo allenamento e della tua alimentazione.<\/li>\n<li><strong>Cattiva alimentazione<\/strong><br \/>\nUna buona alimentazione e un allenamento costante non devono essere sottovalutati, anche se conosci il posto migliore dove acquistare Ostarine MK-2866, come il nostro negozio. Trascurare l&#8217;apporto proteico o interrompere l&#8217;allenamento di forza annuller\u00e0 tutti i benefici che il SARM pu\u00f2 apportare, o almeno limiter\u00e0 notevolmente i tuoi progressi.<\/li>\n<li><strong>Allungare il ciclo<\/strong><br \/>\nNon \u00e8 consigliabile eseguire un ciclo per un periodo o una durata superiori a quelli raccomandati. I cicli migliori hanno una durata compresa tra 6 e 8 settimane. \u00c8 meglio seguire le linee guida relative alla durata del ciclo.<\/li>\n<li><strong>Ignorare i propri indicatori di salute<\/strong><br \/>\nIl corpo ti avvisa quando sei in ciclo. Stanchezza, sbalzi d&#8217;umore o dolori articolari sono indicatori che il tuo corpo richiede una modifica nella tua routine. \u00c8 importante considerare questi segnali e trattarli di conseguenza se vuoi rispettare la tua salute.<\/li>\n<\/ol>\n<p>Esistono diversi modi per garantire la tua sicurezza mentre ottieni i massimi benefici dal SARM al miglior prezzo di Ostarine MK-2866, e questo include non cadere nelle trappole sopra menzionate. Otterrai il massimo dal tuo ciclo se ti prendi tutto il tempo necessario e rifletti attentamente sui cambiamenti da apportare per ottenere il massimo valore aggiunto.<\/p>\n","protected":false},"excerpt":{"rendered":"<p>Nome Tipo Effetti principali Effetti collaterali Soppressione del testosterone Ciclo tipico Ideale per Emivita Onset (inizio effetti) PCT necessario Tossicit\u00e0 Andarine (S-4) SARM Perdita di grasso, muscoli pi\u00f9 duri, aumento della forza Alterazioni visive Media 6\u20138 settimane Cutting, ricomposizione ~4 ore 7\u201310 giorni S\u00ec Bassa Cardarine (GW-501516) Agonista PPAR\u03b4 Aumento della resistenza, ossidazione dei grassi, [&hellip;]<\/p>\n","protected":false},"featured_media":713,"comment_status":"open","ping_status":"closed","template":"","meta":{"_acf_changed":false},"product_brand":[],"product_cat":[48],"product_tag":[],"class_list":{"0":"post-1209","1":"product","2":"type-product","3":"status-publish","4":"has-post-thumbnail","6":"product_cat-sarms","8":"first","9":"instock","10":"shipping-taxable","11":"purchasable","12":"product-type-variable"},"acf":[],"_links":{"self":[{"href":"https:\/\/sarms-sport.com\/it\/wp-json\/wp\/v2\/product\/1209","targetHints":{"allow":["GET"]}}],"collection":[{"href":"https:\/\/sarms-sport.com\/it\/wp-json\/wp\/v2\/product"}],"about":[{"href":"https:\/\/sarms-sport.com\/it\/wp-json\/wp\/v2\/types\/product"}],"replies":[{"embeddable":true,"href":"https:\/\/sarms-sport.com\/it\/wp-json\/wp\/v2\/comments?post=1209"}],"wp:featuredmedia":[{"embeddable":true,"href":"https:\/\/sarms-sport.com\/it\/wp-json\/wp\/v2\/media\/713"}],"wp:attachment":[{"href":"https:\/\/sarms-sport.com\/it\/wp-json\/wp\/v2\/media?parent=1209"}],"wp:term":[{"taxonomy":"product_brand","embeddable":true,"href":"https:\/\/sarms-sport.com\/it\/wp-json\/wp\/v2\/product_brand?post=1209"},{"taxonomy":"product_cat","embeddable":true,"href":"https:\/\/sarms-sport.com\/it\/wp-json\/wp\/v2\/product_cat?post=1209"},{"taxonomy":"product_tag","embeddable":true,"href":"https:\/\/sarms-sport.com\/it\/wp-json\/wp\/v2\/product_tag?post=1209"}],"curies":[{"name":"wp","href":"https:\/\/api.w.org\/{rel}","templated":true}]}}