{"id":1212,"date":"2025-05-05T13:48:17","date_gmt":"2025-05-05T11:48:17","guid":{"rendered":"https:\/\/sarms-sport.com\/s23-zillt-medicine-mastorin-s23\/"},"modified":"2025-12-25T17:57:40","modified_gmt":"2025-12-25T16:57:40","slug":"s23-zillt-medicine-mastorin-s23","status":"publish","type":"product","link":"https:\/\/sarms-sport.com\/it\/s23-zillt-medicine-mastorin-s23\/","title":{"rendered":"S23 Zillt Medicine (Mastorin S23)"},"content":{"rendered":"<table>\n<tbody>\n<tr>\n<td style=\"text-align: center;\"><strong>Nome<\/strong><\/td>\n<td style=\"text-align: center;\"><strong>Tipo<\/strong><\/td>\n<td style=\"text-align: center;\"><strong>Effetti principali<\/strong><\/td>\n<td style=\"text-align: center;\"><strong>Effetti collaterali<\/strong><\/td>\n<td style=\"text-align: center;\"><strong>Soppressione del testosterone<\/strong><\/td>\n<td style=\"text-align: center;\"><strong>Ciclo tipico<\/strong><\/td>\n<td style=\"text-align: center;\"><strong>Ideale per<\/strong><\/td>\n<td style=\"text-align: center;\"><strong>Emivita<\/strong><\/td>\n<td style=\"text-align: center;\"><strong>Onset (inizio effetti)<\/strong><\/td>\n<td style=\"text-align: center;\"><strong>PCT necessario<\/strong><\/td>\n<td style=\"text-align: center;\"><strong>Tossicit\u00e0<\/strong><\/td>\n<\/tr>\n<tr>\n<td style=\"text-align: center;\"><a href=\"https:\/\/sarms-sport.com\/it\/andarino-zillt-medicine-andarine-s4\/\"><strong>Andarine (S-4)<\/strong><\/a><\/td>\n<td>SARM<\/td>\n<td>Perdita di grasso, muscoli pi\u00f9 duri, aumento della forza<\/td>\n<td>Alterazioni visive<\/td>\n<td>Media<\/td>\n<td>6\u20138 settimane<\/td>\n<td>Cutting, ricomposizione<\/td>\n<td>~4 ore<\/td>\n<td>7\u201310 giorni<\/td>\n<td>S\u00ec<\/td>\n<td>Bassa<\/td>\n<\/tr>\n<tr>\n<td style=\"text-align: center;\"><a href=\"https:\/\/sarms-sport.com\/it\/cardarino-zillt-medicine-cardarine-gw-501516\/\"><strong>Cardarine (GW-501516)<\/strong><\/a><\/td>\n<td>Agonista PPAR\u03b4<\/td>\n<td>Aumento della resistenza, ossidazione dei grassi, miglior metabolismo<\/td>\n<td>Rischi potenziali ad alte dosi<\/td>\n<td>Nessuna<\/td>\n<td>6\u201312 settimane<\/td>\n<td>Cutting, resistenza<\/td>\n<td>16\u201324 ore<\/td>\n<td>3\u20135 giorni<\/td>\n<td>No<\/td>\n<td>Molto bassa<\/td>\n<\/tr>\n<tr>\n<td style=\"text-align: center;\"><a href=\"https:\/\/sarms-sport.com\/it\/ibutamoreno-zillt-medicine-ibutamoren-mk-677\/\"><strong>Ibutamoren (MK-677)<\/strong><\/a><\/td>\n<td>Secretagogo GH<\/td>\n<td>Aumenta GH\/IGF-1, recupero, migliora il sonno<\/td>\n<td>Aumento dell&#8217;appetito, ritenzione idrica<\/td>\n<td>Nessuna<\/td>\n<td>8\u201316 settimane<\/td>\n<td>Bulking, recupero<\/td>\n<td>20\u201324 ore<\/td>\n<td>5\u20137 giorni<\/td>\n<td>No<\/td>\n<td>Bassa<\/td>\n<\/tr>\n<tr>\n<td style=\"text-align: center;\"><a href=\"https:\/\/sarms-sport.com\/it\/ligandrolo-zillt-medicine-ligandrol-lgd-4033\/\"><strong>Ligandrol (LGD-4033)<\/strong><\/a><\/td>\n<td>SARM<\/td>\n<td>Aumento di massa e forza, migliore recupero<\/td>\n<td>Forte soppressione<\/td>\n<td>Alta<\/td>\n<td>6\u20138 settimane<\/td>\n<td>Bulking<\/td>\n<td>24\u201336 ore<\/td>\n<td>7\u201310 giorni<\/td>\n<td>S\u00ec<\/td>\n<td>Bassa<\/td>\n<\/tr>\n<tr>\n<td style=\"text-align: center;\"><a href=\"https:\/\/sarms-sport.com\/it\/ostarino-zillt-medicine-ostarine-mk-2866\/\"><strong>Ostarine (MK-2866)<\/strong><\/a><\/td>\n<td>SARM<\/td>\n<td>Aumento massa magra, supporto articolare, leggera ricomposizione<\/td>\n<td>Lieve soppressione<\/td>\n<td>Bassa<\/td>\n<td>6\u20138 settimane<\/td>\n<td>Ricomposizione<\/td>\n<td>24 ore<\/td>\n<td>10\u201314 giorni<\/td>\n<td>No<\/td>\n<td>Molto bassa<\/td>\n<\/tr>\n<tr>\n<td style=\"text-align: center;\"><a href=\"https:\/\/sarms-sport.com\/it\/s23-zillt-medicine-mastorin-s23\/\"><strong>Mastorin (S-23)<\/strong><\/a><\/td>\n<td>SARM potente<\/td>\n<td>Forza, muscoli duri e densi, forte effetto indurente<\/td>\n<td>Soppressione molto intensa<\/td>\n<td>Molto alta<\/td>\n<td>4\u20136 settimane<\/td>\n<td>Cutting avanzato, forza<\/td>\n<td>~12 ore<\/td>\n<td>3\u20137 giorni<\/td>\n<td>S\u00ec<\/td>\n<td>Moderata<\/td>\n<\/tr>\n<tr>\n<td style=\"text-align: center;\"><a href=\"https:\/\/sarms-sport.com\/it\/stenabolo-zillt-medicine-stenabolic-sr-9009\/\"><strong>Stenabolic (SR-9009)<\/strong><\/a><\/td>\n<td>Agonista Rev-ERB<\/td>\n<td>Aumento del metabolismo, perdita di grasso, resistenza<\/td>\n<td>Richiede dosi frequenti<\/td>\n<td>Nessuna<\/td>\n<td>6\u201310 settimane<\/td>\n<td>Cutting<\/td>\n<td>1\u20132 ore<\/td>\n<td>2\u20134 giorni<\/td>\n<td>No<\/td>\n<td>Molto bassa<\/td>\n<\/tr>\n<tr>\n<td style=\"text-align: center;\"><a href=\"https:\/\/sarms-sport.com\/it\/testolono-zillt-medicine-testolone-rad-140\/\"><strong>Testolone (RAD-140)<\/strong><\/a><\/td>\n<td>SARM<\/td>\n<td>Aumento della forza, massa muscolare, effetto anticatabolico<\/td>\n<td>Soppressione, irritabilit\u00e0<\/td>\n<td>Alta<\/td>\n<td>6\u20138 settimane<\/td>\n<td>Bulking, forza<\/td>\n<td>~60 ore<\/td>\n<td>5\u20137 giorni<\/td>\n<td>S\u00ec<\/td>\n<td>Bassa\u2013media<\/td>\n<\/tr>\n<tr>\n<td style=\"text-align: center;\"><a href=\"https:\/\/sarms-sport.com\/it\/yk-11-zillt-medicine-myostan-yk11\/\"><strong>Myostan (YK-11)<\/strong><\/a><\/td>\n<td>Inibitore della miostatina<\/td>\n<td>Aumento rapido della forza, ipertrofia accelerata, massa densa<\/td>\n<td>Stress epatico, aggressivit\u00e0<\/td>\n<td>Alta<\/td>\n<td>4\u20138 settimane<\/td>\n<td>Bulking, forza<\/td>\n<td>6\u201310 ore<\/td>\n<td>5\u20137 giorni<\/td>\n<td>S\u00ec<\/td>\n<td>Media\u2013alta<\/td>\n<\/tr>\n<\/tbody>\n<\/table>\n<h2>Cos&#8217;\u00e8 S23 SARM<\/h2>\n<p>S23 SARM \u00e8 considerato il pi\u00f9 potente modulatore selettivo dei recettori androgeni. Il farmaco ha fatto la sua prima apparizione nel mondo del bodybuilding grazie alla sua capacit\u00e0 di aumentare la massa muscolare e perdere grasso allo stesso tempo. S23 \u00e8 stato originariamente sviluppato come contraccettivo maschile e sin dall&#8217;inizio ha guadagnato popolarit\u00e0 tra gli atleti e i bodybuilder per la sua estrema efficacia.<\/p>\n<p>La maggior parte delle persone che acquistano S23 SARM sono gi\u00e0 utenti che hanno precedentemente utilizzato un SARM moderno o pi\u00f9 debole e sono semplicemente alla ricerca di uno pi\u00f9 forte. Diversi utenti equiparano S23 e Winstrol, o Trenbolone, per la sua qualit\u00e0 di vascolarizzazione secca, ma senza gli intensi effetti androgenici dei due.<\/p>\n<p>In definitiva, S23 SARM \u00e8 perfetto per l&#8217;atleta che vuole spingersi al massimo e guadagnare muscoli di qualit\u00e0 per sembrare pronto a salire sul palco. Se dosato correttamente, S23 SARM pu\u00f2 alterare significativamente il corpo e indurre una sensazione generale di durezza complessiva.<\/p>\n<h2>Come funziona S23 (Mastorin)<\/h2>\n<p>Mastorin S23 si lega ai recettori degli androgeni nei muscoli e nelle ossa, stimola la sintesi proteica e la crescita dei muscoli e delle ossa, oltre a ridurre la massa grassa. A differenza degli steroidi anabolizzanti, S23 non aromatizza in estrogeni n\u00e9 provoca ritenzione idrica. Il farmaco ha un&#8217;elevata affinit\u00e0 di legame con i recettori, il che significa che ha forti effetti anabolici anche a dosi molto basse. Questo \u00e8 uno dei fattori principali per cui \u00e8 considerato il pi\u00f9 potente SARM S23 in commercio.<\/p>\n<p>S23 promuove l&#8217;attivit\u00e0 anabolica e riduce l&#8217;ormone luteinizzante e l&#8217;ormone follicolo-stimolante una volta nell&#8217;organismo. \u00c8 la soppressione di questi ormoni che porta a un temporaneo arresto del testosterone, motivo per cui \u00e8 necessaria la PCT durante l&#8217;uso. In ogni caso, S23 ha un eccellente rapporto anabolico-androgenico.<\/p>\n<p>Mastorin potrebbe essere particolarmente utile nei cicli di definizione o ricomposizione nella vita reale, dove l&#8217;obiettivo \u00e8 mantenere la massa muscolare mentre si perde grasso. Questo \u00e8 ci\u00f2 che rende il suo meccanismo cos\u00ec diverso da altri farmaci:<\/p>\n<ul>\n<li>il targeting di recettori specifici consente la creazione di muscoli spessi e di alta qualit\u00e0.<\/li>\n<li>L&#8217;attivit\u00e0 estrogenica minima si traduce in un aspetto asciutto e duro.<\/li>\n<li>L&#8217;emivita breve di circa 2 giorni consente regimi di dosaggio flessibili.<\/li>\n<li>Il metabolismo accelerato consente di bruciare i grassi pi\u00f9 rapidamente.<\/li>\n<li>Una maggiore densit\u00e0 delle fibre muscolari \u00e8 la ragione dell&#8217;aspetto compatto.<\/li>\n<\/ul>\n<p>S23 funziona sulla base del presupposto che si ottenga una spinta anabolica incredibilmente potente che induce un grado di controllo cos\u00ec preciso sul lato androgenico dei suoi effetti. Ci\u00f2 \u00e8 assolutamente necessario per un atleta avanzato che mira a raggiungere una condizione fisica di livello professionale.<\/p>\n<h2>Vantaggi di S23 SARM<\/h2>\n<p>Mastorin \u00e8 considerato il SARM pi\u00f9 potente sia per la perdita di grasso che per l&#8217;aumento della massa muscolare. Gli utenti lo descrivono spesso come un SARM &#8220;asciugante&#8221;, che aiuta a mantenere l&#8217;aspetto vascolare senza aggiungere peso inutile dovuto alla ritenzione idrica. Di seguito sono elencati i principali benefici di S23 SARM per i bodybuilder:<\/p>\n<ol>\n<li><strong>Spessore muscolare<\/strong><br \/>\nUna durezza senza precedenti \u00e8 un effetto piuttosto insolito di tali integratori per l&#8217;aumento di massa. Questo complesso muscolare ha un effetto eccellente, poich\u00e9 crea muscoli che sembrano quelli da competizione, ma senza gli effetti collaterali negativi.<\/li>\n<li><strong>Aumento della forza<\/strong><br \/>\nS23 determina un significativo miglioramento della forza e della resistenza muscolare. Numerosi atleti riferiscono di poter eseguire pi\u00f9 ripetizioni allo stesso livello di affaticamento senza perdere il controllo della respirazione.<\/li>\n<li><strong>Perdita di grasso e ricomposizione corporea<\/strong><br \/>\nMastorin S23 stimola il metabolismo, facendo bruciare il grasso immagazzinato piuttosto che consumare i muscoli. \u00c8 ottimo per i cicli di definizione con l&#8217;obiettivo di perdere grasso e mantenere la massa muscolare.<\/li>\n<li><strong>Definizione e vascolarizzazione<\/strong><br \/>\nUn effetto positivo segnalato da molti utenti di SARM S23 \u00e8 un aumento della vascolarizzazione. Ci si pu\u00f2 aspettare che le vene siano pi\u00f9 evidenti e che i muscoli siano leggermente pi\u00f9 definiti sotto la pelle.<\/li>\n<li><strong>Deficit calorico<\/strong><br \/>\nS23 SARM aiuta il corpo a mantenere l&#8217;attivit\u00e0 anabolica in condizioni di deficit calorico. Per quanto riguarda il tuo aspetto allo specchio, TF, sarai pi\u00f9 &#8220;magro&#8221; senza essere &#8220;pi\u00f9 pieno&#8221;.<\/li>\n<\/ol>\n<p>La vera bellezza dell&#8217;S23 \u00e8 la capacit\u00e0 di costruire un corpo esteticamente gradevole e potente, e non solo pi\u00f9 grande. Per gli atleti che cercano l&#8217;estetica, \u00e8 uno dei migliori prodotti sul mercato.<\/p>\n<h2>Effetti collaterali di Mastorin (S23)<\/h2>\n<p>Mastorin S23 presenta diversi vantaggi, ma \u00e8 anche un SARM potente, che comporta reazioni avverse che non possono essere ignorate. Per un uso responsabile, \u00e8 necessario sapere come affrontare gli effetti collaterali pi\u00f9 comuni di SARMS S23:<\/p>\n<ol>\n<li><strong>Soppressione del testosterone<\/strong><br \/>\nHa un&#8217;attivit\u00e0 androgenica estremamente elevata e, per questo motivo, \u00e8 in grado di bloccare la produzione di testosterone. Per contrastare questo effetto, la maggior parte delle persone segue un regime PCT a base di Clomid, Nolvadex o altri farmaci per riportare i livelli ormonali alla normalit\u00e0.<\/li>\n<li><strong>Cambiamento della libido<\/strong><br \/>\nMolte persone notano un aumento della libido durante l&#8217;assunzione di Mastorin S23 e poi un calo una volta terminato il ciclo. Le fluttuazioni cicliche possono essere dovute a uno stato di equilibrio ormonale che varia da individuo a individuo. Come gi\u00e0 accennato, un PCT ben pianificato vi aiuter\u00e0 a gestire tali sintomi, oltre ad aiutarvi a preservare le vostre prestazioni complessive.<\/li>\n<li><strong>Cambiamenti di energia e umore<\/strong><br \/>\nPoich\u00e9 gli SARM S23 influenzano i livelli ormonali, alcune persone potrebbero avvertire un temporaneo calo dell&#8217;umore e dell&#8217;energia. Si tratta solitamente di effetti lievi, che dovrebbero scomparire con un periodo di recupero. Una dieta adeguata e il mantenimento di una buona routine di sonno possono aiutare a ridurre al minimo questi effetti.<\/li>\n<li><strong>Potenziale perdita di capelli o pelle grassa<\/strong><br \/>\nA volte Mastorin S23 pu\u00f2 causare una lieve reazione androgenica sul tuo corpo, tra cui perdita di capelli o pelle molto grassa. Questi effetti collaterali saranno temporanei e nella maggior parte dei casi possono essere attenuati con l&#8217;igiene e la PCT.<\/li>\n<li><strong>Potenziale impatto sulla fertilit\u00e0<\/strong><br \/>\nDetto questo, cicli lunghi o dosi molto elevate potrebbero temporaneamente sopprimere la produzione di sperma e influire negativamente sulla fertilit\u00e0. Esegui sempre i tuoi cicli in modo adeguato e prevedi del tempo per recuperare tra uno e l&#8217;altro.<\/li>\n<\/ol>\n<p>In generale, questi effetti collaterali sono controllabili con la giusta durata del ciclo e la PCT. La potenza del composto significa che deve essere rispettato, ma non bisogna averne paura. Ascolta il tuo corpo e considera il tempo di recupero come parte integrante del tempo di allenamento.<\/p>\n<h2>Dosaggio, durata del ciclo e uso sicuro degli SARM S23<\/h2>\n<p>La precisione \u00e8 fondamentale nel caso S23 di Mastorin. Questa sostanza \u00e8 tra i SARM pi\u00f9 potenti disponibili sul mercato. Pertanto, come menzionato sopra, la pianificazione del ciclo \u00e8 essenziale e pu\u00f2 portare a risultati eccezionali o compromettere il tuo profilo ormonale.<\/p>\n<h3>Dosaggio ottimale<\/h3>\n<p>Il dosaggio raccomandato di SARM S23 \u00e8 solitamente di 10-30 mg al giorno, in base al tuo livello di forma fisica e alla tua esperienza. Per testare la tua tolleranza, la maggior parte dei principianti dovrebbe iniziare con 10 mg, mentre gli utenti pi\u00f9 esperti possono assumerne 30 mg. La dose giornaliera pu\u00f2 essere suddivisa in 2 dosi, da assumere due volte al giorno, poich\u00e9 S23 ha un&#8217;emivita breve. Ci\u00f2 contribuir\u00e0 a mantenere un livello costante nel tuo organismo. Se si assumono pi\u00f9 di 30 mg al giorno, non si otterranno guadagni pi\u00f9 rapidi e si potrebbe causare un calo del testosterone.<\/p>\n<h3>Durata consigliata del ciclo<\/h3>\n<p>La durata standard di un ciclo SARM S23 \u00e8 di 6-8 settimane, che \u00e8 una durata adeguata per essere abbastanza efficace e non eccessiva per l&#8217;organismo. Otterrai un aumento reale della forza e della densit\u00e0 dei muscoli senza danneggiare il tuo sistema endocrino. Dovrai seguire una terapia post-ciclo per 4 settimane dopo il ciclo per riavviare la produzione naturale di testosterone. Inoltre, normalmente vedrai i risultati di S23 intorno alla terza o quarta settimana di utilizzo.<\/p>\n<h3>Consigli per un uso sicuro<\/h3>\n<p>Un bodybuilder sensibile si distingue facilmente da uno sconsiderato per la sua schiettezza. Mastorin S23, pur essendo un integratore potente, richiede cautela nell&#8217;uso. Molti atleti continuano a commettere errori lungo il percorso, ed ecco alcuni consigli da seguire:<\/p>\n<ul>\n<li>\u00c8 necessario sottoporsi regolarmente ad analisi del sangue prima, durante e dopo il ciclo per monitorare i livelli ormonali, gli enzimi epatici e i lipidi.<\/li>\n<li>Assumi proteine di alta qualit\u00e0 e carboidrati complessi per favorire il recupero muscolare e aumentare i livelli di energia.<\/li>\n<li>Usa un booster naturale durante il ciclo, perch\u00e9 questo SARM pu\u00f2 causare una certa soppressione.<\/li>\n<li>S23 sottopone il tuo corpo a un allenamento mirato e il recupero assume un&#8217;importanza sempre maggiore. Dormi per 7-9 ore e bevi molta acqua.<\/li>\n<li>Composti come Clomid o Nolvadex non sono facoltativi una volta terminato il ciclo. Aiutano a normalizzare la funzione ormonale in modo da poter mantenere i risultati ottenuti.<\/li>\n<li>Lascia passare almeno 8-10 settimane prima di iniziare un altro ciclo di S23, in modo che il tuo corpo possa riposare.<\/li>\n<li>Il risultato finale dipender\u00e0 dalla tua disciplina. Se ti alleni con costanza, otterrai i migliori risultati a lungo termine.<\/li>\n<\/ul>\n<p>Puoi godere dei benefici del SARM S23 senza gli steroidi anabolizzanti pericolosi, ottenendo allo stesso tempo un fisico esteticamente gradevole. Ma il successo a lungo termine non consiste nel superare i limiti. Piuttosto, consiste nell&#8217;utilizzare con pazienza tutti gli strumenti a disposizione, come il Mastorin S23.<\/p>\n<h2>Mastorin (S23) in combinazione con altri composti<\/h2>\n<p>L&#8217;accoppiamento di Mastorin S23 viene solitamente utilizzato per affinare la definizione o mantenere la massa muscolare in caso di deficit calorico. Durante il cutting, \u00e8 noto che viene accoppiato con Cardarine (GW-501516) o Andarine (S4) per ottenere risultati sorprendenti con S23 SARM prima e dopo. Questa formula porta a una migliore resistenza e a un maggiore consumo di grassi. Inoltre, questo accoppiamento \u00e8 particolarmente utile per la preparazione alle competizioni o ai servizi fotografici.<\/p>\n<p>Per aiutare ad aumentare la massa muscolare e perdere grasso allo stesso tempo, potresti voler combinare S23 con SARM come Ligandrol o MK-677 per la ricomposizione corporea. Ligandrol consente un aumento graduale del tessuto magro, mentre MK-677 facilita il recupero e il sonno attraverso una maggiore secrezione dell&#8217;ormone della crescita. Con l&#8217;aggiunta di S23, questa combinazione offre agli utenti la possibilit\u00e0 di mantenere la forza durante l&#8217;allenamento e ottenere tessuto magro di alta qualit\u00e0.<\/p>\n<p>A volte, i principianti provano composti fortemente espressivi come RAD-140 o YK11. Questi stack esercitano una maggiore pressione sul sistema ormonale e richiedono un recupero maggiore. Un suggerimento migliore \u00e8 quello di iniziare con SARM semi-lievi o supporti a base di peptidi. Qualunque sia lo stack, tutti gli utenti dovrebbero concludere il ciclo con un PCT adeguato per livelli di T pi\u00f9 elevati, ma anche per mantenere i risultati.<\/p>\n<h2>Errori comuni dei principianti nell&#8217;uso di Mastorin (S23)<\/h2>\n<p>Che tu sia un atleta alle prime armi o esperto, puoi comunque commettere errori e ottenere risultati inferiori alle aspettative. Di seguito sono riportati gli errori pi\u00f9 frequenti che le persone commettono e come prevenirli:<\/p>\n<ol>\n<li><strong>Iniziare con una dose elevata<\/strong><br \/>\nMolti nuovi utenti pensano che pi\u00f9 ne assumono, pi\u00f9 veloci saranno i guadagni, ma con i SARM S23, una dose maggiore significa solo una maggiore soppressione del testosterone. Dopo esserti assicurato di essere pronto per iniziare il ciclo, si consiglia di iniziare con 10-15 mg al giorno.<\/li>\n<li><strong>Nessuna terapia post-ciclo<\/strong><br \/>\nCon Mastorin, la soppressione pu\u00f2 essere estremamente difficile e, anche se non si esegue la PCT alla fine del ciclo, si pu\u00f2 perdere forza e persino diventare depressi.<\/li>\n<li><strong>Dieta scorretta<\/strong><br \/>\nSe usi i composti pi\u00f9 forti per perdere grasso corporeo dall&#8217;intestino, devi comunque mangiare bene. Il fatto \u00e8 che, non importa quanto sia forte lo steroide, non puoi preservare i muscoli se non hai una corretta alimentazione. Hai bisogno di proteine sufficienti e di alcuni grassi sani per mantenere la maggior parte dei muscoli.<\/li>\n<li><strong>Combinazione di troppi composti<\/strong><br \/>\nL&#8217;uso di S23 con altri SARM o steroidi potrebbe essere eccessivo per il tuo corpo. Per chi \u00e8 alle prime armi, \u00e8 consigliabile limitarsi a 1 o 2 composti pi\u00f9 leggeri come Cardarine e MK-677. La giusta combinazione pu\u00f2 garantire guadagni costanti, ma una combinazione casuale causer\u00e0 squilibri ormonali.<\/li>\n<li><strong>Ciclo troppo lungo<\/strong><br \/>\nS23 \u00e8 un composto potente, quindi non utilizzarlo per pi\u00f9 di 6-8 settimane. Prolungare troppo il ciclo comporter\u00e0 una soppressione ancora pi\u00f9 profonda e un recupero difficile. Assicurati che le pause tra un ciclo e l&#8217;altro ti garantiscano un migliore equilibrio ormonale.<\/li>\n<\/ol>\n<p>Con il giusto approccio ed evitando le insidie, puoi acquistare S23 SARM in modo sicuro e godere dei benefici della crescita muscolare con rischi minimi. Se commetti ancora degli errori, non esitare a cercare un aiuto professionale e non trascurare la tua salute.<\/p>\n","protected":false},"excerpt":{"rendered":"<p>Nome Tipo Effetti principali Effetti collaterali Soppressione del testosterone Ciclo tipico Ideale per Emivita Onset (inizio effetti) PCT necessario Tossicit\u00e0 Andarine (S-4) SARM Perdita di grasso, muscoli pi\u00f9 duri, aumento della forza Alterazioni visive Media 6\u20138 settimane Cutting, ricomposizione ~4 ore 7\u201310 giorni S\u00ec Bassa Cardarine (GW-501516) Agonista PPAR\u03b4 Aumento della resistenza, ossidazione dei grassi, [&hellip;]<\/p>\n","protected":false},"featured_media":720,"comment_status":"open","ping_status":"closed","template":"","meta":{"_acf_changed":false},"product_brand":[],"product_cat":[48],"product_tag":[],"class_list":{"0":"post-1212","1":"product","2":"type-product","3":"status-publish","4":"has-post-thumbnail","6":"product_cat-sarms","8":"first","9":"instock","10":"shipping-taxable","11":"purchasable","12":"product-type-variable"},"acf":[],"_links":{"self":[{"href":"https:\/\/sarms-sport.com\/it\/wp-json\/wp\/v2\/product\/1212","targetHints":{"allow":["GET"]}}],"collection":[{"href":"https:\/\/sarms-sport.com\/it\/wp-json\/wp\/v2\/product"}],"about":[{"href":"https:\/\/sarms-sport.com\/it\/wp-json\/wp\/v2\/types\/product"}],"replies":[{"embeddable":true,"href":"https:\/\/sarms-sport.com\/it\/wp-json\/wp\/v2\/comments?post=1212"}],"wp:featuredmedia":[{"embeddable":true,"href":"https:\/\/sarms-sport.com\/it\/wp-json\/wp\/v2\/media\/720"}],"wp:attachment":[{"href":"https:\/\/sarms-sport.com\/it\/wp-json\/wp\/v2\/media?parent=1212"}],"wp:term":[{"taxonomy":"product_brand","embeddable":true,"href":"https:\/\/sarms-sport.com\/it\/wp-json\/wp\/v2\/product_brand?post=1212"},{"taxonomy":"product_cat","embeddable":true,"href":"https:\/\/sarms-sport.com\/it\/wp-json\/wp\/v2\/product_cat?post=1212"},{"taxonomy":"product_tag","embeddable":true,"href":"https:\/\/sarms-sport.com\/it\/wp-json\/wp\/v2\/product_tag?post=1212"}],"curies":[{"name":"wp","href":"https:\/\/api.w.org\/{rel}","templated":true}]}}