{"id":1215,"date":"2025-05-05T13:49:42","date_gmt":"2025-05-05T11:49:42","guid":{"rendered":"https:\/\/sarms-sport.com\/stenabolo-zillt-medicine-stenabolic-sr-9009\/"},"modified":"2025-12-25T17:58:13","modified_gmt":"2025-12-25T16:58:13","slug":"stenabolo-zillt-medicine-stenabolic-sr-9009","status":"publish","type":"product","link":"https:\/\/sarms-sport.com\/it\/stenabolo-zillt-medicine-stenabolic-sr-9009\/","title":{"rendered":"Stenabolo Zillt Medicine (Stenabolic SR-9009)"},"content":{"rendered":"<table>\n<tbody>\n<tr>\n<td style=\"text-align: center;\"><strong>Nome<\/strong><\/td>\n<td style=\"text-align: center;\"><strong>Tipo<\/strong><\/td>\n<td style=\"text-align: center;\"><strong>Effetti principali<\/strong><\/td>\n<td style=\"text-align: center;\"><strong>Effetti collaterali<\/strong><\/td>\n<td style=\"text-align: center;\"><strong>Soppressione del testosterone<\/strong><\/td>\n<td style=\"text-align: center;\"><strong>Ciclo tipico<\/strong><\/td>\n<td style=\"text-align: center;\"><strong>Ideale per<\/strong><\/td>\n<td style=\"text-align: center;\"><strong>Emivita<\/strong><\/td>\n<td style=\"text-align: center;\"><strong>Onset (inizio effetti)<\/strong><\/td>\n<td style=\"text-align: center;\"><strong>PCT necessario<\/strong><\/td>\n<td style=\"text-align: center;\"><strong>Tossicit\u00e0<\/strong><\/td>\n<\/tr>\n<tr>\n<td style=\"text-align: center;\"><a href=\"https:\/\/sarms-sport.com\/it\/andarino-zillt-medicine-andarine-s4\/\"><strong>Andarine (S-4)<\/strong><\/a><\/td>\n<td>SARM<\/td>\n<td>Perdita di grasso, muscoli pi\u00f9 duri, aumento della forza<\/td>\n<td>Alterazioni visive<\/td>\n<td>Media<\/td>\n<td>6\u20138 settimane<\/td>\n<td>Cutting, ricomposizione<\/td>\n<td>~4 ore<\/td>\n<td>7\u201310 giorni<\/td>\n<td>S\u00ec<\/td>\n<td>Bassa<\/td>\n<\/tr>\n<tr>\n<td style=\"text-align: center;\"><a href=\"https:\/\/sarms-sport.com\/it\/cardarino-zillt-medicine-cardarine-gw-501516\/\"><strong>Cardarine (GW-501516)<\/strong><\/a><\/td>\n<td>Agonista PPAR\u03b4<\/td>\n<td>Aumento della resistenza, ossidazione dei grassi, miglior metabolismo<\/td>\n<td>Rischi potenziali ad alte dosi<\/td>\n<td>Nessuna<\/td>\n<td>6\u201312 settimane<\/td>\n<td>Cutting, resistenza<\/td>\n<td>16\u201324 ore<\/td>\n<td>3\u20135 giorni<\/td>\n<td>No<\/td>\n<td>Molto bassa<\/td>\n<\/tr>\n<tr>\n<td style=\"text-align: center;\"><a href=\"https:\/\/sarms-sport.com\/it\/ibutamoreno-zillt-medicine-ibutamoren-mk-677\/\"><strong>Ibutamoren (MK-677)<\/strong><\/a><\/td>\n<td>Secretagogo GH<\/td>\n<td>Aumenta GH\/IGF-1, recupero, migliora il sonno<\/td>\n<td>Aumento dell&#8217;appetito, ritenzione idrica<\/td>\n<td>Nessuna<\/td>\n<td>8\u201316 settimane<\/td>\n<td>Bulking, recupero<\/td>\n<td>20\u201324 ore<\/td>\n<td>5\u20137 giorni<\/td>\n<td>No<\/td>\n<td>Bassa<\/td>\n<\/tr>\n<tr>\n<td style=\"text-align: center;\"><a href=\"https:\/\/sarms-sport.com\/it\/ligandrolo-zillt-medicine-ligandrol-lgd-4033\/\"><strong>Ligandrol (LGD-4033)<\/strong><\/a><\/td>\n<td>SARM<\/td>\n<td>Aumento di massa e forza, migliore recupero<\/td>\n<td>Forte soppressione<\/td>\n<td>Alta<\/td>\n<td>6\u20138 settimane<\/td>\n<td>Bulking<\/td>\n<td>24\u201336 ore<\/td>\n<td>7\u201310 giorni<\/td>\n<td>S\u00ec<\/td>\n<td>Bassa<\/td>\n<\/tr>\n<tr>\n<td style=\"text-align: center;\"><a href=\"https:\/\/sarms-sport.com\/it\/ostarino-zillt-medicine-ostarine-mk-2866\/\"><strong>Ostarine (MK-2866)<\/strong><\/a><\/td>\n<td>SARM<\/td>\n<td>Aumento massa magra, supporto articolare, leggera ricomposizione<\/td>\n<td>Lieve soppressione<\/td>\n<td>Bassa<\/td>\n<td>6\u20138 settimane<\/td>\n<td>Ricomposizione<\/td>\n<td>24 ore<\/td>\n<td>10\u201314 giorni<\/td>\n<td>No<\/td>\n<td>Molto bassa<\/td>\n<\/tr>\n<tr>\n<td style=\"text-align: center;\"><a href=\"https:\/\/sarms-sport.com\/it\/s23-zillt-medicine-mastorin-s23\/\"><strong>Mastorin (S-23)<\/strong><\/a><\/td>\n<td>SARM potente<\/td>\n<td>Forza, muscoli duri e densi, forte effetto indurente<\/td>\n<td>Soppressione molto intensa<\/td>\n<td>Molto alta<\/td>\n<td>4\u20136 settimane<\/td>\n<td>Cutting avanzato, forza<\/td>\n<td>~12 ore<\/td>\n<td>3\u20137 giorni<\/td>\n<td>S\u00ec<\/td>\n<td>Moderata<\/td>\n<\/tr>\n<tr>\n<td style=\"text-align: center;\"><a href=\"https:\/\/sarms-sport.com\/it\/stenabolo-zillt-medicine-stenabolic-sr-9009\/\"><strong>Stenabolic (SR-9009)<\/strong><\/a><\/td>\n<td>Agonista Rev-ERB<\/td>\n<td>Aumento del metabolismo, perdita di grasso, resistenza<\/td>\n<td>Richiede dosi frequenti<\/td>\n<td>Nessuna<\/td>\n<td>6\u201310 settimane<\/td>\n<td>Cutting<\/td>\n<td>1\u20132 ore<\/td>\n<td>2\u20134 giorni<\/td>\n<td>No<\/td>\n<td>Molto bassa<\/td>\n<\/tr>\n<tr>\n<td style=\"text-align: center;\"><a href=\"https:\/\/sarms-sport.com\/it\/testolono-zillt-medicine-testolone-rad-140\/\"><strong>Testolone (RAD-140)<\/strong><\/a><\/td>\n<td>SARM<\/td>\n<td>Aumento della forza, massa muscolare, effetto anticatabolico<\/td>\n<td>Soppressione, irritabilit\u00e0<\/td>\n<td>Alta<\/td>\n<td>6\u20138 settimane<\/td>\n<td>Bulking, forza<\/td>\n<td>~60 ore<\/td>\n<td>5\u20137 giorni<\/td>\n<td>S\u00ec<\/td>\n<td>Bassa\u2013media<\/td>\n<\/tr>\n<tr>\n<td style=\"text-align: center;\"><a href=\"https:\/\/sarms-sport.com\/it\/yk-11-zillt-medicine-myostan-yk11\/\"><strong>Myostan (YK-11)<\/strong><\/a><\/td>\n<td>Inibitore della miostatina<\/td>\n<td>Aumento rapido della forza, ipertrofia accelerata, massa densa<\/td>\n<td>Stress epatico, aggressivit\u00e0<\/td>\n<td>Alta<\/td>\n<td>4\u20138 settimane<\/td>\n<td>Bulking, forza<\/td>\n<td>6\u201310 ore<\/td>\n<td>5\u20137 giorni<\/td>\n<td>S\u00ec<\/td>\n<td>Media\u2013alta<\/td>\n<\/tr>\n<\/tbody>\n<\/table>\n<h2>Che cos&#8217;\u00e8 Stenabolic (SR-9009)<\/h2>\n<p>Stenabolic (SR-9009) \u00e8 un farmaco sintetico spesso classificato come SARM, ma non \u00e8 un SARMs perch\u00e9 il suo meccanismo d&#8217;azione \u00e8 diverso. Gli atleti e i culturisti lo utilizzano per poter svolgere allenamenti ad alta intensit\u00e0 per periodi di tempo pi\u00f9 lunghi e per apparire il pi\u00f9 magri possibile. SR 9009 Stenabolic non \u00e8 uno stimolante, quindi non provoca nervosismo o cali di energia, ma agisce aumentando gradualmente l&#8217;utilizzo di energia da parte dell&#8217;organismo durante il giorno.<\/p>\n<p>Prima di essere studiato per i suoi effetti sulle malattie metaboliche e cardiovascolari, il composto era gi\u00e0 stato oggetto di ricerca. Tuttavia, ora sta attirando l&#8217;attenzione per i suoi benefici in termini di resistenza e funzionalit\u00e0 nell&#8217;atletica. Ci\u00f2 che rende SR-9009 Stenabolic un prodotto valido \u00e8 che favorisce l&#8217;ossidazione dei grassi senza la necessit\u00e0 di perdere massa muscolare, il che significa essere in grado di ottenere risultati anche con un deficit calorico. A met\u00e0 strada tra le due cose, questa \u00e8 l&#8217;azione unica di questo agente che pu\u00f2 tornare utile a chiunque cerchi di ridurre il peso o migliorare le prestazioni metaboliche.<\/p>\n<h2>Come funziona SR-9009 Stenabolic<\/h2>\n<p>SR9009 Stenabolic agisce attivando una particolare proteina chiamata Rev-ErbA. Contribuisce a regolare il tasso metabolico del corpo e l&#8217;orologio interno generale. Una volta attivata questa proteina, le cellule producono pi\u00f9 mitocondri al loro interno, i minuscoli organelli che producono energia e consentono al corpo di svolgere tutti i suoi processi. Il risultato \u00e8 una maggiore resistenza, un efficiente consumo di grassi e una maggiore produzione di energia nel corpo.<\/p>\n<p>In breve, SR-9009 rende il corpo pi\u00f9 efficiente nell&#8217;utilizzo dell&#8217;energia, consentendo di allenarsi pi\u00f9 intensamente e rimanere attivi pi\u00f9 a lungo. Ecco quindi l&#8217;impatto di SR-9009 sul corpo umano:<\/p>\n<ul>\n<li>Le cellule aumentano le loro unit\u00e0 produttrici di energia, i mitocondri, per migliorare la resistenza e le prestazioni fisiche.<\/li>\n<li>Il tuo corpo \u00e8 pi\u00f9 efficiente dal punto di vista energetico durante il giorno, il che potrebbe essere uno dei motivi per cui ultimamente ti senti fiacco.<\/li>\n<li>Pi\u00f9 i muscoli riescono a resistere prima di affaticarsi, pi\u00f9 facili diventano le sessioni di cardio.<\/li>\n<li>Il corpo brucia pi\u00f9 grassi per produrre energia, il che a lungo termine pu\u00f2 farti dimagrire.<\/li>\n<li>Pu\u00f2 avere effetti benefici sull&#8217;orologio interno, normalizzare i cicli sonno-veglia e migliorare la salute metabolica.<\/li>\n<\/ul>\n<p>Grazie a tutti questi effetti combinati, SR9009 in vendita fa semplicemente sentire gli utenti pi\u00f9 energici e permette loro di ottenere maggiori prestazioni senza alcun effetto sull&#8217;ipertrofia muscolare. Alcuni atleti lo apprezzano anche per la resistenza e il controllo del grasso.<\/p>\n<h2>Vantaggi di SR-9009 Stenabolic<\/h2>\n<p>Molti dei benefici di Stenabolic hanno a che fare con gli atleti, gli appassionati di fitness o semplicemente le persone che cercano di aumentare l&#8217;energia e il metabolismo. Sebbene SR-9009 non sia uno steroide, l&#8217;effetto sulla resistenza e sulle prestazioni \u00e8 molto positivo quando si cerca pi\u00f9 energia. Di seguito sono elencati alcuni dei principali vantaggi che ci si pu\u00f2 aspettare:<\/p>\n<ol>\n<li><strong>Maggiore resistenza<\/strong><br \/>\nQuando si acquista Stenabolic, aumenta il tempo in cui i muscoli possono lavorare senza affaticarsi. Gli utenti affermano anche che pu\u00f2 aiutare a rendere pi\u00f9 facili le sessioni di cardio e che possono spingersi oltre nei loro allenamenti. Una maggiore resistenza \u00e8 sempre positiva per gli atleti e per coloro che desiderano avere una resistenza migliore.<\/li>\n<li><strong>Migliore effetto brucia-grassi<\/strong><br \/>\nColoro che utilizzano SR-9009 affermano che il loro metabolismo dei grassi \u00e8 pi\u00f9 efficiente grazie all&#8217;aumento dell&#8217;attivit\u00e0 mitocondriale. Una maggiore funzione mitocondriale aumenta anche il tasso metabolico a riposo e durante l&#8217;esercizio fisico, consentendo di migliorare la perdita di grasso.<\/li>\n<li><strong>Aumento delle risorse energetiche<\/strong><br \/>\nGli utenti sono pi\u00f9 attivi durante il giorno, poich\u00e9 il metabolismo energetico dell&#8217;energia immagazzinata \u00e8 potenziato e la letargia \u00e8 diminuita. Inoltre, l&#8217;attivit\u00e0 per l&#8217;allenamento quotidiano \u00e8 ulteriormente generata dall&#8217;SR-9009.<\/li>\n<li><strong>Recupero pi\u00f9 rapido<\/strong><br \/>\nLa maggiore produzione di energia mitocondriale e il metabolismo consentono ai muscoli di recuperare pi\u00f9 rapidamente dall&#8217;esercizio fisico e di allenarsi pi\u00f9 frequentemente senza affaticamento eccessivo.<\/li>\n<li><strong>Supporta la salute metabolica<\/strong><br \/>\nL&#8217;elevata biodisponibilit\u00e0 dell&#8217;SR-9009 nei mitocondri migliora il funzionamento dell&#8217;orologio biologico interno e del metabolismo energetico. Ci\u00f2 significa un metabolismo pi\u00f9 equilibrato durante l&#8217;intera giornata.<\/li>\n<li><strong>Azione non ormonale<\/strong><br \/>\nStenabolic (SR-9009) in vendita non \u00e8 un ormone, quindi non interferisce direttamente con gli ormoni come fanno gli steroidi. Questo riduce la possibilit\u00e0 di effetti collaterali ormonali, pur continuando a fornire benefici al metabolismo e alle prestazioni.<\/li>\n<li><strong>Flessibilit\u00e0 per obiettivi diversi<\/strong><br \/>\nChe si tratti di aumentare la resistenza, perdere grasso o acquisire vitalit\u00e0, tutto pu\u00f2 diventare l&#8217;obiettivo prima del tanto necessario pasto SR-9009 in qualsiasi modo, dieta estrema o alterazioni dell&#8217;allenamento. Come gi\u00e0 osservato, i risultati variano da persona a persona e il farmaco pu\u00f2 adattarsi agli obiettivi di fitness personali.<\/li>\n<\/ol>\n<p>Infine, se acquisti Stenabolic online, ha il potenziale di aumentare la resistenza, l&#8217;energia e l&#8217;ossidazione dei grassi in modo non ormonale. \u00c8 una risorsa naturale per coloro che vogliono mantenere il proprio fisico pi\u00f9 snello e avere pi\u00f9 energia per affrontare la giornata.<\/p>\n<h2>Effetti collaterali di Stenabolic (SR9009)<\/h2>\n<p>Sebbene si ritenga che l&#8217;SR-9009 sia pi\u00f9 sicuro della maggior parte degli altri farmaci anabolizzanti, presenta comunque alcune reazioni indesiderate. Conoscere tutti gli effetti collaterali di Stenabolic pu\u00f2 aiutarti ad assumerlo in modo sicuro ed efficace. Diamo un&#8217;occhiata alle reazioni avverse pi\u00f9 comuni che puoi aspettarti:<\/p>\n<ol>\n<li><strong>Lieve affaticamento<\/strong><br \/>\nL&#8217;affaticamento \u00e8 un effetto comune a molti utenti nelle prime fasi di utilizzo. Quando inizi a usare SR-9009, ti sentirai stanco, ma si tratta solo di un affaticamento di breve durata mentre il tuo corpo si abitua all&#8217;aumento della produzione di energia. La stanchezza di solito scompare entro pochi giorni.<\/li>\n<li><strong>Disturbi del sonno <\/strong><br \/>\nIl ritmo circadiano pu\u00f2 essere disturbato dall&#8217;SR-9009. Alcune persone hanno segnalato difficolt\u00e0 ad addormentarsi, il che a volte \u00e8 fastidioso.<\/li>\n<li><strong>Disturbi digestivi<\/strong><br \/>\nDopo aver assunto Stenabolic SR-9009 a stomaco vuoto, si possono avvertire nausea e gonfiore o anche un leggero mal di stomaco. Se si assume SR-9009 con un po&#8217; di cibo o uno spuntino, si dovrebbe riuscire ad alleviare parte del dolore.<\/li>\n<li><strong>Mal di testa <\/strong><br \/>\nAlcuni utenti soffrono di mal di testa a causa del consumo di energia e dei cambiamenti nel metabolismo. \u00c8 meglio bere acqua e controllare la dose per ridurre questo effetto collaterale.<\/li>\n<li><strong>Aumento della frequenza cardiaca<\/strong><br \/>\nA causa dell&#8217;effetto energizzante, alcune persone potrebbero avvertire un aumento della frequenza cardiaca durante l&#8217;allenamento. Nella maggior parte dei casi, ci\u00f2 non \u00e8 pericoloso per le persone sane, anche se \u00e8 consigliabile prestare attenzione a eventuali cambiamenti cardiovascolari.<\/li>\n<\/ol>\n<p>Tutti gli effetti collaterali SARMs SR9009 sono lievi e ben tollerati quando si utilizzano dosaggi e programmi corretti. Se sei consapevole delle risposte del tuo corpo, puoi trarre beneficio dall&#8217;assunzione di questo prodotto mentre ti adatti agli eventuali effetti avversi.<\/p>\n<h2>Dosaggio, durata del ciclo e uso sicuro di SR-9009 (Stenabolic)<\/h2>\n<p>\u00c8 necessario utilizzare SR-9009 in modo sicuro per ottenere il massimo da questa sostanza con il minimo di problemi. Solo perch\u00e9 non \u00e8 uno steroide non significa che non si possano verificare effetti collaterali lievi o risultati inefficaci di Stenabolic se utilizzato in modo errato.<\/p>\n<h3>Dosaggio raccomandato<\/h3>\n<p>Il dosaggio comune di SR9009 varia da 10 a 30 mg al giorno. Gli utenti inesperti dovrebbero iniziare con il dosaggio pi\u00f9 basso di questo intervallo, ovvero 10 mg. Maggiore \u00e8 il dosaggio, pi\u00f9 forti saranno gli effetti e il rischio di effetti collaterali. Nella maggior parte dei casi, gli utenti riferiscono di assumere la dose giornaliera o raccomandata suddividendola in 2 dosi, una al mattino e un&#8217;altra nel primo pomeriggio.<\/p>\n<h3>Durata ideale del ciclo<\/h3>\n<p>I cicli tipici di SR-9009 hanno una durata di 6-8 settimane. Non \u00e8 consigliabile superare questa durata, poich\u00e9 non esistono studi a lungo termine sufficienti. Al termine di un ciclo, i culturisti si riposano in modo che il loro corpo possa purificarsi e riposarsi dal farmaco. Entro le prime settimane di utilizzo inizierete a notare miglioramenti nella resistenza, nella capacit\u00e0 di sopportazione e nel metabolismo dei grassi.<\/p>\n<h3>Consigli per un uso sicuro<\/h3>\n<p>L&#8217;uso responsabile dell&#8217;SR-9009 va oltre la semplice scelta del dosaggio o della durata del ciclo. Alcune semplici abitudini e la consapevolezza di ci\u00f2 che accade nel proprio corpo possono migliorare notevolmente i risultati e ridurre il rischio di effetti collaterali. Di seguito sono riportate le cinque abitudini fondamentali da tenere in considerazione quando si utilizza Stenabolic SARM durante il ciclo:<\/p>\n<ul>\n<li>Trova la dose minima efficace per te, in modo da poter valutare il livello di comfort del tuo corpo prima di aumentare il dosaggio.<\/li>\n<li>\u00c8 comune suddividere le dosi tra la mattina e il primo pomeriggio per mantenere i livelli di energia, mentre prima di andare a dormire si consuma l&#8217;efficacia del composto per cercare di addormentarsi normalmente.<\/li>\n<li>In particolare, cerca segni di affaticamento, mal di testa e problemi digestivi per regolare la dose o il volume delle dosi in modo appropriato.<\/li>\n<li>Bevi molta acqua e consuma pasti equilibrati per sostenere il metabolismo e ridurre gli effetti collaterali.<\/li>\n<li>Si consiglia di seguire un ciclo di 6-8 settimane per limitare il rischio a lungo termine e consentire al corpo di ripristinarsi.<\/li>\n<\/ul>\n<p>Aderendo a livelli di dosaggio sicuri e a un uso pratico responsabile, gli atleti che acquistano SR9009 possono ridurre al minimo gli effetti collaterali. Una pianificazione accurata consente di avere pi\u00f9 energia, il che rende il composto pi\u00f9 efficace e gestibile nel tempo.<\/p>\n<h2>Stenabolic SR-9009 in combinazione con altri composti<\/h2>\n<p>Gli atleti spesso lo combinano con altri farmaci per aumentare la resistenza o migliorare le prestazioni. Stenabolic SR 9009 SARM \u00e8 un composto non ormonale, quindi pu\u00f2 essere combinato con altri composti anabolici e non anabolici, a seconda dei propri obiettivi individuali. Ci\u00f2 significa che gli sportivi possono creare combinazioni personalizzate specificamente studiate per le esigenze di allenamento e metabolismo.<\/p>\n<p>Una combinazione popolare \u00e8 SR-9009 con Cardarine (GW-501516). Entrambi i farmaci favoriscono la resistenza e il metabolismo dei grassi. \u00c8 ideale per un ciclo di definizione o un allenamento pi\u00f9 impegnativo. SR-9009 aumenta la produzione di energia mitocondriale, mentre Cardarine favorisce un migliore utilizzo dell&#8217;ossigeno per consentire un cardio prolungato e una perdita di grasso pi\u00f9 rapida.<\/p>\n<p>\u00c8 possibile acquistare SR9009 ora e combinarlo con Ostarine (MK-2866) o Ligandrol (LGD-4033). Ostarine \u00e8 un vecchio ormone della famiglia SARMs, che pu\u00f2 aiutare a mantenere la massa muscolare magra durante un deficit calorico e con un ulteriore supporto per la resistenza come SR-9009, il che rende Ostarine molto efficace. Per quanto riguarda la combinazione di SR-9009 e Ligandrol, gli atleti possono sfruttare gli effetti anabolici molto lievi con i potenti benefici brucia-grassi di SR-9009, ottimo per il cutting.<\/p>\n<h2>Errori comuni dei principianti nell&#8217;uso di Stenabolic (SR9009)<\/h2>\n<p>Molti nuovi utenti hanno grandi aspettative da Stenabolic in vendita, ma alcuni tendono a dimenticare alcune cose che possono cambiare il loro risultato. Gli atleti, specialmente i principianti, tendono a commettere alcuni errori comuni come segue:<\/p>\n<ol>\n<li><strong>Aspettarsi effetti approssimativi<\/strong><br \/>\nMolte persone si aspettano che l&#8217;SR-9009 agisca come uno steroide anabolizzante, il che li lascer\u00e0 molto delusi. Stenabolic non \u00e8 un anabolizzante e non si parla di un enorme aumento di massa in pochi giorni.<\/li>\n<li><strong>Dosaggio irregolare<\/strong><br \/>\nI nuovi utenti sono spesso inclini ad assumere SR-9009 a intervalli irregolari o a saltare delle dosi perch\u00e9 il farmaco ha un&#8217;emivita breve. Ci\u00f2 si traduce in risultati meno consistenti, il che rende difficile valutare l&#8217;effetto del farmaco sulle prestazioni.<\/li>\n<li><strong>Trascurare i fattori generali legati allo stile di vita<\/strong><br \/>\nNon importa quanto sia efficace un composto, non potr\u00e0 mai compensare l&#8217;impatto delle abitudini generali dello stile di vita. Spesso si otterr\u00e0 un beneficio maggiore dall&#8217;SR-9009 semplicemente tenendo sotto controllo la propria vita.<\/li>\n<li><strong>Abbinamenti con scarsa esperienza<\/strong><br \/>\nSpesso vediamo principianti che combinano casualmente il SARMs Stenabolic SR9009 con una serie di altri composti senza capire realmente l&#8217;effetto di ciascuno di essi. Combinare composti a caso pu\u00f2 causare effetti collaterali o addirittura far perdere potenziali benefici.<\/li>\n<li><strong>Usare i farmaci come aiuto per perdere peso velocemente<\/strong><br \/>\nAlcune persone possono diventare eccessivamente dipendenti da questo composto. Non riescono davvero a capire come funziona un processo ausiliario e non mantengono il controllo delle calorie. Sebbene l&#8217;SR-9009 possa promuovere il metabolismo dei grassi, non contrasta gli effetti di un consumo eccessivo di calorie.<\/li>\n<\/ol>\n<p>Se i principianti tengono a mente questi errori quando acquistano le capsule stenaboliche SR-9009, arriveranno a comprendere il vero potere del farmaco. Realisticamente, come integratore, con abitudini quotidiane costanti, questo pu\u00f2 essere un&#8217;ottima aggiunta alla fase di definizione.<\/p>\n","protected":false},"excerpt":{"rendered":"<p>Nome Tipo Effetti principali Effetti collaterali Soppressione del testosterone Ciclo tipico Ideale per Emivita Onset (inizio effetti) PCT necessario Tossicit\u00e0 Andarine (S-4) SARM Perdita di grasso, muscoli pi\u00f9 duri, aumento della forza Alterazioni visive Media 6\u20138 settimane Cutting, ricomposizione ~4 ore 7\u201310 giorni S\u00ec Bassa Cardarine (GW-501516) Agonista PPAR\u03b4 Aumento della resistenza, ossidazione dei grassi, [&hellip;]<\/p>\n","protected":false},"featured_media":727,"comment_status":"open","ping_status":"closed","template":"","meta":{"_acf_changed":false},"product_brand":[],"product_cat":[48],"product_tag":[],"class_list":{"0":"post-1215","1":"product","2":"type-product","3":"status-publish","4":"has-post-thumbnail","6":"product_cat-sarms","8":"first","9":"instock","10":"shipping-taxable","11":"purchasable","12":"product-type-variable"},"acf":[],"_links":{"self":[{"href":"https:\/\/sarms-sport.com\/it\/wp-json\/wp\/v2\/product\/1215","targetHints":{"allow":["GET"]}}],"collection":[{"href":"https:\/\/sarms-sport.com\/it\/wp-json\/wp\/v2\/product"}],"about":[{"href":"https:\/\/sarms-sport.com\/it\/wp-json\/wp\/v2\/types\/product"}],"replies":[{"embeddable":true,"href":"https:\/\/sarms-sport.com\/it\/wp-json\/wp\/v2\/comments?post=1215"}],"wp:featuredmedia":[{"embeddable":true,"href":"https:\/\/sarms-sport.com\/it\/wp-json\/wp\/v2\/media\/727"}],"wp:attachment":[{"href":"https:\/\/sarms-sport.com\/it\/wp-json\/wp\/v2\/media?parent=1215"}],"wp:term":[{"taxonomy":"product_brand","embeddable":true,"href":"https:\/\/sarms-sport.com\/it\/wp-json\/wp\/v2\/product_brand?post=1215"},{"taxonomy":"product_cat","embeddable":true,"href":"https:\/\/sarms-sport.com\/it\/wp-json\/wp\/v2\/product_cat?post=1215"},{"taxonomy":"product_tag","embeddable":true,"href":"https:\/\/sarms-sport.com\/it\/wp-json\/wp\/v2\/product_tag?post=1215"}],"curies":[{"name":"wp","href":"https:\/\/api.w.org\/{rel}","templated":true}]}}