{"id":1218,"date":"2025-05-05T13:51:18","date_gmt":"2025-05-05T11:51:18","guid":{"rendered":"https:\/\/sarms-sport.com\/testolono-zillt-medicine-testolone-rad-140\/"},"modified":"2025-12-25T17:58:31","modified_gmt":"2025-12-25T16:58:31","slug":"testolono-zillt-medicine-testolone-rad-140","status":"publish","type":"product","link":"https:\/\/sarms-sport.com\/it\/testolono-zillt-medicine-testolone-rad-140\/","title":{"rendered":"Testolono Zillt Medicine (Testolone RAD-140)"},"content":{"rendered":"<table>\n<tbody>\n<tr>\n<td style=\"text-align: center;\"><strong>Nome<\/strong><\/td>\n<td style=\"text-align: center;\"><strong>Tipo<\/strong><\/td>\n<td style=\"text-align: center;\"><strong>Effetti principali<\/strong><\/td>\n<td style=\"text-align: center;\"><strong>Effetti collaterali<\/strong><\/td>\n<td style=\"text-align: center;\"><strong>Soppressione del testosterone<\/strong><\/td>\n<td style=\"text-align: center;\"><strong>Ciclo tipico<\/strong><\/td>\n<td style=\"text-align: center;\"><strong>Ideale per<\/strong><\/td>\n<td style=\"text-align: center;\"><strong>Emivita<\/strong><\/td>\n<td style=\"text-align: center;\"><strong>Onset (inizio effetti)<\/strong><\/td>\n<td style=\"text-align: center;\"><strong>PCT necessario<\/strong><\/td>\n<td style=\"text-align: center;\"><strong>Tossicit\u00e0<\/strong><\/td>\n<\/tr>\n<tr>\n<td style=\"text-align: center;\"><a href=\"https:\/\/sarms-sport.com\/it\/andarino-zillt-medicine-andarine-s4\/\"><strong>Andarine (S-4)<\/strong><\/a><\/td>\n<td>SARM<\/td>\n<td>Perdita di grasso, muscoli pi\u00f9 duri, aumento della forza<\/td>\n<td>Alterazioni visive<\/td>\n<td>Media<\/td>\n<td>6\u20138 settimane<\/td>\n<td>Cutting, ricomposizione<\/td>\n<td>~4 ore<\/td>\n<td>7\u201310 giorni<\/td>\n<td>S\u00ec<\/td>\n<td>Bassa<\/td>\n<\/tr>\n<tr>\n<td style=\"text-align: center;\"><a href=\"https:\/\/sarms-sport.com\/it\/cardarino-zillt-medicine-cardarine-gw-501516\/\"><strong>Cardarine (GW-501516)<\/strong><\/a><\/td>\n<td>Agonista PPAR\u03b4<\/td>\n<td>Aumento della resistenza, ossidazione dei grassi, miglior metabolismo<\/td>\n<td>Rischi potenziali ad alte dosi<\/td>\n<td>Nessuna<\/td>\n<td>6\u201312 settimane<\/td>\n<td>Cutting, resistenza<\/td>\n<td>16\u201324 ore<\/td>\n<td>3\u20135 giorni<\/td>\n<td>No<\/td>\n<td>Molto bassa<\/td>\n<\/tr>\n<tr>\n<td style=\"text-align: center;\"><a href=\"https:\/\/sarms-sport.com\/it\/ibutamoreno-zillt-medicine-ibutamoren-mk-677\/\"><strong>Ibutamoren (MK-677)<\/strong><\/a><\/td>\n<td>Secretagogo GH<\/td>\n<td>Aumenta GH\/IGF-1, recupero, migliora il sonno<\/td>\n<td>Aumento dell&#8217;appetito, ritenzione idrica<\/td>\n<td>Nessuna<\/td>\n<td>8\u201316 settimane<\/td>\n<td>Bulking, recupero<\/td>\n<td>20\u201324 ore<\/td>\n<td>5\u20137 giorni<\/td>\n<td>No<\/td>\n<td>Bassa<\/td>\n<\/tr>\n<tr>\n<td style=\"text-align: center;\"><a href=\"https:\/\/sarms-sport.com\/it\/ligandrolo-zillt-medicine-ligandrol-lgd-4033\/\"><strong>Ligandrol (LGD-4033)<\/strong><\/a><\/td>\n<td>SARM<\/td>\n<td>Aumento di massa e forza, migliore recupero<\/td>\n<td>Forte soppressione<\/td>\n<td>Alta<\/td>\n<td>6\u20138 settimane<\/td>\n<td>Bulking<\/td>\n<td>24\u201336 ore<\/td>\n<td>7\u201310 giorni<\/td>\n<td>S\u00ec<\/td>\n<td>Bassa<\/td>\n<\/tr>\n<tr>\n<td style=\"text-align: center;\"><a href=\"https:\/\/sarms-sport.com\/it\/ostarino-zillt-medicine-ostarine-mk-2866\/\"><strong>Ostarine (MK-2866)<\/strong><\/a><\/td>\n<td>SARM<\/td>\n<td>Aumento massa magra, supporto articolare, leggera ricomposizione<\/td>\n<td>Lieve soppressione<\/td>\n<td>Bassa<\/td>\n<td>6\u20138 settimane<\/td>\n<td>Ricomposizione<\/td>\n<td>24 ore<\/td>\n<td>10\u201314 giorni<\/td>\n<td>No<\/td>\n<td>Molto bassa<\/td>\n<\/tr>\n<tr>\n<td style=\"text-align: center;\"><a href=\"https:\/\/sarms-sport.com\/it\/s23-zillt-medicine-mastorin-s23\/\"><strong>Mastorin (S-23)<\/strong><\/a><\/td>\n<td>SARM potente<\/td>\n<td>Forza, muscoli duri e densi, forte effetto indurente<\/td>\n<td>Soppressione molto intensa<\/td>\n<td>Molto alta<\/td>\n<td>4\u20136 settimane<\/td>\n<td>Cutting avanzato, forza<\/td>\n<td>~12 ore<\/td>\n<td>3\u20137 giorni<\/td>\n<td>S\u00ec<\/td>\n<td>Moderata<\/td>\n<\/tr>\n<tr>\n<td style=\"text-align: center;\"><a href=\"https:\/\/sarms-sport.com\/it\/stenabolo-zillt-medicine-stenabolic-sr-9009\/\"><strong>Stenabolic (SR-9009)<\/strong><\/a><\/td>\n<td>Agonista Rev-ERB<\/td>\n<td>Aumento del metabolismo, perdita di grasso, resistenza<\/td>\n<td>Richiede dosi frequenti<\/td>\n<td>Nessuna<\/td>\n<td>6\u201310 settimane<\/td>\n<td>Cutting<\/td>\n<td>1\u20132 ore<\/td>\n<td>2\u20134 giorni<\/td>\n<td>No<\/td>\n<td>Molto bassa<\/td>\n<\/tr>\n<tr>\n<td style=\"text-align: center;\"><a href=\"https:\/\/sarms-sport.com\/it\/testolono-zillt-medicine-testolone-rad-140\/\"><strong>Testolone (RAD-140)<\/strong><\/a><\/td>\n<td>SARM<\/td>\n<td>Aumento della forza, massa muscolare, effetto anticatabolico<\/td>\n<td>Soppressione, irritabilit\u00e0<\/td>\n<td>Alta<\/td>\n<td>6\u20138 settimane<\/td>\n<td>Bulking, forza<\/td>\n<td>~60 ore<\/td>\n<td>5\u20137 giorni<\/td>\n<td>S\u00ec<\/td>\n<td>Bassa\u2013media<\/td>\n<\/tr>\n<tr>\n<td style=\"text-align: center;\"><a href=\"https:\/\/sarms-sport.com\/it\/yk-11-zillt-medicine-myostan-yk11\/\"><strong>Myostan (YK-11)<\/strong><\/a><\/td>\n<td>Inibitore della miostatina<\/td>\n<td>Aumento rapido della forza, ipertrofia accelerata, massa densa<\/td>\n<td>Stress epatico, aggressivit\u00e0<\/td>\n<td>Alta<\/td>\n<td>4\u20138 settimane<\/td>\n<td>Bulking, forza<\/td>\n<td>6\u201310 ore<\/td>\n<td>5\u20137 giorni<\/td>\n<td>S\u00ec<\/td>\n<td>Media\u2013alta<\/td>\n<\/tr>\n<\/tbody>\n<\/table>\n<h2>Che cos&#8217;\u00e8 il Testolone (RAD-140)<\/h2>\n<p>RAD 140 Testolone \u00e8 un nuovo SARM non steroideo. \u00c8 un farmaco che mira ad avere un potente effetto anabolico con effetti collaterali ormonali minimi. \u00c8 stato originariamente progettato per uso clinico nel mantenimento e nella crescita della massa muscolare. Ma ci\u00f2 non significa che RAD-140 non sia ora pubblicizzato anche come integratore per il fitness, tra la comunit\u00e0 dei culturisti e degli atleti, per i suoi benefici in termini di prestazioni.<\/p>\n<p>Il RAD-140 \u00e8 stato inizialmente studiato dagli scienziati per trattare la perdita muscolare e la debolezza legate all&#8217;invecchiamento. Nei primi studi, il RAD-140 ha dimostrato la sua efficacia nel preservare la massa magra. Questo pedigree come agente terapeutico \u00e8 probabilmente alla base del grande interesse degli utenti nell&#8217;utilizzare il RAD-140 in cicli reali. Ci\u00f2 che distingue il SARM RAD 140 dagli altri SARM \u00e8 l&#8217;attenzione che pone sulla concentrazione delle azioni per aumentare la forza e la massa nelle aree pi\u00f9 pertinenti immaginabili.<\/p>\n<h2>Come funziona RAD-140 Testolone<\/h2>\n<p>Il RAD-140 \u00e8 un modulatore selettivo dei recettori androgeni che agisce solo sui recettori androgeni situati nelle ossa e nei muscoli. Il RAD-140 non ha un&#8217;influenza sistemica sugli ormoni come gli steroidi convenzionali. Quando si consuma il RAD-140, il farmaco si lega selettivamente ai recettori androgeni e migliora la sintesi proteica insieme alla ritenzione di azoto. La ritenzione di una maggiore quantit\u00e0 di azoto \u00e8 essenziale per il recupero, la resilienza e la crescita del tessuto muscolare dopo un allenamento intenso.<\/p>\n<p>Gli atleti apprezzano particolarmente l&#8217;efficacia di RAD 140 in vendita, e ci sono certamente prove che funziona per fornire guadagni anche in caso di deficit calorico, quindi \u00e8 perfetto per i cicli di definizione o ricomposizione. Di seguito sono riportati alcuni fatti importanti su alcuni effetti principali di RAD-140 nel corpo:<\/p>\n<ul>\n<li>Promuove la sintesi proteica, che porta a un aumento pi\u00f9 rapido della massa muscolare magra.<\/li>\n<li>Il farmaco mantiene la massa muscolare quando si \u00e8 in deficit calorico.<\/li>\n<li>Il testolone migliora le prestazioni di resistenza sia ad alta che a media intensit\u00e0, consentendo di allenarsi pi\u00f9 a lungo e pi\u00f9 intensamente.<\/li>\n<li>Riduce i tempi di recupero dopo un allenamento intenso.<\/li>\n<li>Migliora la resistenza ossea con meno dolore e lesioni in palestra.<\/li>\n<\/ul>\n<p>Se conosci il funzionamento del RAD 140 SARM, potrai utilizzarlo efficacemente nel tuo regime e ottenere maggiori benefici dal tuo allenamento.<\/p>\n<h2>Vantaggi del RAD-140 Testolone<\/h2>\n<p>RAD-140 ha ottenuto recensioni positive perch\u00e9 si dice che consenta risultati reali e pratici senza affaticare il corpo. Nelle mani giuste, \u00e8 un amico affidabile che difficilmente noterai come parte del tuo regime.<\/p>\n<p>Ecco i principali benefici del Testolone RAD 140 che gli atleti affermano di vedere regolarmente, ciascuno dei quali si concentra su un beneficio tangibile e misurabile nel modo pi\u00f9 semplice possibile:<\/p>\n<ol>\n<li><strong>Grande aumento della crescita muscolare<\/strong><br \/>\nIl farmaco pu\u00f2 produrre aumenti visibili dello spessore muscolare in molti casi entro poche settimane dall&#8217;uso. Testolone RAD 140 pu\u00f2 aiutarti ad aumentare la massa muscolare in modo visibile e in palestra.<\/li>\n<li><strong>Aumento significativo della forza<\/strong><br \/>\nPotresti rimanere sorpreso quando ti ritroverai a caricare il bilanciere con dischi molto pi\u00f9 pesanti di quanto ti aspettassi. La sostanza ti rende pi\u00f9 facile produrre forza, cos\u00ec diventi pi\u00f9 veloce e pi\u00f9 forte nelle attivit\u00e0 impegnative.<\/li>\n<li><strong>Conservazione della massa muscolare<\/strong><br \/>\nQuando si riducono le calorie, la massa muscolare di solito si riduce per prima. Testolone RAD-140 ti aiuter\u00e0 a preservare un po&#8217; della tua massa muscolare per mantenere la tua forma pi\u00f9 piena mentre sei in deficit calorico.<\/li>\n<li><strong>Maggiore capacit\u00e0 di esercizio<\/strong><br \/>\nL&#8217;esercizio fisico risulta pi\u00f9 produttivo perch\u00e9 la fatica arriva pi\u00f9 tardi, quindi puoi aumentare il volume o l&#8217;intensit\u00e0 senza preoccuparti di un sovrallenamento.<\/li>\n<li><strong>Recupero veloce tra una sessione e l&#8217;altra<\/strong><br \/>\nDopo allenamenti pi\u00f9 impegnativi, i muscoli sono in grado di recuperare pi\u00f9 rapidamente. Il tempo di recupero ridotto consente di progredire nel programma di allenamento e di tornare in pista pi\u00f9 rapidamente.<\/li>\n<li><strong>Miglioramento della densit\u00e0 ossea<\/strong><br \/>\nI farmaci a un prezzo ragionevole RAD 140 disponibili nel nostro negozio possono aiutare ad aumentare la densit\u00e0 e la forza ossea, soprattutto quando si sollevano pesi. Ti sentirai pi\u00f9 sicuro e capace di allenarti e sollevare pesi maggiori quando saprai che \u00e8 il tuo scheletro a sostenerti, non solo i tuoi muscoli.<\/li>\n<li><strong>Maggiore concentrazione e motivazione mentale<\/strong><br \/>\nIl miglioramento della forma fisica durante l&#8217;allenamento accompagna questo effetto e sembrerai anche pi\u00f9 motivato durante le sessioni di allenamento. RAD-140 pu\u00f2 migliorare la concentrazione e mantenerti impegnato, in linea con i tuoi obiettivi di allenamento.<\/li>\n<\/ol>\n<p>Se si sommano tutti questi fattori, \u00e8 questo che rende RAD-140 Testolone una buona scelta per le prestazioni atletiche, una fase di dieta per il rafforzamento muscolare e qualsiasi allenamento in cui si desidera ottenere un vantaggio senza ricorrere ad anabolizzanti hardcore.<\/p>\n<h2>Effetti collaterali del Testolone (RAD-140)<\/h2>\n<p>Come altri composti potenti, anche RAD-140 pu\u00f2 causare effetti collaterali se usato in modo irresponsabile. Dovresti almeno avere un&#8217;idea dei pericoli, in modo da poter regolare la dose in base a ci\u00f2 che il tuo corpo pu\u00f2 sopportare e stare al sicuro. Questi sono gli effetti collaterali comuni di Testolone (RAD-140) che gli atleti possono avere:<\/p>\n<ol>\n<li><strong>Effetti ormonali<\/strong><br \/>\nSe si segue un ciclo un po&#8217; troppo lungo o se ne assume pi\u00f9 del dovuto, si pu\u00f2 verificare una soppressione della produzione naturale di testosterone. Questi cambiamenti di umore, energia o libido rendono importante essere consapevoli della propria salute ormonale e monitorare il proprio ormone testosterone.<\/li>\n<li><strong>Stress epatico <\/strong><br \/>\nIl RAD-140 viene metabolizzato dal fegato e, dopo un po&#8217; di tempo, il carico sul fegato potrebbe diventare eccessivo. \u00c8 possibile proteggere il fegato evitando di bere alcolici, rispettando le dosi raccomandate e monitorando la funzionalit\u00e0 epatica con esami di laboratorio.<\/li>\n<li><strong>Effetti cardiovascolari <\/strong><br \/>\nAlcune persone hanno rilevato piccole variazioni della pressione sanguigna o del colesterolo dovute al RAD 140 Testolone SARM. \u00c8 possibile ridurre il rischio seguendo una dieta sana per il cuore. \u00c8 essenziale essere fisicamente attivi regolarmente e monitorare i marcatori ematici durante il ciclo.<\/li>\n<li><strong>Sonno e affaticamento<\/strong><br \/>\nDi tanto in tanto, potresti essere colpito da un disturbo del sonno inaspettato. Se ci\u00f2 accade, ascolta il tuo corpo e, se necessario, riduci l&#8217;intensit\u00e0 dell&#8217;allenamento o la tempistica della dose. Questo \u00e8 ottimo per prevenire il burnout.<\/li>\n<li><strong>Umore e stato mentale<\/strong><br \/>\nCi sono anche effetti collaterali del RAD-140 Testolone legati agli sbalzi di umore o alla lucidit\u00e0 mentale. Se si verificano, \u00e8 fondamentale essere consapevoli del proprio stato mentale e parlare con il proprio medico di eventuali preoccupazioni. Questo vi aiuter\u00e0 a mantenere il controllo sia delle vostre prestazioni che del vostro benessere.<\/li>\n<\/ol>\n<p>Tenendo presenti tutti questi sintomi, dovreste poter utilizzare in modo sicuro e responsabile il Testolone RAD 140 in vendita. Prestate attenzione a voi stessi e attenetevi alle linee guida. Ci\u00f2 vi consentir\u00e0 di tenere sotto controllo gli effetti collaterali negativi minori.<\/p>\n<h2>RAD-140 (Testolone) Dosaggio, durata del ciclo e uso sicuro<\/h2>\n<p>Il dosaggio di RAD-140 e la gestione del ciclo sono fattori significativi per ottenere risultati senza troppi rischi. Tali informazioni, come la quantit\u00e0 da assumere per almeno diversi giorni o settimane durante il ciclo, possono aiutare a mantenere i risultati ottenuti e a proteggere la salute, e sono molto importanti.<\/p>\n<h3>Dosaggio raccomandato<\/h3>\n<p>La maggior parte dei principianti che iniziano a usare RAD-140 (Testolone) di solito partono da 15 mg e poi aumentano gradualmente. \u00c8 sempre meglio iniziare con una dose bassa in modo che il corpo possa abituarsi al nuovo composto. Gli utenti principianti potrebbero voler iniziare con una dose pi\u00f9 bassa o con la dose completa, a seconda di come si sentono. Questi sono ottimi consigli, ma quando si tratta dell&#8217;uso di composti, superare i limiti di dosaggio raccomandati non \u00e8 vantaggioso.<\/p>\n<h3>Durata ideale del ciclo<\/h3>\n<p>Un ciclo tipico di RAD-140 varia da 6 a 10 settimane, a seconda degli obiettivi. Cicli pi\u00f9 brevi sono spesso sufficienti per aumentare la massa muscolare magra e migliorare la forza. Cicli pi\u00f9 lunghi possono migliorare la resistenza o i risultati di ricomposizione corporea. Tuttavia, prolungare eccessivamente il ciclo di RAD-140 in vendita pu\u00f2 portare alla soppressione ormonale, quindi le linee guida sulla durata del ciclo sono fondamentali per un uso sicuro.<\/p>\n<h3>Uso sicuro e consigli<\/h3>\n<p>La sicurezza nell&#8217;uso di RAD-140 consiste nell&#8217;ascoltare il proprio corpo e il proprio allenamento. \u00c8 possibile identificare tempestivamente eventuali problemi sottoponendosi regolarmente a esami del sangue per controllare i livelli ormonali, in modo da poter regolare il ciclo prima che gli squilibri diventino cos\u00ec gravi da causare problemi. Non si dovrebbe mai mescolare Testolone SARM RAD 140 con altre sostanze o composti se non si \u00e8 sicuri al 100%. Vale anche la pena notare che un PCT efficiente \u00e8 un ottimo passo da compiere prima di iniziare.<\/p>\n<p><strong>Di seguito sono riportati cinque consigli pratici per un uso sicuro del RAD-140 da parte dei culturisti:<\/strong><\/p>\n<ul>\n<li>Controlla i tuoi livelli ormonali con esami del sangue regolari.<\/li>\n<li>Segui una dieta sana e smetti di consumare alcolici per ridurre al minimo i rischi per la salute del fegato e del cuore.<\/li>\n<li>Non combinare l&#8217;integratore RAD 140 con altri composti senza aver prima determinato gli effetti complessivi.<\/li>\n<li>Dai la priorit\u00e0 al riposo, all&#8217;idratazione e al recupero per mantenere le prestazioni.<\/li>\n<li>Dopo aver completato il ciclo di RAD-140, assicurati di riportare i tuoi ormoni naturali alla normalit\u00e0 con un&#8217;adeguata terapia post-ciclo.<\/li>\n<\/ul>\n<p>Seguendo quanto sopra indicato, potrai trarre il massimo beneficio dal farmaco al miglior prezzo di Testolone RAD 140 e ridurre i rischi. Ma ascoltare il tuo corpo potrebbe anche aiutarti a ottenere risultati di allenamento sostenibili ed efficaci.<\/p>\n<h2>Testolone RAD 140 in combinazione con altri composti<\/h2>\n<p>Se stai combinando RAD-140 con altre sostanze, sii cauto e ponderato. Molti atleti lo combinano con SARM pi\u00f9 lievi come Ostarine (MK-2866) per mantenere la massa muscolare durante il taglio e sperimentare anche il beneficio di una maggiore resistenza. Questo tipo di combinazione di SARM ti consentir\u00e0 di mantenere la forza senza sovraccaricare eccessivamente il tuo sistema ormonale.<\/p>\n<p>Per i cicli di massa, Testolone EAD-140 in vendita si combina bene con composti progettati per promuovere una crescita muscolare ancora maggiore, come Ligandrol (LGD-4033) o YK11. L&#8217;accoppiamento di tali sostanze finisce per sfruttare le migliori caratteristiche di entrambi, e anche a un ritmo pi\u00f9 veloce, il che porta al pi\u00f9 rapido aumento della massa muscolare. Ogni volta che si combina qualcosa, ricordarsi sempre di iniziare con la dose pi\u00f9 bassa e vedere come reagisce il corpo prima di aumentare la dose o l&#8217;intensit\u00e0.<\/p>\n<p>Di solito \u00e8 meglio evitare di combinare pi\u00f9 di un SARM aggressivo o uno steroide anabolizzante con RAD 140 Testolone SARM se non si ha esperienza. La combinazione, soprattutto quando si raggiungono dosi elevate, pu\u00f2 anche causare effetti collaterali che vanno da una semplice pressione sulle articolazioni a uno squilibrio ormonale fino ad un aumento dei livelli degli enzimi epatici. Tieni traccia dei tuoi progressi nell&#8217;allenamento, modifica le dosi in base alle risposte del tuo corpo e sostienilo con una buona alimentazione e un corretto recupero, per combinare i composti in modo abbastanza sicuro.<\/p>\n<h2>Errori comuni dei principianti nell&#8217;uso di Testolone (RAD-140)<\/h2>\n<p>Iniziare alla cieca senza una guida ti porter\u00e0 sicuramente a commettere errori e a ottenere scarsi risultati con Testolone RAD 140 prima e dopo. Ci\u00f2 che non fai \u00e8 ci\u00f2 che ti mantiene al sicuro e ti permette di ottenere il massimo dal tuo allenamento. Otterrai le massime prestazioni se eviterai gli errori riportati di seguito:<\/p>\n<ol>\n<li><strong>Errori di calcolo del dosaggio<\/strong><br \/>\nLa maggior parte delle persone che ne assumono troppo iniziano con dosi troppo elevate, aspettandosi di ottenere risultati pi\u00f9 rapidi. Ci\u00f2 aumenta significativamente il rischio di effetti collaterali e di disturbi nel recupero degli ormoni naturali. \u00c8 consigliabile iniziare con una dose modesta del farmaco originale. Se non sai dove acquistare RAD 140, il nostro negozio \u00e8 la scelta migliore!<\/li>\n<li><strong>Nessuna pianificazione del ciclo<\/strong><br \/>\nPochissime persone che hanno utilizzato RAD-140 si preoccupano di pianificare un ciclo. Questo porta a risultati inferiori alla media con il farmaco. La pianificazione del ciclo \u00e8 importante per assicurarsi di utilizzarlo nel momento giusto, per un periodo di tempo sufficiente e per passare alla fase di recupero post-ciclo senza complicazioni.<\/li>\n<li><strong>Trascurare la terapia post-ciclo<\/strong><br \/>\nNon fare la PCT pu\u00f2 compromettere la produzione naturale di testosterone. Se non hai un piano di recupero, potresti perdere tutto ci\u00f2 per cui hai lavorato e soffrire di disturbi ormonali.<\/li>\n<li><strong>Cattiva alimentazione e recupero<\/strong><br \/>\nAnche i composti pi\u00f9 potenti non funzionano in modo efficace con una dieta e un approccio al riposo inadeguati. Se non dai priorit\u00e0 al recupero e non assumi abbastanza calorie, limiterai la tua forza e la costruzione muscolare.<\/li>\n<li><strong>Ignorare i segnali del corpo<\/strong><br \/>\nA volte, i principianti ignorano i segnali di allarme, come affaticamento, cambiamenti di umore o dolori articolari, perch\u00e9 non sanno cos&#8217;\u00e8 RAD 140 Testolone e come funziona. \u00c8 meglio prestare attenzione al proprio corpo e adeguare regolarmente il proprio regime per ridurre le possibilit\u00e0 di problemi a lungo termine.<\/li>\n<\/ol>\n<p>Evitare questi errori render\u00e0 il tuo ciclo RAD-140 pi\u00f9 sicuro ed efficace. Otterrai risultati migliori con rischi ridotti e raggiungerai i migliori risultati di bodybuilding nel tuo ciclo.<\/p>\n","protected":false},"excerpt":{"rendered":"<p>Nome Tipo Effetti principali Effetti collaterali Soppressione del testosterone Ciclo tipico Ideale per Emivita Onset (inizio effetti) PCT necessario Tossicit\u00e0 Andarine (S-4) SARM Perdita di grasso, muscoli pi\u00f9 duri, aumento della forza Alterazioni visive Media 6\u20138 settimane Cutting, ricomposizione ~4 ore 7\u201310 giorni S\u00ec Bassa Cardarine (GW-501516) Agonista PPAR\u03b4 Aumento della resistenza, ossidazione dei grassi, [&hellip;]<\/p>\n","protected":false},"featured_media":734,"comment_status":"open","ping_status":"closed","template":"","meta":{"_acf_changed":false},"product_brand":[],"product_cat":[48],"product_tag":[],"class_list":{"0":"post-1218","1":"product","2":"type-product","3":"status-publish","4":"has-post-thumbnail","6":"product_cat-sarms","8":"first","9":"instock","10":"shipping-taxable","11":"purchasable","12":"product-type-variable"},"acf":[],"_links":{"self":[{"href":"https:\/\/sarms-sport.com\/it\/wp-json\/wp\/v2\/product\/1218","targetHints":{"allow":["GET"]}}],"collection":[{"href":"https:\/\/sarms-sport.com\/it\/wp-json\/wp\/v2\/product"}],"about":[{"href":"https:\/\/sarms-sport.com\/it\/wp-json\/wp\/v2\/types\/product"}],"replies":[{"embeddable":true,"href":"https:\/\/sarms-sport.com\/it\/wp-json\/wp\/v2\/comments?post=1218"}],"wp:featuredmedia":[{"embeddable":true,"href":"https:\/\/sarms-sport.com\/it\/wp-json\/wp\/v2\/media\/734"}],"wp:attachment":[{"href":"https:\/\/sarms-sport.com\/it\/wp-json\/wp\/v2\/media?parent=1218"}],"wp:term":[{"taxonomy":"product_brand","embeddable":true,"href":"https:\/\/sarms-sport.com\/it\/wp-json\/wp\/v2\/product_brand?post=1218"},{"taxonomy":"product_cat","embeddable":true,"href":"https:\/\/sarms-sport.com\/it\/wp-json\/wp\/v2\/product_cat?post=1218"},{"taxonomy":"product_tag","embeddable":true,"href":"https:\/\/sarms-sport.com\/it\/wp-json\/wp\/v2\/product_tag?post=1218"}],"curies":[{"name":"wp","href":"https:\/\/api.w.org\/{rel}","templated":true}]}}