{"id":1221,"date":"2025-05-05T13:52:43","date_gmt":"2025-05-05T11:52:43","guid":{"rendered":"https:\/\/sarms-sport.com\/yk-11-zillt-medicine-myostan-yk11\/"},"modified":"2025-12-25T17:58:44","modified_gmt":"2025-12-25T16:58:44","slug":"yk-11-zillt-medicine-myostan-yk11","status":"publish","type":"product","link":"https:\/\/sarms-sport.com\/it\/yk-11-zillt-medicine-myostan-yk11\/","title":{"rendered":"YK-11 Zillt Medicine (Myostan YK11)"},"content":{"rendered":"<table>\n<tbody>\n<tr>\n<td style=\"text-align: center;\"><strong>Nome<\/strong><\/td>\n<td style=\"text-align: center;\"><strong>Tipo<\/strong><\/td>\n<td style=\"text-align: center;\"><strong>Effetti principali<\/strong><\/td>\n<td style=\"text-align: center;\"><strong>Effetti collaterali<\/strong><\/td>\n<td style=\"text-align: center;\"><strong>Soppressione del testosterone<\/strong><\/td>\n<td style=\"text-align: center;\"><strong>Ciclo tipico<\/strong><\/td>\n<td style=\"text-align: center;\"><strong>Ideale per<\/strong><\/td>\n<td style=\"text-align: center;\"><strong>Emivita<\/strong><\/td>\n<td style=\"text-align: center;\"><strong>Onset (inizio effetti)<\/strong><\/td>\n<td style=\"text-align: center;\"><strong>PCT necessario<\/strong><\/td>\n<td style=\"text-align: center;\"><strong>Tossicit\u00e0<\/strong><\/td>\n<\/tr>\n<tr>\n<td style=\"text-align: center;\"><a href=\"https:\/\/sarms-sport.com\/it\/andarino-zillt-medicine-andarine-s4\/\"><strong>Andarine (S-4)<\/strong><\/a><\/td>\n<td>SARM<\/td>\n<td>Perdita di grasso, muscoli pi\u00f9 duri, aumento della forza<\/td>\n<td>Alterazioni visive<\/td>\n<td>Media<\/td>\n<td>6\u20138 settimane<\/td>\n<td>Cutting, ricomposizione<\/td>\n<td>~4 ore<\/td>\n<td>7\u201310 giorni<\/td>\n<td>S\u00ec<\/td>\n<td>Bassa<\/td>\n<\/tr>\n<tr>\n<td style=\"text-align: center;\"><a href=\"https:\/\/sarms-sport.com\/it\/cardarino-zillt-medicine-cardarine-gw-501516\/\"><strong>Cardarine (GW-501516)<\/strong><\/a><\/td>\n<td>Agonista PPAR\u03b4<\/td>\n<td>Aumento della resistenza, ossidazione dei grassi, miglior metabolismo<\/td>\n<td>Rischi potenziali ad alte dosi<\/td>\n<td>Nessuna<\/td>\n<td>6\u201312 settimane<\/td>\n<td>Cutting, resistenza<\/td>\n<td>16\u201324 ore<\/td>\n<td>3\u20135 giorni<\/td>\n<td>No<\/td>\n<td>Molto bassa<\/td>\n<\/tr>\n<tr>\n<td style=\"text-align: center;\"><a href=\"https:\/\/sarms-sport.com\/it\/ibutamoreno-zillt-medicine-ibutamoren-mk-677\/\"><strong>Ibutamoren (MK-677)<\/strong><\/a><\/td>\n<td>Secretagogo GH<\/td>\n<td>Aumenta GH\/IGF-1, recupero, migliora il sonno<\/td>\n<td>Aumento dell&#8217;appetito, ritenzione idrica<\/td>\n<td>Nessuna<\/td>\n<td>8\u201316 settimane<\/td>\n<td>Bulking, recupero<\/td>\n<td>20\u201324 ore<\/td>\n<td>5\u20137 giorni<\/td>\n<td>No<\/td>\n<td>Bassa<\/td>\n<\/tr>\n<tr>\n<td style=\"text-align: center;\"><a href=\"https:\/\/sarms-sport.com\/it\/ligandrolo-zillt-medicine-ligandrol-lgd-4033\/\"><strong>Ligandrol (LGD-4033)<\/strong><\/a><\/td>\n<td>SARM<\/td>\n<td>Aumento di massa e forza, migliore recupero<\/td>\n<td>Forte soppressione<\/td>\n<td>Alta<\/td>\n<td>6\u20138 settimane<\/td>\n<td>Bulking<\/td>\n<td>24\u201336 ore<\/td>\n<td>7\u201310 giorni<\/td>\n<td>S\u00ec<\/td>\n<td>Bassa<\/td>\n<\/tr>\n<tr>\n<td style=\"text-align: center;\"><a href=\"https:\/\/sarms-sport.com\/it\/ostarino-zillt-medicine-ostarine-mk-2866\/\"><strong>Ostarine (MK-2866)<\/strong><\/a><\/td>\n<td>SARM<\/td>\n<td>Aumento massa magra, supporto articolare, leggera ricomposizione<\/td>\n<td>Lieve soppressione<\/td>\n<td>Bassa<\/td>\n<td>6\u20138 settimane<\/td>\n<td>Ricomposizione<\/td>\n<td>24 ore<\/td>\n<td>10\u201314 giorni<\/td>\n<td>No<\/td>\n<td>Molto bassa<\/td>\n<\/tr>\n<tr>\n<td style=\"text-align: center;\"><a href=\"https:\/\/sarms-sport.com\/it\/s23-zillt-medicine-mastorin-s23\/\"><strong>Mastorin (S-23)<\/strong><\/a><\/td>\n<td>SARM potente<\/td>\n<td>Forza, muscoli duri e densi, forte effetto indurente<\/td>\n<td>Soppressione molto intensa<\/td>\n<td>Molto alta<\/td>\n<td>4\u20136 settimane<\/td>\n<td>Cutting avanzato, forza<\/td>\n<td>~12 ore<\/td>\n<td>3\u20137 giorni<\/td>\n<td>S\u00ec<\/td>\n<td>Moderata<\/td>\n<\/tr>\n<tr>\n<td style=\"text-align: center;\"><a href=\"https:\/\/sarms-sport.com\/it\/stenabolo-zillt-medicine-stenabolic-sr-9009\/\"><strong>Stenabolic (SR-9009)<\/strong><\/a><\/td>\n<td>Agonista Rev-ERB<\/td>\n<td>Aumento del metabolismo, perdita di grasso, resistenza<\/td>\n<td>Richiede dosi frequenti<\/td>\n<td>Nessuna<\/td>\n<td>6\u201310 settimane<\/td>\n<td>Cutting<\/td>\n<td>1\u20132 ore<\/td>\n<td>2\u20134 giorni<\/td>\n<td>No<\/td>\n<td>Molto bassa<\/td>\n<\/tr>\n<tr>\n<td style=\"text-align: center;\"><a href=\"https:\/\/sarms-sport.com\/it\/testolono-zillt-medicine-testolone-rad-140\/\"><strong>Testolone (RAD-140)<\/strong><\/a><\/td>\n<td>SARM<\/td>\n<td>Aumento della forza, massa muscolare, effetto anticatabolico<\/td>\n<td>Soppressione, irritabilit\u00e0<\/td>\n<td>Alta<\/td>\n<td>6\u20138 settimane<\/td>\n<td>Bulking, forza<\/td>\n<td>~60 ore<\/td>\n<td>5\u20137 giorni<\/td>\n<td>S\u00ec<\/td>\n<td>Bassa\u2013media<\/td>\n<\/tr>\n<tr>\n<td style=\"text-align: center;\"><a href=\"https:\/\/sarms-sport.com\/it\/yk-11-zillt-medicine-myostan-yk11\/\"><strong>Myostan (YK-11)<\/strong><\/a><\/td>\n<td>Inibitore della miostatina<\/td>\n<td>Aumento rapido della forza, ipertrofia accelerata, massa densa<\/td>\n<td>Stress epatico, aggressivit\u00e0<\/td>\n<td>Alta<\/td>\n<td>4\u20138 settimane<\/td>\n<td>Bulking, forza<\/td>\n<td>6\u201310 ore<\/td>\n<td>5\u20137 giorni<\/td>\n<td>S\u00ec<\/td>\n<td>Media\u2013alta<\/td>\n<\/tr>\n<\/tbody>\n<\/table>\n<h2>Cos&#8217;\u00e8 YK11<\/h2>\n<p>Molti atleti e culturisti oggi si chiedono cosa sia YK11. Si tratta di un modulatore selettivo dei recettori androgeni (SARM) sintetico, che agisce in modo leggermente diverso. YK11 SARM favorisce la crescita muscolare attraverso un meccanismo diverso, che comporta la diminuzione dei livelli di miostatina. \u00c8 un elemento chiave nella regolazione della crescita muscolare. Poich\u00e9 YK11 agisce su un meccanismo a doppia azione, \u00e8 ampiamente considerato l&#8217;integratore pi\u00f9 potente per la crescita della massa muscolare magra.<\/p>\n<p>\u00c8 possibile ottenere risultati simili quando si superano i plateau nel proprio progresso fisico. YK11 SARM fornisce un modo potente ma controllato per costruire muscoli pi\u00f9 forti senza gonfiore e cambiamenti ormonali eccessivamente pesanti. Questo \u00e8 anche uno dei motivi per cui le persone acquistano YK11 in vendita e di solito vogliono ottenere qualcosa che li aiuti davvero in modo visibile, pur mantenendo tutto il pi\u00f9 naturale possibile.<\/p>\n<h2>Come funziona YK11 (Myostan)<\/h2>\n<p>Ci\u00f2 che distingue YK11 \u00e8 il modo in cui si confronta con altri SARM YK11. Per la maggior parte, i SARM si legano semplicemente ai recettori degli androgeni, ma YK11 inibisce la produzione di miostatina, una proteina naturale che limita la crescita muscolare. Quando i livelli di miostatina sono ridotti, i muscoli possono crescere pi\u00f9 facilmente, risultando sporgenti e snelli invece che voluminosi.<\/p>\n<p>Ecco cosa succede all&#8217;interno del corpo quando YK11 inizia ad agire:<\/p>\n<ul>\n<li>Il farmaco inibisce l&#8217;attivit\u00e0 della miostatina, con conseguente aumento delle fibre muscolari e accelerazione della loro crescita.<\/li>\n<li>Myostan aumenta la follistatina, che favorisce lo sviluppo del tessuto magro.<\/li>\n<li>\u00c8 importante per la densit\u00e0 e la forza muscolare, quindi i risultati appaiono pi\u00f9 naturali e atletici.<\/li>\n<\/ul>\n<p>L&#8217;emivita di YK11 \u00e8 di circa 6-8 ore. Ci\u00f2 significa che il farmaco verr\u00e0 eliminato dal tuo corpo molto rapidamente. Inoltre, Myostan secerne follistatina nel tuo corpo, e questo \u00e8 ci\u00f2 che migliora ulteriormente il processo di crescita delle cellule muscolari. \u00c8 un effetto che permette agli utenti di ottenere rapidi guadagni anche con un&#8217;intensit\u00e0 di allenamento leggera. Quando acquisti YK11, tieni presente che non solo aumenta le dimensioni, ma anche la forma, e tonifica i muscoli in modo che appaiano pi\u00f9 proporzionati.<\/p>\n<h2>Vantaggi di Myostan<\/h2>\n<p>Sia i nuovi utenti che gli atleti esperti sono attratti dai benefici di YK11, poich\u00e9 questo composto offre risultati permanenti. Non solo aumenta le dimensioni, ma anche la massa muscolare e la forza in modo proporzionato ed estetico, il che si riflette in una crescita costante. Di seguito sono elencati i principali vantaggi di Myostan per gli atleti:<\/p>\n<ol>\n<li><strong>Sviluppo della massa muscolare magra<\/strong><br \/>\nYK11 stimola la crescita delle fibre muscolari magre. Invece di diventare troppo muscoloso, puoi aspettarti un fisico denso e muscoloso, eccellente per il taglio e la ricomposizione.<\/li>\n<li><strong>Aumento della forza<\/strong><br \/>\nNoterai un aumento della forza durante e dopo gli allenamenti e nei giorni di riposo. Gli utenti affermano di riuscire a sollevare pi\u00f9 peso e di ottenere maggiore esplosivit\u00e0 dai set di tapering.<\/li>\n<li><strong>Riduzione della crescita adiposa<\/strong><br \/>\nYK11 non \u00e8 un bruciagrassi, ma \u00e8 possibile ottenere una forma pi\u00f9 snella costruendo muscoli, che a loro volta aumentano il metabolismo. Con il tempo, \u00e8 pi\u00f9 facile rimanere in forma.<\/li>\n<li><strong>Riduzione dei tempi di recupero<\/strong><br \/>\nDa ricerche precedenti, i muscoli si riprendono pi\u00f9 velocemente dopo l&#8217;esercizio, quindi aumentano la frequenza di allenamento senza ferire il corpo. \u00c8 un farmaco piacevole e ad azione lenta che aiuta a mantenere una crescita costante.<\/li>\n<li><strong>Riduzione della morbidezza muscolare<\/strong><br \/>\nLa durezza e la forma muscolare che si ottengono con l&#8217;integratore YK11 nelle prime settimane sono uno dei motivi per cui Myostan \u00e8 uno dei prodotti preferiti dai concorrenti che si preparano per ottenere un fisico snello.<\/li>\n<li><strong>Nessun peso dell&#8217;acqua correlato agli estrogeni<\/strong><br \/>\nPoich\u00e9 YK11 non si converte in estrogeni, non dovrete affrontare il peso dell&#8217;acqua o il gonfiore che altri composti anabolici possono causare. Questo vi aiuta a mantenere un aspetto asciutto e tonico durante tutto il ciclo.<\/li>\n<li><strong>Maggiore motivazione e concentrazione<\/strong><br \/>\nGli utenti spesso riferiscono di sentirsi pi\u00f9 carichi quando si allenano. Questo non \u00e8 dovuto a nessun fattore stimolante, ma \u00e8 solo una conseguenza di un miglior recupero e di una migliore reazione muscolare, che ti mantiene sicuro e motivato.<\/li>\n<\/ol>\n<p>Gli effetti ben bilanciati di YK11 rendono questo farmaco una delle opzioni pi\u00f9 efficaci per gli atleti che desiderano risultati concreti con effetti collaterali minimi e risultati massimi.<\/p>\n<h2>Effetti collaterali di Myostan (YK11)<\/h2>\n<p>Myostan \u00e8 generalmente ben tollerato dalla maggior parte degli utenti, ma \u00e8 sempre una buona idea informarsi sulle potenziali reazioni prima di iniziare un ciclo. Gli effetti collaterali di YK11 sono principalmente ormonali e influenzano anche la durata del ciclo e il dosaggio come segue:<\/p>\n<ol>\n<li><strong>Lieve soppressione del testosterone<\/strong><br \/>\nUno degli effetti collaterali pu\u00f2 portare a una lieve soppressione della produzione naturale di testosterone, poich\u00e9 influisce sull&#8217;equilibrio ormonale. Questo \u00e8 normale e si ripristiner\u00e0 una volta sottoposti a un PCT appropriato.<\/li>\n<li><strong>Stress epatico<\/strong><br \/>\nEssendo un composto orale, YK11 viene metabolizzato dal fegato. Se assumi integratori di supporto come il cardo mariano o la N-acetilcisteina, puoi mantenere il fegato sano.<\/li>\n<li><strong>Fastidio alle articolazioni e ai muscoli<\/strong><br \/>\nAlcuni lamentano tensione articolare e muscolare se parliamo dei risultati prima e dopo l&#8217;uso di YK11. Questo di solito significa che \u00e8 necessario interrompere l&#8217;uso di YK11 o aumentare il tempo di recupero tra un allenamento e l&#8217;altro.<\/li>\n<li><strong>Affaticamento e sbalzi d&#8217;umore<\/strong><br \/>\nL&#8217;attivit\u00e0 ormonale di YK11 pu\u00f2 provocare brevi episodi di affaticamento e lievi sbalzi d&#8217;umore. Una volta completato il ciclo o durante la fase PCT, dovreste sentirvi stabilizzati.<\/li>\n<li><strong>Perdita di capelli nelle persone predisposte<\/strong><br \/>\nUna perdita di capelli eccessiva pu\u00f2 verificarsi in persone geneticamente predisposte. Si tratta di una condizione rara e nella maggior parte dei casi pu\u00f2 essere gestita riducendo la dose e interrompendo il trattamento.<\/li>\n<\/ol>\n<p>In generale, questi effetti collaterali possono essere controllati e sono temporanei. Ascolta il tuo corpo e, se senti che qualcosa non va, fai una breve pausa o riduci la dose. Inoltre, puoi rivolgerti a un professionista se le reazioni avverse continuano.<\/p>\n<h2>YK11 (Myostan) Dosaggio, durata del ciclo e uso sicuro<\/h2>\n<p>Iniziare un ciclo di steroidi YK11 significa che dovresti conoscere la dose giusta per il tuo livello di esperienza, nonch\u00e9 la durata ideale del ciclo dal punto di vista della sicurezza. Un dosaggio corretto ti garantir\u00e0 i risultati desiderati sui muscoli senza sottoporre il tuo corpo a uno sforzo eccessivo.<\/p>\n<h3>Dosaggio raccomandato di YK11<\/h3>\n<p>Un dosaggio giornaliero di 5-10 mg mostra i migliori risultati per una persona che inizia un ciclo. Questo \u00e8 un dosaggio di SARM YK11 a cui il tuo corpo pu\u00f2 adattarsi lentamente. Inoltre, produce lievi effetti collaterali alle articolazioni e ai capelli. Come ex utente di YK11, puoi aumentare il dosaggio a 15 mg al giorno. Si consiglia inoltre di monitorare la reazione del tuo corpo al Myostan durante le prime settimane di utilizzo.<\/p>\n<h3>Durata ideale del ciclo<\/h3>\n<p>La durata tipica di un ciclo di YK11 \u00e8 di 6-8 settimane. Un ciclo inferiore a 6 settimane \u00e8 sufficiente per ottenere guadagni evidenti nel tessuto muscolare magro con una soppressione ormonale minima. Se si intende assumere YK11 per un ciclo pi\u00f9 vicino alle 8 settimane, si otterranno maggiori progressi in termini di forza. Essendo nuovi a questo SAEM, si consiglia di assumerlo per 6 settimane per verificare la propria tolleranza personale. Un utente esperto pu\u00f2 scegliere di estendere la durata a 8 settimane. Inoltre, al termine del ciclo, \u00e8 essenziale assumere una quantit\u00e0 sufficiente di PCT.<\/p>\n<h3>Consigli per un uso e una somministrazione sicuri<\/h3>\n<p>Livelli ematici costanti si mantengono assumendo YK11 alla stessa ora ogni giorno. Detto questo, molti utenti ritengono che assumere la singola dose giornaliera in due dosi pi\u00f9 piccole comporti un assorbimento ancora pi\u00f9 efficiente. Questi sono i migliori consigli che puoi seguire per ottenere tutti i benefici del SARM YK11 in vendita:<\/p>\n<ul>\n<li>Per migliorare la tollerabilit\u00e0, assumere la dose con un pasto leggero o con un frullato proteico.<\/li>\n<li>\u00c8 necessario bere molta acqua durante il giorno e la notte per facilitare il metabolismo.<\/li>\n<li>Si consiglia di monitorare quotidianamente la reazione del proprio corpo, ad esempio la forza e la pienezza muscolare.<\/li>\n<li>Si sconsiglia di saltare le dosi, poich\u00e9 ci\u00f2 potrebbe compromettere la stabilit\u00e0 dei livelli ematici e i risultati benefici.<\/li>\n<li>Durante la prima settimana, dovresti passare gradualmente ad allenamenti pi\u00f9 intensi piuttosto che spingere troppo il tuo corpo fin dall&#8217;inizio.<\/li>\n<\/ul>\n<p>Per massimizzare l&#8217;aumento della massa muscolare magra, si raccomanda di attenersi al dosaggio consigliato di YK11 e alla durata del ciclo, insieme a tempi e dosaggi precisi. Con questi strumenti, potrai rendere il tuo ciclo da faticoso a molto sicuro.<\/p>\n<h2>YK11 in combinazione con altri composti<\/h2>\n<p>L&#8217;associazione di YK11 con composti selezionati in modo intelligente pu\u00f2 far aumentare vertiginosamente le tue prestazioni. Ostarine \u00e8 il composto pi\u00f9 comunemente associato a YK11 dai bodybuilder nei cicli di definizione per mantenere la massa muscolare e perdere grasso. Alcuni associano YK11 anche a Ligandrol o RAD-140 nelle fasi di ricomposizione per ottenere la massima densit\u00e0 e dimensione dei muscoli. Il motivo per cui queste combinazioni funzionano cos\u00ec bene \u00e8 che i SARM agiscono su diversi processi dell&#8217;organismo.<\/p>\n<p>Dal punto di vista delle prestazioni, alcuni dei sollevatori pi\u00f9 orientati alla forza cercano recensioni su YK11 SARM e assumono una piccola dose di testosterone enantato o testosterone propionato. Alcuni combinano anche YK11 con Cardarine o Stenabolic per aumentare i suoi effetti sulla resistenza e sul metabolismo dei grassi, mantenendo i guadagni ottenuti con YK11. Assicurati che queste miscele possano essere completate in modo sicuro con un dosaggio adeguato.<\/p>\n<p>La questione dell&#8217;accumulo \u00e8 rilevante, poich\u00e9 in genere non si sa come accumulare due SARM molto potenti, quindi \u00e8 bene evitare anche combinazioni di accumulo eccessivamente aggressive. Molti utenti di YK11 lo accumulano con integratori pi\u00f9 sicuri come la creatina e i BCAA. Inoltre, una dieta ricca di proteine pu\u00f2 aiutare il recupero e le prestazioni complessive.<\/p>\n<h2>Errori comuni dei principianti nell&#8217;uso di Myostan (YK11)<\/h2>\n<p>Essendo un utente alle prime armi con YK11, ci sono errori comuni che possono rallentare i tuoi progressi e aumentare le possibilit\u00e0 di farti male. Essere consapevole di queste insidie ti consentir\u00e0 di massimizzare il tuo ciclo e rimanere in salute:<\/p>\n<ol>\n<li><strong>Dosaggio errato<\/strong><br \/>\nMolte persone credono che pi\u00f9 YK11 assumono, pi\u00f9 velocemente otterranno risultati. Ma in realt\u00e0, una dose maggiore di YK11 aumenta il rischio di effetti collaterali. Se segui il regime di dosaggio corretto fin dall&#8217;inizio, il tuo ciclo sar\u00e0 sempre prevedibile.<\/li>\n<li><strong>Durata del ciclo sottovalutata<\/strong><br \/>\nUn ciclo breve, che non d\u00e0 al tuo corpo il tempo necessario per abituarsi al dosaggio, provoca uno squilibrio ormonale. Uno squilibrio ormonale prolungato, causato da un ciclo lungo, pu\u00f2 avere conseguenze negative. Segui un ciclo della durata giusta per permettere al tuo corpo di abituarsi al dosaggio.<\/li>\n<li><strong>Considera calorie e sostanze nutritive<\/strong><br \/>\nAnche con Myostan, il tessuto muscolare ha comunque bisogno di proteine, calorie e il giusto tipo di recupero post-allenamento per svilupparsi. In ogni caso, se non riesci a seguire una dieta corretta, compromettere i risultati che potresti ottenere, anche con Myostan.<\/li>\n<li><strong>Acquistare farmaci contraffatti<\/strong><br \/>\nMolti principianti non sanno dove acquistare YK11. Pertanto, cercano l&#8217;opzione pi\u00f9 economica in negozi dubbi. Si consiglia di valutare attentamente l&#8217;acquisto di farmaci e di rivolgersi solo a venditori affidabili, come il nostro negozio online.<\/li>\n<li><strong>Ignorare la PCT<\/strong><br \/>\nSe non aiuti il tuo corpo a recuperare dopo un ciclo, potresti perdere massa muscolare e aumentare gli effetti collaterali. Il recupero favorisce la normalizzazione degli ormoni e il benessere, aiutando i muscoli a rimanere tonici anche dopo aver terminato il ciclo.<\/li>\n<\/ol>\n<p>\u00c8 possibile sfruttare appieno gli effetti acquistando YK11 online ed evitando questi potenziali errori, che possono essere dannosi in termini di efficacia e salute. Quindi tenete presente che adottare un approccio saggio oggi \u00e8 ci\u00f2 che pi\u00f9 probabilmente vi porter\u00e0 a ottenere ottimi risultati domani.<\/p>\n","protected":false},"excerpt":{"rendered":"<p>Nome Tipo Effetti principali Effetti collaterali Soppressione del testosterone Ciclo tipico Ideale per Emivita Onset (inizio effetti) PCT necessario Tossicit\u00e0 Andarine (S-4) SARM Perdita di grasso, muscoli pi\u00f9 duri, aumento della forza Alterazioni visive Media 6\u20138 settimane Cutting, ricomposizione ~4 ore 7\u201310 giorni S\u00ec Bassa Cardarine (GW-501516) Agonista PPAR\u03b4 Aumento della resistenza, ossidazione dei grassi, [&hellip;]<\/p>\n","protected":false},"featured_media":741,"comment_status":"open","ping_status":"closed","template":"","meta":{"_acf_changed":false},"product_brand":[],"product_cat":[48],"product_tag":[],"class_list":{"0":"post-1221","1":"product","2":"type-product","3":"status-publish","4":"has-post-thumbnail","6":"product_cat-sarms","8":"first","9":"instock","10":"shipping-taxable","11":"purchasable","12":"product-type-variable"},"acf":[],"_links":{"self":[{"href":"https:\/\/sarms-sport.com\/it\/wp-json\/wp\/v2\/product\/1221","targetHints":{"allow":["GET"]}}],"collection":[{"href":"https:\/\/sarms-sport.com\/it\/wp-json\/wp\/v2\/product"}],"about":[{"href":"https:\/\/sarms-sport.com\/it\/wp-json\/wp\/v2\/types\/product"}],"replies":[{"embeddable":true,"href":"https:\/\/sarms-sport.com\/it\/wp-json\/wp\/v2\/comments?post=1221"}],"wp:featuredmedia":[{"embeddable":true,"href":"https:\/\/sarms-sport.com\/it\/wp-json\/wp\/v2\/media\/741"}],"wp:attachment":[{"href":"https:\/\/sarms-sport.com\/it\/wp-json\/wp\/v2\/media?parent=1221"}],"wp:term":[{"taxonomy":"product_brand","embeddable":true,"href":"https:\/\/sarms-sport.com\/it\/wp-json\/wp\/v2\/product_brand?post=1221"},{"taxonomy":"product_cat","embeddable":true,"href":"https:\/\/sarms-sport.com\/it\/wp-json\/wp\/v2\/product_cat?post=1221"},{"taxonomy":"product_tag","embeddable":true,"href":"https:\/\/sarms-sport.com\/it\/wp-json\/wp\/v2\/product_tag?post=1221"}],"curies":[{"name":"wp","href":"https:\/\/api.w.org\/{rel}","templated":true}]}}